{"id":2585,"date":"2026-02-10T17:20:53","date_gmt":"2026-02-10T16:20:53","guid":{"rendered":"https:\/\/www.schoenehaut.de\/?page_id=2585"},"modified":"2026-03-24T15:29:08","modified_gmt":"2026-03-24T14:29:08","slug":"laser-lidstraffung-ohne-op","status":"publish","type":"page","link":"https:\/\/www.schoenehaut.de\/en\/aesthetik\/laser-lidstraffung-ohne-op\/","title":{"rendered":"Laser-Lidstraffung ohne OP"},"content":{"rendered":"\n<div style=\"height:213px\" aria-hidden=\"true\" class=\"hide-on-mobile wp-block-spacer\"><\/div>\n\n\n\n<div style=\"height:100px\" aria-hidden=\"true\" class=\"hide-on-desktop wp-block-spacer\"><\/div>\n\n\n\n<div class=\"wp-block-columns is-style-big-gap is-layout-flex wp-container-core-columns-is-layout-28f84493 wp-block-columns-is-layout-flex\">\n<div class=\"wp-block-column is-vertically-aligned-top is-layout-flow wp-block-column-is-layout-flow\"><div class=\"splide has-pagination-center is-style-portrait-contained wp-block-huishu-block-hu-splide-slider\" aria-labelledby=\"\" data-splide=\"{&quot;type&quot;:&quot;fade&quot;,&quot;perPage&quot;:1,&quot;arrows&quot;:true,&quot;autoplay&quot;:true,&quot;speed&quot;:1500,&quot;interval&quot;:4000,&quot;pagination&quot;:true,&quot;rewind&quot;:&quot;true&quot;}\">\n    <div class=\"splide__track\">\n        <ul class=\"splide__list\">\n\n<li class=\"wp-block-huishu-block-splide-slide splide__slide\">\n<figure class=\"wp-block-image size-full is-resized is-style-rounded\"><img loading=\"lazy\" decoding=\"async\" width=\"2000\" height=\"1333\" src=\"https:\/\/www.schoenehaut.de\/wp-content\/uploads\/2026\/02\/AdobeStock_1448106743_Preview.jpeg\" alt=\"\" class=\"wp-image-2451\" style=\"aspect-ratio:2\/1;object-fit:cover;width:auto;height:896px\"\/><\/figure>\n<\/li>\n\n\n\n<li class=\"wp-block-huishu-block-splide-slide splide__slide\">\n<figure class=\"wp-block-image size-full is-resized is-style-rounded\"><img loading=\"lazy\" decoding=\"async\" width=\"2000\" height=\"1121\" src=\"https:\/\/www.schoenehaut.de\/wp-content\/uploads\/2026\/02\/AdobeStock_1880192489_Preview.jpeg\" alt=\"\" class=\"wp-image-2478\" style=\"aspect-ratio:2\/1;object-fit:cover;width:auto;height:896px\"\/><\/figure>\n<\/li>\n\n<\/ul>    <\/div>\n            <div class=\"splide__arrows \"><button class=\"splide__arrow splide__arrow--prev\">\n\t\t\t<i class=\"icon-chevron-left-slider\" aria-label=\"Zum vorherigen Slide\"><\/i>\n\t\t<\/button>\n\t\t<button class=\"splide__arrow splide__arrow--next\">\n\t\t\t<i class=\"icon-chevron-right-slider\" aria-label=\"Zum n\u00e4chsten Slide\"><\/i>\n\t\t<\/button><\/div>\n        <\/div><\/div>\n\n\n\n<div class=\"wp-block-column is-layout-flow wp-block-column-is-layout-flow\">\n<h2 class=\"wp-block-heading is-style-default\">Lid&shy;straffung ohne OP mittels Ultra Puls CO2-Laser in Berlin<\/h2>\n\n\n\n<h2 class=\"wp-block-heading is-style-h4 has-large-font-size\" style=\"margin-top:var(--wp--preset--spacing--subtitle)\">Ambulant, schonend, sicher<\/h2>\n\n\n\n<p>Die altersbedingte Erschlaffung der Augenlider kann uns ersch\u00f6pft und traurig aussehen lassen. Wir bieten die M\u00f6glichkeit Schlupflider ohne OP mittels CO2-Laser zu behandeln.<\/p>\n\n\n\n<div class=\"wp-block-buttons is-layout-flex wp-block-buttons-is-layout-flex\">\n<div class=\"wp-block-button is-style-fill\"><a class=\"wp-block-button__link wp-element-button\" href=\"https:\/\/www.schoenehaut.de\/kontakt#kontakt\">Jetzt Termin buchen<\/a><\/div>\n<\/div>\n\n\n\n<div style=\"height:20px\" aria-hidden=\"true\" class=\"wp-block-spacer\"><\/div>\n\n\n\n<h2 class=\"wp-block-heading is-style-h3\">Alles auf einen Blick<\/h2>\n\n\n\n<figure class=\"wp-block-flexible-table-block-table is-style-align-middle\"><table class=\"has-fixed-layout is-stacked-on-mobile\"><tbody><tr><th scope=\"row\"><img loading=\"lazy\" decoding=\"async\" width=\"35\" height=\"35\" class=\"wp-image-4407\" style=\"width: 35px;\" src=\"https:\/\/www.schoenehaut.de\/wp-content\/uploads\/2026\/03\/Behandlungsdauer-Sanduhr.svg\" alt=\"\"> Behandlungsdauer:<\/th><td>ca. 30 min<\/td><\/tr><tr><th scope=\"row\"><img loading=\"lazy\" decoding=\"async\" width=\"35\" height=\"35\" class=\"wp-image-2745\" style=\"width: 35px;\" src=\"https:\/\/www.schoenehaut.de\/wp-content\/uploads\/2026\/02\/Schmerzen.svg\" alt=\"\"> Schmerzen:<\/th><td>leicht-m\u00e4\u00dfig<\/td><\/tr><tr><th scope=\"row\"><img loading=\"lazy\" decoding=\"async\" width=\"35\" height=\"35\" class=\"wp-image-2743\" style=\"width: 35px;\" src=\"https:\/\/www.schoenehaut.de\/wp-content\/uploads\/2026\/02\/Gesellschaftsfaehigkeit.svg\" alt=\"\"> Gesellschaftsf\u00e4higkeit:<\/th><td>Ausfallzeit etwa 1 Woche<\/td><\/tr><tr><th scope=\"row\"><img loading=\"lazy\" decoding=\"async\" width=\"35\" height=\"35\" class=\"wp-image-2742\" style=\"width: 35px;\" src=\"https:\/\/www.schoenehaut.de\/wp-content\/uploads\/2026\/02\/Einschraenkungen.svg\" alt=\"\"> Einschr\u00e4nkungen:<\/th><td>keine Sauna und kein Sport f\u00fcr ca. 1 Woche nach der Behandlung<\/td><\/tr><tr><th scope=\"row\"><img loading=\"lazy\" decoding=\"async\" width=\"35\" height=\"35\" class=\"wp-image-2747\" style=\"width: 35px;\" src=\"https:\/\/www.schoenehaut.de\/wp-content\/uploads\/2026\/02\/Wirkungseintritt.svg\" alt=\"\"> Wirkungseintritt:<\/th><td>1 &#8211; 2 Monate nach Behandlung<\/td><\/tr><tr><th scope=\"row\"><img loading=\"lazy\" decoding=\"async\" width=\"35\" height=\"35\" class=\"wp-image-2744\" style=\"width: 35px;\" src=\"https:\/\/www.schoenehaut.de\/wp-content\/uploads\/2026\/02\/Kosten.svg\" alt=\"\"> Kosten:<\/th><td>ca. 600 \u20ac je Behandlung<\/td><\/tr><tr><th scope=\"row\"><img loading=\"lazy\" decoding=\"async\" width=\"35\" height=\"35\" class=\"wp-image-2859\" style=\"width: 35px;\" src=\"https:\/\/www.schoenehaut.de\/wp-content\/uploads\/2026\/02\/Empfehlung.svg\" alt=\"\"> Empfehlung:<\/th><td>sollte 3x wiederholt werden<\/td><\/tr><\/tbody><\/table><\/figure>\n<\/div>\n<\/div>\n\n\n\n<div class=\"wp-block-group alignfull has-white-background-color has-background has-global-padding is-layout-constrained wp-block-group-is-layout-constrained\">\n<div class=\"wp-block-columns is-layout-flex wp-container-core-columns-is-layout-f0342b05 wp-block-columns-is-layout-flex\" style=\"margin-top:0;margin-bottom:0\">\n<div class=\"wp-block-column is-layout-flow wp-block-column-is-layout-flow\" style=\"flex-basis:60%\">\n<div style=\"height:61px\" aria-hidden=\"true\" class=\"wp-block-spacer\"><\/div>\n\n\n\n<h2 class=\"wp-block-heading is-style-h2\">Wie funktioniert die Lid&shy;straffung ohne OP mittels Laser ?<\/h2>\n\n\n\n<p>Die fraktionierte CO2-Lasertherapie ist eine Weiterentwicklung bei der Behandlung der Haut mit Kohlendioxidlasern (CO2-Laser).<\/p>\n\n\n\n<p>Fr\u00fcher wurde ein sogenanntes skin resurfacing durchgef\u00fchrt, ein recht invasives Verfahren, bei dem die gesamte oberste Hautschicht abgetragen wurde, um die Haut zur Neubildung anzuregen. Dieses wurde ersetzt durch die fraktionierte Lasertherapie, die nur einzelne mikrofeine Punkte in die Haut appliziert und somit in den tieferen Hautschichten die Kollagenneubildung und Restrukturierung der Haut bewirkt.<\/p>\n\n\n\n<div style=\"height:61px\" aria-hidden=\"true\" class=\"wp-block-spacer\"><\/div>\n<\/div>\n\n\n\n<div class=\"hide-on-mobile wp-block-column is-layout-flow wp-block-column-is-layout-flow\" style=\"flex-basis:5%\"><\/div>\n\n\n\n<div class=\"hide-on-mobile wp-block-column is-layout-flow wp-block-column-is-layout-flow\" style=\"flex-basis:35.9%\">\n<figure class=\"wp-block-image size-full is-resized is-style-right-edge\"><img loading=\"lazy\" decoding=\"async\" width=\"2000\" height=\"1333\" src=\"https:\/\/www.schoenehaut.de\/wp-content\/uploads\/2026\/01\/istockphoto-2219476658-1024x1024-1.png\" alt=\"\" class=\"wp-image-192\" style=\"width:auto;height:650px\"\/><\/figure>\n<\/div>\n<\/div>\n<\/div>\n\n\n\n<div class=\"wp-block-columns is-style-medium-gap is-layout-flex wp-container-core-columns-is-layout-28f84493 wp-block-columns-is-layout-flex\">\n<div class=\"wp-block-column is-layout-flow wp-block-column-is-layout-flow\">\n<figure class=\"wp-block-image size-full is-style-rounded\"><img loading=\"lazy\" decoding=\"async\" width=\"2000\" height=\"1121\" src=\"https:\/\/www.schoenehaut.de\/wp-content\/uploads\/2026\/02\/AdobeStock_1860803829_Preview.jpeg\" alt=\"\" class=\"wp-image-2472\"\/><\/figure>\n<\/div>\n\n\n\n<div class=\"wp-block-column is-layout-flow wp-block-column-is-layout-flow\">\n<h2 class=\"wp-block-heading\">Wann wird das Laser&shy;lifting bei der Augenlid&shy;straffung eingesetzt?<\/h2>\n\n\n\n<p>Das Verfahren eignet sich besonders gut f\u00fcr die skalpellfreie Behandlung leichter Schlupflider und Augenknitterf\u00e4ltchen.<\/p>\n<\/div>\n<\/div>\n\n\n\n<div class=\"wp-block-columns is-style-medium-gap is-layout-flex wp-container-core-columns-is-layout-28f84493 wp-block-columns-is-layout-flex\">\n<div class=\"wp-block-column is-layout-flow wp-block-column-is-layout-flow\">\n<h2 class=\"wp-block-heading\">Wie funktioniert der Laser bei der Augen&shy;lid&shy;straffung?<\/h2>\n\n\n\n<p>Der Laserstrahl ist ein energiereiches, geb\u00fcndeltes Licht, welches direkt auf die Haut gerichtet wird.<\/p>\n\n\n\n<p>Dank der patentierten Technologie des eCO2-Systems k\u00f6nnen gleichm\u00e4\u00dfig verteilte Mikro-Laserstrahlen mit einem Durchmesser von 0,12 mm bis 1 mm produziert werden. Hierbei wird die Haut, dort wo das Laserlicht auftrifft, punktuell vaporisiert\/verdampft, bis in eine Tiefe von \u00fcber 1 mm. Ziel ist es, in jeder Sitzung nur 10 % bis maximal 20 % der Hautfl\u00e4che zu behandeln (= Fraktionale Technologie). Das umliegende gesunde Gewebe f\u00f6rdert die schnelle Regeneration der Haut.<\/p>\n\n\n\n<p>Nach einigen Tagen zeigen die gelaserten Hautpunkte eine entsprechende feine Krustenbildung, die meist innerhalb einer Woche nach und nach abgesto\u00dfen wird. Der Erneuerungsprozess der Haut beginnt. In dieser Zeit kann die Haut etwas dunkler erscheinen.<\/p>\n<\/div>\n\n\n\n<div class=\"wp-block-column is-layout-flow wp-block-column-is-layout-flow\">\n<figure class=\"wp-block-image size-full is-style-rounded\"><img loading=\"lazy\" decoding=\"async\" width=\"2000\" height=\"1334\" src=\"https:\/\/www.schoenehaut.de\/wp-content\/uploads\/2026\/02\/istockphoto-2180761292-1024x1024-1.jpg\" alt=\"\" class=\"wp-image-2548\"\/><\/figure>\n<\/div>\n<\/div>\n\n\n\n<div class=\"wp-block-group alignfull has-white-background-color has-background has-global-padding is-layout-constrained wp-block-group-is-layout-constrained\">\n<div class=\"wp-block-columns is-layout-flex wp-container-core-columns-is-layout-f0342b05 wp-block-columns-is-layout-flex\" style=\"margin-top:0;margin-bottom:0\">\n<div class=\"hide-on-mobile wp-block-column is-layout-flow wp-block-column-is-layout-flow\" style=\"flex-basis:35.9%\">\n<figure class=\"wp-block-image size-full is-resized is-style-left-edge\"><img loading=\"lazy\" decoding=\"async\" width=\"1708\" height=\"2560\" src=\"https:\/\/www.schoenehaut.de\/wp-content\/uploads\/2026\/03\/RL01202_7305-scaled.jpg\" alt=\"\" class=\"wp-image-4998\" style=\"width:auto;height:1000px\"\/><\/figure>\n<\/div>\n\n\n\n<div class=\"hide-on-mobile wp-block-column is-layout-flow wp-block-column-is-layout-flow\" style=\"flex-basis:5%\"><\/div>\n\n\n\n<div class=\"wp-block-column is-vertically-aligned-center is-layout-flow wp-block-column-is-layout-flow\" style=\"flex-basis:60%\">\n<div style=\"height:61px\" aria-hidden=\"true\" class=\"wp-block-spacer\"><\/div>\n\n\n\n<h2 class=\"wp-block-heading is-style-h2\">Was ist noch zu beachten bei der Augen&shy;lid&shy;straffung in der Praxis SCH\u00d6NE HAUT in Berlin?<\/h2>\n\n\n\n<details class=\"wp-block-huishu-agentur-huishu-faq-block\"><summary><span>Schmerzt die Laser-Behandlung bei der Augenlidstraffung?<\/span><\/summary><div class=\"faq-details is-layout-flow\">\n<p>Das Laserlicht macht einen warmen, prickelnden, an manchen Stellen stechenden Effekt auf der Haut. Die auftretenden Schmerzen werden in der Regel gut toleriert, da vor der Behandlung z. B. eine an\u00e4sthesierende (lokal bet\u00e4ubende) Salbe aufgetragen wird, welche die Schmerzempfindung reduziert.<\/p>\n<\/div><\/details>\n\n\n\n<details class=\"wp-block-huishu-agentur-huishu-faq-block\"><summary><span>Gibt es Nebenwirkungen bei der Augenlidstraffung?<\/span><\/summary><div class=\"faq-details is-layout-flow\">\n<p>Bei korrekter Anwendung des Lasers werden in der Regel f\u00fcr ca. 3 bis 7 Tage Krusten bzw. R\u00f6tungen und m\u00e4\u00dfige bis starke Schwellungen zu beobachten sein, anfangs auch W\u00e4rme- und Spannungsgef\u00fchl, \u00e4hnlich einem Sonnenbrand und eventuell Mikro-Blutungen.<\/p>\n\n\n\n<p>In seltenen Ausnahmef\u00e4llen werden au\u00dfer der Krustenbildung eine leichte Blasenbildung und \u00dcber- oder Unterpigmentierungen beschrieben.<\/p>\n<\/div><\/details>\n\n\n\n<details class=\"wp-block-huishu-agentur-huishu-faq-block\"><summary><span>Was muss ich f\u00fcr die Nachbehandlung der Augenlidstraffung ber\u00fccksichtigen?<\/span><\/summary><div class=\"faq-details is-layout-flow\">\n<p>Die wichtigsten Verhaltensma\u00dfnahmen sind konsequenter Sonnenschutz und die Pflege der behandelten Haut mit unserer post procedure Creme. Umschl\u00e4ge mit kaltem gr\u00fcnem Tee wirken ebenso schmerzlindernd und abschwellend.<\/p>\n<\/div><\/details>\n\n\n\n<details class=\"wp-block-huishu-agentur-huishu-faq-block\"><summary><span>Bin ich nach der Augenlidstraffung-Behandlung gesellschaftsf\u00e4hig?<\/span><\/summary><div class=\"faq-details is-layout-flow\">\n<p>Nach der Behandlung sollte eine Downtime von etwa 1 Woche einkalkuliert werden.<\/p>\n<\/div><\/details>\n\n\n\n<details class=\"wp-block-huishu-agentur-huishu-faq-block\"><summary><span>Wie viele Augenlidstraffung-Behandlungen in eurer Praxis in Berlin sind notwendig?<\/span><\/summary><div class=\"faq-details is-layout-flow\">\n<p>Um ein optimales Ergebnis durch ein Laserlifting der Augenlider zu erzielen, empfehlen wir 3 Behandlungen im Abstand von 4 Wochen. Aber durch jede Behandlung wird die Haut sichtbar straffer.<\/p>\n<\/div><\/details>\n\n\n\n<details class=\"wp-block-huishu-agentur-huishu-faq-block\"><summary><span>Was ist noch zu beachten bei der Augenlidstraffung in der Praxis SCH\u00d6NE HAUT in Berlin?<\/span><\/summary><div class=\"faq-details is-layout-flow\">\n<p>Bitte teilen Sie uns mit, ob Vorerkrankungen wie eine Immunsuppression bekannt sind, oder blutverd\u00fcnnende Medikamente eingenommen werden. Eine Woche nach der Behandlung sollten Sauna und Sport vermieden werden, um Schwellungen oder Infektionen zu vermeiden.<\/p>\n<\/div><\/details>\n\n\n\n<div style=\"height:61px\" aria-hidden=\"true\" class=\"wp-block-spacer\"><\/div>\n<\/div>\n<\/div>\n<\/div>\n\n\n\n<div class=\"wp-block-columns is-style-medium-gap is-layout-flex wp-container-core-columns-is-layout-28f84493 wp-block-columns-is-layout-flex\">\n<div class=\"wp-block-column is-layout-flow wp-block-column-is-layout-flow\">\n<h2 class=\"wp-block-heading\">Welche Methode der Lid&shy;straffung ist die richtige f\u00fcr mich?<\/h2>\n\n\n\n<p>Leichte Hauterschlaffung:<br><a href=\"https:\/\/www.schoenehaut.de\/institut\/potenza-radiofrequenz-needling\/\" data-type=\"page\" data-id=\"1018\">Potenza\u2122<\/a>, Radiofrequenz-Needling Potenza\u2122 RF-Microneedling, <a href=\"https:\/\/www.schoenehaut.de\/laser\/laserlifting-augenlidstraffung\/\" data-type=\"page\" data-id=\"771\">eCO2-Laser <\/a>(Laserlifting)<\/p>\n\n\n\n<p>M\u00e4\u00dfige Erschlaffung:<br>Potenza\u2122 RF-Microneedling, eCO2-Laser (Laserlifting)<\/p>\n\n\n\n<p>Feine Knitterf\u00e4ltchen &amp; m\u00fcde Haut:<br>PhilArt Eye\/regenerative Verfahren, F\u00e4den, Botox, Biostimulatoren, Hydrafacial\u00ae Perk\u2122 Eye<\/p>\n\n\n\n<p>Ausgepr\u00e4gte Schlupflider:<br><a href=\"https:\/\/www.schoenehaut.de\/aesthetik\/operative-oberlidstraffung\/\" data-type=\"page\" data-id=\"2611\">Laserassistierte operative Lidstraffung<\/a><\/p>\n<\/div>\n\n\n\n<div class=\"wp-block-column is-layout-flow wp-block-column-is-layout-flow\">\n<figure class=\"wp-block-image size-full is-style-rounded\"><img loading=\"lazy\" decoding=\"async\" width=\"2000\" height=\"1334\" src=\"https:\/\/www.schoenehaut.de\/wp-content\/uploads\/2026\/01\/RL01202_6345.jpg\" alt=\"\" class=\"wp-image-1212\"\/><\/figure>\n<\/div>\n<\/div>\n\n\n\n<div class=\"wp-block-columns is-layout-flex wp-container-core-columns-is-layout-28f84493 wp-block-columns-is-layout-flex\">\n<div class=\"wp-block-column is-layout-flow wp-block-column-is-layout-flow\">\n<h2 class=\"wp-block-heading\">Weitere Behandlungen<\/h2>\n\n\n\n<div class=\"wp-block-group has-global-padding is-layout-constrained wp-block-group-is-layout-constrained\"><div class=\"schoenehaut-behandlungs-grid wp-block-schoenehaut-behandlungs-kacheln\"><a href=\"https:\/\/www.schoenehaut.de\/en\/aesthetik\/hyaluron\/augenringe\/\" class=\"behandlungs-tile\" aria-label=\"Tr\u00e4nenrinne\">\n                <img decoding=\"async\" src=\"https:\/\/www.schoenehaut.de\/wp-content\/uploads\/2026\/02\/AdobeStock_689653677_Preview.jpeg\" alt=\"\" class=\"tile-image\" aria-hidden=\"true\">\n                <span class=\"tile-title\">Tr\u00e4nenrinne<\/span>\n            <\/a><a href=\"https:\/\/www.schoenehaut.de\/en\/institut\/potenza-radiofrequenz-needling\/\" class=\"behandlungs-tile\" aria-label=\"Potenza\u2122\">\n                <img decoding=\"async\" src=\"https:\/\/www.schoenehaut.de\/wp-content\/uploads\/2026\/03\/istockphoto-1488371906-1024x1024-1.jpg\" alt=\"\" class=\"tile-image\" aria-hidden=\"true\">\n                <span class=\"tile-title\">Potenza\u2122<\/span>\n            <\/a><a href=\"https:\/\/www.schoenehaut.de\/en\/aesthetik\/biostimulation-mesotherapie\/\" class=\"behandlungs-tile\" aria-label=\"Biostimulatoren\">\n                <img decoding=\"async\" src=\"https:\/\/www.schoenehaut.de\/wp-content\/uploads\/2026\/02\/AdobeStock_1628764124_Preview.jpeg\" alt=\"\" class=\"tile-image\" aria-hidden=\"true\">\n                <span class=\"tile-title\">Biostimulatoren<\/span>\n            <\/a><\/div><\/div>\n<\/div>\n<\/div>\n","protected":false},"excerpt":{"rendered":"<p>Lidstraffung ohne OP mittels Ultra Puls CO2-Laser in Berlin Ambulant, schonend, sicher Die altersbedingte Erschlaffung der Augenlider kann uns ersch\u00f6pft und traurig aussehen lassen. Wir bieten die M\u00f6glichkeit Schlupflider ohne OP mittels CO2-Laser zu behandeln. Alles auf einen Blick Wie funktioniert die Lidstraffung ohne OP mittels Laser ? Die fraktionierte CO2-Lasertherapie ist eine Weiterentwicklung bei [&hellip;]<\/p>\n","protected":false},"author":1,"featured_media":0,"parent":715,"menu_order":0,"comment_status":"closed","ping_status":"closed","template":"","meta":{"footnotes":""},"class_list":["post-2585","page","type-page","status-publish","hentry"],"_links":{"self":[{"href":"https:\/\/www.schoenehaut.de\/en\/wp-json\/wp\/v2\/pages\/2585","targetHints":{"allow":["GET"]}}],"collection":[{"href":"https:\/\/www.schoenehaut.de\/en\/wp-json\/wp\/v2\/pages"}],"about":[{"href":"https:\/\/www.schoenehaut.de\/en\/wp-json\/wp\/v2\/types\/page"}],"author":[{"embeddable":true,"href":"https:\/\/www.schoenehaut.de\/en\/wp-json\/wp\/v2\/users\/1"}],"replies":[{"embeddable":true,"href":"https:\/\/www.schoenehaut.de\/en\/wp-json\/wp\/v2\/comments?post=2585"}],"version-history":[{"count":72,"href":"https:\/\/www.schoenehaut.de\/en\/wp-json\/wp\/v2\/pages\/2585\/revisions"}],"predecessor-version":[{"id":5281,"href":"https:\/\/www.schoenehaut.de\/en\/wp-json\/wp\/v2\/pages\/2585\/revisions\/5281"}],"up":[{"embeddable":true,"href":"https:\/\/www.schoenehaut.de\/en\/wp-json\/wp\/v2\/pages\/715"}],"wp:attachment":[{"href":"https:\/\/www.schoenehaut.de\/en\/wp-json\/wp\/v2\/media?parent=2585"}],"curies":[{"name":"wp","href":"https:\/\/api.w.org\/{rel}","templated":true}]}}