{"id":2685,"date":"2026-02-11T09:22:36","date_gmt":"2026-02-11T08:22:36","guid":{"rendered":"https:\/\/www.schoenehaut.de\/?page_id=2685"},"modified":"2026-03-25T09:31:01","modified_gmt":"2026-03-25T08:31:01","slug":"led-intense-mit-celluma","status":"publish","type":"page","link":"https:\/\/www.schoenehaut.de\/en\/institut\/led-intense-mit-celluma\/","title":{"rendered":"LED Intense mit Celluma"},"content":{"rendered":"\n<div style=\"height:100px\" aria-hidden=\"true\" class=\"hide-on-mobile wp-block-spacer\"><\/div>\n\n\n\n<div style=\"height:110px\" aria-hidden=\"true\" class=\"hide-on-desktop wp-block-spacer\"><\/div>\n\n\n\n<div class=\"wp-block-cover alignfull is-light\" style=\"min-height:150px;aspect-ratio:unset;\"><img loading=\"lazy\" decoding=\"async\" width=\"2000\" height=\"927\" class=\"wp-block-cover__image-background wp-image-5679 size-full\" alt=\"\" src=\"https:\/\/www.schoenehaut.de\/wp-content\/uploads\/2026\/03\/Header_AdobeStock_255775158-1.jpg\" data-object-fit=\"cover\"\/><span aria-hidden=\"true\" class=\"wp-block-cover__background has-background-dim-0 has-background-dim\" style=\"background-color:#959286\"><\/span><div class=\"wp-block-cover__inner-container has-global-padding is-layout-constrained wp-block-cover-is-layout-constrained\">\n<h1 class=\"wp-block-heading is-style-h2 has-white-color has-text-color has-link-color wp-elements-e52e6481bbd65fadc726e6ece8395bc3\">Institut <br>Sch\u00f6ne haut<\/h1>\n<\/div><\/div>\n\n\n\n<div style=\"height:100px\" aria-hidden=\"true\" class=\"hide-on-mobile wp-block-spacer\"><\/div>\n\n\n\n<div style=\"height:50px\" aria-hidden=\"true\" class=\"hide-on-desktop wp-block-spacer\"><\/div>\n\n\n\n<div class=\"wp-block-columns is-style-big-gap is-layout-flex wp-container-core-columns-is-layout-28f84493 wp-block-columns-is-layout-flex\">\n<div class=\"wp-block-column is-layout-flow wp-block-column-is-layout-flow\"><div class=\"splide is-style-portrait-contained wp-block-huishu-block-hu-splide-slider\" aria-labelledby=\"\" data-splide=\"{&quot;type&quot;:&quot;fade&quot;,&quot;perPage&quot;:1,&quot;arrows&quot;:false,&quot;autoplay&quot;:false,&quot;speed&quot;:1500,&quot;interval&quot;:4000,&quot;pagination&quot;:false,&quot;rewind&quot;:&quot;true&quot;}\">\n    <div class=\"splide__track\">\n        <ul class=\"splide__list\">\n\n<li class=\"wp-block-huishu-block-splide-slide splide__slide\">\n<figure class=\"wp-block-image size-full is-resized is-style-rounded\"><img loading=\"lazy\" decoding=\"async\" width=\"2000\" height=\"1333\" src=\"https:\/\/www.schoenehaut.de\/wp-content\/uploads\/2026\/02\/istockphoto-1050196682-2048x2048-1.jpg\" alt=\"\" class=\"wp-image-3812\" style=\"aspect-ratio:2\/1;object-fit:cover;width:auto;height:896px\"\/><\/figure>\n<\/li>\n\n<\/ul>    <\/div>\n    <\/div><\/div>\n\n\n\n<div class=\"wp-block-column is-layout-flow wp-block-column-is-layout-flow\">\n<h2 class=\"wp-block-heading\">Medizinische LED-Lichttherapie<\/h2>\n\n\n\n<p class=\"has-large-font-size\">Evidenzbasierte Hautbehandlung mit Celluma<\/p>\n\n\n\n<p>Begleitend zu unseren kosmetischen und dermatologisch orientierten Behandlungen bieten wir im Institut SCH\u00d6NE HAUT eine moderne medizinische LED-Lichttherapie an. Die Behandlung erfolgt mit der zertifizierten Qualit\u00e4ts-LED-Maske Celluma aus der Schweiz und basiert auf wissenschaftlich etablierten Wirkmechanismen der Photobiomodulation.<\/p>\n\n\n\n<p>Die LED-Lichttherapie wirkt auf zellul\u00e4rer Ebene, ist nicht invasiv, schmerzfrei und frei von Ausfallzeiten. Je nach eingesetzter Wellenl\u00e4nge lassen sich unterschiedliche dermatologische Effekte gezielt nutzen.<\/p>\n\n\n\n<div class=\"wp-block-buttons is-layout-flex wp-block-buttons-is-layout-flex\">\n<div class=\"wp-block-button is-style-fill\"><a class=\"wp-block-button__link wp-element-button\" href=\"https:\/\/www.doctolib.de\/institut\/berlin\/institut-fuer-medizinische-kosmetik-und-aesthetische-dermatologie-schoene-haut\/booking\/new-patient?specialityId=1133&amp;source=profile\" target=\"_blank\" rel=\"noreferrer noopener\">Jetzt Termin buchen<\/a><\/div>\n<\/div>\n<\/div>\n<\/div>\n\n\n\n<div class=\"wp-block-group alignfull has-white-background-color has-background has-global-padding is-layout-constrained wp-block-group-is-layout-constrained\">\n<div class=\"wp-block-columns is-layout-flex wp-container-core-columns-is-layout-f0342b05 wp-block-columns-is-layout-flex\" style=\"margin-top:0;margin-bottom:0\">\n<div class=\"wp-block-column is-layout-flow wp-block-column-is-layout-flow\" style=\"flex-basis:60%\">\n<div style=\"height:61px\" aria-hidden=\"true\" class=\"wp-block-spacer\"><\/div>\n\n\n\n<h2 class=\"wp-block-heading is-style-h2\">Antientz\u00fcndliche LED-Therapie bei Akne &amp; Rosazea<\/h2>\n\n\n\n<p>Bei entz\u00fcndlichen Hauterkrankungen wie Akne oder Rosazea kann die LED-Lichttherapie unterst\u00fctzend eingesetzt werden. Bestimmte Wellenl\u00e4ngen wirken entz\u00fcndungshemmend, reduzieren bakterielle Aktivit\u00e4t, modulieren immunologische Prozesse und f\u00f6rdern die Abheilung entz\u00fcndlicher L\u00e4sionen.<\/p>\n\n\n\n<p>Die Haut kann sich beruhigen, R\u00f6tungen werden gemildert und die Hautbarriere gest\u00e4rkt. Die LED-Therapie eignet sich besonders als begleitende Ma\u00dfnahme zu medizinisch-kosmetischen Behandlungskonzepten bei sensibler, entz\u00fcndlicher oder reaktiver Haut.<\/p>\n\n\n\n<div style=\"height:61px\" aria-hidden=\"true\" class=\"wp-block-spacer\"><\/div>\n<\/div>\n\n\n\n<div class=\"hide-on-mobile wp-block-column is-layout-flow wp-block-column-is-layout-flow\" style=\"flex-basis:5%\"><\/div>\n\n\n\n<div class=\"hide-on-mobile wp-block-column is-layout-flow wp-block-column-is-layout-flow\" style=\"flex-basis:35.9%\">\n<figure class=\"wp-block-image size-full is-resized is-style-right-edge\"><img decoding=\"async\" src=\"https:\/\/www.schoenehaut.de\/wp-content\/uploads\/2026\/02\/istockphoto-1412467567-1024x1024-1.jpg\" alt=\"\" class=\"wp-image-2547\" style=\"width:auto;height:600px\"\/><\/figure>\n<\/div>\n<\/div>\n<\/div>\n\n\n\n<div class=\"wp-block-columns is-style-medium-gap is-layout-flex wp-container-core-columns-is-layout-28f84493 wp-block-columns-is-layout-flex\">\n<div class=\"wp-block-column is-layout-flow wp-block-column-is-layout-flow\">\n<figure class=\"wp-block-image size-full is-style-rounded\"><img loading=\"lazy\" decoding=\"async\" width=\"2000\" height=\"1121\" src=\"https:\/\/www.schoenehaut.de\/wp-content\/uploads\/2026\/02\/AdobeStock_1628764124_Preview.jpeg\" alt=\"\" class=\"wp-image-2460\" style=\"aspect-ratio:1;object-fit:cover\"\/><\/figure>\n<\/div>\n\n\n\n<div class=\"wp-block-column is-layout-flow wp-block-column-is-layout-flow\">\n<h2 class=\"wp-block-heading\">Anti-Aging LED-Lichttherapie<\/h2>\n\n\n\n<p class=\"has-large-font-size\">Stimulation der Hautregeneration<\/p>\n\n\n\n<p>Im Anti-Aging-Bereich wird die LED-Lichttherapie gezielt zur Unterst\u00fctzung der dermalen Regeneration eingesetzt. Bestimmte Lichtwellen stimulieren die mitochondriale Aktivit\u00e4t, f\u00f6rdern die Kollagensynthese und unterst\u00fctzen die Zellerneuerung.<\/p>\n\n\n\n<p>Dies kann zu einer Verbesserung der Hautstruktur, einer gesteigerten Elastizit\u00e4t und einem insgesamt vitaleren Hautbild f\u00fchren. Die Behandlung eignet sich ideal als Erg\u00e4nzung zu regenerativen, anti-aging-orientierten Facial-Behandlungen und bewirkt auch nach Mikroneedling oder Radiofrequenzmikroneedling (Potenza\u2122) einen gesteigerten Effekt und kann hier individuell hinzugebucht werden.<\/p>\n<\/div>\n<\/div>\n\n\n\n<div class=\"wp-block-columns is-style-medium-gap is-layout-flex wp-container-core-columns-is-layout-28f84493 wp-block-columns-is-layout-flex\">\n<div class=\"wp-block-column is-layout-flow wp-block-column-is-layout-flow\">\n<h2 class=\"wp-block-heading\">LED-Lichttherapie<\/h2>\n\n\n\n<p>Die Celluma LED-Lichttherapie wird bei SCH\u00d6NE HAUT Berlin individuell auf Ihren Hautzustand abgestimmt und sinnvoll in bestehende Behandlungspl\u00e4ne integriert. Vor jeder Anwendung erfolgt eine fachliche Einsch\u00e4tzung, um die geeignete Wellenl\u00e4nge und Behandlungsintensit\u00e4t festzulegen.<\/p>\n\n\n\n<p>In ruhiger, professioneller Atmosph\u00e4re in Berlin verbinden wir moderne Technologie mit dermatologischer Expertise.<\/p>\n\n\n\n<p>Vereinbaren Sie gerne Ihren Termin f\u00fcr medizinische LED-Lichttherapie bei SCH\u00d6NE HAUT Berlin.<\/p>\n<\/div>\n\n\n\n<div class=\"wp-block-column is-layout-flow wp-block-column-is-layout-flow\">\n<figure class=\"wp-block-image size-full is-style-rounded\"><img loading=\"lazy\" decoding=\"async\" width=\"2000\" height=\"1121\" src=\"https:\/\/www.schoenehaut.de\/wp-content\/uploads\/2026\/02\/AdobeStock_1602985896_Preview.jpeg\" alt=\"\" class=\"wp-image-2458\"\/><\/figure>\n<\/div>\n<\/div>\n\n\n\n<div class=\"wp-block-columns is-layout-flex wp-container-core-columns-is-layout-28f84493 wp-block-columns-is-layout-flex\">\n<div class=\"wp-block-column is-layout-flow wp-block-column-is-layout-flow\">\n<h2 class=\"wp-block-heading\">Weitere Behandlungen<\/h2>\n\n\n\n<div class=\"wp-block-group has-global-padding is-layout-constrained wp-block-group-is-layout-constrained\"><div class=\"schoenehaut-behandlungs-grid wp-block-schoenehaut-behandlungs-kacheln\"><a href=\"https:\/\/www.schoenehaut.de\/en\/aesthetik\/biostimulation-mesotherapie\/polynukleotide-pdrn-salmon-sperm-lift\/\" class=\"behandlungs-tile\" aria-label=\"Biostimulatoren\">\n                <img decoding=\"async\" src=\"https:\/\/www.schoenehaut.de\/wp-content\/uploads\/2026\/02\/AdobeStock_1628764124_Preview.jpeg\" alt=\"\" class=\"tile-image\" aria-hidden=\"true\">\n                <span class=\"tile-title\">Biostimulatoren<\/span>\n            <\/a><a href=\"https:\/\/www.schoenehaut.de\/en\/hautbeduerfnis\/glow-gewuenscht\/\" class=\"behandlungs-tile\" aria-label=\"Glow gew\u00fcnscht\">\n                <img decoding=\"async\" src=\"https:\/\/www.schoenehaut.de\/wp-content\/uploads\/2026\/01\/Hochformat-10.jpg\" alt=\"\" class=\"tile-image\" aria-hidden=\"true\">\n                <span class=\"tile-title\">Glow gew\u00fcnscht<\/span>\n            <\/a><a href=\"https:\/\/www.schoenehaut.de\/en\/institut\/potenza-radiofrequenz-needling\/\" class=\"behandlungs-tile\" aria-label=\"Potenza\u2122\">\n                <img decoding=\"async\" src=\"https:\/\/www.schoenehaut.de\/wp-content\/uploads\/2026\/03\/istockphoto-1488371906-1024x1024-1.jpg\" alt=\"\" class=\"tile-image\" aria-hidden=\"true\">\n                <span class=\"tile-title\">Potenza\u2122<\/span>\n            <\/a><\/div><\/div>\n<\/div>\n<\/div>\n","protected":false},"excerpt":{"rendered":"<p>Medizinische LED-Lichttherapie Evidenzbasierte Hautbehandlung mit Celluma Begleitend zu unseren kosmetischen und dermatologisch orientierten Behandlungen bieten wir im Institut SCH\u00d6NE HAUT eine moderne medizinische LED-Lichttherapie an. Die Behandlung erfolgt mit der zertifizierten Qualit\u00e4ts-LED-Maske Celluma aus der Schweiz und basiert auf wissenschaftlich etablierten Wirkmechanismen der Photobiomodulation. Die LED-Lichttherapie wirkt auf zellul\u00e4rer Ebene, ist nicht invasiv, schmerzfrei und [&hellip;]<\/p>\n","protected":false},"author":1,"featured_media":0,"parent":807,"menu_order":0,"comment_status":"closed","ping_status":"closed","template":"institut","meta":{"footnotes":""},"class_list":["post-2685","page","type-page","status-publish","hentry"],"_links":{"self":[{"href":"https:\/\/www.schoenehaut.de\/en\/wp-json\/wp\/v2\/pages\/2685","targetHints":{"allow":["GET"]}}],"collection":[{"href":"https:\/\/www.schoenehaut.de\/en\/wp-json\/wp\/v2\/pages"}],"about":[{"href":"https:\/\/www.schoenehaut.de\/en\/wp-json\/wp\/v2\/types\/page"}],"author":[{"embeddable":true,"href":"https:\/\/www.schoenehaut.de\/en\/wp-json\/wp\/v2\/users\/1"}],"replies":[{"embeddable":true,"href":"https:\/\/www.schoenehaut.de\/en\/wp-json\/wp\/v2\/comments?post=2685"}],"version-history":[{"count":21,"href":"https:\/\/www.schoenehaut.de\/en\/wp-json\/wp\/v2\/pages\/2685\/revisions"}],"predecessor-version":[{"id":5751,"href":"https:\/\/www.schoenehaut.de\/en\/wp-json\/wp\/v2\/pages\/2685\/revisions\/5751"}],"up":[{"embeddable":true,"href":"https:\/\/www.schoenehaut.de\/en\/wp-json\/wp\/v2\/pages\/807"}],"wp:attachment":[{"href":"https:\/\/www.schoenehaut.de\/en\/wp-json\/wp\/v2\/media?parent=2685"}],"curies":[{"name":"wp","href":"https:\/\/api.w.org\/{rel}","templated":true}]}}