{"id":2687,"date":"2026-02-11T09:23:08","date_gmt":"2026-02-11T08:23:08","guid":{"rendered":"https:\/\/www.schoenehaut.de\/?page_id=2687"},"modified":"2026-03-25T09:29:27","modified_gmt":"2026-03-25T08:29:27","slug":"diamant-mikrodermabrasion","status":"publish","type":"page","link":"https:\/\/www.schoenehaut.de\/en\/institut\/diamant-mikrodermabrasion\/","title":{"rendered":"Diamant-Mikrodermabrasion"},"content":{"rendered":"\n<div style=\"height:100px\" aria-hidden=\"true\" class=\"hide-on-mobile wp-block-spacer\"><\/div>\n\n\n\n<div style=\"height:110px\" aria-hidden=\"true\" class=\"hide-on-desktop wp-block-spacer\"><\/div>\n\n\n\n<div class=\"wp-block-cover alignfull is-light\" style=\"min-height:150px;aspect-ratio:unset;\"><img loading=\"lazy\" decoding=\"async\" width=\"2000\" height=\"927\" class=\"wp-block-cover__image-background wp-image-5679 size-full\" alt=\"\" src=\"https:\/\/www.schoenehaut.de\/wp-content\/uploads\/2026\/03\/Header_AdobeStock_255775158-1.jpg\" data-object-fit=\"cover\"\/><span aria-hidden=\"true\" class=\"wp-block-cover__background has-background-dim-0 has-background-dim\" style=\"background-color:#959286\"><\/span><div class=\"wp-block-cover__inner-container has-global-padding is-layout-constrained wp-block-cover-is-layout-constrained\">\n<h1 class=\"wp-block-heading is-style-h2 has-white-color has-text-color has-link-color wp-elements-e52e6481bbd65fadc726e6ece8395bc3\">Institut <br>Sch\u00f6ne haut<\/h1>\n<\/div><\/div>\n\n\n\n<div style=\"height:100px\" aria-hidden=\"true\" class=\"hide-on-mobile wp-block-spacer\"><\/div>\n\n\n\n<div style=\"height:50px\" aria-hidden=\"true\" class=\"hide-on-desktop wp-block-spacer\"><\/div>\n\n\n\n<div class=\"wp-block-columns is-style-big-gap is-layout-flex wp-container-core-columns-is-layout-28f84493 wp-block-columns-is-layout-flex\">\n<div class=\"wp-block-column is-layout-flow wp-block-column-is-layout-flow\"><div class=\"splide is-style-portrait-contained wp-block-huishu-block-hu-splide-slider\" aria-labelledby=\"\" data-splide=\"{&quot;type&quot;:&quot;fade&quot;,&quot;perPage&quot;:1,&quot;arrows&quot;:false,&quot;autoplay&quot;:false,&quot;speed&quot;:1500,&quot;interval&quot;:5000,&quot;pagination&quot;:false,&quot;rewind&quot;:&quot;false&quot;}\">\n    <div class=\"splide__track\">\n        <ul class=\"splide__list\">\n\n<li class=\"wp-block-huishu-block-splide-slide splide__slide\">\n<figure class=\"wp-block-image size-full is-resized is-style-rounded\"><img loading=\"lazy\" decoding=\"async\" width=\"1125\" height=\"2000\" src=\"https:\/\/www.schoenehaut.de\/wp-content\/uploads\/2026\/02\/Bilder-Hochformat-18.jpg\" alt=\"\" class=\"wp-image-2296\" style=\"aspect-ratio:2\/1;object-fit:cover;width:auto;height:896px\"\/><\/figure>\n<\/li>\n\n<\/ul>    <\/div>\n    <\/div><\/div>\n\n\n\n<div class=\"wp-block-column is-layout-flow wp-block-column-is-layout-flow\">\n<h2 class=\"wp-block-heading is-style-default\">Microdermabrasion in Berlin<\/h2>\n\n\n\n<p class=\"has-large-font-size\">Sanfte Hauterneuerung mit Wet Diamond\u2122 Technologie von HydraFacial\u00ae<\/p>\n\n\n\n<p>Die Microdermabrasion ist eine effektive, medizinisch bew\u00e4hrte Methode zur sichtbaren Verbesserung des Hautbildes. In unserem Institut SCH\u00d6NE HAUT arbeiten wir mit dem Wet Diamond\u2122 Kit von HydraFacial\u00ae \u2013 einer modernen Weiterentwicklung der klassischen Microdermabrasion.<br><br>Diese Technologie erm\u00f6glicht eine besonders gleichm\u00e4\u00dfige, schonende und pr\u00e4zise Hautabtragung, w\u00e4hrend die Haut gleichzeitig hydratisiert wird.<\/p>\n\n\n\n<div class=\"wp-block-buttons is-layout-flex wp-block-buttons-is-layout-flex\">\n<div class=\"wp-block-button is-style-fill\"><a class=\"wp-block-button__link wp-element-button\" href=\"https:\/\/www.schoenehaut.de\/kontakt\/#kontakt\">Jetzt Termin buchen<\/a><\/div>\n<\/div>\n<\/div>\n<\/div>\n\n\n\n<div class=\"wp-block-group alignfull has-white-background-color has-background has-global-padding is-layout-constrained wp-block-group-is-layout-constrained\">\n<div class=\"wp-block-columns is-layout-flex wp-container-core-columns-is-layout-f0342b05 wp-block-columns-is-layout-flex\" style=\"margin-top:0;margin-bottom:0\">\n<div class=\"wp-block-column is-layout-flow wp-block-column-is-layout-flow\" style=\"flex-basis:60%\">\n<div style=\"height:61px\" aria-hidden=\"true\" class=\"wp-block-spacer\"><\/div>\n\n\n\n<figure class=\"hide-on-desktop wp-block-image size-full is-resized is-style-default\" style=\"margin-bottom:0\"><img loading=\"lazy\" decoding=\"async\" width=\"2000\" height=\"2000\" src=\"https:\/\/www.schoenehaut.de\/wp-content\/uploads\/2026\/03\/Meike_Profilbils_Rund260316.png\" alt=\"\" class=\"wp-image-5625\" style=\"aspect-ratio:1;object-fit:contain;width:auto;height:400px\"\/><\/figure>\n\n\n\n<h2 class=\"wp-block-heading is-style-h2\">H\u00e4ufige Fragen<\/h2>\n\n\n\n<details class=\"wp-block-huishu-agentur-huishu-faq-block\"><summary><span>Was sollte ich vor der Microdermabrasion in eurer Praxis in Berlin wissen?<\/span><\/summary><div class=\"faq-details is-layout-flow\">\n<p>Bei akuten Hautentz\u00fcndungen oder Infektionen (z. B. Herpes simplex) f\u00fchren wir kein Sandstrahlpeeling durch. Vor jeder Behandlung erfolgt eine individuelle Hautanalyse, um die Behandlung optimal auf die Haut abzustimmen.<\/p>\n<\/div><\/details>\n\n\n\n<details class=\"wp-block-huishu-agentur-huishu-faq-block\"><summary><span>Wie funktioniert die Microdermabrasion mit Wet Diamond\u2122?<\/span><\/summary><div class=\"faq-details is-layout-flow\">\n<p>Bei der Microdermabrasion mit dem Wet Diamond\u2122 Kit von HydraFacial\u00ae werden die oberen Hautschichten kontrolliert und sanft abgetragen. Statt loser Kristalle kommen diamantbeschichtete Aufs\u00e4tze zum Einsatz, die in Kombination mit einem Vakuumsystem abgestorbene Hautzellen entfernen und gleichzeitig Fl\u00fcssigkeit zuf\u00fchren.<\/p>\n\n\n\n<p>Das Ergebnis:<\/p>\n\n\n\n<ul class=\"wp-block-list\">\n<li>glattere Haut<\/li>\n\n\n\n<li>verfeinerte Poren<\/li>\n\n\n\n<li>sofortige Frische ohne aggressive Reizung<\/li>\n<\/ul>\n<\/div><\/details>\n\n\n\n<div style=\"height:61px\" aria-hidden=\"true\" class=\"wp-block-spacer\"><\/div>\n<\/div>\n\n\n\n<div class=\"hide-on-mobile wp-block-column is-layout-flow wp-block-column-is-layout-flow\" style=\"flex-basis:5%\"><\/div>\n\n\n\n<div class=\"hide-on-mobile wp-block-column is-layout-flow wp-block-column-is-layout-flow\" style=\"flex-basis:35.9%\">\n<figure class=\"wp-block-image size-full is-resized is-style-right-edge\"><img loading=\"lazy\" decoding=\"async\" width=\"2000\" height=\"1334\" src=\"https:\/\/www.schoenehaut.de\/wp-content\/uploads\/2026\/01\/RL01202_6881.jpg\" alt=\"\" class=\"wp-image-906\" style=\"width:auto;height:500px\"\/><\/figure>\n<\/div>\n<\/div>\n<\/div>\n\n\n\n<div class=\"wp-block-columns is-style-medium-gap is-layout-flex wp-container-core-columns-is-layout-28f84493 wp-block-columns-is-layout-flex\">\n<div class=\"wp-block-column is-layout-flow wp-block-column-is-layout-flow\">\n<figure class=\"wp-block-image size-full is-style-rounded\"><img loading=\"lazy\" decoding=\"async\" width=\"2000\" height=\"1121\" src=\"https:\/\/www.schoenehaut.de\/wp-content\/uploads\/2026\/02\/AdobeStock_1541430423_Preview.jpeg\" alt=\"\" class=\"wp-image-2454\"\/><\/figure>\n<\/div>\n\n\n\n<div class=\"wp-block-column is-layout-flow wp-block-column-is-layout-flow\">\n<h2 class=\"wp-block-heading\">Ablauf der Micro&shy;derma&shy;brasion in unserer Praxis in Berlin<\/h2>\n\n\n\n<p>Ein spezielles Handst\u00fcck mit diamantbeschichtetem Aufsatz wird gleichm\u00e4\u00dfig \u00fcber die Haut gef\u00fchrt. Die Intensit\u00e4t passen wir individuell an Hauttyp und Behandlungsziel an:<\/p>\n\n\n\n<ul class=\"wp-block-list\">\n<li>Sanfte Intensit\u00e4t: F\u00fcr mehr Glow, ein ebenm\u00e4\u00dfiges Hautbild und ein frisches Hautgef\u00fchl.<\/li>\n\n\n\n<li>Intensivere Behandlung: Zur Aktivierung der Zellneubildung mit dem Ziel, Aknenarben, <a href=\"https:\/\/www.schoenehaut.de\/hautbeduerfnis\/haut-gesicht\/pigmentflecken-melasma\/\" data-type=\"page\" data-id=\"687\">Pigmentst\u00f6rungen<\/a> und Hautunregelm\u00e4\u00dfigkeiten zu reduzieren.<\/li>\n<\/ul>\n<\/div>\n<\/div>\n\n\n\n<div class=\"wp-block-columns is-style-medium-gap is-layout-flex wp-container-core-columns-is-layout-28f84493 wp-block-columns-is-layout-flex\">\n<div class=\"wp-block-column is-layout-flow wp-block-column-is-layout-flow\">\n<h2 class=\"wp-block-heading\">Welche Wirkung hat die Micro&shy;derma&shy;brasion?<\/h2>\n\n\n\n<p>Die Microdermabrasion mit Wet Diamond\u2122 Technologie:<\/p>\n\n\n\n<ul class=\"wp-block-list\">\n<li>regt die Zellerneuerung an<\/li>\n\n\n\n<li>verbessert die Durchblutung<\/li>\n\n\n\n<li>stimuliert die Kollagen- und Elastinbildung<\/li>\n<\/ul>\n\n\n\n<p>Nach mehreren Behandlungen wirkt die Haut ebenm\u00e4\u00dfiger, straffer und klarer. Lichtgesch\u00e4digte Hautzellen k\u00f6nnen sich regenerieren, Narben erscheinen heller und feiner, der Teint gewinnt sichtbar an Qualit\u00e4t.<\/p>\n\n\n\n<p>Geeignet bei:<\/p>\n\n\n\n<ul class=\"wp-block-list\">\n<li>Falten und feinen Linien<\/li>\n\n\n\n<li><a href=\"https:\/\/www.schoenehaut.de\/hautbeduerfnis\/haut-gesicht\/pigmentflecken-melasma\/\" data-type=\"page\" data-id=\"687\">Pigmentflecken<\/a><\/li>\n\n\n\n<li><a href=\"https:\/\/www.schoenehaut.de\/hautbeduerfnis\/haut-gesicht\/grobporigkeit\/\" data-type=\"page\" data-id=\"695\">Grobporiger Haut<\/a><\/li>\n\n\n\n<li><a href=\"https:\/\/www.schoenehaut.de\/laser\/narben-aknenarben\/\" data-type=\"page\" data-id=\"783\">Aknenarben<\/a><\/li>\n\n\n\n<li>\u00dcberverhornungen (Hyperkeratosen)<\/li>\n\n\n\n<li>Reibeisenhaut<\/li>\n\n\n\n<li>Reifer, m\u00fcder Haut<\/li>\n<\/ul>\n<\/div>\n\n\n\n<div class=\"wp-block-column is-layout-flow wp-block-column-is-layout-flow\">\n<figure class=\"wp-block-image size-full is-style-rounded\"><img loading=\"lazy\" decoding=\"async\" width=\"2000\" height=\"1125\" src=\"https:\/\/www.schoenehaut.de\/wp-content\/uploads\/2026\/02\/13.jpg\" alt=\"\" class=\"wp-image-2542\"\/><\/figure>\n<\/div>\n<\/div>\n\n\n\n<div class=\"wp-block-group alignfull has-white-background-color has-background has-global-padding is-layout-constrained wp-block-group-is-layout-constrained\">\n<div class=\"wp-block-columns is-layout-flex wp-container-core-columns-is-layout-f0342b05 wp-block-columns-is-layout-flex\" style=\"margin-top:0;margin-bottom:0\">\n<div class=\"hide-on-mobile wp-block-column is-layout-flow wp-block-column-is-layout-flow\" style=\"flex-basis:35.9%\">\n<figure class=\"wp-block-image size-full is-resized is-style-left-edge\"><img loading=\"lazy\" decoding=\"async\" width=\"1125\" height=\"2000\" src=\"https:\/\/www.schoenehaut.de\/wp-content\/uploads\/2026\/02\/Bilder-Hochformat.jpg\" alt=\"\" class=\"wp-image-2297\" style=\"width:auto;height:500px\"\/><\/figure>\n<\/div>\n\n\n\n<div class=\"hide-on-mobile wp-block-column is-layout-flow wp-block-column-is-layout-flow\" style=\"flex-basis:5%\"><\/div>\n\n\n\n<div class=\"wp-block-column is-layout-flow wp-block-column-is-layout-flow\" style=\"flex-basis:60%\">\n<div style=\"height:61px\" aria-hidden=\"true\" class=\"wp-block-spacer\"><\/div>\n\n\n\n<h2 class=\"wp-block-heading is-style-h2\">Wie viele Micro&shy;derma&shy;brasionen bei euch in Berlin sind sinnvoll?<\/h2>\n\n\n\n<p>F\u00fcr nachhaltige Ergebnisse empfehlen wir meist 6 Behandlungen. Die genaue Anzahl richtet sich nach dem Hauttyp und dem gew\u00fcnschten Behandlungsergebnis.<\/p>\n\n\n\n<div style=\"height:61px\" aria-hidden=\"true\" class=\"wp-block-spacer\"><\/div>\n<\/div>\n<\/div>\n<\/div>\n\n\n\n<div class=\"wp-block-columns is-style-medium-gap is-layout-flex wp-container-core-columns-is-layout-28f84493 wp-block-columns-is-layout-flex\">\n<div class=\"wp-block-column is-layout-flow wp-block-column-is-layout-flow\">\n<h2 class=\"wp-block-heading\">Was sollte ich nach der Micro&shy;derma&shy;brasion beachten?<\/h2>\n\n\n\n<p>Nach der Microdermabrasion kann die Haut leicht ger\u00f6tet sein. Am Behandlungstag sollten Sport, Sonne und Sauna gemieden werden. Ein konsequenter Sonnenschutz ist wichtig, um die frische Haut zu sch\u00fctzen und das Ergebnis zu optimieren.<\/p>\n\n\n<blockquote class=\"wp-block-quote is-layout-flow wp-block-quote-is-layout-flow\"><div class=\"quote-content-wrapper is-layout-flow\">\n<p><\/p>\n<\/div><\/blockquote>\n<\/div>\n\n\n\n<div class=\"wp-block-column is-layout-flow wp-block-column-is-layout-flow\">\n<figure class=\"wp-block-image size-full is-style-rounded\"><img loading=\"lazy\" decoding=\"async\" width=\"2000\" height=\"1333\" src=\"https:\/\/www.schoenehaut.de\/wp-content\/uploads\/2026\/02\/AdobeStock_759132004_Preview.jpeg\" alt=\"\" class=\"wp-image-2435\"\/><\/figure>\n<\/div>\n<\/div>\n\n\n\n<div class=\"wp-block-columns is-layout-flex wp-container-core-columns-is-layout-28f84493 wp-block-columns-is-layout-flex\">\n<div class=\"wp-block-column is-layout-flow wp-block-column-is-layout-flow\">\n<h2 class=\"wp-block-heading\">Weitere Behandlungen<\/h2>\n\n\n\n<div class=\"wp-block-group has-global-padding is-layout-constrained wp-block-group-is-layout-constrained\"><div class=\"schoenehaut-behandlungs-grid wp-block-schoenehaut-behandlungs-kacheln\"><a href=\"https:\/\/www.schoenehaut.de\/en\/institut\/jetpeel\/\" class=\"behandlungs-tile\" aria-label=\"JetPeel\u2122\">\n                <img decoding=\"async\" src=\"https:\/\/www.schoenehaut.de\/wp-content\/uploads\/2026\/02\/istockphoto-2211764441-2048x2048-1.jpg\" alt=\"\" class=\"tile-image\" aria-hidden=\"true\">\n                <span class=\"tile-title\">JetPeel\u2122<\/span>\n            <\/a><a href=\"https:\/\/www.schoenehaut.de\/en\/institut\/peelings\/\" class=\"behandlungs-tile\" aria-label=\"Peelings\">\n                <img decoding=\"async\" src=\"https:\/\/www.schoenehaut.de\/wp-content\/uploads\/2026\/02\/AdobeStock_988887908_Preview.jpeg\" alt=\"\" class=\"tile-image\" aria-hidden=\"true\">\n                <span class=\"tile-title\">Peelings<\/span>\n            <\/a><a href=\"https:\/\/www.schoenehaut.de\/en\/aesthetik\/hyaluron\/\" class=\"behandlungs-tile\" aria-label=\"Hyaluron\">\n                <img decoding=\"async\" src=\"https:\/\/www.schoenehaut.de\/wp-content\/uploads\/2026\/02\/AdobeStock_1448106743_Preview.jpeg\" alt=\"\" class=\"tile-image\" aria-hidden=\"true\">\n                <span class=\"tile-title\">Hyaluron<\/span>\n            <\/a><\/div><\/div>\n<\/div>\n<\/div>\n","protected":false},"excerpt":{"rendered":"<p>Microdermabrasion in Berlin Sanfte Hauterneuerung mit Wet Diamond\u2122 Technologie von HydraFacial\u00ae Die Microdermabrasion ist eine effektive, medizinisch bew\u00e4hrte Methode zur sichtbaren Verbesserung des Hautbildes. In unserem Institut SCH\u00d6NE HAUT arbeiten wir mit dem Wet Diamond\u2122 Kit von HydraFacial\u00ae \u2013 einer modernen Weiterentwicklung der klassischen Microdermabrasion. Diese Technologie erm\u00f6glicht eine besonders gleichm\u00e4\u00dfige, schonende und pr\u00e4zise Hautabtragung, [&hellip;]<\/p>\n","protected":false},"author":1,"featured_media":0,"parent":807,"menu_order":0,"comment_status":"closed","ping_status":"closed","template":"institut","meta":{"footnotes":""},"class_list":["post-2687","page","type-page","status-publish","hentry"],"_links":{"self":[{"href":"https:\/\/www.schoenehaut.de\/en\/wp-json\/wp\/v2\/pages\/2687","targetHints":{"allow":["GET"]}}],"collection":[{"href":"https:\/\/www.schoenehaut.de\/en\/wp-json\/wp\/v2\/pages"}],"about":[{"href":"https:\/\/www.schoenehaut.de\/en\/wp-json\/wp\/v2\/types\/page"}],"author":[{"embeddable":true,"href":"https:\/\/www.schoenehaut.de\/en\/wp-json\/wp\/v2\/users\/1"}],"replies":[{"embeddable":true,"href":"https:\/\/www.schoenehaut.de\/en\/wp-json\/wp\/v2\/comments?post=2687"}],"version-history":[{"count":27,"href":"https:\/\/www.schoenehaut.de\/en\/wp-json\/wp\/v2\/pages\/2687\/revisions"}],"predecessor-version":[{"id":5732,"href":"https:\/\/www.schoenehaut.de\/en\/wp-json\/wp\/v2\/pages\/2687\/revisions\/5732"}],"up":[{"embeddable":true,"href":"https:\/\/www.schoenehaut.de\/en\/wp-json\/wp\/v2\/pages\/807"}],"wp:attachment":[{"href":"https:\/\/www.schoenehaut.de\/en\/wp-json\/wp\/v2\/media?parent=2687"}],"curies":[{"name":"wp","href":"https:\/\/api.w.org\/{rel}","templated":true}]}}