{"id":3282,"date":"2026-02-12T11:55:40","date_gmt":"2026-02-12T10:55:40","guid":{"rendered":"https:\/\/www.schoenehaut.de\/?page_id=3282"},"modified":"2026-03-25T09:58:51","modified_gmt":"2026-03-25T08:58:51","slug":"publikationen-mitgliedschaften","status":"publish","type":"page","link":"https:\/\/www.schoenehaut.de\/en\/publikationen-mitgliedschaften\/","title":{"rendered":"Publikationen &amp; Mitgliedschaften"},"content":{"rendered":"\n<div style=\"height:213px\" aria-hidden=\"true\" class=\"hide-on-mobile wp-block-spacer\"><\/div>\n\n\n\n<div style=\"height:100px\" aria-hidden=\"true\" class=\"hide-on-desktop wp-block-spacer\"><\/div>\n\n\n\n<div class=\"wp-block-columns is-style-big-gap is-layout-flex wp-container-core-columns-is-layout-28f84493 wp-block-columns-is-layout-flex\">\n<div class=\"wp-block-column is-layout-flow wp-block-column-is-layout-flow\">\n<h2 class=\"wp-block-heading\">Publi&shy;ka&shy;tionen<\/h2>\n\n\n\n<details class=\"wp-block-huishu-agentur-huishu-faq-block\"><summary><span>Originalpublikationen<\/span><\/summary><div class=\"faq-details is-layout-flow\">\n<ul class=\"wp-block-list\">\n<li>Schramm, M., Gollnick, H.: Dermatologie multimedial: \u201eAkne\u201c<\/li>\n\n\n\n<li>Ullstein Mosby\/3V-Multimedica (Hrsg.) Wiesbaden, Berlin 1997.<\/li>\n\n\n\n<li>Burg, G., Schramm, M., Widmer, M., Elsner, P.: Dermatologie multimedial: &#8220;Ekzeme&#8221;.<\/li>\n\n\n\n<li>Ullstein Mosby\/3V-Multimedica (Hrsg.) Wiesbaden,Berlin 1996.<\/li>\n\n\n\n<li>Schramm, M., Blume-Peytavi, U., Kr\u00fcger, K., Gollnick, H.:A rare association of multiple hereditary trichoepitheliomas with multiple spiradenomas. European Journal of Dermatology 1996; 6: 259-61.<\/li>\n\n\n\n<li>Schramm, M., Gollnick, H.: Continuos education for acne &#8211; basics, pathogenesis, differential diagnosis, clinic and therapy. Dermatology 1998; 196: 100-101.<\/li>\n\n\n\n<li>Gollnick, H., Schramm, M.: Topical drug treatment in acne. Dermatology 1998; 196: 119-125.<\/li>\n\n\n\n<li>Gollnick, H., Schramm, M.: Topical therapy in acne. J Eur Acad Dermatol Venerol 1998; 11: Suppl.1: S8-S12.<\/li>\n\n\n\n<li>Chen, W., Schramm, M., Zouboulis, CH.: Generalized lichen nitidus. J Am Acad Dermatol 1997; 36: 630-631.<\/li>\n\n\n\n<li>Seiffert, K., Trautmann, C., Schramm, M., Bruckner-Tudermann, L.K., Zouboulis, Ch.: Bull\u00f6ses Pemphigoid: ungew\u00f6hnlicher Minderbefall eines lymph\u00f6demat\u00f6sen Beines.<\/li>\n\n\n\n<li>Z Haut Geschlechtskr 1997; 72 (7): 534-538.<\/li>\n<\/ul>\n<\/div><\/details>\n\n\n\n<details class=\"wp-block-huishu-agentur-huishu-faq-block\"><summary><span>Poster<\/span><\/summary><div class=\"faq-details is-layout-flow\">\n<ul class=\"wp-block-list\">\n<li>Schramm, M., Blume-Peytavi, U.: Neue Aspekte \u00fcber die m\u00f6glichen Wirkmechanismenvon Minoxidil.<\/li>\n\n\n\n<li>Tagung der DDG. Berlin, 1995.<br>Schramm, M., Pfr\u00f6mmer, Ch., Zouboulis, Ch., Gollnick, H.: The SAPHO-Syndrome &#8211; Does it exist ?<br>(IV. International Dermatology Symposion Berlin. Berlin 11.-13.4.1997). Berlin, 1997; J Invest Dermatol 108: 84.<br>Schramm, M., Gollnick, H.: Acne &#8211; basics, pathogenesis, differential diagnosis, clinic and therapy: Development of an interactive hypermedia application on CD-ROM for computer-based learning and instruction.<br>IV. International Dermatology Symposion Berlin. Berlin 11.-13.4.1997). Berlin, 1997; J Invest Dermatol 108: 84.<br>Schramm, M., Gollnick, H., Merk, G., Theuring, H., Stand und Perspektiven der Teledermatologie, 71. Tagung der Norddeutschen Dermatologischen Gesellschaft, Magdeburg, 11.09. &#8211; 13.09.1998.<br>Schramm, M., Gollnick, H.: Teledermatologie und digitale Krankendokumentation -Entwicklung einer integrierten Funktionseinheit-.<\/li>\n\n\n\n<li>Tagung der Deutschen Dermatologischen Gesellschaft, Hamburg, 18.05. &#8211; 21.05.1999.<br>Schramm, M., Gollnick, H.:Teledermatology and digitized patient documentation.<\/li>\n\n\n\n<li>Jahresversammlung der Schweizerischen Gesellschaft f\u00fcr Dermatologie und Venerologie, Z\u00fcrich, 9.-11.9.1999.<br>Schr\u00f6der, M. , Gollnick, H.:Das Europ\u00e4ische Telematik-Applikationsprogramm CATCH II: (Citizens Advisory System based on Telematics for Communication and Health) &#8211; Integration von Informationen \u00fcber Hautkrebs.<\/li>\n\n\n\n<li>Jahrestagung der Norddeutschen Dermatologischen Gesellschaft, Osnabr\u00fcck; 31.09.-02.10.1999.<br>Schr\u00f6der, M., Gollnick, H.: Teledermatologie und digitale Krankendokumentation.<br>TeleMed\u00b499, Berlin, 04.11. &#8211; 06.11.1999.<\/li>\n<\/ul>\n<\/div><\/details>\n\n\n\n<details class=\"wp-block-huishu-agentur-huishu-faq-block\"><summary><span>Fachzeitschriften<\/span><\/summary><div class=\"faq-details is-layout-flow\">\n<ul class=\"wp-block-list\">\n<li>Schramm, M., Gollnick, H.: Bei schwerer Akne mu\u00df topisch und systemisch behandelt werden: der aktuelle Stand der Aknetherapie.<\/li>\n\n\n\n<li>Forsch Prax 1997; 15: 20-22.<\/li>\n\n\n\n<li>Schramm, M.: Therapie einer vorwiegend perioral lokalisierten Akne papulopustulosa mit topischer Azelains\u00e4ure.<\/li>\n\n\n\n<li>Dermadialog 1998; 2: 12-13.<\/li>\n\n\n\n<li>Schramm, M.: Stichwort Teledermatologie.<\/li>\n\n\n\n<li>Dermatologische Nachrichten 1999; 2: 6.<\/li>\n\n\n\n<li>Schramm, M.: Telemedizin in der Dermatologie.<\/li>\n\n\n\n<li>Dermaforum 1999; 2: 21.<\/li>\n<\/ul>\n<\/div><\/details>\n\n\n\n<details class=\"wp-block-huishu-agentur-huishu-faq-block\"><summary><span>Vortr\u00e4ge<\/span><\/summary><div class=\"faq-details is-layout-flow\">\n<ul class=\"wp-block-list\">\n<li>Schr\u00f6der M: Dermatologisch-Medizinische Kosmetologie : Fakten und Mythen, wann, wo und welche Filler? 100 Jahre NDG, 84. Tagung der Norddeutschen Dermatologischen Gesellschaft. Magdeburg, 26-28.8.2011<\/li>\n\n\n\n<li>Schr\u00f6der, M.,Teledermatology in Saxony-Anhalt.<\/li>\n\n\n\n<li>Annual meeting of EBI and 1st European Symposion on Teledermatology, Jena 18.11 &#8211; 20.11.1999. Allergologie 1999 (22): 684<\/li>\n\n\n\n<li>Schr\u00f6der, M.; Gollnick, H.Tumorscreening und Konsiliardiskussion mittels Echtzeitvideokonferenz\u00fcbertragung in der Dermatologie.<\/li>\n\n\n\n<li>Medica 18.11.1999; Sonderforum MedicaMedia<\/li>\n\n\n\n<li>Schr\u00f6der, M., Gollnick, H.The European Telematics Application Programme CATCH II: (Citizens Advisory System based on Telematics for Communication and Health) &#8211; Integration of information about skin cancer.<\/li>\n\n\n\n<li>8th EADV Congress, Amsterdam, 29.09. &#8211; 02.10.1999.<\/li>\n\n\n\n<li>Schramm, M., Theuring, U., Merk, B., Gollnick,H. Stand und Perspektiven der Teledermatologie.<\/li>\n\n\n\n<li>Allergologie 1998 (21): 407 (71. Tagung der NDG)<\/li>\n\n\n\n<li>Schramm, M., Gollnick, H.: Peeling mit alpha-Hydroxy-Acids (AHA) = Fruchts\u00e4urepeeling.<\/li>\n\n\n\n<li>Allergologie 1998 (21): 410 (71. Tagung der NDG)<\/li>\n\n\n\n<li>Schramm, M., Bonnekoh, B., Franke, I., Gollnick, H. Brooke-Spiegler-Syndrom in Asoziation mit Spiradenomen.<\/li>\n\n\n\n<li>Allergologie 1998 (21): 385 (71. Tagung der NDG).<\/li>\n\n\n\n<li>Entwicklung zweier interaktiver multimedialer Informations- und Lehrprogramme auf CD-ROM f\u00fcr das Fachgebiet Dermatologie und Venerologie mit den Themen &#8220;Die Ekzeme&#8221; und &#8220;Akne und ihre Differentialdiagnosen.<\/li>\n\n\n\n<li>Arbeitstagung medizinischer Mediotheken und Lernzentren, Wien 1994.<br>Stadienorientierte Therapie der Akne vulgaris.<br>Fortbildungsveranstaltung Universit\u00e4tshaut- und Poliklinik UKBF, Berlin 1994.<br>Sp\u00e4trezidiv eines Mammakarzinoms.<br>Fortbildungsveranstaltung Universit\u00e4tshaut- und Poliklinik UKBF, Berlin 199<br>Topische Therapie der Akne vulgaris.<\/li>\n\n\n\n<li>Tagung der DDG. Berlin 1995.<br>Seltene Assoziation multipler famili\u00e4rer Trichoepitheliome mit Spiradenomen.<\/li>\n\n\n\n<li>Tagung der DDG, Berlin 1995.<br>Gegenw\u00e4rtiger Stand der phlebologischen Diagnostik und Therapie.<br>Fortbildungsveranstaltung Universit\u00e4tshaut- und Poliklinik UKBF, Berlin 1996<\/li>\n<\/ul>\n<\/div><\/details>\n\n\n\n<details class=\"wp-block-huishu-agentur-huishu-faq-block\"><summary><span>Studien<\/span><\/summary><div class=\"faq-details is-layout-flow\">\n<ul class=\"wp-block-list\">\n<li>Doppelblinde placebo-kontrollierte, randomisierte Parallel Gruppenstudie zum Vergleich der Wirksamkeit und Sicherheit von Advantan Creme (2x w\u00f6chentlich) mit Advabas Creme \u00fcber eine Erthaltungsphase von 16 Wochen nach erfolgreicher Behandlung der atopischen Dermatitis mit Advantan Creme (Schering AG, Intendis: Study 309189 (454a), 2005)<\/li>\n\n\n\n<li>A Multicenter, open label study to evaluate the long term savety and efficarcy of CD 5024 1% cream treatment for up to 52 weeks in subjects with papulo pustular rosacea. Galderma: RD035PR 40051, 2009<\/li>\n\n\n\n<li>Duetta: Eine multizentrische, randomisierte evalutor blinde Parallel Gruppenstudie zur Bewertung der Wirksamkeit, Sicherheit und Vertr\u00e4glichkeit von DuaC Akne\u00ae Gel und Epiduo\u00ae Gel bei der topischen Behandlung von Akne vulgaris im Gesicht. Stiefel Lab.: 5194-401,2009.<\/li>\n\n\n\n<li>A multi-center, randomized, double-blind, parallel-group study to demonstrate the efficacy and safety of Adapalene\/Benzoylperoxide topical gel compared with adapalene topical gel 0,1 % benzoylperoxide topical gel 2,5 % and topical gel vehicles in subjects with acne vulgaris. Galderma: RD06.5PR.18088 2006-2007<\/li>\n<\/ul>\n<\/div><\/details>\n<\/div>\n\n\n\n<div class=\"wp-block-column is-layout-flow wp-block-column-is-layout-flow\">\n<figure class=\"hide-on-mobile wp-block-image size-full is-resized is-style-rounded\"><img loading=\"lazy\" decoding=\"async\" width=\"2000\" height=\"2000\" src=\"https:\/\/www.schoenehaut.de\/wp-content\/uploads\/2026\/03\/Meike_Profilbils_Rund260316.png\" alt=\"\" class=\"wp-image-5625\" style=\"aspect-ratio:1;object-fit:cover;width:auto;height:500px\"\/><\/figure>\n<\/div>\n<\/div>\n\n\n\n<div style=\"height:50px\" aria-hidden=\"true\" class=\"hide-on-mobile wp-block-spacer\"><\/div>\n\n\n\n<div style=\"height:100px\" aria-hidden=\"true\" class=\"hide-on-mobile wp-block-spacer\"><\/div>\n\n\n\n<h2 class=\"wp-block-heading is-style-default\">Mitglied&shy;schaften<\/h2>\n\n\n\n<div class=\"wp-block-columns is-layout-flex wp-container-core-columns-is-layout-28f84493 wp-block-columns-is-layout-flex\">\n<div class=\"wp-block-column is-layout-flow wp-block-column-is-layout-flow\">\n<figure class=\"wp-block-image size-full is-resized\" style=\"margin-top:var(--wp--preset--spacing--0);margin-bottom:var(--wp--preset--spacing--0)\"><a href=\"https:\/\/www.aadi.de\/\" target=\"_blank\" rel=\" noreferrer noopener\"><img loading=\"lazy\" decoding=\"async\" width=\"272\" height=\"125\" src=\"https:\/\/www.schoenehaut.de\/wp-content\/uploads\/2026\/02\/AADI.svg\" alt=\"\" class=\"wp-image-1891\" style=\"width:270px\"\/><\/a><\/figure>\n\n\n\n<figure class=\"wp-block-image size-full is-resized\" style=\"margin-top:var(--wp--preset--spacing--0);margin-bottom:var(--wp--preset--spacing--0)\"><a href=\"https:\/\/www.dgbt.de\/\" target=\"_blank\" rel=\" noreferrer noopener\"><img loading=\"lazy\" decoding=\"async\" width=\"272\" height=\"125\" src=\"https:\/\/www.schoenehaut.de\/wp-content\/uploads\/2026\/02\/DGBT.svg\" alt=\"\" class=\"wp-image-1893\" style=\"width:270px\"\/><\/a><\/figure>\n<\/div>\n\n\n\n<div class=\"wp-block-column is-layout-flow wp-block-column-is-layout-flow\">\n<figure class=\"wp-block-image size-full is-resized\" style=\"margin-top:var(--wp--preset--spacing--0);margin-bottom:var(--wp--preset--spacing--0)\"><a href=\"https:\/\/www.bvdd.de\/\" target=\"_blank\" rel=\" noreferrer noopener\"><img loading=\"lazy\" decoding=\"async\" width=\"281\" height=\"125\" src=\"https:\/\/www.schoenehaut.de\/wp-content\/uploads\/2026\/02\/BVD.svg\" alt=\"\" class=\"wp-image-1895\" style=\"width:270px\"\/><\/a><\/figure>\n\n\n\n<figure class=\"wp-block-image size-full is-resized\" style=\"margin-top:var(--wp--preset--spacing--0);margin-bottom:var(--wp--preset--spacing--0)\"><a href=\"https:\/\/www.adk-online.org\/\" target=\"_blank\" rel=\" noreferrer noopener\"><img loading=\"lazy\" decoding=\"async\" width=\"272\" height=\"125\" src=\"https:\/\/www.schoenehaut.de\/wp-content\/uploads\/2026\/02\/ADK.svg\" alt=\"\" class=\"wp-image-1892\" style=\"width:270px\"\/><\/a><\/figure>\n<\/div>\n\n\n\n<div class=\"wp-block-column is-layout-flow wp-block-column-is-layout-flow\">\n<figure class=\"wp-block-image size-full is-resized\" style=\"margin-top:var(--wp--preset--spacing--0);margin-bottom:var(--wp--preset--spacing--0)\"><a href=\"https:\/\/derma.de\/\" target=\"_blank\" rel=\" noreferrer noopener\"><img loading=\"lazy\" decoding=\"async\" width=\"271\" height=\"125\" src=\"https:\/\/www.schoenehaut.de\/wp-content\/uploads\/2026\/02\/DDG.svg\" alt=\"\" class=\"wp-image-1894\" style=\"width:270px\"\/><\/a><\/figure>\n\n\n\n<figure class=\"wp-block-image size-full is-resized\" style=\"margin-top:var(--wp--preset--spacing--0);margin-bottom:var(--wp--preset--spacing--0)\"><a href=\"https:\/\/www.dgdc.de\/\" target=\"_blank\" rel=\" noreferrer noopener\"><img loading=\"lazy\" decoding=\"async\" width=\"272\" height=\"125\" src=\"https:\/\/www.schoenehaut.de\/wp-content\/uploads\/2026\/02\/DGDC.svg\" alt=\"\" class=\"wp-image-1896\" style=\"width:270px\"\/><\/a><\/figure>\n<\/div>\n\n\n\n<div class=\"wp-block-column is-layout-flow wp-block-column-is-layout-flow\">\n<figure class=\"wp-block-image size-full is-resized\" style=\"margin-top:var(--wp--preset--spacing--0);margin-bottom:var(--wp--preset--spacing--0)\"><a href=\"https:\/\/www.hartmannbund.de\/\" target=\"_blank\" rel=\" noreferrer noopener\"><img loading=\"lazy\" decoding=\"async\" width=\"272\" height=\"125\" src=\"https:\/\/www.schoenehaut.de\/wp-content\/uploads\/2026\/02\/Hartmanbund.svg\" alt=\"\" class=\"wp-image-1890\" style=\"width:270px\"\/><\/a><\/figure>\n\n\n\n<figure class=\"wp-block-image size-full is-resized\" style=\"margin-top:var(--wp--preset--spacing--0);margin-bottom:var(--wp--preset--spacing--0)\"><img loading=\"lazy\" decoding=\"async\" width=\"216\" height=\"81\" src=\"https:\/\/www.schoenehaut.de\/wp-content\/uploads\/2026\/03\/eadv.svg\" alt=\"\" class=\"wp-image-4639\" style=\"width:270px\"\/><\/figure>\n<\/div>\n<\/div>\n","protected":false},"excerpt":{"rendered":"<p>Publikationen Mitgliedschaften<\/p>\n","protected":false},"author":1,"featured_media":0,"parent":0,"menu_order":0,"comment_status":"closed","ping_status":"closed","template":"","meta":{"footnotes":""},"class_list":["post-3282","page","type-page","status-publish","hentry"],"_links":{"self":[{"href":"https:\/\/www.schoenehaut.de\/en\/wp-json\/wp\/v2\/pages\/3282","targetHints":{"allow":["GET"]}}],"collection":[{"href":"https:\/\/www.schoenehaut.de\/en\/wp-json\/wp\/v2\/pages"}],"about":[{"href":"https:\/\/www.schoenehaut.de\/en\/wp-json\/wp\/v2\/types\/page"}],"author":[{"embeddable":true,"href":"https:\/\/www.schoenehaut.de\/en\/wp-json\/wp\/v2\/users\/1"}],"replies":[{"embeddable":true,"href":"https:\/\/www.schoenehaut.de\/en\/wp-json\/wp\/v2\/comments?post=3282"}],"version-history":[{"count":10,"href":"https:\/\/www.schoenehaut.de\/en\/wp-json\/wp\/v2\/pages\/3282\/revisions"}],"predecessor-version":[{"id":5630,"href":"https:\/\/www.schoenehaut.de\/en\/wp-json\/wp\/v2\/pages\/3282\/revisions\/5630"}],"wp:attachment":[{"href":"https:\/\/www.schoenehaut.de\/en\/wp-json\/wp\/v2\/media?parent=3282"}],"curies":[{"name":"wp","href":"https:\/\/api.w.org\/{rel}","templated":true}]}}