{"id":681,"date":"2026-01-29T11:34:42","date_gmt":"2026-01-29T10:34:42","guid":{"rendered":"https:\/\/www.schoenehaut.de\/?page_id=681"},"modified":"2026-03-24T15:08:30","modified_gmt":"2026-03-24T14:08:30","slug":"falten-anti-aging","status":"publish","type":"page","link":"https:\/\/www.schoenehaut.de\/en\/hautbeduerfnis\/falten-anti-aging\/","title":{"rendered":"Falten &amp; Anti Aging\u00a0"},"content":{"rendered":"\n<div style=\"height:213px\" aria-hidden=\"true\" class=\"hide-on-mobile wp-block-spacer\"><\/div>\n\n\n\n<div style=\"height:100px\" aria-hidden=\"true\" class=\"hide-on-desktop wp-block-spacer\"><\/div>\n\n\n\n<div class=\"wp-block-columns is-style-big-gap is-layout-flex wp-container-core-columns-is-layout-28f84493 wp-block-columns-is-layout-flex\">\n<div class=\"wp-block-column is-vertically-aligned-top is-layout-flow wp-block-column-is-layout-flow\"><div class=\"splide has-pagination-center is-style-portrait-contained wp-block-huishu-block-hu-splide-slider\" aria-labelledby=\"\" data-splide=\"{&quot;type&quot;:&quot;fade&quot;,&quot;perPage&quot;:1,&quot;arrows&quot;:true,&quot;autoplay&quot;:true,&quot;speed&quot;:1500,&quot;interval&quot;:4000,&quot;pagination&quot;:true,&quot;rewind&quot;:&quot;true&quot;}\">\n    <div class=\"splide__track\">\n        <ul class=\"splide__list\">\n\n<li class=\"wp-block-huishu-block-splide-slide splide__slide\">\n<figure class=\"wp-block-image size-full is-resized is-style-rounded\"><img loading=\"lazy\" decoding=\"async\" width=\"2000\" height=\"1121\" src=\"https:\/\/www.schoenehaut.de\/wp-content\/uploads\/2026\/02\/AdobeStock_1628764124_Preview.jpeg\" alt=\"\" class=\"wp-image-2460\" style=\"aspect-ratio:2\/1;object-fit:cover;width:auto;height:896px\"\/><\/figure>\n<\/li>\n\n\n\n<li class=\"wp-block-huishu-block-splide-slide splide__slide\">\n<figure class=\"wp-block-image size-full is-resized is-style-rounded\"><img loading=\"lazy\" decoding=\"async\" width=\"2000\" height=\"1125\" src=\"https:\/\/www.schoenehaut.de\/wp-content\/uploads\/2026\/02\/Bilder-Quer-15.jpg\" alt=\"\" class=\"wp-image-2308\" style=\"aspect-ratio:2\/1;object-fit:cover;width:auto;height:896px\"\/><\/figure>\n<\/li>\n\n<\/ul>    <\/div>\n            <div class=\"splide__arrows \"><button class=\"splide__arrow splide__arrow--prev\">\n\t\t\t<i class=\"icon-chevron-left-slider\" aria-label=\"Zum vorherigen Slide\"><\/i>\n\t\t<\/button>\n\t\t<button class=\"splide__arrow splide__arrow--next\">\n\t\t\t<i class=\"icon-chevron-right-slider\" aria-label=\"Zum n\u00e4chsten Slide\"><\/i>\n\t\t<\/button><\/div>\n        <\/div><\/div>\n\n\n\n<div class=\"wp-block-column is-layout-flow wp-block-column-is-layout-flow\">\n<h1 class=\"wp-block-heading is-style-h4 has-large-font-size\">Falten- und Anti-Aging-Behandlung:<\/h1>\n\n\n\n<h2 class=\"wp-block-heading\" style=\"margin-top:var(--wp--preset--spacing--subtitle)\">Weniger Falten ohne OP<\/h2>\n\n\n\n<p class=\"is-style-category has-large-font-size\">Nat\u00fcrlich j\u00fcnger aussehen \u2013 individuell und effektiv <\/p>\n\n\n\n<p>Mit zunehmendem Alter ver\u00e4ndern sich Struktur, Spannkraft und Feuchtigkeitsgehalt der Haut. Feine Linien, mimische Falten oder tiefere Falten k\u00f6nnen entstehen \u2013 oft fr\u00fcher, als man sich innerlich f\u00fchlt. Auch \u00e4u\u00dfere Faktoren wie Sonneneinstrahlung, Trockenheit oder unzureichende Hautpflege spielen dabei eine Rolle. <\/p>\n\n\n\n<p>In der Praxis SCH\u00d6NE HAUT Berlin beraten wir Sie ausf\u00fchrlich und individuell, um die f\u00fcr Sie passende Anti-Aging-Behandlung zu finden. Ziel ist ein frisches, erholtes Erscheinungsbild \u2013 nat\u00fcrlich, harmonisch und auf Ihre Haut abgestimmt.<\/p>\n\n\n\n<div class=\"wp-block-buttons is-layout-flex wp-block-buttons-is-layout-flex\">\n<div class=\"wp-block-button is-style-fill\"><a class=\"wp-block-button__link wp-element-button\" href=\"https:\/\/www.schoenehaut.de\/kontakt#kontakt\">Jetzt Termin buchen<\/a><\/div>\n<\/div>\n<\/div>\n<\/div>\n\n\n\n<div class=\"wp-block-group alignfull has-white-background-color has-background has-global-padding is-layout-constrained wp-block-group-is-layout-constrained\">\n<div class=\"wp-block-columns is-layout-flex wp-container-core-columns-is-layout-f0342b05 wp-block-columns-is-layout-flex\" style=\"margin-top:0;margin-bottom:0\">\n<div class=\"wp-block-column is-layout-flow wp-block-column-is-layout-flow\" style=\"flex-basis:60%\">\n<div style=\"height:61px\" aria-hidden=\"true\" class=\"wp-block-spacer\"><\/div>\n\n\n\n<h2 class=\"wp-block-heading is-style-h2\">Unsere Anti-Aging-Behandlungs&shy;optionen<\/h2>\n\n\n\n<p>Je nach Art der Falten, der Hautbeschaffenheit und der pers\u00f6nlichen Ziele stehen moderne medizinisch-\u00e4sthetische Verfahren zur Verf\u00fcgung:<\/p>\n\n\n\n<p class=\"is-style-default has-large-font-size\">Injektionsbehandlungen<\/p>\n\n\n\n<figure class=\"wp-block-flexible-table-block-table\"><table class=\"has-fixed-layout is-stacked-on-mobile\"><tbody><tr><th scope=\"row\"><a href=\"https:\/\/www.schoenehaut.de\/aesthetik\/botulinumtoxin-botox\/\" data-type=\"page\" data-id=\"739\"><strong>Botulinumtoxin (Botox):<\/strong><\/a><\/th><td>Entspannt gezielt die Muskulatur und mildert mimische Falten wie Zornes-, Stirn- oder Kr\u00e4henf\u00fc\u00dfe.<\/td><\/tr><tr><th scope=\"row\"><a href=\"https:\/\/www.schoenehaut.de\/aesthetik\/hyaluron\/\" data-type=\"page\" data-id=\"737\"><strong>Hyalurons\u00e4ure:<\/strong><\/a><\/th><td>Gl\u00e4ttet Falten und stellt Volumen wieder her \u2013 f\u00fcr sanfte Konturen und ein nat\u00fcrliches Ergebnis.<\/td><\/tr><tr><th scope=\"row\"><a href=\"https:\/\/www.schoenehaut.de\/aesthetik\/biostimulation-bei-hautstraffung__trashed\/calciumhydroxilapatit-radiesse\/\" data-type=\"page\" data-id=\"943\"><strong>Calciumhydroxylapatit (CaHA):<\/strong><\/a><\/th><td>Ein biostimulierender Filler, der nicht nur Volumen aufbaut, sondern vor allem die k\u00f6rpereigene Kollagenbildung anregt. Calciumhydroxylapatit eignet sich besonders zur Hautstraffung, Konturverbesserung und zur Behandlung von Volumenverlust, z. B. im Wangen-, Kinn- oder Kieferbereich. Das Ergebnis wirkt nat\u00fcrlich und verbessert sich mit der Zeit.<\/td><\/tr><tr><th scope=\"row\"><a href=\"https:\/\/www.schoenehaut.de\/aesthetik\/biostimulation-bei-hautstraffung__trashed\/profhilo-structura\/\" data-type=\"page\" data-id=\"1006\"><strong>Profhilo\u00ae Structura:<\/strong><\/a><\/th><td>Ein spezieller Hyaluron-Biostimulator zur Verbesserung der Hautstruktur und Festigkeit, besonders bei Volumenverlust und nachlassender Spannkraft.<\/td><\/tr><\/tbody><\/table><\/figure>\n\n\n\n<div style=\"height:61px\" aria-hidden=\"true\" class=\"wp-block-spacer\"><\/div>\n<\/div>\n\n\n\n<div class=\"hide-on-mobile wp-block-column is-layout-flow wp-block-column-is-layout-flow\" style=\"flex-basis:5%\"><\/div>\n\n\n\n<div class=\"hide-on-mobile wp-block-column is-layout-flow wp-block-column-is-layout-flow\" style=\"flex-basis:35.9%\">\n<figure class=\"hide-on-mobile wp-block-image size-full is-resized is-style-right-edge\"><img loading=\"lazy\" decoding=\"async\" width=\"2000\" height=\"1333\" src=\"https:\/\/www.schoenehaut.de\/wp-content\/uploads\/2026\/02\/istockphoto-1050196682-2048x2048-1.jpg\" alt=\"\" class=\"wp-image-3812\" style=\"width:auto;height:1100px\"\/><\/figure>\n<\/div>\n<\/div>\n<\/div>\n\n\n\n<div class=\"wp-block-columns is-style-medium-gap is-layout-flex wp-container-core-columns-is-layout-28f84493 wp-block-columns-is-layout-flex\">\n<div class=\"wp-block-column is-layout-flow wp-block-column-is-layout-flow\">\n<figure class=\"wp-block-image size-full is-style-rounded\"><img loading=\"lazy\" decoding=\"async\" width=\"2000\" height=\"1333\" src=\"https:\/\/www.schoenehaut.de\/wp-content\/uploads\/2026\/02\/AdobeStock_759132004_Preview.jpeg\" alt=\"\" class=\"wp-image-2435\"\/><\/figure>\n<\/div>\n\n\n\n<div class=\"wp-block-column is-layout-flow wp-block-column-is-layout-flow\">\n<p class=\"is-style-default has-large-font-size\">Biostimulatoren &amp; regenerative Verfahren<\/p>\n\n\n\n<figure class=\"wp-block-flexible-table-block-table\"><table class=\"has-fixed-layout is-stacked-on-mobile\"><tbody><tr><th scope=\"row\"><a href=\"https:\/\/www.schoenehaut.de\/aesthetik\/biostimulation-mesotherapie\/polynukleotide-pdrn-salmon-sperm-lift\/\" data-type=\"page\" data-id=\"935\"><strong>Polynukleotide (z. B. Salmon Sperm):<\/strong><\/a><\/th><td>F\u00f6rdern die Zellregeneration, verbessern die Hautqualit\u00e4t und sorgen f\u00fcr mehr Elastizit\u00e4t und Strahlkraft.<\/td><\/tr><tr><th scope=\"row\"><a href=\"https:\/\/www.schoenehaut.de\/aesthetik\/biostimulation-mesotherapie\/exosomen\/\" data-type=\"page\" data-id=\"939\"><strong>Exosomen:<\/strong><\/a><\/th><td>Unterst\u00fctzen die Zellerneuerung und Regeneration \u2013 ideal zur Verbesserung der Hautstruktur und als Erg\u00e4nzung zu anderen Anti-Aging-Behandlungen.<\/td><\/tr><tr><th scope=\"row\"><a href=\"https:\/\/www.schoenehaut.de\/aesthetik\/biostimulation-mesotherapie\/vampire-lift-prp\/\" data-type=\"page\" data-id=\"941\"><strong>PRP-Therapie (Eigenblutbehandlung):<\/strong><\/a><\/th><td>K\u00f6rpereigenes Blutplasma stimuliert die Kollagenbildung und verbessert die Hautqualit\u00e4t nachhaltig.<\/td><\/tr><tr><th scope=\"row\"><a href=\"https:\/\/www.schoenehaut.de\/aesthetik\/biostimulation-mesotherapie\/\" data-type=\"page\" data-id=\"743\"><strong>Mesotherapie:<\/strong><\/a><\/th><td>Versorgt die Haut intensiv mit Feuchtigkeit und ausgew\u00e4hlten Wirkstoffen \u2013 ideal bei m\u00fcder Haut und feinen Trockenheitsf\u00e4ltchen.<\/td><\/tr><\/tbody><\/table><\/figure>\n<\/div>\n<\/div>\n\n\n\n<div class=\"wp-block-columns is-style-medium-gap is-layout-flex wp-container-core-columns-is-layout-28f84493 wp-block-columns-is-layout-flex\">\n<div class=\"wp-block-column is-layout-flow wp-block-column-is-layout-flow\">\n<p class=\"is-style-h3 has-large-font-size\">Hautstraffung &amp; Strukturverbesserung<\/p>\n\n\n\n<figure class=\"wp-block-flexible-table-block-table\"><table class=\"has-fixed-layout is-stacked-on-mobile\"><tbody><tr><th scope=\"row\">Radiofrequenz-Needling (<a href=\"https:\/\/www.schoenehaut.de\/institut\/potenza-radiofrequenz-needling\/\" data-type=\"page\" data-id=\"1018\"><strong>Potenza\u2122<\/strong><\/a>):<\/th><td>Kombiniert Mikro-Needling mit W\u00e4rmeenergie, um die Kollagenproduktion anzuregen und die Haut zu straffen.<\/td><\/tr><tr><th scope=\"row\">eCO2-Laser:<\/th><td>Erneuert die Hautoberfl\u00e4che mithilfe pr\u00e4ziser Laserenergie und verbessert Hautstruktur, feine Linien und Narben.<\/td><\/tr><tr><th scope=\"row\"><a href=\"https:\/\/www.schoenehaut.de\/aesthetik\/fadenlifting\/\" data-type=\"page\" data-id=\"753\"><strong>Fadenlifting:<\/strong><\/a><\/th><td>Straffung und leichte Anhebung erschlaffter Hautpartien durch resorbierbare F\u00e4den \u2013 ohne operativen Eingriff.<\/td><\/tr><\/tbody><\/table><\/figure>\n<\/div>\n\n\n\n<div class=\"wp-block-column is-layout-flow wp-block-column-is-layout-flow\">\n<figure class=\"wp-block-image size-full is-style-rounded\"><img decoding=\"async\" src=\"https:\/\/www.schoenehaut.de\/wp-content\/uploads\/2026\/02\/istockphoto-1412467567-1024x1024-1.jpg\" alt=\"\" class=\"wp-image-2547\"\/><\/figure>\n<\/div>\n<\/div>\n\n\n\n<div class=\"wp-block-columns is-style-medium-gap is-layout-flex wp-container-core-columns-is-layout-28f84493 wp-block-columns-is-layout-flex\">\n<div class=\"wp-block-column is-layout-flow wp-block-column-is-layout-flow\">\n<figure class=\"hide-on-mobile wp-block-image size-full is-style-rounded\"><img loading=\"lazy\" decoding=\"async\" width=\"2000\" height=\"1121\" src=\"https:\/\/www.schoenehaut.de\/wp-content\/uploads\/2026\/02\/AdobeStock_807796786_Preview.jpeg\" alt=\"\" class=\"wp-image-2436\"\/><\/figure>\n<\/div>\n\n\n\n<div class=\"wp-block-column is-layout-flow wp-block-column-is-layout-flow\">\n<p class=\"is-style-h3 has-large-font-size\">Hauterneuerung &amp; Pflege<\/p>\n\n\n\n<figure class=\"wp-block-flexible-table-block-table\"><table class=\"has-fixed-layout is-stacked-on-mobile\"><tbody><tr><th scope=\"row\"><a href=\"https:\/\/www.schoenehaut.de\/institut\/peelings\/\" data-type=\"page\" data-id=\"837\"><strong>Medizinische Peelings:<\/strong><\/a><\/th><td>Entfernen abgestorbene Hautzellen, regen die Zellerneuerung an und sorgen f\u00fcr ein ebenm\u00e4\u00dfigeres, frischeres Hautbild.<\/td><\/tr><tr><th scope=\"row\"><a href=\"https:\/\/www.schoenehaut.de\/institut\/jetpeel\/\" data-type=\"page\" data-id=\"833\"><strong>JetPeel\u2122:<\/strong><\/a><\/th><td>Nicht-invasive Behandlung mit Hochdrucktechnologie, die Wirkstoffe tief in die Haut einschleust \u2013 f\u00fcr intensive Hydration, Frische und sofortigen Glow.<\/td><\/tr><tr><th scope=\"row\"><a href=\"https:\/\/www.schoenehaut.de\/institut\/hydrafacial-syndeo\/\" data-type=\"page\" data-id=\"831\"><strong>HydraFacial\u00ae:<\/strong><\/a><\/th><td>Mehrstufige Behandlung zur Tiefenreinigung, zum Peeling und zur intensiven Feuchtigkeitsversorgung \u2013 ideal f\u00fcr ein klares, strahlendes Hautbild ohne Ausfallzeit.<\/td><\/tr><\/tbody><\/table><\/figure>\n<\/div>\n<\/div>\n\n\n\n<div class=\"wp-block-columns is-style-medium-gap is-layout-flex wp-container-core-columns-is-layout-28f84493 wp-block-columns-is-layout-flex\">\n<div class=\"wp-block-column is-layout-flow wp-block-column-is-layout-flow\"><\/div>\n\n\n\n<div class=\"wp-block-column is-layout-flow wp-block-column-is-layout-flow\"><\/div>\n<\/div>\n\n\n\n<div class=\"hide-on-mobile wp-block-cover alignfull is-light\" style=\"min-height:800px;aspect-ratio:unset;\"><img loading=\"lazy\" decoding=\"async\" width=\"1920\" height=\"509\" class=\"wp-block-cover__image-background wp-image-297 size-full\" alt=\"\" src=\"https:\/\/www.schoenehaut.de\/wp-content\/uploads\/2026\/01\/Rectangle-2.png\" style=\"object-position:13% 45%\" data-object-fit=\"cover\" data-object-position=\"13% 45%\"\/><span aria-hidden=\"true\" class=\"wp-block-cover__background has-background-dim-0 has-background-dim\" style=\"background-color:#b0998c\"><\/span><div class=\"wp-block-cover__inner-container has-global-padding is-layout-constrained wp-block-cover-is-layout-constrained\">\n<div class=\"wp-block-columns is-layout-flex wp-container-core-columns-is-layout-28f84493 wp-block-columns-is-layout-flex\">\n<div class=\"hide-on-mobile wp-block-column is-layout-flow wp-block-column-is-layout-flow\"><\/div>\n\n\n\n<div class=\"wp-block-column is-layout-flow wp-block-column-is-layout-flow\">\n<h2 class=\"wp-block-heading has-white-color has-text-color has-link-color wp-elements-65a007312f8c91a41c7c8e43bac98bcc\">Die richtige Anti-Aging-Behand&shy;lung f\u00fcr Ihre Haut<\/h2>\n\n\n\n<p class=\"has-white-color has-text-color has-link-color wp-elements-8cfdf5019c235144126cd08a10ad390f\">Falten entstehen aus unterschiedlichen Gr\u00fcnden und ben\u00f6tigen deshalb individuelle Behandlungsans\u00e4tze. Feine Linien k\u00f6nnen durch Feuchtigkeitsmangel oder \u00e4u\u00dfere Einfl\u00fcsse verursacht sein, w\u00e4hrend tiefere Falten meist Teil des nat\u00fcrlichen Alterungsprozesses sind.<\/p>\n\n\n\n<p class=\"has-white-color has-text-color has-link-color wp-elements-0f838c8232f6863eeaf2cbfe146d13c3\">Unsere \u00c4rztinnen und \u00c4rzte nehmen sich Zeit f\u00fcr eine pers\u00f6nliche Beratung und entwickeln ein auf Ihre Haut abgestimmtes Behandlungskonzept. Dabei stehen Nat\u00fcrlichkeit, Sicherheit und medizinische Qualit\u00e4t im Mittelpunkt.<\/p>\n<\/div>\n<\/div>\n<\/div><\/div>\n\n\n\n<div class=\"hide-on-desktop wp-block-cover alignfull is-light\" style=\"min-height:800px;aspect-ratio:unset;\"><img loading=\"lazy\" decoding=\"async\" width=\"1920\" height=\"509\" class=\"wp-block-cover__image-background wp-image-297 size-full\" alt=\"\" src=\"https:\/\/www.schoenehaut.de\/wp-content\/uploads\/2026\/01\/Rectangle-2.png\" style=\"object-position:100% 45%\" data-object-fit=\"cover\" data-object-position=\"100% 45%\"\/><span aria-hidden=\"true\" class=\"wp-block-cover__background has-background-dim-0 has-background-dim\" style=\"background-color:#b0998c\"><\/span><div class=\"wp-block-cover__inner-container has-global-padding is-layout-constrained wp-block-cover-is-layout-constrained\">\n<div class=\"wp-block-columns is-layout-flex wp-container-core-columns-is-layout-28f84493 wp-block-columns-is-layout-flex\">\n<div class=\"hide-on-mobile wp-block-column is-layout-flow wp-block-column-is-layout-flow\"><\/div>\n\n\n\n<div class=\"wp-block-column is-layout-flow wp-block-column-is-layout-flow\">\n<h2 class=\"wp-block-heading has-white-color has-text-color has-link-color wp-elements-65a007312f8c91a41c7c8e43bac98bcc\">Die richtige Anti-Aging-Behand&shy;lung f\u00fcr Ihre Haut<\/h2>\n\n\n\n<p class=\"has-white-color has-text-color has-link-color wp-elements-8cfdf5019c235144126cd08a10ad390f\">Falten entstehen aus unterschiedlichen Gr\u00fcnden und ben\u00f6tigen deshalb individuelle Behandlungsans\u00e4tze. Feine Linien k\u00f6nnen durch Feuchtigkeitsmangel oder \u00e4u\u00dfere Einfl\u00fcsse verursacht sein, w\u00e4hrend tiefere Falten meist Teil des nat\u00fcrlichen Alterungsprozesses sind.<\/p>\n\n\n\n<p class=\"has-white-color has-text-color has-link-color wp-elements-0f838c8232f6863eeaf2cbfe146d13c3\">Unsere \u00c4rztinnen und \u00c4rzte nehmen sich Zeit f\u00fcr eine pers\u00f6nliche Beratung und entwickeln ein auf Ihre Haut abgestimmtes Behandlungskonzept. Dabei stehen Nat\u00fcrlichkeit, Sicherheit und medizinische Qualit\u00e4t im Mittelpunkt.<\/p>\n<\/div>\n<\/div>\n<\/div><\/div>\n\n\n\n<div class=\"wp-block-columns is-style-medium-gap is-layout-flex wp-container-core-columns-is-layout-28f84493 wp-block-columns-is-layout-flex\">\n<div class=\"wp-block-column is-layout-flow wp-block-column-is-layout-flow\">\n<h2 class=\"wp-block-heading\">Schritt f\u00fcr Schritt zu Ihrem Anti-Aging-Behandlungs&shy;konzept<\/h2>\n\n\n\n<details class=\"wp-block-huishu-agentur-huishu-faq-block\"><summary><span>1. Pers\u00f6nliche Beratung<\/span><\/summary><div class=\"faq-details is-layout-flow\">\n<p>Wir analysieren Ihre Haut, besprechen Ihre W\u00fcnsche und kl\u00e4ren realistisch, welche Ergebnisse m\u00f6glich sind.<\/p>\n<\/div><\/details>\n\n\n\n<details class=\"wp-block-huishu-agentur-huishu-faq-block\"><summary><span>2. Individuelle Behandlung<\/span><\/summary><div class=\"faq-details is-layout-flow\">\n<p>Wir w\u00e4hlen die passende Methode oder eine sinnvolle Kombination \u2013 abgestimmt auf Ihre Haut und Ihre Ziele.<\/p>\n<\/div><\/details>\n\n\n\n<details class=\"wp-block-huishu-agentur-huishu-faq-block\"><summary><span>3. Nachsorge &amp; Pflegeempfehlung<\/span><\/summary><div class=\"faq-details is-layout-flow\">\n<p>Sie erhalten Empfehlungen zur optimalen Nachsorge und Hautpflege, um das Ergebnis langfristig zu erhalten.<\/p>\n<\/div><\/details>\n<\/div>\n\n\n\n<div class=\"wp-block-column is-layout-flow wp-block-column-is-layout-flow\">\n<figure class=\"wp-block-image size-full is-style-rounded\"><img loading=\"lazy\" decoding=\"async\" width=\"2000\" height=\"1121\" src=\"https:\/\/www.schoenehaut.de\/wp-content\/uploads\/2026\/02\/AdobeStock_1620291611_Preview.jpeg\" alt=\"\" class=\"wp-image-2459\"\/><\/figure>\n<\/div>\n<\/div>\n\n\n\n<div class=\"wp-block-group alignfull has-white-background-color has-background has-global-padding is-layout-constrained wp-block-group-is-layout-constrained\">\n<div class=\"wp-block-columns is-layout-flex wp-container-core-columns-is-layout-f0342b05 wp-block-columns-is-layout-flex\" style=\"margin-top:0;margin-bottom:0\">\n<div class=\"hide-on-mobile wp-block-column is-layout-flow wp-block-column-is-layout-flow\" style=\"flex-basis:35.9%\">\n<figure class=\"wp-block-image size-full is-resized is-style-left-edge\"><img loading=\"lazy\" decoding=\"async\" width=\"2000\" height=\"1334\" src=\"https:\/\/www.schoenehaut.de\/wp-content\/uploads\/2026\/01\/RL01202_6345.jpg\" alt=\"\" class=\"wp-image-1212\" style=\"width:auto;height:500px\"\/><\/figure>\n<\/div>\n\n\n\n<div class=\"hide-on-mobile wp-block-column is-layout-flow wp-block-column-is-layout-flow\" style=\"flex-basis:5%\"><\/div>\n\n\n\n<div class=\"wp-block-column is-vertically-aligned-center is-layout-flow wp-block-column-is-layout-flow\" style=\"flex-basis:60%\">\n<div style=\"height:61px\" aria-hidden=\"true\" class=\"wp-block-spacer\"><\/div>\n\n\n\n<h2 class=\"wp-block-heading is-style-h2\">Ihre Vorteile bei uns<\/h2>\n\n\n\n<figure class=\"wp-block-table is-style-details\"><table class=\"has-fixed-layout\"><tbody><tr><td>Sichtbare Hautverj\u00fcngung:<\/td><td>Ihre Haut wirkt glatter, frischer und erholter.<\/td><\/tr><tr><td>Mehr Wohlbefinden:<\/td><td>Ein positives Hautbild st\u00e4rkt Ihr Selbstbewusstsein.<\/td><\/tr><tr><td>Individuelle Behandlung:<\/td><td>Keine Standardl\u00f6sungen \u2013 jede Therapie wird exakt auf Sie abgestimmt.<\/td><\/tr><\/tbody><\/table><\/figure>\n\n\n\n<div style=\"height:61px\" aria-hidden=\"true\" class=\"wp-block-spacer\"><\/div>\n<\/div>\n<\/div>\n<\/div>\n\n\n\n<div class=\"wp-block-columns is-layout-flex wp-container-core-columns-is-layout-28f84493 wp-block-columns-is-layout-flex\">\n<div class=\"wp-block-column is-layout-flow wp-block-column-is-layout-flow\">\n<div class=\"wp-block-columns is-layout-flex wp-container-core-columns-is-layout-28f84493 wp-block-columns-is-layout-flex\">\n<div class=\"wp-block-column is-layout-flow wp-block-column-is-layout-flow\">\n<h2 class=\"wp-block-heading\">Weitere Behandlungen<\/h2>\n\n\n\n<div class=\"wp-block-group has-global-padding is-layout-constrained wp-block-group-is-layout-constrained\"><div class=\"schoenehaut-behandlungs-grid wp-block-schoenehaut-behandlungs-kacheln\"><a href=\"https:\/\/www.schoenehaut.de\/en\/aesthetik\/operative-oberlidstraffung\/\" class=\"behandlungs-tile\" aria-label=\"Operative Augenlidstraffung\">\n                <img decoding=\"async\" src=\"https:\/\/www.schoenehaut.de\/wp-content\/uploads\/2026\/02\/AdobeStock_1304684669_Preview.jpeg\" alt=\"\" class=\"tile-image\" aria-hidden=\"true\">\n                <span class=\"tile-title\">Operative Augenlidstraffung<\/span>\n            <\/a><a href=\"https:\/\/www.schoenehaut.de\/en\/institut\/potenza-radiofrequenz-needling\/\" class=\"behandlungs-tile\" aria-label=\"Potenza\u2122\">\n                <img decoding=\"async\" src=\"https:\/\/www.schoenehaut.de\/wp-content\/uploads\/2026\/03\/istockphoto-1488371906-1024x1024-1.jpg\" alt=\"\" class=\"tile-image\" aria-hidden=\"true\">\n                <span class=\"tile-title\">Potenza\u2122<\/span>\n            <\/a><a href=\"https:\/\/www.schoenehaut.de\/en\/institut\/hydrafacial-syndeo\/\" class=\"behandlungs-tile\" aria-label=\"HydraFacial\u00ae\">\n                <img decoding=\"async\" src=\"https:\/\/www.schoenehaut.de\/wp-content\/uploads\/2026\/02\/AdobeStock_953124479_Preview.jpeg\" alt=\"\" class=\"tile-image\" aria-hidden=\"true\">\n                <span class=\"tile-title\">HydraFacial\u00ae<\/span>\n            <\/a><\/div><\/div>\n<\/div>\n<\/div>\n<\/div>\n<\/div>\n","protected":false},"excerpt":{"rendered":"<p>Falten- und Anti-Aging-Behandlung: Weniger Falten ohne OP Nat\u00fcrlich j\u00fcnger aussehen \u2013 individuell und effektiv Mit zunehmendem Alter ver\u00e4ndern sich Struktur, Spannkraft und Feuchtigkeitsgehalt der Haut. Feine Linien, mimische Falten oder tiefere Falten k\u00f6nnen entstehen \u2013 oft fr\u00fcher, als man sich innerlich f\u00fchlt. Auch \u00e4u\u00dfere Faktoren wie Sonneneinstrahlung, Trockenheit oder unzureichende Hautpflege spielen dabei eine Rolle. [&hellip;]<\/p>\n","protected":false},"author":1,"featured_media":0,"parent":677,"menu_order":1,"comment_status":"closed","ping_status":"closed","template":"","meta":{"footnotes":""},"class_list":["post-681","page","type-page","status-publish","hentry"],"_links":{"self":[{"href":"https:\/\/www.schoenehaut.de\/en\/wp-json\/wp\/v2\/pages\/681","targetHints":{"allow":["GET"]}}],"collection":[{"href":"https:\/\/www.schoenehaut.de\/en\/wp-json\/wp\/v2\/pages"}],"about":[{"href":"https:\/\/www.schoenehaut.de\/en\/wp-json\/wp\/v2\/types\/page"}],"author":[{"embeddable":true,"href":"https:\/\/www.schoenehaut.de\/en\/wp-json\/wp\/v2\/users\/1"}],"replies":[{"embeddable":true,"href":"https:\/\/www.schoenehaut.de\/en\/wp-json\/wp\/v2\/comments?post=681"}],"version-history":[{"count":102,"href":"https:\/\/www.schoenehaut.de\/en\/wp-json\/wp\/v2\/pages\/681\/revisions"}],"predecessor-version":[{"id":5895,"href":"https:\/\/www.schoenehaut.de\/en\/wp-json\/wp\/v2\/pages\/681\/revisions\/5895"}],"up":[{"embeddable":true,"href":"https:\/\/www.schoenehaut.de\/en\/wp-json\/wp\/v2\/pages\/677"}],"wp:attachment":[{"href":"https:\/\/www.schoenehaut.de\/en\/wp-json\/wp\/v2\/media?parent=681"}],"curies":[{"name":"wp","href":"https:\/\/api.w.org\/{rel}","templated":true}]}}