{"id":697,"date":"2026-01-29T11:44:48","date_gmt":"2026-01-29T10:44:48","guid":{"rendered":"https:\/\/www.schoenehaut.de\/?page_id=697"},"modified":"2026-03-23T16:45:46","modified_gmt":"2026-03-23T15:45:46","slug":"narben-male","status":"publish","type":"page","link":"https:\/\/www.schoenehaut.de\/en\/hautbeduerfnis\/narben-male\/","title":{"rendered":"Narben &amp; Male"},"content":{"rendered":"\n<div style=\"height:213px\" aria-hidden=\"true\" class=\"hide-on-mobile wp-block-spacer\"><\/div>\n\n\n\n<div style=\"height:100px\" aria-hidden=\"true\" class=\"hide-on-desktop wp-block-spacer\"><\/div>\n\n\n\n<div class=\"wp-block-columns is-style-big-gap is-layout-flex wp-container-core-columns-is-layout-28f84493 wp-block-columns-is-layout-flex\">\n<div class=\"wp-block-column is-layout-flow wp-block-column-is-layout-flow\"><div class=\"splide has-pagination-center is-style-portrait-contained wp-block-huishu-block-hu-splide-slider\" aria-labelledby=\"\" data-splide=\"{&quot;type&quot;:&quot;fade&quot;,&quot;perPage&quot;:1,&quot;arrows&quot;:true,&quot;autoplay&quot;:true,&quot;speed&quot;:1500,&quot;interval&quot;:5000,&quot;pagination&quot;:true,&quot;rewind&quot;:&quot;true&quot;}\">\n    <div class=\"splide__track\">\n        <ul class=\"splide__list\">\n\n<li class=\"wp-block-huishu-block-splide-slide splide__slide\">\n<figure class=\"wp-block-image size-full is-resized is-style-rounded\"><img loading=\"lazy\" decoding=\"async\" width=\"2000\" height=\"1199\" src=\"https:\/\/www.schoenehaut.de\/wp-content\/uploads\/2026\/02\/istockphoto-1189899831-2048x2048-1.jpg\" alt=\"\" class=\"wp-image-3818\" style=\"aspect-ratio:2\/1;object-fit:cover;width:auto;height:896px\"\/><\/figure>\n<\/li>\n\n\n\n<li class=\"wp-block-huishu-block-splide-slide splide__slide\">\n<figure class=\"wp-block-image size-full is-resized is-style-rounded\"><img loading=\"lazy\" decoding=\"async\" width=\"1125\" height=\"2000\" src=\"https:\/\/www.schoenehaut.de\/wp-content\/uploads\/2026\/01\/Hochformat-9.jpg\" alt=\"\" class=\"wp-image-902\" style=\"aspect-ratio:2\/1;object-fit:cover;width:auto;height:896px\"\/><\/figure>\n<\/li>\n\n<\/ul>    <\/div>\n            <div class=\"splide__arrows \"><button class=\"splide__arrow splide__arrow--prev\">\n\t\t\t<i class=\"icon-chevron-left-slider\" aria-label=\"Zum vorherigen Slide\"><\/i>\n\t\t<\/button>\n\t\t<button class=\"splide__arrow splide__arrow--next\">\n\t\t\t<i class=\"icon-chevron-right-slider\" aria-label=\"Zum n\u00e4chsten Slide\"><\/i>\n\t\t<\/button><\/div>\n        <\/div><\/div>\n\n\n\n<div class=\"wp-block-column is-layout-flow wp-block-column-is-layout-flow\">\n<h2 class=\"wp-block-heading\">Narben&shy;behand&shy;lung in Berlin<\/h2>\n\n\n\n<p class=\"has-large-font-size\">Sichtbar glattere Haut. Individuell behandelt.<\/p>\n\n\n\n<p>Narben m\u00fcssen das Hautbild nicht dauerhaft bestimmen. In der Praxis SCH\u00d6NE HAUT Berlin bieten wir moderne, medizinisch fundierte Behandlungen f\u00fcr Akne-, OP-, Verletzungs- und Brandnarben.<br><br>Unser Ziel: glattere Haut, verbesserte Struktur und mehr Selbstbewusstsein \u2013 durch individuell abgestimmte Therapiekonzepte.<\/p>\n\n\n\n<div class=\"wp-block-buttons is-layout-flex wp-block-buttons-is-layout-flex\">\n<div class=\"wp-block-button is-style-fill\"><a class=\"wp-block-button__link wp-element-button\" href=\"https:\/\/www.schoenehaut.de\/kontakt\/#kontakt\">Jetzt Termin buchen<\/a><\/div>\n<\/div>\n<\/div>\n<\/div>\n\n\n\n<div class=\"wp-block-group alignfull has-white-background-color has-background has-global-padding is-layout-constrained wp-block-group-is-layout-constrained\">\n<div class=\"wp-block-columns is-layout-flex wp-container-core-columns-is-layout-f0342b05 wp-block-columns-is-layout-flex\" style=\"margin-top:0;margin-bottom:0\">\n<div class=\"wp-block-column is-layout-flow wp-block-column-is-layout-flow\" style=\"flex-basis:60%\">\n<div style=\"height:61px\" aria-hidden=\"true\" class=\"wp-block-spacer\"><\/div>\n\n\n\n<h2 class=\"wp-block-heading is-style-h2\">Moderne Narben&shy;behand&shy;lung \u2013 individuell &amp; effektiv<\/h2>\n\n\n\n<p>Narben entstehen durch gest\u00f6rte Heilungsprozesse in tieferen Hautschichten. Je nach Art und Tiefe setzen wir gezielt kombinierte Verfahren ein \u2013 von Laser \u00fcber Microneedling bis hin zu regenerativen Therapien.<\/p>\n\n\n\n<div style=\"height:61px\" aria-hidden=\"true\" class=\"wp-block-spacer\"><\/div>\n<\/div>\n\n\n\n<div class=\"hide-on-mobile wp-block-column is-layout-flow wp-block-column-is-layout-flow\" style=\"flex-basis:5%\"><\/div>\n\n\n\n<div class=\"hide-on-mobile wp-block-column is-layout-flow wp-block-column-is-layout-flow\" style=\"flex-basis:35.9%\">\n<figure class=\"wp-block-image size-full is-resized is-style-right-edge\"><img decoding=\"async\" src=\"https:\/\/www.schoenehaut.de\/wp-content\/uploads\/2026\/02\/istockphoto-1412467567-1024x1024-1.jpg\" alt=\"\" class=\"wp-image-2547\" style=\"width:auto;height:500px\"\/><\/figure>\n<\/div>\n<\/div>\n<\/div>\n\n\n\n<div class=\"wp-block-columns is-style-medium-gap is-layout-flex wp-container-core-columns-is-layout-28f84493 wp-block-columns-is-layout-flex\">\n<div class=\"wp-block-column is-layout-flow wp-block-column-is-layout-flow\">\n<figure class=\"wp-block-image size-full is-style-rounded\"><img decoding=\"async\" src=\"https:\/\/www.schoenehaut.de\/wp-content\/uploads\/2026\/02\/AdobeStock_454077583_Preview.jpeg\" alt=\"\" class=\"wp-image-2421\"\/><\/figure>\n<\/div>\n\n\n\n<div class=\"wp-block-column is-layout-flow wp-block-column-is-layout-flow\">\n<h2 class=\"wp-block-heading\">Unsere wich&shy;tigs&shy;ten Behand&shy;lungen<\/h2>\n\n\n\n<figure class=\"wp-block-flexible-table-block-table is-style-default\"><table class=\"has-fixed-layout is-stacked-on-mobile\"><tbody><tr><th scope=\"row\">eCO2-Laser<\/th><td>Intensive Hauterneuerung, Kollagenaufbau<\/td><td>Tiefe Akne- &amp; OP-Narben, Ritznarben<\/td><\/tr><tr><th scope=\"row\"><a href=\"https:\/\/www.schoenehaut.de\/institut\/potenza-radiofrequenz-needling\/\" data-type=\"page\" data-id=\"1018\"><strong>Potenza\u2122<\/strong><\/a> RF-Microneedling<\/th><td>Straffung &amp; Gl\u00e4ttung in der Tiefe<\/td><td>Aknenarben, unebenes Hautbild, <a href=\"https:\/\/www.schoenehaut.de\/hautbeduerfnis\/haut-gesicht\/grobporigkeit\/\" data-type=\"page\" data-id=\"695\">Grobporigkeit<\/a><\/td><\/tr><tr><th scope=\"row\">Medical Microneedling<\/th><td>Regeneration &amp; Strukturverbesserung<\/td><td>Mittlere und tiefe Narben<\/td><\/tr><tr><th scope=\"row\">Microneedling + PRP (Vampire Lift\u00ae)<\/th><td>Starke Kollagenstimulation<\/td><td>Regenerationsbed\u00fcrftige Haut, alle Arten von Narben au\u00dfer Keloiden<\/td><\/tr><tr><th scope=\"row\">Microneedling + Polynukleotide<\/th><td>Elastizit\u00e4t &amp; Zellaufbau, deutlich k\u00fcrzere Downtime<\/td><td>Mittlere und tiefe Narben &amp; Hautqualit\u00e4t<\/td><\/tr><tr><th scope=\"row\">Microneedling + Exosomen<\/th><td>Innovative Zellregeneration<\/td><td>Anspruchsvolle Hautbilder, mittlere und tiefe Narben &amp; Hautqualit\u00e4t<\/td><\/tr><\/tbody><\/table><\/figure>\n<\/div>\n<\/div>\n\n\n\n<div class=\"wp-block-columns is-style-medium-gap is-layout-flex wp-container-core-columns-is-layout-28f84493 wp-block-columns-is-layout-flex\">\n<div class=\"wp-block-column is-layout-flow wp-block-column-is-layout-flow\">\n<h2 class=\"wp-block-heading\">Weitere Optionen bei leichteren Narben<\/h2>\n\n\n\n<figure class=\"wp-block-flexible-table-block-table is-style-default\"><table class=\"has-fixed-layout is-stacked-on-mobile\"><tbody><tr><th scope=\"row\">Medizinische Peelings<\/th><td>Verfeinerung &amp; Ebenm\u00e4\u00dfigkeit<\/td><td>Oberfl\u00e4chliche Narben, Aknemale<\/td><\/tr><tr><th scope=\"row\">Retinol-Peeling<\/th><td>Zellerneuerung, Porenverfeinerung<\/td><td>Aknenarben &amp; Pigmente, Aknemale<\/td><\/tr><tr><th scope=\"row\">TCA-Peeling<\/th><td>Intensives Haut-Resurfacing<\/td><td>Tiefere Aknenarben<\/td><\/tr><tr><th scope=\"row\">HydraFacial\u00ae Syndeo\u2122<\/th><td>Reinigung &amp; Regeneration<\/td><td>Leichte Narben &amp; Aknemale<\/td><\/tr><\/tbody><\/table><\/figure>\n<\/div>\n\n\n\n<div class=\"wp-block-column is-layout-flow wp-block-column-is-layout-flow\">\n<figure class=\"wp-block-image size-full is-style-rounded\"><img loading=\"lazy\" decoding=\"async\" width=\"2000\" height=\"1121\" src=\"https:\/\/www.schoenehaut.de\/wp-content\/uploads\/2026\/02\/AdobeStock_1541430423_Preview.jpeg\" alt=\"\" class=\"wp-image-2454\"\/><\/figure>\n<\/div>\n<\/div>\n\n\n\n<div class=\"wp-block-group alignfull has-white-background-color has-background has-global-padding is-layout-constrained wp-block-group-is-layout-constrained\">\n<div class=\"wp-block-columns is-layout-flex wp-container-core-columns-is-layout-f0342b05 wp-block-columns-is-layout-flex\" style=\"margin-top:0;margin-bottom:0\">\n<div class=\"hide-on-mobile wp-block-column is-layout-flow wp-block-column-is-layout-flow\" style=\"flex-basis:35.9%\">\n<figure class=\"wp-block-image size-full is-resized is-style-left-edge\"><img loading=\"lazy\" decoding=\"async\" width=\"2000\" height=\"1334\" src=\"https:\/\/www.schoenehaut.de\/wp-content\/uploads\/2026\/01\/RL01202_6881.jpg\" alt=\"\" class=\"wp-image-906\" style=\"width:auto;height:500px\"\/><\/figure>\n<\/div>\n\n\n\n<div class=\"hide-on-mobile wp-block-column is-layout-flow wp-block-column-is-layout-flow\" style=\"flex-basis:5%\"><\/div>\n\n\n\n<div class=\"wp-block-column is-layout-flow wp-block-column-is-layout-flow\" style=\"flex-basis:60%\">\n<div style=\"height:61px\" aria-hidden=\"true\" class=\"wp-block-spacer\"><\/div>\n\n\n\n<h2 class=\"wp-block-heading is-style-h2\">Ihre Vorteile<\/h2>\n\n\n\n<ul class=\"wp-block-list\">\n<li>Ebenm\u00e4\u00dfigeres Hautbild<\/li>\n\n\n\n<li>Mehr Selbstvertrauen<\/li>\n\n\n\n<li>Individuelle Therapie statt Standardl\u00f6sungen<\/li>\n\n\n\n<li>Modernste Technologien &amp; medizinische Expertise<\/li>\n<\/ul>\n\n\n\n<div style=\"height:61px\" aria-hidden=\"true\" class=\"wp-block-spacer\"><\/div>\n<\/div>\n<\/div>\n<\/div>\n\n\n\n<div class=\"wp-block-columns is-layout-flex wp-container-core-columns-is-layout-28f84493 wp-block-columns-is-layout-flex\">\n<div class=\"wp-block-column is-layout-flow wp-block-column-is-layout-flow\">\n<h2 class=\"wp-block-heading\">Weitere Behandlungen<\/h2>\n\n\n\n<div class=\"wp-block-group has-global-padding is-layout-constrained wp-block-group-is-layout-constrained\"><div class=\"schoenehaut-behandlungs-grid wp-block-schoenehaut-behandlungs-kacheln\"><a href=\"https:\/\/www.schoenehaut.de\/en\/aesthetik\/fadenlifting\/\" class=\"behandlungs-tile\" aria-label=\"Fadenlifting\">\n                <img decoding=\"async\" src=\"https:\/\/www.schoenehaut.de\/wp-content\/uploads\/2026\/02\/AdobeStock_807796786_Preview.jpeg\" alt=\"\" class=\"tile-image\" aria-hidden=\"true\">\n                <span class=\"tile-title\">Fadenlifting<\/span>\n            <\/a><a href=\"https:\/\/www.schoenehaut.de\/en\/aesthetik\/laser-lidstraffung-ohne-op\/\" class=\"behandlungs-tile\" aria-label=\"Lidstraffung\">\n                <img decoding=\"async\" src=\"https:\/\/www.schoenehaut.de\/wp-content\/uploads\/2026\/02\/AdobeStock_1448106743_Preview.jpeg\" alt=\"\" class=\"tile-image\" aria-hidden=\"true\">\n                <span class=\"tile-title\">Lidstraffung<\/span>\n            <\/a><a href=\"https:\/\/www.schoenehaut.de\/en\/institut\/peelings\/\" class=\"behandlungs-tile\" aria-label=\"Peelings\">\n                <img decoding=\"async\" src=\"https:\/\/www.schoenehaut.de\/wp-content\/uploads\/2026\/02\/AdobeStock_988887908_Preview.jpeg\" alt=\"\" class=\"tile-image\" aria-hidden=\"true\">\n                <span class=\"tile-title\">Peelings<\/span>\n            <\/a><\/div><\/div>\n<\/div>\n<\/div>\n","protected":false},"excerpt":{"rendered":"<p>Narbenbehandlung in Berlin Sichtbar glattere Haut. Individuell behandelt. Narben m\u00fcssen das Hautbild nicht dauerhaft bestimmen. In der Praxis SCH\u00d6NE HAUT Berlin bieten wir moderne, medizinisch fundierte Behandlungen f\u00fcr Akne-, OP-, Verletzungs- und Brandnarben. Unser Ziel: glattere Haut, verbesserte Struktur und mehr Selbstbewusstsein \u2013 durch individuell abgestimmte Therapiekonzepte. Moderne Narbenbehandlung \u2013 individuell &amp; effektiv Narben entstehen [&hellip;]<\/p>\n","protected":false},"author":1,"featured_media":0,"parent":677,"menu_order":7,"comment_status":"closed","ping_status":"closed","template":"","meta":{"footnotes":""},"class_list":["post-697","page","type-page","status-publish","hentry"],"_links":{"self":[{"href":"https:\/\/www.schoenehaut.de\/en\/wp-json\/wp\/v2\/pages\/697","targetHints":{"allow":["GET"]}}],"collection":[{"href":"https:\/\/www.schoenehaut.de\/en\/wp-json\/wp\/v2\/pages"}],"about":[{"href":"https:\/\/www.schoenehaut.de\/en\/wp-json\/wp\/v2\/types\/page"}],"author":[{"embeddable":true,"href":"https:\/\/www.schoenehaut.de\/en\/wp-json\/wp\/v2\/users\/1"}],"replies":[{"embeddable":true,"href":"https:\/\/www.schoenehaut.de\/en\/wp-json\/wp\/v2\/comments?post=697"}],"version-history":[{"count":19,"href":"https:\/\/www.schoenehaut.de\/en\/wp-json\/wp\/v2\/pages\/697\/revisions"}],"predecessor-version":[{"id":5598,"href":"https:\/\/www.schoenehaut.de\/en\/wp-json\/wp\/v2\/pages\/697\/revisions\/5598"}],"up":[{"embeddable":true,"href":"https:\/\/www.schoenehaut.de\/en\/wp-json\/wp\/v2\/pages\/677"}],"wp:attachment":[{"href":"https:\/\/www.schoenehaut.de\/en\/wp-json\/wp\/v2\/media?parent=697"}],"curies":[{"name":"wp","href":"https:\/\/api.w.org\/{rel}","templated":true}]}}