{"id":701,"date":"2026-01-29T11:45:19","date_gmt":"2026-01-29T10:45:19","guid":{"rendered":"https:\/\/www.schoenehaut.de\/?page_id=701"},"modified":"2026-03-24T15:23:50","modified_gmt":"2026-03-24T14:23:50","slug":"stoerende-muttermale-hautveraenderungen","status":"publish","type":"page","link":"https:\/\/www.schoenehaut.de\/en\/hautbeduerfnis\/stoerende-muttermale-hautveraenderungen\/","title":{"rendered":"St\u00f6rende Muttermale, Hautver\u00e4nderungen"},"content":{"rendered":"\n<div style=\"height:213px\" aria-hidden=\"true\" class=\"hide-on-mobile wp-block-spacer\"><\/div>\n\n\n\n<div style=\"height:100px\" aria-hidden=\"true\" class=\"hide-on-desktop wp-block-spacer\"><\/div>\n\n\n\n<div class=\"wp-block-columns is-style-big-gap is-layout-flex wp-container-core-columns-is-layout-28f84493 wp-block-columns-is-layout-flex\">\n<div class=\"wp-block-column is-vertically-aligned-top is-layout-flow wp-block-column-is-layout-flow\"><div class=\"splide has-pagination-center is-style-portrait-contained wp-block-huishu-block-hu-splide-slider\" aria-labelledby=\"\" data-splide=\"{&quot;type&quot;:&quot;fade&quot;,&quot;perPage&quot;:1,&quot;arrows&quot;:true,&quot;autoplay&quot;:true,&quot;speed&quot;:1500,&quot;interval&quot;:5000,&quot;pagination&quot;:true,&quot;rewind&quot;:&quot;true&quot;}\">\n    <div class=\"splide__track\">\n        <ul class=\"splide__list\">\n\n<li class=\"wp-block-huishu-block-splide-slide splide__slide\">\n<figure class=\"wp-block-image size-full is-resized is-style-rounded\"><img loading=\"lazy\" decoding=\"async\" width=\"1333\" height=\"2000\" src=\"https:\/\/www.schoenehaut.de\/wp-content\/uploads\/2026\/02\/istockphoto-165831917-2048x2048-1.jpg\" alt=\"\" class=\"wp-image-3810\" style=\"aspect-ratio:2\/1;object-fit:cover;width:auto;height:896px\"\/><\/figure>\n<\/li>\n\n\n\n<li class=\"wp-block-huishu-block-splide-slide splide__slide\">\n<figure class=\"wp-block-image size-full is-resized is-style-rounded\"><img loading=\"lazy\" decoding=\"async\" width=\"2000\" height=\"1333\" src=\"https:\/\/www.schoenehaut.de\/wp-content\/uploads\/2026\/02\/istockphoto-1050196682-2048x2048-1.jpg\" alt=\"\" class=\"wp-image-3812\" style=\"aspect-ratio:2\/1;object-fit:cover;width:auto;height:896px\"\/><\/figure>\n<\/li>\n\n<\/ul>    <\/div>\n            <div class=\"splide__arrows \"><button class=\"splide__arrow splide__arrow--prev\">\n\t\t\t<i class=\"icon-chevron-left-slider\" aria-label=\"Zum vorherigen Slide\"><\/i>\n\t\t<\/button>\n\t\t<button class=\"splide__arrow splide__arrow--next\">\n\t\t\t<i class=\"icon-chevron-right-slider\" aria-label=\"Zum n\u00e4chsten Slide\"><\/i>\n\t\t<\/button><\/div>\n        <\/div><\/div>\n\n\n\n<div class=\"wp-block-column is-layout-flow wp-block-column-is-layout-flow\">\n<h2 class=\"wp-block-heading\">Ent&shy;fer&shy;nung st\u00f6&shy;render Haut&shy;ver&shy;\u00e4nderungen &amp; Mutter&shy;male<\/h2>\n\n\n\n<p class=\"has-large-font-size\">Medizinische Sicherheit und moderne Lasertherapie<\/p>\n\n\n\n<p>St\u00f6rende Hautver\u00e4nderungen wie Muttermale, Fibrome, Alterswarzen oder Gef\u00e4\u00dfver\u00e4nderungen k\u00f6nnen kosmetisch beeintr\u00e4chtigen \u2013 manchmal werfen sie aber auch medizinische Fragen auf. In der Praxis SCH\u00d6NE HAUT Berlin steht deshalb eines immer an erster Stelle: die fach\u00e4rztlich-dermatologische Begutachtung vor jeder Behandlung.<\/p>\n\n\n\n<div class=\"wp-block-buttons is-layout-flex wp-block-buttons-is-layout-flex\">\n<div class=\"wp-block-button is-style-fill\"><a class=\"wp-block-button__link wp-element-button\" href=\"https:\/\/www.schoenehaut.de\/kontakt\/#kontakt\">Jetzt Termin buchen<\/a><\/div>\n<\/div>\n<\/div>\n<\/div>\n\n\n\n<div class=\"wp-block-group alignfull has-white-background-color has-background has-global-padding is-layout-constrained wp-block-group-is-layout-constrained\">\n<div class=\"wp-block-columns is-layout-flex wp-container-core-columns-is-layout-f0342b05 wp-block-columns-is-layout-flex\" style=\"margin-top:0;margin-bottom:0\">\n<div class=\"wp-block-column is-layout-flow wp-block-column-is-layout-flow\" style=\"flex-basis:60%\">\n<div style=\"height:61px\" aria-hidden=\"true\" class=\"wp-block-spacer\"><\/div>\n\n\n\n<h2 class=\"wp-block-heading is-style-h2\">Langj\u00e4hrige dermatologische Expertise<\/h2>\n\n\n\n<p>Die Behandlung erfolgt unter der pers\u00f6nlichen Leitung von Dr. med. Meike Schr\u00f6der, Fach\u00e4rztin f\u00fcr Dermatologie mit langj\u00e4hriger Erfahrung in klassischer und \u00e4sthetischer Dermatologie. Ihre umfassende Expertise und ihr geschulter Blick erm\u00f6glichen eine sichere Einsch\u00e4tzung jeder Hautver\u00e4nderung \u2013 medizinisch fundiert und verantwortungsvoll.<\/p>\n\n\n\n<p>Bevor eine Entfernung erfolgt, wird Ihre Hautver\u00e4nderung sorgf\u00e4ltig untersucht. Der Ausschluss einer b\u00f6sartigen Ver\u00e4nderung (Malignit\u00e4t) ist dabei unverzichtbar. Erst wenn medizinisch eindeutig feststeht, dass es sich um eine gutartige L\u00e4sion handelt, kann eine \u00e4sthetische Behandlung erfolgen.<\/p>\n\n\n\n<div style=\"height:61px\" aria-hidden=\"true\" class=\"wp-block-spacer\"><\/div>\n<\/div>\n\n\n\n<div class=\"hide-on-mobile wp-block-column is-layout-flow wp-block-column-is-layout-flow\" style=\"flex-basis:5%\"><\/div>\n\n\n\n<div class=\"hide-on-mobile wp-block-column is-layout-flow wp-block-column-is-layout-flow\" style=\"flex-basis:35.9%\">\n<figure class=\"wp-block-image size-full is-resized is-style-right-edge\"><img loading=\"lazy\" decoding=\"async\" width=\"2000\" height=\"1333\" src=\"https:\/\/www.schoenehaut.de\/wp-content\/uploads\/2026\/02\/istockphoto-1050196742-2048x2048-1.jpg\" alt=\"\" class=\"wp-image-3813\" style=\"width:auto;height:900px\"\/><\/figure>\n<\/div>\n<\/div>\n<\/div>\n\n\n\n<div class=\"wp-block-columns is-style-medium-gap is-layout-flex wp-container-core-columns-is-layout-28f84493 wp-block-columns-is-layout-flex\">\n<div class=\"wp-block-column is-layout-flow wp-block-column-is-layout-flow\">\n<figure class=\"wp-block-image size-full is-style-rounded\"><img loading=\"lazy\" decoding=\"async\" width=\"2000\" height=\"1333\" src=\"https:\/\/www.schoenehaut.de\/wp-content\/uploads\/2026\/02\/istockphoto-1035778664-2048x2048-1.jpg\" alt=\"\" class=\"wp-image-3811\"\/><\/figure>\n<\/div>\n\n\n\n<div class=\"wp-block-column is-layout-flow wp-block-column-is-layout-flow\">\n<h2 class=\"wp-block-heading\">Sanfte, schonende und narbenarme Verfahren<\/h2>\n\n\n\n<p>Je nach Art, Gr\u00f6\u00dfe, Lage und Beschaffenheit der Hautver\u00e4nderung kommen individuell abgestimmte, moderne Methoden zum Einsatz:<\/p>\n\n\n\n<p>CO2-Laser zur pr\u00e4zisen und kontrollierten Abtragung gutartiger Hautver\u00e4nderungen<br>Gef\u00e4\u00dflaser zur Behandlung von sichtbaren \u00c4derchen und vaskul\u00e4ren L\u00e4sionen<br>Shave-Exzisionen bei erhabenen, gutartigen Hautver\u00e4nderungen<br>Kryotherapie (Vereisung) f\u00fcr ausgew\u00e4hlte Indikationen<\/p>\n\n\n\n<p>Alle Verfahren sind darauf ausgerichtet, besonders gewebeschonend, narbenarm und \u00e4sthetisch \u00fcberzeugend zu behandeln. Welche Methode f\u00fcr Sie geeignet ist, wird individuell und ausschlie\u00dflich nach medizinischen Kriterien entschieden.<\/p>\n<\/div>\n<\/div>\n\n\n\n<div class=\"wp-block-group alignfull has-white-background-color has-background has-global-padding is-layout-constrained wp-block-group-is-layout-constrained\">\n<div class=\"wp-block-columns is-layout-flex wp-container-core-columns-is-layout-f0342b05 wp-block-columns-is-layout-flex\" style=\"margin-top:0;margin-bottom:0\">\n<div class=\"wp-block-column is-layout-flow wp-block-column-is-layout-flow\" style=\"flex-basis:60%\">\n<div style=\"height:61px\" aria-hidden=\"true\" class=\"wp-block-spacer\"><\/div>\n\n\n\n<h2 class=\"wp-block-heading is-style-h2\">Sicherheit f\u00fcr Ihre Haut \u2013 \u00c4sthetik mit Feingef\u00fchl<\/h2>\n\n\n\n<p>Die Kombination aus fach\u00e4rztlicher Diagnostik, moderner Technik und \u00e4sthetischem Feingef\u00fchl erm\u00f6glicht Ergebnisse, die sowohl medizinisch sicher als auch optisch harmonisch sind. Ziel ist eine glatte, nat\u00fcrliche Hautoberfl\u00e4che ohne sichtbare Spuren \u2013 bei maximaler Sicherheit f\u00fcr die Hautgesundheit.<\/p>\n\n\n\n<p>Gerne beraten wir Sie pers\u00f6nlich und kl\u00e4ren gemeinsam, welche Behandlung sinnvoll und medizinisch vertretbar ist.<\/p>\n\n\n\n<div style=\"height:61px\" aria-hidden=\"true\" class=\"wp-block-spacer\"><\/div>\n<\/div>\n\n\n\n<div class=\"hide-on-mobile wp-block-column is-layout-flow wp-block-column-is-layout-flow\" style=\"flex-basis:5%\"><\/div>\n\n\n\n<div class=\"hide-on-mobile wp-block-column is-style-default is-layout-flow wp-block-column-is-layout-flow\" style=\"flex-basis:35.9%\">\n<figure class=\"wp-block-image size-full is-resized is-style-right-edge\"><img loading=\"lazy\" decoding=\"async\" width=\"826\" height=\"808\" src=\"https:\/\/www.schoenehaut.de\/wp-content\/uploads\/2026\/01\/Rectangle-2-1.png\" alt=\"\" class=\"wp-image-542\" style=\"width:auto;height:550px\"\/><\/figure>\n<\/div>\n<\/div>\n<\/div>\n\n\n\n<div class=\"wp-block-columns is-layout-flex wp-container-core-columns-is-layout-28f84493 wp-block-columns-is-layout-flex\">\n<div class=\"wp-block-column is-layout-flow wp-block-column-is-layout-flow\">\n<h2 class=\"wp-block-heading\">Weitere Behandlungen<\/h2>\n\n\n\n<div class=\"wp-block-group has-global-padding is-layout-constrained wp-block-group-is-layout-constrained\"><div class=\"schoenehaut-behandlungs-grid wp-block-schoenehaut-behandlungs-kacheln\"><a href=\"https:\/\/www.schoenehaut.de\/en\/dermatologie\/ki-gestuetzte-hautkrebsvorsorge\/\" class=\"behandlungs-tile\" aria-label=\"Hautkrebsvorsorge\">\n                <img decoding=\"async\" src=\"https:\/\/www.schoenehaut.de\/wp-content\/uploads\/2026\/03\/istockphoto-494257546-1024x1024-1.jpg\" alt=\"\" class=\"tile-image\" aria-hidden=\"true\">\n                <span class=\"tile-title\">Hautkrebsvorsorge<\/span>\n            <\/a><a href=\"https:\/\/www.schoenehaut.de\/en\/dermatologie\/ambulante-operationen\/\" class=\"behandlungs-tile\" aria-label=\"Ambulante Operationen\">\n                <img decoding=\"async\" src=\"https:\/\/www.schoenehaut.de\/wp-content\/uploads\/2026\/03\/istockphoto-1159780609-1024x1024-1.jpg\" alt=\"\" class=\"tile-image\" aria-hidden=\"true\">\n                <span class=\"tile-title\">Ambulante Operationen<\/span>\n            <\/a><a href=\"https:\/\/www.schoenehaut.de\/en\/aesthetik\/laser-lidstraffung-ohne-op\/\" class=\"behandlungs-tile\" aria-label=\"Laserlidstraffung\">\n                <img decoding=\"async\" src=\"https:\/\/www.schoenehaut.de\/wp-content\/uploads\/2026\/02\/AdobeStock_1448106743_Preview.jpeg\" alt=\"\" class=\"tile-image\" aria-hidden=\"true\">\n                <span class=\"tile-title\">Laserlidstraffung<\/span>\n            <\/a><\/div><\/div>\n<\/div>\n<\/div>\n","protected":false},"excerpt":{"rendered":"<p>Entfernung st\u00f6render Hautver\u00e4nderungen &amp; Muttermale Medizinische Sicherheit und moderne Lasertherapie St\u00f6rende Hautver\u00e4nderungen wie Muttermale, Fibrome, Alterswarzen oder Gef\u00e4\u00dfver\u00e4nderungen k\u00f6nnen kosmetisch beeintr\u00e4chtigen \u2013 manchmal werfen sie aber auch medizinische Fragen auf. In der Praxis SCH\u00d6NE HAUT Berlin steht deshalb eines immer an erster Stelle: die fach\u00e4rztlich-dermatologische Begutachtung vor jeder Behandlung. Langj\u00e4hrige dermatologische Expertise Die Behandlung erfolgt [&hellip;]<\/p>\n","protected":false},"author":1,"featured_media":0,"parent":677,"menu_order":9,"comment_status":"closed","ping_status":"closed","template":"","meta":{"footnotes":""},"class_list":["post-701","page","type-page","status-publish","hentry"],"_links":{"self":[{"href":"https:\/\/www.schoenehaut.de\/en\/wp-json\/wp\/v2\/pages\/701","targetHints":{"allow":["GET"]}}],"collection":[{"href":"https:\/\/www.schoenehaut.de\/en\/wp-json\/wp\/v2\/pages"}],"about":[{"href":"https:\/\/www.schoenehaut.de\/en\/wp-json\/wp\/v2\/types\/page"}],"author":[{"embeddable":true,"href":"https:\/\/www.schoenehaut.de\/en\/wp-json\/wp\/v2\/users\/1"}],"replies":[{"embeddable":true,"href":"https:\/\/www.schoenehaut.de\/en\/wp-json\/wp\/v2\/comments?post=701"}],"version-history":[{"count":19,"href":"https:\/\/www.schoenehaut.de\/en\/wp-json\/wp\/v2\/pages\/701\/revisions"}],"predecessor-version":[{"id":5599,"href":"https:\/\/www.schoenehaut.de\/en\/wp-json\/wp\/v2\/pages\/701\/revisions\/5599"}],"up":[{"embeddable":true,"href":"https:\/\/www.schoenehaut.de\/en\/wp-json\/wp\/v2\/pages\/677"}],"wp:attachment":[{"href":"https:\/\/www.schoenehaut.de\/en\/wp-json\/wp\/v2\/media?parent=701"}],"curies":[{"name":"wp","href":"https:\/\/api.w.org\/{rel}","templated":true}]}}