{"id":737,"date":"2026-01-29T11:56:19","date_gmt":"2026-01-29T10:56:19","guid":{"rendered":"https:\/\/www.schoenehaut.de\/?page_id=737"},"modified":"2026-03-24T15:32:45","modified_gmt":"2026-03-24T14:32:45","slug":"hyaluron","status":"publish","type":"page","link":"https:\/\/www.schoenehaut.de\/en\/aesthetik\/hyaluron\/","title":{"rendered":"Hyaluron"},"content":{"rendered":"\n<div style=\"height:213px\" aria-hidden=\"true\" class=\"hide-on-mobile wp-block-spacer\"><\/div>\n\n\n\n<div style=\"height:100px\" aria-hidden=\"true\" class=\"hide-on-desktop wp-block-spacer\"><\/div>\n\n\n\n<div class=\"wp-block-columns is-style-big-gap is-layout-flex wp-container-core-columns-is-layout-28f84493 wp-block-columns-is-layout-flex\">\n<div class=\"wp-block-column is-layout-flow wp-block-column-is-layout-flow\"><div class=\"splide has-pagination-center is-style-portrait-contained wp-block-huishu-block-hu-splide-slider\" aria-labelledby=\"\" data-splide=\"{&quot;type&quot;:&quot;fade&quot;,&quot;perPage&quot;:1,&quot;arrows&quot;:true,&quot;autoplay&quot;:true,&quot;speed&quot;:1500,&quot;interval&quot;:4000,&quot;pagination&quot;:true,&quot;rewind&quot;:&quot;true&quot;}\">\n    <div class=\"splide__track\">\n        <ul class=\"splide__list\">\n\n<li class=\"wp-block-huishu-block-splide-slide splide__slide\">\n<figure class=\"wp-block-image size-full is-resized is-style-rounded\"><img loading=\"lazy\" decoding=\"async\" width=\"2000\" height=\"1333\" src=\"https:\/\/www.schoenehaut.de\/wp-content\/uploads\/2026\/02\/AdobeStock_1448106743_Preview.jpeg\" alt=\"\" class=\"wp-image-2451\" style=\"aspect-ratio:2\/1;object-fit:cover;width:auto;height:896px\"\/><\/figure>\n<\/li>\n\n\n\n<li class=\"wp-block-huishu-block-splide-slide splide__slide\">\n<figure class=\"wp-block-image size-full is-resized is-style-rounded\"><img loading=\"lazy\" decoding=\"async\" width=\"2000\" height=\"796\" src=\"https:\/\/www.schoenehaut.de\/wp-content\/uploads\/2026\/02\/AdobeStock_953124479_Preview.jpeg\" alt=\"\" class=\"wp-image-2438\" style=\"aspect-ratio:2\/1;object-fit:cover;width:auto;height:896px\"\/><\/figure>\n<\/li>\n\n<\/ul>    <\/div>\n            <div class=\"splide__arrows \"><button class=\"splide__arrow splide__arrow--prev\">\n\t\t\t<i class=\"icon-chevron-left-slider\" aria-label=\"Zum vorherigen Slide\"><\/i>\n\t\t<\/button>\n\t\t<button class=\"splide__arrow splide__arrow--next\">\n\t\t\t<i class=\"icon-chevron-right-slider\" aria-label=\"Zum n\u00e4chsten Slide\"><\/i>\n\t\t<\/button><\/div>\n        <\/div><\/div>\n\n\n\n<div class=\"wp-block-column is-layout-flow wp-block-column-is-layout-flow\">\n<h2 class=\"wp-block-heading\">Hyaluron-Behandlung bei Dr. med. Meike Schr\u00f6der in Berlin<\/h2>\n\n\n\n<p class=\"has-large-font-size\">Was ist Hyalurons\u00e4ure?<\/p>\n\n\n\n<p>Hyalurons\u00e4ure ist ein nat\u00fcrlicher, wichtiger Feuchtigkeitsspeicher in unserer Haut. Sie verleiht dem Gesicht Elastizit\u00e4t, Spannkraft, Gl\u00e4tte und seine weichen Konturen. Mit zunehmendem Lebensalter nimmt der Hyalurons\u00e4uregehalt der Haut ab. Die Haut verliert ihr jugendliches und weiches Aussehen.<\/p>\n\n\n\n<div class=\"wp-block-buttons is-layout-flex wp-block-buttons-is-layout-flex\">\n<div class=\"wp-block-button is-style-fill\"><a class=\"wp-block-button__link wp-element-button\" href=\"https:\/\/www.schoenehaut.de\/kontakt#kontakt\">Jetzt Termin buchen<\/a><\/div>\n<\/div>\n\n\n\n<div style=\"height:20px\" aria-hidden=\"true\" class=\"wp-block-spacer\"><\/div>\n\n\n\n<h2 class=\"wp-block-heading is-style-h3\">Alles auf einen Blick<\/h2>\n\n\n\n<figure class=\"wp-block-flexible-table-block-table is-style-align-middle\"><table class=\"has-fixed-layout is-stacked-on-mobile\"><tbody><tr><th scope=\"row\"><img loading=\"lazy\" decoding=\"async\" width=\"35\" height=\"35\" class=\"wp-image-4407\" style=\"width: 35px;\" src=\"https:\/\/www.schoenehaut.de\/wp-content\/uploads\/2026\/03\/Behandlungsdauer-Sanduhr.svg\" alt=\"\"> Behandlungsdauer:<\/th><td>ca. 15\u201330 Minuten<\/td><\/tr><tr><th scope=\"row\"><img loading=\"lazy\" decoding=\"async\" width=\"35\" height=\"35\" class=\"wp-image-2745\" style=\"width: 35px;\" src=\"https:\/\/www.schoenehaut.de\/wp-content\/uploads\/2026\/02\/Schmerzen.svg\" alt=\"\"> Schmerzen:<\/th><td>leicht\u2013m\u00e4\u00dfig<\/td><\/tr><tr><th scope=\"row\"><img loading=\"lazy\" decoding=\"async\" width=\"35\" height=\"35\" class=\"wp-image-2741\" style=\"width: 35px;\" src=\"https:\/\/www.schoenehaut.de\/wp-content\/uploads\/2026\/02\/Betraeubung.svg\" alt=\"\"> Bet\u00e4ubung:<\/th><td>oberfl\u00e4chliche Bet\u00e4ubung nach Wunsch<\/td><\/tr><tr><th scope=\"row\"><img loading=\"lazy\" decoding=\"async\" width=\"35\" height=\"35\" class=\"wp-image-2743\" style=\"width: 35px;\" src=\"https:\/\/www.schoenehaut.de\/wp-content\/uploads\/2026\/02\/Gesellschaftsfaehigkeit.svg\" alt=\"\"> Gesellschaftsf\u00e4higkeit:<\/th><td>bedingt; blaue Flecken sind m\u00f6glich<\/td><\/tr><tr><th scope=\"row\"><img loading=\"lazy\" decoding=\"async\" width=\"35\" height=\"35\" class=\"wp-image-2742\" style=\"width: 35px;\" src=\"https:\/\/www.schoenehaut.de\/wp-content\/uploads\/2026\/02\/Einschraenkungen.svg\" alt=\"\"> Einschr\u00e4nkungen:<\/th><td>1\u20132 Tage kein Sport und keine Sauna<\/td><\/tr><tr><th scope=\"row\"><img loading=\"lazy\" decoding=\"async\" width=\"35\" height=\"35\" class=\"wp-image-2747\" style=\"width: 35px;\" src=\"https:\/\/www.schoenehaut.de\/wp-content\/uploads\/2026\/02\/Wirkungseintritt.svg\" alt=\"\"> Wirkungseintritt:<\/th><td>sofort<\/td><\/tr><tr><th scope=\"row\"><img loading=\"lazy\" decoding=\"async\" width=\"35\" height=\"35\" class=\"wp-image-2746\" style=\"width: 35px;\" src=\"https:\/\/www.schoenehaut.de\/wp-content\/uploads\/2026\/02\/Wirkungsdauer.svg\" alt=\"\"> Wirkungsdauer:<\/th><td>6\u201318 Monate<\/td><\/tr><tr><th scope=\"row\"><img loading=\"lazy\" decoding=\"async\" width=\"35\" height=\"35\" class=\"wp-image-2744\" style=\"width: 35px;\" src=\"https:\/\/www.schoenehaut.de\/wp-content\/uploads\/2026\/02\/Kosten.svg\" alt=\"\"> Kosten:<\/th><td>werden individuell nach Materialverbrauch berechnet<\/td><\/tr><\/tbody><\/table><\/figure>\n<\/div>\n<\/div>\n\n\n\n<div class=\"wp-block-group alignfull has-white-background-color has-background has-global-padding is-layout-constrained wp-block-group-is-layout-constrained\">\n<div class=\"wp-block-columns is-layout-flex wp-container-core-columns-is-layout-f0342b05 wp-block-columns-is-layout-flex\" style=\"margin-top:0;margin-bottom:0\">\n<div class=\"wp-block-column is-layout-flow wp-block-column-is-layout-flow\" style=\"flex-basis:60%\">\n<div style=\"height:61px\" aria-hidden=\"true\" class=\"wp-block-spacer\"><\/div>\n\n\n\n<h2 class=\"wp-block-heading\">Wie wirkt Hyalurons\u00e4ure?<\/h2>\n\n\n\n<p>Unsere Haut altert schrittweise, zun\u00e4chst treten Knitterfalten, sp\u00e4ter tiefere Falten wie die Nasolabialfalten oder die sogenannten Marionettenfalten im seitlichen Kinnbereich auf.&nbsp; Auch die Konturen werden kantiger oder wirken eingefallen und erschlafft. Mit Hyalurons\u00e4ure kann dieser Volumenverlust im Wangenbereich, an den Schl\u00e4fen oder an den Lippen auf sehr einfache Weise wieder ausgeglichen werden.<\/p>\n\n\n\n<p>In der \u00e4sthetischen Medizin wird Hyalurons\u00e4ure in Form synthetisch hergestellter Gele verwendet, die die Haut aufpolstern, durch ihre hohe Wasserbindung durchfeuchten und die Kollagenproduktion anregen. Wir verwenden ausschlie\u00dflich ausgew\u00e4hlte, hochwertige Hyalurons\u00e4ureprodukte namhafter Firmen, die sich als besonders gut vertr\u00e4glich und sicher bew\u00e4hrt haben und deren Produkte die erforderlichen Qualit\u00e4tspr\u00fcfungen vorweisen k\u00f6nnen<\/p>\n\n\n\n<details class=\"wp-block-huishu-agentur-huishu-faq-block\"><summary><span>Weil Erfahrung und fachliche Kompetenz den Unterschied machen<\/span><\/summary><div class=\"faq-details is-layout-flow\">\n<p>Durch unsere langj\u00e4hrige Expertise auf dem Gebiet der Hyaluronunterspritzungen k\u00f6nnen Sie sicher sein, dass Sie ein exzellentes, nat\u00fcrliches, individuell auf Sie abgestimmtes Ergebnis erhalten.<\/p>\n\n\n\n<p>Frau Dr. med. Meike Schr\u00f6der ist zudem eine gefragte Referentin auf diesem Gebiet und gibt regelm\u00e4\u00dfig ihr Wissen auf Fachkonferenzen an Kolleginnen weiter.<\/p>\n<\/div><\/details>\n\n\n\n<div style=\"height:61px\" aria-hidden=\"true\" class=\"wp-block-spacer\"><\/div>\n<\/div>\n\n\n\n<div class=\"hide-on-mobile wp-block-column is-layout-flow wp-block-column-is-layout-flow\" style=\"flex-basis:5%\"><\/div>\n\n\n\n<div class=\"hide-on-mobile wp-block-column is-layout-flow wp-block-column-is-layout-flow\" style=\"flex-basis:35.9%\">\n<figure class=\"wp-block-image size-full is-resized is-style-right-edge\"><img loading=\"lazy\" decoding=\"async\" width=\"1488\" height=\"1121\" src=\"https:\/\/www.schoenehaut.de\/wp-content\/uploads\/2026\/03\/AdobeStock_741504601_Preview.jpeg\" alt=\"\" class=\"wp-image-5227\" style=\"width:auto;height:700px\"\/><\/figure>\n<\/div>\n<\/div>\n<\/div>\n\n\n\n<div class=\"wp-block-columns is-style-medium-gap is-layout-flex wp-container-core-columns-is-layout-28f84493 wp-block-columns-is-layout-flex\">\n<div class=\"wp-block-column is-layout-flow wp-block-column-is-layout-flow\">\n<figure class=\"wp-block-image size-full is-style-rounded\"><img loading=\"lazy\" decoding=\"async\" width=\"2000\" height=\"1125\" src=\"https:\/\/www.schoenehaut.de\/wp-content\/uploads\/2026\/01\/Querformat-19.jpg\" alt=\"\" class=\"wp-image-890\"\/><\/figure>\n<\/div>\n\n\n\n<div class=\"wp-block-column is-layout-flow wp-block-column-is-layout-flow\">\n<h2 class=\"wp-block-heading\">Welche Hyalurons\u00e4ure-Filler gibt es?<\/h2>\n\n\n\n<p>Mittlerweile gibt es sehr viele verschiedene Filler f\u00fcr die jeweilige Indikation. Am herausragendsten ist der Unterschied zwischen vernetzten und unvernetzten Hyalurons\u00e4ure-Fillern.<\/p>\n\n\n\n<p>Die vernetzten Hyalurons\u00e4ure-Filler bestehen, wie ihr Name bereits sagt, aus quervernetzter Hyalurons\u00e4ure. Diese Struktur verleiht den Fillern Stabilit\u00e4t und eignet sich hervorragend f\u00fcr die Behandlung mittlerer bis tiefer Falten sowie zum Volumenaufbau.<\/p>\n\n\n\n<p>Unvernetzte Hyalurons\u00e4ure kann aufgrund ihrer Struktur sehr gut f\u00fcr oberfl\u00e4chliche Falten verwendet werden, z. B. bei Knitterf\u00e4ltchen im Dekollet\u00e9 oder um die Augen.<\/p>\n\n\n\n<p>Kommen Sie gerne zu einem pers\u00f6nlichen Beratungsgespr\u00e4ch vorbei. Frau Dr. med. Schr\u00f6der ber\u00e4t Sie individuell zu den geeigneten Fillern.<\/p>\n<\/div>\n<\/div>\n\n\n\n<div class=\"wp-block-columns is-style-big-gap is-layout-flex wp-container-core-columns-is-layout-28f84493 wp-block-columns-is-layout-flex\">\n<div class=\"wp-block-column is-layout-flow wp-block-column-is-layout-flow\">\n<figure class=\"hide-on-desktop wp-block-image size-full is-resized is-style-default\" style=\"margin-top:var(--wp--preset--spacing--m);margin-bottom:var(--wp--preset--spacing--default)\"><img loading=\"lazy\" decoding=\"async\" width=\"2000\" height=\"2000\" src=\"https:\/\/www.schoenehaut.de\/wp-content\/uploads\/2026\/03\/Meike_Profilbils_Rund260316.png\" alt=\"\" class=\"wp-image-5625\" style=\"aspect-ratio:1;object-fit:contain;width:auto;height:400px\"\/><\/figure>\n\n\n\n<h2 class=\"wp-block-heading\" style=\"margin-top:var(--wp--preset--spacing--0)\">H\u00e4ufige Fragen<\/h2>\n\n\n\n<details class=\"wp-block-huishu-agentur-huishu-faq-block\"><summary><span>Wie lange dauert die Faltenunterspritzung und erfolgt eine Bet\u00e4ubung?<\/span><\/summary><div class=\"faq-details is-layout-flow\">\n<p>Die Behandlung dauert in der Regel ca. 15\u201330 Minuten. Je nach Bedarf wird im Vorfeld eine hautbet\u00e4ubende Creme auf die zu behandelnden Hautareale aufgetragen. Einigen Hyalurons\u00e4uregelen ist zus\u00e4tzlich ein \u00f6rtliches Bet\u00e4ubungsmittel zugesetzt, sodass die Injektion weitgehend schmerzfrei verl\u00e4uft.<\/p>\n<\/div><\/details>\n\n\n\n<details class=\"wp-block-huishu-agentur-huishu-faq-block\"><summary><span>Wie sehe ich direkt nach der Faltenunterspritzung aus?<\/span><\/summary><div class=\"faq-details is-layout-flow\">\n<p>Nach der Faltenunterspritzung kann vor\u00fcbergehend eine leichte R\u00f6tung oder Schwellung sichtbar sein, manchmal kann sich ein kleiner Bluterguss bilden. All dies bildet sich meist sehr schnell wieder zur\u00fcck, sodass der normalen Besch\u00e4ftigung nachgegangen werden kann.<\/p>\n<\/div><\/details>\n\n\n\n<details class=\"wp-block-huishu-agentur-huishu-faq-block\"><summary><span>Worauf sollte ich nach der Faltenunterspritzung achten?<\/span><\/summary><div class=\"faq-details is-layout-flow\">\n<p>Nach der Behandlung kann sofort der gewohnten Alltagsbesch\u00e4ftigung oder Arbeit nachgegangen werden. Am Tag der Behandlung sollten die behandelten Bereiche nicht mehr massiert werden. Durch das enthaltene lokale Bet\u00e4ubungsmittel kann in den behandelten Bereichen noch am selben Tag ein Taubheitsgef\u00fchl auftreten. Auch schwere k\u00f6rperliche Arbeiten, Kopf\u00fcber-Bewegungen und Sport am ersten Tag nach der Behandlung sowie kosmetische Behandlungen an den ersten beiden Tagen sollten vermieden werden.<\/p>\n<\/div><\/details>\n\n\n\n<details class=\"wp-block-huishu-agentur-huishu-faq-block\"><summary><span>Was kann ich vorbeugend tun, um Schwellungen oder H\u00e4matome zu vermeiden?<\/span><\/summary><div class=\"faq-details is-layout-flow\">\n<p>Vor und nach der Behandlung kann Arnika D12 eingenommen werden. Eine Woche vor der Behandlung sollte auf die Einnahme blutverd\u00fcnnender Medikamente (z. B. ASS) verzichtet werden. Verwenden Sie die Spezialcreme gegen blaue Flecken, die wir Ihnen mitgeben, mehrmals t\u00e4glich.<\/p>\n<\/div><\/details>\n\n\n\n<details class=\"wp-block-huishu-agentur-huishu-faq-block\"><summary><span>Gibt es Alternativen zur Hyaluron-Behandlung?<\/span><\/summary><div class=\"faq-details is-layout-flow\">\n<p>Es gibt mittlerweile viele Alternativen zur Faltenunterspritzung mit Hyalurons\u00e4ure. Der Fokus der \u00e4sthetischen Medizin hat sich in den letzten Jahren von der reinen Faltenkorrektur hin zur Verbesserung der Hautqualit\u00e4t und -struktur mithilfe von Biostimulatoren wie Polynukleotiden oder Exosomen verschoben. Auch Polymilchs\u00e4ure und Calciumhydroxylapatit haben einen stimulierenden Effekt auf die Haut und werden zur Hautstraffung eingesetzt. Alternativ zu Hyalurons\u00e4ure-Fillern nutzen wir bei SCH\u00d6NE HAUT neben Biostimulatoren sehr gerne z. B. Profhilo\u00ae Structura und Fadenliftings. Auch ein Laserlifting kann zu einem sehr nat\u00fcrlichen, frischen Gesichtsausdruck beitragen.<\/p>\n<\/div><\/details>\n\n\n\n<details class=\"wp-block-huishu-agentur-huishu-faq-block\"><summary><span>Wann sollte keine Hyaluron-Behandlung durchgef\u00fchrt werden?<\/span><\/summary><div class=\"faq-details is-layout-flow\">\n<p>Hyalurons\u00e4ure darf nicht angewendet werden, wenn eine \u00dcberempfindlichkeit gegen das Arzneimittel oder einen der sonstigen Bestandteile des Arzneimittels besteht. Auch bei Infektionen an der vorgesehenen Injektionsstelle, wie beispielsweise Herpes, bei Immunsuppression oder Autoimmunerkrankungen wird von der Behandlung abgeraten. Schwangere oder stillende Frauen sollten aus Vorsicht nicht mit Hyalurons\u00e4ure behandelt werden.<\/p>\n<\/div><\/details>\n\n\n\n<details class=\"wp-block-huishu-agentur-huishu-faq-block\"><summary><span>Wie lange h\u00e4lt die Wirkung einer Hyaluron-Behandlung an?<\/span><\/summary><div class=\"faq-details is-layout-flow\">\n<p>Die Wirkung h\u00e4lt je nach Region 6\u201318 Monate an und kann beliebig oft wiederholt werden. Je nach Faltentiefe kommen unterschiedlich stark vernetzte Hyalurons\u00e4uren zum Einsatz. Stark vernetztes Material wird zum Auff\u00fcllen tiefer Falten, beim Wangenaufbau und beim Liquid Lifting verwendet und besitzt eine l\u00e4ngere Haltbarkeit. Unvernetzte Hyalurons\u00e4ure wird mit feinsten Nadeln in die Haut injiziert und verhilft m\u00fcder, erschlaffter Haut zu mehr Elastizit\u00e4t. Da sie schneller abgebaut wird, erfolgen diese Behandlungen in regelm\u00e4\u00dfigen Abst\u00e4nden (sogenannte Skinbooster). Auch bei tieferen Falten kann ein Touch-up, also ein Nachspritzen nach etwa sechs Monaten, die Haltbarkeit des Effekts verl\u00e4ngern.<\/p>\n<\/div><\/details>\n<\/div>\n\n\n\n<div class=\"wp-block-column is-layout-flow wp-block-column-is-layout-flow\">\n<figure class=\"hide-on-mobile wp-block-image size-full is-resized is-style-rounded\"><img loading=\"lazy\" decoding=\"async\" width=\"2000\" height=\"2000\" src=\"https:\/\/www.schoenehaut.de\/wp-content\/uploads\/2026\/03\/Meike_Profilbils_Rund260316.png\" alt=\"\" class=\"wp-image-5625\" style=\"aspect-ratio:1;object-fit:contain;width:auto;height:500px\"\/><\/figure>\n<\/div>\n<\/div>\n\n\n\n<div class=\"wp-block-columns is-style-medium-gap is-layout-flex wp-container-core-columns-is-layout-28f84493 wp-block-columns-is-layout-flex\">\n<div class=\"wp-block-column is-layout-flow wp-block-column-is-layout-flow\">\n<h2 class=\"wp-block-heading is-style-h2\">Wie l\u00e4uft die Hyaluron-Behandlung ab?<\/h2>\n\n\n\n<details class=\"wp-block-huishu-agentur-huishu-faq-block\"><summary><span>Step 1<\/span><\/summary><div class=\"faq-details is-layout-flow\">\n<p>Ausf\u00fchrliche Beratung, Aufkl\u00e4rung, Erl\u00e4uterung und Einzeichnung der genauen Injektionspunkte sowie des Vorgehens. Anschlie\u00dfend das Auftragen einer Bet\u00e4ubungscreme.<\/p>\n<\/div><\/details>\n\n\n\n<details class=\"wp-block-huishu-agentur-huishu-faq-block\"><summary><span>Step 2<\/span><\/summary><div class=\"faq-details is-layout-flow\">\n<p>Nach sorgf\u00e4ltiger Desinfektion erfolgt die sanfte Injektion des Fillers meist mit besonders schonenden, abgerundeten Nadeln, um blaue Flecken zu vermeiden. Die von uns verwendeten Hyaluronfiller enthalten in der Regel zus\u00e4tzlich ein \u00f6rtliches Bet\u00e4ubungsmittel, um die Behandlung so angenehm wie m\u00f6glich zu gestalten.<\/p>\n<\/div><\/details>\n\n\n\n<details class=\"wp-block-huishu-agentur-huishu-faq-block\"><summary><span>Step 3<\/span><\/summary><div class=\"faq-details is-layout-flow\">\n<p>Sanfte Massage des Fillers, erneute Desinfektion und gemeinsame Kontrolle des sofort sichtbaren Ergebnisses. Anschlie\u00dfend das Auftragen einer Post-Procedure-Creme.<\/p>\n<\/div><\/details>\n<\/div>\n\n\n\n<div class=\"wp-block-column is-layout-flow wp-block-column-is-layout-flow\">\n<h2 class=\"wp-block-heading\">Kann man Hyalurons\u00e4ure-Filler wieder aufl\u00f6sen?<\/h2>\n\n\n\n<p>Ja, Hyalurons\u00e4ure-Filler k\u00f6nnen mithilfe des Enzyms Hylase wieder aufgel\u00f6st werden. Der Filler wird verfl\u00fcssigt, wodurch das Ergebnis in der Regel rasch sichtbar wird.<\/p>\n<\/div>\n<\/div>\n\n\n\n<div class=\"wp-block-columns is-layout-flex wp-container-core-columns-is-layout-28f84493 wp-block-columns-is-layout-flex\">\n<div class=\"wp-block-column is-layout-flow wp-block-column-is-layout-flow\">\n<h2 class=\"wp-block-heading\">Weitere Behandlungen<\/h2>\n\n\n\n<div class=\"wp-block-group has-global-padding is-layout-constrained wp-block-group-is-layout-constrained\"><div class=\"schoenehaut-behandlungs-grid wp-block-schoenehaut-behandlungs-kacheln\"><a href=\"https:\/\/www.schoenehaut.de\/en\/laser\/laserlifting-augenlidstraffung\/\" class=\"behandlungs-tile\" aria-label=\"Laserlifting\">\n                <img decoding=\"async\" src=\"https:\/\/www.schoenehaut.de\/wp-content\/uploads\/2026\/02\/AdobeStock_1880192489_Preview.jpeg\" alt=\"\" class=\"tile-image\" aria-hidden=\"true\">\n                <span class=\"tile-title\">Laserlifting<\/span>\n            <\/a><a href=\"https:\/\/www.schoenehaut.de\/en\/institut\/potenza-radiofrequenz-needling\/\" class=\"behandlungs-tile\" aria-label=\"Potenza\u2122\">\n                <img decoding=\"async\" src=\"https:\/\/www.schoenehaut.de\/wp-content\/uploads\/2026\/03\/istockphoto-1488371906-1024x1024-1.jpg\" alt=\"\" class=\"tile-image\" aria-hidden=\"true\">\n                <span class=\"tile-title\">Potenza\u2122<\/span>\n            <\/a><a href=\"https:\/\/www.schoenehaut.de\/en\/aesthetik\/biostimulation-mesotherapie\/\" class=\"behandlungs-tile\" aria-label=\"Biostimulatoren\">\n                <img decoding=\"async\" src=\"https:\/\/www.schoenehaut.de\/wp-content\/uploads\/2026\/02\/AdobeStock_1628764124_Preview.jpeg\" alt=\"\" class=\"tile-image\" aria-hidden=\"true\">\n                <span class=\"tile-title\">Biostimulatoren<\/span>\n            <\/a><\/div><\/div>\n<\/div>\n<\/div>\n","protected":false},"excerpt":{"rendered":"<p>Hyaluron-Behandlung bei Dr. med. Meike Schr\u00f6der in Berlin Was ist Hyalurons\u00e4ure? Hyalurons\u00e4ure ist ein nat\u00fcrlicher, wichtiger Feuchtigkeitsspeicher in unserer Haut. Sie verleiht dem Gesicht Elastizit\u00e4t, Spannkraft, Gl\u00e4tte und seine weichen Konturen. Mit zunehmendem Lebensalter nimmt der Hyalurons\u00e4uregehalt der Haut ab. Die Haut verliert ihr jugendliches und weiches Aussehen. Alles auf einen Blick Wie wirkt Hyalurons\u00e4ure? [&hellip;]<\/p>\n","protected":false},"author":1,"featured_media":0,"parent":715,"menu_order":2,"comment_status":"closed","ping_status":"closed","template":"","meta":{"footnotes":""},"class_list":["post-737","page","type-page","status-publish","hentry"],"_links":{"self":[{"href":"https:\/\/www.schoenehaut.de\/en\/wp-json\/wp\/v2\/pages\/737","targetHints":{"allow":["GET"]}}],"collection":[{"href":"https:\/\/www.schoenehaut.de\/en\/wp-json\/wp\/v2\/pages"}],"about":[{"href":"https:\/\/www.schoenehaut.de\/en\/wp-json\/wp\/v2\/types\/page"}],"author":[{"embeddable":true,"href":"https:\/\/www.schoenehaut.de\/en\/wp-json\/wp\/v2\/users\/1"}],"replies":[{"embeddable":true,"href":"https:\/\/www.schoenehaut.de\/en\/wp-json\/wp\/v2\/comments?post=737"}],"version-history":[{"count":49,"href":"https:\/\/www.schoenehaut.de\/en\/wp-json\/wp\/v2\/pages\/737\/revisions"}],"predecessor-version":[{"id":5756,"href":"https:\/\/www.schoenehaut.de\/en\/wp-json\/wp\/v2\/pages\/737\/revisions\/5756"}],"up":[{"embeddable":true,"href":"https:\/\/www.schoenehaut.de\/en\/wp-json\/wp\/v2\/pages\/715"}],"wp:attachment":[{"href":"https:\/\/www.schoenehaut.de\/en\/wp-json\/wp\/v2\/media?parent=737"}],"curies":[{"name":"wp","href":"https:\/\/api.w.org\/{rel}","templated":true}]}}