{"id":741,"date":"2026-01-29T11:56:55","date_gmt":"2026-01-29T10:56:55","guid":{"rendered":"https:\/\/www.schoenehaut.de\/?page_id=741"},"modified":"2026-03-24T16:35:42","modified_gmt":"2026-03-24T15:35:42","slug":"fett-weg-spritze","status":"publish","type":"page","link":"https:\/\/www.schoenehaut.de\/en\/aesthetik\/fett-weg-spritze\/","title":{"rendered":"Fett-Weg-Spritze"},"content":{"rendered":"\n<div style=\"height:213px\" aria-hidden=\"true\" class=\"hide-on-mobile wp-block-spacer\"><\/div>\n\n\n\n<div style=\"height:100px\" aria-hidden=\"true\" class=\"hide-on-desktop wp-block-spacer\"><\/div>\n\n\n\n<div class=\"wp-block-columns is-style-big-gap is-layout-flex wp-container-core-columns-is-layout-28f84493 wp-block-columns-is-layout-flex\">\n<div class=\"wp-block-column is-layout-flow wp-block-column-is-layout-flow\"><div class=\"splide has-pagination-center is-style-portrait-contained wp-block-huishu-block-hu-splide-slider\" aria-labelledby=\"\" data-splide=\"{&quot;type&quot;:&quot;loop&quot;,&quot;perPage&quot;:1,&quot;arrows&quot;:false,&quot;autoplay&quot;:false,&quot;speed&quot;:1500,&quot;interval&quot;:4000,&quot;pagination&quot;:true,&quot;rewind&quot;:&quot;false&quot;}\">\n    <div class=\"splide__track\">\n        <ul class=\"splide__list\">\n\n<li class=\"wp-block-huishu-block-splide-slide splide__slide\">\n<figure class=\"wp-block-image size-full is-resized is-style-rounded\"><img loading=\"lazy\" decoding=\"async\" width=\"2000\" height=\"1334\" src=\"https:\/\/www.schoenehaut.de\/wp-content\/uploads\/2026\/02\/AdobeStock_545141186_Preview.jpeg\" alt=\"\" class=\"wp-image-2425\" style=\"aspect-ratio:2\/1;object-fit:cover;width:auto;height:896px\"\/><\/figure>\n<\/li>\n\n<\/ul>    <\/div>\n    <\/div><\/div>\n\n\n\n<div class=\"wp-block-column is-layout-flow wp-block-column-is-layout-flow\">\n<h1 class=\"wp-block-heading is-style-h4 has-large-font-size\">Fett-weg-Spritze in Berlin:<\/h1>\n\n\n\n<h2 class=\"wp-block-heading\" style=\"margin-top:var(--wp--preset--spacing--subtitle)\">So funktioniert die Injektionslipolyse<\/h2>\n\n\n\n<p>Vielleicht kennen Sie, wie viele andere auch, das Problem, dass bestimmte Fettp\u00f6lsterchen weder durch Ern\u00e4hrungsumstellung, Di\u00e4ten, noch durch gezielten Sport zu reduzieren sind. Die Injektionslipolyse (auch Fett-weg-Spritze genannt) ist kein neues Wundermittel zur Gewichtsabnahme. Mit dieser Therapie ist es jedoch m\u00f6glich, gezielt das Fett in einzelnen Regionen abzuschmelzen.<\/p>\n\n\n\n<div class=\"wp-block-buttons is-layout-flex wp-block-buttons-is-layout-flex\">\n<div class=\"wp-block-button is-style-fill\"><a class=\"wp-block-button__link wp-element-button\" href=\"https:\/\/www.schoenehaut.de\/kontakt#kontakt\">Jetzt Termin buchen<\/a><\/div>\n<\/div>\n\n\n\n<div style=\"height:20px\" aria-hidden=\"true\" class=\"wp-block-spacer\"><\/div>\n\n\n\n<h2 class=\"wp-block-heading is-style-h3\">Alles auf einen Blick<\/h2>\n\n\n\n<figure class=\"wp-block-flexible-table-block-table is-style-align-middle\"><table class=\"has-fixed-layout is-stacked-on-mobile\"><tbody><tr><th scope=\"row\"><img loading=\"lazy\" decoding=\"async\" width=\"35\" height=\"35\" class=\"wp-image-4407\" style=\"width: 35px;\" src=\"https:\/\/www.schoenehaut.de\/wp-content\/uploads\/2026\/03\/Behandlungsdauer-Sanduhr.svg\" alt=\"\"> Behandlungsdauer:<\/th><td>ca. 15 &#8211; 40 min<\/td><\/tr><tr><th scope=\"row\"><img loading=\"lazy\" decoding=\"async\" width=\"35\" height=\"35\" class=\"wp-image-2745\" style=\"width: 35px;\" src=\"https:\/\/www.schoenehaut.de\/wp-content\/uploads\/2026\/02\/Schmerzen.svg\" alt=\"\"> Schmerzen:<\/th><td>leicht-m\u00e4\u00dfig<\/td><\/tr><tr><th scope=\"row\"><img loading=\"lazy\" decoding=\"async\" width=\"35\" height=\"35\" class=\"wp-image-2741\" style=\"width: 35px;\" src=\"https:\/\/www.schoenehaut.de\/wp-content\/uploads\/2026\/02\/Betraeubung.svg\" alt=\"\"> Bet\u00e4ubung:<\/th><td>oberfl\u00e4chliche Creme-Bet\u00e4ubung<\/td><\/tr><tr><th scope=\"row\"><img loading=\"lazy\" decoding=\"async\" width=\"35\" height=\"35\" class=\"wp-image-2743\" style=\"width: 35px;\" src=\"https:\/\/www.schoenehaut.de\/wp-content\/uploads\/2026\/02\/Gesellschaftsfaehigkeit.svg\" alt=\"\"> Gesellschaftsf\u00e4higkeit:<\/th><td>bedingt, ca. 3 Tage leichte R\u00f6tung, Schwellung, ggf. blaue Flecken<\/td><\/tr><tr><th scope=\"row\"><img loading=\"lazy\" decoding=\"async\" width=\"35\" height=\"35\" class=\"wp-image-2742\" style=\"width: 35px;\" src=\"https:\/\/www.schoenehaut.de\/wp-content\/uploads\/2026\/02\/Einschraenkungen.svg\" alt=\"\"> Einschr\u00e4nkungen:<\/th><td>1 Woche keine Sauna<\/td><\/tr><tr><th scope=\"row\"><img loading=\"lazy\" decoding=\"async\" width=\"35\" height=\"35\" class=\"wp-image-2747\" style=\"width: 35px;\" src=\"https:\/\/www.schoenehaut.de\/wp-content\/uploads\/2026\/02\/Wirkungseintritt.svg\" alt=\"\"> Wirkungseintritt:<\/th><td>nach 6 Wochen<\/td><\/tr><tr><th scope=\"row\"><img loading=\"lazy\" decoding=\"async\" width=\"35\" height=\"35\" class=\"wp-image-2746\" style=\"width: 35px;\" src=\"https:\/\/www.schoenehaut.de\/wp-content\/uploads\/2026\/02\/Wirkungsdauer.svg\" alt=\"\"> Wirkungsdauer:<\/th><td>dauerhaft<\/td><\/tr><tr><th scope=\"row\"><img loading=\"lazy\" decoding=\"async\" width=\"35\" height=\"35\" class=\"wp-image-2744\" style=\"width: 35px;\" src=\"https:\/\/www.schoenehaut.de\/wp-content\/uploads\/2026\/02\/Kosten.svg\" alt=\"\"> Kosten:<\/th><td>ca. 350 \u20ac je Behandlung, wird individuell nach Materialverbrauch berechnet, mind. 3 Behandlungen erforderlich<\/td><\/tr><\/tbody><\/table><\/figure>\n<\/div>\n<\/div>\n\n\n\n<div class=\"wp-block-group alignfull has-white-background-color has-background has-global-padding is-layout-constrained wp-block-group-is-layout-constrained\">\n<div class=\"wp-block-columns is-layout-flex wp-container-core-columns-is-layout-f0342b05 wp-block-columns-is-layout-flex\" style=\"margin-top:0;margin-bottom:0\">\n<div class=\"wp-block-column is-layout-flow wp-block-column-is-layout-flow\" style=\"flex-basis:60%\">\n<div style=\"height:61px\" aria-hidden=\"true\" class=\"wp-block-spacer\"><\/div>\n\n\n\n<h2 class=\"wp-block-heading is-style-h2\">Was ist die Fett-weg-Spritze?<\/h2>\n\n\n\n<p>Der Wirkstoff der Fett-weg-Spritze ist das aus der Sojabohne gewonnene Phosphatidylcholin (PPC) sowie eine Gallens\u00e4ure.<\/p>\n\n\n\n<p>Die Injektionslipolyse dient der Reduktion kleinerer, umschriebener Fettpolster und damit der Ver\u00e4nderung der Kontur. Patienten, die damit eine Gewichtsverringerung erwarten, sollten sich ern\u00e4hrungsmedizinisch behandeln lassen. Das Gewicht wird durch Injektionslipolyse nicht bzw. nur in sehr geringem Umfang reduziert.<\/p>\n\n\n\n<div style=\"height:61px\" aria-hidden=\"true\" class=\"wp-block-spacer\"><\/div>\n<\/div>\n\n\n\n<div class=\"hide-on-mobile wp-block-column is-layout-flow wp-block-column-is-layout-flow\" style=\"flex-basis:5%\"><\/div>\n\n\n\n<div class=\"hide-on-mobile wp-block-column is-layout-flow wp-block-column-is-layout-flow\" style=\"flex-basis:35.9%\">\n<figure class=\"wp-block-image size-full is-resized is-style-right-edge\"><img loading=\"lazy\" decoding=\"async\" width=\"1125\" height=\"2000\" src=\"https:\/\/www.schoenehaut.de\/wp-content\/uploads\/2026\/01\/Hochformat.jpg\" alt=\"\" class=\"wp-image-905\" style=\"width:auto;height:500px\"\/><\/figure>\n<\/div>\n<\/div>\n<\/div>\n\n\n\n<div class=\"wp-block-columns is-style-medium-gap is-layout-flex wp-container-core-columns-is-layout-28f84493 wp-block-columns-is-layout-flex\">\n<div class=\"wp-block-column is-layout-flow wp-block-column-is-layout-flow\">\n<figure class=\"wp-block-image size-full is-style-rounded\"><img loading=\"lazy\" decoding=\"async\" width=\"2000\" height=\"1333\" src=\"https:\/\/www.schoenehaut.de\/wp-content\/uploads\/2026\/03\/AdobeStock_326299145_Preview.jpeg\" alt=\"\" class=\"wp-image-5205\"\/><\/figure>\n<\/div>\n\n\n\n<div class=\"wp-block-column is-layout-flow wp-block-column-is-layout-flow\">\n<h2 class=\"wp-block-heading\">Wie wirkt die Fett-weg-Spritze?<\/h2>\n\n\n\n<p>Das Mittel wird mittels feinster Nadeln direkt in die betroffenen Bereiche injiziert, wodurch ein Abschmelzen der Fettzellen und ein gesteigerter Fettabbau angeregt werden. <br><br>Das Fett wird dabei vom K\u00f6rper auf nat\u00fcrlichem Wege und dauerhaft abgebaut. Der K\u00f6rperumfang dieser Region verringert sich messbar. Auch die Haut zieht sich aufgrund ihrer Elastizit\u00e4t zusammen und erzeugt eine glatte, straffe Oberfl\u00e4che.<\/p>\n<\/div>\n<\/div>\n\n\n\n<div class=\"wp-block-columns is-style-medium-gap is-layout-flex wp-container-core-columns-is-layout-28f84493 wp-block-columns-is-layout-flex\">\n<div class=\"wp-block-column is-layout-flow wp-block-column-is-layout-flow\">\n<figure class=\"hide-on-desktop wp-block-image size-full is-resized is-style-default\" style=\"margin-top:var(--wp--preset--spacing--m);margin-bottom:var(--wp--preset--spacing--default)\"><img loading=\"lazy\" decoding=\"async\" width=\"2000\" height=\"2000\" src=\"https:\/\/www.schoenehaut.de\/wp-content\/uploads\/2026\/03\/Meike_Profilbils_Rund260316.png\" alt=\"\" class=\"wp-image-5625\" style=\"aspect-ratio:1;object-fit:contain;width:auto;height:400px\"\/><\/figure>\n\n\n\n<h2 class=\"wp-block-heading\">H\u00e4ufige Fragen<\/h2>\n\n\n\n<details class=\"wp-block-huishu-agentur-huishu-faq-block\"><summary><span>Wie lange wirkt die Fett-weg-Spritze?<\/span><\/summary><div class=\"faq-details is-layout-flow\">\n<p>Einmal aufgel\u00f6ste Fettzellen bilden sich nicht wieder neu. Dadurch ist es m\u00f6glich, Fettpolster dauerhaft zu reduzieren. Wenn sich das Gewicht nicht ver\u00e4ndert, bleiben die Resultate konstant.<\/p>\n<\/div><\/details>\n\n\n\n<details class=\"wp-block-huishu-agentur-huishu-faq-block\"><summary><span>F\u00fcr welche K\u00f6rperbereiche bietet die Fett-weg-Spritze an?<\/span><\/summary><div class=\"faq-details is-layout-flow\">\n<p>Gesichtsbereich:<\/p>\n\n\n\n<ul class=\"wp-block-list\">\n<li>Doppelkinn<\/li>\n\n\n\n<li>Wangen<\/li>\n<\/ul>\n\n\n\n<p>K\u00f6rper:<\/p>\n\n\n\n<ul class=\"wp-block-list\">\n<li>Reiterhosen<\/li>\n\n\n\n<li>Oberschenkel (innen)<\/li>\n\n\n\n<li>unteres Ges\u00e4\u00df\/\u00dcbergang zum Oberschenkel (sog. Banane)<\/li>\n\n\n\n<li>Love-Handles<\/li>\n\n\n\n<li>H\u00fcften<\/li>\n\n\n\n<li>Ober- und Unterbauch<\/li>\n\n\n\n<li>Oberarme<\/li>\n\n\n\n<li>Knie<\/li>\n\n\n\n<li>R\u00fcckenpartien<\/li>\n\n\n\n<li>Oberschenkel<\/li>\n\n\n\n<li>Lipome<\/li>\n<\/ul>\n<\/div><\/details>\n\n\n\n<details class=\"wp-block-huishu-agentur-huishu-faq-block\"><summary><span>Wie h\u00e4ufig muss die Fett-weg-Spritze wiederholt werden?<\/span><\/summary><div class=\"faq-details is-layout-flow\">\n<p>In der Regel sind 3-5 Behandlungen im Abstand von 6-8 Wochen notwendig, um die Therapie erfolgreich abzuschlie\u00dfen.\u2028\u00dcber 80 % der Patienten sind nach 2 bis 3 Behandlungen mit den Ergebnissen sehr zufrieden.<\/p>\n<\/div><\/details>\n\n\n\n<details class=\"wp-block-huishu-agentur-huishu-faq-block\"><summary><span>Kann ich mithilfe der Fett-weg-Spritze\/Injektionslipolyse abnehmen?<\/span><\/summary><div class=\"faq-details is-layout-flow\">\n<p>Die Therapie ist nicht geeignet zur Gewichtsreduktion, sondern zum Abschmelzen unsch\u00f6ner, lokal eingegrenzter Fettp\u00f6lsterchen, wie z. B. bei Doppelkinn, Reiterhosen, an Bauch und Oberarm.<\/p>\n<\/div><\/details>\n\n\n\n<details class=\"wp-block-huishu-agentur-huishu-faq-block\"><summary><span>Was ist der besondere Vorteil der Fett-weg-Spritze\/Injektionslipolyse?<\/span><\/summary><div class=\"faq-details is-layout-flow\">\n<p>Die Injektionslipolyse erm\u00f6glicht eine dauerhafte Reduzierung von Fettpolstern, vor allem an Stellen, die sich weder durch Di\u00e4ten oder Sport gezielt verringern lassen. Dabei sind keine aufwendigen Vor- und Nachbehandlungen n\u00f6tig. Ebenso entfallen Einschr\u00e4nkungen in der Arbeitsf\u00e4higkeit, au\u00dfer evtl. bei der Behandlung von Gesichtsregionen. Gegen\u00fcber der Kryolipolyse besteht kein Risiko von Verbrennungen der Haut oder einem Rebound-Effekt.<\/p>\n<\/div><\/details>\n\n\n\n<details class=\"wp-block-huishu-agentur-huishu-faq-block\"><summary><span>Wie entscheide ich, ob eine Injektionslipolyse oder eine Liposuktion f\u00fcr mich sinnvoller ist?<\/span><\/summary><div class=\"faq-details is-layout-flow\">\n<p>Lange Zeit war die Liposuktion die einzige M\u00f6glichkeit, Fettansammlungen gezielt zu entfernen. Mithilfe der Injektionslipolyse ist es nun aber mittlerweile m\u00f6glich, mit minimalem Aufwand schonend Fettp\u00f6lsterchen zu entfernen. Der wesentliche Unterschied besteht darin, dass die Injektionslipolyse eine nicht operative Behandlungsmethode ist, w\u00e4hrend die Liposuktion einen operativen Eingriff erfordert. Bei der Liposuktion verschwindet das Fett in k\u00fcrzester Zeit. Die Injektionslipolyse erm\u00f6glicht eine langsamere Ver\u00e4nderung der K\u00f6rperkontur und damit des eigenen Selbstbildes innerhalb von einigen Monaten. Die Injektionslipolyse ist au\u00dferdem eine ideale Behandlungsmethode nach einer Liposuktion zur Beseitigung von \u00fcbriggebliebenem Fettgewebe und der Straffung der umgebenden Haut.<\/p>\n<\/div><\/details>\n\n\n\n<details class=\"wp-block-huishu-agentur-huishu-faq-block\"><summary><span>Ist die Fett-weg-Spritze schmerzhaft?<\/span><\/summary><div class=\"faq-details is-layout-flow\">\n<p>Um die Schmerzen so gering wie m\u00f6glich zu halten, wird die Haut vor der Behandlung mit einer Bet\u00e4ubungscreme bet\u00e4ubt und es wird ein 5er-Nadelaufsatz verwendet, damit die Patienten nur einen Pieks sp\u00fcren.<\/p>\n<\/div><\/details>\n\n\n\n<details class=\"wp-block-huishu-agentur-huishu-faq-block\"><summary><span>Welche Nebenwirkungen sind mit der Fett-weg-Spritze\/Injektionslipolyse verbunden?<\/span><\/summary><div class=\"faq-details is-layout-flow\">\n<p>Direkt nach der Therapie k\u00f6nnen leichte Schwellungen und Druckempfindlichkeit sowie R\u00f6tung und\/oder Juckreiz entstehen, die 2 bis 7 Tage andauern k\u00f6nnen. Etwa 3 Tage ist auf Massagen und Sauna zu verzichten. Eine vollst\u00e4ndige Risikoaufkl\u00e4rung erhalten Sie vom behandelnden Arzt.<\/p>\n<\/div><\/details>\n\n\n\n<details class=\"wp-block-huishu-agentur-huishu-faq-block\"><summary><span>Unterst\u00fctzende Ma\u00dfnahmen bei unserer Fett-weg-Spritze-Behandlung in Berlin<\/span><\/summary><div class=\"faq-details is-layout-flow\">\n<p>Durch Ihre Mitarbeit k\u00f6nnen Sie die Ergebnisse der Therapie positiv beeinflussen. Die Lipolyse stellt keinen Ersatz f\u00fcr eine Ver\u00e4nderung Ihrer Ern\u00e4hrungsgewohnheiten dar. Einige Patienten haben die irrige Auffassung, dass sie gerade wegen der Therapie sogar mehr essen k\u00f6nnen als zuvor. Eine Gewichtszunahme ist dann in den meisten F\u00e4llen eine unerw\u00fcnschte Nebenwirkung.<\/p>\n\n\n\n<p>Vor und nach der Behandlung sollte m\u00f6glichst viel Wasser getrunken werden. Der Kreislauf wird dadurch unterst\u00fctzt und Sie f\u00fchlen sich wohler. Auch eine leichte Di\u00e4t und Sport unterst\u00fctzen den Effekt der Lipolyse.<\/p>\n<\/div><\/details>\n\n\n\n<details class=\"wp-block-huishu-agentur-huishu-faq-block\"><summary><span>Wann sollte keine Behandlung mit der Fett-weg-Spritze durchgef\u00fchrt werden?<\/span><\/summary><div class=\"faq-details is-layout-flow\">\n<p>Nicht geeignet und durchgef\u00fchrt werden darf eine Behandlung mit der Injektionslipolyse bei Schwangeren und stillenden M\u00fcttern sowie bei einigen seltenen Erkrankungen.<\/p>\n<\/div><\/details>\n<\/div>\n\n\n\n<div class=\"wp-block-column is-layout-flow wp-block-column-is-layout-flow\">\n<figure class=\"hide-on-mobile wp-block-image size-full is-resized is-style-rounded\"><img loading=\"lazy\" decoding=\"async\" width=\"2000\" height=\"2000\" src=\"https:\/\/www.schoenehaut.de\/wp-content\/uploads\/2026\/03\/Meike_Profilbils_Rund260316.png\" alt=\"\" class=\"wp-image-5625\" style=\"aspect-ratio:1;object-fit:contain;width:auto;height:500px\"\/><\/figure>\n<\/div>\n<\/div>\n\n\n\n<div class=\"wp-block-columns is-layout-flex wp-container-core-columns-is-layout-28f84493 wp-block-columns-is-layout-flex\">\n<div class=\"wp-block-column is-layout-flow wp-block-column-is-layout-flow\">\n<h2 class=\"wp-block-heading\">Weitere Behandlungen<\/h2>\n\n\n\n<div class=\"wp-block-group has-global-padding is-layout-constrained wp-block-group-is-layout-constrained\"><div class=\"schoenehaut-behandlungs-grid wp-block-schoenehaut-behandlungs-kacheln\"><a href=\"https:\/\/www.schoenehaut.de\/en\/aesthetik\/fadenlifting\/\" class=\"behandlungs-tile\" aria-label=\"Fadenlifting\">\n                <img decoding=\"async\" src=\"https:\/\/www.schoenehaut.de\/wp-content\/uploads\/2026\/02\/AdobeStock_807796786_Preview.jpeg\" alt=\"\" class=\"tile-image\" aria-hidden=\"true\">\n                <span class=\"tile-title\">Fadenlifting<\/span>\n            <\/a><a href=\"https:\/\/www.schoenehaut.de\/en\/institut\/potenza-radiofrequenz-needling\/\" class=\"behandlungs-tile\" aria-label=\"Potenza\u2122\">\n                <img decoding=\"async\" src=\"https:\/\/www.schoenehaut.de\/wp-content\/uploads\/2026\/03\/istockphoto-1488371906-1024x1024-1.jpg\" alt=\"\" class=\"tile-image\" aria-hidden=\"true\">\n                <span class=\"tile-title\">Potenza\u2122<\/span>\n            <\/a><a href=\"https:\/\/www.schoenehaut.de\/en\/aesthetik\/biostimulation-mesotherapie\/polynukleotide-pdrn-salmon-sperm-lift\/\" class=\"behandlungs-tile\" aria-label=\"Biostimulatoren\">\n                <img decoding=\"async\" src=\"https:\/\/www.schoenehaut.de\/wp-content\/uploads\/2026\/02\/AdobeStock_1628764124_Preview.jpeg\" alt=\"\" class=\"tile-image\" aria-hidden=\"true\">\n                <span class=\"tile-title\">Biostimulatoren<\/span>\n            <\/a><\/div><\/div>\n<\/div>\n<\/div>\n","protected":false},"excerpt":{"rendered":"<p>Fett-weg-Spritze in Berlin: So funktioniert die Injektionslipolyse Vielleicht kennen Sie, wie viele andere auch, das Problem, dass bestimmte Fettp\u00f6lsterchen weder durch Ern\u00e4hrungsumstellung, Di\u00e4ten, noch durch gezielten Sport zu reduzieren sind. Die Injektionslipolyse (auch Fett-weg-Spritze genannt) ist kein neues Wundermittel zur Gewichtsabnahme. Mit dieser Therapie ist es jedoch m\u00f6glich, gezielt das Fett in einzelnen Regionen abzuschmelzen. [&hellip;]<\/p>\n","protected":false},"author":1,"featured_media":0,"parent":715,"menu_order":4,"comment_status":"closed","ping_status":"closed","template":"","meta":{"footnotes":""},"class_list":["post-741","page","type-page","status-publish","hentry"],"_links":{"self":[{"href":"https:\/\/www.schoenehaut.de\/en\/wp-json\/wp\/v2\/pages\/741","targetHints":{"allow":["GET"]}}],"collection":[{"href":"https:\/\/www.schoenehaut.de\/en\/wp-json\/wp\/v2\/pages"}],"about":[{"href":"https:\/\/www.schoenehaut.de\/en\/wp-json\/wp\/v2\/types\/page"}],"author":[{"embeddable":true,"href":"https:\/\/www.schoenehaut.de\/en\/wp-json\/wp\/v2\/users\/1"}],"replies":[{"embeddable":true,"href":"https:\/\/www.schoenehaut.de\/en\/wp-json\/wp\/v2\/comments?post=741"}],"version-history":[{"count":35,"href":"https:\/\/www.schoenehaut.de\/en\/wp-json\/wp\/v2\/pages\/741\/revisions"}],"predecessor-version":[{"id":5761,"href":"https:\/\/www.schoenehaut.de\/en\/wp-json\/wp\/v2\/pages\/741\/revisions\/5761"}],"up":[{"embeddable":true,"href":"https:\/\/www.schoenehaut.de\/en\/wp-json\/wp\/v2\/pages\/715"}],"wp:attachment":[{"href":"https:\/\/www.schoenehaut.de\/en\/wp-json\/wp\/v2\/media?parent=741"}],"curies":[{"name":"wp","href":"https:\/\/api.w.org\/{rel}","templated":true}]}}