{"id":753,"date":"2026-01-29T11:58:49","date_gmt":"2026-01-29T10:58:49","guid":{"rendered":"https:\/\/www.schoenehaut.de\/?page_id=753"},"modified":"2026-03-25T08:08:34","modified_gmt":"2026-03-25T07:08:34","slug":"fadenlifting","status":"publish","type":"page","link":"https:\/\/www.schoenehaut.de\/en\/aesthetik\/fadenlifting\/","title":{"rendered":"Fadenlifting"},"content":{"rendered":"\n<div style=\"height:213px\" aria-hidden=\"true\" class=\"hide-on-mobile wp-block-spacer\"><\/div>\n\n\n\n<div style=\"height:100px\" aria-hidden=\"true\" class=\"hide-on-desktop wp-block-spacer\"><\/div>\n\n\n\n<div class=\"wp-block-columns is-style-big-gap is-layout-flex wp-container-core-columns-is-layout-28f84493 wp-block-columns-is-layout-flex\">\n<div class=\"wp-block-column is-layout-flow wp-block-column-is-layout-flow\"><div class=\"splide has-pagination-center is-style-portrait-contained wp-block-huishu-block-hu-splide-slider\" aria-labelledby=\"\" data-splide=\"{&quot;type&quot;:&quot;fade&quot;,&quot;perPage&quot;:1,&quot;arrows&quot;:true,&quot;autoplay&quot;:true,&quot;speed&quot;:1500,&quot;interval&quot;:4000,&quot;pagination&quot;:true,&quot;rewind&quot;:&quot;true&quot;}\">\n    <div class=\"splide__track\">\n        <ul class=\"splide__list\">\n\n<li class=\"wp-block-huishu-block-splide-slide splide__slide\">\n<figure class=\"wp-block-image size-full is-resized is-style-rounded\"><img loading=\"lazy\" decoding=\"async\" width=\"1508\" height=\"1121\" src=\"https:\/\/www.schoenehaut.de\/wp-content\/uploads\/2026\/03\/AdobeStock_807796786_Preview.jpeg\" alt=\"\" class=\"wp-image-5103\" style=\"aspect-ratio:2\/1;object-fit:cover;width:auto;height:896px\"\/><\/figure>\n<\/li>\n\n\n\n<li class=\"wp-block-huishu-block-splide-slide splide__slide\">\n<figure class=\"wp-block-image size-full is-resized is-style-rounded\"><img loading=\"lazy\" decoding=\"async\" width=\"2000\" height=\"1437\" src=\"https:\/\/www.schoenehaut.de\/wp-content\/uploads\/2026\/02\/AdobeStock_399488316_Preview.jpeg\" alt=\"\" class=\"wp-image-2417\" style=\"aspect-ratio:2\/1;object-fit:cover;width:auto;height:896px\"\/><\/figure>\n<\/li>\n\n<\/ul>    <\/div>\n            <div class=\"splide__arrows \"><button class=\"splide__arrow splide__arrow--prev\">\n\t\t\t<i class=\"icon-chevron-left-slider\" aria-label=\"Zum vorherigen Slide\"><\/i>\n\t\t<\/button>\n\t\t<button class=\"splide__arrow splide__arrow--next\">\n\t\t\t<i class=\"icon-chevron-right-slider\" aria-label=\"Zum n\u00e4chsten Slide\"><\/i>\n\t\t<\/button><\/div>\n        <\/div><\/div>\n\n\n\n<div class=\"wp-block-column is-layout-flow wp-block-column-is-layout-flow\">\n<h1 class=\"wp-block-heading is-style-h4 has-large-font-size\">Fadenlifting in Berlin:<\/h1>\n\n\n\n<h2 class=\"wp-block-heading\" style=\"margin-top:var(--wp--preset--spacing--subtitle)\">Nat\u00fcrliche Haut&shy;straffung bei Dr. med. Meike Schr\u00f6der<\/h2>\n\n\n\n<p class=\"has-large-font-size\">Was ist ein Fadenlifting?<\/p>\n\n\n\n<p>Das Fadenlifting ist eine nicht-chirurgische Behandlung mit sofortigem Liftingeffekt durch die Einbringung speziell entwickelter F\u00e4den unter die Haut. Diese abbaubaren F\u00e4den bewirken je nach gew\u00fcnschtem Effekt entweder eine reine Straffung der Haut (z. B. bei Knitterfalten im D\u00e9collet\u00e9) oder ein Lifting abgesunkener Konturen (H\u00e4ngeb\u00e4ckchen, Hals).<\/p>\n\n\n\n<p>Das Fadenlifting ist eine effektive Methode zur Wiederherstellung der nat\u00fcrlichen Gesichtskontur und hat gegen\u00fcber dem herk\u00f6mmlichen Lifting f\u00fcr den Patienten viele Vorteile: Es bedeutet eine deutlich geringere Belastung, keine Narbenbildung, ein geringes Schmerz- und Entz\u00fcndungsrisiko, keine lange Ausfallzeit und vor allem ein sehr nat\u00fcrliches Ergebnis.<\/p>\n\n\n\n<div class=\"wp-block-buttons is-layout-flex wp-block-buttons-is-layout-flex\">\n<div class=\"wp-block-button is-style-fill\"><a class=\"wp-block-button__link wp-element-button\" href=\"https:\/\/www.schoenehaut.de\/kontakt#kontakt\">Jetzt Termin buchen<\/a><\/div>\n<\/div>\n\n\n\n<div style=\"height:20px\" aria-hidden=\"true\" class=\"wp-block-spacer\"><\/div>\n\n\n\n<h2 class=\"wp-block-heading is-style-h3\">Alles auf einen Blick<\/h2>\n\n\n\n<figure class=\"wp-block-flexible-table-block-table is-style-align-middle\"><table class=\"has-fixed-layout is-stacked-on-mobile\"><tbody><tr><th scope=\"row\"><img loading=\"lazy\" decoding=\"async\" width=\"35\" height=\"35\" class=\"wp-image-4407\" style=\"width: 35px;\" src=\"https:\/\/www.schoenehaut.de\/wp-content\/uploads\/2026\/03\/Behandlungsdauer-Sanduhr.svg\" alt=\"\"> Behandlungsdauer:<\/th><td>ca. 20\u201360min<\/td><\/tr><tr><th scope=\"row\"><img loading=\"lazy\" decoding=\"async\" width=\"35\" height=\"35\" class=\"wp-image-2745\" style=\"width: 35px;\" src=\"https:\/\/www.schoenehaut.de\/wp-content\/uploads\/2026\/02\/Schmerzen.svg\" alt=\"\"> Schmerzen:<\/th><td>leicht<\/td><\/tr><tr><th scope=\"row\"><img loading=\"lazy\" decoding=\"async\" width=\"35\" height=\"35\" class=\"wp-image-2741\" style=\"width: 35px;\" src=\"https:\/\/www.schoenehaut.de\/wp-content\/uploads\/2026\/02\/Betraeubung.svg\" alt=\"\"> Bet\u00e4ubung:<\/th><td>\u00f6rtlich<\/td><\/tr><tr><th scope=\"row\"><img loading=\"lazy\" decoding=\"async\" width=\"35\" height=\"35\" class=\"wp-image-2743\" style=\"width: 35px;\" src=\"https:\/\/www.schoenehaut.de\/wp-content\/uploads\/2026\/02\/Gesellschaftsfaehigkeit.svg\" alt=\"\"> Gesellschaftsf\u00e4higkeit:<\/th><td>sofort oder nach 1 Woche, abh\u00e4ngig vom behandelten Areal<\/td><\/tr><tr><th scope=\"row\"><img loading=\"lazy\" decoding=\"async\" width=\"35\" height=\"35\" class=\"wp-image-2742\" style=\"width: 35px;\" src=\"https:\/\/www.schoenehaut.de\/wp-content\/uploads\/2026\/02\/Einschraenkungen.svg\" alt=\"\"> Einschr\u00e4nkungen:<\/th><td>1 Woche kein Sport, keine Sauna, keine kosmetischen Massagen<\/td><\/tr><tr><th scope=\"row\"><img loading=\"lazy\" decoding=\"async\" width=\"35\" height=\"35\" class=\"wp-image-2747\" style=\"width: 35px;\" src=\"https:\/\/www.schoenehaut.de\/wp-content\/uploads\/2026\/02\/Wirkungseintritt.svg\" alt=\"\"> Wirkungseintritt:<\/th><td>sofort und verz\u00f6gert<\/td><\/tr><tr><th scope=\"row\"><img loading=\"lazy\" decoding=\"async\" width=\"35\" height=\"35\" class=\"wp-image-2746\" style=\"width: 35px;\" src=\"https:\/\/www.schoenehaut.de\/wp-content\/uploads\/2026\/02\/Wirkungsdauer.svg\" alt=\"\"> Wirkungsdauer:<\/th><td>ca. 1-2 Jahre<\/td><\/tr><tr><th scope=\"row\"><img loading=\"lazy\" decoding=\"async\" width=\"35\" height=\"35\" class=\"wp-image-2744\" style=\"width: 35px;\" src=\"https:\/\/www.schoenehaut.de\/wp-content\/uploads\/2026\/02\/Kosten.svg\" alt=\"\"> Kosten:<\/th><td>individuell je nach F\u00e4den und Indikation<\/td><\/tr><\/tbody><\/table><\/figure>\n<\/div>\n<\/div>\n\n\n\n<div class=\"wp-block-group alignfull has-white-background-color has-background has-global-padding is-layout-constrained wp-block-group-is-layout-constrained\">\n<div class=\"wp-block-columns is-layout-flex wp-container-core-columns-is-layout-f0342b05 wp-block-columns-is-layout-flex\" style=\"margin-top:0;margin-bottom:0\">\n<div class=\"wp-block-column is-layout-flow wp-block-column-is-layout-flow\" style=\"flex-basis:60%\">\n<div style=\"height:61px\" aria-hidden=\"true\" class=\"wp-block-spacer\"><\/div>\n\n\n\n<figure class=\"hide-on-desktop wp-block-image size-full is-resized is-style-default\" style=\"margin-bottom:0\"><img loading=\"lazy\" decoding=\"async\" width=\"2000\" height=\"2000\" src=\"https:\/\/www.schoenehaut.de\/wp-content\/uploads\/2026\/03\/Meike_Profilbils_Rund260316.png\" alt=\"\" class=\"wp-image-5625\" style=\"aspect-ratio:1;object-fit:contain;width:auto;height:400px\"\/><\/figure>\n\n\n\n<h2 class=\"wp-block-heading is-style-h2\">H\u00e4ufige Fragen<\/h2>\n\n\n\n<details class=\"wp-block-huishu-agentur-huishu-faq-block\"><summary><span>Wie wirkt das Fadenlifting?<\/span><\/summary><div class=\"faq-details is-layout-flow\">\n<p>Je nach Art der F\u00e4den erfolgt ein softes Lifting abgesunkener Hautpartien dank sogenannter Barb- oder Coin-F\u00e4den, die sich im Gewebe schonend einf\u00fcgen und die Gesichtskonturen wieder sehr nat\u00fcrlich anheben &#8211; ohne OP und ohne Narben.<\/p>\n\n\n\n<p>Wir verwenden bevorzugt PDO-&nbsp; (Polydioxanon) und Polymilchs\u00e4uref\u00e4den, die sich durch ihre besonders gute Vertr\u00e4glichkeit erwiesen haben.<\/p>\n\n\n\n<p>Es gibt verschiedene F\u00e4den f\u00fcr verschiedene Bed\u00fcrfnisse. Sie alle straffen und gl\u00e4tten die Haut und sorgen f\u00fcr ein frischeres, strahlenderes Hautbild. Je nach Art der verwendeten F\u00e4den kann das Ergebnis bis hin zu einem Lifting oder Neuformung der Gesichtskonturen gehen. Wie lange die Wirkung anh\u00e4lt und wie stark sie ausf\u00e4llt, h\u00e4ngt auch von der Art des Fadens ab.<\/p>\n<\/div><\/details>\n\n\n\n<details class=\"wp-block-huishu-agentur-huishu-faq-block\"><summary><span>Was bewirkt das Fadenlifting?<\/span><\/summary><div class=\"faq-details is-layout-flow\">\n<ul class=\"wp-block-list\">\n<li>Lifting eingefallener Konturen<\/li>\n\n\n\n<li>Hautverj\u00fcngung (Straffung, Verbesserung des Teints)<\/li>\n\n\n\n<li>Faltenbehandlung<\/li>\n<\/ul>\n<\/div><\/details>\n\n\n\n<details class=\"wp-block-huishu-agentur-huishu-faq-block\"><summary><span>Wie l\u00e4uft das Fadenlifting in unserer Praxis in Berlin ab?<\/span><\/summary><div class=\"faq-details is-layout-flow\">\n<p>Im ersten Schritt zeichnet Fr. Dr. Schr\u00f6der die zu behandelnden Areale ein und bet\u00e4ubt lokal die Eintrittsstellen. Dann werden die Lifting-F\u00e4den in das Unterhaut-Fettgewebe eingef\u00fchrt. Je nach Region und gew\u00fcnschtem Effekt werden unterschiedliche F\u00e4den und Techniken verwendet. Feine, glatte oder leicht spiralige F\u00e4den stimulieren die Bildung von neuem Bindegewebe, sodass die Haut straffer und glatter wird. Bestimmte Arten von F\u00e4den k\u00f6nnen au\u00dferdem das Gesichts- oder Halsgewebe anheben und so in seine urspr\u00fcngliche Position zur\u00fcckbringen. Diese neue und sanfte Methode hinterl\u00e4sst weder Wunden noch Narben. Die F\u00e4den werden nach gewisser Zeit (je nach Art des Fadens) vom Gewebe resorbiert.<\/p>\n<\/div><\/details>\n\n\n\n<div style=\"height:61px\" aria-hidden=\"true\" class=\"wp-block-spacer\"><\/div>\n<\/div>\n\n\n\n<div class=\"hide-on-mobile wp-block-column is-layout-flow wp-block-column-is-layout-flow\" style=\"flex-basis:5%\"><\/div>\n\n\n\n<div class=\"wp-block-column is-layout-flow wp-block-column-is-layout-flow\" style=\"flex-basis:35.9%\">\n<figure class=\"hide-on-mobile wp-block-image size-full is-resized is-style-right-edge\"><img loading=\"lazy\" decoding=\"async\" width=\"2000\" height=\"1334\" src=\"https:\/\/www.schoenehaut.de\/wp-content\/uploads\/2026\/01\/RL01202_6881.jpg\" alt=\"\" class=\"wp-image-906\" style=\"width:auto;height:560px\"\/><\/figure>\n<\/div>\n<\/div>\n<\/div>\n\n\n\n<div class=\"wp-block-columns is-style-medium-gap is-layout-flex wp-container-core-columns-is-layout-28f84493 wp-block-columns-is-layout-flex\">\n<div class=\"wp-block-column is-layout-flow wp-block-column-is-layout-flow\">\n<figure class=\"wp-block-image size-full is-style-rounded\"><img loading=\"lazy\" decoding=\"async\" width=\"2000\" height=\"1121\" src=\"https:\/\/www.schoenehaut.de\/wp-content\/uploads\/2026\/03\/AdobeStock_1573445672_Preview.jpeg\" alt=\"\" class=\"wp-image-5203\"\/><\/figure>\n<\/div>\n\n\n\n<div class=\"wp-block-column is-layout-flow wp-block-column-is-layout-flow\">\n<h2 class=\"wp-block-heading\">Welche Areale k\u00f6nnen mittels Fadenlifting behandelt werden?<\/h2>\n\n\n\n<p class=\"has-large-font-size\">Welcher Effekt ist zu erwarten?<\/p>\n\n\n\n<figure class=\"wp-block-flexible-table-block-table\"><table class=\"has-fixed-layout is-stacked-on-mobile\"><tbody><tr><th scope=\"row\"><a href=\"https:\/\/www.schoenehaut.de\/hautbeduerfnis\/haut-gesicht\/haengebaeckchen-absinkende-wangen\/\" data-type=\"page\" data-id=\"705\"><strong>H\u00e4ngeb\u00e4ckchen,<\/strong><\/a> Doppelkinn:<\/th><td>Lifting-Effekt<\/td><\/tr><tr><th scope=\"row\">Wangen:<\/th><td>Gl\u00e4ttung und\/oder Lifting-Effekt<\/td><\/tr><tr><th scope=\"row\">Marionettenfalten:<\/th><td>Gl\u00e4ttung und\/oder Lifting-Effekt<\/td><\/tr><tr><th scope=\"row\">Nasolabialfalt:<\/th><td>Gl\u00e4ttung und\/oder Lifting-Effekt<\/td><\/tr><tr><th scope=\"row\">Augenbrauen:<\/th><td>Lifting-Effekt<\/td><\/tr><tr><th scope=\"row\">Augenf\u00e4ltchen:<\/th><td>Gl\u00e4ttung<\/td><\/tr><tr><th scope=\"row\">Oberlippenf\u00e4ltchen:<\/th><td>Gl\u00e4ttung<\/td><\/tr><tr><th scope=\"row\">Hals:<\/th><td>Gl\u00e4ttung und\/oder Lifting-Effekt<\/td><\/tr><tr><th scope=\"row\">Dekollet\u00e9:<\/th><td>Gl\u00e4ttung<\/td><\/tr><\/tbody><\/table><\/figure>\n<\/div>\n<\/div>\n\n\n\n<div class=\"wp-block-columns is-style-medium-gap is-layout-flex wp-container-core-columns-is-layout-28f84493 wp-block-columns-is-layout-flex\">\n<div class=\"wp-block-column is-layout-flow wp-block-column-is-layout-flow\">\n<h2 class=\"wp-block-heading\">Ist eine Fadenlifting-Behandlung schmerz&shy;haft?<\/h2>\n\n\n\n<p>Vor der Behandlung wird eine lokale Bet\u00e4ubung an den Eintrittsstellen gesetzt, sodass die Behandlung nahezu schmerzfrei ist.<\/p>\n<\/div>\n\n\n\n<div class=\"wp-block-column is-layout-flow wp-block-column-is-layout-flow\">\n<figure class=\"wp-block-image size-full is-style-rounded\"><img loading=\"lazy\" decoding=\"async\" width=\"2000\" height=\"1464\" src=\"https:\/\/www.schoenehaut.de\/wp-content\/uploads\/2026\/02\/AdobeStock_443766604_Preview.jpeg\" alt=\"\" class=\"wp-image-2420\"\/><\/figure>\n<\/div>\n<\/div>\n\n\n\n<div class=\"wp-block-group alignfull has-white-background-color has-background has-global-padding is-layout-constrained wp-block-group-is-layout-constrained\">\n<div class=\"wp-block-columns is-layout-flex wp-container-core-columns-is-layout-f0342b05 wp-block-columns-is-layout-flex\" style=\"margin-top:0;margin-bottom:0\">\n<div class=\"hide-on-mobile wp-block-column is-layout-flow wp-block-column-is-layout-flow\" style=\"flex-basis:35.9%\">\n<figure class=\"wp-block-image size-full is-resized is-style-left-edge\"><img loading=\"lazy\" decoding=\"async\" width=\"1708\" height=\"2560\" src=\"https:\/\/www.schoenehaut.de\/wp-content\/uploads\/2026\/03\/RL01202_7305-scaled.jpg\" alt=\"\" class=\"wp-image-4998\" style=\"width:auto;height:800px\"\/><\/figure>\n<\/div>\n\n\n\n<div class=\"hide-on-mobile wp-block-column is-layout-flow wp-block-column-is-layout-flow\" style=\"flex-basis:5%\"><\/div>\n\n\n\n<div class=\"wp-block-column is-layout-flow wp-block-column-is-layout-flow\" style=\"flex-basis:60%\">\n<div style=\"height:61px\" aria-hidden=\"true\" class=\"wp-block-spacer\"><\/div>\n\n\n\n<h2 class=\"wp-block-heading is-style-h2\">Was sollte ich nach der Fadenlifting-Behandlung beachten?<\/h2>\n\n\n\n<p>Reiben und jeder direkte Druck auf das behandelte Areal sollte f\u00fcr 1 Woche vermieden werden (z. B. Gesichtsmassagen, Zahnbehandlungen). Sonnenlicht und Sonnenstudios sollten f\u00fcr 1 Woche gemieden werden, ebenso sollte f\u00fcr 1 Woche auf Sport und den Besuch von Sauna, Schwimmbad oder Dampfbad verzichtet werden.<\/p>\n\n\n\n<details class=\"wp-block-huishu-agentur-huishu-faq-block is-style-default\"><summary><span>Wann sind die Ergebnisse des Fadenliftings sichtbar und wie lange h\u00e4lt das Fadenlifting an?<\/span><\/summary><div class=\"faq-details is-layout-flow\">\n<p>Das Ergebnis ist je nach eingesetzten F\u00e4den sofort bis verz\u00f6gert sichtbar. Bei den PDO-F\u00e4den tritt der maximale Effekt nach ca. 4 bis 8 Wochen ein. Anschlie\u00dfend werden die F\u00e4den langsam vom K\u00f6rper abgebaut. W\u00e4hrend des Abbaus wird im Unterhautgewebe verst\u00e4rkt Kollagen gebildet und das Bindehautgewebe gefestigt. Ein nat\u00fcrliches St\u00fctzger\u00fcst entsteht. Die Effekte halten je nach Fadenmaterial 1 bis 3 Jahre an.<\/p>\n<\/div><\/details>\n\n\n\n<details class=\"wp-block-huishu-agentur-huishu-faq-block is-style-default\"><summary><span>Welche Risiken und m\u00f6gliche Nebenwirkungen gibt es beim Fadenlifting?<\/span><\/summary><div class=\"faq-details is-layout-flow\">\n<p>Unmittelbar nach der Behandlung kann es zu lokalen Schwellungen, vor\u00fcbergehendem Schmerzempfinden und leichten blauen Flecken kommen. Eine leichte R\u00f6tung, Bluterg\u00fcsse oder Schwellungen k\u00f6nnen sichtbar sein. Diese Nebenwirkungen sind in der Regel nur vor\u00fcbergehend und klingen nach 1-3 Tagen ab. Bitte informieren Sie uns, wenn Entz\u00fcndungsreaktionen oder andere unerw\u00fcnschte Nebenwirkungen l\u00e4nger anhalten, damit diese entsprechend behandelt werden k\u00f6nnen.<\/p>\n<\/div><\/details>\n\n\n\n<details class=\"wp-block-huishu-agentur-huishu-faq-block is-style-default\"><summary><span>Vertragen sich andere \u00e4sthetische Behandlungen mit dem Fadenlifting?<\/span><\/summary><div class=\"faq-details is-layout-flow\">\n<p>Insbesondere die Kombination mit der Lipolyse von <a href=\"https:\/\/www.schoenehaut.de\/hautbeduerfnis\/haut-gesicht\/haengebaeckchen-absinkende-wangen\/\" data-type=\"page\" data-id=\"705\">H\u00e4ngeb\u00e4ckchen <\/a>oder einem Doppelkinn kann ein operatives Facelift auf sanfte Art ersetzen. Es empfiehlt sich dann, vor dem Fadenlifting eine wiederholte Lipolyse der <a href=\"https:\/\/www.schoenehaut.de\/hautbeduerfnis\/haut-gesicht\/haengebaeckchen-absinkende-wangen\/\" data-type=\"page\" data-id=\"705\">H\u00e4ngeb\u00e4ckchen<\/a> durchf\u00fchren zu lassen. Das Fadenlifting kann aber auch sehr gut mit anderen treats wie Botox, Hyaluron-Filler oder dem fraktionierten Laser kombiniert werden.<\/p>\n<\/div><\/details>\n\n\n\n<div style=\"height:61px\" aria-hidden=\"true\" class=\"wp-block-spacer\"><\/div>\n<\/div>\n<\/div>\n<\/div>\n\n\n\n<div class=\"wp-block-columns is-layout-flex wp-container-core-columns-is-layout-28f84493 wp-block-columns-is-layout-flex\">\n<div class=\"wp-block-column is-layout-flow wp-block-column-is-layout-flow\">\n<h2 class=\"wp-block-heading\">Weitere Behandlungen<\/h2>\n\n\n\n<div class=\"wp-block-group has-global-padding is-layout-constrained wp-block-group-is-layout-constrained\"><div class=\"schoenehaut-behandlungs-grid wp-block-schoenehaut-behandlungs-kacheln\"><a href=\"https:\/\/www.schoenehaut.de\/en\/aesthetik\/fett-weg-spritze\/\" class=\"behandlungs-tile\" aria-label=\"Fett-Weg-Spritze\">\n                <img decoding=\"async\" src=\"https:\/\/www.schoenehaut.de\/wp-content\/uploads\/2026\/02\/AdobeStock_545141186_Preview.jpeg\" alt=\"\" class=\"tile-image\" aria-hidden=\"true\">\n                <span class=\"tile-title\">Fett-Weg-Spritze<\/span>\n            <\/a><a href=\"https:\/\/www.schoenehaut.de\/en\/aesthetik\/hyaluron\/wangen-liquid-lifting\/\" class=\"behandlungs-tile\" aria-label=\"Liqid Lift\">\n                <img decoding=\"async\" src=\"https:\/\/www.schoenehaut.de\/wp-content\/uploads\/2026\/02\/AdobeStock_1164752370_Preview.jpeg\" alt=\"\" class=\"tile-image\" aria-hidden=\"true\">\n                <span class=\"tile-title\">Liqid Lift<\/span>\n            <\/a><a href=\"https:\/\/www.schoenehaut.de\/en\/aesthetik\/biostimulation-mesotherapie\/profhilo-structura\/\" class=\"behandlungs-tile\" aria-label=\"Profhilo Structura\">\n                <img decoding=\"async\" src=\"https:\/\/www.schoenehaut.de\/wp-content\/uploads\/2026\/02\/istockphoto-1442498617-2048x2048-1.jpg\" alt=\"\" class=\"tile-image\" aria-hidden=\"true\">\n                <span class=\"tile-title\">Profhilo Structura<\/span>\n            <\/a><\/div><\/div>\n<\/div>\n<\/div>\n","protected":false},"excerpt":{"rendered":"<p>Fadenlifting in Berlin: Nat\u00fcrliche Hautstraffung bei Dr. med. Meike Schr\u00f6der Was ist ein Fadenlifting? Das Fadenlifting ist eine nicht-chirurgische Behandlung mit sofortigem Liftingeffekt durch die Einbringung speziell entwickelter F\u00e4den unter die Haut. Diese abbaubaren F\u00e4den bewirken je nach gew\u00fcnschtem Effekt entweder eine reine Straffung der Haut (z. B. bei Knitterfalten im D\u00e9collet\u00e9) oder ein Lifting [&hellip;]<\/p>\n","protected":false},"author":1,"featured_media":0,"parent":715,"menu_order":11,"comment_status":"closed","ping_status":"closed","template":"","meta":{"footnotes":""},"class_list":["post-753","page","type-page","status-publish","hentry"],"_links":{"self":[{"href":"https:\/\/www.schoenehaut.de\/en\/wp-json\/wp\/v2\/pages\/753","targetHints":{"allow":["GET"]}}],"collection":[{"href":"https:\/\/www.schoenehaut.de\/en\/wp-json\/wp\/v2\/pages"}],"about":[{"href":"https:\/\/www.schoenehaut.de\/en\/wp-json\/wp\/v2\/types\/page"}],"author":[{"embeddable":true,"href":"https:\/\/www.schoenehaut.de\/en\/wp-json\/wp\/v2\/users\/1"}],"replies":[{"embeddable":true,"href":"https:\/\/www.schoenehaut.de\/en\/wp-json\/wp\/v2\/comments?post=753"}],"version-history":[{"count":57,"href":"https:\/\/www.schoenehaut.de\/en\/wp-json\/wp\/v2\/pages\/753\/revisions"}],"predecessor-version":[{"id":5847,"href":"https:\/\/www.schoenehaut.de\/en\/wp-json\/wp\/v2\/pages\/753\/revisions\/5847"}],"up":[{"embeddable":true,"href":"https:\/\/www.schoenehaut.de\/en\/wp-json\/wp\/v2\/pages\/715"}],"wp:attachment":[{"href":"https:\/\/www.schoenehaut.de\/en\/wp-json\/wp\/v2\/media?parent=753"}],"curies":[{"name":"wp","href":"https:\/\/api.w.org\/{rel}","templated":true}]}}