{"id":771,"date":"2026-01-29T12:01:41","date_gmt":"2026-01-29T11:01:41","guid":{"rendered":"https:\/\/www.schoenehaut.de\/?page_id=771"},"modified":"2026-03-25T08:13:18","modified_gmt":"2026-03-25T07:13:18","slug":"laserlifting-augenlidstraffung","status":"publish","type":"page","link":"https:\/\/www.schoenehaut.de\/en\/laser\/laserlifting-augenlidstraffung\/","title":{"rendered":"Laserlifting, Augenlidstraffung"},"content":{"rendered":"\n<div style=\"height:213px\" aria-hidden=\"true\" class=\"hide-on-mobile wp-block-spacer\"><\/div>\n\n\n\n<div style=\"height:100px\" aria-hidden=\"true\" class=\"hide-on-desktop wp-block-spacer\"><\/div>\n\n\n\n<div class=\"wp-block-columns is-style-big-gap is-layout-flex wp-container-core-columns-is-layout-28f84493 wp-block-columns-is-layout-flex\">\n<div class=\"wp-block-column is-layout-flow wp-block-column-is-layout-flow\"><div class=\"splide has-pagination-center is-style-portrait-contained wp-block-huishu-block-hu-splide-slider\" aria-labelledby=\"\" data-splide=\"{&quot;type&quot;:&quot;fade&quot;,&quot;perPage&quot;:1,&quot;arrows&quot;:true,&quot;autoplay&quot;:true,&quot;speed&quot;:1400,&quot;interval&quot;:4000,&quot;pagination&quot;:true,&quot;rewind&quot;:&quot;true&quot;}\">\n    <div class=\"splide__track\">\n        <ul class=\"splide__list\">\n\n<li class=\"wp-block-huishu-block-splide-slide splide__slide\">\n<figure class=\"wp-block-image size-full is-resized is-style-rounded\"><img loading=\"lazy\" decoding=\"async\" width=\"2000\" height=\"1333\" src=\"https:\/\/www.schoenehaut.de\/wp-content\/uploads\/2026\/02\/AdobeStock_1448106743_Preview.jpeg\" alt=\"\" class=\"wp-image-2451\" style=\"aspect-ratio:2\/1;object-fit:cover;width:auto;height:896px\"\/><\/figure>\n<\/li>\n\n\n\n<li class=\"wp-block-huishu-block-splide-slide splide__slide\">\n<figure class=\"wp-block-image size-full is-resized is-style-rounded\"><img loading=\"lazy\" decoding=\"async\" width=\"1488\" height=\"1121\" src=\"https:\/\/www.schoenehaut.de\/wp-content\/uploads\/2026\/03\/AdobeStock_741504601_Preview.jpeg\" alt=\"\" class=\"wp-image-5227\" style=\"aspect-ratio:2\/1;object-fit:cover;width:auto;height:896px\"\/><\/figure>\n<\/li>\n\n<\/ul>    <\/div>\n            <div class=\"splide__arrows \"><button class=\"splide__arrow splide__arrow--prev\">\n\t\t\t<i class=\"icon-chevron-left-slider\" aria-label=\"Zum vorherigen Slide\"><\/i>\n\t\t<\/button>\n\t\t<button class=\"splide__arrow splide__arrow--next\">\n\t\t\t<i class=\"icon-chevron-right-slider\" aria-label=\"Zum n\u00e4chsten Slide\"><\/i>\n\t\t<\/button><\/div>\n        <\/div><\/div>\n\n\n\n<div class=\"wp-block-column is-layout-flow wp-block-column-is-layout-flow\">\n<h4 class=\"wp-block-heading has-large-font-size\">Laserbehandlung gegen Falten:<\/h4>\n\n\n\n<h2 class=\"wp-block-heading\" style=\"margin-top:var(--wp--preset--spacing--subtitle)\">Laserbehandlung bei Dr. med. Meike Schr\u00f6der in Berlin<\/h2>\n\n\n\n<p>Mit zunehmendem Alter verliert die Haut an Spannkraft, Elastizit\u00e4t und Frische. Feine Linien, Falten, vergr\u00f6\u00dferte Poren oder Narben k\u00f6nnen das Hautbild m\u00fcde wirken lassen. Die Laserbehandlung mit dem eCO2-Laser bietet bei SCH\u00d6NE HAUT eine hochwirksame, moderne Methode zur sichtbaren Hautverj\u00fcngung \u2013 ganz ohne chirurgischen Eingriff.<\/p>\n\n\n\n<div class=\"wp-block-buttons is-layout-flex wp-block-buttons-is-layout-flex\">\n<div class=\"wp-block-button is-style-fill\"><a class=\"wp-block-button__link wp-element-button\" href=\"https:\/\/www.schoenehaut.de\/kontakt#kontakt\">Jetzt Termin buchen<\/a><\/div>\n<\/div>\n<\/div>\n<\/div>\n\n\n\n<div class=\"wp-block-group alignfull has-white-background-color has-background has-global-padding is-layout-constrained wp-block-group-is-layout-constrained\">\n<div class=\"wp-block-columns is-layout-flex wp-container-core-columns-is-layout-f0342b05 wp-block-columns-is-layout-flex\" style=\"margin-top:0;margin-bottom:0\">\n<div class=\"wp-block-column is-layout-flow wp-block-column-is-layout-flow\" style=\"flex-basis:60%\">\n<div style=\"height:61px\" aria-hidden=\"true\" class=\"wp-block-spacer\"><\/div>\n\n\n\n<h2 class=\"wp-block-heading is-style-h2\">Wie wirkt die Laserbehandlung gegen Falten mit dem eCO2-Laser<\/h2>\n\n\n\n<p>Der fraktionierte eCO2-Laser arbeitet mit feinsten Laserimpulsen, die gezielt Mikroareale in der Haut behandeln. Dadurch wird die nat\u00fcrliche Regeneration aktiviert:<br>Die Kollagen- und Elastinproduktion wird angeregt, die Hautstruktur erneuert sich von innen heraus. Alte Hautzellen werden abgetragen, w\u00e4hrend gesundes Gewebe geschont bleibt.<\/p>\n\n\n\n<p>Das Verfahren eignet sich besonders gut f\u00fcr eine nachhaltige und skalpellfreie Behandlung leichter Schlupflider und Augenknitterf\u00e4ltchen (Kr\u00e4henf\u00fc\u00dfe).<\/p>\n\n\n\n<div style=\"height:61px\" aria-hidden=\"true\" class=\"wp-block-spacer\"><\/div>\n<\/div>\n\n\n\n<div class=\"hide-on-mobile wp-block-column is-layout-flow wp-block-column-is-layout-flow\" style=\"flex-basis:5%\"><\/div>\n\n\n\n<div class=\"hide-on-mobile wp-block-column is-layout-flow wp-block-column-is-layout-flow\" style=\"flex-basis:35.9%\">\n<figure class=\"wp-block-image size-full is-resized is-style-right-edge\"><img loading=\"lazy\" decoding=\"async\" width=\"2000\" height=\"1256\" src=\"https:\/\/www.schoenehaut.de\/wp-content\/uploads\/2026\/02\/AdobeStock_1585939887_Preview.jpeg\" alt=\"\" class=\"wp-image-2456\" style=\"width:auto;height:580px\"\/><\/figure>\n<\/div>\n<\/div>\n<\/div>\n\n\n\n<div class=\"wp-block-columns is-style-medium-gap is-layout-flex wp-container-core-columns-is-layout-28f84493 wp-block-columns-is-layout-flex\">\n<div class=\"wp-block-column is-layout-flow wp-block-column-is-layout-flow\">\n<figure class=\"hide-on-mobile wp-block-image size-full is-resized is-style-rounded\"><img loading=\"lazy\" decoding=\"async\" width=\"2000\" height=\"2000\" src=\"https:\/\/www.schoenehaut.de\/wp-content\/uploads\/2026\/03\/Meike_Profilbils_Rund260316.png\" alt=\"\" class=\"wp-image-5625\" style=\"aspect-ratio:1;object-fit:contain;width:auto;height:500px\"\/><\/figure>\n<\/div>\n\n\n\n<div class=\"wp-block-column is-layout-flow wp-block-column-is-layout-flow\">\n<figure class=\"hide-on-desktop wp-block-image size-full is-resized is-style-default\" style=\"margin-top:var(--wp--preset--spacing--m);margin-bottom:var(--wp--preset--spacing--default)\"><img loading=\"lazy\" decoding=\"async\" width=\"2000\" height=\"2000\" src=\"https:\/\/www.schoenehaut.de\/wp-content\/uploads\/2026\/03\/Meike_Profilbils_Rund260316.png\" alt=\"\" class=\"wp-image-5625\" style=\"aspect-ratio:1;object-fit:contain;width:auto;height:400px\"\/><\/figure>\n\n\n\n<h2 class=\"wp-block-heading\">H\u00e4ufige Fragen<\/h2>\n\n\n\n<details class=\"wp-block-huishu-agentur-huishu-faq-block\"><summary><span>Welche Hautprobleme k\u00f6nnt ihr mit dem CO2-Laser in eurer Praxis in Berlin behandeln?<\/span><\/summary><div class=\"faq-details is-layout-flow\">\n<ul class=\"wp-block-list\">\n<li><a href=\"https:\/\/www.schoenehaut.de\/aesthetik\/laser-lidstraffung-ohne-op\/\">Ober- und Unterlidstraffung (skalpellfreie Behandlung leichter Schlupflider)<\/a><\/li>\n\n\n\n<li>Hauterneuerung (sog. skin rejuvenation) des Gesichtes\/Hals\/Decollet\u00e9 etc.<\/li>\n\n\n\n<li>Aknenarben und andere Narben<\/li>\n\n\n\n<li>sonnengesch\u00e4digte Haut und Pigmentst\u00f6rungen<\/li>\n\n\n\n<li><a href=\"https:\/\/www.schoenehaut.de\/hautbeduerfnis\/haut-gesicht\/grobporigkeit\/\" data-type=\"page\" data-id=\"695\">grobe Poren<\/a> und unebenes Hautrelief<\/li>\n\n\n\n<li>Dehnungsstreifen (Striae distensae)<\/li>\n<\/ul>\n<\/div><\/details>\n\n\n\n<details class=\"wp-block-huishu-agentur-huishu-faq-block\"><summary><span>Wie funktioniert der CO2-Laser?<\/span><\/summary><div class=\"faq-details is-layout-flow\">\n<p>Der Laserstrahl ist ein energiereiches, geb\u00fcndeltes Licht, welches direkt auf die Haut gerichtet wird.<br>Dank der patentierten Technologie des eCO2-Systems k\u00f6nnen gleichm\u00e4\u00dfig verteilte Mikro- Laserstrahlen mit einem Durchmesser von 0,12 mm bis 1 mm produziert werden. Hierbei wird die Haut, dort wo das Laserlicht auftrifft, punktuell vaporisiert\/verdampft, bis in eine Tiefe von \u00fcber 1 mm. Ziel ist es, in jeder Sitzung nur 10 % bis maximal 20 % der Hautfl\u00e4che zu behandeln (= Fraktionale Technologie). Das umliegende gesunde Gewebe f\u00f6rdert die schnelle Regeneration der Haut.<\/p>\n\n\n\n<p>Nach einigen Tagen zeigen die gelaserten Hautpunkte eine entsprechende feine Krustenbildung, die meist innerhalb einer Woche nach und nach abgesto\u00dfen wird. Der Erneuerungsprozess der Haut beginnt. In dieser Zeit kann die Haut etwas dunkler erscheinen, mit einem Make-up jedoch problemlos abgedeckt werden.<\/p>\n<\/div><\/details>\n\n\n\n<details class=\"wp-block-huishu-agentur-huishu-faq-block\"><summary><span>Ablauf der CO2-Laserbehandlung in unserer Praxis in Berlin<\/span><\/summary><div class=\"faq-details is-layout-flow\">\n<p>Nach einer ausf\u00fchrlichen Hautanalyse wird die Behandlung exakt auf Ihre Bed\u00fcrfnisse abgestimmt. Der Eingriff erfolgt in \u00f6rtlicher Bet\u00e4ubung. Je nach Intensit\u00e4t kann es zu einer kurzen Ausfallzeit mit R\u00f6tung und Krustenbildung kommen \u2013 ein Zeichen der aktiven Hauterneuerung. Bereits nach wenigen Wochen zeigt sich die Haut deutlich glatter, straffer und frischer.<\/p>\n<\/div><\/details>\n\n\n\n<details class=\"wp-block-huishu-agentur-huishu-faq-block\"><summary><span>Gibt es Nebenwirkungen bei einer CO2-Laserbehandlung?<\/span><\/summary><div class=\"faq-details is-layout-flow\">\n<p>Bei korrekter Anwendung des Lasers werden in der Regel f\u00fcr ca. 3 bis 7 Tage Krusten bzw. R\u00f6tungen und leichte Schwellungen zu beobachten sein, anfangs auch ein W\u00e4rme- und Spannungsgef\u00fchl. Durch die kombinierte Behandlung der Haut mit Exosomen oder Polynukleotiden k\u00f6nnen wir die Downtime deutlich verringern, sprechen Sie uns gerne darauf an.<\/p>\n<\/div><\/details>\n\n\n\n<details class=\"wp-block-huishu-agentur-huishu-faq-block\"><summary><span>Was muss f\u00fcr die Nachbehandlung ber\u00fccksichtigt werden?<\/span><\/summary><div class=\"faq-details is-layout-flow\">\n<p>Die wichtigsten Verhaltensma\u00dfnahmen sind konsequenter Sonnenschutz und die Pflege der behandelten Haut mit einer speziellen post procedure Creme.<\/p>\n<\/div><\/details>\n\n\n\n<details class=\"wp-block-huishu-agentur-huishu-faq-block\"><summary><span>Wie viele CO2-Laserbehandlungen sind notwendig?<\/span><\/summary><div class=\"faq-details is-layout-flow\">\n<p>Der Erfolg einer Laserbehandlung h\u00e4ngt sehr von den individuellen Vorgaben durch den Patienten ab.<br>Bei den meisten Anwendungsbereichen ist in der Regel von 1 bis 3 Sitzungen auszugehen.<br>Genauere Angaben hierzu und generell \u00fcber die M\u00f6glichkeiten der \u00e4sthetischen Lasertherapie erhalten Sie in unserem Beratungsgespr\u00e4ch.<\/p>\n\n\n\n<p>Die Laserbehandlung mit dem eCO2-Laser verbindet modernste Technologie mit dermatologischer Expertise \u2013 f\u00fcr eine sichtbar verj\u00fcngte Haut und ein neues Hautgef\u00fchl.<\/p>\n<\/div><\/details>\n\n\n\n<p>Gerne beraten wir Sie pers\u00f6nlich, ob die eCO2-Laserbehandlung f\u00fcr Ihre Haut die passende Behandlung ist.<\/p>\n<\/div>\n<\/div>\n\n\n\n<div class=\"wp-block-columns is-layout-flex wp-container-core-columns-is-layout-28f84493 wp-block-columns-is-layout-flex\">\n<div class=\"wp-block-column is-layout-flow wp-block-column-is-layout-flow\">\n<h2 class=\"wp-block-heading\">Weitere Behandlungen<\/h2>\n\n\n\n<div class=\"wp-block-group has-global-padding is-layout-constrained wp-block-group-is-layout-constrained\"><div class=\"schoenehaut-behandlungs-grid wp-block-schoenehaut-behandlungs-kacheln\"><a href=\"https:\/\/www.schoenehaut.de\/en\/aesthetik\/biostimulation-mesotherapie\/polynukleotide-pdrn-salmon-sperm-lift\/\" class=\"behandlungs-tile\" aria-label=\"Biostimulatoren\">\n                <img decoding=\"async\" src=\"https:\/\/www.schoenehaut.de\/wp-content\/uploads\/2026\/02\/AdobeStock_1628764124_Preview.jpeg\" alt=\"\" class=\"tile-image\" aria-hidden=\"true\">\n                <span class=\"tile-title\">Biostimulatoren<\/span>\n            <\/a><a href=\"https:\/\/www.schoenehaut.de\/en\/institut\/potenza-radiofrequenz-needling\/\" class=\"behandlungs-tile\" aria-label=\"Potenza\u2122\">\n                <img decoding=\"async\" src=\"https:\/\/www.schoenehaut.de\/wp-content\/uploads\/2026\/03\/istockphoto-1488371906-1024x1024-1.jpg\" alt=\"\" class=\"tile-image\" aria-hidden=\"true\">\n                <span class=\"tile-title\">Potenza\u2122<\/span>\n            <\/a><a href=\"https:\/\/www.schoenehaut.de\/en\/aesthetik\/hyaluron\/faltenbehandlung\/\" class=\"behandlungs-tile\" aria-label=\"Faltenunterspritzung\">\n                <img decoding=\"async\" src=\"https:\/\/www.schoenehaut.de\/wp-content\/uploads\/2026\/02\/istockphoto-1050196682-2048x2048-1.jpg\" alt=\"\" class=\"tile-image\" aria-hidden=\"true\">\n                <span class=\"tile-title\">Faltenunterspritzung<\/span>\n            <\/a><\/div><\/div>\n<\/div>\n<\/div>\n","protected":false},"excerpt":{"rendered":"<p>Laserbehandlung gegen Falten: Laserbehandlung bei Dr. med. Meike Schr\u00f6der in Berlin Mit zunehmendem Alter verliert die Haut an Spannkraft, Elastizit\u00e4t und Frische. Feine Linien, Falten, vergr\u00f6\u00dferte Poren oder Narben k\u00f6nnen das Hautbild m\u00fcde wirken lassen. Die Laserbehandlung mit dem eCO2-Laser bietet bei SCH\u00d6NE HAUT eine hochwirksame, moderne Methode zur sichtbaren Hautverj\u00fcngung \u2013 ganz ohne chirurgischen [&hellip;]<\/p>\n","protected":false},"author":1,"featured_media":0,"parent":769,"menu_order":1,"comment_status":"closed","ping_status":"closed","template":"","meta":{"footnotes":""},"class_list":["post-771","page","type-page","status-publish","hentry"],"_links":{"self":[{"href":"https:\/\/www.schoenehaut.de\/en\/wp-json\/wp\/v2\/pages\/771","targetHints":{"allow":["GET"]}}],"collection":[{"href":"https:\/\/www.schoenehaut.de\/en\/wp-json\/wp\/v2\/pages"}],"about":[{"href":"https:\/\/www.schoenehaut.de\/en\/wp-json\/wp\/v2\/types\/page"}],"author":[{"embeddable":true,"href":"https:\/\/www.schoenehaut.de\/en\/wp-json\/wp\/v2\/users\/1"}],"replies":[{"embeddable":true,"href":"https:\/\/www.schoenehaut.de\/en\/wp-json\/wp\/v2\/comments?post=771"}],"version-history":[{"count":30,"href":"https:\/\/www.schoenehaut.de\/en\/wp-json\/wp\/v2\/pages\/771\/revisions"}],"predecessor-version":[{"id":5828,"href":"https:\/\/www.schoenehaut.de\/en\/wp-json\/wp\/v2\/pages\/771\/revisions\/5828"}],"up":[{"embeddable":true,"href":"https:\/\/www.schoenehaut.de\/en\/wp-json\/wp\/v2\/pages\/769"}],"wp:attachment":[{"href":"https:\/\/www.schoenehaut.de\/en\/wp-json\/wp\/v2\/media?parent=771"}],"curies":[{"name":"wp","href":"https:\/\/api.w.org\/{rel}","templated":true}]}}