{"id":773,"date":"2026-01-29T12:02:01","date_gmt":"2026-01-29T11:02:01","guid":{"rendered":"https:\/\/www.schoenehaut.de\/?page_id=773"},"modified":"2026-03-26T09:00:29","modified_gmt":"2026-03-26T08:00:29","slug":"gutartige-hautveraenderungen","status":"publish","type":"page","link":"https:\/\/www.schoenehaut.de\/en\/laser\/gutartige-hautveraenderungen\/","title":{"rendered":"Gutartige Hautver\u00e4nderungen"},"content":{"rendered":"\n<div style=\"height:213px\" aria-hidden=\"true\" class=\"hide-on-mobile wp-block-spacer\"><\/div>\n\n\n\n<div style=\"height:100px\" aria-hidden=\"true\" class=\"hide-on-desktop wp-block-spacer\"><\/div>\n\n\n\n<div class=\"wp-block-columns is-style-big-gap is-layout-flex wp-container-core-columns-is-layout-28f84493 wp-block-columns-is-layout-flex\">\n<div class=\"wp-block-column is-layout-flow wp-block-column-is-layout-flow\"><div class=\"splide has-pagination-center is-style-portrait-contained wp-block-huishu-block-hu-splide-slider\" aria-labelledby=\"\" data-splide=\"{&quot;type&quot;:&quot;fade&quot;,&quot;perPage&quot;:1,&quot;arrows&quot;:true,&quot;autoplay&quot;:true,&quot;speed&quot;:1500,&quot;interval&quot;:4000,&quot;pagination&quot;:true,&quot;rewind&quot;:&quot;true&quot;}\">\n    <div class=\"splide__track\">\n        <ul class=\"splide__list\">\n\n<li class=\"wp-block-huishu-block-splide-slide splide__slide\">\n<figure class=\"wp-block-image size-full is-resized is-style-rounded\"><img loading=\"lazy\" decoding=\"async\" width=\"1333\" height=\"2000\" src=\"https:\/\/www.schoenehaut.de\/wp-content\/uploads\/2026\/02\/istockphoto-165831917-2048x2048-1.jpg\" alt=\"\" class=\"wp-image-3810\" style=\"aspect-ratio:2\/1;object-fit:cover;width:auto;height:896px\"\/><\/figure>\n<\/li>\n\n\n\n<li class=\"wp-block-huishu-block-splide-slide splide__slide\">\n<figure class=\"wp-block-image size-full is-resized is-style-rounded\"><img loading=\"lazy\" decoding=\"async\" width=\"2000\" height=\"1329\" src=\"https:\/\/www.schoenehaut.de\/wp-content\/uploads\/2026\/03\/istockphoto-1159780609-1024x1024-1.jpg\" alt=\"\" class=\"wp-image-4300\" style=\"aspect-ratio:2\/1;object-fit:cover;width:auto;height:896px\"\/><\/figure>\n<\/li>\n\n<\/ul>    <\/div>\n            <div class=\"splide__arrows \"><button class=\"splide__arrow splide__arrow--prev\">\n\t\t\t<i class=\"icon-chevron-left-slider\" aria-label=\"Zum vorherigen Slide\"><\/i>\n\t\t<\/button>\n\t\t<button class=\"splide__arrow splide__arrow--next\">\n\t\t\t<i class=\"icon-chevron-right-slider\" aria-label=\"Zum n\u00e4chsten Slide\"><\/i>\n\t\t<\/button><\/div>\n        <\/div><\/div>\n\n\n\n<div class=\"wp-block-column is-layout-flow wp-block-column-is-layout-flow\">\n<h4 class=\"wp-block-heading has-large-font-size\">Gutartige Haut&shy;ver&shy;\u00e4nderungen:<\/h4>\n\n\n\n<h2 class=\"wp-block-heading\" style=\"margin-top:var(--wp--preset--spacing--subtitle)\">Entfernung mit DEM CO2-Laser<\/h2>\n\n\n\n<p class=\"has-large-font-size\">schonend &#8211; pr\u00e4zise &#8211; narbenfrei<\/p>\n\n\n\n<p>Die Entfernung st\u00f6render Hautver\u00e4nderungen mit dem CO2-Laser ist eine an sich bew\u00e4hrte, besonders gewebeschonende Methode, mit der wir dank langj\u00e4hriger Erfahrung und Expertise in der Regel narbenfreie Resultate erzielen.<\/p>\n\n\n\n<p>Auch in sensiblen Arealen wie Augenlidern, Lippenrand oder D\u00e9collet\u00e9 sorgen wir f\u00fcr eine medizinisch sichere Behandlung mit einem optimalem \u00e4sthetischen Ergebnis.<\/p>\n\n\n\n<div class=\"wp-block-buttons is-layout-flex wp-block-buttons-is-layout-flex\">\n<div class=\"wp-block-button is-style-fill\"><a class=\"wp-block-button__link wp-element-button\" href=\"https:\/\/www.schoenehaut.de\/kontakt#kontakt\">Jetzt Termin buchen<\/a><\/div>\n<\/div>\n<\/div>\n<\/div>\n\n\n\n<div class=\"wp-block-columns is-style-medium-gap is-layout-flex wp-container-core-columns-is-layout-28f84493 wp-block-columns-is-layout-flex\">\n<div class=\"wp-block-column is-vertically-aligned-top is-layout-flow wp-block-column-is-layout-flow\">\n<h2 class=\"wp-block-heading is-style-h2\">Was sind gut&shy;artige Haut&shy;ver&shy;\u00e4nderungen?<\/h2>\n\n\n\n<p>Zu den am h\u00e4ufigsten behandelten Ver\u00e4nderungen z\u00e4hlen:<\/p>\n\n\n\n<ul class=\"wp-block-list is-style-no-bullets\">\n<li>Gutartige, nichtpigmentierte <a href=\"https:\/\/www.schoenehaut.de\/hautbeduerfnis\/haut-gesicht\/stoerende-muttermale-hautveraenderungen\/\" data-type=\"page\" data-id=\"701\">Muttermale<\/a><\/li>\n\n\n\n<li>Altersflecken (\u201eLentigines senilis\u201c)<\/li>\n\n\n\n<li>Alterswarzen (seborrhoische Keratosen)<\/li>\n\n\n\n<li>Hautkrebsvorstufen (\u201eaktinische Keratosen\u201c)<\/li>\n\n\n\n<li>Xanthelasmen (gelbliche Fettablagerungen an den Augenlidern)<\/li>\n\n\n\n<li>Syringome (\u201egelbliche Kn\u00f6tchen der Unterlider\u201c)<\/li>\n\n\n\n<li>Fibrome (gestielte Hautanh\u00e4ngsel)<\/li>\n\n\n\n<li>Talgdr\u00fcsenhyperplasien (\u201ehelle kleine Knoten im Gesicht\u201c)<\/li>\n<\/ul>\n<\/div>\n\n\n\n<div class=\"wp-block-column is-vertically-aligned-center is-layout-flow wp-block-column-is-layout-flow\">\n<div class=\"wp-block-columns is-layout-flex wp-container-core-columns-is-layout-28f84493 wp-block-columns-is-layout-flex\">\n<div class=\"wp-block-column is-layout-flow wp-block-column-is-layout-flow\">\n<p style=\"margin-bottom:var(--wp--preset--spacing--default)\">Vorher<\/p>\n\n\n\n<figure class=\"wp-block-image size-large is-resized is-style-rounded\"><img loading=\"lazy\" decoding=\"async\" width=\"928\" height=\"1024\" src=\"https:\/\/www.schoenehaut.de\/wp-content\/uploads\/2026\/03\/Vorher-928x1024.png\" alt=\"\" class=\"wp-image-4354\" style=\"aspect-ratio:1;object-fit:cover;width:auto;height:300px\"\/><\/figure>\n<\/div>\n\n\n\n<div class=\"wp-block-column is-layout-flow wp-block-column-is-layout-flow\">\n<p style=\"margin-bottom:var(--wp--preset--spacing--default)\">Nacher<\/p>\n\n\n\n<figure class=\"wp-block-image size-large is-resized is-style-rounded\"><img loading=\"lazy\" decoding=\"async\" width=\"928\" height=\"1024\" src=\"https:\/\/www.schoenehaut.de\/wp-content\/uploads\/2026\/03\/Nachher-928x1024.png\" alt=\"\" class=\"wp-image-4353\" style=\"aspect-ratio:1;object-fit:cover;width:auto;height:300px\"\/><\/figure>\n<\/div>\n<\/div>\n<\/div>\n<\/div>\n\n\n\n<div class=\"wp-block-columns is-style-medium-gap is-layout-flex wp-container-core-columns-is-layout-28f84493 wp-block-columns-is-layout-flex\">\n<div class=\"wp-block-column is-vertically-aligned-center is-layout-flow wp-block-column-is-layout-flow\">\n<figure class=\"wp-block-embed is-type-video is-provider-youtube wp-block-embed-youtube wp-embed-aspect-16-9 wp-has-aspect-ratio\"><div class=\"wp-block-embed__wrapper\">\n<iframe loading=\"lazy\" title=\"Entfernung von Muttermalen und Blutschw\u00e4mmchen I Spezialistin Dr. med. Meike Schr\u00f6der kl\u00e4rt auf \u2705\" width=\"500\" height=\"281\" src=\"https:\/\/www.youtube.com\/embed\/RzA5kvVHLec?feature=oembed\" frameborder=\"0\" allow=\"accelerometer; autoplay; clipboard-write; encrypted-media; gyroscope; picture-in-picture; web-share\" referrerpolicy=\"strict-origin-when-cross-origin\" allowfullscreen><\/iframe>\n<\/div><\/figure>\n<\/div>\n\n\n\n<div class=\"wp-block-column is-vertically-aligned-top is-layout-flow wp-block-column-is-layout-flow\">\n<h2 class=\"wp-block-heading\">CO2-Laser \u2013 h\u00f6chste Pr\u00e4zision durch \u00e4rztliche Expertise<\/h2>\n\n\n\n<p>Der CO\u2082-Laser erm\u00f6glicht ein kontrolliertes, schichtweises Abtragen der Hautver\u00e4nderung. Entscheidend f\u00fcr ein sch\u00f6nes Ergebnis ist jedoch nicht nur die Technik, sondern die \u00e4rztliche Erfahrung in der richtigen Einsch\u00e4tzung von Tiefe, Energie und Behandlungsgrenzen \u2013 ein zentraler Qualit\u00e4tsfaktor bei Dr. med. Schr\u00f6der.<br><br>Das umliegende Gewebe wird maximal geschont, Blutungen werden minimiert und die Heilung verl\u00e4uft in der Regel komplikationsarm.<\/p>\n\n\n\n<h3 class=\"wp-block-heading\">Vorteile der CO2-Laser&shy;behand&shy;lung bei uns<\/h3>\n\n\n\n<ul class=\"wp-block-list\">\n<li>Behandlung durch erfahrene Fach\u00e4rztinnen f\u00fcr Dermatologie<\/li>\n\n\n\n<li>Langj\u00e4hrige Lasererfahrung auch bei \u00e4sthetisch anspruchsvollen Arealen<\/li>\n\n\n\n<li>Hohe Sicherheit durch sorgf\u00e4ltige dermatologische Diagnostik<\/li>\n\n\n\n<li>Sehr gute kosmetische Ergebnisse mit geringer Narbenbildung<\/li>\n\n\n\n<li>Individuell abgestimmte Therapieplanung<\/li>\n<\/ul>\n<\/div>\n<\/div>\n\n\n\n<div class=\"hide-on-mobile wp-block-cover alignfull is-light\" style=\"min-height:700px;aspect-ratio:unset;\"><img loading=\"lazy\" decoding=\"async\" width=\"1920\" height=\"509\" class=\"wp-block-cover__image-background wp-image-297 size-full\" alt=\"\" src=\"https:\/\/www.schoenehaut.de\/wp-content\/uploads\/2026\/01\/Rectangle-2.png\" style=\"object-position:22% 45%\" data-object-fit=\"cover\" data-object-position=\"22% 45%\"\/><span aria-hidden=\"true\" class=\"wp-block-cover__background has-background-dim-0 has-background-dim\" style=\"background-color:#b0998c\"><\/span><div class=\"wp-block-cover__inner-container has-global-padding is-layout-constrained wp-block-cover-is-layout-constrained\">\n<div class=\"wp-block-columns is-layout-flex wp-container-core-columns-is-layout-28f84493 wp-block-columns-is-layout-flex\">\n<div class=\"hide-on-mobile wp-block-column is-layout-flow wp-block-column-is-layout-flow\"><\/div>\n\n\n\n<div class=\"wp-block-column is-layout-flow wp-block-column-is-layout-flow\">\n<h2 class=\"wp-block-heading has-white-color has-text-color has-link-color wp-elements-0d9ee73e450ca143bf4084afc9812cd9\">Ablauf &amp; Nachsorge<\/h2>\n\n\n\n<p class=\"has-white-color has-text-color has-link-color wp-elements-df94250d57b17d89bf1d0ed1f19cde76\">Nach einer ausf\u00fchrlichen Beratung und Untersuchung erfolgt die Behandlung meist in lokaler Bet\u00e4ubung. Der Eingriff ist kurz, schmerzfrei und in entspannter Atmosph\u00e4re. Dr. med. Meike Schr\u00f6der legt gro\u00dfen Wert auf eine strukturierte Nachsorge, inklusive individueller Pflegeempfehlungen und konsequentem Sonnenschutz, um ein optimales \u00e4sthetisches Ergebnis zu sichern.<\/p>\n\n\n\n<details class=\"wp-block-huishu-agentur-huishu-faq-block is-style-light\"><summary><span>Was ist vor und w\u00e4hrend der Behandlung meiner Hautver\u00e4nderungen zu beachten?<\/span><\/summary><div class=\"faq-details is-layout-flow\">\n<p class=\"has-white-color has-text-color has-link-color wp-elements-00c9a5c123a81df74de09c262c7e9620\">Bitte kommen Sie ungeschminkt zu Ihrer Laserbehandlung, insbesondere im Augenbereich. Bei akuten Hautentz\u00fcndungen und Infektionen (z. B. Herpes simplex) wird keine Lasertherapie durchgef\u00fchrt.<br><br>W\u00e4hrend der Behandlung geben wir Ihnen eine Laser-Schutzbrille.<\/p>\n<\/div><\/details>\n\n\n\n<details class=\"wp-block-huishu-agentur-huishu-faq-block is-style-light\"><summary><span>Was ist nach der Behandlung meiner Hautver\u00e4nderungen zu beachten?<\/span><\/summary><div class=\"faq-details is-layout-flow\">\n<p class=\"has-white-color has-text-color has-link-color wp-elements-d25f1cf13570d855f2734e0598d27363\">Nach der Behandlung bildet sich Schorf, der nicht entfernt werden und trocken gehalten werden sollte. Wir geben eine spezielle Wundcreme mit, mit der die Stelle behandelt werden kann. Nach etwa 1 Woche f\u00e4llt dieser Schorf ab. 4 Wochen nach der Laserbehandlung sollte eine direkte UV-Bestrahlung (Sonne, Solarium) vermieden werden, um dem Auftreten von Pigmentst\u00f6rungen vorzubeugen.<br><br>An sonnenreichen Tagen (auch im Winter!) wird die Verwendung von Lichtschutzcremes mit hohem Schutzfaktor (LSF 50+) empfohlen. Manchmal kann an der behandelten Stelle \u00fcber l\u00e4ngere Zeit eine R\u00f6tung der Haut bestehen, die ebenfalls vor st\u00e4rkerer Sonneneinstrahlung gesch\u00fctzt werden sollte.<\/p>\n<\/div><\/details>\n<\/div>\n<\/div>\n<\/div><\/div>\n\n\n\n<div class=\"hide-on-desktop wp-block-cover alignfull is-light\" style=\"min-height:700px;aspect-ratio:unset;\"><img loading=\"lazy\" decoding=\"async\" width=\"1920\" height=\"509\" class=\"wp-block-cover__image-background wp-image-297 size-full\" alt=\"\" src=\"https:\/\/www.schoenehaut.de\/wp-content\/uploads\/2026\/01\/Rectangle-2.png\" style=\"object-position:100% 45%\" data-object-fit=\"cover\" data-object-position=\"100% 45%\"\/><span aria-hidden=\"true\" class=\"wp-block-cover__background has-background-dim-0 has-background-dim\" style=\"background-color:#b0998c\"><\/span><div class=\"wp-block-cover__inner-container has-global-padding is-layout-constrained wp-block-cover-is-layout-constrained\">\n<div class=\"wp-block-columns is-layout-flex wp-container-core-columns-is-layout-28f84493 wp-block-columns-is-layout-flex\">\n<div class=\"hide-on-mobile wp-block-column is-layout-flow wp-block-column-is-layout-flow\"><\/div>\n\n\n\n<div class=\"wp-block-column is-layout-flow wp-block-column-is-layout-flow\">\n<h2 class=\"wp-block-heading has-white-color has-text-color has-link-color wp-elements-0d9ee73e450ca143bf4084afc9812cd9\">Ablauf &amp; Nachsorge<\/h2>\n\n\n\n<p class=\"has-white-color has-text-color has-link-color wp-elements-df94250d57b17d89bf1d0ed1f19cde76\">Nach einer ausf\u00fchrlichen Beratung und Untersuchung erfolgt die Behandlung meist in lokaler Bet\u00e4ubung. Der Eingriff ist kurz, schmerzfrei und in entspannter Atmosph\u00e4re. Dr. med. Meike Schr\u00f6der legt gro\u00dfen Wert auf eine strukturierte Nachsorge, inklusive individueller Pflegeempfehlungen und konsequentem Sonnenschutz, um ein optimales \u00e4sthetisches Ergebnis zu sichern.<\/p>\n\n\n\n<details class=\"wp-block-huishu-agentur-huishu-faq-block is-style-light\"><summary><span>Was ist vor und w\u00e4hrend der Behandlung meiner Hautver\u00e4nderungen zu beachten?<\/span><\/summary><div class=\"faq-details is-layout-flow\">\n<p class=\"has-white-color has-text-color has-link-color wp-elements-00c9a5c123a81df74de09c262c7e9620\">Bitte kommen Sie ungeschminkt zu Ihrer Laserbehandlung, insbesondere im Augenbereich. Bei akuten Hautentz\u00fcndungen und Infektionen (z. B. Herpes simplex) wird keine Lasertherapie durchgef\u00fchrt.<br><br>W\u00e4hrend der Behandlung geben wir Ihnen eine Laser-Schutzbrille.<\/p>\n<\/div><\/details>\n\n\n\n<details class=\"wp-block-huishu-agentur-huishu-faq-block is-style-light\"><summary><span>Was ist nach der Behandlung meiner Hautver\u00e4nderungen zu beachten?<\/span><\/summary><div class=\"faq-details is-layout-flow\">\n<p class=\"has-white-color has-text-color has-link-color wp-elements-d25f1cf13570d855f2734e0598d27363\">Nach der Behandlung bildet sich Schorf, der nicht entfernt werden und trocken gehalten werden sollte. Wir geben eine spezielle Wundcreme mit, mit der die Stelle behandelt werden kann. Nach etwa 1 Woche f\u00e4llt dieser Schorf ab. 4 Wochen nach der Laserbehandlung sollte eine direkte UV-Bestrahlung (Sonne, Solarium) vermieden werden, um dem Auftreten von Pigmentst\u00f6rungen vorzubeugen.<br><br>An sonnenreichen Tagen (auch im Winter!) wird die Verwendung von Lichtschutzcremes mit hohem Schutzfaktor (LSF 50+) empfohlen. Manchmal kann an der behandelten Stelle \u00fcber l\u00e4ngere Zeit eine R\u00f6tung der Haut bestehen, die ebenfalls vor st\u00e4rkerer Sonneneinstrahlung gesch\u00fctzt werden sollte.<\/p>\n<\/div><\/details>\n<\/div>\n<\/div>\n<\/div><\/div>\n\n\n\n<div class=\"wp-block-columns is-style-medium-gap is-layout-flex wp-container-core-columns-is-layout-28f84493 wp-block-columns-is-layout-flex\">\n<div class=\"wp-block-column is-layout-flow wp-block-column-is-layout-flow\">\n<figure class=\"wp-block-image size-full is-style-rounded\"><img loading=\"lazy\" decoding=\"async\" width=\"2000\" height=\"1334\" src=\"https:\/\/www.schoenehaut.de\/wp-content\/uploads\/2026\/01\/RL01202_7222.jpg\" alt=\"\" class=\"wp-image-907\"\/><\/figure>\n<\/div>\n\n\n\n<div class=\"wp-block-column is-vertically-aligned-center is-layout-flow wp-block-column-is-layout-flow\">\n<h2 class=\"wp-block-heading\">Vertrauen durch Erfahrung<\/h2>\n\n\n\n<p>Wer sich f\u00fcr die CO\u2082-Laserentfernung gutartiger Hautver\u00e4nderungen entscheidet, sollte auf \u00e4rztliche Qualifikation, Erfahrung und \u00e4sthetisches Feingef\u00fchl setzen. Bei SCH\u00d6NE HAUT Berlin profitieren Sie von der langj\u00e4hrigen Expertise von Dr. med. Meike Schr\u00f6der \u2013 f\u00fcr Ergebnisse, die medizinisch \u00fcberzeugen und \u00e4sthetisch begeistern.<br><br>Gerne beraten wir Sie pers\u00f6nlich in unserer Praxis im Zentrum von Berlin.<\/p>\n<\/div>\n<\/div>\n\n\n\n<div class=\"wp-block-columns is-layout-flex wp-container-core-columns-is-layout-28f84493 wp-block-columns-is-layout-flex\">\n<div class=\"wp-block-column is-layout-flow wp-block-column-is-layout-flow\">\n<h2 class=\"wp-block-heading\">Weitere Behandlungen<\/h2>\n\n\n\n<div class=\"wp-block-group has-global-padding is-layout-constrained wp-block-group-is-layout-constrained\"><div class=\"schoenehaut-behandlungs-grid wp-block-schoenehaut-behandlungs-kacheln\"><a href=\"https:\/\/www.schoenehaut.de\/en\/dermatologie\/ambulante-operationen\/\" class=\"behandlungs-tile\" aria-label=\"Ambulante Operationen\">\n                <img decoding=\"async\" src=\"https:\/\/www.schoenehaut.de\/wp-content\/uploads\/2026\/03\/istockphoto-1460731504-1024x1024-1.jpg\" alt=\"\" class=\"tile-image\" aria-hidden=\"true\">\n                <span class=\"tile-title\">Ambulante Operationen<\/span>\n            <\/a><a href=\"https:\/\/www.schoenehaut.de\/en\/dermatologie\/hautkrebs-und-vorstufen\/\" class=\"behandlungs-tile\" aria-label=\"Hautkrebs\">\n                <img decoding=\"async\" src=\"https:\/\/www.schoenehaut.de\/wp-content\/uploads\/2026\/03\/istockphoto-494257546-1024x1024-1.jpg\" alt=\"\" class=\"tile-image\" aria-hidden=\"true\">\n                <span class=\"tile-title\">Hautkrebs<\/span>\n            <\/a><a href=\"https:\/\/www.schoenehaut.de\/en\/dermatologie\/ki-gestuetzte-hautkrebsvorsorge\/\" class=\"behandlungs-tile\" aria-label=\"Hautkrebsvorsorge\">\n                <img decoding=\"async\" src=\"https:\/\/www.schoenehaut.de\/wp-content\/uploads\/2026\/03\/istockphoto-1159780609-1024x1024-1.jpg\" alt=\"\" class=\"tile-image\" aria-hidden=\"true\">\n                <span class=\"tile-title\">Hautkrebsvorsorge<\/span>\n            <\/a><\/div><\/div>\n<\/div>\n<\/div>\n","protected":false},"excerpt":{"rendered":"<p>Gutartige Hautver\u00e4nderungen: Entfernung mit DEM CO2-Laser schonend &#8211; pr\u00e4zise &#8211; narbenfrei Die Entfernung st\u00f6render Hautver\u00e4nderungen mit dem CO2-Laser ist eine an sich bew\u00e4hrte, besonders gewebeschonende Methode, mit der wir dank langj\u00e4hriger Erfahrung und Expertise in der Regel narbenfreie Resultate erzielen. Auch in sensiblen Arealen wie Augenlidern, Lippenrand oder D\u00e9collet\u00e9 sorgen wir f\u00fcr eine medizinisch sichere [&hellip;]<\/p>\n","protected":false},"author":1,"featured_media":0,"parent":769,"menu_order":2,"comment_status":"closed","ping_status":"closed","template":"","meta":{"footnotes":""},"class_list":["post-773","page","type-page","status-publish","hentry"],"_links":{"self":[{"href":"https:\/\/www.schoenehaut.de\/en\/wp-json\/wp\/v2\/pages\/773","targetHints":{"allow":["GET"]}}],"collection":[{"href":"https:\/\/www.schoenehaut.de\/en\/wp-json\/wp\/v2\/pages"}],"about":[{"href":"https:\/\/www.schoenehaut.de\/en\/wp-json\/wp\/v2\/types\/page"}],"author":[{"embeddable":true,"href":"https:\/\/www.schoenehaut.de\/en\/wp-json\/wp\/v2\/users\/1"}],"replies":[{"embeddable":true,"href":"https:\/\/www.schoenehaut.de\/en\/wp-json\/wp\/v2\/comments?post=773"}],"version-history":[{"count":72,"href":"https:\/\/www.schoenehaut.de\/en\/wp-json\/wp\/v2\/pages\/773\/revisions"}],"predecessor-version":[{"id":5908,"href":"https:\/\/www.schoenehaut.de\/en\/wp-json\/wp\/v2\/pages\/773\/revisions\/5908"}],"up":[{"embeddable":true,"href":"https:\/\/www.schoenehaut.de\/en\/wp-json\/wp\/v2\/pages\/769"}],"wp:attachment":[{"href":"https:\/\/www.schoenehaut.de\/en\/wp-json\/wp\/v2\/media?parent=773"}],"curies":[{"name":"wp","href":"https:\/\/api.w.org\/{rel}","templated":true}]}}