{"id":779,"date":"2026-01-29T12:02:51","date_gmt":"2026-01-29T11:02:51","guid":{"rendered":"https:\/\/www.schoenehaut.de\/?page_id=779"},"modified":"2026-03-25T08:24:10","modified_gmt":"2026-03-25T07:24:10","slug":"besenreiser","status":"publish","type":"page","link":"https:\/\/www.schoenehaut.de\/en\/laser\/besenreiser\/","title":{"rendered":"Besenreiser"},"content":{"rendered":"\n<div style=\"height:213px\" aria-hidden=\"true\" class=\"hide-on-mobile wp-block-spacer\"><\/div>\n\n\n\n<div style=\"height:100px\" aria-hidden=\"true\" class=\"hide-on-desktop wp-block-spacer\"><\/div>\n\n\n\n<div class=\"wp-block-columns is-style-big-gap is-layout-flex wp-container-core-columns-is-layout-28f84493 wp-block-columns-is-layout-flex\">\n<div class=\"wp-block-column is-layout-flow wp-block-column-is-layout-flow\"><div class=\"splide is-style-portrait-contained wp-block-huishu-block-hu-splide-slider\" aria-labelledby=\"\" data-splide=\"{&quot;type&quot;:&quot;fade&quot;,&quot;perPage&quot;:1,&quot;arrows&quot;:false,&quot;autoplay&quot;:false,&quot;speed&quot;:1400,&quot;interval&quot;:4000,&quot;pagination&quot;:false,&quot;rewind&quot;:&quot;false&quot;}\">\n    <div class=\"splide__track\">\n        <ul class=\"splide__list\">\n\n<li class=\"wp-block-huishu-block-splide-slide splide__slide\">\n<figure class=\"wp-block-image size-full is-resized is-style-rounded\"><img loading=\"lazy\" decoding=\"async\" width=\"1274\" height=\"1334\" src=\"https:\/\/www.schoenehaut.de\/wp-content\/uploads\/2026\/03\/istockphoto-2254641594-1024x1024-1.jpg\" alt=\"\" class=\"wp-image-4326\" style=\"aspect-ratio:2\/1;object-fit:cover;width:auto;height:896px\"\/><\/figure>\n<\/li>\n\n<\/ul>    <\/div>\n    <\/div><\/div>\n\n\n\n<div class=\"wp-block-column is-layout-flow wp-block-column-is-layout-flow\">\n<h4 class=\"wp-block-heading has-large-font-size\">Besenreiser entfernen in Berlin:<\/h4>\n\n\n\n<h2 class=\"wp-block-heading\" style=\"margin-top:var(--wp--preset--spacing--subtitle)\">Behandlung durch Ver\u00f6den und Lasern<\/h2>\n\n\n\n<p class=\"has-large-font-size\">Sanfte Entfernung von Besenreisern \u2013 nicht nur an den Beinen<\/p>\n\n\n\n<p><br>Besenreiser sind feine, r\u00f6tlich-blaue \u00c4derchen, die h\u00e4ufig an den Beinen sichtbar werden. Medizinisch meist harmlos, werden sie \u00e4sthetisch oft als st\u00f6rend empfunden. In der Praxis von Dr. med Meike Schr\u00f6der bieten wir moderne, schonende Behandlungen, um das Hautbild von erweiterten \u00c4derchen an Beinen, D\u00e9collet\u00e9, Oberbauch oder Gesicht deutlich zu verbessern.<\/p>\n\n\n\n<div class=\"wp-block-buttons is-layout-flex wp-block-buttons-is-layout-flex\">\n<div class=\"wp-block-button is-style-fill\"><a class=\"wp-block-button__link wp-element-button\" href=\"https:\/\/www.schoenehaut.de\/kontakt#kontakt\">Jetzt Termin buchen<\/a><\/div>\n<\/div>\n\n\n\n<div style=\"height:20px\" aria-hidden=\"true\" class=\"wp-block-spacer\"><\/div>\n\n\n\n<h2 class=\"wp-block-heading is-style-h3\">Alles auf einen Blick<\/h2>\n\n\n\n<figure class=\"wp-block-flexible-table-block-table is-style-align-middle\"><table class=\"has-fixed-layout is-stacked-on-mobile\"><tbody><tr><th scope=\"row\"><img loading=\"lazy\" decoding=\"async\" width=\"35\" height=\"35\" class=\"wp-image-2870\" style=\"width: 35px;\" src=\"https:\/\/www.schoenehaut.de\/wp-content\/uploads\/2026\/02\/Material.svg\" alt=\"\"> Behandlungsmethode:<\/th><td>Lasertherapie, Sklerotherapie (Ver\u00f6dung)<\/td><\/tr><tr><th scope=\"row\"><img loading=\"lazy\" decoding=\"async\" width=\"35\" height=\"35\" class=\"wp-image-3709\" style=\"width: 35px;\" src=\"https:\/\/www.schoenehaut.de\/wp-content\/uploads\/2026\/02\/Koerper.svg\" alt=\"\"> Anwendungsgebiet:<\/th><td>Feine bis mittelstarke Besenreiser an den Beinen<\/td><\/tr><tr><th scope=\"row\"><img decoding=\"async\" class=\"wp-image-3710\" style=\"width: 35px;\" src=\"https:\/\/www.schoenehaut.de\/wp-content\/uploads\/2026\/02\/Ziel.svg\" alt=\"\"> <img loading=\"lazy\" decoding=\"async\" width=\"35\" height=\"35\" class=\"wp-image-3714\" style=\"width: 35px;\" src=\"https:\/\/www.schoenehaut.de\/wp-content\/uploads\/2026\/02\/Ziel-der-Behandlung.svg\" alt=\"\"> Ziel der Behandlung<\/th><td>Sichtbare Gef\u00e4\u00dfe werden verschlossen und vom K\u00f6rper abgebaut \u2013 das Hautbild wird ebenm\u00e4\u00dfiger<\/td><\/tr><tr><th scope=\"row\"><img loading=\"lazy\" decoding=\"async\" width=\"35\" height=\"35\" class=\"wp-image-4407\" style=\"width: 35px;\" src=\"https:\/\/www.schoenehaut.de\/wp-content\/uploads\/2026\/03\/Behandlungsdauer-Sanduhr.svg\" alt=\"\"> Behandlungsdauer:<\/th><td>ca. 15\u201330 Minuten<\/td><\/tr><tr><th scope=\"row\"><img loading=\"lazy\" decoding=\"async\" width=\"35\" height=\"35\" class=\"wp-image-2741\" style=\"width: 35px;\" src=\"https:\/\/www.schoenehaut.de\/wp-content\/uploads\/2026\/02\/Betraeubung.svg\" alt=\"\"> An\u00e4sthesie:<\/th><td>Nicht erforderlich<\/td><\/tr><tr><th scope=\"row\"><img loading=\"lazy\" decoding=\"async\" width=\"35\" height=\"35\" class=\"wp-image-2747\" style=\"width: 35px;\" src=\"https:\/\/www.schoenehaut.de\/wp-content\/uploads\/2026\/02\/Wirkungseintritt.svg\" alt=\"\"> Ausfallzeit:<\/th><td>Keine oder minimal<br>Kompressionsstr\u00fcmpfe f\u00fcr einige Tage empfohlen<\/td><\/tr><tr><th scope=\"row\"><img loading=\"lazy\" decoding=\"async\" width=\"35\" height=\"35\" class=\"wp-image-2743\" style=\"width: 35px;\" src=\"https:\/\/www.schoenehaut.de\/wp-content\/uploads\/2026\/02\/Gesellschaftsfaehigkeit.svg\" alt=\"\"> Gesellschaftsf\u00e4hig:<\/th><td>In der Regel sofort<\/td><\/tr><tr><th scope=\"row\"><img loading=\"lazy\" decoding=\"async\" width=\"35\" height=\"35\" class=\"wp-image-2859\" style=\"width: 35px;\" src=\"https:\/\/www.schoenehaut.de\/wp-content\/uploads\/2026\/02\/Empfehlung.svg\" alt=\"\"> Ergebnis:<\/th><td>Schrittweise Verbesserung \u00fcber Wochen<br>Nat\u00fcrlich wirkendes Resultat<\/td><\/tr><\/tbody><\/table><\/figure>\n<\/div>\n<\/div>\n\n\n\n<div class=\"wp-block-group alignfull has-white-background-color has-background has-global-padding is-layout-constrained wp-block-group-is-layout-constrained\">\n<div class=\"wp-block-columns is-layout-flex wp-container-core-columns-is-layout-f0342b05 wp-block-columns-is-layout-flex\" style=\"margin-top:0;margin-bottom:0\">\n<div class=\"wp-block-column is-layout-flow wp-block-column-is-layout-flow\" style=\"flex-basis:60%\">\n<div style=\"height:61px\" aria-hidden=\"true\" class=\"wp-block-spacer\"><\/div>\n\n\n\n<h2 class=\"wp-block-heading is-style-h2\">Schonend. Pr\u00e4zise. Effektiv.<\/h2>\n\n\n\n<p>Je nach Auspr\u00e4gung behandeln wir Besenreiser mit bew\u00e4hrten Verfahren wie der Sklerotherapie oder \u2013 in geeigneten F\u00e4llen \u2013 mit modernen Lasertechnologien. Ziel ist es, die betroffenen Gef\u00e4\u00dfe gezielt zu verschlie\u00dfen, sodass sie vom K\u00f6rper abgebaut werden und nach und nach verblassen.<\/p>\n\n\n\n<div style=\"height:61px\" aria-hidden=\"true\" class=\"wp-block-spacer\"><\/div>\n<\/div>\n\n\n\n<div class=\"hide-on-mobile wp-block-column is-layout-flow wp-block-column-is-layout-flow\" style=\"flex-basis:5%\"><\/div>\n\n\n\n<div class=\"hide-on-mobile wp-block-column is-layout-flow wp-block-column-is-layout-flow\" style=\"flex-basis:35.9%\">\n<figure class=\"wp-block-image size-full is-resized is-style-right-edge\"><img loading=\"lazy\" decoding=\"async\" width=\"2000\" height=\"1333\" src=\"https:\/\/www.schoenehaut.de\/wp-content\/uploads\/2026\/03\/istockphoto-2251498058-1024x1024-1.jpg\" alt=\"\" class=\"wp-image-4325\" style=\"width:auto;height:400px\"\/><\/figure>\n<\/div>\n<\/div>\n<\/div>\n\n\n\n<div class=\"wp-block-columns is-style-medium-gap is-layout-flex wp-container-core-columns-is-layout-28f84493 wp-block-columns-is-layout-flex\">\n<div class=\"wp-block-column is-layout-flow wp-block-column-is-layout-flow\">\n<figure class=\"wp-block-image size-full is-style-rounded\"><img loading=\"lazy\" decoding=\"async\" width=\"2545\" height=\"1151\" src=\"https:\/\/www.schoenehaut.de\/wp-content\/uploads\/2026\/03\/Vorher-Nachher-Besenreiser.png\" alt=\"\" class=\"wp-image-4365\"\/><\/figure>\n<\/div>\n\n\n\n<div class=\"wp-block-column is-layout-flow wp-block-column-is-layout-flow\">\n<h2 class=\"wp-block-heading\">Besenreiser bei uns in Berlin entfernen: Ihre Vorteile<\/h2>\n\n\n\n<ul class=\"wp-block-list\">\n<li>individuelle dermatologische Beratung<\/li>\n\n\n\n<li>pr\u00e4zise, minimalinvasive Behandlung<\/li>\n\n\n\n<li>kurze Behandlungszeiten<\/li>\n\n\n\n<li>kaum Ausfallzeit im Alltag<\/li>\n\n\n\n<li>\u00e4sthetisch nat\u00fcrliche Ergebnisse<\/li>\n<\/ul>\n<\/div>\n<\/div>\n\n\n\n<div class=\"wp-block-columns is-style-medium-gap is-layout-flex wp-container-core-columns-is-layout-28f84493 wp-block-columns-is-layout-flex\">\n<div class=\"wp-block-column is-vertically-aligned-center is-layout-flow wp-block-column-is-layout-flow\">\n<h2 class=\"wp-block-heading\">Behandlung von Besenreisern im D\u00e9collet\u00e9<\/h2>\n<\/div>\n\n\n\n<div class=\"wp-block-column is-layout-flow wp-block-column-is-layout-flow\">\n<figure class=\"wp-block-embed is-type-video is-provider-youtube wp-block-embed-youtube wp-embed-aspect-16-9 wp-has-aspect-ratio\"><div class=\"wp-block-embed__wrapper\">\n<iframe loading=\"lazy\" title=\"Besenreiser I Behandlung mittels Gef\u00e4\u00dflaser &amp; Ver\u00f6dung I Expertin Dr. med. Meike Schr\u00f6der kl\u00e4rt auf\" width=\"500\" height=\"281\" src=\"https:\/\/www.youtube.com\/embed\/JpNQaIplB_Q?feature=oembed\" frameborder=\"0\" allow=\"accelerometer; autoplay; clipboard-write; encrypted-media; gyroscope; picture-in-picture; web-share\" referrerpolicy=\"strict-origin-when-cross-origin\" allowfullscreen><\/iframe>\n<\/div><\/figure>\n<\/div>\n<\/div>\n\n\n\n<div class=\"wp-block-group alignfull has-white-background-color has-background has-global-padding is-layout-constrained wp-block-group-is-layout-constrained\">\n<div class=\"wp-block-columns is-layout-flex wp-container-core-columns-is-layout-f0342b05 wp-block-columns-is-layout-flex\" style=\"margin-top:0;margin-bottom:0\">\n<div class=\"wp-block-column is-layout-flow wp-block-column-is-layout-flow\" style=\"flex-basis:60%\">\n<div style=\"height:61px\" aria-hidden=\"true\" class=\"wp-block-spacer\"><\/div>\n\n\n\n<figure class=\"hide-on-desktop wp-block-image size-full is-resized is-style-default\" style=\"margin-top:var(--wp--preset--spacing--m);margin-bottom:var(--wp--preset--spacing--default)\"><img loading=\"lazy\" decoding=\"async\" width=\"2000\" height=\"2000\" src=\"https:\/\/www.schoenehaut.de\/wp-content\/uploads\/2026\/03\/Meike_Profilbils_Rund260316.png\" alt=\"\" class=\"wp-image-5625\" style=\"aspect-ratio:1;object-fit:contain;width:auto;height:400px\"\/><\/figure>\n\n\n\n<h2 class=\"wp-block-heading is-style-h2\">H\u00e4ufig gestellte Fragen zu unserer Besen&shy;reiser&shy;ent&shy;fernung<\/h2>\n\n\n\n<details class=\"wp-block-huishu-agentur-huishu-faq-block\"><summary><span>Wie lassen sich Besenreiser wirksam entfernen?<\/span><\/summary><div class=\"faq-details is-layout-flow\">\n<p>Die am l\u00e4ngsten eingesetzte Methode zur Behandlung von Besenreisern stellt die Sklerosierung (Ver\u00f6dung) dar.\u2028<br><br>Das Prinzip der Ver\u00f6dung besteht darin, dass durch Einspritzen einer Fl\u00fcssigkeit in die erweiterte Vene eine Reizung der Venenwand verursacht wird, die in der Folge zum Verschluss des Gef\u00e4\u00dfes f\u00fchrt.\u2028<br><br>Eine neuere Methode ist die Entfernung der erweiterten \u00c4derchen mit Hilfe des langgepulster Neodym YAG Lasers.\u2028Diese beiden nebenwirkungsarmen und wenig schmerzhaften Methoden sind ambulant durchf\u00fchrbar und k\u00f6nnen beliebig oft wiederholt werden.<\/p>\n<\/div><\/details>\n\n\n\n<details class=\"wp-block-huishu-agentur-huishu-faq-block\"><summary><span>Welche Nachteile kann die Sklerosierung von Besenreisern haben?<\/span><\/summary><div class=\"faq-details is-layout-flow\">\n<p>Bei der Sklerosierung verursacht die Injektion des Ver\u00f6dungsmittels f\u00fcr wenige Sekunden einen leicht brennenden Schmerz. H\u00e4ufig kommt es durch die Ver\u00f6dung auch zur Ausbildung kleiner Bluterg\u00fcsse oder einer sehr leichten Venenentz\u00fcndung, sichtbar an einer vor\u00fcbergehenden bl\u00e4ulichen Verf\u00e4rbung der Gef\u00e4\u00dfe.<\/p>\n\n\n\n<p>Nach der Sklerosierung wird manchmal eine br\u00e4unliche Pigmentierung (Verf\u00e4rbung) der Haut im Bereich der Einstichstelle beobachtet, die sich nach einigen Wochen wieder zur\u00fcckbildet.<\/p>\n<\/div><\/details>\n\n\n\n<details class=\"wp-block-huishu-agentur-huishu-faq-block\"><summary><span>Welche Nachteile kann die Laserbehandlung von Besenreisern haben?<\/span><\/summary><div class=\"faq-details is-layout-flow\">\n<p>Unmittelbar nach der Behandlung kann die Haut f\u00fcr einige Stunden ger\u00f6tet und leicht geschwollen sein. Selten k\u00f6nnen sich nach einigen Tagen winzige Krusten bilden.\u2028Nach der Behandlung kann zun\u00e4chst ein br\u00e4unlicher bis gr\u00e4ulicher Schatten der fr\u00fcheren Besenreiser erkennbar bleiben, der jedoch nach einigen Tagen oder Wochen verschwindet.<\/p>\n<\/div><\/details>\n\n\n\n<details class=\"wp-block-huishu-agentur-huishu-faq-block\"><summary><span>Was ist nach der Sklerosierung\/Laserbehandlung zu beachten?<\/span><\/summary><div class=\"faq-details is-layout-flow\">\n<p>Unmittelbar nach der Ver\u00f6dung sollte sich viel bewegt werden, d. h. umhergehen oder fahrradfahren. L\u00e4ngeres Stehen oder Sitzen, f\u00fcr 8 &#8211; 10 Tage die Sauna, und f\u00fcr 4 Wochen direkte Sonnenbestrahlung sollte vermieden werden.<\/p>\n\n\n\n<p>Zur Optimierung des Behandlungserfolges sollten 14 Tage nach der Sklerosierung Kompressionsstr\u00fcmpfe getragen werden. Auf die Einstichstellen werden kleine Pflasterstreifen oder Watter\u00f6llchen geklebt, die am gleichen Tag wieder entfernt werden k\u00f6nnen.<\/p>\n\n\n\n<p>In den ersten 14 Tagen nach der Laserbehandlung sollte eine starke Erw\u00e4rmung der behandelten Hautpartien (beispielsweise durch Saunag\u00e4nge, Vollb\u00e4der, Sonnenbestrahlung) vermieden werden.<\/p>\n<\/div><\/details>\n\n\n\n<div style=\"height:61px\" aria-hidden=\"true\" class=\"wp-block-spacer\"><\/div>\n<\/div>\n\n\n\n<div class=\"hide-on-mobile wp-block-column is-layout-flow wp-block-column-is-layout-flow\" style=\"flex-basis:5%\"><\/div>\n\n\n\n<div class=\"hide-on-mobile wp-block-column is-layout-flow wp-block-column-is-layout-flow\" style=\"flex-basis:35.9%\">\n<figure class=\"wp-block-image size-full is-resized is-style-right-edge\"><img loading=\"lazy\" decoding=\"async\" width=\"2000\" height=\"1334\" src=\"https:\/\/www.schoenehaut.de\/wp-content\/uploads\/2026\/01\/RL01202_6881.jpg\" alt=\"\" class=\"wp-image-906\" style=\"width:auto;height:800px\"\/><\/figure>\n<\/div>\n<\/div>\n<\/div>\n\n\n\n<div class=\"wp-block-columns is-layout-flex wp-container-core-columns-is-layout-28f84493 wp-block-columns-is-layout-flex\">\n<div class=\"wp-block-column is-layout-flow wp-block-column-is-layout-flow\">\n<h2 class=\"wp-block-heading\">Weitere Behandlungen<\/h2>\n\n\n\n<div class=\"wp-block-group has-global-padding is-layout-constrained wp-block-group-is-layout-constrained\"><div class=\"schoenehaut-behandlungs-grid wp-block-schoenehaut-behandlungs-kacheln\"><a href=\"https:\/\/www.schoenehaut.de\/en\/laser\/laserlifting-augenlidstraffung\/\" class=\"behandlungs-tile\" aria-label=\"CO2-Laser\">\n                <img decoding=\"async\" src=\"https:\/\/www.schoenehaut.de\/wp-content\/uploads\/2026\/02\/AdobeStock_1448106743_Preview.jpeg\" alt=\"\" class=\"tile-image\" aria-hidden=\"true\">\n                <span class=\"tile-title\">CO2-Laser<\/span>\n            <\/a><a href=\"https:\/\/www.schoenehaut.de\/en\/laser\/dauerhafte-haarentfernung\/\" class=\"behandlungs-tile\" aria-label=\"IPL\">\n                <img decoding=\"async\" src=\"https:\/\/www.schoenehaut.de\/wp-content\/uploads\/2026\/02\/AdobeStock_454083893_Preview.jpeg\" alt=\"\" class=\"tile-image\" aria-hidden=\"true\">\n                <span class=\"tile-title\">IPL<\/span>\n            <\/a><a href=\"https:\/\/www.schoenehaut.de\/en\/institut\/jetpeel\/\" class=\"behandlungs-tile\" aria-label=\"JetPeel\u2122\">\n                <img decoding=\"async\" src=\"https:\/\/www.schoenehaut.de\/wp-content\/uploads\/2026\/02\/istockphoto-2211764441-2048x2048-1.jpg\" alt=\"\" class=\"tile-image\" aria-hidden=\"true\">\n                <span class=\"tile-title\">JetPeel\u2122<\/span>\n            <\/a><\/div><\/div>\n<\/div>\n<\/div>\n","protected":false},"excerpt":{"rendered":"<p>Besenreiser entfernen in Berlin: Behandlung durch Ver\u00f6den und Lasern Sanfte Entfernung von Besenreisern \u2013 nicht nur an den Beinen Besenreiser sind feine, r\u00f6tlich-blaue \u00c4derchen, die h\u00e4ufig an den Beinen sichtbar werden. Medizinisch meist harmlos, werden sie \u00e4sthetisch oft als st\u00f6rend empfunden. In der Praxis von Dr. med Meike Schr\u00f6der bieten wir moderne, schonende Behandlungen, um [&hellip;]<\/p>\n","protected":false},"author":1,"featured_media":0,"parent":769,"menu_order":5,"comment_status":"closed","ping_status":"closed","template":"","meta":{"footnotes":""},"class_list":["post-779","page","type-page","status-publish","hentry"],"_links":{"self":[{"href":"https:\/\/www.schoenehaut.de\/en\/wp-json\/wp\/v2\/pages\/779","targetHints":{"allow":["GET"]}}],"collection":[{"href":"https:\/\/www.schoenehaut.de\/en\/wp-json\/wp\/v2\/pages"}],"about":[{"href":"https:\/\/www.schoenehaut.de\/en\/wp-json\/wp\/v2\/types\/page"}],"author":[{"embeddable":true,"href":"https:\/\/www.schoenehaut.de\/en\/wp-json\/wp\/v2\/users\/1"}],"replies":[{"embeddable":true,"href":"https:\/\/www.schoenehaut.de\/en\/wp-json\/wp\/v2\/comments?post=779"}],"version-history":[{"count":33,"href":"https:\/\/www.schoenehaut.de\/en\/wp-json\/wp\/v2\/pages\/779\/revisions"}],"predecessor-version":[{"id":5806,"href":"https:\/\/www.schoenehaut.de\/en\/wp-json\/wp\/v2\/pages\/779\/revisions\/5806"}],"up":[{"embeddable":true,"href":"https:\/\/www.schoenehaut.de\/en\/wp-json\/wp\/v2\/pages\/769"}],"wp:attachment":[{"href":"https:\/\/www.schoenehaut.de\/en\/wp-json\/wp\/v2\/media?parent=779"}],"curies":[{"name":"wp","href":"https:\/\/api.w.org\/{rel}","templated":true}]}}