{"id":783,"date":"2026-01-29T12:03:18","date_gmt":"2026-01-29T11:03:18","guid":{"rendered":"https:\/\/www.schoenehaut.de\/?page_id=783"},"modified":"2026-03-25T08:29:21","modified_gmt":"2026-03-25T07:29:21","slug":"narben-aknenarben","status":"publish","type":"page","link":"https:\/\/www.schoenehaut.de\/en\/laser\/narben-aknenarben\/","title":{"rendered":"Narben, Aknenarben"},"content":{"rendered":"\n<div style=\"height:213px\" aria-hidden=\"true\" class=\"hide-on-mobile wp-block-spacer\"><\/div>\n\n\n\n<div style=\"height:100px\" aria-hidden=\"true\" class=\"hide-on-desktop wp-block-spacer\"><\/div>\n\n\n\n<div class=\"wp-block-columns is-style-big-gap is-layout-flex wp-container-core-columns-is-layout-28f84493 wp-block-columns-is-layout-flex\">\n<div class=\"wp-block-column is-layout-flow wp-block-column-is-layout-flow\"><div class=\"splide has-pagination-center is-style-portrait-contained wp-block-huishu-block-hu-splide-slider\" aria-labelledby=\"\" data-splide=\"{&quot;type&quot;:&quot;fade&quot;,&quot;perPage&quot;:1,&quot;arrows&quot;:true,&quot;autoplay&quot;:true,&quot;speed&quot;:1450,&quot;interval&quot;:4000,&quot;pagination&quot;:true,&quot;rewind&quot;:&quot;true&quot;}\">\n    <div class=\"splide__track\">\n        <ul class=\"splide__list\">\n\n<li class=\"wp-block-huishu-block-splide-slide splide__slide\">\n<figure class=\"wp-block-image size-full is-resized is-style-rounded\"><img loading=\"lazy\" decoding=\"async\" width=\"2000\" height=\"1199\" src=\"https:\/\/www.schoenehaut.de\/wp-content\/uploads\/2026\/02\/istockphoto-1189899831-2048x2048-1.jpg\" alt=\"\" class=\"wp-image-3818\" style=\"aspect-ratio:2\/1;object-fit:cover;width:auto;height:896px\"\/><\/figure>\n<\/li>\n\n\n\n<li class=\"wp-block-huishu-block-splide-slide splide__slide\">\n<figure class=\"wp-block-image size-full is-resized is-style-rounded\"><img loading=\"lazy\" decoding=\"async\" width=\"2000\" height=\"1299\" src=\"https:\/\/www.schoenehaut.de\/wp-content\/uploads\/2026\/02\/istockphoto-2194179958-2048x2048-1.jpg\" alt=\"\" class=\"wp-image-3819\" style=\"aspect-ratio:2\/1;object-fit:cover;width:auto;height:896px\"\/><\/figure>\n<\/li>\n\n<\/ul>    <\/div>\n            <div class=\"splide__arrows \"><button class=\"splide__arrow splide__arrow--prev\">\n\t\t\t<i class=\"icon-chevron-left-slider\" aria-label=\"Zum vorherigen Slide\"><\/i>\n\t\t<\/button>\n\t\t<button class=\"splide__arrow splide__arrow--next\">\n\t\t\t<i class=\"icon-chevron-right-slider\" aria-label=\"Zum n\u00e4chsten Slide\"><\/i>\n\t\t<\/button><\/div>\n        <\/div><\/div>\n\n\n\n<div class=\"wp-block-column is-layout-flow wp-block-column-is-layout-flow\">\n<h4 class=\"wp-block-heading has-large-font-size\">Narben lasern in Berlin: <\/h4>\n\n\n\n<h2 class=\"wp-block-heading\" style=\"margin-top:var(--wp--preset--spacing--subtitle)\">Ent&shy;fernung von Akne&shy;narben und mehr<\/h2>\n\n\n\n<p class=\"has-large-font-size\">Sichtbar glattere Haut. Individuell behandelt.<\/p>\n\n\n\n<p>Narben k\u00f6nnen das Hautbild dauerhaft ver\u00e4ndern \u2013 m\u00fcssen es aber nicht. In unserer Praxis SCH\u00d6NE HAUT Berlin bieten wir moderne, medizinisch fundierte Narbenbehandlungen auf h\u00f6chstem Niveau.\u2028<br><br>Ob Aknenarben, OP-Narben, Verletzungs- oder Brandnarben: Jede Narbe ist einzigartig und erfordert eine individuell abgestimmte Therapie.<br><br>Unser Ziel ist es, die Hautstruktur sichtbar zu verbessern, Narben zu gl\u00e4tten und die Haut langfristig zu regenerieren \u2013 f\u00fcr ein ebenm\u00e4\u00dfiges, frisches Hautbild und mehr Selbstbewusstsein.<\/p>\n\n\n\n<div class=\"wp-block-buttons is-layout-flex wp-block-buttons-is-layout-flex\">\n<div class=\"wp-block-button is-style-fill\"><a class=\"wp-block-button__link wp-element-button\" href=\"https:\/\/www.schoenehaut.de\/kontakt#kontakt\">Jetzt Termin buchen<\/a><\/div>\n<\/div>\n<\/div>\n<\/div>\n\n\n\n<div class=\"wp-block-group alignfull has-white-background-color has-background has-global-padding is-layout-constrained wp-block-group-is-layout-constrained\">\n<div class=\"wp-block-columns is-layout-flex wp-container-core-columns-is-layout-f0342b05 wp-block-columns-is-layout-flex\" style=\"margin-top:0;margin-bottom:0\">\n<div class=\"wp-block-column is-layout-flow wp-block-column-is-layout-flow\" style=\"flex-basis:60%\">\n<div style=\"height:61px\" aria-hidden=\"true\" class=\"wp-block-spacer\"><\/div>\n\n\n\n<h2 class=\"wp-block-heading is-style-h2\">Narben in unserer Praxis in Berlin lasern: Individuell und effektiv<\/h2>\n\n\n\n<p>Narben entstehen, wenn tiefere Hautschichten (Dermis) verletzt werden und der Heilungsprozess ungleichm\u00e4\u00dfig verl\u00e4uft. Je nach Art, Tiefe und Auspr\u00e4gung \u2013 z. B. atrophe Aknenarben oder festere Narbenstrukturen \u2013 kommen unterschiedliche Verfahren zum Einsatz.<br><br>In unserer Praxis in Berlin kombinieren wir innovative Laser- und Needling-Technologien mit regenerativen und kosmetisch-medizinischen Behandlungen, um optimale Ergebnisse zu erzielen.<\/p>\n\n\n\n<div style=\"height:61px\" aria-hidden=\"true\" class=\"wp-block-spacer\"><\/div>\n<\/div>\n\n\n\n<div class=\"hide-on-mobile wp-block-column is-layout-flow wp-block-column-is-layout-flow\" style=\"flex-basis:5%\"><\/div>\n\n\n\n<div class=\"hide-on-mobile wp-block-column is-layout-flow wp-block-column-is-layout-flow\" style=\"flex-basis:35.9%\">\n<figure class=\"wp-block-image size-full is-resized is-style-right-edge\"><img loading=\"lazy\" decoding=\"async\" width=\"1125\" height=\"2000\" src=\"https:\/\/www.schoenehaut.de\/wp-content\/uploads\/2026\/01\/Hochformat-9.jpg\" alt=\"\" class=\"wp-image-902\" style=\"width:auto;height:620px\"\/><\/figure>\n<\/div>\n<\/div>\n<\/div>\n\n\n\n<div class=\"wp-block-columns is-style-medium-gap is-layout-flex wp-container-core-columns-is-layout-28f84493 wp-block-columns-is-layout-flex\">\n<div class=\"wp-block-column is-layout-flow wp-block-column-is-layout-flow\">\n<figure class=\"wp-block-image size-full is-style-rounded\"><img loading=\"lazy\" decoding=\"async\" width=\"660\" height=\"327\" src=\"https:\/\/www.schoenehaut.de\/wp-content\/uploads\/2026\/03\/behandlung-aknenarben-vorher-nachher.png\" alt=\"\" class=\"wp-image-4384\"\/><\/figure>\n<\/div>\n\n\n\n<div class=\"wp-block-column is-layout-flow wp-block-column-is-layout-flow\">\n<h2 class=\"wp-block-heading\">eCO2-Laser: Unsere wichtigste Laser&shy;behandlung bei Narben<\/h2>\n\n\n\n<p>Der fraktionierte eCO2-Laser ist unsere wichtigste Behandlung bei ausgepr\u00e4gten Akne- und OP-Narben. Durch kontrollierte Abtragung feinster Hautareale wird die Kollagenneubildung intensiv angeregt und die Hautstruktur nachhaltig verbessert.<\/p>\n<\/div>\n<\/div>\n\n\n\n<div class=\"hide-on-mobile wp-block-cover alignfull is-light\" style=\"min-height:600px;aspect-ratio:unset;\"><img loading=\"lazy\" decoding=\"async\" width=\"1920\" height=\"509\" class=\"wp-block-cover__image-background wp-image-297 size-full\" alt=\"\" src=\"https:\/\/www.schoenehaut.de\/wp-content\/uploads\/2026\/01\/Rectangle-2.png\" style=\"object-position:22% 45%\" data-object-fit=\"cover\" data-object-position=\"22% 45%\"\/><span aria-hidden=\"true\" class=\"wp-block-cover__background has-background-dim-0 has-background-dim\" style=\"background-color:#b0998c\"><\/span><div class=\"wp-block-cover__inner-container has-global-padding is-layout-constrained wp-block-cover-is-layout-constrained\">\n<div class=\"wp-block-columns is-layout-flex wp-container-core-columns-is-layout-28f84493 wp-block-columns-is-layout-flex\">\n<div class=\"hide-on-mobile wp-block-column is-layout-flow wp-block-column-is-layout-flow\"><\/div>\n\n\n\n<div class=\"wp-block-column is-layout-flow wp-block-column-is-layout-flow\">\n<h2 class=\"wp-block-heading has-white-color has-text-color has-link-color wp-elements-3fbdd74848d28855c94cd2d7a3bb1637\">Weitere Narben&shy;behand&shy;lungen bei Sch\u00f6ne Haut in Berlin<\/h2>\n\n\n\n<details class=\"wp-block-huishu-agentur-huishu-faq-block is-style-light\"><summary><span><a href=\"https:\/\/www.schoenehaut.de\/institut\/potenza-radiofrequenz-needling\/\" data-type=\"page\" data-id=\"1018\">Potenza\u2122<\/a> Radiofrequenz-Microneedling<\/span><\/summary><div class=\"faq-details is-layout-flow\">\n<p class=\"has-white-color has-text-color has-link-color wp-elements-0a8e44ccb947ec7463d6ffeec04cc66c\"><a href=\"https:\/\/www.schoenehaut.de\/institut\/potenza-radiofrequenz-needling\/\" data-type=\"page\" data-id=\"1018\">Potenza\u2122<\/a> kombiniert Microneedling mit Radiofrequenzenergie und wirkt gezielt in tieferen Hautschichten. Ideal zur Behandlung von Aknenarben, unebenem Hautrelief und erschlaffter Haut \u2013 mit sichtbarer Straffung und Gl\u00e4ttung.<br><br>Bei der Narbenbehandlung mit oder ohne Laser empfehlen wir eine kombinierte Behandlung mit Exosomen oder Polynukleotiden, dadurch ist die downtime deutlich geringer und der Effekt wird sichtbar potenziert.<\/p>\n<\/div><\/details>\n\n\n\n<details class=\"wp-block-huishu-agentur-huishu-faq-block is-style-light\"><summary><span>Microneedling<\/span><\/summary><div class=\"faq-details is-layout-flow\">\n<p class=\"has-white-color has-text-color has-link-color wp-elements-242cda6117416d0f0bf7adb3a122d699\">F\u00fcr eine effektive Narbenbehandlung ist ein medical needling erforderlich mit einer Eindringtiefe der Nadeln von 1,5 mm. Je nach Hautzustand kombinieren wir Microneedling mit innovativen Wirkstoffen:<\/p>\n\n\n\n<ul class=\"wp-block-list\">\n<li class=\"has-white-color has-text-color has-link-color wp-elements-a46f4a8700c4fac843c72e1cc9817da8\"><strong>Microneedling mit Vampire Lift\u00ae (PRP)<br><\/strong>Eigenbluttherapie zur intensiven Hautregeneration und Kollagenstimulation.<\/li>\n\n\n\n<li class=\"has-white-color has-text-color has-link-color wp-elements-765cd90a18df4e3c6630bc21f31e0430\"><strong>Microneedling mit Polynukleotiden<br><\/strong>Verbessert Hautqualit\u00e4t, Elastizit\u00e4t und Zellregeneration.<\/li>\n\n\n\n<li class=\"has-white-color has-text-color has-link-color wp-elements-8e94a255cb68ebed4b496c4c6d3d3bb0\"><strong>Microneedling mit Exosomen<br><\/strong>Modernste regenerative Therapie zur Unterst\u00fctzung von Heilungsprozessen und Hauterneuerung.<\/li>\n<\/ul>\n<\/div><\/details>\n\n\n\n<details class=\"wp-block-huishu-agentur-huishu-faq-block is-style-light\"><summary><span>Weitere Behandlungen bei leichteren Narben<\/span><\/summary><div class=\"faq-details is-layout-flow\">\n<ul class=\"wp-block-list\">\n<li class=\"has-white-color has-text-color has-link-color wp-elements-05ba1ad81ce1a6a5948f57141daf5144\">Medizinische Peelings<br>F\u00fcr oberfl\u00e4chliche Narben und Aknenmale \u2013 verbessern Hauttextur und Ebenm\u00e4\u00dfigkeit.<\/li>\n\n\n\n<li class=\"has-white-color has-text-color has-link-color wp-elements-559e52b7bd1e1e4bb0836e8b6b2c9bc8\">Retinol Peeling<br>F\u00f6rdert Zellerneuerung, verfeinert Poren und reduziert Pigmentierungen.<\/li>\n\n\n\n<li class=\"has-white-color has-text-color has-link-color wp-elements-8702734bd8959d7b88706e1bcaa613d3\">TCA Peeling<br>Intensives chemisches Peeling zur Behandlung tieferer Aknenarben und unregelm\u00e4\u00dfiger Hautstrukturen.<\/li>\n\n\n\n<li class=\"has-white-color has-text-color has-link-color wp-elements-4bcf25c0d8d2299d219e48387b939b20\">HydraFacial\u00ae Syndeo\u2122<br>Ideal zur Hautverbesserung bei leichten Aknenarben und zur unterst\u00fctzenden Regeneration.<\/li>\n<\/ul>\n<\/div><\/details>\n<\/div>\n<\/div>\n<\/div><\/div>\n\n\n\n<div class=\"hide-on-desktop wp-block-cover alignfull is-light\" style=\"min-height:600px;aspect-ratio:unset;\"><img loading=\"lazy\" decoding=\"async\" width=\"1920\" height=\"509\" class=\"wp-block-cover__image-background wp-image-297 size-full\" alt=\"\" src=\"https:\/\/www.schoenehaut.de\/wp-content\/uploads\/2026\/01\/Rectangle-2.png\" style=\"object-position:100% 45%\" data-object-fit=\"cover\" data-object-position=\"100% 45%\"\/><span aria-hidden=\"true\" class=\"wp-block-cover__background has-background-dim-0 has-background-dim\" style=\"background-color:#b0998c\"><\/span><div class=\"wp-block-cover__inner-container has-global-padding is-layout-constrained wp-block-cover-is-layout-constrained\">\n<div class=\"wp-block-columns is-layout-flex wp-container-core-columns-is-layout-28f84493 wp-block-columns-is-layout-flex\">\n<div class=\"hide-on-mobile wp-block-column is-layout-flow wp-block-column-is-layout-flow\"><\/div>\n\n\n\n<div class=\"wp-block-column is-layout-flow wp-block-column-is-layout-flow\">\n<h2 class=\"wp-block-heading has-white-color has-text-color has-link-color wp-elements-3fbdd74848d28855c94cd2d7a3bb1637\">Weitere Narben&shy;behand&shy;lungen bei Sch\u00f6ne Haut in Berlin<\/h2>\n\n\n\n<details class=\"wp-block-huishu-agentur-huishu-faq-block is-style-light\"><summary><span><a href=\"https:\/\/www.schoenehaut.de\/institut\/potenza-radiofrequenz-needling\/\" data-type=\"page\" data-id=\"1018\">Potenza\u2122<\/a> Radiofrequenz-Microneedling<\/span><\/summary><div class=\"faq-details is-layout-flow\">\n<p class=\"has-white-color has-text-color has-link-color wp-elements-0a8e44ccb947ec7463d6ffeec04cc66c\"><a href=\"https:\/\/www.schoenehaut.de\/institut\/potenza-radiofrequenz-needling\/\" data-type=\"page\" data-id=\"1018\">Potenza\u2122<\/a> kombiniert Microneedling mit Radiofrequenzenergie und wirkt gezielt in tieferen Hautschichten. Ideal zur Behandlung von Aknenarben, unebenem Hautrelief und erschlaffter Haut \u2013 mit sichtbarer Straffung und Gl\u00e4ttung.<br><br>Bei der Narbenbehandlung mit oder ohne Laser empfehlen wir eine kombinierte Behandlung mit Exosomen oder Polynukleotiden, dadurch ist die downtime deutlich geringer und der Effekt wird sichtbar potenziert.<\/p>\n<\/div><\/details>\n\n\n\n<details class=\"wp-block-huishu-agentur-huishu-faq-block is-style-light\"><summary><span>Microneedling<\/span><\/summary><div class=\"faq-details is-layout-flow\">\n<p class=\"has-white-color has-text-color has-link-color wp-elements-242cda6117416d0f0bf7adb3a122d699\">F\u00fcr eine effektive Narbenbehandlung ist ein medical needling erforderlich mit einer Eindringtiefe der Nadeln von 1,5 mm. Je nach Hautzustand kombinieren wir Microneedling mit innovativen Wirkstoffen:<\/p>\n\n\n\n<ul class=\"wp-block-list\">\n<li class=\"has-white-color has-text-color has-link-color wp-elements-a46f4a8700c4fac843c72e1cc9817da8\"><strong>Microneedling mit Vampire Lift\u00ae (PRP)<br><\/strong>Eigenbluttherapie zur intensiven Hautregeneration und Kollagenstimulation.<\/li>\n\n\n\n<li class=\"has-white-color has-text-color has-link-color wp-elements-765cd90a18df4e3c6630bc21f31e0430\"><strong>Microneedling mit Polynukleotiden<br><\/strong>Verbessert Hautqualit\u00e4t, Elastizit\u00e4t und Zellregeneration.<\/li>\n\n\n\n<li class=\"has-white-color has-text-color has-link-color wp-elements-8e94a255cb68ebed4b496c4c6d3d3bb0\"><strong>Microneedling mit Exosomen<br><\/strong>Modernste regenerative Therapie zur Unterst\u00fctzung von Heilungsprozessen und Hauterneuerung.<\/li>\n<\/ul>\n<\/div><\/details>\n\n\n\n<details class=\"wp-block-huishu-agentur-huishu-faq-block is-style-light\"><summary><span>Weitere Behandlungen bei leichteren Narben<\/span><\/summary><div class=\"faq-details is-layout-flow\">\n<ul class=\"wp-block-list\">\n<li class=\"has-white-color has-text-color has-link-color wp-elements-05ba1ad81ce1a6a5948f57141daf5144\">Medizinische Peelings<br>F\u00fcr oberfl\u00e4chliche Narben und Aknenmale \u2013 verbessern Hauttextur und Ebenm\u00e4\u00dfigkeit.<\/li>\n\n\n\n<li class=\"has-white-color has-text-color has-link-color wp-elements-559e52b7bd1e1e4bb0836e8b6b2c9bc8\">Retinol Peeling<br>F\u00f6rdert Zellerneuerung, verfeinert Poren und reduziert Pigmentierungen.<\/li>\n\n\n\n<li class=\"has-white-color has-text-color has-link-color wp-elements-8702734bd8959d7b88706e1bcaa613d3\">TCA Peeling<br>Intensives chemisches Peeling zur Behandlung tieferer Aknenarben und unregelm\u00e4\u00dfiger Hautstrukturen.<\/li>\n\n\n\n<li class=\"has-white-color has-text-color has-link-color wp-elements-4bcf25c0d8d2299d219e48387b939b20\">HydraFacial\u00ae Syndeo\u2122<br>Ideal zur Hautverbesserung bei leichten Aknenarben und zur unterst\u00fctzenden Regeneration.<\/li>\n<\/ul>\n<\/div><\/details>\n<\/div>\n<\/div>\n<\/div><\/div>\n\n\n\n<div class=\"wp-block-columns is-style-medium-gap is-layout-flex wp-container-core-columns-is-layout-28f84493 wp-block-columns-is-layout-flex\">\n<div class=\"wp-block-column is-layout-flow wp-block-column-is-layout-flow\">\n<h2 class=\"wp-block-heading\">Warum sollte ich meine Narben bei Sch\u00f6ne Haut in Berlin lasern lassen ?<\/h2>\n\n\n\n<ul class=\"wp-block-list\">\n<li>20 j\u00e4hrige fach\u00e4rztliche Expertise in der Schwerpunktpraxis f\u00fcr \u00e4sthetische Medizin und ambulanten Operationen\u2028<\/li>\n\n\n\n<li>Spezialisierung auf Narben &amp; Aknenarben<\/li>\n\n\n\n<li>Modernste Technologien wie den eCO2-Laser &amp; <a href=\"https:\/\/www.schoenehaut.de\/institut\/potenza-radiofrequenz-needling\/\" data-type=\"page\" data-id=\"1018\">Potenza\u2122<\/a><\/li>\n\n\n\n<li>Individuelle Behandlungspl\u00e4ne statt Standardl\u00f6sungen<\/li>\n\n\n\n<li>Zentrale Lage in Berlin<\/li>\n<\/ul>\n<\/div>\n\n\n\n<div class=\"wp-block-column is-layout-flow wp-block-column-is-layout-flow\">\n<figure class=\"wp-block-image size-full is-style-rounded\"><img loading=\"lazy\" decoding=\"async\" width=\"2000\" height=\"1121\" src=\"https:\/\/www.schoenehaut.de\/wp-content\/uploads\/2026\/02\/AdobeStock_1620291611_Preview.jpeg\" alt=\"\" class=\"wp-image-2459\"\/><\/figure>\n<\/div>\n<\/div>\n\n\n\n<div class=\"wp-block-group alignfull has-white-background-color has-background has-global-padding is-layout-constrained wp-block-group-is-layout-constrained\">\n<div class=\"wp-block-columns is-layout-flex wp-container-core-columns-is-layout-f0342b05 wp-block-columns-is-layout-flex\" style=\"margin-top:0;margin-bottom:0\">\n<div class=\"hide-on-mobile wp-block-column is-layout-flow wp-block-column-is-layout-flow\" style=\"flex-basis:35.9%\">\n<figure class=\"wp-block-image size-full is-resized is-style-left-edge\"><img loading=\"lazy\" decoding=\"async\" width=\"826\" height=\"808\" src=\"https:\/\/www.schoenehaut.de\/wp-content\/uploads\/2026\/01\/Rectangle-2-1.png\" alt=\"\" class=\"wp-image-542\" style=\"width:auto;height:550px\"\/><\/figure>\n<\/div>\n\n\n\n<div class=\"hide-on-mobile wp-block-column is-layout-flow wp-block-column-is-layout-flow\" style=\"flex-basis:5%\"><\/div>\n\n\n\n<div class=\"wp-block-column is-layout-flow wp-block-column-is-layout-flow\" style=\"flex-basis:60%\">\n<div style=\"height:61px\" aria-hidden=\"true\" class=\"wp-block-spacer\"><\/div>\n\n\n\n<h2 class=\"wp-block-heading is-style-h2\">Die Vorteile bei uns<\/h2>\n\n\n\n<figure class=\"wp-block-flexible-table-block-table\"><table class=\"has-fixed-layout is-stacked-on-mobile\"><tbody><tr><th scope=\"row\">Sichtbar ebenm\u00e4\u00dfige Haut:<\/th><td>Narben werden gegl\u00e4ttet, das Hautbild wirkt feiner und harmonischer.<\/td><\/tr><tr><th scope=\"row\">Mehr Selbstvertrauen:<\/th><td>Ein verbessertes Hautbild steigert das pers\u00f6nliche Wohlbefinden nachhaltig.<\/td><\/tr><tr><th scope=\"row\">Individuell abgestimmte Therapie:<\/th><td>Jede Behandlung wird exakt auf die Haut und die Narben abgestimmt.<\/td><\/tr><\/tbody><\/table><\/figure>\n\n\n\n<div style=\"height:61px\" aria-hidden=\"true\" class=\"wp-block-spacer\"><\/div>\n<\/div>\n<\/div>\n<\/div>\n\n\n\n<div class=\"wp-block-columns is-layout-flex wp-container-core-columns-is-layout-28f84493 wp-block-columns-is-layout-flex\">\n<div class=\"wp-block-column is-layout-flow wp-block-column-is-layout-flow\">\n<h2 class=\"wp-block-heading\">Weitere Behandlungen<\/h2>\n\n\n\n<div class=\"wp-block-group has-global-padding is-layout-constrained wp-block-group-is-layout-constrained\"><div class=\"schoenehaut-behandlungs-grid wp-block-schoenehaut-behandlungs-kacheln\"><a href=\"https:\/\/www.schoenehaut.de\/en\/institut\/peelings\/\" class=\"behandlungs-tile\" aria-label=\"Peelings\">\n                <img decoding=\"async\" src=\"https:\/\/www.schoenehaut.de\/wp-content\/uploads\/2026\/02\/AdobeStock_953124479_Preview.jpeg\" alt=\"\" class=\"tile-image\" aria-hidden=\"true\">\n                <span class=\"tile-title\">Peelings<\/span>\n            <\/a><a href=\"https:\/\/www.schoenehaut.de\/en\/aesthetik\/biostimulation-mesotherapie\/polynukleotide-pdrn-salmon-sperm-lift\/\" class=\"behandlungs-tile\" aria-label=\"Biostimulatoren\">\n                <img decoding=\"async\" src=\"https:\/\/www.schoenehaut.de\/wp-content\/uploads\/2026\/02\/AdobeStock_1628764124_Preview.jpeg\" alt=\"\" class=\"tile-image\" aria-hidden=\"true\">\n                <span class=\"tile-title\">Biostimulatoren<\/span>\n            <\/a><a href=\"https:\/\/www.schoenehaut.de\/en\/institut\/potenza-radiofrequenz-needling\/\" class=\"behandlungs-tile\" aria-label=\"Potenza\u2122\">\n                <img decoding=\"async\" src=\"https:\/\/www.schoenehaut.de\/wp-content\/uploads\/2026\/03\/istockphoto-1488371906-1024x1024-1.jpg\" alt=\"\" class=\"tile-image\" aria-hidden=\"true\">\n                <span class=\"tile-title\">Potenza\u2122<\/span>\n            <\/a><\/div><\/div>\n<\/div>\n<\/div>\n","protected":false},"excerpt":{"rendered":"<p>Narben lasern in Berlin: Entfernung von Aknenarben und mehr Sichtbar glattere Haut. Individuell behandelt. Narben k\u00f6nnen das Hautbild dauerhaft ver\u00e4ndern \u2013 m\u00fcssen es aber nicht. In unserer Praxis SCH\u00d6NE HAUT Berlin bieten wir moderne, medizinisch fundierte Narbenbehandlungen auf h\u00f6chstem Niveau.\u2028 Ob Aknenarben, OP-Narben, Verletzungs- oder Brandnarben: Jede Narbe ist einzigartig und erfordert eine individuell abgestimmte [&hellip;]<\/p>\n","protected":false},"author":1,"featured_media":0,"parent":769,"menu_order":7,"comment_status":"closed","ping_status":"closed","template":"","meta":{"footnotes":""},"class_list":["post-783","page","type-page","status-publish","hentry"],"_links":{"self":[{"href":"https:\/\/www.schoenehaut.de\/en\/wp-json\/wp\/v2\/pages\/783","targetHints":{"allow":["GET"]}}],"collection":[{"href":"https:\/\/www.schoenehaut.de\/en\/wp-json\/wp\/v2\/pages"}],"about":[{"href":"https:\/\/www.schoenehaut.de\/en\/wp-json\/wp\/v2\/types\/page"}],"author":[{"embeddable":true,"href":"https:\/\/www.schoenehaut.de\/en\/wp-json\/wp\/v2\/users\/1"}],"replies":[{"embeddable":true,"href":"https:\/\/www.schoenehaut.de\/en\/wp-json\/wp\/v2\/comments?post=783"}],"version-history":[{"count":35,"href":"https:\/\/www.schoenehaut.de\/en\/wp-json\/wp\/v2\/pages\/783\/revisions"}],"predecessor-version":[{"id":5899,"href":"https:\/\/www.schoenehaut.de\/en\/wp-json\/wp\/v2\/pages\/783\/revisions\/5899"}],"up":[{"embeddable":true,"href":"https:\/\/www.schoenehaut.de\/en\/wp-json\/wp\/v2\/pages\/769"}],"wp:attachment":[{"href":"https:\/\/www.schoenehaut.de\/en\/wp-json\/wp\/v2\/media?parent=783"}],"curies":[{"name":"wp","href":"https:\/\/api.w.org\/{rel}","templated":true}]}}