{"id":795,"date":"2026-01-29T12:06:17","date_gmt":"2026-01-29T11:06:17","guid":{"rendered":"https:\/\/www.schoenehaut.de\/?page_id=795"},"modified":"2026-03-25T08:43:29","modified_gmt":"2026-03-25T07:43:29","slug":"ki-gestuetzte-hautkrebsvorsorge","status":"publish","type":"page","link":"https:\/\/www.schoenehaut.de\/en\/dermatologie\/ki-gestuetzte-hautkrebsvorsorge\/","title":{"rendered":"(KI-gest\u00fctzte) Hautkrebsvorsorge"},"content":{"rendered":"\n<div style=\"height:213px\" aria-hidden=\"true\" class=\"hide-on-mobile wp-block-spacer\"><\/div>\n\n\n\n<div style=\"height:100px\" aria-hidden=\"true\" class=\"hide-on-desktop wp-block-spacer\"><\/div>\n\n\n\n<div class=\"wp-block-columns is-style-big-gap is-layout-flex wp-container-core-columns-is-layout-28f84493 wp-block-columns-is-layout-flex\">\n<div class=\"wp-block-column is-layout-flow wp-block-column-is-layout-flow\"><div class=\"splide has-pagination-center is-style-portrait-contained wp-block-huishu-block-hu-splide-slider\" aria-labelledby=\"\" data-splide=\"{&quot;type&quot;:&quot;fade&quot;,&quot;perPage&quot;:1,&quot;arrows&quot;:true,&quot;autoplay&quot;:true,&quot;speed&quot;:1500,&quot;interval&quot;:4000,&quot;pagination&quot;:true,&quot;rewind&quot;:&quot;true&quot;}\">\n    <div class=\"splide__track\">\n        <ul class=\"splide__list\">\n\n<li class=\"wp-block-huishu-block-splide-slide splide__slide\">\n<figure class=\"wp-block-image size-full is-resized is-style-rounded\"><img loading=\"lazy\" decoding=\"async\" width=\"2000\" height=\"1333\" src=\"https:\/\/www.schoenehaut.de\/wp-content\/uploads\/2026\/03\/istockphoto-494257546-1024x1024-1.jpg\" alt=\"\" class=\"wp-image-4299\" style=\"aspect-ratio:2\/1;object-fit:cover;width:auto;height:896px\"\/><\/figure>\n<\/li>\n\n\n\n<li class=\"wp-block-huishu-block-splide-slide splide__slide\">\n<figure class=\"wp-block-image size-full is-resized is-style-rounded\"><img loading=\"lazy\" decoding=\"async\" width=\"2000\" height=\"1329\" src=\"https:\/\/www.schoenehaut.de\/wp-content\/uploads\/2026\/03\/istockphoto-1159780609-1024x1024-1.jpg\" alt=\"\" class=\"wp-image-4300\" style=\"aspect-ratio:2\/1;object-fit:cover;width:auto;height:896px\"\/><\/figure>\n<\/li>\n\n<\/ul>    <\/div>\n            <div class=\"splide__arrows \"><button class=\"splide__arrow splide__arrow--prev\">\n\t\t\t<i class=\"icon-chevron-left-slider\" aria-label=\"Zum vorherigen Slide\"><\/i>\n\t\t<\/button>\n\t\t<button class=\"splide__arrow splide__arrow--next\">\n\t\t\t<i class=\"icon-chevron-right-slider\" aria-label=\"Zum n\u00e4chsten Slide\"><\/i>\n\t\t<\/button><\/div>\n        <\/div><\/div>\n\n\n\n<div class=\"wp-block-column is-layout-flow wp-block-column-is-layout-flow\">\n<h2 class=\"wp-block-heading\">Hautkrebs&shy;vorsorge in Berlin<\/h2>\n\n\n\n<p class=\"has-large-font-size\">Moderne Vorsorge. Langj\u00e4hrige Erfahrung. Medizinische Sicherheit.<\/p>\n\n\n\n<p>Die Haut ist unser gr\u00f6\u00dftes Organ \u2013 und zugleich eines der empfindlichsten. \u00dcber Jahre hinweg ist sie UV-Strahlung, Umweltfaktoren und Alterungsprozessen ausgesetzt. Viele Hautver\u00e4nderungen entstehen schleichend und bleiben lange unbemerkt. Eine regelm\u00e4\u00dfige fach\u00e4rztliche Hautkrebsvorsorge ist daher ein zentraler Bestandteil moderner Gesundheitspr\u00e4vention.<\/p>\n\n\n\n<p>Hautkrebs z\u00e4hlt heute zu den h\u00e4ufigsten Krebserkrankungen. Wird er fr\u00fchzeitig erkannt, sind die Behandlungsm\u00f6glichkeiten in der Regel schonend und die Heilungschancen sehr gut. Ziel der Hautkrebsvorsorge ist es, auff\u00e4llige Ver\u00e4nderungen rechtzeitig zu erkennen und medizinisch fundiert einzuordnen \u2013 bevor sie zum Gesundheitsrisiko werden.<\/p>\n\n\n\n<div class=\"wp-block-buttons is-layout-flex wp-block-buttons-is-layout-flex\">\n<div class=\"wp-block-button is-style-fill\"><a class=\"wp-block-button__link wp-element-button\" href=\"https:\/\/www.schoenehaut.de\/kontakt#kontakt\">Jetzt Termin buchen<\/a><\/div>\n<\/div>\n<\/div>\n<\/div>\n\n\n\n<div class=\"wp-block-group alignfull has-white-background-color has-background has-global-padding is-layout-constrained wp-block-group-is-layout-constrained\">\n<div class=\"wp-block-columns is-layout-flex wp-container-core-columns-is-layout-f0342b05 wp-block-columns-is-layout-flex\" style=\"margin-top:0;margin-bottom:0\">\n<div class=\"wp-block-column is-layout-flow wp-block-column-is-layout-flow\" style=\"flex-basis:60%\">\n<div style=\"height:61px\" aria-hidden=\"true\" class=\"wp-block-spacer\"><\/div>\n\n\n\n<h2 class=\"wp-block-heading is-style-h2\">So l\u00e4uft die Haut&shy;krebs&shy;vorsorge in unserer Praxis in Berlin ab<\/h2>\n\n\n\n<p>Die Hautkrebsvorsorge erfolgt strukturiert, sorgf\u00e4ltig und individuell auf Ihr pers\u00f6nliches Risikoprofil abgestimmt.<\/p>\n\n\n\n<details class=\"wp-block-huishu-agentur-huishu-faq-block\"><summary><span>Fach\u00e4rztliche Ganzk\u00f6rperuntersuchung<\/span><\/summary><div class=\"faq-details is-layout-flow\">\n<p>Im Mittelpunkt steht die umfassende Untersuchung der gesamten Hautoberfl\u00e4che von Kopf bis Fu\u00df. Dabei beurteilen wir <a href=\"https:\/\/www.schoenehaut.de\/hautbeduerfnis\/haut-gesicht\/stoerende-muttermale-hautveraenderungen\/\" data-type=\"page\" data-id=\"701\">Muttermale,<\/a> Pigmentver\u00e4nderungen sowie andere auff\u00e4llige Hautbefunde.<\/p>\n\n\n\n<p>Zur differenzierten Beurteilung setzen wir das Dermatoskop ein. Dieses erm\u00f6glicht eine vergr\u00f6\u00dferte Darstellung tieferer Hautstrukturen und hilft, fr\u00fche Anzeichen von hellem und schwarzem Hautkrebs zuverl\u00e4ssig von harmlosen Hautver\u00e4nderungen zu unterscheiden.<\/p>\n<\/div><\/details>\n\n\n\n<details class=\"wp-block-huishu-agentur-huishu-faq-block\"><summary><span>Digitale Hautkrebsvorsorge mit DermaGraphix\u00ae von Canfield<\/span><\/summary><div class=\"faq-details is-layout-flow\">\n<p>Erg\u00e4nzend zur klassischen Untersuchung nutzen wir modernste digitale Diagnostik. Mit DermaGraphix\u00ae von Canfield steht uns ein hochaufl\u00f6sendes System zur digitalen Dokumentation und Analyse von Pigmentmalen zur Verf\u00fcgung.<br><br>Auff\u00e4llige Hautver\u00e4nderungen werden pr\u00e4zise erfasst und k\u00f6nnen bei Folgeuntersuchungen exakt miteinander verglichen werden. KI-gest\u00fctzte Analyseverfahren unterst\u00fctzen die \u00e4rztliche Beurteilung, indem sie objektive Merkmale wie Struktur, Symmetrie, Farbverteilung und Begrenzung auswerten.<br><br>Die k\u00fcnstliche Intelligenz dient dabei als erg\u00e4nzendes Instrument \u2013 die medizinische Bewertung und Entscheidung erfolgt stets durch die Fach\u00e4rztin.<\/p>\n<\/div><\/details>\n\n\n\n<div style=\"height:61px\" aria-hidden=\"true\" class=\"wp-block-spacer\"><\/div>\n<\/div>\n\n\n\n<div class=\"hide-on-mobile wp-block-column is-layout-flow wp-block-column-is-layout-flow\" style=\"flex-basis:5%\"><\/div>\n\n\n\n<div class=\"hide-on-mobile wp-block-column is-layout-flow wp-block-column-is-layout-flow\" style=\"flex-basis:35.9%\">\n<figure class=\"wp-block-image size-full is-resized is-style-right-edge\"><img decoding=\"async\" src=\"https:\/\/www.schoenehaut.de\/wp-content\/uploads\/2026\/03\/istockphoto-2060306243-1024x1024-1.jpg\" alt=\"\" class=\"wp-image-4302\" style=\"width:auto;height:700px\"\/><\/figure>\n<\/div>\n<\/div>\n<\/div>\n\n\n\n<div class=\"wp-block-columns is-style-medium-gap is-layout-flex wp-container-core-columns-is-layout-28f84493 wp-block-columns-is-layout-flex\">\n<div class=\"wp-block-column is-layout-flow wp-block-column-is-layout-flow\">\n<figure class=\"wp-block-image size-full is-style-rounded\"><img loading=\"lazy\" decoding=\"async\" width=\"2000\" height=\"1334\" src=\"https:\/\/www.schoenehaut.de\/wp-content\/uploads\/2026\/01\/RL01202_6345.jpg\" alt=\"\" class=\"wp-image-1212\"\/><\/figure>\n<\/div>\n\n\n\n<div class=\"wp-block-column is-layout-flow wp-block-column-is-layout-flow\">\n<h2 class=\"wp-block-heading\">Langj\u00e4hrige universit\u00e4ts&shy;medizinische Expertise<\/h2>\n\n\n\n<p>Die Hautkrebsvorsorge in unserer Praxis basiert auf der langj\u00e4hrigen klinischen und universit\u00e4tsmedizinischen Erfahrung von Dr. med. Meike Schr\u00f6der und ihren Kolleginnen. Kontinuierliche Fort- und Weiterbildung sowie die Orientierung an aktuellen wissenschaftlichen Standards gew\u00e4hrleisten eine Vorsorge auf hohem medizinischem Niveau.<br><br>Diese Kombination aus Erfahrung, moderner Technik und individueller Betreuung schafft ein hohes Ma\u00df an diagnostischer Sicherheit.<\/p>\n<\/div>\n<\/div>\n\n\n\n<div class=\"hide-on-mobile wp-block-cover alignfull is-light\" style=\"min-height:500px;aspect-ratio:unset;\"><img loading=\"lazy\" decoding=\"async\" width=\"1920\" height=\"509\" class=\"wp-block-cover__image-background wp-image-297 size-full\" alt=\"\" src=\"https:\/\/www.schoenehaut.de\/wp-content\/uploads\/2026\/01\/Rectangle-2.png\" style=\"object-position:22% 45%\" data-object-fit=\"cover\" data-object-position=\"22% 45%\"\/><span aria-hidden=\"true\" class=\"wp-block-cover__background has-background-dim-0 has-background-dim\" style=\"background-color:#b0998c\"><\/span><div class=\"wp-block-cover__inner-container has-global-padding is-layout-constrained wp-block-cover-is-layout-constrained\">\n<div class=\"wp-block-columns is-layout-flex wp-container-core-columns-is-layout-28f84493 wp-block-columns-is-layout-flex\">\n<div class=\"hide-on-mobile wp-block-column is-layout-flow wp-block-column-is-layout-flow\"><\/div>\n\n\n\n<div class=\"wp-block-column is-layout-flow wp-block-column-is-layout-flow\">\n<h2 class=\"wp-block-heading has-white-color has-text-color has-link-color wp-elements-0b4f6a8a0c87ff63d9f015157acd2fb6\">F\u00fcr wen ist die Haut&shy;krebs&shy;vorsorge besonders sinnvoll?<\/h2>\n\n\n\n<ul class=\"wp-block-list\">\n<li class=\"has-white-color has-text-color has-link-color wp-elements-97c3cba4c2e9950f638787e17e4eb68e\">bei vielen oder unregelm\u00e4\u00dfigen <a href=\"https:\/\/www.schoenehaut.de\/hautbeduerfnis\/haut-gesicht\/stoerende-muttermale-hautveraenderungen\/\" data-type=\"page\" data-id=\"701\">Muttermalen<\/a><\/li>\n\n\n\n<li class=\"has-white-color has-text-color has-link-color wp-elements-07bb905fd913181e85bca618fb2d9a5f\">bei hellem Hauttyp oder erh\u00f6hter UV-Belastung<\/li>\n\n\n\n<li class=\"has-white-color has-text-color has-link-color wp-elements-cc0656e2ca3d4ded298086162ea2d0f5\">bei famili\u00e4rer Vorbelastung mit Hautkrebs<\/li>\n\n\n\n<li class=\"has-white-color has-text-color has-link-color wp-elements-3efaad1ff1d6a35eba7a33701ca74c56\">zur langfristigen Verlaufskontrolle<\/li>\n\n\n\n<li class=\"has-white-color has-text-color has-link-color wp-elements-86568d1d6da6e2215a3d8be61d051150\">bei dem Wunsch nach besonders gr\u00fcndlicher Vorsorge<\/li>\n<\/ul>\n<\/div>\n<\/div>\n<\/div><\/div>\n\n\n\n<div class=\"hide-on-desktop wp-block-cover alignfull is-light\" style=\"min-height:500px;aspect-ratio:unset;\"><img loading=\"lazy\" decoding=\"async\" width=\"1920\" height=\"509\" class=\"wp-block-cover__image-background wp-image-297 size-full\" alt=\"\" src=\"https:\/\/www.schoenehaut.de\/wp-content\/uploads\/2026\/01\/Rectangle-2.png\" style=\"object-position:100% 45%\" data-object-fit=\"cover\" data-object-position=\"100% 45%\"\/><span aria-hidden=\"true\" class=\"wp-block-cover__background has-background-dim-0 has-background-dim\" style=\"background-color:#b0998c\"><\/span><div class=\"wp-block-cover__inner-container has-global-padding is-layout-constrained wp-block-cover-is-layout-constrained\">\n<div class=\"wp-block-columns is-layout-flex wp-container-core-columns-is-layout-28f84493 wp-block-columns-is-layout-flex\">\n<div class=\"hide-on-mobile wp-block-column is-layout-flow wp-block-column-is-layout-flow\"><\/div>\n\n\n\n<div class=\"wp-block-column is-layout-flow wp-block-column-is-layout-flow\">\n<h2 class=\"wp-block-heading has-white-color has-text-color has-link-color wp-elements-0b4f6a8a0c87ff63d9f015157acd2fb6\">F\u00fcr wen ist die Haut&shy;krebs&shy;vorsorge besonders sinnvoll?<\/h2>\n\n\n\n<ul class=\"wp-block-list\">\n<li class=\"has-white-color has-text-color has-link-color wp-elements-97c3cba4c2e9950f638787e17e4eb68e\">bei vielen oder unregelm\u00e4\u00dfigen <a href=\"https:\/\/www.schoenehaut.de\/hautbeduerfnis\/haut-gesicht\/stoerende-muttermale-hautveraenderungen\/\" data-type=\"page\" data-id=\"701\">Muttermalen<\/a><\/li>\n\n\n\n<li class=\"has-white-color has-text-color has-link-color wp-elements-07bb905fd913181e85bca618fb2d9a5f\">bei hellem Hauttyp oder erh\u00f6hter UV-Belastung<\/li>\n\n\n\n<li class=\"has-white-color has-text-color has-link-color wp-elements-cc0656e2ca3d4ded298086162ea2d0f5\">bei famili\u00e4rer Vorbelastung mit Hautkrebs<\/li>\n\n\n\n<li class=\"has-white-color has-text-color has-link-color wp-elements-3efaad1ff1d6a35eba7a33701ca74c56\">zur langfristigen Verlaufskontrolle<\/li>\n\n\n\n<li class=\"has-white-color has-text-color has-link-color wp-elements-86568d1d6da6e2215a3d8be61d051150\">bei dem Wunsch nach besonders gr\u00fcndlicher Vorsorge<\/li>\n<\/ul>\n<\/div>\n<\/div>\n<\/div><\/div>\n\n\n\n<div class=\"wp-block-columns is-style-medium-gap is-layout-flex wp-container-core-columns-is-layout-28f84493 wp-block-columns-is-layout-flex\">\n<div class=\"wp-block-column is-layout-flow wp-block-column-is-layout-flow\">\n<figure class=\"hide-on-desktop wp-block-image size-full is-resized is-style-default\" style=\"margin-top:var(--wp--preset--spacing--m);margin-bottom:var(--wp--preset--spacing--default)\"><img loading=\"lazy\" decoding=\"async\" width=\"2000\" height=\"2000\" src=\"https:\/\/www.schoenehaut.de\/wp-content\/uploads\/2026\/03\/Meike_Profilbils_Rund260316.png\" alt=\"\" class=\"wp-image-5625\" style=\"aspect-ratio:1;object-fit:contain;width:auto;height:400px\"\/><\/figure>\n\n\n\n<h2 class=\"wp-block-heading\">H\u00e4ufig gestellte Fragen zu unserer Haut&shy;krebs&shy;vorsorge in Berlin<\/h2>\n\n\n\n<details class=\"wp-block-huishu-agentur-huishu-faq-block\"><summary><span>Wie oft sollte eine Hautkrebsvorsorge erfolgen?<\/span><\/summary><div class=\"faq-details is-layout-flow\">\n<p>In der Regel wird eine j\u00e4hrliche Untersuchung empfohlen. Bei erh\u00f6htem Risiko k\u00f6nnen k\u00fcrzere Intervalle sinnvoll sein.<\/p>\n<\/div><\/details>\n\n\n\n<details class=\"wp-block-huishu-agentur-huishu-faq-block\"><summary><span>Ist die Hautkrebsvorsorge schmerzhaft?<\/span><\/summary><div class=\"faq-details is-layout-flow\">\n<p>Nein. Die Hautkrebsvorsorge ist vollst\u00e4ndig schmerzfrei und nicht invasiv.<\/p>\n<\/div><\/details>\n\n\n\n<details class=\"wp-block-huishu-agentur-huishu-faq-block\"><summary><span>Ersetzt die KI bei der Hautkrebsvorsorge den Hautarzt?<\/span><\/summary><div class=\"faq-details is-layout-flow\">\n<p>Nein. Die KI-Analyse unterst\u00fctzt die \u00e4rztliche Beurteilung, ersetzt diese jedoch nicht. Die Diagnose erfolgt immer durch die Fach\u00e4rztin.<\/p>\n<\/div><\/details>\n\n\n\n<details class=\"wp-block-huishu-agentur-huishu-faq-block\"><summary><span>\u00dcbernimmt die Krankenkasse die Kosten meiner Hautkrebsvorsorge?<\/span><\/summary><div class=\"faq-details is-layout-flow\">\n<p>Die Kosten\u00fcbernahme ist abh\u00e4ngig von Versicherung und Leistungsumfang. Wir beraten Sie hierzu gern individuell.<\/p>\n<\/div><\/details>\n<\/div>\n\n\n\n<div class=\"wp-block-column is-layout-flow wp-block-column-is-layout-flow\">\n<figure class=\"hide-on-mobile wp-block-image size-full is-resized is-style-rounded\"><img loading=\"lazy\" decoding=\"async\" width=\"2000\" height=\"2000\" src=\"https:\/\/www.schoenehaut.de\/wp-content\/uploads\/2026\/03\/Meike_Profilbils_Rund260316.png\" alt=\"\" class=\"wp-image-5625\" style=\"aspect-ratio:1;object-fit:contain;width:auto;height:500px\"\/><\/figure>\n<\/div>\n<\/div>\n\n\n\n<div class=\"wp-block-group alignfull has-white-background-color has-background has-global-padding is-layout-constrained wp-block-group-is-layout-constrained\">\n<div class=\"wp-block-columns is-layout-flex wp-container-core-columns-is-layout-f0342b05 wp-block-columns-is-layout-flex\" style=\"margin-top:0;margin-bottom:0\">\n<div class=\"hide-on-mobile wp-block-column is-layout-flow wp-block-column-is-layout-flow\" style=\"flex-basis:35.9%\">\n<figure class=\"wp-block-image size-full is-resized is-style-left-edge\"><img loading=\"lazy\" decoding=\"async\" width=\"2000\" height=\"1334\" src=\"https:\/\/www.schoenehaut.de\/wp-content\/uploads\/2026\/01\/RL01202_6345.jpg\" alt=\"\" class=\"wp-image-1212\" style=\"width:auto;height:700px\"\/><\/figure>\n<\/div>\n\n\n\n<div class=\"hide-on-mobile wp-block-column is-layout-flow wp-block-column-is-layout-flow\" style=\"flex-basis:5%\"><\/div>\n\n\n\n<div class=\"wp-block-column is-layout-flow wp-block-column-is-layout-flow\" style=\"flex-basis:60%\">\n<div style=\"height:61px\" aria-hidden=\"true\" class=\"wp-block-spacer\"><\/div>\n\n\n\n<h2 class=\"wp-block-heading is-style-h2\">Jetzt Termin zur Haut&shy;krebs&shy;vorsorge in Berlin vereinbaren<\/h2>\n\n\n\n<p>Eine regelm\u00e4\u00dfige Hautkrebsvorsorge gibt Sicherheit \u2013 und kann entscheidend sein.<br>Vereinbaren Sie gerne Ihren Termin in unserer Praxis f\u00fcr Dermatologie in Berlin.<\/p>\n\n\n\n<div class=\"wp-block-buttons is-layout-flex wp-block-buttons-is-layout-flex\">\n<div class=\"wp-block-button is-style-fill\"><a class=\"wp-block-button__link wp-element-button\" href=\"https:\/\/www.schoenehaut.de\/kontakt\/\">Jetzt Termin vereinbaren<\/a><\/div>\n<\/div>\n\n\n\n<div style=\"height:61px\" aria-hidden=\"true\" class=\"wp-block-spacer\"><\/div>\n<\/div>\n<\/div>\n<\/div>\n\n\n\n<div class=\"wp-block-columns is-layout-flex wp-container-core-columns-is-layout-28f84493 wp-block-columns-is-layout-flex\">\n<div class=\"wp-block-column is-layout-flow wp-block-column-is-layout-flow\">\n<h2 class=\"wp-block-heading\">Weitere Behandlungen<\/h2>\n\n\n\n<div class=\"wp-block-group has-global-padding is-layout-constrained wp-block-group-is-layout-constrained\"><div class=\"schoenehaut-behandlungs-grid wp-block-schoenehaut-behandlungs-kacheln\"><a href=\"https:\/\/www.schoenehaut.de\/en\/dermatologie\/hautkrebs-und-vorstufen\/\" class=\"behandlungs-tile\" aria-label=\"Hautkrebs\">\n                <img decoding=\"async\" src=\"https:\/\/www.schoenehaut.de\/wp-content\/uploads\/2026\/03\/istockphoto-494257546-1024x1024-1.jpg\" alt=\"\" class=\"tile-image\" aria-hidden=\"true\">\n                <span class=\"tile-title\">Hautkrebs<\/span>\n            <\/a><a href=\"https:\/\/www.schoenehaut.de\/en\/dermatologie\/ambulante-operationen\/\" class=\"behandlungs-tile\" aria-label=\"Ambulante Operationen\">\n                <img decoding=\"async\" src=\"https:\/\/www.schoenehaut.de\/wp-content\/uploads\/2026\/03\/istockphoto-1460731504-1024x1024-1.jpg\" alt=\"\" class=\"tile-image\" aria-hidden=\"true\">\n                <span class=\"tile-title\">Ambulante Operationen<\/span>\n            <\/a><a href=\"https:\/\/www.schoenehaut.de\/en\/dermatologie\/photodynamische-therapie\/\" class=\"behandlungs-tile\" aria-label=\"Photodynamische Therapie\">\n                <img decoding=\"async\" src=\"https:\/\/www.schoenehaut.de\/wp-content\/uploads\/2026\/03\/AdobeStock_665106966_Preview.jpeg\" alt=\"\" class=\"tile-image\" aria-hidden=\"true\">\n                <span class=\"tile-title\">Photodynamische Therapie<\/span>\n            <\/a><\/div><\/div>\n<\/div>\n<\/div>\n","protected":false},"excerpt":{"rendered":"<p>Hautkrebsvorsorge in Berlin Moderne Vorsorge. Langj\u00e4hrige Erfahrung. Medizinische Sicherheit. Die Haut ist unser gr\u00f6\u00dftes Organ \u2013 und zugleich eines der empfindlichsten. \u00dcber Jahre hinweg ist sie UV-Strahlung, Umweltfaktoren und Alterungsprozessen ausgesetzt. Viele Hautver\u00e4nderungen entstehen schleichend und bleiben lange unbemerkt. Eine regelm\u00e4\u00dfige fach\u00e4rztliche Hautkrebsvorsorge ist daher ein zentraler Bestandteil moderner Gesundheitspr\u00e4vention. Hautkrebs z\u00e4hlt heute zu den [&hellip;]<\/p>\n","protected":false},"author":1,"featured_media":0,"parent":789,"menu_order":3,"comment_status":"closed","ping_status":"closed","template":"","meta":{"footnotes":""},"class_list":["post-795","page","type-page","status-publish","hentry"],"_links":{"self":[{"href":"https:\/\/www.schoenehaut.de\/en\/wp-json\/wp\/v2\/pages\/795","targetHints":{"allow":["GET"]}}],"collection":[{"href":"https:\/\/www.schoenehaut.de\/en\/wp-json\/wp\/v2\/pages"}],"about":[{"href":"https:\/\/www.schoenehaut.de\/en\/wp-json\/wp\/v2\/types\/page"}],"author":[{"embeddable":true,"href":"https:\/\/www.schoenehaut.de\/en\/wp-json\/wp\/v2\/users\/1"}],"replies":[{"embeddable":true,"href":"https:\/\/www.schoenehaut.de\/en\/wp-json\/wp\/v2\/comments?post=795"}],"version-history":[{"count":31,"href":"https:\/\/www.schoenehaut.de\/en\/wp-json\/wp\/v2\/pages\/795\/revisions"}],"predecessor-version":[{"id":5900,"href":"https:\/\/www.schoenehaut.de\/en\/wp-json\/wp\/v2\/pages\/795\/revisions\/5900"}],"up":[{"embeddable":true,"href":"https:\/\/www.schoenehaut.de\/en\/wp-json\/wp\/v2\/pages\/789"}],"wp:attachment":[{"href":"https:\/\/www.schoenehaut.de\/en\/wp-json\/wp\/v2\/media?parent=795"}],"curies":[{"name":"wp","href":"https:\/\/api.w.org\/{rel}","templated":true}]}}