{"id":797,"date":"2026-01-29T12:06:34","date_gmt":"2026-01-29T11:06:34","guid":{"rendered":"https:\/\/www.schoenehaut.de\/?page_id=797"},"modified":"2026-03-25T08:46:05","modified_gmt":"2026-03-25T07:46:05","slug":"ambulante-operationen","status":"publish","type":"page","link":"https:\/\/www.schoenehaut.de\/en\/dermatologie\/ambulante-operationen\/","title":{"rendered":"Ambulante Operationen"},"content":{"rendered":"\n<div style=\"height:213px\" aria-hidden=\"true\" class=\"hide-on-mobile wp-block-spacer\"><\/div>\n\n\n\n<div style=\"height:100px\" aria-hidden=\"true\" class=\"hide-on-desktop wp-block-spacer\"><\/div>\n\n\n\n<div class=\"wp-block-columns is-style-big-gap is-layout-flex wp-container-core-columns-is-layout-28f84493 wp-block-columns-is-layout-flex\">\n<div class=\"wp-block-column is-layout-flow wp-block-column-is-layout-flow\"><div class=\"splide has-pagination-center is-style-portrait-contained wp-block-huishu-block-hu-splide-slider\" aria-labelledby=\"\" data-splide=\"{&quot;type&quot;:&quot;fade&quot;,&quot;perPage&quot;:1,&quot;arrows&quot;:true,&quot;autoplay&quot;:true,&quot;speed&quot;:1500,&quot;interval&quot;:4000,&quot;pagination&quot;:true,&quot;rewind&quot;:&quot;true&quot;}\">\n    <div class=\"splide__track\">\n        <ul class=\"splide__list\">\n\n<li class=\"wp-block-huishu-block-splide-slide splide__slide\">\n<figure class=\"wp-block-image size-full is-resized is-style-rounded\"><img loading=\"lazy\" decoding=\"async\" width=\"2000\" height=\"1333\" src=\"https:\/\/www.schoenehaut.de\/wp-content\/uploads\/2026\/03\/istockphoto-494257546-1024x1024-1.jpg\" alt=\"\" class=\"wp-image-4299\" style=\"aspect-ratio:2\/1;object-fit:cover;width:auto;height:896px\"\/><\/figure>\n<\/li>\n\n\n\n<li class=\"wp-block-huishu-block-splide-slide splide__slide\">\n<figure class=\"wp-block-image size-full is-resized is-style-rounded\"><img decoding=\"async\" src=\"https:\/\/www.schoenehaut.de\/wp-content\/uploads\/2026\/03\/istockphoto-2060306243-1024x1024-1.jpg\" alt=\"\" class=\"wp-image-4302\" style=\"aspect-ratio:2\/1;object-fit:cover;width:auto;height:896px\"\/><\/figure>\n<\/li>\n\n<\/ul>    <\/div>\n            <div class=\"splide__arrows \"><button class=\"splide__arrow splide__arrow--prev\">\n\t\t\t<i class=\"icon-chevron-left-slider\" aria-label=\"Zum vorherigen Slide\"><\/i>\n\t\t<\/button>\n\t\t<button class=\"splide__arrow splide__arrow--next\">\n\t\t\t<i class=\"icon-chevron-right-slider\" aria-label=\"Zum n\u00e4chsten Slide\"><\/i>\n\t\t<\/button><\/div>\n        <\/div><\/div>\n\n\n\n<div class=\"wp-block-column is-layout-flow wp-block-column-is-layout-flow\">\n<h4 class=\"wp-block-heading is-style-default has-large-font-size\">Ambulante Opera&shy;tionen<\/h4>\n\n\n\n<h2 class=\"wp-block-heading\" style=\"margin-top:var(--wp--preset--spacing--subtitle)\">Ihre derma&shy;\u00adtolo\u00adgische Fachpraxis in Berlin<\/h2>\n\n\n\n<p>Die Dermatochirurgie stellt einen wichtigen Schwerpunkt unserer Praxis dar. Mit viel Erfahrung, Feingef\u00fchl und modernster Technik entfernen wir st\u00f6rende sowie b\u00f6sartige Hautver\u00e4nderungen. Dabei legen wir stets gro\u00dfen Wert auf ein funktionell und \u00e4sthetisch optimales Ergebnis. In vielen F\u00e4llen kommt die mikroskopisch kontrollierte Chirurgie zum Einsatz.<\/p>\n\n\n\n<details class=\"wp-block-huishu-agentur-huishu-faq-block\"><summary><span>Wo und wie erfolgt die ambulante Operation?<\/span><\/summary><div class=\"faq-details is-layout-flow\">\n<p>Die operativen Eingriffe werden in unserer Praxis in der Regel ambulant und unter \u00f6rtlicher Bet\u00e4ubung durchgef\u00fchrt. Wir arbeiten dabei mit bew\u00e4hrten chirurgischen und lasermedizinischen Verfahren, die ein besonders schonendes Vorgehen erm\u00f6glichen.\u2028\u2028<br><br>Entnommenes Gewebe wird meist histologisch untersucht, um eine m\u00f6gliche B\u00f6sartigkeit sicher auszuschlie\u00dfen. Besteht der Verdacht auf eine b\u00f6sartige Hautver\u00e4nderung, erfolgen sogenannte Schnittrandkontrollen. So kann gew\u00e4hrleistet werden, dass das betroffene Gewebe vollst\u00e4ndig entfernt wurde. Dieses Verfahren bezeichnet man als mikrographisch kontrollierte Chirurgie.<\/p>\n<\/div><\/details>\n\n\n\n<div class=\"wp-block-buttons is-layout-flex wp-block-buttons-is-layout-flex\">\n<div class=\"wp-block-button is-style-fill\"><a class=\"wp-block-button__link wp-element-button\" href=\"https:\/\/www.schoenehaut.de\/kontakt#kontakt\">Jetzt Termin buchen<\/a><\/div>\n<\/div>\n<\/div>\n<\/div>\n\n\n\n<div class=\"wp-block-group alignfull has-white-background-color has-background has-global-padding is-layout-constrained wp-block-group-is-layout-constrained\">\n<div class=\"wp-block-columns is-layout-flex wp-container-core-columns-is-layout-f0342b05 wp-block-columns-is-layout-flex\" style=\"margin-top:0;margin-bottom:0\">\n<div class=\"wp-block-column is-layout-flow wp-block-column-is-layout-flow\" style=\"flex-basis:60%\">\n<div style=\"height:61px\" aria-hidden=\"true\" class=\"wp-block-spacer\"><\/div>\n\n\n\n<h2 class=\"wp-block-heading is-style-h2\">H\u00e4ufige ambulante Ope&shy;rationen in unserer Praxis in Berlin<\/h2>\n\n\n\n<ul class=\"wp-block-list\">\n<li>Entfernung von Hautkrebs und Hautkrebsvorstufen (Basaliom, Spinaliom, Melanom)<\/li>\n\n\n\n<li>Entfernung gut- und b\u00f6sartiger Hautver\u00e4nderungen wie\u2028<a href=\"https:\/\/www.schoenehaut.de\/hautbeduerfnis\/haut-gesicht\/stoerende-muttermale-hautveraenderungen\/\" data-type=\"page\" data-id=\"701\">Muttermale,<\/a> Alterswarzen, Lipome (Fettgeschwulste) und Atherome (Gr\u00fctzbeutel)<\/li>\n\n\n\n<li>Oberlidstraffung<\/li>\n\n\n\n<li>Entfernung von <a href=\"https:\/\/www.schoenehaut.de\/hautbeduerfnis\/haut-gesicht\/pigmentflecken-melasma\/\" data-type=\"page\" data-id=\"687\">Pigmentflecken<\/a> (z. B. Leber- und Altersflecken)<\/li>\n\n\n\n<li>Ohrl\u00e4ppchenrekonstruktion<\/li>\n\n\n\n<li>Narbenkorrekturen<\/li>\n\n\n\n<li>Entfernung von Xanthelasmen (gelbliche Fettablagerungen im Augenbereich)<\/li>\n<\/ul>\n\n\n\n<div style=\"height:61px\" aria-hidden=\"true\" class=\"wp-block-spacer\"><\/div>\n<\/div>\n\n\n\n<div class=\"hide-on-mobile wp-block-column is-layout-flow wp-block-column-is-layout-flow\" style=\"flex-basis:5%\"><\/div>\n\n\n\n<div class=\"hide-on-mobile wp-block-column is-layout-flow wp-block-column-is-layout-flow\" style=\"flex-basis:35.9%\">\n<figure class=\"wp-block-image size-full is-resized is-style-right-edge\"><img loading=\"lazy\" decoding=\"async\" width=\"2000\" height=\"1333\" src=\"https:\/\/www.schoenehaut.de\/wp-content\/uploads\/2026\/03\/istockphoto-1460731504-1024x1024-1.jpg\" alt=\"\" class=\"wp-image-4301\" style=\"width:auto;height:730px\"\/><\/figure>\n<\/div>\n<\/div>\n<\/div>\n\n\n\n<div class=\"wp-block-columns is-style-medium-gap is-layout-flex wp-container-core-columns-is-layout-28f84493 wp-block-columns-is-layout-flex\">\n<div class=\"wp-block-column is-layout-flow wp-block-column-is-layout-flow\">\n<figure class=\"wp-block-image size-full is-style-rounded\"><img loading=\"lazy\" decoding=\"async\" width=\"2000\" height=\"1329\" src=\"https:\/\/www.schoenehaut.de\/wp-content\/uploads\/2026\/03\/istockphoto-1159780609-1024x1024-1.jpg\" alt=\"\" class=\"wp-image-4300\"\/><\/figure>\n<\/div>\n\n\n\n<div class=\"wp-block-column is-layout-flow wp-block-column-is-layout-flow\">\n<h2 class=\"wp-block-heading\">Was ist, wenn ich Angst vor dem Eingriff habe?<\/h2>\n\n\n\n<p>Eine ausf\u00fchrliche Aufkl\u00e4rung sowie ein einf\u00fchlsamer Umgang \u2013 auch mit \u00e4ngstlichen Patientinnen und Patienten \u2013 sind f\u00fcr uns selbstverst\u00e4ndlich. Auf Wunsch k\u00f6nnen selbstaufl\u00f6sende F\u00e4den verwendet werden, sodass ein sp\u00e4terer Fadenzug entf\u00e4llt. Bei Bedarf k\u00f6nnen zudem beruhigende Medikamente vor dem Eingriff gegeben werden. <br><br>Bitte sprechen Sie uns hierzu offen im Aufkl\u00e4rungsgespr\u00e4ch an.<\/p>\n\n\n\n<p class=\"has-large-font-size\">Wie bereite ich mich auf die ambulante Operation vor?&nbsp;<\/p>\n\n\n\n<p>Im Rahmen eines Sprechstundentermins wird die Indikation zur Operation gestellt und ein Operationstermin festgelegt. Sie erhalten eine ausf\u00fchrliche Aufkl\u00e4rung sowie einen Aufkl\u00e4rungsbogen, den Sie bitte sorgf\u00e4ltig lesen, unterschreiben und zum OP-Termin mitbringen.<br><br>Bitte informieren Sie uns unbedingt dar\u00fcber, ob Sie blutverd\u00fcnnende Medikamente einnehmen. Am Tag der Operation k\u00f6nnen Sie normal fr\u00fchst\u00fccken und gut ausgeruht in die Praxis kommen.<\/p>\n<\/div>\n<\/div>\n\n\n\n<div class=\"wp-block-group alignfull has-white-background-color has-background has-global-padding is-layout-constrained wp-block-group-is-layout-constrained\">\n<div class=\"wp-block-columns is-layout-flex wp-container-core-columns-is-layout-f0342b05 wp-block-columns-is-layout-flex\" style=\"margin-top:0;margin-bottom:0\">\n<div class=\"wp-block-column is-layout-flow wp-block-column-is-layout-flow\" style=\"flex-basis:60%\">\n<div style=\"height:61px\" aria-hidden=\"true\" class=\"wp-block-spacer\"><\/div>\n\n\n\n<figure class=\"hide-on-desktop wp-block-image size-full is-resized is-style-default\" style=\"margin-bottom:0\"><img loading=\"lazy\" decoding=\"async\" width=\"2000\" height=\"2000\" src=\"https:\/\/www.schoenehaut.de\/wp-content\/uploads\/2026\/03\/Laser-rund.png\" alt=\"\" class=\"wp-image-5804\" style=\"aspect-ratio:1;object-fit:contain;width:auto;height:400px\"\/><\/figure>\n\n\n\n<h2 class=\"wp-block-heading is-style-h2\">H\u00e4ufig gestellte Fragen zu ambu&shy;lanten Ope&shy;rationen in unserer Praxis in Berlin<\/h2>\n\n\n\n<details class=\"wp-block-huishu-agentur-huishu-faq-block\"><summary><span>Wie erfolgt der Eingriff?<\/span><\/summary><div class=\"faq-details is-layout-flow\">\n<p>Der Eingriff erfolgt in \u00f6rtlicher Bet\u00e4ubung. Durch eine Injektion mit feiner Kan\u00fcle eines Lokalan\u00e4sthetikums wird das zu behandelnde Areal bet\u00e4ubt. Die Bet\u00e4ubung l\u00e4sst nach einigen Stunden nach. Postoperative Schmerzen sind meist gering oder nicht vorhanden. Nur selten ist die Einnahme eines leichten Schmerzmittels erforderlich (kein Aspirin, ggf. Paracetamol oder Ibuprofen).<\/p>\n<\/div><\/details>\n\n\n\n<details class=\"wp-block-huishu-agentur-huishu-faq-block\"><summary><span>Was ist nach dem Eingriff zu beachten?<\/span><\/summary><div class=\"faq-details is-layout-flow\">\n<p>In der Regel k\u00f6nnen Sie direkt im Anschluss nach Hause gehen oder \u2013 abh\u00e4ngig vom Eingriff \u2013 auch Ihrer Arbeit nachgehen. Das operierte Hautareal sollte jedoch vor mechanischer Belastung und N\u00e4sse gesch\u00fctzt werden, um eine optimale Wundheilung zu gew\u00e4hrleisten. Auf sportliche Aktivit\u00e4ten, Sauna- und Schwimmbadbesuche sollte zun\u00e4chst verzichtet werden.\u2028<br><br>Wurden Beruhigungsmittel verabreicht, ist eine Begleitperson f\u00fcr den Heimweg erforderlich.<\/p>\n<\/div><\/details>\n\n\n\n<details class=\"wp-block-huishu-agentur-huishu-faq-block\"><summary><span>Wann m\u00fcssen die F\u00e4den gezogen werden?<\/span><\/summary><div class=\"faq-details is-layout-flow\">\n<p>Der Wundverschluss erfolgt mit modernen plastisch-chirurgischen Nahttechniken. H\u00e4ufig verwenden wir resorbierbares (selbstaufl\u00f6sendes) Nahtmaterial, das in der Haut verbleibt und sich innerhalb von Wochen bis Monaten aufl\u00f6st. In dieser Zeit kann eine leichte Verh\u00e4rtung unter der Narbe tastbar sein.<br><br>Zus\u00e4tzlich wird die Hautoberfl\u00e4che meist mit Klammerpflastern oder einem Pflasterverband versorgt. In bestimmten F\u00e4llen sind sichtbare Hautn\u00e4hte notwendig, die \u2013 je nach Lokalisation \u2013 zwischen dem 6. und 14. postoperativen Tag entfernt werden.<\/p>\n<\/div><\/details>\n\n\n\n<div style=\"height:61px\" aria-hidden=\"true\" class=\"wp-block-spacer\"><\/div>\n<\/div>\n\n\n\n<div class=\"hide-on-mobile wp-block-column is-layout-flow wp-block-column-is-layout-flow\" style=\"flex-basis:5%\"><\/div>\n\n\n\n<div class=\"hide-on-mobile wp-block-column is-layout-flow wp-block-column-is-layout-flow\" style=\"flex-basis:35.9%\">\n<figure class=\"wp-block-image size-full is-resized is-style-right-edge\"><img loading=\"lazy\" decoding=\"async\" width=\"1334\" height=\"2000\" src=\"https:\/\/www.schoenehaut.de\/wp-content\/uploads\/2026\/01\/RL01202_7243.jpg\" alt=\"\" class=\"wp-image-908\" style=\"width:auto;height:630px\"\/><\/figure>\n<\/div>\n<\/div>\n<\/div>\n\n\n\n<div class=\"wp-block-columns is-layout-flex wp-container-core-columns-is-layout-28f84493 wp-block-columns-is-layout-flex\">\n<div class=\"wp-block-column is-layout-flow wp-block-column-is-layout-flow\">\n<h2 class=\"wp-block-heading\">Weitere Behandlungen<\/h2>\n\n\n\n<div class=\"wp-block-group has-global-padding is-layout-constrained wp-block-group-is-layout-constrained\"><div class=\"schoenehaut-behandlungs-grid wp-block-schoenehaut-behandlungs-kacheln\"><a href=\"https:\/\/www.schoenehaut.de\/en\/aesthetik\/operative-oberlidstraffung\/\" class=\"behandlungs-tile\" aria-label=\"Operative Oberlidstraffung\">\n                <img decoding=\"async\" src=\"https:\/\/www.schoenehaut.de\/wp-content\/uploads\/2026\/02\/AdobeStock_1304684669_Preview.jpeg\" alt=\"\" class=\"tile-image\" aria-hidden=\"true\">\n                <span class=\"tile-title\">Operative Oberlidstraffung<\/span>\n            <\/a><a href=\"https:\/\/www.schoenehaut.de\/en\/dermatologie\/hautkrebs-und-vorstufen\/\" class=\"behandlungs-tile\" aria-label=\"Hautkrebs\">\n                <img decoding=\"async\" src=\"https:\/\/www.schoenehaut.de\/wp-content\/uploads\/2026\/03\/istockphoto-494257546-1024x1024-1.jpg\" alt=\"\" class=\"tile-image\" aria-hidden=\"true\">\n                <span class=\"tile-title\">Hautkrebs<\/span>\n            <\/a><a href=\"https:\/\/www.schoenehaut.de\/en\/laser\/gutartige-hautveraenderungen\/\" class=\"behandlungs-tile\" aria-label=\"Gutartige Hautver\u00e4nderungen\">\n                <img decoding=\"async\" src=\"https:\/\/www.schoenehaut.de\/wp-content\/uploads\/2026\/02\/istockphoto-165831917-2048x2048-1.jpg\" alt=\"\" class=\"tile-image\" aria-hidden=\"true\">\n                <span class=\"tile-title\">Gutartige Hautver\u00e4nderungen<\/span>\n            <\/a><\/div><\/div>\n<\/div>\n<\/div>\n","protected":false},"excerpt":{"rendered":"<p>Ambulante Operationen Ihre derma\u00adtolo\u00adgische Fachpraxis in Berlin Die Dermatochirurgie stellt einen wichtigen Schwerpunkt unserer Praxis dar. Mit viel Erfahrung, Feingef\u00fchl und modernster Technik entfernen wir st\u00f6rende sowie b\u00f6sartige Hautver\u00e4nderungen. Dabei legen wir stets gro\u00dfen Wert auf ein funktionell und \u00e4sthetisch optimales Ergebnis. In vielen F\u00e4llen kommt die mikroskopisch kontrollierte Chirurgie zum Einsatz. H\u00e4ufige ambulante Operationen [&hellip;]<\/p>\n","protected":false},"author":1,"featured_media":0,"parent":789,"menu_order":4,"comment_status":"closed","ping_status":"closed","template":"","meta":{"footnotes":""},"class_list":["post-797","page","type-page","status-publish","hentry"],"_links":{"self":[{"href":"https:\/\/www.schoenehaut.de\/en\/wp-json\/wp\/v2\/pages\/797","targetHints":{"allow":["GET"]}}],"collection":[{"href":"https:\/\/www.schoenehaut.de\/en\/wp-json\/wp\/v2\/pages"}],"about":[{"href":"https:\/\/www.schoenehaut.de\/en\/wp-json\/wp\/v2\/types\/page"}],"author":[{"embeddable":true,"href":"https:\/\/www.schoenehaut.de\/en\/wp-json\/wp\/v2\/users\/1"}],"replies":[{"embeddable":true,"href":"https:\/\/www.schoenehaut.de\/en\/wp-json\/wp\/v2\/comments?post=797"}],"version-history":[{"count":40,"href":"https:\/\/www.schoenehaut.de\/en\/wp-json\/wp\/v2\/pages\/797\/revisions"}],"predecessor-version":[{"id":5805,"href":"https:\/\/www.schoenehaut.de\/en\/wp-json\/wp\/v2\/pages\/797\/revisions\/5805"}],"up":[{"embeddable":true,"href":"https:\/\/www.schoenehaut.de\/en\/wp-json\/wp\/v2\/pages\/789"}],"wp:attachment":[{"href":"https:\/\/www.schoenehaut.de\/en\/wp-json\/wp\/v2\/media?parent=797"}],"curies":[{"name":"wp","href":"https:\/\/api.w.org\/{rel}","templated":true}]}}