{"id":799,"date":"2026-01-29T12:06:54","date_gmt":"2026-01-29T11:06:54","guid":{"rendered":"https:\/\/www.schoenehaut.de\/?page_id=799"},"modified":"2026-03-25T08:47:52","modified_gmt":"2026-03-25T07:47:52","slug":"photodynamische-therapie","status":"publish","type":"page","link":"https:\/\/www.schoenehaut.de\/en\/dermatologie\/photodynamische-therapie\/","title":{"rendered":"Photodynamische Therapie"},"content":{"rendered":"\n<div style=\"height:213px\" aria-hidden=\"true\" class=\"hide-on-mobile wp-block-spacer\"><\/div>\n\n\n\n<div style=\"height:100px\" aria-hidden=\"true\" class=\"hide-on-desktop wp-block-spacer\"><\/div>\n\n\n\n<div class=\"wp-block-columns is-style-big-gap is-layout-flex wp-container-core-columns-is-layout-28f84493 wp-block-columns-is-layout-flex\">\n<div class=\"wp-block-column is-layout-flow wp-block-column-is-layout-flow\"><div class=\"splide has-pagination-center is-style-portrait-contained wp-block-huishu-block-hu-splide-slider\" aria-labelledby=\"\" data-splide=\"{&quot;type&quot;:&quot;fade&quot;,&quot;perPage&quot;:1,&quot;arrows&quot;:true,&quot;autoplay&quot;:true,&quot;speed&quot;:1350,&quot;interval&quot;:4000,&quot;pagination&quot;:true,&quot;rewind&quot;:&quot;true&quot;}\">\n    <div class=\"splide__track\">\n        <ul class=\"splide__list\">\n\n<li class=\"wp-block-huishu-block-splide-slide splide__slide\">\n<figure class=\"wp-block-image size-full is-resized is-style-rounded\"><img loading=\"lazy\" decoding=\"async\" width=\"2000\" height=\"1000\" src=\"https:\/\/www.schoenehaut.de\/wp-content\/uploads\/2026\/03\/AdobeStock_665106966_Preview.jpeg\" alt=\"\" class=\"wp-image-5107\" style=\"aspect-ratio:2\/1;object-fit:cover;width:auto;height:896px\"\/><\/figure>\n<\/li>\n\n\n\n<li class=\"wp-block-huishu-block-splide-slide splide__slide\">\n<figure class=\"wp-block-image size-full is-resized is-style-rounded\"><img loading=\"lazy\" decoding=\"async\" width=\"2000\" height=\"1121\" src=\"https:\/\/www.schoenehaut.de\/wp-content\/uploads\/2026\/02\/AdobeStock_1628764124_Preview.jpeg\" alt=\"\" class=\"wp-image-2460\" style=\"aspect-ratio:2\/1;object-fit:cover;width:auto;height:896px\"\/><\/figure>\n<\/li>\n\n<\/ul>    <\/div>\n            <div class=\"splide__arrows \"><button class=\"splide__arrow splide__arrow--prev\">\n\t\t\t<i class=\"icon-chevron-left-slider\" aria-label=\"Zum vorherigen Slide\"><\/i>\n\t\t<\/button>\n\t\t<button class=\"splide__arrow splide__arrow--next\">\n\t\t\t<i class=\"icon-chevron-right-slider\" aria-label=\"Zum n\u00e4chsten Slide\"><\/i>\n\t\t<\/button><\/div>\n        <\/div><\/div>\n\n\n\n<div class=\"wp-block-column is-layout-flow wp-block-column-is-layout-flow\">\n<h4 class=\"wp-block-heading has-large-font-size\">Photodynamische Therapie (PDT): <\/h4>\n\n\n\n<h2 class=\"wp-block-heading\" style=\"margin-top:var(--wp--preset--spacing--subtitle)\">Nach&shy;haltige Be&shy;hand&shy;lung von Haut&shy;krebs&shy;vorstufen<\/h2>\n\n\n\n<p>Die photodynamische Therapie (PDT) ist ein modernes, schonendes Verfahren zur Behandlung von Vorstufen des wei\u00dfen Hautkrebses, wie aktinischen Keratosen, sowie bestimmter Formen des wei\u00dfen Hautkrebses, insbesondere oberfl\u00e4chlicher Basalzellkarzinome (Basaliome).<\/p>\n\n\n\n<p>Wir f\u00fchren die PDT grunds\u00e4tzlich laserassistiert durch. Ziel ist eine besonders effektive Behandlung bei gleichzeitig sehr guten \u00e4sthetischen Ergebnissen.<\/p>\n\n\n\n<div class=\"wp-block-buttons is-layout-flex wp-block-buttons-is-layout-flex\">\n<div class=\"wp-block-button is-style-fill\"><a class=\"wp-block-button__link wp-element-button\" href=\"https:\/\/www.schoenehaut.de\/kontakt#kontakt\">Jetzt Termin buchen<\/a><\/div>\n<\/div>\n<\/div>\n<\/div>\n\n\n\n<div class=\"wp-block-group alignfull has-white-background-color has-background has-global-padding is-layout-constrained wp-block-group-is-layout-constrained\">\n<div class=\"wp-block-columns is-layout-flex wp-container-core-columns-is-layout-f0342b05 wp-block-columns-is-layout-flex\" style=\"margin-top:0;margin-bottom:0\">\n<div class=\"wp-block-column is-layout-flow wp-block-column-is-layout-flow\" style=\"flex-basis:60%\">\n<div style=\"height:61px\" aria-hidden=\"true\" class=\"wp-block-spacer\"><\/div>\n\n\n\n<h2 class=\"wp-block-heading is-style-h2\">Was ist die laser&shy;assistierte photo&shy;dynamische Therapie (PDT)?<\/h2>\n\n\n\n<p>Bei der laserassistierten PDT wird die Haut vor der eigentlichen Behandlung gezielt vorbereitet. Mithilfe eines Lasers werden mikroskopisch feine Mikrokan\u00e4le in den oberen Hautschichten erzeugt. Diese erm\u00f6glichen es dem Wirkstoff, tiefer und gleichm\u00e4\u00dfiger in die krankhaft ver\u00e4nderten Hautzellen einzudringen.<br><br>Anschlie\u00dfend wird eine spezielle Creme mit einem Photosensibilisator aufgetragen, die sich gezielt in den betroffenen Zellen anreichert. Nach einer Einwirkzeit von etwa 3\u20134 Stunden erfolgt die Aktivierung durch eine spezielle Lichtquelle.<br><br>Die behandelten Hautareale heilen in der Regel innerhalb weniger Wochen narbenfrei ab. H\u00e4ufig sind ein bis zwei Sitzungen notwendig, um ein optimales Ergebnis zu erzielen.<\/p>\n\n\n\n<div style=\"height:61px\" aria-hidden=\"true\" class=\"wp-block-spacer\"><\/div>\n<\/div>\n\n\n\n<div class=\"hide-on-mobile wp-block-column is-layout-flow wp-block-column-is-layout-flow\" style=\"flex-basis:5%\"><\/div>\n\n\n\n<div class=\"hide-on-mobile wp-block-column is-layout-flow wp-block-column-is-layout-flow\" style=\"flex-basis:35.9%\">\n<figure class=\"wp-block-image size-full is-resized is-style-right-edge\"><img loading=\"lazy\" decoding=\"async\" width=\"2000\" height=\"1055\" src=\"https:\/\/www.schoenehaut.de\/wp-content\/uploads\/2026\/03\/istockphoto-2207946977-1024x1024-1.jpg\" alt=\"\" class=\"wp-image-4293\" style=\"width:auto;height:750px\"\/><\/figure>\n<\/div>\n<\/div>\n<\/div>\n\n\n\n<div class=\"wp-block-columns is-style-medium-gap is-layout-flex wp-container-core-columns-is-layout-28f84493 wp-block-columns-is-layout-flex\">\n<div class=\"wp-block-column is-layout-flow wp-block-column-is-layout-flow\">\n<figure class=\"wp-block-image size-full is-style-rounded\"><img loading=\"lazy\" decoding=\"async\" width=\"1508\" height=\"1121\" src=\"https:\/\/www.schoenehaut.de\/wp-content\/uploads\/2026\/03\/AdobeStock_807796786_Preview.jpeg\" alt=\"\" class=\"wp-image-5103\" style=\"aspect-ratio:1;object-fit:cover\"\/><\/figure>\n<\/div>\n\n\n\n<div class=\"wp-block-column is-layout-flow wp-block-column-is-layout-flow\">\n<h2 class=\"wp-block-heading\">Welche Haut&shy;ver\u00e4nder&shy;ungen lassen sich mit der PDT behandeln?<\/h2>\n\n\n\n<p>Die Wirksamkeit der photodynamischen Therapie ist wissenschaftlich gut belegt bei:<\/p>\n\n\n\n<figure class=\"wp-block-table is-style-details\"><table class=\"has-fixed-layout\"><tbody><tr><td>Aktinischen Keratosen:<\/td><td>Fr\u00fchformen\/Vorstufen des wei\u00dfen Hautkrebses, die durch chronische UV-Belastung entstehen. Typische Stellen sind Gesicht, Kopfhaut, Dekollet\u00e9 und Handr\u00fccken.<\/td><\/tr><tr><td>Oberfl\u00e4chliche Basalzellkarzinomen (Basaliomen):<\/td><td>Die h\u00e4ufigste Form des wei\u00dfen Hautkrebses. Basalzellkarzinome wachsen lokal zerst\u00f6rend, bilden jedoch keine Metastasen und sollten fr\u00fchzeitig behandelt werden.<\/td><\/tr><\/tbody><\/table><\/figure>\n<\/div>\n<\/div>\n\n\n\n<div class=\"wp-block-columns is-style-medium-gap is-layout-flex wp-container-core-columns-is-layout-28f84493 wp-block-columns-is-layout-flex\">\n<div class=\"wp-block-column is-layout-flow wp-block-column-is-layout-flow\">\n<h2 class=\"wp-block-heading\">nach&shy;haltige Behand&shy;lung von Hautkrebsvorstufen<\/h2>\n\n\n\n<ul class=\"wp-block-list\">\n<li>Moderne, nicht operative Behandlung von wei\u00dfem Hautkrebs<\/li>\n\n\n\n<li>Laserassistierte Wirkstoffpenetration durch Mikrokan\u00e4le<\/li>\n\n\n\n<li>Sehr gute kosmetische Ergebnisse<\/li>\n\n\n\n<li>Erfassung auch klinisch nicht sichtbarer Hautver\u00e4nderungen<\/li>\n\n\n\n<li>In der Regel narbenfreie Abheilung<\/li>\n<\/ul>\n<\/div>\n\n\n\n<div class=\"wp-block-column is-layout-flow wp-block-column-is-layout-flow\">\n<figure class=\"wp-block-image size-full is-style-rounded\"><img loading=\"lazy\" decoding=\"async\" width=\"2000\" height=\"1125\" src=\"https:\/\/www.schoenehaut.de\/wp-content\/uploads\/2026\/01\/Querformat-10.jpg\" alt=\"\" class=\"wp-image-881\"\/><\/figure>\n<\/div>\n<\/div>\n\n\n\n<div class=\"hide-on-mobile wp-block-cover alignfull\" style=\"min-height:600px;aspect-ratio:unset;\"><img loading=\"lazy\" decoding=\"async\" width=\"2000\" height=\"1125\" class=\"wp-block-cover__image-background wp-image-2416 size-full\" alt=\"\" src=\"https:\/\/www.schoenehaut.de\/wp-content\/uploads\/2026\/02\/AdobeStock_363965268_Preview.jpeg\" data-object-fit=\"cover\"\/><span aria-hidden=\"true\" class=\"wp-block-cover__background has-black-background-color has-background-dim-40 has-background-dim\"><\/span><div class=\"wp-block-cover__inner-container has-global-padding is-layout-constrained wp-block-cover-is-layout-constrained\">\n<div class=\"wp-block-columns is-layout-flex wp-container-core-columns-is-layout-28f84493 wp-block-columns-is-layout-flex\">\n<div class=\"hide-on-mobile wp-block-column is-layout-flow wp-block-column-is-layout-flow\"><\/div>\n\n\n\n<div class=\"wp-block-column is-layout-flow wp-block-column-is-layout-flow\">\n<h2 class=\"wp-block-heading has-white-color has-text-color has-link-color wp-elements-e18aa0dd7848f4e74602aafd9e02102a\">Was ist die Daylight-PDT?<\/h2>\n\n\n\n<p class=\"has-white-color has-text-color has-link-color wp-elements-e1a7c59e6e30ecdb42e8516794934dbe\">Neben der klassischen PDT bieten wir auch die Daylight-PDT an. Auch diese Form der photodynamischen Therapie wird bei uns laserassistiert durchgef\u00fchrt, um die Aufnahme des Wirkstoffs durch die Haut zu optimieren.<br><br>Nach dem Auftragen der Creme erfolgt die Aktivierung durch nat\u00fcrliches Tageslicht. Die Daylight-PDT ist besonders gut vertr\u00e4glich und nahezu schmerzfrei.<\/p>\n\n\n\n<details class=\"wp-block-huishu-agentur-huishu-faq-block is-style-light\"><summary><span>Vorteile der Daylight-PDT<\/span><\/summary><div class=\"faq-details is-layout-flow\">\n<ul class=\"wp-block-list\">\n<li class=\"has-white-color has-text-color has-link-color wp-elements-00e5ee9080cb2fbff7b4253a41f9d7e9\">kaum Schmerzen<\/li>\n\n\n\n<li class=\"has-white-color has-text-color has-link-color wp-elements-aab756df2d3f09c09efd551a80149841\">sehr gute Wirksamkeit bei aktinischen Keratosen<\/li>\n\n\n\n<li class=\"has-white-color has-text-color has-link-color wp-elements-94735108a32d676bc81019998ff6bd64\">ideal f\u00fcr gr\u00f6\u00dfere Hautareale<\/li>\n\n\n\n<li class=\"has-white-color has-text-color has-link-color wp-elements-9db4190b0ebca701be0c3c5ab9f458de\">kurze Behandlungsdauer<\/li>\n\n\n\n<li class=\"has-white-color has-text-color has-link-color wp-elements-333fe0845e828da4bf116278d71c8c2e\">gut in den Alltag integrierbar<\/li>\n<\/ul>\n<\/div><\/details>\n<\/div>\n<\/div>\n<\/div><\/div>\n\n\n\n<div class=\"hide-on-desktop wp-block-cover alignfull\" style=\"min-height:600px;aspect-ratio:unset;\"><img loading=\"lazy\" decoding=\"async\" width=\"2000\" height=\"1125\" class=\"wp-block-cover__image-background wp-image-2416 size-full\" alt=\"\" src=\"https:\/\/www.schoenehaut.de\/wp-content\/uploads\/2026\/02\/AdobeStock_363965268_Preview.jpeg\" data-object-fit=\"cover\"\/><span aria-hidden=\"true\" class=\"wp-block-cover__background has-black-background-color has-background-dim-40 has-background-dim\"><\/span><div class=\"wp-block-cover__inner-container has-global-padding is-layout-constrained wp-block-cover-is-layout-constrained\">\n<div class=\"wp-block-columns is-layout-flex wp-container-core-columns-is-layout-28f84493 wp-block-columns-is-layout-flex\">\n<div class=\"hide-on-mobile wp-block-column is-layout-flow wp-block-column-is-layout-flow\"><\/div>\n\n\n\n<div class=\"wp-block-column is-layout-flow wp-block-column-is-layout-flow\">\n<h2 class=\"wp-block-heading has-white-color has-text-color has-link-color wp-elements-e18aa0dd7848f4e74602aafd9e02102a\">Was ist die Daylight-PDT?<\/h2>\n\n\n\n<p class=\"has-white-color has-text-color has-link-color wp-elements-e1a7c59e6e30ecdb42e8516794934dbe\">Neben der klassischen PDT bieten wir auch die Daylight-PDT an. Auch diese Form der photodynamischen Therapie wird bei uns laserassistiert durchgef\u00fchrt, um die Aufnahme des Wirkstoffs durch die Haut zu optimieren.<br><br>Nach dem Auftragen der Creme erfolgt die Aktivierung durch nat\u00fcrliches Tageslicht. Die Daylight-PDT ist besonders gut vertr\u00e4glich und nahezu schmerzfrei.<\/p>\n\n\n\n<details class=\"wp-block-huishu-agentur-huishu-faq-block is-style-light\"><summary><span>Vorteile der Daylight-PDT<\/span><\/summary><div class=\"faq-details is-layout-flow\">\n<ul class=\"wp-block-list\">\n<li class=\"has-white-color has-text-color has-link-color wp-elements-00e5ee9080cb2fbff7b4253a41f9d7e9\">kaum Schmerzen<\/li>\n\n\n\n<li class=\"has-white-color has-text-color has-link-color wp-elements-aab756df2d3f09c09efd551a80149841\">sehr gute Wirksamkeit bei aktinischen Keratosen<\/li>\n\n\n\n<li class=\"has-white-color has-text-color has-link-color wp-elements-94735108a32d676bc81019998ff6bd64\">ideal f\u00fcr gr\u00f6\u00dfere Hautareale<\/li>\n\n\n\n<li class=\"has-white-color has-text-color has-link-color wp-elements-9db4190b0ebca701be0c3c5ab9f458de\">kurze Behandlungsdauer<\/li>\n\n\n\n<li class=\"has-white-color has-text-color has-link-color wp-elements-333fe0845e828da4bf116278d71c8c2e\">gut in den Alltag integrierbar<\/li>\n<\/ul>\n<\/div><\/details>\n<\/div>\n<\/div>\n<\/div><\/div>\n\n\n\n<div class=\"wp-block-columns is-style-medium-gap is-layout-flex wp-container-core-columns-is-layout-28f84493 wp-block-columns-is-layout-flex\">\n<div class=\"wp-block-column is-layout-flow wp-block-column-is-layout-flow\">\n<figure class=\"hide-on-desktop wp-block-image size-full is-resized is-style-default\" style=\"margin-top:var(--wp--preset--spacing--m);margin-bottom:var(--wp--preset--spacing--default)\"><img loading=\"lazy\" decoding=\"async\" width=\"2000\" height=\"2000\" src=\"https:\/\/www.schoenehaut.de\/wp-content\/uploads\/2026\/03\/Team_Profilbils_Rund260316.png\" alt=\"\" class=\"wp-image-5661\" style=\"aspect-ratio:1;object-fit:contain;width:auto;height:400px\"\/><\/figure>\n\n\n\n<h2 class=\"wp-block-heading\">H\u00e4ufige Fragen<\/h2>\n\n\n\n<details class=\"wp-block-huishu-agentur-huishu-faq-block\"><summary><span>Welche Alternativen zur PDT gibt es?<\/span><\/summary><div class=\"faq-details is-layout-flow\">\n<p>F\u00fcr einzelne, klar begrenzte L\u00e4sionen kann alternativ eine CO2-Laserbehandlung in unserer Hautarztpraxis in Berlin sinnvoll sein. Dabei werden einzelne aktinische Keratosen pr\u00e4zise und schichtweise mit dem CO2-Laser abgetragen.<br><br>Bei gr\u00f6\u00dferen Arealen oder mehreren Hautver\u00e4nderungen ist die laserassistierte PDT meist die effektivere Therapie, da sie auch mikroskopisch kleine L\u00e4sionen mitbehandelt.<br><br>Erg\u00e4nzend oder alternativ kann eine Creme-Therapie sinnvoll sein.<\/p>\n<\/div><\/details>\n\n\n\n<details class=\"wp-block-huishu-agentur-huishu-faq-block\"><summary><span>Welche Nebenwirkungen gibt es bei der PDT?<\/span><\/summary><div class=\"faq-details is-layout-flow\">\n<p>W\u00e4hrend der klassischen PDT kann es w\u00e4hrend der Belichtung zum Brennen oder Stechen kommen. In den Tagen nach der klassischen, als auch nach der daylight PDT k\u00f6nnen R\u00f6tungen, N\u00e4ssen oder Krustenbildung auftreten.\u2028In etwa 30 % der F\u00e4lle kann eine zweite Behandlung erforderlich sein.<\/p>\n<\/div><\/details>\n\n\n\n<details class=\"wp-block-huishu-agentur-huishu-faq-block\"><summary><span>Was sollte ich nach der PDT beachten?<\/span><\/summary><div class=\"faq-details is-layout-flow\">\n<ul class=\"wp-block-list\">\n<li>Direkte Sonnenexposition f\u00fcr 24 Stunden vermeiden<\/li>\n\n\n\n<li>Konsequenter Lichtschutz f\u00fcr 14 Tage<\/li>\n\n\n\n<li>Verwendung von Sunblockern mit sehr hohem Lichtschutzfaktor, besonders im Gesicht<\/li>\n\n\n\n<li>Mechanische Reizung der behandelten Haut vermeiden<\/li>\n\n\n\n<li>Anwendung von pflegenden Cremes\/Seren zur Beschleunigung der Wundheilung<\/li>\n<\/ul>\n<\/div><\/details>\n<\/div>\n\n\n\n<div class=\"wp-block-column is-layout-flow wp-block-column-is-layout-flow\">\n<figure class=\"hide-on-mobile wp-block-image size-full is-resized is-style-rounded\"><img loading=\"lazy\" decoding=\"async\" width=\"2000\" height=\"2000\" src=\"https:\/\/www.schoenehaut.de\/wp-content\/uploads\/2026\/03\/Team_Profilbils_Rund260316.png\" alt=\"\" class=\"wp-image-5661\" style=\"aspect-ratio:1;object-fit:contain;width:auto;height:500px\"\/><\/figure>\n<\/div>\n<\/div>\n\n\n\n<div class=\"wp-block-columns is-layout-flex wp-container-core-columns-is-layout-28f84493 wp-block-columns-is-layout-flex\">\n<div class=\"wp-block-column is-layout-flow wp-block-column-is-layout-flow\">\n<h2 class=\"wp-block-heading\">Weitere Behandlungen<\/h2>\n\n\n\n<div class=\"wp-block-group has-global-padding is-layout-constrained wp-block-group-is-layout-constrained\"><div class=\"schoenehaut-behandlungs-grid wp-block-schoenehaut-behandlungs-kacheln\"><a href=\"https:\/\/www.schoenehaut.de\/en\/dermatologie\/hautkrebs-und-vorstufen\/\" class=\"behandlungs-tile\" aria-label=\"Hautkrebs\">\n                <img decoding=\"async\" src=\"https:\/\/www.schoenehaut.de\/wp-content\/uploads\/2026\/03\/istockphoto-494257546-1024x1024-1.jpg\" alt=\"\" class=\"tile-image\" aria-hidden=\"true\">\n                <span class=\"tile-title\">Hautkrebs<\/span>\n            <\/a><a href=\"https:\/\/www.schoenehaut.de\/en\/laser\/gutartige-hautveraenderungen\/\" class=\"behandlungs-tile\" aria-label=\"Gutartige Hautver\u00e4nderungen\">\n                <img decoding=\"async\" src=\"https:\/\/www.schoenehaut.de\/wp-content\/uploads\/2026\/02\/istockphoto-165831917-2048x2048-1.jpg\" alt=\"\" class=\"tile-image\" aria-hidden=\"true\">\n                <span class=\"tile-title\">Gutartige Hautver\u00e4nderungen<\/span>\n            <\/a><a href=\"https:\/\/www.schoenehaut.de\/en\/dermatologie\/ki-gestuetzte-hautkrebsvorsorge\/\" class=\"behandlungs-tile\" aria-label=\"Hautkrebsvorosrge\">\n                <img decoding=\"async\" src=\"https:\/\/www.schoenehaut.de\/wp-content\/uploads\/2026\/03\/istockphoto-1159780609-1024x1024-1.jpg\" alt=\"\" class=\"tile-image\" aria-hidden=\"true\">\n                <span class=\"tile-title\">Hautkrebsvorosrge<\/span>\n            <\/a><\/div><\/div>\n<\/div>\n<\/div>\n","protected":false},"excerpt":{"rendered":"<p>Photodynamische Therapie (PDT): Nachhaltige Behandlung von Hautkrebsvorstufen Die photodynamische Therapie (PDT) ist ein modernes, schonendes Verfahren zur Behandlung von Vorstufen des wei\u00dfen Hautkrebses, wie aktinischen Keratosen, sowie bestimmter Formen des wei\u00dfen Hautkrebses, insbesondere oberfl\u00e4chlicher Basalzellkarzinome (Basaliome). Wir f\u00fchren die PDT grunds\u00e4tzlich laserassistiert durch. Ziel ist eine besonders effektive Behandlung bei gleichzeitig sehr guten \u00e4sthetischen Ergebnissen. [&hellip;]<\/p>\n","protected":false},"author":1,"featured_media":0,"parent":789,"menu_order":5,"comment_status":"closed","ping_status":"closed","template":"","meta":{"footnotes":""},"class_list":["post-799","page","type-page","status-publish","hentry"],"_links":{"self":[{"href":"https:\/\/www.schoenehaut.de\/en\/wp-json\/wp\/v2\/pages\/799","targetHints":{"allow":["GET"]}}],"collection":[{"href":"https:\/\/www.schoenehaut.de\/en\/wp-json\/wp\/v2\/pages"}],"about":[{"href":"https:\/\/www.schoenehaut.de\/en\/wp-json\/wp\/v2\/types\/page"}],"author":[{"embeddable":true,"href":"https:\/\/www.schoenehaut.de\/en\/wp-json\/wp\/v2\/users\/1"}],"replies":[{"embeddable":true,"href":"https:\/\/www.schoenehaut.de\/en\/wp-json\/wp\/v2\/comments?post=799"}],"version-history":[{"count":38,"href":"https:\/\/www.schoenehaut.de\/en\/wp-json\/wp\/v2\/pages\/799\/revisions"}],"predecessor-version":[{"id":5662,"href":"https:\/\/www.schoenehaut.de\/en\/wp-json\/wp\/v2\/pages\/799\/revisions\/5662"}],"up":[{"embeddable":true,"href":"https:\/\/www.schoenehaut.de\/en\/wp-json\/wp\/v2\/pages\/789"}],"wp:attachment":[{"href":"https:\/\/www.schoenehaut.de\/en\/wp-json\/wp\/v2\/media?parent=799"}],"curies":[{"name":"wp","href":"https:\/\/api.w.org\/{rel}","templated":true}]}}