{"id":801,"date":"2026-01-29T12:07:15","date_gmt":"2026-01-29T11:07:15","guid":{"rendered":"https:\/\/www.schoenehaut.de\/?page_id=801"},"modified":"2026-03-25T08:52:13","modified_gmt":"2026-03-25T07:52:13","slug":"uebermaessiges-schwitzen-hyperhidrose","status":"publish","type":"page","link":"https:\/\/www.schoenehaut.de\/en\/dermatologie\/uebermaessiges-schwitzen-hyperhidrose\/","title":{"rendered":"\u00dcberm\u00e4\u00dfiges Schwitzen &#8211; Hyperhidrose"},"content":{"rendered":"\n<div style=\"height:213px\" aria-hidden=\"true\" class=\"hide-on-mobile wp-block-spacer\"><\/div>\n\n\n\n<div style=\"height:100px\" aria-hidden=\"true\" class=\"hide-on-desktop wp-block-spacer\"><\/div>\n\n\n\n<div class=\"wp-block-columns is-style-big-gap is-layout-flex wp-container-core-columns-is-layout-28f84493 wp-block-columns-is-layout-flex\">\n<div class=\"wp-block-column is-layout-flow wp-block-column-is-layout-flow\"><div class=\"splide has-pagination-center is-style-portrait-contained wp-block-huishu-block-hu-splide-slider\" aria-labelledby=\"\" data-splide=\"{&quot;type&quot;:&quot;fade&quot;,&quot;perPage&quot;:1,&quot;arrows&quot;:true,&quot;autoplay&quot;:true,&quot;speed&quot;:1400,&quot;interval&quot;:4000,&quot;pagination&quot;:true,&quot;rewind&quot;:&quot;true&quot;}\">\n    <div class=\"splide__track\">\n        <ul class=\"splide__list\">\n\n<li class=\"wp-block-huishu-block-splide-slide splide__slide\">\n<figure class=\"wp-block-image size-full is-resized is-style-rounded\"><img loading=\"lazy\" decoding=\"async\" width=\"2000\" height=\"1328\" src=\"https:\/\/www.schoenehaut.de\/wp-content\/uploads\/2026\/02\/AdobeStock_313701482_Preview.jpeg\" alt=\"\" class=\"wp-image-2413\" style=\"aspect-ratio:2\/1;object-fit:cover;width:auto;height:896px\"\/><\/figure>\n<\/li>\n\n\n\n<li class=\"wp-block-huishu-block-splide-slide splide__slide\">\n<figure class=\"wp-block-image size-full is-resized is-style-rounded\"><img loading=\"lazy\" decoding=\"async\" width=\"2000\" height=\"1936\" src=\"https:\/\/www.schoenehaut.de\/wp-content\/uploads\/2026\/02\/istockphoto-1716841916-2048x2048-1.jpg\" alt=\"\" class=\"wp-image-3815\" style=\"aspect-ratio:2\/1;object-fit:cover;width:auto;height:896px\"\/><\/figure>\n<\/li>\n\n<\/ul>    <\/div>\n            <div class=\"splide__arrows \"><button class=\"splide__arrow splide__arrow--prev\">\n\t\t\t<i class=\"icon-chevron-left-slider\" aria-label=\"Zum vorherigen Slide\"><\/i>\n\t\t<\/button>\n\t\t<button class=\"splide__arrow splide__arrow--next\">\n\t\t\t<i class=\"icon-chevron-right-slider\" aria-label=\"Zum n\u00e4chsten Slide\"><\/i>\n\t\t<\/button><\/div>\n        <\/div><\/div>\n\n\n\n<div class=\"wp-block-column is-layout-flow wp-block-column-is-layout-flow\">\n<h4 class=\"wp-block-heading is-style-default has-large-font-size\">Hyperhidrosis in Berlin: <\/h4>\n\n\n\n<h2 class=\"wp-block-heading\" style=\"margin-top:var(--wp--preset--spacing--subtitle)\">WIR BEHANDELN IHR verst\u00e4rktes Schwitzen MIT BOTOX IN UNSERER PRAXIS IN BERLIN<\/h2>\n\n\n\n<p class=\"has-large-font-size\">Wirksame Hilfe gegen starkes Schwitzen<\/p>\n\n\n\n<p>Starkes Schwitzen ist kein Sch\u00f6nheitsfehler. Es ist eine Erkrankung.\u2028Wenn Schwei\u00df Ihren Alltag bestimmt, Kleidung zur Belastung wird und Sie sich st\u00e4ndig unwohl f\u00fchlen, dann leiden Sie m\u00f6glicherweise an Hyperhidrose.<br><br>Die gute Nachricht: Hyperhidrose ist behandelbar \u2013 gezielt, sicher und effektiv.\u2028In unserer Praxis SCH\u00d6NE HAUT helfen wir, das Problem dort zu stoppen, wo es entsteht.<\/p>\n\n\n\n<div class=\"wp-block-buttons is-layout-flex wp-block-buttons-is-layout-flex\">\n<div class=\"wp-block-button is-style-fill\"><a class=\"wp-block-button__link wp-element-button\" href=\"https:\/\/www.schoenehaut.de\/kontakt#kontakt\">Jetzt Termin buchen<\/a><\/div>\n<\/div>\n<\/div>\n<\/div>\n\n\n\n<div class=\"wp-block-group alignfull has-white-background-color has-background has-global-padding is-layout-constrained wp-block-group-is-layout-constrained\">\n<div class=\"wp-block-columns is-layout-flex wp-container-core-columns-is-layout-f0342b05 wp-block-columns-is-layout-flex\" style=\"margin-top:0;margin-bottom:0\">\n<div class=\"wp-block-column is-layout-flow wp-block-column-is-layout-flow\" style=\"flex-basis:60%\">\n<div style=\"height:61px\" aria-hidden=\"true\" class=\"wp-block-spacer\"><\/div>\n\n\n\n<h2 class=\"wp-block-heading is-style-h2\">Was ist Hyperhidrosis?<\/h2>\n\n\n\n<p>Hyperhidrose bezeichnet eine krankhaft erh\u00f6hte Schwei\u00dfproduktion, die unabh\u00e4ngig von Temperatur, Bewegung oder Stress auftritt. Betroffene schwitzen deutlich mehr, als der K\u00f6rper zur Regulation ben\u00f6tigt.<br><br>Wichtig:\u2028Hyperhidrose hat nichts mit mangelnder Hygiene zu tun \u2013 sie ist eine medizinische Diagnose.<\/p>\n\n\n\n<div style=\"height:61px\" aria-hidden=\"true\" class=\"wp-block-spacer\"><\/div>\n<\/div>\n\n\n\n<div class=\"hide-on-mobile wp-block-column is-layout-flow wp-block-column-is-layout-flow\" style=\"flex-basis:5%\"><\/div>\n\n\n\n<div class=\"hide-on-mobile wp-block-column is-layout-flow wp-block-column-is-layout-flow\" style=\"flex-basis:35.9%\">\n<figure class=\"wp-block-image size-full is-resized is-style-right-edge\"><img loading=\"lazy\" decoding=\"async\" width=\"2000\" height=\"1936\" src=\"https:\/\/www.schoenehaut.de\/wp-content\/uploads\/2026\/02\/istockphoto-1716841916-2048x2048-1.jpg\" alt=\"\" class=\"wp-image-3815\" style=\"width:auto;height:500px\"\/><\/figure>\n<\/div>\n<\/div>\n<\/div>\n\n\n\n<div class=\"wp-block-columns is-style-medium-gap is-layout-flex wp-container-core-columns-is-layout-28f84493 wp-block-columns-is-layout-flex\">\n<div class=\"wp-block-column is-layout-flow wp-block-column-is-layout-flow\">\n<figure class=\"wp-block-image size-full is-style-rounded\"><img loading=\"lazy\" decoding=\"async\" width=\"2000\" height=\"2308\" src=\"https:\/\/www.schoenehaut.de\/wp-content\/uploads\/2026\/02\/istockphoto-2239685271-2048x2048-1.jpg\" alt=\"\" class=\"wp-image-3817\" style=\"aspect-ratio:2\/1;object-fit:cover\"\/><\/figure>\n<\/div>\n\n\n\n<div class=\"wp-block-column is-layout-flow wp-block-column-is-layout-flow\">\n<h2 class=\"wp-block-heading\">Typische Anzeichen von Hyperhidrosis<\/h2>\n\n\n\n<ul class=\"wp-block-list\">\n<li>Starkes Schwitzen ohne erkennbaren Ausl\u00f6ser<\/li>\n\n\n\n<li>Dauerhaft feuchte Achseln, H\u00e4nde oder F\u00fc\u00dfe<\/li>\n\n\n\n<li>Schwei\u00dfflecken trotz Antitranspirant<\/li>\n\n\n\n<li>Einschr\u00e4nkungen im Beruf oder Privatleben<\/li>\n<\/ul>\n<\/div>\n<\/div>\n\n\n\n<div class=\"wp-block-columns is-style-medium-gap is-layout-flex wp-container-core-columns-is-layout-28f84493 wp-block-columns-is-layout-flex\">\n<div class=\"wp-block-column is-layout-flow wp-block-column-is-layout-flow\">\n<h2 class=\"wp-block-heading\">Wir behandeln Ihre Hyper&shy;hidrosis mit Botox in unserer Praxis<\/h2>\n\n\n\n<p>In unserer dermatologischen Praxis bieten wir moderne, medizinisch fundierte Therapien zur Behandlung von Hyperhidrose an.<\/p>\n<\/div>\n\n\n\n<div class=\"wp-block-column is-layout-flow wp-block-column-is-layout-flow\">\n<figure class=\"wp-block-image size-full is-style-rounded\"><img loading=\"lazy\" decoding=\"async\" width=\"2000\" height=\"1334\" src=\"https:\/\/www.schoenehaut.de\/wp-content\/uploads\/2026\/02\/istockphoto-1792559944-2048x2048-1.jpg\" alt=\"\" class=\"wp-image-3816\"\/><\/figure>\n<\/div>\n<\/div>\n\n\n\n<div class=\"hide-on-mobile wp-block-cover alignfull\" style=\"min-height:800px;aspect-ratio:unset;\"><img loading=\"lazy\" decoding=\"async\" width=\"2000\" height=\"1095\" class=\"wp-block-cover__image-background wp-image-2476 size-full\" alt=\"\" src=\"https:\/\/www.schoenehaut.de\/wp-content\/uploads\/2026\/02\/AdobeStock_1877690286_Preview.jpeg\" data-object-fit=\"cover\"\/><span aria-hidden=\"true\" class=\"wp-block-cover__background has-anthrazit-background-color has-background-dim-40 has-background-dim\"><\/span><div class=\"wp-block-cover__inner-container has-global-padding is-layout-constrained wp-block-cover-is-layout-constrained\">\n<div class=\"wp-block-columns is-layout-flex wp-container-core-columns-is-layout-28f84493 wp-block-columns-is-layout-flex\">\n<div class=\"hide-on-mobile wp-block-column is-layout-flow wp-block-column-is-layout-flow\"><\/div>\n\n\n\n<div class=\"wp-block-column is-layout-flow wp-block-column-is-layout-flow\">\n<h2 class=\"wp-block-heading has-white-color has-text-color has-link-color wp-elements-b3d01223e0f82f9e6168ff7124287a3b\">H\u00e4ufig gestellte Fragen zu unserer Hyperhidrosis-Behandlung in Berlin<\/h2>\n\n\n\n<details class=\"wp-block-huishu-agentur-huishu-faq-block is-style-light\"><summary><span>Wann spricht man von Hyperhidrosis?<\/span><\/summary><div class=\"faq-details is-layout-flow\">\n<p class=\"has-white-color has-text-color has-link-color wp-elements-fd36623d6aeb4dbebdc738255e3f4410\">Wenn Sie ohne k\u00f6rperliche Belastung stark schwitzen, klassische Deos oder Antitranspirantien keine Wirkung zeigen und Ihre Lebensqualit\u00e4t leidet, liegt sehr wahrscheinlich eine Hyperhidrose vor.<\/p>\n<\/div><\/details>\n\n\n\n<details class=\"wp-block-huishu-agentur-huishu-faq-block is-style-light\"><summary><span>Welche K\u00f6rperstellen sind bei Hyperhidrosis h\u00e4ufig betroffen?<\/span><\/summary><div class=\"faq-details is-layout-flow\">\n<p class=\"has-white-color has-text-color has-link-color wp-elements-389436dfb11e4159f1db5bdd0a78f1ed\">Am h\u00e4ufigsten tritt Hyperhidrose auf an:<\/p>\n\n\n\n<ul class=\"wp-block-list\">\n<li class=\"has-white-color has-text-color has-link-color wp-elements-271906307b21c9e26b49b4910e0b5803\">Achseln (axill\u00e4re Hyperhidrose)<\/li>\n\n\n\n<li class=\"has-white-color has-text-color has-link-color wp-elements-729ee459ff27e96eb678694231609b78\">H\u00e4nden (palmare Hyperhidrose)<\/li>\n\n\n\n<li class=\"has-white-color has-text-color has-link-color wp-elements-91192ddf014b423494c2b52fc44bf807\">F\u00fc\u00dfen (plantare Hyperhidrose)<\/li>\n\n\n\n<li class=\"has-white-color has-text-color has-link-color wp-elements-504db5468fbac261abce299d213d69d9\">Gesicht und Kopfhaut<\/li>\n<\/ul>\n<\/div><\/details>\n\n\n\n<details class=\"wp-block-huishu-agentur-huishu-faq-block is-style-light\"><summary><span>Wie behandelt ihr Hyperhidrosis in eurer Praxis?<\/span><\/summary><div class=\"faq-details is-layout-flow\">\n<p class=\"has-white-color has-text-color has-link-color wp-elements-51a892c58d9f55beb23c901e1a59e0b9\">Eine der effektivsten Methoden ist die Behandlung mit Botulinumtoxin.\u2028Diese Therapie hemmt gezielt die Schwei\u00dfdr\u00fcsenaktivit\u00e4t \u2013 genau dort, wo das Problem entsteht.<\/p>\n<\/div><\/details>\n\n\n\n<details class=\"wp-block-huishu-agentur-huishu-faq-block is-style-light\"><summary><span>Botox gegen Schwitzen \u2013 ist das sicher?<\/span><\/summary><div class=\"faq-details is-layout-flow\">\n<p class=\"has-white-color has-text-color has-link-color wp-elements-a810e678df2c6100b7b36c375c09ec27\">Ja. Die Botox-Behandlung gegen Hyperhidrose ist wissenschaftlich anerkannt, gut vertr\u00e4glich und wird seit vielen Jahren erfolgreich eingesetzt.\u2028Vor jeder Behandlung erfolgt bei uns eine individuelle \u00e4rztliche Beratung.<\/p>\n<\/div><\/details>\n\n\n\n<details class=\"wp-block-huishu-agentur-huishu-faq-block is-style-light\"><summary><span>Wie schnell wirkt die Hyperhidrosis-Behandlung?<\/span><\/summary><div class=\"faq-details is-layout-flow\">\n<ul class=\"wp-block-list\">\n<li class=\"has-white-color has-text-color has-link-color wp-elements-167f6fba23512ed9a6681f308f1e58dd\">Wirkungseintritt: nach ca. 3\u20137 Tagen<\/li>\n\n\n\n<li class=\"has-white-color has-text-color has-link-color wp-elements-5ed93c898b2e7bb36829ae5848b3d2a7\">Maximale Wirkung: nach 2 Wochen<\/li>\n\n\n\n<li class=\"has-white-color has-text-color has-link-color wp-elements-70da5b0fe0abe067c22ed8169262883f\">Wirkdauer: meist 4\u20139 Monate<\/li>\n<\/ul>\n<\/div><\/details>\n\n\n\n<details class=\"wp-block-huishu-agentur-huishu-faq-block is-style-light\"><summary><span>Wo kann ich Hyperhidrosis behandeln lassen?<\/span><\/summary><div class=\"faq-details is-layout-flow\">\n<p class=\"has-white-color has-text-color has-link-color wp-elements-bb3a9ef51218f6a8fe6dca28dab4cc30\">Wer eine professionelle Hyperhidrose-Behandlung in Berlin sucht, ist bei SCH\u00d6NE HAUT richtig.\u2028Wir kombinieren dermatologische Expertise mit modernen Verfahren \u2013 effektiv und individuell auf Sie abgestimmt.<\/p>\n<\/div><\/details>\n<\/div>\n<\/div>\n<\/div><\/div>\n\n\n\n<div class=\"hide-on-desktop wp-block-cover alignfull\" style=\"min-height:800px;aspect-ratio:unset;\"><img loading=\"lazy\" decoding=\"async\" width=\"2000\" height=\"1095\" class=\"wp-block-cover__image-background wp-image-2476 size-full\" alt=\"\" src=\"https:\/\/www.schoenehaut.de\/wp-content\/uploads\/2026\/02\/AdobeStock_1877690286_Preview.jpeg\" data-object-fit=\"cover\"\/><span aria-hidden=\"true\" class=\"wp-block-cover__background has-anthrazit-background-color has-background-dim-40 has-background-dim\"><\/span><div class=\"wp-block-cover__inner-container has-global-padding is-layout-constrained wp-block-cover-is-layout-constrained\">\n<div class=\"wp-block-columns is-layout-flex wp-container-core-columns-is-layout-28f84493 wp-block-columns-is-layout-flex\">\n<div class=\"hide-on-mobile wp-block-column is-layout-flow wp-block-column-is-layout-flow\"><\/div>\n\n\n\n<div class=\"wp-block-column is-layout-flow wp-block-column-is-layout-flow\">\n<h2 class=\"wp-block-heading has-white-color has-text-color has-link-color wp-elements-b3d01223e0f82f9e6168ff7124287a3b\">H\u00e4ufig gestellte Fragen zu unserer Hyperhidrosis-Behandlung in Berlin<\/h2>\n\n\n\n<details class=\"wp-block-huishu-agentur-huishu-faq-block is-style-light\"><summary><span>Wann spricht man von Hyperhidrosis?<\/span><\/summary><div class=\"faq-details is-layout-flow\">\n<p class=\"has-white-color has-text-color has-link-color wp-elements-fd36623d6aeb4dbebdc738255e3f4410\">Wenn Sie ohne k\u00f6rperliche Belastung stark schwitzen, klassische Deos oder Antitranspirantien keine Wirkung zeigen und Ihre Lebensqualit\u00e4t leidet, liegt sehr wahrscheinlich eine Hyperhidrose vor.<\/p>\n<\/div><\/details>\n\n\n\n<details class=\"wp-block-huishu-agentur-huishu-faq-block is-style-light\"><summary><span>Welche K\u00f6rperstellen sind bei Hyperhidrosis h\u00e4ufig betroffen?<\/span><\/summary><div class=\"faq-details is-layout-flow\">\n<p class=\"has-white-color has-text-color has-link-color wp-elements-389436dfb11e4159f1db5bdd0a78f1ed\">Am h\u00e4ufigsten tritt Hyperhidrose auf an:<\/p>\n\n\n\n<ul class=\"wp-block-list\">\n<li class=\"has-white-color has-text-color has-link-color wp-elements-271906307b21c9e26b49b4910e0b5803\">Achseln (axill\u00e4re Hyperhidrose)<\/li>\n\n\n\n<li class=\"has-white-color has-text-color has-link-color wp-elements-729ee459ff27e96eb678694231609b78\">H\u00e4nden (palmare Hyperhidrose)<\/li>\n\n\n\n<li class=\"has-white-color has-text-color has-link-color wp-elements-91192ddf014b423494c2b52fc44bf807\">F\u00fc\u00dfen (plantare Hyperhidrose)<\/li>\n\n\n\n<li class=\"has-white-color has-text-color has-link-color wp-elements-504db5468fbac261abce299d213d69d9\">Gesicht und Kopfhaut<\/li>\n<\/ul>\n<\/div><\/details>\n\n\n\n<details class=\"wp-block-huishu-agentur-huishu-faq-block is-style-light\"><summary><span>Wie behandelt ihr Hyperhidrosis in eurer Praxis in Berlin?<\/span><\/summary><div class=\"faq-details is-layout-flow\">\n<p class=\"has-white-color has-text-color has-link-color wp-elements-51a892c58d9f55beb23c901e1a59e0b9\">Eine der effektivsten Methoden ist die Behandlung mit Botulinumtoxin.\u2028Diese Therapie hemmt gezielt die Schwei\u00dfdr\u00fcsenaktivit\u00e4t \u2013 genau dort, wo das Problem entsteht.<\/p>\n<\/div><\/details>\n\n\n\n<details class=\"wp-block-huishu-agentur-huishu-faq-block is-style-light\"><summary><span>Botox gegen Schwitzen \u2013 ist das sicher?<\/span><\/summary><div class=\"faq-details is-layout-flow\">\n<p class=\"has-white-color has-text-color has-link-color wp-elements-a810e678df2c6100b7b36c375c09ec27\">Ja. Die Botox-Behandlung gegen Hyperhidrose ist wissenschaftlich anerkannt, gut vertr\u00e4glich und wird seit vielen Jahren erfolgreich eingesetzt.\u2028Vor jeder Behandlung erfolgt bei uns eine individuelle \u00e4rztliche Beratung.<\/p>\n<\/div><\/details>\n\n\n\n<details class=\"wp-block-huishu-agentur-huishu-faq-block is-style-light\"><summary><span>Wie schnell wirkt die Hyperhidrosis-Behandlung?<\/span><\/summary><div class=\"faq-details is-layout-flow\">\n<ul class=\"wp-block-list\">\n<li class=\"has-white-color has-text-color has-link-color wp-elements-167f6fba23512ed9a6681f308f1e58dd\">Wirkungseintritt: nach ca. 3\u20137 Tagen<\/li>\n\n\n\n<li class=\"has-white-color has-text-color has-link-color wp-elements-5ed93c898b2e7bb36829ae5848b3d2a7\">Maximale Wirkung: nach 2 Wochen<\/li>\n\n\n\n<li class=\"has-white-color has-text-color has-link-color wp-elements-70da5b0fe0abe067c22ed8169262883f\">Wirkdauer: meist 4\u20139 Monate<\/li>\n<\/ul>\n<\/div><\/details>\n\n\n\n<details class=\"wp-block-huishu-agentur-huishu-faq-block is-style-light\"><summary><span>Wo kann ich Hyperhidrosis behandeln lassen?<\/span><\/summary><div class=\"faq-details is-layout-flow\">\n<p class=\"has-white-color has-text-color has-link-color wp-elements-bb3a9ef51218f6a8fe6dca28dab4cc30\">Wer eine professionelle Hyperhidrose-Behandlung in Berlin sucht, ist bei SCH\u00d6NE HAUT richtig.\u2028Wir kombinieren dermatologische Expertise mit modernen Verfahren \u2013 effektiv und individuell auf Sie abgestimmt.<\/p>\n<\/div><\/details>\n<\/div>\n<\/div>\n<\/div><\/div>\n\n\n\n<div class=\"wp-block-columns is-layout-flex wp-container-core-columns-is-layout-28f84493 wp-block-columns-is-layout-flex\">\n<div class=\"wp-block-column is-layout-flow wp-block-column-is-layout-flow\">\n<h2 class=\"wp-block-heading\">Weitere Behandlungen<\/h2>\n\n\n\n<div class=\"wp-block-group has-global-padding is-layout-constrained wp-block-group-is-layout-constrained\"><div class=\"schoenehaut-behandlungs-grid wp-block-schoenehaut-behandlungs-kacheln\"><a href=\"https:\/\/www.schoenehaut.de\/en\/aesthetik\/botulinumtoxin-botox\/\" class=\"behandlungs-tile\" aria-label=\"Botox\">\n                <img decoding=\"async\" src=\"https:\/\/www.schoenehaut.de\/wp-content\/uploads\/2026\/02\/AdobeStock_255775158_Preview.jpeg\" alt=\"\" class=\"tile-image\" aria-hidden=\"true\">\n                <span class=\"tile-title\">Botox<\/span>\n            <\/a><a href=\"https:\/\/www.schoenehaut.de\/en\/aesthetik\/botulinumtoxin-botox\/babybotox\/\" class=\"behandlungs-tile\" aria-label=\"Babybotox\">\n                <img decoding=\"async\" src=\"https:\/\/www.schoenehaut.de\/wp-content\/uploads\/2026\/02\/AdobeStock_953124479_Preview.jpeg\" alt=\"\" class=\"tile-image\" aria-hidden=\"true\">\n                <span class=\"tile-title\">Babybotox<\/span>\n            <\/a><a href=\"https:\/\/www.schoenehaut.de\/en\/dermatologie\/rosazea-couperose\/\" class=\"behandlungs-tile\" aria-label=\"Rosazea\">\n                <img decoding=\"async\" src=\"https:\/\/www.schoenehaut.de\/wp-content\/uploads\/2026\/03\/istockphoto-537642336-1024x1024-1.jpg\" alt=\"\" class=\"tile-image\" aria-hidden=\"true\">\n                <span class=\"tile-title\">Rosazea<\/span>\n            <\/a><\/div><\/div>\n<\/div>\n<\/div>\n","protected":false},"excerpt":{"rendered":"<p>Hyperhidrosis in Berlin: WIR BEHANDELN IHR verst\u00e4rktes Schwitzen MIT BOTOX IN UNSERER PRAXIS IN BERLIN Wirksame Hilfe gegen starkes Schwitzen Starkes Schwitzen ist kein Sch\u00f6nheitsfehler. Es ist eine Erkrankung.\u2028Wenn Schwei\u00df Ihren Alltag bestimmt, Kleidung zur Belastung wird und Sie sich st\u00e4ndig unwohl f\u00fchlen, dann leiden Sie m\u00f6glicherweise an Hyperhidrose. Die gute Nachricht: Hyperhidrose ist behandelbar [&hellip;]<\/p>\n","protected":false},"author":1,"featured_media":0,"parent":789,"menu_order":6,"comment_status":"closed","ping_status":"closed","template":"","meta":{"footnotes":""},"class_list":["post-801","page","type-page","status-publish","hentry"],"_links":{"self":[{"href":"https:\/\/www.schoenehaut.de\/en\/wp-json\/wp\/v2\/pages\/801","targetHints":{"allow":["GET"]}}],"collection":[{"href":"https:\/\/www.schoenehaut.de\/en\/wp-json\/wp\/v2\/pages"}],"about":[{"href":"https:\/\/www.schoenehaut.de\/en\/wp-json\/wp\/v2\/types\/page"}],"author":[{"embeddable":true,"href":"https:\/\/www.schoenehaut.de\/en\/wp-json\/wp\/v2\/users\/1"}],"replies":[{"embeddable":true,"href":"https:\/\/www.schoenehaut.de\/en\/wp-json\/wp\/v2\/comments?post=801"}],"version-history":[{"count":25,"href":"https:\/\/www.schoenehaut.de\/en\/wp-json\/wp\/v2\/pages\/801\/revisions"}],"predecessor-version":[{"id":5832,"href":"https:\/\/www.schoenehaut.de\/en\/wp-json\/wp\/v2\/pages\/801\/revisions\/5832"}],"up":[{"embeddable":true,"href":"https:\/\/www.schoenehaut.de\/en\/wp-json\/wp\/v2\/pages\/789"}],"wp:attachment":[{"href":"https:\/\/www.schoenehaut.de\/en\/wp-json\/wp\/v2\/media?parent=801"}],"curies":[{"name":"wp","href":"https:\/\/api.w.org\/{rel}","templated":true}]}}