{"id":807,"date":"2026-01-29T12:08:21","date_gmt":"2026-01-29T11:08:21","guid":{"rendered":"https:\/\/www.schoenehaut.de\/?page_id=807"},"modified":"2026-03-25T08:56:39","modified_gmt":"2026-03-25T07:56:39","slug":"institut","status":"publish","type":"page","link":"https:\/\/www.schoenehaut.de\/en\/institut\/","title":{"rendered":"Institut"},"content":{"rendered":"\n<div class=\"hide-on-mobile wp-block-cover alignfull is-light\" style=\"min-height:782px;aspect-ratio:unset;\"><img loading=\"lazy\" decoding=\"async\" width=\"2000\" height=\"927\" class=\"wp-block-cover__image-background wp-image-5679 size-full\" alt=\"\" src=\"https:\/\/www.schoenehaut.de\/wp-content\/uploads\/2026\/03\/Header_AdobeStock_255775158-1.jpg\" style=\"object-position:80% 50%\" data-object-fit=\"cover\" data-object-position=\"80% 50%\"\/><span aria-hidden=\"true\" class=\"wp-block-cover__background has-background-dim-0 has-background-dim\" style=\"background-color:#959286\"><\/span><div class=\"wp-block-cover__inner-container has-global-padding is-layout-constrained wp-block-cover-is-layout-constrained\">\n<div class=\"wp-block-columns is-layout-flex wp-container-core-columns-is-layout-28f84493 wp-block-columns-is-layout-flex\">\n<div class=\"wp-block-column is-layout-flow wp-block-column-is-layout-flow\">\n<h1 class=\"wp-block-heading has-white-color has-text-color has-link-color wp-elements-14175490a1c4866cd02f46dc2b05912e\">Institut <br>Sch\u00f6ne haut<\/h1>\n\n\n\n<div class=\"hide-on-mobile wp-block-buttons is-content-justification-left is-layout-flex wp-container-core-buttons-is-layout-fc4fd283 wp-block-buttons-is-layout-flex\">\n<div class=\"wp-block-button is-style-fill-weiss\"><a class=\"wp-block-button__link wp-element-button\" href=\"https:\/\/www.doctolib.de\/institut\/berlin\/institut-fuer-medizinische-kosmetik-und-aesthetische-dermatologie-schoene-haut\/booking\/new-patient?specialityId=1133&amp;profile_skipped=true&amp;source=external_referral\" target=\"_blank\" rel=\"noreferrer noopener\">Termin vereinbaren<\/a><\/div>\n<\/div>\n<\/div>\n\n\n\n<div class=\"wp-block-column is-layout-flow wp-block-column-is-layout-flow\"><\/div>\n<\/div>\n<\/div><\/div>\n\n\n\n<div class=\"hide-on-desktop wp-block-cover alignfull is-light\" style=\"min-height:390px;aspect-ratio:unset;\"><img loading=\"lazy\" decoding=\"async\" width=\"2000\" height=\"1032\" class=\"wp-block-cover__image-background wp-image-5875 size-full\" alt=\"\" src=\"https:\/\/www.schoenehaut.de\/wp-content\/uploads\/2026\/03\/Header_Mobil_AdobeStock_255775158.jpg\" style=\"object-position:80% 50%\" data-object-fit=\"cover\" data-object-position=\"80% 50%\"\/><span aria-hidden=\"true\" class=\"wp-block-cover__background has-background-dim-0 has-background-dim\" style=\"background-color:#939185\"><\/span><div class=\"wp-block-cover__inner-container has-global-padding is-layout-constrained wp-block-cover-is-layout-constrained\">\n<div class=\"wp-block-columns is-layout-flex wp-container-core-columns-is-layout-28f84493 wp-block-columns-is-layout-flex\">\n<div class=\"wp-block-column is-vertically-aligned-center is-layout-flow wp-block-column-is-layout-flow\">\n<h1 class=\"wp-block-heading has-text-align-left is-style-h2 has-white-color has-text-color has-link-color wp-elements-6a467d5cf395401a934cd71784cd60bb\">Institut <br>Sch\u00f6ne haut<\/h1>\n<\/div>\n<\/div>\n<\/div><\/div>\n\n\n\n<div class=\"wp-block-columns is-style-big-gap is-layout-flex wp-container-core-columns-is-layout-4a4a907b wp-block-columns-is-layout-flex\" style=\"margin-top:var(--wp--preset--spacing--mxl);margin-bottom:var(--wp--preset--spacing--mxl)\">\n<div class=\"hide-on-mobile wp-block-column is-layout-flow wp-block-column-is-layout-flow\">\n<figure class=\"hide-on-mobile wp-block-image size-full is-style-rounded\"><img loading=\"lazy\" decoding=\"async\" width=\"2000\" height=\"1121\" src=\"https:\/\/www.schoenehaut.de\/wp-content\/uploads\/2026\/02\/AdobeStock_1874670024_Preview.jpeg\" alt=\"\" class=\"wp-image-2474\" style=\"aspect-ratio:1;object-fit:cover\"\/><\/figure>\n<\/div>\n\n\n\n<div class=\"wp-block-column is-vertically-aligned-center is-layout-flow wp-block-column-is-layout-flow\">\n<h2 class=\"wp-block-heading\">Willkommen in unserem Institut f\u00fcr medi&shy;zinische Kosmetik Sch\u00f6ne Haut Berlin<\/h2>\n\n\n\n<p>In unserem Institut erwartet dich ein vielseitiges Behandlungsspektrum \u2013 kombiniert mit modernster Technologie und hochwertigem Equipment.<br><br>Unser Ziel: deiner Haut ein frisches, entspanntes und vitales Aussehen zu verleihen, damit du dich rundum wohlf\u00fchlst. Dabei setzen wir auf wirksame, pr\u00e4zise abgestimmte Behandlungen und individuell ausgew\u00e4hlte medizinische Wirkkosmetik.<br><br>Durch die enge Zusammenarbeit von Dermatologinnen und erfahrenen Fachkosmetikerinnen garantieren wir h\u00f6chste Qualit\u00e4ts- und Therapiestandards.<br><br>Gerne beraten wir dich pers\u00f6nlich und entwickeln gemeinsam das passende Behandlungskonzept f\u00fcr deine Haut.<\/p>\n\n\n\n<div class=\"wp-block-buttons is-layout-flex wp-block-buttons-is-layout-flex\">\n<div class=\"wp-block-button is-style-fill\"><a class=\"wp-block-button__link wp-element-button\" href=\"https:\/\/www.schoenehaut.de\/kontakt\/\">Termin vereinbaren<\/a><\/div>\n<\/div>\n<\/div>\n<\/div>\n\n\n\n<div id=\"leistungen\" class=\"wp-block-group has-global-padding is-layout-constrained wp-block-group-is-layout-constrained\"><div class=\"hide-on-mobile splide has-pagination-center is-style-controls-inside-left wp-block-huishu-block-hu-splide-slider\" aria-labelledby=\"\" data-splide=\"{&quot;type&quot;:&quot;fade&quot;,&quot;perPage&quot;:1,&quot;arrows&quot;:true,&quot;autoplay&quot;:true,&quot;speed&quot;:1500,&quot;interval&quot;:4000,&quot;pagination&quot;:true,&quot;rewind&quot;:&quot;true&quot;}\">\n    <div class=\"splide__track\">\n        <ul class=\"splide__list\">\n\n<li class=\"wp-block-huishu-block-splide-slide splide__slide\">\n<div class=\"wp-block-columns is-layout-flex wp-container-core-columns-is-layout-28f84493 wp-block-columns-is-layout-flex\">\n<div class=\"wp-block-column is-vertically-aligned-stretch is-style-border-radius has-olive-background-color has-background is-layout-flow wp-block-column-is-layout-flow\">\n<div class=\"wp-block-group is-layout-flow wp-block-group-is-layout-flow\" style=\"margin-top:var(--wp--preset--spacing--mxl);margin-bottom:var(--wp--preset--spacing--mxl)\">\n<h2 class=\"wp-block-heading has-white-color has-text-color has-link-color wp-elements-7015a7d3eeb913f36c3b72f14261b7f1\" style=\"margin-top:0;margin-right:0;margin-bottom:0;margin-left:0\">Beliebteste \u2028Behandlungen<\/h2>\n\n\n\n<p class=\"has-white-color has-text-color has-link-color wp-elements-e481a737bd8f8eb62f9d6d495d6317f2\" style=\"margin-right:0;margin-left:0\">Das Institut bietet Ihnen ein umfangreiches Angebot an Behandlungen f\u00fcr eine nat\u00fcrliche Erscheinung.<\/p>\n\n\n\n<div class=\"wp-block-buttons is-layout-flex wp-block-buttons-is-layout-flex\">\n<div class=\"wp-block-button is-style-fill\"><a class=\"wp-block-button__link wp-element-button\" href=\"https:\/\/www.schoenehaut.de\/kontakt\/#institut\">Kontaktieren Sie uns<\/a><\/div>\n<\/div>\n<\/div>\n<\/div>\n\n\n\n<div class=\"wp-block-column is-layout-flow wp-block-column-is-layout-flow\"><div class=\"wp-block-schoenehaut-leistungs-kacheln\"><div class=\"schoenehaut-hero-grid layout-top-right\"><a href=\"https:\/\/www.schoenehaut.de\/en\/institut\/hydrafacial-syndeo\/\" class=\"hero-tile\" aria-label=\"HydraFacial\u00ae Syndeo\u2122\"><img decoding=\"async\" src=\"https:\/\/www.schoenehaut.de\/wp-content\/uploads\/2026\/02\/AdobeStock_953124479_Preview.jpeg\" alt=\"\" class=\"tile-image\" aria-hidden=\"true\"><span class=\"tile-title\">HydraFacial\u00ae Syndeo\u2122<\/span><\/a><a href=\"https:\/\/www.schoenehaut.de\/en\/institut\/potenza-radiofrequenz-needling\/\" class=\"hero-tile\" aria-label=\"Potenza\u2122\"><img decoding=\"async\" src=\"https:\/\/www.schoenehaut.de\/wp-content\/uploads\/2026\/03\/istockphoto-1488371906-1024x1024-1.jpg\" alt=\"\" class=\"tile-image\" aria-hidden=\"true\"><span class=\"tile-title\">Potenza\u2122<\/span><\/a><a href=\"https:\/\/www.schoenehaut.de\/en\/institut\/jetpeel\/\" class=\"hero-tile\" aria-label=\"JetPeel\u2122\"><img decoding=\"async\" src=\"https:\/\/www.schoenehaut.de\/wp-content\/uploads\/2026\/02\/istockphoto-2211764441-2048x2048-1.jpg\" alt=\"\" class=\"tile-image\" aria-hidden=\"true\"><span class=\"tile-title\">JetPeel\u2122<\/span><\/a><a href=\"https:\/\/www.schoenehaut.de\/en\/institut\/microneedling\/\" class=\"hero-tile\" aria-label=\"Micro\u00adneedling\"><img decoding=\"async\" src=\"https:\/\/www.schoenehaut.de\/wp-content\/uploads\/2026\/02\/AdobeStock_363965268_Preview.jpeg\" alt=\"\" class=\"tile-image\" aria-hidden=\"true\"><span class=\"tile-title\">Micro\u00adneedling<\/span><\/a><a href=\"https:\/\/www.schoenehaut.de\/en\/institut\/aquagold\/\" class=\"hero-tile\" aria-label=\"Aquagold\u00ae\"><img decoding=\"async\" src=\"https:\/\/www.schoenehaut.de\/wp-content\/uploads\/2026\/02\/AdobeStock_399488316_Preview.jpeg\" alt=\"\" class=\"tile-image\" aria-hidden=\"true\"><span class=\"tile-title\">Aquagold\u00ae<\/span><\/a><\/div><\/div><\/div>\n<\/div>\n<\/li>\n\n\n\n<li class=\"wp-block-huishu-block-splide-slide splide__slide\">\n<div class=\"wp-block-columns is-layout-flex wp-container-core-columns-is-layout-28f84493 wp-block-columns-is-layout-flex\">\n<div class=\"wp-block-column is-vertically-aligned-stretch is-style-border-radius has-olive-background-color has-background is-layout-flow wp-block-column-is-layout-flow\">\n<div class=\"wp-block-group is-layout-flow wp-block-group-is-layout-flow\" style=\"margin-top:var(--wp--preset--spacing--mxl);margin-bottom:var(--wp--preset--spacing--mxl)\">\n<h2 class=\"wp-block-heading has-white-color has-text-color has-link-color wp-elements-7015a7d3eeb913f36c3b72f14261b7f1\" style=\"margin-top:0;margin-right:0;margin-bottom:0;margin-left:0\">Beliebteste \u2028Behandlungen<\/h2>\n\n\n\n<p class=\"has-white-color has-text-color has-link-color wp-elements-e481a737bd8f8eb62f9d6d495d6317f2\" style=\"margin-right:0;margin-left:0\">Das Institut bietet Ihnen ein umfangreiches Angebot an Behandlungen f\u00fcr eine nat\u00fcrliche Erscheinung.<\/p>\n\n\n\n<div class=\"wp-block-buttons is-layout-flex wp-block-buttons-is-layout-flex\">\n<div class=\"wp-block-button is-style-fill\"><a class=\"wp-block-button__link wp-element-button\" href=\"https:\/\/www.schoenehaut.de\/kontakt\/#institut\">Kontaktieren Sie uns<\/a><\/div>\n<\/div>\n<\/div>\n<\/div>\n\n\n\n<div class=\"wp-block-column is-layout-flow wp-block-column-is-layout-flow\"><div class=\"wp-block-schoenehaut-leistungs-kacheln\"><div class=\"schoenehaut-hero-grid layout-top-right\"><a href=\"https:\/\/www.schoenehaut.de\/en\/institut\/peelings\/\" class=\"hero-tile\" aria-label=\"Peelings\"><img decoding=\"async\" src=\"https:\/\/www.schoenehaut.de\/wp-content\/uploads\/2026\/02\/AdobeStock_988887908_Preview.jpeg\" alt=\"\" class=\"tile-image\" aria-hidden=\"true\"><span class=\"tile-title\">Peelings<\/span><\/a><a href=\"https:\/\/www.schoenehaut.de\/en\/institut\/special-glow-pre-event\/\" class=\"hero-tile\" aria-label=\"Glow\"><img decoding=\"async\" src=\"https:\/\/www.schoenehaut.de\/wp-content\/uploads\/2026\/02\/AdobeStock_1801497247_Preview.jpeg\" alt=\"\" class=\"tile-image\" aria-hidden=\"true\"><span class=\"tile-title\">Glow<\/span><\/a><a href=\"https:\/\/www.schoenehaut.de\/en\/institut\/peelings\/microdermabrasion\/\" class=\"hero-tile\" aria-label=\"Microdermabrasion\"><img decoding=\"async\" src=\"https:\/\/www.schoenehaut.de\/wp-content\/uploads\/2026\/02\/Bilder-Hochformat-18.jpg\" alt=\"\" class=\"tile-image\" aria-hidden=\"true\"><span class=\"tile-title\">Microdermabrasion<\/span><\/a><a href=\"https:\/\/www.schoenehaut.de\/en\/institut\/led-intense-mit-celluma\/\" class=\"hero-tile\" aria-label=\"LED-Lichttherapie\"><img decoding=\"async\" src=\"https:\/\/www.schoenehaut.de\/wp-content\/uploads\/2026\/02\/istockphoto-1050196682-2048x2048-1.jpg\" alt=\"\" class=\"tile-image\" aria-hidden=\"true\"><span class=\"tile-title\">LED-Lichttherapie<\/span><\/a><a href=\"https:\/\/www.schoenehaut.de\/en\/institut\/peelings\/fruchtsaeurepeeling\/\" class=\"hero-tile\" aria-label=\"Fruchts\u00e4urepeeling\"><img decoding=\"async\" src=\"https:\/\/www.schoenehaut.de\/wp-content\/uploads\/2026\/02\/Bilder-Hochformat-15.jpg\" alt=\"\" class=\"tile-image\" aria-hidden=\"true\"><span class=\"tile-title\">Fruchts\u00e4urepeeling<\/span><\/a><\/div><\/div><\/div>\n<\/div>\n<\/li>\n\n<\/ul>    <\/div>\n            <div class=\"splide__arrows \"><button class=\"splide__arrow splide__arrow--prev\">\n\t\t\t<i class=\"icon-chevron-left-slider\" aria-label=\"Zum vorherigen Slide\"><\/i>\n\t\t<\/button>\n\t\t<button class=\"splide__arrow splide__arrow--next\">\n\t\t\t<i class=\"icon-chevron-right-slider\" aria-label=\"Zum n\u00e4chsten Slide\"><\/i>\n\t\t<\/button><\/div>\n        <\/div><\/div>\n\n\n\n<div class=\"hide-on-desktop wp-block-cover alignfull is-light\"><span aria-hidden=\"true\" class=\"wp-block-cover__background has-white-background-color has-background-dim-100 has-background-dim\"><\/span><div class=\"wp-block-cover__inner-container has-global-padding is-layout-constrained wp-block-cover-is-layout-constrained\">\n<div class=\"wp-block-columns is-layout-flex wp-container-core-columns-is-layout-28f84493 wp-block-columns-is-layout-flex\">\n<div class=\"wp-block-column is-layout-flow wp-block-column-is-layout-flow\">\n<h2 class=\"wp-block-heading\" style=\"margin-top:0;margin-right:0;margin-bottom:0;margin-left:0\">Beliebteste \u2028Behandlungen<\/h2>\n\n\n\n<p style=\"margin-right:0;margin-left:0\">Das Institut bietet Ihnen ein umfangreiches Angebot an Behandlungen f\u00fcr eine nat\u00fcrliche Erscheinung.<\/p>\n<\/div>\n<\/div>\n\n\n\n<div style=\"height:27px\" aria-hidden=\"true\" class=\"wp-block-spacer\"><\/div>\n\n\n<div class=\"splide has-pagination-center wp-block-huishu-block-hu-splide-slider\" aria-labelledby=\"\" data-splide=\"{&quot;type&quot;:&quot;slide&quot;,&quot;perPage&quot;:4,&quot;arrows&quot;:true,&quot;autoplay&quot;:false,&quot;speed&quot;:400,&quot;interval&quot;:5000,&quot;pagination&quot;:true,&quot;rewind&quot;:&quot;false&quot;}\">\n    <div class=\"splide__track\">\n        <ul class=\"splide__list\">\n\n<li class=\"wp-block-huishu-block-splide-slide splide__slide\"><div class=\"schoenehaut-behandlungs-grid wp-block-schoenehaut-behandlungs-kacheln\"><a href=\"https:\/\/www.schoenehaut.de\/en\/institut\/hydrafacial-syndeo\/\" class=\"behandlungs-tile\" aria-label=\"HydraFacial\u00ae Syndeo\u2122\">\n                <img decoding=\"async\" src=\"https:\/\/www.schoenehaut.de\/wp-content\/uploads\/2026\/02\/AdobeStock_953124479_Preview.jpeg\" alt=\"\" class=\"tile-image\" aria-hidden=\"true\">\n                <span class=\"tile-title\">HydraFacial\u00ae Syndeo\u2122<\/span>\n            <\/a><\/div><\/li>\n\n\n\n<li class=\"wp-block-huishu-block-splide-slide splide__slide\"><div class=\"schoenehaut-behandlungs-grid wp-block-schoenehaut-behandlungs-kacheln\"><a href=\"https:\/\/www.schoenehaut.de\/en\/institut\/jetpeel\/\" class=\"behandlungs-tile\" aria-label=\"JetPeel\u2122\">\n                <img decoding=\"async\" src=\"https:\/\/www.schoenehaut.de\/wp-content\/uploads\/2026\/02\/istockphoto-2211764441-2048x2048-1.jpg\" alt=\"\" class=\"tile-image\" aria-hidden=\"true\">\n                <span class=\"tile-title\">JetPeel\u2122<\/span>\n            <\/a><\/div><\/li>\n\n\n\n<li class=\"wp-block-huishu-block-splide-slide splide__slide\"><div class=\"schoenehaut-behandlungs-grid wp-block-schoenehaut-behandlungs-kacheln\"><a href=\"https:\/\/www.schoenehaut.de\/en\/institut\/microneedling\/\" class=\"behandlungs-tile\" aria-label=\"Microneedling\">\n                <img decoding=\"async\" src=\"https:\/\/www.schoenehaut.de\/wp-content\/uploads\/2026\/02\/AdobeStock_363965268_Preview.jpeg\" alt=\"\" class=\"tile-image\" aria-hidden=\"true\">\n                <span class=\"tile-title\">Microneedling<\/span>\n            <\/a><\/div><\/li>\n\n\n\n<li class=\"wp-block-huishu-block-splide-slide splide__slide\"><div class=\"schoenehaut-behandlungs-grid wp-block-schoenehaut-behandlungs-kacheln\"><a href=\"https:\/\/www.schoenehaut.de\/en\/institut\/potenza-radiofrequenz-needling\/\" class=\"behandlungs-tile\" aria-label=\"Potenza\u2122\">\n                <img decoding=\"async\" src=\"https:\/\/www.schoenehaut.de\/wp-content\/uploads\/2026\/03\/istockphoto-1488371906-1024x1024-1.jpg\" alt=\"\" class=\"tile-image\" aria-hidden=\"true\">\n                <span class=\"tile-title\">Potenza\u2122<\/span>\n            <\/a><\/div><\/li>\n\n\n\n<li class=\"wp-block-huishu-block-splide-slide splide__slide\"><div class=\"schoenehaut-behandlungs-grid wp-block-schoenehaut-behandlungs-kacheln\"><a href=\"https:\/\/www.schoenehaut.de\/en\/institut\/aquagold\/\" class=\"behandlungs-tile\" aria-label=\"Aquagold\u00ae\">\n                <img decoding=\"async\" src=\"https:\/\/www.schoenehaut.de\/wp-content\/uploads\/2026\/02\/AdobeStock_399488316_Preview.jpeg\" alt=\"\" class=\"tile-image\" aria-hidden=\"true\">\n                <span class=\"tile-title\">Aquagold\u00ae<\/span>\n            <\/a><\/div><\/li>\n\n\n\n<li class=\"wp-block-huishu-block-splide-slide splide__slide\"><div class=\"schoenehaut-behandlungs-grid wp-block-schoenehaut-behandlungs-kacheln\"><a href=\"https:\/\/www.schoenehaut.de\/en\/institut\/peelings\/\" class=\"behandlungs-tile\" aria-label=\"Peelings\">\n                <img decoding=\"async\" src=\"https:\/\/www.schoenehaut.de\/wp-content\/uploads\/2026\/02\/AdobeStock_988887908_Preview.jpeg\" alt=\"\" class=\"tile-image\" aria-hidden=\"true\">\n                <span class=\"tile-title\">Peelings<\/span>\n            <\/a><\/div><\/li>\n\n\n\n<li class=\"wp-block-huishu-block-splide-slide splide__slide\"><div class=\"schoenehaut-behandlungs-grid wp-block-schoenehaut-behandlungs-kacheln\"><a href=\"https:\/\/www.schoenehaut.de\/en\/institut\/special-glow-pre-event\/\" class=\"behandlungs-tile\" aria-label=\"Glow\">\n                <img decoding=\"async\" src=\"https:\/\/www.schoenehaut.de\/wp-content\/uploads\/2026\/02\/AdobeStock_1801497247_Preview.jpeg\" alt=\"\" class=\"tile-image\" aria-hidden=\"true\">\n                <span class=\"tile-title\">Glow<\/span>\n            <\/a><\/div><\/li>\n\n\n\n<li class=\"wp-block-huishu-block-splide-slide splide__slide\"><div class=\"schoenehaut-behandlungs-grid wp-block-schoenehaut-behandlungs-kacheln\"><a href=\"https:\/\/www.schoenehaut.de\/en\/institut\/led-intense-mit-celluma\/\" class=\"behandlungs-tile\" aria-label=\"LED-Lichttherapie\">\n                <img decoding=\"async\" src=\"https:\/\/www.schoenehaut.de\/wp-content\/uploads\/2026\/02\/istockphoto-1050196682-2048x2048-1.jpg\" alt=\"\" class=\"tile-image\" aria-hidden=\"true\">\n                <span class=\"tile-title\">LED-Lichttherapie<\/span>\n            <\/a><\/div><\/li>\n\n\n\n<li class=\"wp-block-huishu-block-splide-slide splide__slide\"><div class=\"schoenehaut-behandlungs-grid wp-block-schoenehaut-behandlungs-kacheln\"><a href=\"https:\/\/www.schoenehaut.de\/en\/institut\/peelings\/microdermabrasion\/\" class=\"behandlungs-tile\" aria-label=\"Microdermabrasion\">\n                <img decoding=\"async\" src=\"https:\/\/www.schoenehaut.de\/wp-content\/uploads\/2026\/02\/Bilder-Hochformat-18.jpg\" alt=\"\" class=\"tile-image\" aria-hidden=\"true\">\n                <span class=\"tile-title\">Microdermabrasion<\/span>\n            <\/a><\/div><\/li>\n\n\n\n<li class=\"wp-block-huishu-block-splide-slide splide__slide\"><div class=\"schoenehaut-behandlungs-grid wp-block-schoenehaut-behandlungs-kacheln\"><a href=\"https:\/\/www.schoenehaut.de\/en\/institut\/peelings\/fruchtsaeurepeeling\/\" class=\"behandlungs-tile\" aria-label=\"Fruchts\u00e4urepeeling\">\n                <img decoding=\"async\" src=\"https:\/\/www.schoenehaut.de\/wp-content\/uploads\/2026\/02\/Bilder-Hochformat-15.jpg\" alt=\"\" class=\"tile-image\" aria-hidden=\"true\">\n                <span class=\"tile-title\">Fruchts\u00e4urepeeling<\/span>\n            <\/a><\/div><\/li>\n\n<\/ul>    <\/div>\n            <div class=\"splide__arrows \"><button class=\"splide__arrow splide__arrow--prev\">\n\t\t\t<i class=\"icon-chevron-left-slider\" aria-label=\"Zum vorherigen Slide\"><\/i>\n\t\t<\/button>\n\t\t<button class=\"splide__arrow splide__arrow--next\">\n\t\t\t<i class=\"icon-chevron-right-slider\" aria-label=\"Zum n\u00e4chsten Slide\"><\/i>\n\t\t<\/button><\/div>\n        <\/div>\n\n\n<div style=\"height:22px\" aria-hidden=\"true\" class=\"wp-block-spacer\"><\/div>\n<\/div><\/div>\n\n\n\n<div style=\"height:50px\" aria-hidden=\"true\" class=\"hide-on-desktop wp-block-spacer\"><\/div>\n","protected":false},"excerpt":{"rendered":"<p>Willkommen in unserem Institut f\u00fcr medizinische Kosmetik Sch\u00f6ne Haut Berlin In unserem Institut erwartet dich ein vielseitiges Behandlungsspektrum \u2013 kombiniert mit modernster Technologie und hochwertigem Equipment. Unser Ziel: deiner Haut ein frisches, entspanntes und vitales Aussehen zu verleihen, damit du dich rundum wohlf\u00fchlst. Dabei setzen wir auf wirksame, pr\u00e4zise abgestimmte Behandlungen und individuell ausgew\u00e4hlte medizinische [&hellip;]<\/p>\n","protected":false},"author":1,"featured_media":0,"parent":0,"menu_order":50,"comment_status":"closed","ping_status":"closed","template":"institut","meta":{"footnotes":""},"class_list":["post-807","page","type-page","status-publish","hentry"],"_links":{"self":[{"href":"https:\/\/www.schoenehaut.de\/en\/wp-json\/wp\/v2\/pages\/807","targetHints":{"allow":["GET"]}}],"collection":[{"href":"https:\/\/www.schoenehaut.de\/en\/wp-json\/wp\/v2\/pages"}],"about":[{"href":"https:\/\/www.schoenehaut.de\/en\/wp-json\/wp\/v2\/types\/page"}],"author":[{"embeddable":true,"href":"https:\/\/www.schoenehaut.de\/en\/wp-json\/wp\/v2\/users\/1"}],"replies":[{"embeddable":true,"href":"https:\/\/www.schoenehaut.de\/en\/wp-json\/wp\/v2\/comments?post=807"}],"version-history":[{"count":116,"href":"https:\/\/www.schoenehaut.de\/en\/wp-json\/wp\/v2\/pages\/807\/revisions"}],"predecessor-version":[{"id":5901,"href":"https:\/\/www.schoenehaut.de\/en\/wp-json\/wp\/v2\/pages\/807\/revisions\/5901"}],"wp:attachment":[{"href":"https:\/\/www.schoenehaut.de\/en\/wp-json\/wp\/v2\/media?parent=807"}],"curies":[{"name":"wp","href":"https:\/\/api.w.org\/{rel}","templated":true}]}}