{"id":809,"date":"2026-01-29T12:08:51","date_gmt":"2026-01-29T11:08:51","guid":{"rendered":"https:\/\/www.schoenehaut.de\/?page_id=809"},"modified":"2026-03-25T09:50:31","modified_gmt":"2026-03-25T08:50:31","slug":"ueber-uns","status":"publish","type":"page","link":"https:\/\/www.schoenehaut.de\/en\/ueber-uns\/","title":{"rendered":"\u00dcber uns"},"content":{"rendered":"\n<div style=\"height:213px\" aria-hidden=\"true\" class=\"hide-on-mobile wp-block-spacer\"><\/div>\n\n\n\n<div style=\"height:80px\" aria-hidden=\"true\" class=\"hide-on-desktop wp-block-spacer\"><\/div>\n\n\n\n<div class=\"wp-block-columns is-style-big-gap is-layout-flex wp-container-core-columns-is-layout-28f84493 wp-block-columns-is-layout-flex\">\n<div class=\"wp-block-column is-layout-flow wp-block-column-is-layout-flow\"><div class=\"splide has-pagination-center is-style-controls-inside has-radius wp-block-huishu-block-hu-splide-slider\" aria-labelledby=\"\" data-splide=\"{&quot;type&quot;:&quot;fade&quot;,&quot;perPage&quot;:1,&quot;arrows&quot;:true,&quot;autoplay&quot;:true,&quot;speed&quot;:1500,&quot;interval&quot;:4000,&quot;pagination&quot;:true,&quot;rewind&quot;:&quot;true&quot;}\">\n    <div class=\"splide__track\">\n        <ul class=\"splide__list\">\n\n<li class=\"wp-block-huishu-block-splide-slide splide__slide\">\n<figure class=\"wp-block-image size-full is-resized\"><img loading=\"lazy\" decoding=\"async\" width=\"1708\" height=\"2560\" src=\"https:\/\/www.schoenehaut.de\/wp-content\/uploads\/2026\/03\/RL01202_7305-scaled.jpg\" alt=\"\" class=\"wp-image-4998\" style=\"aspect-ratio:16\/9;object-fit:cover;width:auto;height:650px\"\/><\/figure>\n<\/li>\n\n\n\n<li class=\"wp-block-huishu-block-splide-slide splide__slide\">\n<figure class=\"wp-block-image size-full is-resized\"><img loading=\"lazy\" decoding=\"async\" width=\"2000\" height=\"1334\" src=\"https:\/\/www.schoenehaut.de\/wp-content\/uploads\/2026\/01\/RL01202_6345.jpg\" alt=\"\" class=\"wp-image-1212\" style=\"aspect-ratio:16\/9;object-fit:cover;width:auto;height:650px\"\/><\/figure>\n<\/li>\n\n<\/ul>    <\/div>\n            <div class=\"splide__arrows \"><button class=\"splide__arrow splide__arrow--prev\">\n\t\t\t<i class=\"icon-chevron-left-slider\" aria-label=\"Zum vorherigen Slide\"><\/i>\n\t\t<\/button>\n\t\t<button class=\"splide__arrow splide__arrow--next\">\n\t\t\t<i class=\"icon-chevron-right-slider\" aria-label=\"Zum n\u00e4chsten Slide\"><\/i>\n\t\t<\/button><\/div>\n        <\/div><\/div>\n\n\n\n<div class=\"wp-block-column is-vertically-aligned-center is-layout-flow wp-block-column-is-layout-flow\">\n<h2 class=\"wp-block-heading\">Die Praxis<\/h2>\n\n\n\n<p class=\"has-large-font-size\">Schwerpunkte &amp; Behandlungskonzept<\/p>\n\n\n\n<p>Die Schwerpunkte unserer Praxis liegen in der \u00e4sthetischen Medizin, innovativen Laserbehandlungen sowie ambulanten operativen Eingriffen. Ein integrierter, modern ausgestatteter Operationsbereich sowie hochmoderne, klinisch bew\u00e4hrte Lasersysteme erm\u00f6glichen operative und laserbasierte Behandlungen auf h\u00f6chstem medizinischen Niveau direkt vor Ort.<br><br>Sowohl die Praxisr\u00e4ume als auch unser Institut f\u00fcr medizinische Kosmetik sind mit modernstem Equipment ausgestattet. Neueste Technologien, pr\u00e4zise Ger\u00e4tegenerationen und ein anspruchsvolles Raumkonzept schaffen optimale Voraussetzungen f\u00fcr sichere, effektive und komfortable Behandlungen. Ziel all unserer Ma\u00dfnahmen ist es, das Hautbild schnellstm\u00f6glich, sichtbar und zugleich nachhaltig zu verbessern.<br><br>Therapiebegleitend bieten wir im Institut Sch\u00f6ne Haut Berlin medizinisch-kosmetische Anwendungen an, die individuell auf \u00e4rztliche Behandlungen abgestimmt sind. Diese unterst\u00fctzen die Regeneration der Haut, intensivieren Behandlungsergebnisse und tragen wesentlich zu einer raschen Optimierung von Hautstruktur, Ausstrahlung und Hautgesundheit bei.<\/p>\n<\/div>\n<\/div>\n\n\n\n<div class=\"wp-block-group alignfull has-white-background-color has-background has-global-padding is-layout-constrained wp-block-group-is-layout-constrained\">\n<div class=\"wp-block-columns is-layout-flex wp-container-core-columns-is-layout-f0342b05 wp-block-columns-is-layout-flex\" style=\"margin-top:0;margin-bottom:0\">\n<div class=\"wp-block-column is-layout-flow wp-block-column-is-layout-flow\" style=\"flex-basis:60%\">\n<div style=\"height:61px\" aria-hidden=\"true\" class=\"wp-block-spacer\"><\/div>\n\n\n\n<h2 class=\"wp-block-heading is-style-h2\">Qualit\u00e4t UND langj\u00e4hrige Erfahrung<\/h2>\n\n\n\n<p>Bei Sch\u00f6ne Haut Berlin stehen Qualit\u00e4t, langj\u00e4hrige Erfahrung und eine vertrauensvolle Arzt-Patienten-Kommunikation im Mittelpunkt. Auf dieser Basis entwickeln wir ma\u00dfgeschneiderte, evidenzbasierte Therapiekonzepte, die medizinische Pr\u00e4zision mit \u00e4sthetischem Feingef\u00fchl verbinden und auf effiziente Ergebnisse ausgerichtet sind.<\/p>\n\n\n\n<p>Sch\u00f6nheit verstehen wir als Ausdruck von Nat\u00fcrlichkeit, Ausstrahlung und innerer Zufriedenheit. Unser Anspruch sind authentische Ergebnisse, die die individuelle Sch\u00f6nheit bewahren und unterstreichen. Der Fokus liegt dabei konsequent auf Optimierung, nicht auf Ver\u00e4nderung.<\/p>\n\n\n\n<div style=\"height:61px\" aria-hidden=\"true\" class=\"wp-block-spacer\"><\/div>\n<\/div>\n\n\n\n<div class=\"hide-on-mobile wp-block-column is-layout-flow wp-block-column-is-layout-flow\" style=\"flex-basis:5%\"><\/div>\n\n\n\n<div class=\"hide-on-mobile wp-block-column is-layout-flow wp-block-column-is-layout-flow\" style=\"flex-basis:35.9%\">\n<figure class=\"hide-on-mobile wp-block-image size-full is-resized is-style-right-edge\"><img loading=\"lazy\" decoding=\"async\" width=\"2560\" height=\"1708\" src=\"https:\/\/www.schoenehaut.de\/wp-content\/uploads\/2026\/03\/RL01202_6378-scaled.jpg\" alt=\"\" class=\"wp-image-5590\" style=\"width:auto;height:600px\"\/><\/figure>\n<\/div>\n<\/div>\n<\/div>\n\n\n\n<div class=\"wp-block-columns is-style-medium-gap is-layout-flex wp-container-core-columns-is-layout-28f84493 wp-block-columns-is-layout-flex\">\n<div class=\"wp-block-column is-layout-flow wp-block-column-is-layout-flow\">\n<figure class=\"wp-block-image size-full is-style-rounded\"><img loading=\"lazy\" decoding=\"async\" width=\"2000\" height=\"1334\" src=\"https:\/\/www.schoenehaut.de\/wp-content\/uploads\/2026\/01\/RL01202_7396.jpg\" alt=\"\" class=\"wp-image-1213\"\/><\/figure>\n\n\n\n<div style=\"height:50px\" aria-hidden=\"true\" class=\"wp-block-spacer\"><\/div>\n\n\n\n<h2 class=\"wp-block-heading has-text-align-left has-large-font-size\">\u00bbSch\u00f6nheit beginnt in dem Moment, in dem du beschlie\u00dft, du selbst zu sein.\u00ab<\/h2>\n\n\n\n<p class=\"has-text-align-right\"><em>\u2014 Coco Chanel<\/em><\/p>\n<\/div>\n\n\n\n<div class=\"wp-block-column is-layout-flow wp-block-column-is-layout-flow\">\n<h2 class=\"wp-block-heading\" id=\"philosophie\">uNSERE Philosophie<\/h2>\n\n\n\n<p>Bei Sch\u00f6ne Haut Berlin stehen Sie und Ihre Haut im Mittelpunkt. Uns ist wichtig, dass Sie sich mit Ihrer Haut rundum wohlf\u00fchlen \u2013 so, wie Sie sind. Denn sch\u00f6ne Haut bedeutet f\u00fcr uns vor allem eines: Nat\u00fcrlichkeit, Selbstvertrauen und ein gutes Gef\u00fchl im eigenen K\u00f6rper.<\/p>\n\n\n\n<p>In unserer Praxis verbinden wir medizinische Fachkompetenz mit einem Blick f\u00fcrs Wesentliche: Sie als Mensch. Wir nehmen uns Zeit, h\u00f6ren zu und finden gemeinsam Wege, Ihre Hautgesundheit und Ihr pers\u00f6nliches Wohlbefinden zu st\u00e4rken. Jeder Mensch ist bei uns willkommen \u2013 mit \u00e4sthetischen W\u00fcnschen genauso wie mit dermatologischen Anliegen.<\/p>\n\n\n\n<p>Ob moderne Laserbehandlungen, sanfte Filler-Techniken, Botox oder medizinische Hautpflege: Unser Ziel ist nicht die Ver\u00e4nderung, sondern die Betonung Ihrer nat\u00fcrlichen Sch\u00f6nheit. Wir setzen auf Methoden, die zu Ihnen passen und Ergebnisse, die sich harmonisch anf\u00fchlen.<\/p>\n\n\n\n<p>Unter der \u00e4rztlichen Leitung von Dr. med. Meike Schr\u00f6der arbeitet ein erfahrenes Team aus spezialisierten Fach\u00e4rzt:innen und medizinischem Personal mit gro\u00dfem Engagement und Feingef\u00fchl. Wir legen Wert auf ehrliche Beratung, evidenzbasierte Methoden und Transparenz \u2013 von Ihrer ersten Beratung bis zur Nachsorge begleiten wir Sie vertrauensvoll und individuell.<\/p>\n\n\n\n<p>Dr. med. Meike Schr\u00f6der ist seit vielen Jahren in der \u00e4sthetischen Medizin t\u00e4tig und auch als Referentin f\u00fcr verantwortungsvolle Behandlungsans\u00e4tze gefragt. Durch ihre langj\u00e4hrige Erfahrung und fachliche Expertise setzt sie Ma\u00dfst\u00e4be f\u00fcr moderne, wissenschaftlich fundierte Behandlungskonzepte, die Nat\u00fcrlichkeit bewahren und das langfristige Wohlbefinden f\u00f6rdern.<\/p>\n\n\n\n<p>Diese Haltung pr\u00e4gt die Philosophie von Sch\u00f6ne Haut Berlin: Im Mittelpunkt stehen immer Sie \u2013 mit Ihren individuellen Bed\u00fcrfnissen und W\u00fcnschen.<\/p>\n<\/div>\n<\/div>\n\n\n\n<div class=\"wp-block-columns is-style-medium-gap is-layout-flex wp-container-core-columns-is-layout-28f84493 wp-block-columns-is-layout-flex\">\n<div class=\"wp-block-column is-layout-flow wp-block-column-is-layout-flow\">\n<h2 class=\"wp-block-heading\">Standort<\/h2>\n\n\n\n<p>Die Praxis befindet sich im \u00c4rztezentrum Clayallee in Berlin und profitiert von der interdisziplin\u00e4ren Zusammenarbeit verschiedener medizinischer Fachrichtungen.<\/p>\n\n\n\n<div class=\"wp-block-buttons is-layout-flex wp-block-buttons-is-layout-flex\">\n<div class=\"wp-block-button is-style-outline is-style-outline--1\"><a class=\"wp-block-button__link wp-element-button\" href=\"https:\/\/www.google.com\/maps\/dir\/\/Sch%C3%B6neHaut+-+Praxis+Dr.+med.+Meike+Schr%C3%B6der,+Clayallee+343,+14169+Berlin\/data=!4m6!4m5!1m1!4e2!1m2!1m1!1s0x47a85a31a0b56853:0xd6ffab1728057eb2?sa=X&amp;ved=1t:57443&amp;ictx=111\" style=\"border-top-left-radius:100px;border-top-right-radius:100px;border-bottom-left-radius:100px;border-bottom-right-radius:100px\" target=\"_blank\" rel=\"noreferrer noopener\">Routenplanung<\/a><\/div>\n<\/div>\n<\/div>\n\n\n\n<div class=\"wp-block-column is-layout-flow wp-block-column-is-layout-flow\">\n<figure class=\"hide-on-mobile wp-block-image size-full is-style-rounded\"><img loading=\"lazy\" decoding=\"async\" width=\"1508\" height=\"1121\" src=\"https:\/\/www.schoenehaut.de\/wp-content\/uploads\/2026\/03\/AdobeStock_807796786_Preview.jpeg\" alt=\"\" class=\"wp-image-5103\"\/><\/figure>\n<\/div>\n<\/div>\n\n\n\n<div class=\"wp-block-columns is-style-medium-gap is-layout-flex wp-container-core-columns-is-layout-28f84493 wp-block-columns-is-layout-flex\">\n<div class=\"wp-block-column is-layout-flow wp-block-column-is-layout-flow\">\n<figure class=\"hide-on-mobile wp-block-image size-full is-style-rounded\"><img loading=\"lazy\" decoding=\"async\" width=\"2000\" height=\"1334\" src=\"https:\/\/www.schoenehaut.de\/wp-content\/uploads\/2026\/01\/RL01202_6345.jpg\" alt=\"\" class=\"wp-image-1212\"\/><\/figure>\n<\/div>\n\n\n\n<div class=\"wp-block-column is-layout-flow wp-block-column-is-layout-flow\">\n<h2 class=\"wp-block-heading\">Das praxisteam<\/h2>\n\n\n\n<figure class=\"hide-on-desktop wp-block-image size-full is-style-rounded\"><img loading=\"lazy\" decoding=\"async\" width=\"2000\" height=\"1334\" src=\"https:\/\/www.schoenehaut.de\/wp-content\/uploads\/2026\/01\/RL01202_6345.jpg\" alt=\"\" class=\"wp-image-1212\"\/><\/figure>\n\n\n\n<details class=\"wp-block-huishu-agentur-huishu-faq-block\"><summary><span><strong>Dr. med. Meike Schr\u00f6der<\/strong><\/span><\/summary><div class=\"faq-details is-layout-flow\">\n<figure class=\"wp-block-image size-large is-style-rounded\"><img loading=\"lazy\" decoding=\"async\" width=\"1024\" height=\"683\" src=\"https:\/\/www.schoenehaut.de\/wp-content\/uploads\/2026\/01\/RL01202_6881-1024x683.jpg\" alt=\"\" class=\"wp-image-906\"\/><\/figure>\n\n\n\n<p>Fach\u00e4rztin f\u00fcr Dermatologie und Venerologie \u00b7 Allergologie<br><br>Dr. med. Meike Schr\u00f6der studierte Humanmedizin an der Georg-August-Universit\u00e4t G\u00f6ttingen sowie an der Medizinischen Hochschule Hannover.<br><br>Ihre dermatologische Ausbildung absolvierte sie an renommierten Universit\u00e4tskliniken in Mannheim, Z\u00fcrich, Berlin und Magdeburg.<br><br>Die Facharztausbildung erfolgte am Universit\u00e4tsklinikum Benjamin Franklin in Berlin, wo sie mit summa cum laude promovierte.<br><br>F\u00fcr die Promotion wurde ihr 1997 der Stiefelpreis verliehen.<br><br>T\u00e4tigkeit als Fach\u00e4rztin f\u00fcr Dermatologie und Venerologie am Universit\u00e4tsklinikum Magdeburg in leitender Funktion der operativen und lasermedizinischen Abteilung.<br><br>Zusatzbezeichnungen f\u00fcr Allergologie, Psychosomatik und Naturheilverfahren.<br>Zertifizierte Expertin f\u00fcr Skin Longevity, Spezialistin f\u00fcr \u00e4sthetische Lasermedizin und Anti-Aging. Seit 2003 f\u00fchrt Dr. med. Meike Schr\u00f6der die dermatologische Praxis Sch\u00f6ne Haut in Berlin. Die Schwerpunkte liegen auf operativer und \u00e4sthetischer Dermatologie sowie Lasermedizin.<br><br>Ein besonderer Fokus gilt der evidenzbasierten, nicht-operativen Gesichtsverj\u00fcngung im Sinne von Skin Longevity \u2013 mit dem Ziel, Hautgesundheit, Struktur und Ausstrahlung langfristig zu erhalten.<br><br>Die regelm\u00e4\u00dfige Teilnahme an den renommiertesten Fachkongressen weltweit sowie die Durchf\u00fchrung eigener Lehrveranstaltungen und Vortr\u00e4ge sind f\u00fcr sie selbstverst\u00e4ndlich \u2013 mit dem Anspruch, stets den h\u00f6chsten internationalen Standard moderner Behandlungstechniken zu gew\u00e4hrleisten.<br><br>Dr. med. Meike Schr\u00f6der ist Vorstandsvorsitzende der AADI (Arbeitsgemeinschaft \u00c4sthetik und dermatologische Institute). Dar\u00fcber hinaus ist sie Mitglied in zahlreichen Advisory Boards und Fachgesellschaften, darunter die Deutsche Dermatologische Gesellschaft (DDG), die European Academy of Dermatology and Venereology (EADV), die Deutsche Gesellschaft f\u00fcr Botulinum- und Fillertherapie (DGBT), der Berufsverband der Deutschen Dermatologen (BVDD), dem SkinCeuticals Advisory Board sowie dem Hartmannbund.<\/p>\n<\/div><\/details>\n\n\n\n<details class=\"wp-block-huishu-agentur-huishu-faq-block\"><summary><span><strong>Frau Sabrina Seidel<\/strong><\/span><\/summary><div class=\"faq-details is-layout-flow\">\n<figure class=\"wp-block-image size-large is-style-rounded\"><img loading=\"lazy\" decoding=\"async\" width=\"1024\" height=\"683\" src=\"https:\/\/www.schoenehaut.de\/wp-content\/uploads\/2026\/03\/RL01202_5983-1-1024x683.jpg\" alt=\"\" class=\"wp-image-5049\"\/><\/figure>\n\n\n\n<p>Frau Sabrina Seidel studierte Human- und Zahnmedizin an der Martin-Luther-Universit\u00e4t Halle-Wittenberg sowie an der Charit\u00e9 \u2013 Universit\u00e4tsmedizin Berlin. Die Approbation zur \u00c4rztin erhielt sie 2012.<br><br>Die Weiterbildung zur Fach\u00e4rztin f\u00fcr Haut- und Geschlechtskrankheiten absolvierte sie von 2013 bis 2020 an der Universit\u00e4tsklinik Magdeburg unter Prof. Dr. med. H. Gollnick und Prof. Dr. med. T. T\u00fcting. Ihre klinischen Schwerpunkte lagen in der allgemeinen und operativen Dermatologie, der Dermatoonkologie, Akne (inkl. Akne inversa) sowie chronischen und entz\u00fcndlichen Hauterkrankungen.<br><br>Seit 2022 ist Frau Seidel als angestellte \u00c4rztin in der Praxis von Dr. med. Meike Schr\u00f6der t\u00e4tig. Ihre Behandlungsschwerpunkte sind Akne, Rosacea, klassische und operative Dermatologie sowie \u00e4sthetische Fragestellungen der Anti-Aging- und Lasermedizin.<\/p>\n<\/div><\/details>\n\n\n\n<details class=\"wp-block-huishu-agentur-huishu-faq-block\"><summary><span><strong>Dr. med. Caren Wehrmann<\/strong><\/span><\/summary><div class=\"faq-details is-layout-flow\">\n<figure class=\"wp-block-image size-large is-style-rounded\"><img loading=\"lazy\" decoding=\"async\" width=\"1024\" height=\"683\" src=\"https:\/\/www.schoenehaut.de\/wp-content\/uploads\/2026\/03\/RL01202_6130-1-1024x683.jpg\" alt=\"\" class=\"wp-image-5050\"\/><\/figure>\n\n\n\n<p>Frau Dr. med. Caren Wehrmann studierte Humanmedizin an der Universit\u00e4t Ulm und absolvierte Teile ihres klinischen Studiums im Ausland, unter anderem an der Universidad de la Laguna in Spanien sowie im Rahmen von Unterassistenzen in der Dermatologie am Universit\u00e4tsspital Z\u00fcrich und in der Chirurgie an der Universidad de Buenos Aires. Die Approbation zur \u00c4rztin erfolgte im Jahr 2012.<\/p>\n\n\n\n<p>Ihre Weiterbildung zur Fach\u00e4rztin f\u00fcr Dermatologie und Venerologie absolvierte sie zun\u00e4chst am Klinikum Stuttgart mit Schwerpunkten in der allgemeinen und operativen Dermatologie, Hauttumorchirurgie, Phlebologie und Histopathologie. Anschlie\u00dfend setzte sie ihre Weiterbildung am Universit\u00e4tsklinikum Essen fort, mit besonderem Fokus auf dermatologische Onkologie, Psoriasis und dermatologische Chirurgie. Die Facharztpr\u00fcfung legte sie im M\u00e4rz 2018 ab.<\/p>\n\n\n\n<p>Von 2018 bis 2025 war Frau Dr. med. Wehrmann als operative Ober\u00e4rztin an der Klinik f\u00fcr Dermatologie und Venerologie des Vivantes Klinikums Neuk\u00f6lln t\u00e4tig.<\/p>\n<\/div><\/details>\n<\/div>\n<\/div>\n\n\n\n<div class=\"wp-block-group alignfull has-white-background-color has-background has-global-padding is-layout-constrained wp-block-group-is-layout-constrained\" id=\"karriere\" style=\"margin-bottom:var(--wp--preset--spacing--m)\">\n<div class=\"wp-block-columns is-layout-flex wp-container-core-columns-is-layout-f0342b05 wp-block-columns-is-layout-flex\" style=\"margin-top:0;margin-bottom:0\">\n<div class=\"wp-block-column is-layout-flow wp-block-column-is-layout-flow\" style=\"flex-basis:60%\">\n<div style=\"height:61px\" aria-hidden=\"true\" class=\"wp-block-spacer\"><\/div>\n\n\n\n<h2 class=\"wp-block-heading is-style-h2\">Karriere bei Sch\u00f6ne haut<\/h2>\n\n\n\n<p class=\"has-large-font-size\">Aktuelle Stellenausschreibungen<\/p>\n\n\n\n<details class=\"wp-block-huishu-agentur-huishu-faq-block\"><summary><span>MFA gesucht<\/span><\/summary><div class=\"faq-details is-layout-flow\">\n<p>Wir suchen ab sofort eine medizinische Fachangestellte zur Unterst\u00fctzung unseres Teams !<\/p>\n\n\n\n<p>Die Stelle kann sowohl in Vollzeit wie auch in Teilzeit besetzt werden. Es erwartet Sie ein tolles Team und ein spannendes und vielseitiges Aufgabengebiet. Ihre Bewerbung senden Sie bitte an: info@schoenehaut.de<\/p>\n<\/div><\/details>\n\n\n\n<details class=\"wp-block-huishu-agentur-huishu-faq-block\"><summary><span>Medizinische Kosmetikerin<\/span><\/summary><div class=\"faq-details is-layout-flow\">\n<p>Wir suchen ab sofort zur Unterst\u00fctzung unseres netten Teams eine zuverl\u00e4ssige, motivierte Kosmetikerin in Vollzeit.<\/p>\n\n\n\n<p>Richten Sie Ihre Bewerbungen bitte an Institut@schoenehaut.de oder postalisch an<\/p>\n\n\n\n<p>Dr. med. Meike Schr\u00f6der<br>Praxis f\u00fcr Dermatologie<br>Clayallee 343<br>14169 Berlin<\/p>\n<\/div><\/details>\n\n\n\n<div style=\"height:61px\" aria-hidden=\"true\" class=\"wp-block-spacer\"><\/div>\n<\/div>\n\n\n\n<div class=\"hide-on-mobile wp-block-column is-layout-flow wp-block-column-is-layout-flow\" style=\"flex-basis:5%\"><\/div>\n\n\n\n<div class=\"hide-on-mobile wp-block-column is-layout-flow wp-block-column-is-layout-flow\" style=\"flex-basis:35.9%\">\n<figure class=\"hide-on-mobile wp-block-image size-full is-style-right-edge\"><img loading=\"lazy\" decoding=\"async\" width=\"2000\" height=\"1334\" src=\"https:\/\/www.schoenehaut.de\/wp-content\/uploads\/2026\/01\/RL01202_7222.jpg\" alt=\"\" class=\"wp-image-907\"\/><\/figure>\n<\/div>\n<\/div>\n<\/div>\n","protected":false},"excerpt":{"rendered":"<p>Die Praxis Schwerpunkte &amp; Behandlungskonzept Die Schwerpunkte unserer Praxis liegen in der \u00e4sthetischen Medizin, innovativen Laserbehandlungen sowie ambulanten operativen Eingriffen. Ein integrierter, modern ausgestatteter Operationsbereich sowie hochmoderne, klinisch bew\u00e4hrte Lasersysteme erm\u00f6glichen operative und laserbasierte Behandlungen auf h\u00f6chstem medizinischen Niveau direkt vor Ort. Sowohl die Praxisr\u00e4ume als auch unser Institut f\u00fcr medizinische Kosmetik sind mit modernstem [&hellip;]<\/p>\n","protected":false},"author":1,"featured_media":0,"parent":0,"menu_order":60,"comment_status":"closed","ping_status":"closed","template":"","meta":{"footnotes":""},"class_list":["post-809","page","type-page","status-publish","hentry"],"_links":{"self":[{"href":"https:\/\/www.schoenehaut.de\/en\/wp-json\/wp\/v2\/pages\/809","targetHints":{"allow":["GET"]}}],"collection":[{"href":"https:\/\/www.schoenehaut.de\/en\/wp-json\/wp\/v2\/pages"}],"about":[{"href":"https:\/\/www.schoenehaut.de\/en\/wp-json\/wp\/v2\/types\/page"}],"author":[{"embeddable":true,"href":"https:\/\/www.schoenehaut.de\/en\/wp-json\/wp\/v2\/users\/1"}],"replies":[{"embeddable":true,"href":"https:\/\/www.schoenehaut.de\/en\/wp-json\/wp\/v2\/comments?post=809"}],"version-history":[{"count":121,"href":"https:\/\/www.schoenehaut.de\/en\/wp-json\/wp\/v2\/pages\/809\/revisions"}],"predecessor-version":[{"id":5890,"href":"https:\/\/www.schoenehaut.de\/en\/wp-json\/wp\/v2\/pages\/809\/revisions\/5890"}],"wp:attachment":[{"href":"https:\/\/www.schoenehaut.de\/en\/wp-json\/wp\/v2\/media?parent=809"}],"curies":[{"name":"wp","href":"https:\/\/api.w.org\/{rel}","templated":true}]}}