{"id":833,"date":"2026-01-29T12:16:35","date_gmt":"2026-01-29T11:16:35","guid":{"rendered":"https:\/\/www.schoenehaut.de\/?page_id=833"},"modified":"2026-03-25T09:35:48","modified_gmt":"2026-03-25T08:35:48","slug":"jetpeel","status":"publish","type":"page","link":"https:\/\/www.schoenehaut.de\/en\/institut\/jetpeel\/","title":{"rendered":"JetPeel"},"content":{"rendered":"\n<div style=\"height:100px\" aria-hidden=\"true\" class=\"hide-on-mobile wp-block-spacer\"><\/div>\n\n\n\n<div style=\"height:110px\" aria-hidden=\"true\" class=\"hide-on-desktop wp-block-spacer\"><\/div>\n\n\n\n<div class=\"wp-block-cover alignfull is-light\" style=\"min-height:150px;aspect-ratio:unset;\"><img loading=\"lazy\" decoding=\"async\" width=\"2000\" height=\"927\" class=\"wp-block-cover__image-background wp-image-5679 size-full\" alt=\"\" src=\"https:\/\/www.schoenehaut.de\/wp-content\/uploads\/2026\/03\/Header_AdobeStock_255775158-1.jpg\" data-object-fit=\"cover\"\/><span aria-hidden=\"true\" class=\"wp-block-cover__background has-background-dim-0 has-background-dim\" style=\"background-color:#959286\"><\/span><div class=\"wp-block-cover__inner-container has-global-padding is-layout-constrained wp-block-cover-is-layout-constrained\">\n<h1 class=\"wp-block-heading is-style-h2 has-white-color has-text-color has-link-color wp-elements-e52e6481bbd65fadc726e6ece8395bc3\">Institut <br>Sch\u00f6ne haut<\/h1>\n<\/div><\/div>\n\n\n\n<div style=\"height:100px\" aria-hidden=\"true\" class=\"hide-on-mobile wp-block-spacer\"><\/div>\n\n\n\n<div style=\"height:50px\" aria-hidden=\"true\" class=\"hide-on-desktop wp-block-spacer\"><\/div>\n\n\n\n<div class=\"wp-block-columns is-style-big-gap is-layout-flex wp-container-core-columns-is-layout-28f84493 wp-block-columns-is-layout-flex\">\n<div class=\"wp-block-column is-layout-flow wp-block-column-is-layout-flow\"><div class=\"splide has-pagination-center is-style-portrait-contained wp-block-huishu-block-hu-splide-slider\" aria-labelledby=\"\" data-splide=\"{&quot;type&quot;:&quot;fade&quot;,&quot;perPage&quot;:1,&quot;arrows&quot;:true,&quot;autoplay&quot;:true,&quot;speed&quot;:1500,&quot;interval&quot;:4000,&quot;pagination&quot;:true,&quot;rewind&quot;:&quot;true&quot;}\">\n    <div class=\"splide__track\">\n        <ul class=\"splide__list\">\n\n<li class=\"wp-block-huishu-block-splide-slide splide__slide\">\n<figure class=\"wp-block-image size-full is-resized is-style-rounded\"><img loading=\"lazy\" decoding=\"async\" width=\"2000\" height=\"1055\" src=\"https:\/\/www.schoenehaut.de\/wp-content\/uploads\/2026\/02\/istockphoto-2211764441-2048x2048-1.jpg\" alt=\"\" class=\"wp-image-2554\" style=\"aspect-ratio:2\/1;object-fit:cover;width:auto;height:896px\"\/><\/figure>\n<\/li>\n\n\n\n<li class=\"wp-block-huishu-block-splide-slide splide__slide\">\n<figure class=\"wp-block-image size-full is-resized is-style-rounded\"><img loading=\"lazy\" decoding=\"async\" width=\"2000\" height=\"1333\" src=\"https:\/\/www.schoenehaut.de\/wp-content\/uploads\/2026\/02\/AdobeStock_350697936_Preview.jpeg\" alt=\"\" class=\"wp-image-2415\" style=\"aspect-ratio:2\/1;object-fit:cover;width:auto;height:896px\"\/><\/figure>\n<\/li>\n\n<\/ul>    <\/div>\n            <div class=\"splide__arrows \"><button class=\"splide__arrow splide__arrow--prev\">\n\t\t\t<i class=\"icon-chevron-left-slider\" aria-label=\"Zum vorherigen Slide\"><\/i>\n\t\t<\/button>\n\t\t<button class=\"splide__arrow splide__arrow--next\">\n\t\t\t<i class=\"icon-chevron-right-slider\" aria-label=\"Zum n\u00e4chsten Slide\"><\/i>\n\t\t<\/button><\/div>\n        <\/div><\/div>\n\n\n\n<div class=\"wp-block-column is-layout-flow wp-block-column-is-layout-flow\">\n<h4 class=\"wp-block-heading has-large-font-size\">JetPeel\u2122: <\/h4>\n\n\n\n<h2 class=\"wp-block-heading\" style=\"margin-top:var(--wp--preset--spacing--subtitle)\">Ihre Haut&shy;verj\u00fcngung und Tiefenreinigung<\/h2>\n\n\n\n<p class=\"has-large-font-size\">Sanfte Hauterneuerung &amp; gezielte Wirkstoffeinschleusung bei SCH\u00d6NE HAUT<\/p>\n\n\n\n<p>Manche Haut braucht keine Reizung, sondern Ruhe, Feuchtigkeit und gezielte Wirkstoffe.<br>JetPeel\u2122 ist eine besonders schonende, nicht-invasive Behandlung, die die Haut kontaktfrei reinigt, durchfeuchtet und aktiviert \u2013 ohne Nadeln, ohne Hitze und ohne mechanischen Druck.<\/p>\n\n\n\n<p>Bei SCH\u00d6NE HAUT erfolgt die JetPeel\u2122-Behandlung unter fach\u00e4rztlicher dermatologischer Leitung von Dr. med. Meike Schr\u00f6der und wird individuell an den jeweiligen Hautzustand angepasst.<\/p>\n\n\n\n<div class=\"wp-block-buttons is-layout-flex wp-block-buttons-is-layout-flex\">\n<div class=\"wp-block-button is-style-fill\"><a class=\"wp-block-button__link wp-element-button\" href=\"https:\/\/www.doctolib.de\/institut\/berlin\/institut-fuer-medizinische-kosmetik-und-aesthetische-dermatologie-schoene-haut\/booking\/new-patient?specialityId=1133&amp;source=profile\" target=\"_blank\" rel=\"noreferrer noopener\">Jetzt Termin buchen<\/a><\/div>\n<\/div>\n<\/div>\n<\/div>\n\n\n\n<div class=\"wp-block-group alignfull has-white-background-color has-background has-global-padding is-layout-constrained wp-block-group-is-layout-constrained\">\n<div class=\"wp-block-columns is-layout-flex wp-container-core-columns-is-layout-f0342b05 wp-block-columns-is-layout-flex\" style=\"margin-top:0;margin-bottom:0\">\n<div class=\"wp-block-column is-layout-flow wp-block-column-is-layout-flow\" style=\"flex-basis:60%\">\n<div style=\"height:61px\" aria-hidden=\"true\" class=\"wp-block-spacer\"><\/div>\n\n\n\n<h2 class=\"wp-block-heading is-style-h2\">Was ist JetPeel\u2122?<\/h2>\n\n\n\n<p>JetPeel\u2122 arbeitet mit hochdruckbeschleunigten Mikrojets aus Luft und Fl\u00fcssigkeit, die mit \u00dcberschallgeschwindigkeit auf die Haut treffen.<br><br>Dadurch k\u00f6nnen mehrere Effekte kombiniert werden:<\/p>\n\n\n\n<ul class=\"wp-block-list\">\n<li>kontaktfreie Reinigung<\/li>\n\n\n\n<li>sanfte Exfoliation<\/li>\n\n\n\n<li>intensive Hydratation<\/li>\n\n\n\n<li>gezielte Einschleusung von Wirkstoffkomplexen<\/li>\n<\/ul>\n\n\n\n<p>Die Hautoberfl\u00e4che bleibt dabei intakt \u2013 die Behandlung ist daher auch f\u00fcr empfindliche und reaktive Haut sehr gut geeignet.<\/p>\n\n\n\n<div style=\"height:61px\" aria-hidden=\"true\" class=\"wp-block-spacer\"><\/div>\n<\/div>\n\n\n\n<div class=\"hide-on-mobile wp-block-column is-layout-flow wp-block-column-is-layout-flow\" style=\"flex-basis:5%\"><\/div>\n\n\n\n<div class=\"hide-on-mobile wp-block-column is-layout-flow wp-block-column-is-layout-flow\" style=\"flex-basis:35.9%\">\n<figure class=\"wp-block-image size-full is-resized is-style-right-edge\"><img loading=\"lazy\" decoding=\"async\" width=\"2000\" height=\"1333\" src=\"https:\/\/www.schoenehaut.de\/wp-content\/uploads\/2026\/02\/istockphoto-1170104820-2048x2048-1.jpg\" alt=\"\" class=\"wp-image-2551\" style=\"width:auto;height:630px\"\/><\/figure>\n<\/div>\n<\/div>\n<\/div>\n\n\n\n<div class=\"wp-block-columns is-style-medium-gap is-layout-flex wp-container-core-columns-is-layout-28f84493 wp-block-columns-is-layout-flex\">\n<div class=\"wp-block-column is-layout-flow wp-block-column-is-layout-flow\">\n<figure class=\"wp-block-image size-full is-style-rounded\"><img loading=\"lazy\" decoding=\"async\" width=\"2000\" height=\"796\" src=\"https:\/\/www.schoenehaut.de\/wp-content\/uploads\/2026\/02\/AdobeStock_953124479_Preview.jpeg\" alt=\"\" class=\"wp-image-2438\"\/><\/figure>\n<\/div>\n\n\n\n<div class=\"wp-block-column is-layout-flow wp-block-column-is-layout-flow\">\n<h2 class=\"wp-block-heading\">JetPeel\u2122 bei Rosazea \u2013 beruhigend &amp; barrierest\u00e4rkend<\/h2>\n\n\n\n<p>Rosazea-Haut reagiert sensibel auf Hitze, Reibung und aggressive Verfahren.<br>JetPeel\u2122 eignet sich hier besonders gut, da die Behandlung:<\/p>\n\n\n\n<ul class=\"wp-block-list\">\n<li>ohne mechanischen Kontakt erfolgt<\/li>\n\n\n\n<li>einen k\u00fchlenden, beruhigenden Effekt hat<\/li>\n\n\n\n<li>die Haut intensiv mit Feuchtigkeit versorgt<\/li>\n\n\n\n<li>die Hautbarriere st\u00e4rkt<\/li>\n<\/ul>\n\n\n\n<p>JetPeel\u2122 kann helfen, das Hautgef\u00fchl bei Rosazea zu beruhigen, Spannungsgef\u00fchle zu reduzieren und R\u00f6tungen optisch abzumildern.<\/p>\n\n\n\n<p>JetPeel\u2122 ersetzt keine medizinische Rosazea-Therapie, kann diese jedoch sehr sinnvoll begleiten.<\/p>\n<\/div>\n<\/div>\n\n\n\n<div class=\"hide-on-mobile wp-block-cover alignfull\" style=\"min-height:800px;aspect-ratio:unset;\"><img loading=\"lazy\" decoding=\"async\" width=\"2000\" height=\"1125\" class=\"wp-block-cover__image-background wp-image-2416 size-full\" alt=\"\" src=\"https:\/\/www.schoenehaut.de\/wp-content\/uploads\/2026\/02\/AdobeStock_363965268_Preview.jpeg\" data-object-fit=\"cover\"\/><span aria-hidden=\"true\" class=\"wp-block-cover__background has-black-background-color has-background-dim\"><\/span><div class=\"wp-block-cover__inner-container has-global-padding is-layout-constrained wp-block-cover-is-layout-constrained\">\n<div class=\"wp-block-columns is-layout-flex wp-container-core-columns-is-layout-28f84493 wp-block-columns-is-layout-flex\">\n<div class=\"hide-on-mobile wp-block-column is-layout-flow wp-block-column-is-layout-flow\"><\/div>\n\n\n\n<div class=\"wp-block-column is-layout-flow wp-block-column-is-layout-flow\">\n<h2 class=\"wp-block-heading has-white-color has-text-color has-link-color wp-elements-95ff35aca00240392313f1a7938958aa\">JetPeel\u2122 als Anti-Aging-Behandlung<\/h2>\n\n\n\n<p class=\"has-white-color has-text-color has-link-color wp-elements-8429d6883b284cbdef42e394175043ad\">Im Anti-Aging-Bereich setzt JetPeel\u2122 nicht auf aggressive Reize, sondern auf:<\/p>\n\n\n\n<ul class=\"wp-block-list\">\n<li class=\"has-white-color has-text-color has-link-color wp-elements-9a58f41b629815e9715a1000a850be15\">Intensive Hydratation<\/li>\n\n\n\n<li class=\"has-white-color has-text-color has-link-color wp-elements-fad54f692d9187bb7f7918d229284acd\">Aktivierung der Mikrozirkulation<\/li>\n\n\n\n<li class=\"has-white-color has-text-color has-link-color wp-elements-0aced622322192c208392753ebe3181b\">gezielte Wirkstoffzufuhr<\/li>\n<\/ul>\n\n\n\n<p class=\"has-white-color has-text-color has-link-color wp-elements-b8ac47d1e25c457f6b65f856b540a6cf\">M\u00f6gliche Effekte:<\/p>\n\n\n\n<ul class=\"wp-block-list\">\n<li class=\"has-white-color has-text-color has-link-color wp-elements-edd839417c63bc2710c621989d8febc4\">praller und frischer wirkende Haut<\/li>\n\n\n\n<li class=\"has-white-color has-text-color has-link-color wp-elements-e61822539c3afae4c184f3c5a13dac08\">verbesserte Hautelastizit\u00e4t<\/li>\n\n\n\n<li class=\"has-white-color has-text-color has-link-color wp-elements-f485718b528662686edd2bd0db03dd63\">gemildertes Erscheinungsbild feiner Linien<\/li>\n\n\n\n<li class=\"has-white-color has-text-color has-link-color wp-elements-b9365fd0e31a031a7450d47b860ca92b\">gleichm\u00e4\u00dfigerer Teint<\/li>\n<\/ul>\n\n\n\n<p class=\"has-white-color has-text-color has-link-color wp-elements-d86655ee6f2b1bdb19baea7fd919e8d8\">Ideal f\u00fcr alle, die nat\u00fcrliche Ergebnisse ohne Ausfallzeit w\u00fcnschen.<\/p>\n<\/div>\n<\/div>\n<\/div><\/div>\n\n\n\n<div class=\"hide-on-desktop wp-block-cover alignfull\" style=\"min-height:800px;aspect-ratio:unset;\"><img loading=\"lazy\" decoding=\"async\" width=\"2000\" height=\"1125\" class=\"wp-block-cover__image-background wp-image-2416 size-full\" alt=\"\" src=\"https:\/\/www.schoenehaut.de\/wp-content\/uploads\/2026\/02\/AdobeStock_363965268_Preview.jpeg\" data-object-fit=\"cover\"\/><span aria-hidden=\"true\" class=\"wp-block-cover__background has-black-background-color has-background-dim\"><\/span><div class=\"wp-block-cover__inner-container has-global-padding is-layout-constrained wp-block-cover-is-layout-constrained\">\n<div class=\"wp-block-columns is-layout-flex wp-container-core-columns-is-layout-28f84493 wp-block-columns-is-layout-flex\">\n<div class=\"hide-on-mobile wp-block-column is-layout-flow wp-block-column-is-layout-flow\"><\/div>\n\n\n\n<div class=\"wp-block-column is-layout-flow wp-block-column-is-layout-flow\">\n<h2 class=\"wp-block-heading has-white-color has-text-color has-link-color wp-elements-95ff35aca00240392313f1a7938958aa\">JetPeel\u2122 als Anti-Aging-Behandlung<\/h2>\n\n\n\n<p class=\"has-white-color has-text-color has-link-color wp-elements-8429d6883b284cbdef42e394175043ad\">Im Anti-Aging-Bereich setzt JetPeel\u2122 nicht auf aggressive Reize, sondern auf:<\/p>\n\n\n\n<ul class=\"wp-block-list\">\n<li class=\"has-white-color has-text-color has-link-color wp-elements-9a58f41b629815e9715a1000a850be15\">Intensive Hydratation<\/li>\n\n\n\n<li class=\"has-white-color has-text-color has-link-color wp-elements-fad54f692d9187bb7f7918d229284acd\">Aktivierung der Mikrozirkulation<\/li>\n\n\n\n<li class=\"has-white-color has-text-color has-link-color wp-elements-0aced622322192c208392753ebe3181b\">gezielte Wirkstoffzufuhr<\/li>\n<\/ul>\n\n\n\n<p class=\"has-white-color has-text-color has-link-color wp-elements-b8ac47d1e25c457f6b65f856b540a6cf\">M\u00f6gliche Effekte:<\/p>\n\n\n\n<ul class=\"wp-block-list\">\n<li class=\"has-white-color has-text-color has-link-color wp-elements-edd839417c63bc2710c621989d8febc4\">praller und frischer wirkende Haut<\/li>\n\n\n\n<li class=\"has-white-color has-text-color has-link-color wp-elements-e61822539c3afae4c184f3c5a13dac08\">verbesserte Hautelastizit\u00e4t<\/li>\n\n\n\n<li class=\"has-white-color has-text-color has-link-color wp-elements-f485718b528662686edd2bd0db03dd63\">gemildertes Erscheinungsbild feiner Linien<\/li>\n\n\n\n<li class=\"has-white-color has-text-color has-link-color wp-elements-b9365fd0e31a031a7450d47b860ca92b\">gleichm\u00e4\u00dfigerer Teint<\/li>\n<\/ul>\n\n\n\n<p class=\"has-white-color has-text-color has-link-color wp-elements-d86655ee6f2b1bdb19baea7fd919e8d8\">Ideal f\u00fcr alle, die nat\u00fcrliche Ergebnisse ohne Ausfallzeit w\u00fcnschen.<\/p>\n<\/div>\n<\/div>\n<\/div><\/div>\n\n\n\n<div class=\"wp-block-columns is-style-medium-gap is-layout-flex wp-container-core-columns-is-layout-28f84493 wp-block-columns-is-layout-flex\">\n<div class=\"wp-block-column is-layout-flow wp-block-column-is-layout-flow\">\n<h2 class=\"wp-block-heading\">Sofortiger Frischekick durch JetPeel\u2122<\/h2>\n\n\n\n<p>Viele empfinden JetPeel\u2122 als echten Frische-Boost:<\/p>\n\n\n\n<ul class=\"wp-block-list\">\n<li>die Haut wirkt direkt nach der Behandlung klar und gut durchfeuchtet<\/li>\n\n\n\n<li>der Teint erscheint lebendiger<\/li>\n\n\n\n<li>das Hautgef\u00fchl ist leicht, entspannt und erholt<\/li>\n<\/ul>\n\n\n\n<p>Perfekt auch vor besonderen Anl\u00e4ssen oder als regelm\u00e4\u00dfige Hautpflege.<\/p>\n<\/div>\n\n\n\n<div class=\"wp-block-column is-layout-flow wp-block-column-is-layout-flow\">\n<figure class=\"wp-block-image size-full is-style-rounded\"><img loading=\"lazy\" decoding=\"async\" width=\"2000\" height=\"1143\" src=\"https:\/\/www.schoenehaut.de\/wp-content\/uploads\/2026\/02\/AdobeStock_1753706964_Preview.jpeg\" alt=\"\" class=\"wp-image-2468\"\/><\/figure>\n<\/div>\n<\/div>\n\n\n\n<div class=\"wp-block-group alignfull has-white-background-color has-background has-global-padding is-layout-constrained wp-block-group-is-layout-constrained\">\n<div class=\"wp-block-columns is-layout-flex wp-container-core-columns-is-layout-f0342b05 wp-block-columns-is-layout-flex\" style=\"margin-top:0;margin-bottom:0\">\n<div class=\"hide-on-mobile wp-block-column is-layout-flow wp-block-column-is-layout-flow\" style=\"flex-basis:35.9%\">\n<figure class=\"wp-block-image size-full is-resized is-style-left-edge\"><img loading=\"lazy\" decoding=\"async\" width=\"1125\" height=\"2000\" src=\"https:\/\/www.schoenehaut.de\/wp-content\/uploads\/2026\/02\/Bilder-Hochformat-15.jpg\" alt=\"\" class=\"wp-image-2293\" style=\"width:auto;height:1100px\"\/><\/figure>\n<\/div>\n\n\n\n<div class=\"hide-on-mobile wp-block-column is-layout-flow wp-block-column-is-layout-flow\" style=\"flex-basis:5%\"><\/div>\n\n\n\n<div class=\"wp-block-column is-layout-flow wp-block-column-is-layout-flow\" style=\"flex-basis:60%\">\n<div style=\"height:61px\" aria-hidden=\"true\" class=\"wp-block-spacer\"><\/div>\n\n\n\n<h2 class=\"wp-block-heading is-style-h2\">JetCare\u2122 Wirkseren: Gezielt und individuell<\/h2>\n\n\n\n<p>Ein zentraler Bestandteil von JetPeel\u2122 ist die Verwendung der original JetCare\u2122 Wirkseren, die speziell f\u00fcr die JetPeel\u2122-Hydroporation entwickelt wurden.<br><br>Sie sind so formuliert, dass sie unter hohem Druck stabil bleiben und effektiv in tiefere Hautschichten eingeschleust werden k\u00f6nnen.<\/p>\n\n\n\n<p class=\"has-large-font-size\">Die wichtigsten JetCare\u2122 Wirkseren im \u00dcberblick<\/p>\n\n\n\n<details class=\"wp-block-huishu-agentur-huishu-faq-block\"><summary><span>JetCare\u2122 HYDRO<\/span><\/summary><div class=\"faq-details is-layout-flow\">\n<p>Basis-Serum zur Vorbereitung der Haut<br>\u2192 intensive Hydratation, Beruhigung, Unterst\u00fctzung der Lymphdrainage<\/p>\n<\/div><\/details>\n\n\n\n<details class=\"wp-block-huishu-agentur-huishu-faq-block\"><summary><span>JetCare\u2122 RENEWAL CARE<\/span><\/summary><div class=\"faq-details is-layout-flow\">\n<p>Serum zur sanften Hauterneuerung<br>\u2192 leichte Exfoliation, Gl\u00e4ttung der Hautoberfl\u00e4che<\/p>\n<\/div><\/details>\n\n\n\n<details class=\"wp-block-huishu-agentur-huishu-faq-block\"><summary><span>JetCare\u2122 ANTI-AGING CARE<\/span><\/summary><div class=\"faq-details is-layout-flow\">\n<p>Regenerierender Wirkstoffkomplex<br>\u2192 Unterst\u00fctzung von Hautstruktur, Elastizit\u00e4t und Spannkraft<\/p>\n<\/div><\/details>\n\n\n\n<details class=\"wp-block-huishu-agentur-huishu-faq-block\"><summary><span>JetCare\u2122 SELECTIVE CARE<\/span><\/summary><div class=\"faq-details is-layout-flow\">\n<p><\/p>\n<\/div><\/details>\n\n\n\n<details class=\"wp-block-huishu-agentur-huishu-faq-block\"><summary><span>JetCare\u2122 BOOST-Seren<\/span><\/summary><div class=\"faq-details is-layout-flow\">\n<p>Intensive Wirkstoffimpulse je nach Hautziel:<\/p>\n\n\n\n<ul class=\"wp-block-list\">\n<li>Hydrate (HA) \u2013 intensive Feuchtigkeit<\/li>\n\n\n\n<li>Regenerate (Vitamin A &amp; E) \u2013 Regeneration &amp; Schutz<\/li>\n\n\n\n<li>Glow (Vitamin C) \u2013 Ausgleich des Hauttons<\/li>\n\n\n\n<li>Tight (Vitamin-B-Komplex) \u2013 Festigkeit &amp; Hautgef\u00fchl<\/li>\n<\/ul>\n<\/div><\/details>\n\n\n\n<details class=\"wp-block-huishu-agentur-huishu-faq-block\"><summary><span>JetCare\u2122 YOUTH \/ GREEN<\/span><\/summary><div class=\"faq-details is-layout-flow\">\n<p>Pr\u00e4ventive und besonders sanfte Pflegelinien<br>\u2192 geeignet bei empfindlicher oder gestresster Haut<\/p>\n<\/div><\/details>\n\n\n\n<p>Welche Wirkseren eingesetzt werden, entscheidet sich immer nach Hautanalyse und Indikation.<\/p>\n\n\n\n<div style=\"height:61px\" aria-hidden=\"true\" class=\"wp-block-spacer\"><\/div>\n<\/div>\n<\/div>\n<\/div>\n\n\n\n<div class=\"wp-block-columns is-style-medium-gap is-layout-flex wp-container-core-columns-is-layout-28f84493 wp-block-columns-is-layout-flex\">\n<div class=\"wp-block-column is-layout-flow wp-block-column-is-layout-flow\">\n<h2 class=\"wp-block-heading\">F\u00fcr wen ist JetPeel\u2122 geeignet?<\/h2>\n\n\n\n<p>JetPeel\u2122 eignet sich besonders bei:<\/p>\n\n\n\n<ul class=\"wp-block-list\">\n<li>empfindlicher oder reaktiver Haut<\/li>\n\n\n\n<li>Rosazea (begleitend)<\/li>\n\n\n\n<li>feuchtigkeitsarmer Haut<\/li>\n\n\n\n<li>ersten Zeichen der Hautalterung<\/li>\n\n\n\n<li>Wunsch nach sofortiger Frische ohne Ausfallzeit<\/li>\n<\/ul>\n\n\n\n<p>Die Behandlung ist ganzj\u00e4hrig durchf\u00fchrbar und sehr gut vertr\u00e4glich.<\/p>\n<\/div>\n\n\n\n<div class=\"wp-block-column is-layout-flow wp-block-column-is-layout-flow\">\n<figure class=\"wp-block-image size-full is-style-rounded\"><img loading=\"lazy\" decoding=\"async\" width=\"2000\" height=\"1335\" src=\"https:\/\/www.schoenehaut.de\/wp-content\/uploads\/2026\/02\/AdobeStock_255775158_Preview.jpeg\" alt=\"\" class=\"wp-image-2412\"\/><\/figure>\n<\/div>\n<\/div>\n\n\n\n<div class=\"wp-block-columns is-style-medium-gap is-layout-flex wp-container-core-columns-is-layout-28f84493 wp-block-columns-is-layout-flex\">\n<div class=\"wp-block-column is-layout-flow wp-block-column-is-layout-flow\">\n<figure class=\"wp-block-image size-full is-style-rounded\"><img loading=\"lazy\" decoding=\"async\" width=\"2000\" height=\"1437\" src=\"https:\/\/www.schoenehaut.de\/wp-content\/uploads\/2026\/02\/AdobeStock_399488316_Preview.jpeg\" alt=\"\" class=\"wp-image-2417\"\/><\/figure>\n<\/div>\n\n\n\n<div class=\"wp-block-column is-layout-flow wp-block-column-is-layout-flow\">\n<h2 class=\"wp-block-heading\">JetPeel\u2122 in Berlin \u2013 warum sch\u00f6ne haut?<\/h2>\n\n\n\n<ul class=\"wp-block-list\">\n<li>Institut f\u00fcr medizinische Kosmetik<\/li>\n\n\n\n<li>Fach\u00e4rztliche dermatologische Leitung<\/li>\n\n\n\n<li>Kontaktfreie, besonders schonende Behandlung<\/li>\n\n\n\n<li>Original JetCare\u2122 Wirkseren<\/li>\n\n\n\n<li>Individuelle Behandlungsplanung<\/li>\n<\/ul>\n\n\n\n<p>JetPeel\u2122 ist eine sanfte, aber wirkungsvolle Behandlung, die die Haut beruhigt, durchfeuchtet und sichtbar erfrischt \u2013 auch bei sensiblen Hautzust\u00e4nden wie Rosazea.<\/p>\n\n\n\n<p>Vereinbaren Sie gerne einen JetPeel\u2122-Termin bei SCH\u00d6NE HAUT in Berlin.<\/p>\n<\/div>\n<\/div>\n\n\n\n<div class=\"wp-block-columns is-layout-flex wp-container-core-columns-is-layout-28f84493 wp-block-columns-is-layout-flex\">\n<div class=\"wp-block-column is-layout-flow wp-block-column-is-layout-flow\">\n<h2 class=\"wp-block-heading\">Weitere Behandlungen<\/h2>\n\n\n\n<div class=\"wp-block-group has-global-padding is-layout-constrained wp-block-group-is-layout-constrained\"><div class=\"schoenehaut-behandlungs-grid wp-block-schoenehaut-behandlungs-kacheln\"><a href=\"https:\/\/www.schoenehaut.de\/en\/dermatologie\/rosazea-couperose\/\" class=\"behandlungs-tile\" aria-label=\"Rosazea\">\n                <img decoding=\"async\" src=\"https:\/\/www.schoenehaut.de\/wp-content\/uploads\/2026\/03\/istockphoto-537642336-1024x1024-1.jpg\" alt=\"\" class=\"tile-image\" aria-hidden=\"true\">\n                <span class=\"tile-title\">Rosazea<\/span>\n            <\/a><a href=\"https:\/\/www.schoenehaut.de\/en\/laser\/aederchen-rosazea\/\" class=\"behandlungs-tile\" aria-label=\"Laser von \u00c4derchen\">\n                <img decoding=\"async\" src=\"https:\/\/www.schoenehaut.de\/wp-content\/uploads\/2026\/03\/istockphoto-2035353853-1024x1024-1.jpg\" alt=\"\" class=\"tile-image\" aria-hidden=\"true\">\n                <span class=\"tile-title\">Laser von \u00c4derchen<\/span>\n            <\/a><a href=\"https:\/\/www.schoenehaut.de\/en\/aesthetik\/biostimulation-mesotherapie\/polynukleotide-pdrn-salmon-sperm-lift\/\" class=\"behandlungs-tile\" aria-label=\"Biostimulatoren\">\n                <img decoding=\"async\" src=\"https:\/\/www.schoenehaut.de\/wp-content\/uploads\/2026\/02\/AdobeStock_1628764124_Preview.jpeg\" alt=\"\" class=\"tile-image\" aria-hidden=\"true\">\n                <span class=\"tile-title\">Biostimulatoren<\/span>\n            <\/a><\/div><\/div>\n<\/div>\n<\/div>\n","protected":false},"excerpt":{"rendered":"<p>JetPeel\u2122: Ihre Hautverj\u00fcngung und Tiefenreinigung Sanfte Hauterneuerung &amp; gezielte Wirkstoffeinschleusung bei SCH\u00d6NE HAUT Manche Haut braucht keine Reizung, sondern Ruhe, Feuchtigkeit und gezielte Wirkstoffe.JetPeel\u2122 ist eine besonders schonende, nicht-invasive Behandlung, die die Haut kontaktfrei reinigt, durchfeuchtet und aktiviert \u2013 ohne Nadeln, ohne Hitze und ohne mechanischen Druck. Bei SCH\u00d6NE HAUT erfolgt die JetPeel\u2122-Behandlung unter fach\u00e4rztlicher [&hellip;]<\/p>\n","protected":false},"author":1,"featured_media":0,"parent":807,"menu_order":2,"comment_status":"closed","ping_status":"closed","template":"institut","meta":{"footnotes":""},"class_list":["post-833","page","type-page","status-publish","hentry"],"_links":{"self":[{"href":"https:\/\/www.schoenehaut.de\/en\/wp-json\/wp\/v2\/pages\/833","targetHints":{"allow":["GET"]}}],"collection":[{"href":"https:\/\/www.schoenehaut.de\/en\/wp-json\/wp\/v2\/pages"}],"about":[{"href":"https:\/\/www.schoenehaut.de\/en\/wp-json\/wp\/v2\/types\/page"}],"author":[{"embeddable":true,"href":"https:\/\/www.schoenehaut.de\/en\/wp-json\/wp\/v2\/users\/1"}],"replies":[{"embeddable":true,"href":"https:\/\/www.schoenehaut.de\/en\/wp-json\/wp\/v2\/comments?post=833"}],"version-history":[{"count":71,"href":"https:\/\/www.schoenehaut.de\/en\/wp-json\/wp\/v2\/pages\/833\/revisions"}],"predecessor-version":[{"id":5768,"href":"https:\/\/www.schoenehaut.de\/en\/wp-json\/wp\/v2\/pages\/833\/revisions\/5768"}],"up":[{"embeddable":true,"href":"https:\/\/www.schoenehaut.de\/en\/wp-json\/wp\/v2\/pages\/807"}],"wp:attachment":[{"href":"https:\/\/www.schoenehaut.de\/en\/wp-json\/wp\/v2\/media?parent=833"}],"curies":[{"name":"wp","href":"https:\/\/api.w.org\/{rel}","templated":true}]}}