{"id":835,"date":"2026-01-29T12:16:54","date_gmt":"2026-01-29T11:16:54","guid":{"rendered":"https:\/\/www.schoenehaut.de\/?page_id=835"},"modified":"2026-03-25T09:37:28","modified_gmt":"2026-03-25T08:37:28","slug":"microneedling","status":"publish","type":"page","link":"https:\/\/www.schoenehaut.de\/en\/institut\/microneedling\/","title":{"rendered":"Microneedling"},"content":{"rendered":"\n<div style=\"height:100px\" aria-hidden=\"true\" class=\"hide-on-mobile wp-block-spacer\"><\/div>\n\n\n\n<div style=\"height:110px\" aria-hidden=\"true\" class=\"hide-on-desktop wp-block-spacer\"><\/div>\n\n\n\n<div class=\"wp-block-cover alignfull is-light\" style=\"min-height:150px;aspect-ratio:unset;\"><img loading=\"lazy\" decoding=\"async\" width=\"2000\" height=\"927\" class=\"wp-block-cover__image-background wp-image-5679 size-full\" alt=\"\" src=\"https:\/\/www.schoenehaut.de\/wp-content\/uploads\/2026\/03\/Header_AdobeStock_255775158-1.jpg\" data-object-fit=\"cover\"\/><span aria-hidden=\"true\" class=\"wp-block-cover__background has-background-dim-0 has-background-dim\" style=\"background-color:#959286\"><\/span><div class=\"wp-block-cover__inner-container has-global-padding is-layout-constrained wp-block-cover-is-layout-constrained\">\n<h1 class=\"wp-block-heading is-style-h2 has-white-color has-text-color has-link-color wp-elements-e52e6481bbd65fadc726e6ece8395bc3\">Institut <br>Sch\u00f6ne haut<\/h1>\n<\/div><\/div>\n\n\n\n<div style=\"height:100px\" aria-hidden=\"true\" class=\"hide-on-mobile wp-block-spacer\"><\/div>\n\n\n\n<div style=\"height:50px\" aria-hidden=\"true\" class=\"hide-on-desktop wp-block-spacer\"><\/div>\n\n\n\n<div class=\"wp-block-columns is-style-big-gap is-layout-flex wp-container-core-columns-is-layout-28f84493 wp-block-columns-is-layout-flex\">\n<div class=\"wp-block-column is-layout-flow wp-block-column-is-layout-flow\"><div class=\"splide has-pagination-center is-style-portrait-contained wp-block-huishu-block-hu-splide-slider\" aria-labelledby=\"\" data-splide=\"{&quot;type&quot;:&quot;fade&quot;,&quot;perPage&quot;:1,&quot;arrows&quot;:true,&quot;autoplay&quot;:true,&quot;speed&quot;:1500,&quot;interval&quot;:4000,&quot;pagination&quot;:true,&quot;rewind&quot;:&quot;true&quot;}\">\n    <div class=\"splide__track\">\n        <ul class=\"splide__list\">\n\n<li class=\"wp-block-huishu-block-splide-slide splide__slide\">\n<figure class=\"wp-block-image size-full is-resized is-style-rounded\"><img loading=\"lazy\" decoding=\"async\" width=\"2000\" height=\"1335\" src=\"https:\/\/www.schoenehaut.de\/wp-content\/uploads\/2026\/02\/AdobeStock_255775158_Preview.jpeg\" alt=\"\" class=\"wp-image-2412\" style=\"aspect-ratio:2\/1;object-fit:cover;width:auto;height:896px\"\/><\/figure>\n<\/li>\n\n\n\n<li class=\"wp-block-huishu-block-splide-slide splide__slide\">\n<figure class=\"wp-block-image size-full is-resized is-style-rounded\"><img loading=\"lazy\" decoding=\"async\" width=\"2000\" height=\"1125\" src=\"https:\/\/www.schoenehaut.de\/wp-content\/uploads\/2026\/02\/AdobeStock_363965268_Preview.jpeg\" alt=\"\" class=\"wp-image-2416\" style=\"aspect-ratio:2\/1;object-fit:cover;width:auto;height:896px\"\/><\/figure>\n<\/li>\n\n<\/ul>    <\/div>\n            <div class=\"splide__arrows \"><button class=\"splide__arrow splide__arrow--prev\">\n\t\t\t<i class=\"icon-chevron-left-slider\" aria-label=\"Zum vorherigen Slide\"><\/i>\n\t\t<\/button>\n\t\t<button class=\"splide__arrow splide__arrow--next\">\n\t\t\t<i class=\"icon-chevron-right-slider\" aria-label=\"Zum n\u00e4chsten Slide\"><\/i>\n\t\t<\/button><\/div>\n        <\/div><\/div>\n\n\n\n<div class=\"wp-block-column is-layout-flow wp-block-column-is-layout-flow\">\n<h4 class=\"wp-block-heading has-large-font-size\">Micro&shy;needling in Berlin: <\/h4>\n\n\n\n<h2 class=\"wp-block-heading is-style-h2\" style=\"margin-top:var(--wp--preset--spacing--subtitle)\">Medizinisch &amp; regenerativ<\/h2>\n\n\n\n<p>Das Microneedling ist ein dermatologisch fundiertes Behandlungskonzept zur nachhaltigen Verbesserung von Hautstruktur, Hautqualit\u00e4t und Hautgesundheit.\u2028In der Praxis SCH\u00d6NE HAUT Berlin werden kosmetisches Microneedling (Mesotherapie) zur Einschleusung von Wirkstoffen, medizinisches Microneedling sowie regenerative Zusatztherapien klar voneinander abgegrenzt und individuell kombiniert.<br><br>Durch die Reizung der Haut an sich und im Zusammenspiel mit den Wirkstoffen werden verst\u00e4rkt Wachstumsfaktoren ausgesch\u00fcttet, die die Kollagenbildung zus\u00e4tzlich anregen und eine Neustrukturierung der Haut bewirken.<br><br>Ziel ist nicht der kurzfristige Effekt, sondern die langfristige Gesunderhaltung und Regenerationsf\u00e4higkeit der Haut.<\/p>\n\n\n\n<div class=\"wp-block-buttons is-layout-flex wp-block-buttons-is-layout-flex\">\n<div class=\"wp-block-button is-style-fill\"><a class=\"wp-block-button__link wp-element-button\" href=\"https:\/\/www.doctolib.de\/institut\/berlin\/institut-fuer-medizinische-kosmetik-und-aesthetische-dermatologie-schoene-haut\/booking\/new-patient?specialityId=1133&amp;source=profile\" target=\"_blank\" rel=\"noreferrer noopener\">Jetzt Termin buchen<\/a><\/div>\n<\/div>\n<\/div>\n<\/div>\n\n\n\n<div class=\"wp-block-group alignfull has-white-background-color has-background has-global-padding is-layout-constrained wp-block-group-is-layout-constrained\">\n<div class=\"wp-block-columns is-layout-flex wp-container-core-columns-is-layout-f0342b05 wp-block-columns-is-layout-flex\" style=\"margin-top:0;margin-bottom:0\">\n<div class=\"wp-block-column is-vertically-aligned-center is-layout-flow wp-block-column-is-layout-flow\" style=\"flex-basis:60%\">\n<div style=\"height:61px\" aria-hidden=\"true\" class=\"wp-block-spacer\"><\/div>\n\n\n\n<h2 class=\"wp-block-heading is-style-h2\">Was ist Microneedling?<\/h2>\n\n\n\n<p>Beim Microneedling werden mit feinsten Nadeln kontrollierte Mikrokan\u00e4le in der Haut erzeugt. Abh\u00e4ngig von Nadeltiefe und Indikation erm\u00f6glicht das Verfahren entweder eine gezielte Wirkstoffeinschleusung oder eine strukturver\u00e4ndernde Hauterneuerung.<br><br>Man unterscheidet:<\/p>\n\n\n\n<ul class=\"wp-block-list\">\n<li>Kosmetisches Microneedling zur Wirkstoffeinschleusung (bis ca. 0,5 mm)<\/li>\n\n\n\n<li>Medizinisches Microneedling (medical needling ab ca. 1,5 mm)<\/li>\n<\/ul>\n\n\n\n<div style=\"height:61px\" aria-hidden=\"true\" class=\"wp-block-spacer\"><\/div>\n<\/div>\n\n\n\n<div class=\"hide-on-mobile wp-block-column is-layout-flow wp-block-column-is-layout-flow\" style=\"flex-basis:5%\"><\/div>\n\n\n\n<div class=\"hide-on-mobile wp-block-column is-layout-flow wp-block-column-is-layout-flow\" style=\"flex-basis:35.9%\">\n<figure class=\"wp-block-image size-full is-resized is-style-right-edge\"><img loading=\"lazy\" decoding=\"async\" width=\"2000\" height=\"1121\" src=\"https:\/\/www.schoenehaut.de\/wp-content\/uploads\/2026\/02\/AdobeStock_1602985896_Preview.jpeg\" alt=\"\" class=\"wp-image-2458\" style=\"width:auto;height:550px\"\/><\/figure>\n<\/div>\n<\/div>\n<\/div>\n\n\n\n<div class=\"wp-block-columns is-style-medium-gap is-layout-flex wp-container-core-columns-is-layout-28f84493 wp-block-columns-is-layout-flex\">\n<div class=\"wp-block-column is-layout-flow wp-block-column-is-layout-flow\">\n<figure class=\"wp-block-image size-full is-style-rounded\"><img loading=\"lazy\" decoding=\"async\" width=\"2000\" height=\"1333\" src=\"https:\/\/www.schoenehaut.de\/wp-content\/uploads\/2026\/02\/AdobeStock_759132004_Preview.jpeg\" alt=\"\" class=\"wp-image-2435\"\/><\/figure>\n<\/div>\n\n\n\n<div class=\"wp-block-column is-layout-flow wp-block-column-is-layout-flow\">\n<h2 class=\"wp-block-heading is-style-h2\">Microneedling mit Pr\u00e4zision<\/h2>\n\n\n\n<p>Zum Einsatz kommt ein medizinisches Microneedling-System (DermaPen\u00ae) mit sterilen Einmalnadeln. Die automatisierte, vertikale Nadelbewegung und die exakt einstellbare Nadeltiefe erm\u00f6glichen eine gleichm\u00e4\u00dfige, sichere und gewebeschonende Behandlung \u2013 essenziell f\u00fcr reproduzierbare Ergebnisse.<\/p>\n<\/div>\n<\/div>\n\n\n\n<div class=\"wp-block-columns is-style-medium-gap is-layout-flex wp-container-core-columns-is-layout-28f84493 wp-block-columns-is-layout-flex\">\n<div class=\"wp-block-column is-layout-flow wp-block-column-is-layout-flow\">\n<h2 class=\"wp-block-heading\">Medizinisches Microneedling<\/h2>\n\n\n\n<p class=\"has-large-font-size\">Strukturver\u00e4ndernd, ab ca. 1,5 mm<\/p>\n\n\n\n<p>Das medizinische Microneedling wirkt gezielt in der Dermis, wo Kollagen und Elastin gebildet werden. Durch kontrollierte Mikroverletzungen wird ein regenerativer Heilungsprozess ausgel\u00f6st, der zu einer nachhaltigen Verbesserung der Hautstruktur f\u00fchrt.\u2028Diese Behandlung erfolgt ausschlie\u00dflich unter fach\u00e4rztlicher Begleitung.<\/p>\n\n\n\n<details class=\"wp-block-huishu-agentur-huishu-faq-block\"><summary><span>Indikationen<\/span><\/summary><div class=\"faq-details is-layout-flow\">\n<ul class=\"wp-block-list\">\n<li><a href=\"https:\/\/www.schoenehaut.de\/laser\/narben-aknenarben\/\" data-type=\"page\" data-id=\"783\">Aknenarben &amp; atrophe Narben<\/a><\/li>\n\n\n\n<li>feine bis mitteltiefe Falten<\/li>\n\n\n\n<li>Hauterschlaffung<\/li>\n\n\n\n<li>Dehnungsstreifen (Striae)<\/li>\n\n\n\n<li><a href=\"https:\/\/www.schoenehaut.de\/hautbeduerfnis\/haut-gesicht\/grobporigkeit\/\" data-type=\"page\" data-id=\"695\">grobporige, unebene Hautstruktur<\/a><\/li>\n\n\n\n<li>medizinisch fundierte Hautverj\u00fcngung ohne Volumenver\u00e4nderung<\/li>\n<\/ul>\n<\/div><\/details>\n<\/div>\n\n\n\n<div class=\"wp-block-column is-layout-flow wp-block-column-is-layout-flow\" style=\"flex-basis:3%\"><\/div>\n\n\n\n<div class=\"wp-block-column is-layout-flow wp-block-column-is-layout-flow\">\n<h2 class=\"wp-block-heading\">Kosmetisches Microneedling<\/h2>\n\n\n\n<p class=\"has-large-font-size\">Wirkstoffeinschleusung &amp; Pigmentregulation<\/p>\n\n\n\n<p>Das kosmetische Microneedling wird als Mesotherapie eingesetzt. Mit geringen Nadeltiefen werden klinisch bew\u00e4hrte, dermatologisch erprobte Wirkstoffe gleichm\u00e4\u00dfig in die oberen Hautschichten eingeschleust.\u2028Die Behandlung ist nicht strukturver\u00e4ndernd und auch geeignet f\u00fcr sensible Haut.<\/p>\n\n\n\n<details class=\"wp-block-huishu-agentur-huishu-faq-block\"><summary><span>Indikationen<\/span><\/summary><div class=\"faq-details is-layout-flow\">\n<ul class=\"wp-block-list\">\n<li>Melasma &amp; Hyperpigmentierungen<\/li>\n\n\n\n<li>fahler Hautton<\/li>\n\n\n\n<li>feine Trockenheitsf\u00e4ltchen<\/li>\n\n\n\n<li>Glow- und Auffrischungsbehandlungen<\/li>\n<\/ul>\n<\/div><\/details>\n\n\n\n<details class=\"wp-block-huishu-agentur-huishu-faq-block\"><summary><span>Wirkstoffprinzipien (\u00e4rztlich ausgew\u00e4hlt)<\/span><\/summary><div class=\"faq-details is-layout-flow\">\n<ul class=\"wp-block-list\">\n<li>Regulation der Melaninbildung<\/li>\n\n\n\n<li>antioxidativer Schutz<\/li>\n\n\n\n<li>entz\u00fcndungshemmende Stabilisierung<\/li>\n\n\n\n<li>Barrierest\u00e4rkung &amp; intensive Hydration<\/li>\n<\/ul>\n<\/div><\/details>\n\n\n\n<details class=\"wp-block-huishu-agentur-huishu-faq-block\"><summary><span>Behandlungsziel\u2028<\/span><\/summary><div class=\"faq-details is-layout-flow\">\n<p>Harmonisierung des Hauttons, Verbesserung der Hautqualit\u00e4t und langfristige Stabilisierung \u2013 insbesondere bei chronisch-rezidivierendem Melasma und Pigmentst\u00f6rungen.<\/p>\n<\/div><\/details>\n<\/div>\n<\/div>\n\n\n\n<div class=\"hide-on-mobile wp-block-cover alignfull is-light\" style=\"min-height:500px;aspect-ratio:unset;\"><img loading=\"lazy\" decoding=\"async\" width=\"1920\" height=\"509\" class=\"wp-block-cover__image-background wp-image-297 size-full\" alt=\"\" src=\"https:\/\/www.schoenehaut.de\/wp-content\/uploads\/2026\/01\/Rectangle-2.png\" style=\"object-position:22% 45%\" data-object-fit=\"cover\" data-object-position=\"22% 45%\"\/><span aria-hidden=\"true\" class=\"wp-block-cover__background has-background-dim-0 has-background-dim\" style=\"background-color:#b0998c\"><\/span><div class=\"wp-block-cover__inner-container has-global-padding is-layout-constrained wp-block-cover-is-layout-constrained\">\n<div class=\"wp-block-columns is-layout-flex wp-container-core-columns-is-layout-28f84493 wp-block-columns-is-layout-flex\">\n<div class=\"hide-on-mobile wp-block-column is-layout-flow wp-block-column-is-layout-flow\"><\/div>\n\n\n\n<div class=\"wp-block-column is-layout-flow wp-block-column-is-layout-flow\">\n<h2 class=\"wp-block-heading has-white-color has-text-color has-link-color wp-elements-87efe23b96da9297087898a198158294\">Microneedling &amp; regenera&shy;tive Longevity-Therapien<\/h2>\n\n\n\n<p class=\"has-white-color has-text-color has-link-color wp-elements-c406afde44139378ae2b319835d27a1d\">F\u00fcr eine moderne <a href=\"https:\/\/www.schoenehaut.de\/dermatologie\/skin-longevity\/\" data-type=\"page\" data-id=\"803\">Longevity<\/a>-Strategie der Haut wird Microneedling gezielt mit regenerativen Wirkprinzipien kombiniert:<\/p>\n\n\n\n<details class=\"wp-block-huishu-agentur-huishu-faq-block is-style-light\"><summary><span>Exosomen<\/span><\/summary><div class=\"faq-details is-layout-flow\">\n<p class=\"has-white-color has-text-color has-link-color wp-elements-ff10c94b94c8d56301f81ce2b421d1d1\">F\u00f6rdern die zellul\u00e4re Kommunikation, unterst\u00fctzen Reparaturprozesse, verbessern Hautdichte und -qualit\u00e4t und wirken entz\u00fcndungsmodulierend \u2013 mit Fokus auf langfristige Hautstabilit\u00e4t.<\/p>\n<\/div><\/details>\n\n\n\n<details class=\"wp-block-huishu-agentur-huishu-faq-block is-style-light\"><summary><span>PRP Vampire Lift (Platelet Rich Plasma)<\/span><\/summary><div class=\"faq-details is-layout-flow\">\n<p class=\"has-white-color has-text-color has-link-color wp-elements-3ba7d30d55be45338d266385409e06c5\">K\u00f6rpereigene Wachstumsfaktoren stimulieren Kollagen- und Elastinneubildung, verbessern Mikrozirkulation und Hautvitalit\u00e4t \u2013 biologisch, nat\u00fcrlich und nachhaltig.<\/p>\n<\/div><\/details>\n\n\n\n<details class=\"wp-block-huishu-agentur-huishu-faq-block is-style-light\"><summary><span>Polynukleotide<\/span><\/summary><div class=\"faq-details is-layout-flow\">\n<p class=\"has-white-color has-text-color has-link-color wp-elements-afa24fe66a4d21c982cd0cb457edb872\">Polynukleotide unterst\u00fctzen die Zellregeneration und DNA-Reparatur, verbessern Hautelastizit\u00e4t und Hydration und st\u00e4rken die Hautstruktur \u2013 besonders geeignet bei ersch\u00f6pfter, vorzeitig gealterter Haut.<br><br>Microneedling fungiert dabei als pr\u00e4ziser Wirkstoff-Opener. Die Auswahl und Kombination erfolgt individuell und indikationsgerecht.<\/p>\n<\/div><\/details>\n<\/div>\n<\/div>\n<\/div><\/div>\n\n\n\n<div class=\"hide-on-desktop wp-block-cover alignfull is-light\" style=\"min-height:500px;aspect-ratio:unset;\"><img loading=\"lazy\" decoding=\"async\" width=\"1920\" height=\"509\" class=\"wp-block-cover__image-background wp-image-297 size-full\" alt=\"\" src=\"https:\/\/www.schoenehaut.de\/wp-content\/uploads\/2026\/01\/Rectangle-2.png\" style=\"object-position:100% 45%\" data-object-fit=\"cover\" data-object-position=\"100% 45%\"\/><span aria-hidden=\"true\" class=\"wp-block-cover__background has-background-dim-0 has-background-dim\" style=\"background-color:#b0998c\"><\/span><div class=\"wp-block-cover__inner-container has-global-padding is-layout-constrained wp-block-cover-is-layout-constrained\">\n<div class=\"wp-block-columns is-layout-flex wp-container-core-columns-is-layout-28f84493 wp-block-columns-is-layout-flex\">\n<div class=\"hide-on-mobile wp-block-column is-layout-flow wp-block-column-is-layout-flow\"><\/div>\n\n\n\n<div class=\"wp-block-column is-layout-flow wp-block-column-is-layout-flow\">\n<h2 class=\"wp-block-heading has-white-color has-text-color has-link-color wp-elements-54513f8714c33f6d9c6246264c0930f3\">Microneedling &amp; regenerative Longevity-Therapien<\/h2>\n\n\n\n<p class=\"has-white-color has-text-color has-link-color wp-elements-c406afde44139378ae2b319835d27a1d\">F\u00fcr eine moderne <a href=\"https:\/\/www.schoenehaut.de\/dermatologie\/skin-longevity\/\" data-type=\"page\" data-id=\"803\">Longevity<\/a>-Strategie der Haut wird Microneedling gezielt mit regenerativen Wirkprinzipien kombiniert:<\/p>\n\n\n\n<details class=\"wp-block-huishu-agentur-huishu-faq-block is-style-light\"><summary><span>Exosomen<\/span><\/summary><div class=\"faq-details is-layout-flow\">\n<p class=\"has-white-color has-text-color has-link-color wp-elements-ff10c94b94c8d56301f81ce2b421d1d1\">F\u00f6rdern die zellul\u00e4re Kommunikation, unterst\u00fctzen Reparaturprozesse, verbessern Hautdichte und -qualit\u00e4t und wirken entz\u00fcndungsmodulierend \u2013 mit Fokus auf langfristige Hautstabilit\u00e4t.<\/p>\n<\/div><\/details>\n\n\n\n<details class=\"wp-block-huishu-agentur-huishu-faq-block is-style-light\"><summary><span>PRP Vampire Lift (Platelet Rich Plasma)<\/span><\/summary><div class=\"faq-details is-layout-flow\">\n<p class=\"has-white-color has-text-color has-link-color wp-elements-3ba7d30d55be45338d266385409e06c5\">K\u00f6rpereigene Wachstumsfaktoren stimulieren Kollagen- und Elastinneubildung, verbessern Mikrozirkulation und Hautvitalit\u00e4t \u2013 biologisch, nat\u00fcrlich und nachhaltig.<\/p>\n<\/div><\/details>\n\n\n\n<details class=\"wp-block-huishu-agentur-huishu-faq-block is-style-light\"><summary><span>Polynukleotide<\/span><\/summary><div class=\"faq-details is-layout-flow\">\n<p class=\"has-white-color has-text-color has-link-color wp-elements-afa24fe66a4d21c982cd0cb457edb872\">Polynukleotide unterst\u00fctzen die Zellregeneration und DNA-Reparatur, verbessern Hautelastizit\u00e4t und Hydration und st\u00e4rken die Hautstruktur \u2013 besonders geeignet bei ersch\u00f6pfter, vorzeitig gealterter Haut.<br><br>Microneedling fungiert dabei als pr\u00e4ziser Wirkstoff-Opener. Die Auswahl und Kombination erfolgt individuell und indikationsgerecht.<\/p>\n<\/div><\/details>\n<\/div>\n<\/div>\n<\/div><\/div>\n\n\n\n<div class=\"wp-block-columns is-style-medium-gap is-layout-flex wp-container-core-columns-is-layout-28f84493 wp-block-columns-is-layout-flex\">\n<div class=\"wp-block-column is-layout-flow wp-block-column-is-layout-flow\">\n<h2 class=\"wp-block-heading is-style-h2\">\u00c4rztliche Indikations&shy;stellung \u2013 der ent&shy;scheidende Faktor<\/h2>\n\n\n\n<p>Im Institut SCH\u00d6NE HAUT von Dr. med. Meike Schr\u00f6der basiert jede Behandlung auf:<\/p>\n\n\n\n<ul class=\"wp-block-list\">\n<li>einer pr\u00e4zisen dermatologischen Diagnose<\/li>\n\n\n\n<li>klarer Abgrenzung zwischen kosmetischem und medizinischem Microneedling<\/li>\n\n\n\n<li>individueller Wahl von Nadeltiefe, Intervall und Wirkstoffkombination<\/li>\n\n\n\n<li>Ber\u00fccksichtigung von Hauttyp, Triggerfaktoren und Regenerationspotenzial<\/li>\n<\/ul>\n\n\n\n<p class=\"has-large-font-size\">Microneedling \u2013 dermatologisch &amp; nachhaltig<\/p>\n\n\n\n<p class=\"has-default-font-size\">Ob Mesotherapie bei Pigmentst\u00f6rungen, medizinisches Microneedling bei Narben und Hautalterung oder regenerative <a href=\"https:\/\/www.schoenehaut.de\/dermatologie\/skin-longevity\/\" data-type=\"page\" data-id=\"803\">Longevity<\/a>-Konzepte mit Exosomen, PRP Vampire Lift und Polynukleotiden:\u2028Das Microneedling bei Dr. med. Meike Schr\u00f6der steht f\u00fcr medizinische Pr\u00e4zision, klinisch bew\u00e4hrte Wirkstoffe und langfristige Hautgesundheit. F\u00fcr Patient:innen, die nicht nur j\u00fcnger aussehen, sondern ihre Haut dauerhaft gesund erhalten m\u00f6chten.<\/p>\n<\/div>\n\n\n\n<div class=\"wp-block-column is-layout-flow wp-block-column-is-layout-flow\">\n<figure class=\"wp-block-image size-full is-style-rounded\"><img loading=\"lazy\" decoding=\"async\" width=\"2000\" height=\"1334\" src=\"https:\/\/www.schoenehaut.de\/wp-content\/uploads\/2026\/01\/RL01202_6345.jpg\" alt=\"\" class=\"wp-image-1212\"\/><\/figure>\n<\/div>\n<\/div>\n\n\n\n<div class=\"wp-block-columns is-layout-flex wp-container-core-columns-is-layout-28f84493 wp-block-columns-is-layout-flex\">\n<div class=\"wp-block-column is-layout-flow wp-block-column-is-layout-flow\">\n<h2 class=\"wp-block-heading\">Weitere Behandlungen<\/h2>\n\n\n\n<div class=\"wp-block-group has-global-padding is-layout-constrained wp-block-group-is-layout-constrained\"><div class=\"schoenehaut-behandlungs-grid wp-block-schoenehaut-behandlungs-kacheln\"><a href=\"https:\/\/www.schoenehaut.de\/en\/aesthetik\/narbenbehandlung\/\" class=\"behandlungs-tile\" aria-label=\"Narbenbehandlung\">\n                <img decoding=\"async\" src=\"https:\/\/www.schoenehaut.de\/wp-content\/uploads\/2026\/02\/istockphoto-1189899831-2048x2048-1.jpg\" alt=\"\" class=\"tile-image\" aria-hidden=\"true\">\n                <span class=\"tile-title\">Narbenbehandlung<\/span>\n            <\/a><a href=\"https:\/\/www.schoenehaut.de\/en\/laser\/laserlifting-augenlidstraffung\/\" class=\"behandlungs-tile\" aria-label=\"Laserlifting\">\n                <img decoding=\"async\" src=\"https:\/\/www.schoenehaut.de\/wp-content\/uploads\/2026\/02\/AdobeStock_1448106743_Preview.jpeg\" alt=\"\" class=\"tile-image\" aria-hidden=\"true\">\n                <span class=\"tile-title\">Laserlifting<\/span>\n            <\/a><a href=\"https:\/\/www.schoenehaut.de\/en\/aesthetik\/biostimulation-mesotherapie\/polynukleotide-pdrn-salmon-sperm-lift\/\" class=\"behandlungs-tile\" aria-label=\"Biostimulatoren\">\n                <img decoding=\"async\" src=\"https:\/\/www.schoenehaut.de\/wp-content\/uploads\/2026\/02\/AdobeStock_1628764124_Preview.jpeg\" alt=\"\" class=\"tile-image\" aria-hidden=\"true\">\n                <span class=\"tile-title\">Biostimulatoren<\/span>\n            <\/a><\/div><\/div>\n<\/div>\n<\/div>\n","protected":false},"excerpt":{"rendered":"<p>Microneedling in Berlin: Medizinisch &amp; regenerativ Das Microneedling ist ein dermatologisch fundiertes Behandlungskonzept zur nachhaltigen Verbesserung von Hautstruktur, Hautqualit\u00e4t und Hautgesundheit.\u2028In der Praxis SCH\u00d6NE HAUT Berlin werden kosmetisches Microneedling (Mesotherapie) zur Einschleusung von Wirkstoffen, medizinisches Microneedling sowie regenerative Zusatztherapien klar voneinander abgegrenzt und individuell kombiniert. Durch die Reizung der Haut an sich und im Zusammenspiel [&hellip;]<\/p>\n","protected":false},"author":1,"featured_media":0,"parent":807,"menu_order":3,"comment_status":"closed","ping_status":"closed","template":"institut","meta":{"footnotes":""},"class_list":["post-835","page","type-page","status-publish","hentry"],"_links":{"self":[{"href":"https:\/\/www.schoenehaut.de\/en\/wp-json\/wp\/v2\/pages\/835","targetHints":{"allow":["GET"]}}],"collection":[{"href":"https:\/\/www.schoenehaut.de\/en\/wp-json\/wp\/v2\/pages"}],"about":[{"href":"https:\/\/www.schoenehaut.de\/en\/wp-json\/wp\/v2\/types\/page"}],"author":[{"embeddable":true,"href":"https:\/\/www.schoenehaut.de\/en\/wp-json\/wp\/v2\/users\/1"}],"replies":[{"embeddable":true,"href":"https:\/\/www.schoenehaut.de\/en\/wp-json\/wp\/v2\/comments?post=835"}],"version-history":[{"count":55,"href":"https:\/\/www.schoenehaut.de\/en\/wp-json\/wp\/v2\/pages\/835\/revisions"}],"predecessor-version":[{"id":5903,"href":"https:\/\/www.schoenehaut.de\/en\/wp-json\/wp\/v2\/pages\/835\/revisions\/5903"}],"up":[{"embeddable":true,"href":"https:\/\/www.schoenehaut.de\/en\/wp-json\/wp\/v2\/pages\/807"}],"wp:attachment":[{"href":"https:\/\/www.schoenehaut.de\/en\/wp-json\/wp\/v2\/media?parent=835"}],"curies":[{"name":"wp","href":"https:\/\/api.w.org\/{rel}","templated":true}]}}