{"id":837,"date":"2026-01-29T12:17:18","date_gmt":"2026-01-29T11:17:18","guid":{"rendered":"https:\/\/www.schoenehaut.de\/?page_id=837"},"modified":"2026-03-25T09:39:09","modified_gmt":"2026-03-25T08:39:09","slug":"peelings","status":"publish","type":"page","link":"https:\/\/www.schoenehaut.de\/en\/institut\/peelings\/","title":{"rendered":"Peelings"},"content":{"rendered":"\n<div style=\"height:100px\" aria-hidden=\"true\" class=\"hide-on-mobile wp-block-spacer\"><\/div>\n\n\n\n<div style=\"height:110px\" aria-hidden=\"true\" class=\"hide-on-desktop wp-block-spacer\"><\/div>\n\n\n\n<div class=\"wp-block-cover alignfull is-light\" style=\"min-height:150px;aspect-ratio:unset;\"><img loading=\"lazy\" decoding=\"async\" width=\"2000\" height=\"927\" class=\"wp-block-cover__image-background wp-image-5679 size-full\" alt=\"\" src=\"https:\/\/www.schoenehaut.de\/wp-content\/uploads\/2026\/03\/Header_AdobeStock_255775158-1.jpg\" data-object-fit=\"cover\"\/><span aria-hidden=\"true\" class=\"wp-block-cover__background has-background-dim-0 has-background-dim\" style=\"background-color:#959286\"><\/span><div class=\"wp-block-cover__inner-container has-global-padding is-layout-constrained wp-block-cover-is-layout-constrained\">\n<h1 class=\"wp-block-heading is-style-h2 has-white-color has-text-color has-link-color wp-elements-e52e6481bbd65fadc726e6ece8395bc3\">Institut <br>Sch\u00f6ne haut<\/h1>\n<\/div><\/div>\n\n\n\n<div style=\"height:100px\" aria-hidden=\"true\" class=\"hide-on-mobile wp-block-spacer\"><\/div>\n\n\n\n<div style=\"height:50px\" aria-hidden=\"true\" class=\"hide-on-desktop wp-block-spacer\"><\/div>\n\n\n\n<div class=\"wp-block-columns is-style-big-gap is-layout-flex wp-container-core-columns-is-layout-28f84493 wp-block-columns-is-layout-flex\">\n<div class=\"wp-block-column is-layout-flow wp-block-column-is-layout-flow\"><div class=\"splide has-pagination-center is-style-portrait-contained wp-block-huishu-block-hu-splide-slider\" aria-labelledby=\"\" data-splide=\"{&quot;type&quot;:&quot;fade&quot;,&quot;perPage&quot;:1,&quot;arrows&quot;:true,&quot;autoplay&quot;:true,&quot;speed&quot;:1500,&quot;interval&quot;:4000,&quot;pagination&quot;:true,&quot;rewind&quot;:&quot;true&quot;}\">\n    <div class=\"splide__track\">\n        <ul class=\"splide__list\">\n\n<li class=\"wp-block-huishu-block-splide-slide splide__slide\">\n<figure class=\"wp-block-image size-full is-resized is-style-rounded\"><img loading=\"lazy\" decoding=\"async\" width=\"2000\" height=\"1577\" src=\"https:\/\/www.schoenehaut.de\/wp-content\/uploads\/2026\/01\/istockphoto-1175266102-2048x2048-1.png\" alt=\"\" class=\"wp-image-188\" style=\"aspect-ratio:2\/1;object-fit:cover;width:auto;height:896px\"\/><\/figure>\n<\/li>\n\n\n\n<li class=\"wp-block-huishu-block-splide-slide splide__slide\">\n<figure class=\"wp-block-image size-full is-resized is-style-rounded\"><img loading=\"lazy\" decoding=\"async\" width=\"1303\" height=\"1121\" src=\"https:\/\/www.schoenehaut.de\/wp-content\/uploads\/2026\/03\/AdobeStock_988887908_Preview.jpeg\" alt=\"\" class=\"wp-image-5075\" style=\"aspect-ratio:2\/1;object-fit:cover;width:auto;height:896px\"\/><\/figure>\n<\/li>\n\n<\/ul>    <\/div>\n            <div class=\"splide__arrows \"><button class=\"splide__arrow splide__arrow--prev\">\n\t\t\t<i class=\"icon-chevron-left-slider\" aria-label=\"Zum vorherigen Slide\"><\/i>\n\t\t<\/button>\n\t\t<button class=\"splide__arrow splide__arrow--next\">\n\t\t\t<i class=\"icon-chevron-right-slider\" aria-label=\"Zum n\u00e4chsten Slide\"><\/i>\n\t\t<\/button><\/div>\n        <\/div><\/div>\n\n\n\n<div class=\"wp-block-column is-layout-flow wp-block-column-is-layout-flow\">\n<h4 class=\"wp-block-heading has-large-font-size\">Peeling in Berlin:<\/h4>\n\n\n\n<h2 class=\"wp-block-heading\" style=\"margin-top:var(--wp--preset--spacing--subtitle)\">Chemische und mechanische Behandlungen<\/h2>\n\n\n\n<p class=\"has-large-font-size\">F\u00fcr ein ebenm\u00e4\u00dfiges, strahlendes Hautbild<\/p>\n\n\n\n<p>Professionelle Peeling-Behandlungen sind eine effektive Methode, um Hautunreinheiten, <a href=\"https:\/\/www.schoenehaut.de\/hautbeduerfnis\/haut-gesicht\/pigmentflecken-melasma\/\" data-type=\"page\" data-id=\"687\">Pigmentst\u00f6rungen<\/a> und erste Zeichen der Hautalterung gezielt zu verbessern. Durch das kontrollierte Entfernen abgestorbener Hautzellen wird die Zellerneuerung der Haut aktiviert, die Hautstruktur verfeinert und die Aufnahme hochwertiger Wirkstoffe optimiert. Die Haut wirkt glatter, frischer und sichtbar ebenm\u00e4\u00dfiger.<br><br>In unserer dermatologisch-\u00e4sthetischen Praxis in Berlin bieten wir moderne, medizinisch fundierte Peeling-Behandlungen, die individuell auf den Hauttyp und die Hautbed\u00fcrfnisse abgestimmt werden.<\/p>\n\n\n\n<div class=\"wp-block-buttons is-layout-flex wp-block-buttons-is-layout-flex\">\n<div class=\"wp-block-button is-style-fill\"><a class=\"wp-block-button__link wp-element-button\" href=\"https:\/\/www.doctolib.de\/institut\/berlin\/institut-fuer-medizinische-kosmetik-und-aesthetische-dermatologie-schoene-haut\/booking\/new-patient?specialityId=1133&amp;source=profile\" target=\"_blank\" rel=\"noreferrer noopener\">Jetzt Termin buchen<\/a><\/div>\n<\/div>\n<\/div>\n<\/div>\n\n\n\n<div class=\"wp-block-group alignfull has-white-background-color has-background has-global-padding is-layout-constrained wp-block-group-is-layout-constrained\">\n<div class=\"wp-block-columns is-layout-flex wp-container-core-columns-is-layout-f0342b05 wp-block-columns-is-layout-flex\" style=\"margin-top:0;margin-bottom:0\">\n<div class=\"wp-block-column is-layout-flow wp-block-column-is-layout-flow\" style=\"flex-basis:60%\">\n<div style=\"height:61px\" aria-hidden=\"true\" class=\"wp-block-spacer\"><\/div>\n\n\n\n<h2 class=\"wp-block-heading is-style-h2\">Welche Hautprobleme lassen sich mit einem Peeling behandeln?<\/h2>\n\n\n\n<ul class=\"wp-block-list is-style-grid\">\n<li>Pigmentflecken und Pigmentst\u00f6rungen, Melasma<\/li>\n\n\n\n<li>Unreine Haut und vergr\u00f6\u00dferte Poren<\/li>\n\n\n\n<li>Verhornungsst\u00f6rungen (Hyperkeratosen)<\/li>\n\n\n\n<li>Feine Linien, F\u00e4ltchen und Falten<\/li>\n\n\n\n<li>Bestimmte Akneformen<\/li>\n\n\n\n<li>Narben und Aknenarben<\/li>\n<\/ul>\n\n\n\n<div style=\"height:61px\" aria-hidden=\"true\" class=\"wp-block-spacer\"><\/div>\n<\/div>\n\n\n\n<div class=\"hide-on-mobile wp-block-column is-layout-flow wp-block-column-is-layout-flow\" style=\"flex-basis:5%\"><\/div>\n\n\n\n<div class=\"hide-on-mobile wp-block-column is-layout-flow wp-block-column-is-layout-flow\" style=\"flex-basis:35.9%\">\n<figure class=\"wp-block-image size-full is-resized is-style-right-edge\"><img loading=\"lazy\" decoding=\"async\" width=\"2000\" height=\"1143\" src=\"https:\/\/www.schoenehaut.de\/wp-content\/uploads\/2026\/02\/AdobeStock_1540761513_Preview.jpeg\" alt=\"\" class=\"wp-image-2453\" style=\"width:auto;height:570px\"\/><\/figure>\n<\/div>\n<\/div>\n<\/div>\n\n\n\n<div class=\"wp-block-columns is-style-medium-gap is-layout-flex wp-container-core-columns-is-layout-28f84493 wp-block-columns-is-layout-flex\">\n<div class=\"wp-block-column is-layout-flow wp-block-column-is-layout-flow\">\n<figure class=\"wp-block-image size-full is-style-rounded\"><img loading=\"lazy\" decoding=\"async\" width=\"2000\" height=\"1121\" src=\"https:\/\/www.schoenehaut.de\/wp-content\/uploads\/2026\/02\/AdobeStock_1602985896_Preview.jpeg\" alt=\"\" class=\"wp-image-2458\"\/><\/figure>\n<\/div>\n\n\n\n<div class=\"wp-block-column is-layout-flow wp-block-column-is-layout-flow\">\n<h2 class=\"wp-block-heading\">Peeling-Behandlungen<\/h2>\n\n\n\n<p>Wir bieten ein breites Spektrum an chemischen und mechanischen Peelings, die \u00e4rztlich begleitet und individuell kombiniert werden:<\/p>\n\n\n\n<details class=\"wp-block-huishu-agentur-huishu-faq-block\"><summary><span>Fruchts\u00e4urepeeling<\/span><\/summary><div class=\"faq-details is-layout-flow\">\n<p>Geeignet bei Akne, sensibler und unreiner Haut, gro\u00dfen Poren, Couperose sowie Pigmentflecken. Verbessert die Hautstruktur und sorgt f\u00fcr ein klares, frisches Hautbild.<\/p>\n<\/div><\/details>\n\n\n\n<details class=\"wp-block-huishu-agentur-huishu-faq-block\"><summary><span>Salicyls\u00e4urepeeling<\/span><\/summary><div class=\"faq-details is-layout-flow\">\n<p>Besonders geeignet bei Akne, entz\u00fcndlichen Hautver\u00e4nderungen sowie bei reifer und lichtgesch\u00e4digter Haut. Wirkt porenverfeinernd und talgregulierend.<\/p>\n<\/div><\/details>\n\n\n\n<details class=\"wp-block-huishu-agentur-huishu-faq-block\"><summary><span>Retinol-Peeling<\/span><\/summary><div class=\"faq-details is-layout-flow\">\n<p>Ideal zur Behandlung von feinen Linien, unebenem Hautbild und ersten Zeichen der Hautalterung. F\u00f6rdert die Zellerneuerung und sorgt f\u00fcr sichtbar glattere Haut.<\/p>\n<\/div><\/details>\n\n\n\n<details class=\"wp-block-huishu-agentur-huishu-faq-block\"><summary><span>TCA-Peeling<\/span><\/summary><div class=\"faq-details is-layout-flow\">\n<p>Ein intensiveres medizinisches Peeling zur gezielten Behandlung von Pigmentst\u00f6rungen, Narben und ausgepr\u00e4gteren Alterserscheinungen. Die Anwendung erfolgt ausschlie\u00dflich nach individueller \u00e4rztlicher Indikationsstellung.<\/p>\n<\/div><\/details>\n\n\n\n<details class=\"wp-block-huishu-agentur-huishu-faq-block\"><summary><span>Sandstrahlpeeling (Mikrodermabrasion)<\/span><\/summary><div class=\"faq-details is-layout-flow\">\n<p>F\u00fcr die Mikrodermabrasion verwenden wir das Wet Diamond\u2122 Kit von HydraFacial\u00ae. Diese moderne Technologie kombiniert diamantbesetzte Aufs\u00e4tze mit einer gleichzeitigen Hydration der Haut.<\/p>\n<\/div><\/details>\n\n\n\n<p>Das Ergebnis ist eine besonders effektive und zugleich sehr schonende Behandlung, bei der abgestorbene Hautzellen sanft entfernt und das Hautbild sichtbar verfeinert wird \u2013 auch bei empfindlicher Haut.<br><br>Gerne beraten wir Sie pers\u00f6nlich und erstellen gemeinsam mit Ihnen einen individuellen Behandlungsplan, abgestimmt auf Ihre Haut und Ihre \u00e4sthetischen Ziele.<\/p>\n<\/div>\n<\/div>\n\n\n\n<div class=\"wp-block-columns is-layout-flex wp-container-core-columns-is-layout-28f84493 wp-block-columns-is-layout-flex\">\n<div class=\"wp-block-column is-layout-flow wp-block-column-is-layout-flow\">\n<h2 class=\"wp-block-heading\">Weitere Behandlungen<\/h2>\n\n\n\n<div class=\"wp-block-group has-global-padding is-layout-constrained wp-block-group-is-layout-constrained\"><div class=\"schoenehaut-behandlungs-grid wp-block-schoenehaut-behandlungs-kacheln\"><a href=\"https:\/\/www.schoenehaut.de\/en\/aesthetik\/biostimulation-mesotherapie\/polynukleotide-pdrn-salmon-sperm-lift\/\" class=\"behandlungs-tile\" aria-label=\"Biostimulatoren\">\n                <img decoding=\"async\" src=\"https:\/\/www.schoenehaut.de\/wp-content\/uploads\/2026\/02\/AdobeStock_1628764124_Preview.jpeg\" alt=\"\" class=\"tile-image\" aria-hidden=\"true\">\n                <span class=\"tile-title\">Biostimulatoren<\/span>\n            <\/a><a href=\"https:\/\/www.schoenehaut.de\/en\/laser\/laserlifting-augenlidstraffung\/\" class=\"behandlungs-tile\" aria-label=\"Laserlifting\">\n                <img decoding=\"async\" src=\"https:\/\/www.schoenehaut.de\/wp-content\/uploads\/2026\/02\/AdobeStock_1448106743_Preview.jpeg\" alt=\"\" class=\"tile-image\" aria-hidden=\"true\">\n                <span class=\"tile-title\">Laserlifting<\/span>\n            <\/a><a href=\"https:\/\/www.schoenehaut.de\/en\/laser\/tattoo-und-permanent-make-up-entfernung\/\" class=\"behandlungs-tile\" aria-label=\"PicoSure\u00ae\">\n                <img decoding=\"async\" src=\"https:\/\/www.schoenehaut.de\/wp-content\/uploads\/2026\/02\/istockphoto-1698772884-2048x2048-1.jpg\" alt=\"\" class=\"tile-image\" aria-hidden=\"true\">\n                <span class=\"tile-title\">PicoSure\u00ae<\/span>\n            <\/a><\/div><\/div>\n<\/div>\n<\/div>\n","protected":false},"excerpt":{"rendered":"<p>Peeling in Berlin: Chemische und mechanische Behandlungen F\u00fcr ein ebenm\u00e4\u00dfiges, strahlendes Hautbild Professionelle Peeling-Behandlungen sind eine effektive Methode, um Hautunreinheiten, Pigmentst\u00f6rungen und erste Zeichen der Hautalterung gezielt zu verbessern. Durch das kontrollierte Entfernen abgestorbener Hautzellen wird die Zellerneuerung der Haut aktiviert, die Hautstruktur verfeinert und die Aufnahme hochwertiger Wirkstoffe optimiert. Die Haut wirkt glatter, frischer [&hellip;]<\/p>\n","protected":false},"author":1,"featured_media":0,"parent":807,"menu_order":4,"comment_status":"closed","ping_status":"closed","template":"institut","meta":{"footnotes":""},"class_list":["post-837","page","type-page","status-publish","hentry"],"_links":{"self":[{"href":"https:\/\/www.schoenehaut.de\/en\/wp-json\/wp\/v2\/pages\/837","targetHints":{"allow":["GET"]}}],"collection":[{"href":"https:\/\/www.schoenehaut.de\/en\/wp-json\/wp\/v2\/pages"}],"about":[{"href":"https:\/\/www.schoenehaut.de\/en\/wp-json\/wp\/v2\/types\/page"}],"author":[{"embeddable":true,"href":"https:\/\/www.schoenehaut.de\/en\/wp-json\/wp\/v2\/users\/1"}],"replies":[{"embeddable":true,"href":"https:\/\/www.schoenehaut.de\/en\/wp-json\/wp\/v2\/comments?post=837"}],"version-history":[{"count":31,"href":"https:\/\/www.schoenehaut.de\/en\/wp-json\/wp\/v2\/pages\/837\/revisions"}],"predecessor-version":[{"id":5586,"href":"https:\/\/www.schoenehaut.de\/en\/wp-json\/wp\/v2\/pages\/837\/revisions\/5586"}],"up":[{"embeddable":true,"href":"https:\/\/www.schoenehaut.de\/en\/wp-json\/wp\/v2\/pages\/807"}],"wp:attachment":[{"href":"https:\/\/www.schoenehaut.de\/en\/wp-json\/wp\/v2\/media?parent=837"}],"curies":[{"name":"wp","href":"https:\/\/api.w.org\/{rel}","templated":true}]}}