{"id":839,"date":"2026-01-29T12:17:36","date_gmt":"2026-01-29T11:17:36","guid":{"rendered":"https:\/\/www.schoenehaut.de\/?page_id=839"},"modified":"2026-03-25T09:49:21","modified_gmt":"2026-03-25T08:49:21","slug":"special-glow-pre-event","status":"publish","type":"page","link":"https:\/\/www.schoenehaut.de\/en\/institut\/special-glow-pre-event\/","title":{"rendered":"Special Glow \/ Pre Event"},"content":{"rendered":"\n<div style=\"height:100px\" aria-hidden=\"true\" class=\"hide-on-mobile wp-block-spacer\"><\/div>\n\n\n\n<div style=\"height:110px\" aria-hidden=\"true\" class=\"hide-on-desktop wp-block-spacer\"><\/div>\n\n\n\n<div class=\"wp-block-cover alignfull is-light\" style=\"min-height:150px;aspect-ratio:unset;\"><img loading=\"lazy\" decoding=\"async\" width=\"2000\" height=\"927\" class=\"wp-block-cover__image-background wp-image-5679 size-full\" alt=\"\" src=\"https:\/\/www.schoenehaut.de\/wp-content\/uploads\/2026\/03\/Header_AdobeStock_255775158-1.jpg\" data-object-fit=\"cover\"\/><span aria-hidden=\"true\" class=\"wp-block-cover__background has-background-dim-0 has-background-dim\" style=\"background-color:#959286\"><\/span><div class=\"wp-block-cover__inner-container has-global-padding is-layout-constrained wp-block-cover-is-layout-constrained\">\n<h1 class=\"wp-block-heading is-style-h2 has-white-color has-text-color has-link-color wp-elements-e52e6481bbd65fadc726e6ece8395bc3\">Institut <br>Sch\u00f6ne haut<\/h1>\n<\/div><\/div>\n\n\n\n<div style=\"height:100px\" aria-hidden=\"true\" class=\"hide-on-mobile wp-block-spacer\"><\/div>\n\n\n\n<div style=\"height:50px\" aria-hidden=\"true\" class=\"hide-on-desktop wp-block-spacer\"><\/div>\n\n\n\n<div class=\"wp-block-columns is-style-big-gap is-layout-flex wp-container-core-columns-is-layout-28f84493 wp-block-columns-is-layout-flex\">\n<div class=\"wp-block-column is-layout-flow wp-block-column-is-layout-flow\"><div class=\"splide has-pagination-center is-style-portrait-contained wp-block-huishu-block-hu-splide-slider\" aria-labelledby=\"\" data-splide=\"{&quot;type&quot;:&quot;fade&quot;,&quot;perPage&quot;:1,&quot;arrows&quot;:true,&quot;autoplay&quot;:true,&quot;speed&quot;:1400,&quot;interval&quot;:4000,&quot;pagination&quot;:true,&quot;rewind&quot;:&quot;true&quot;}\">\n    <div class=\"splide__track\">\n        <ul class=\"splide__list\">\n\n<li class=\"wp-block-huishu-block-splide-slide splide__slide\">\n<figure class=\"wp-block-image size-full is-resized is-style-rounded\"><img loading=\"lazy\" decoding=\"async\" width=\"2000\" height=\"1091\" src=\"https:\/\/www.schoenehaut.de\/wp-content\/uploads\/2026\/02\/AdobeStock_1801497247_Preview.jpeg\" alt=\"\" class=\"wp-image-2470\" style=\"aspect-ratio:2\/1;object-fit:cover;width:auto;height:896px\"\/><\/figure>\n<\/li>\n\n\n\n<li class=\"wp-block-huishu-block-splide-slide splide__slide\">\n<figure class=\"wp-block-image size-full is-resized is-style-rounded\"><img loading=\"lazy\" decoding=\"async\" width=\"1125\" height=\"2000\" src=\"https:\/\/www.schoenehaut.de\/wp-content\/uploads\/2026\/01\/Hochformat-10.jpg\" alt=\"\" class=\"wp-image-903\" style=\"aspect-ratio:2\/1;object-fit:cover;width:auto;height:896px\"\/><\/figure>\n<\/li>\n\n<\/ul>    <\/div>\n            <div class=\"splide__arrows \"><button class=\"splide__arrow splide__arrow--prev\">\n\t\t\t<i class=\"icon-chevron-left-slider\" aria-label=\"Zum vorherigen Slide\"><\/i>\n\t\t<\/button>\n\t\t<button class=\"splide__arrow splide__arrow--next\">\n\t\t\t<i class=\"icon-chevron-right-slider\" aria-label=\"Zum n\u00e4chsten Slide\"><\/i>\n\t\t<\/button><\/div>\n        <\/div><\/div>\n\n\n\n<div class=\"wp-block-column is-layout-flow wp-block-column-is-layout-flow\">\n<h2 class=\"wp-block-heading\">Pre-Event Glow Treatment<\/h2>\n\n\n\n<p class=\"has-large-font-size\">Der perfekte Auftritt beginnt mit deiner Haut.<\/p>\n\n\n\n<p>F\u00fcr besondere Anl\u00e4sse, wichtige Termine oder einfach dann, wenn die Haut sofort makellos wirken soll. Dieses exklusive Glow Facial schenkt der Haut in kurzer Zeit intensive Frische, Feuchtigkeit und Ausstrahlung. Die Haut erscheint sichtbar gegl\u00e4ttet, feinporig und optimal vorbereitet \u2013 auch als ideale Basis f\u00fcr Make-up.<\/p>\n\n\n\n<p>Dezent. Elegant. Wirkungsvoll.<\/p>\n\n\n\n<div class=\"wp-block-buttons is-layout-flex wp-block-buttons-is-layout-flex\">\n<div class=\"wp-block-button is-style-fill\"><a class=\"wp-block-button__link wp-element-button\" href=\"https:\/\/www.doctolib.de\/institut\/berlin\/institut-fuer-medizinische-kosmetik-und-aesthetische-dermatologie-schoene-haut\/booking\/new-patient?specialityId=1133&amp;source=profile\" target=\"_blank\" rel=\"noreferrer noopener\">Jetzt Termin buchen<\/a><\/div>\n<\/div>\n<\/div>\n<\/div>\n\n\n\n<div class=\"wp-block-group alignfull has-white-background-color has-background has-global-padding is-layout-constrained wp-block-group-is-layout-constrained\">\n<div class=\"wp-block-columns is-layout-flex wp-container-core-columns-is-layout-f0342b05 wp-block-columns-is-layout-flex\" style=\"margin-top:0;margin-bottom:0\">\n<div class=\"wp-block-column is-layout-flow wp-block-column-is-layout-flow\" style=\"flex-basis:60%\">\n<div style=\"height:61px\" aria-hidden=\"true\" class=\"wp-block-spacer\"><\/div>\n\n\n\n<h2 class=\"wp-block-heading is-style-h2\">Exklusives Glow Treatment in Berlin<\/h2>\n\n\n\n<p>Alle Glow Treatments finden in entspannter, privater Atmosph\u00e4re in unserem Institut SCH\u00d6NE HAUT statt.<\/p>\n\n\n\n<p>Wir verbinden individuelle Beratung mit medizinisch fundierter Wirkstoffkosmetik und h\u00f6chsten \u00e4sthetischen Standards.<\/p>\n\n\n\n<p>G\u00f6nn dir eine Behandlung, die Luxus, Wissenschaft und sichtbare Ergebnisse vereint.<\/p>\n\n\n\n<p>Vereinbar gerne einen Termin bei SCH\u00d6NE HAUT Berlin.<\/p>\n\n\n\n<div style=\"height:61px\" aria-hidden=\"true\" class=\"wp-block-spacer\"><\/div>\n<\/div>\n\n\n\n<div class=\"hide-on-mobile wp-block-column is-layout-flow wp-block-column-is-layout-flow\" style=\"flex-basis:5%\"><\/div>\n\n\n\n<div class=\"hide-on-mobile wp-block-column is-layout-flow wp-block-column-is-layout-flow\" style=\"flex-basis:35.9%\">\n<figure class=\"wp-block-image size-full is-resized is-style-right-edge\"><img loading=\"lazy\" decoding=\"async\" width=\"2000\" height=\"1125\" src=\"https:\/\/www.schoenehaut.de\/wp-content\/uploads\/2026\/01\/Querformat-20.jpg\" alt=\"\" class=\"wp-image-891\" style=\"width:auto;height:600px\"\/><\/figure>\n<\/div>\n<\/div>\n<\/div>\n\n\n\n<div class=\"wp-block-columns is-style-medium-gap is-layout-flex wp-container-core-columns-is-layout-28f84493 wp-block-columns-is-layout-flex\">\n<div class=\"wp-block-column is-layout-flow wp-block-column-is-layout-flow\">\n<figure class=\"wp-block-image size-full is-style-rounded\"><img loading=\"lazy\" decoding=\"async\" width=\"2000\" height=\"1121\" src=\"https:\/\/www.schoenehaut.de\/wp-content\/uploads\/2026\/02\/AdobeStock_1541430423_Preview.jpeg\" alt=\"\" class=\"wp-image-2454\" style=\"aspect-ratio:1;object-fit:cover\"\/><\/figure>\n<\/div>\n\n\n\n<div class=\"wp-block-column is-layout-flow wp-block-column-is-layout-flow\">\n<h2 class=\"wp-block-heading\">UNSER GLOW-KONZEPT<\/h2>\n\n\n\n<p>Kein einzelnes Treatment, sondern ein individuell abgestimmter Ansatz \u2013 je nach Hautzustand, Jahreszeit und Anlass.<\/p>\n\n\n\n<details class=\"wp-block-huishu-agentur-huishu-faq-block\"><summary><span>Glow Treatments &amp; Medical Facials<\/span><\/summary><div class=\"faq-details is-layout-flow\">\n<p>Exklusive Glow Treatments, HydraFacial\u00ae Syndeo\u2122 und JetPeel\u2122 sorgen f\u00fcr intensive Reinigung, Durchfeuchtung und sofortige Frische \u2013 ideal f\u00fcr schnellen, eleganten Glow ohne Ausfallzeit.<\/p>\n<\/div><\/details>\n\n\n\n<details class=\"wp-block-huishu-agentur-huishu-faq-block\"><summary><span>Glow Facials<\/span><\/summary><div class=\"faq-details is-layout-flow\">\n<figure class=\"wp-block-flexible-table-block-table\"><table class=\"has-fixed-layout\"><tbody><tr><td>Anti-Aging Glow Treatment:<\/td><td>Nach einer sanften Hautvorbereitung werden hochwirksame Peptide, Antioxidantien und hydratisierende Wirkstoffetief in die Haut eingeschleust. Die Haut wird intensiv durchfeuchtet, regeneriert und erh\u00e4lt einen sofort sichtbaren, frischen Glow.<\/td><\/tr><tr><td>Anti-Pigment Glow Treatment:<\/td><td>Ein hochwirksames Treatment f\u00fcr einen sichtbar klareren, ebenm\u00e4\u00dfigeren Teint. Nach der optimalen Hautvorbereitung werden aufhellende Wirkstoffe wie Tranexams\u00e4ure, Alpha-Arbutin, Vitamin C und Kojic Acid tief in die Haut eingeschleust. Diese leistungsstarken Wirkstoffe reduzieren Pigmentflecken, gleichen den Hautton aus und verleihen der Haut einen strahlenden, makellosen Glow. <\/td><\/tr><tr><td>Pre-Event Glow Treatment:<\/td><td>Das perfekte Treatment f\u00fcr einen sofortigen Frische- und Strahlkraft-Effekt vor besonderen Anl\u00e4ssen. Nach einer sanften Hautvorbereitung werden hochwirksame hydratisierende Wirkstoffe, Antioxidantien und Glow-Booster tief in die <br>Haut eingeschleust.<\/td><\/tr><\/tbody><\/table><\/figure>\n\n\n\n<p>Die Haut wirkt glatter, praller und intensiv durchfeuchtet \u2013 f\u00fcr einen strahlenden, ebenm\u00e4\u00dfigen Teint und einen perfekten Glow<\/p>\n<\/div><\/details>\n\n\n\n<details class=\"wp-block-huishu-agentur-huishu-faq-block\"><summary><span>Hydration &amp; Skinboosting<\/span><\/summary><div class=\"faq-details is-layout-flow\">\n<p>Hyaluron-Skinbooster, bioremodulierende Injektionen (z. B. Profhilo-Konzepte) und regenerative Wirkstoffe wie Polynukleotide oder Exosomen verbessern Durchfeuchtung, Spannkraft und Leuchtkraft nachhaltig.<\/p>\n<\/div><\/details>\n\n\n\n<details class=\"wp-block-huishu-agentur-huishu-faq-block\"><summary><span>Regeneration &amp; Erneuerung<\/span><\/summary><div class=\"faq-details is-layout-flow\">\n<p>Microneedling, PRP\/Eigenblut und medizinische Kombinationstherapien aktivieren die Kollagenneubildung und schenken m\u00fcder Haut neue Frische.<\/p>\n<\/div><\/details>\n\n\n\n<details class=\"wp-block-huishu-agentur-huishu-faq-block\"><summary><span>Verfeinerung &amp; Ebenm\u00e4\u00dfigkeit<\/span><\/summary><div class=\"faq-details is-layout-flow\">\n<p>Chemische Peelings, Laser-, Licht- und IPL-Verfahren sorgen f\u00fcr klaren Teint, feinere Poren und ein ruhiges Hautbild.<\/p>\n<\/div><\/details>\n\n\n\n<details class=\"wp-block-huishu-agentur-huishu-faq-block\"><summary><span>Glow ohne Volumen<\/span><\/summary><div class=\"faq-details is-layout-flow\">\n<p>Micro- bzw. Babybotox f\u00fcr glatte, frische Haut \u2013 ohne Maskeneffekt, ohne Ver\u00e4nderung der Mimik.<\/p>\n<\/div><\/details>\n\n\n\n<h2 class=\"wp-block-heading\">DAS ERGEBNIS<\/h2>\n\n\n\n<p>Ein nat\u00fcrlicher Glow, der nicht gemacht wirkt \u2013 sondern gesund.\u2028Haut, die frisch aussieht, sich gut anf\u00fchlt und mit der Zeit immer sch\u00f6ner wird.\u2028\u2028Glow beginnt mit Qualit\u00e4t. Und mit der richtigen Behandlung.<\/p>\n<\/div>\n<\/div>\n\n\n\n<div class=\"wp-block-columns is-layout-flex wp-container-core-columns-is-layout-28f84493 wp-block-columns-is-layout-flex\">\n<div class=\"wp-block-column is-layout-flow wp-block-column-is-layout-flow\">\n<h2 class=\"wp-block-heading\">Weitere Behandlungen<\/h2>\n\n\n\n<div class=\"wp-block-group has-global-padding is-layout-constrained wp-block-group-is-layout-constrained\"><div class=\"schoenehaut-behandlungs-grid wp-block-schoenehaut-behandlungs-kacheln\"><a href=\"https:\/\/www.schoenehaut.de\/en\/aesthetik\/fett-weg-spritze\/\" class=\"behandlungs-tile\" aria-label=\"Fett-Weg-Spritze\">\n                <img decoding=\"async\" src=\"https:\/\/www.schoenehaut.de\/wp-content\/uploads\/2026\/02\/AdobeStock_545141186_Preview.jpeg\" alt=\"\" class=\"tile-image\" aria-hidden=\"true\">\n                <span class=\"tile-title\">Fett-Weg-Spritze<\/span>\n            <\/a><a href=\"https:\/\/www.schoenehaut.de\/en\/hautbeduerfnis\/erschlaffte-lider\/\" class=\"behandlungs-tile\" aria-label=\"Lidstraffung\">\n                <img decoding=\"async\" src=\"https:\/\/www.schoenehaut.de\/wp-content\/uploads\/2026\/02\/AdobeStock_1448106743_Preview.jpeg\" alt=\"\" class=\"tile-image\" aria-hidden=\"true\">\n                <span class=\"tile-title\">Lidstraffung<\/span>\n            <\/a><a href=\"https:\/\/www.schoenehaut.de\/en\/aesthetik\/hyaluron\/\" class=\"behandlungs-tile\" aria-label=\"Hyalurons\u00e4ure\">\n                <img decoding=\"async\" src=\"https:\/\/www.schoenehaut.de\/wp-content\/uploads\/2026\/02\/AdobeStock_953124479_Preview.jpeg\" alt=\"\" class=\"tile-image\" aria-hidden=\"true\">\n                <span class=\"tile-title\">Hyalurons\u00e4ure<\/span>\n            <\/a><\/div><\/div>\n<\/div>\n<\/div>\n","protected":false},"excerpt":{"rendered":"<p>Pre-Event Glow Treatment Der perfekte Auftritt beginnt mit deiner Haut. F\u00fcr besondere Anl\u00e4sse, wichtige Termine oder einfach dann, wenn die Haut sofort makellos wirken soll. Dieses exklusive Glow Facial schenkt der Haut in kurzer Zeit intensive Frische, Feuchtigkeit und Ausstrahlung. Die Haut erscheint sichtbar gegl\u00e4ttet, feinporig und optimal vorbereitet \u2013 auch als ideale Basis f\u00fcr [&hellip;]<\/p>\n","protected":false},"author":1,"featured_media":0,"parent":807,"menu_order":5,"comment_status":"closed","ping_status":"closed","template":"institut","meta":{"footnotes":""},"class_list":["post-839","page","type-page","status-publish","hentry"],"_links":{"self":[{"href":"https:\/\/www.schoenehaut.de\/en\/wp-json\/wp\/v2\/pages\/839","targetHints":{"allow":["GET"]}}],"collection":[{"href":"https:\/\/www.schoenehaut.de\/en\/wp-json\/wp\/v2\/pages"}],"about":[{"href":"https:\/\/www.schoenehaut.de\/en\/wp-json\/wp\/v2\/types\/page"}],"author":[{"embeddable":true,"href":"https:\/\/www.schoenehaut.de\/en\/wp-json\/wp\/v2\/users\/1"}],"replies":[{"embeddable":true,"href":"https:\/\/www.schoenehaut.de\/en\/wp-json\/wp\/v2\/comments?post=839"}],"version-history":[{"count":19,"href":"https:\/\/www.schoenehaut.de\/en\/wp-json\/wp\/v2\/pages\/839\/revisions"}],"predecessor-version":[{"id":5820,"href":"https:\/\/www.schoenehaut.de\/en\/wp-json\/wp\/v2\/pages\/839\/revisions\/5820"}],"up":[{"embeddable":true,"href":"https:\/\/www.schoenehaut.de\/en\/wp-json\/wp\/v2\/pages\/807"}],"wp:attachment":[{"href":"https:\/\/www.schoenehaut.de\/en\/wp-json\/wp\/v2\/media?parent=839"}],"curies":[{"name":"wp","href":"https:\/\/api.w.org\/{rel}","templated":true}]}}