{"id":851,"date":"2026-01-29T12:19:20","date_gmt":"2026-01-29T11:19:20","guid":{"rendered":"https:\/\/www.schoenehaut.de\/?page_id=851"},"modified":"2026-03-25T09:42:05","modified_gmt":"2026-03-25T08:42:05","slug":"fruchtsaeurepeeling","status":"publish","type":"page","link":"https:\/\/www.schoenehaut.de\/en\/institut\/peelings\/fruchtsaeurepeeling\/","title":{"rendered":"Fruchts\u00e4urepeeling"},"content":{"rendered":"\n<div style=\"height:100px\" aria-hidden=\"true\" class=\"hide-on-mobile wp-block-spacer\"><\/div>\n\n\n\n<div style=\"height:110px\" aria-hidden=\"true\" class=\"hide-on-desktop wp-block-spacer\"><\/div>\n\n\n\n<div class=\"wp-block-cover alignfull is-light\" style=\"min-height:150px;aspect-ratio:unset;\"><img loading=\"lazy\" decoding=\"async\" width=\"2000\" height=\"927\" class=\"wp-block-cover__image-background wp-image-5679 size-full\" alt=\"\" src=\"https:\/\/www.schoenehaut.de\/wp-content\/uploads\/2026\/03\/Header_AdobeStock_255775158-1.jpg\" data-object-fit=\"cover\"\/><span aria-hidden=\"true\" class=\"wp-block-cover__background has-background-dim-0 has-background-dim\" style=\"background-color:#959286\"><\/span><div class=\"wp-block-cover__inner-container has-global-padding is-layout-constrained wp-block-cover-is-layout-constrained\">\n<h1 class=\"wp-block-heading is-style-h2 has-white-color has-text-color has-link-color wp-elements-e52e6481bbd65fadc726e6ece8395bc3\">Institut <br>Sch\u00f6ne haut<\/h1>\n<\/div><\/div>\n\n\n\n<div style=\"height:100px\" aria-hidden=\"true\" class=\"hide-on-mobile wp-block-spacer\"><\/div>\n\n\n\n<div style=\"height:50px\" aria-hidden=\"true\" class=\"hide-on-desktop wp-block-spacer\"><\/div>\n\n\n\n<div class=\"wp-block-columns is-style-big-gap is-layout-flex wp-container-core-columns-is-layout-28f84493 wp-block-columns-is-layout-flex\">\n<div class=\"wp-block-column is-layout-flow wp-block-column-is-layout-flow\"><div class=\"splide has-pagination-center is-style-portrait-contained wp-block-huishu-block-hu-splide-slider\" aria-labelledby=\"\" data-splide=\"{&quot;type&quot;:&quot;fade&quot;,&quot;perPage&quot;:1,&quot;arrows&quot;:true,&quot;autoplay&quot;:true,&quot;speed&quot;:1500,&quot;interval&quot;:4000,&quot;pagination&quot;:true,&quot;rewind&quot;:&quot;true&quot;}\">\n    <div class=\"splide__track\">\n        <ul class=\"splide__list\">\n\n<li class=\"wp-block-huishu-block-splide-slide splide__slide\">\n<figure class=\"wp-block-image size-full is-resized is-style-rounded\"><img loading=\"lazy\" decoding=\"async\" width=\"1125\" height=\"2000\" src=\"https:\/\/www.schoenehaut.de\/wp-content\/uploads\/2026\/02\/Bilder-Hochformat-15.jpg\" alt=\"\" class=\"wp-image-2293\" style=\"aspect-ratio:2\/1;object-fit:cover;width:auto;height:896px\"\/><\/figure>\n<\/li>\n\n\n\n<li class=\"wp-block-huishu-block-splide-slide splide__slide\">\n<figure class=\"wp-block-image size-full is-resized is-style-rounded\"><img loading=\"lazy\" decoding=\"async\" width=\"2000\" height=\"796\" src=\"https:\/\/www.schoenehaut.de\/wp-content\/uploads\/2026\/02\/AdobeStock_953124479_Preview.jpeg\" alt=\"\" class=\"wp-image-2438\" style=\"aspect-ratio:2\/1;object-fit:cover;width:auto;height:896px\"\/><\/figure>\n<\/li>\n\n<\/ul>    <\/div>\n            <div class=\"splide__arrows \"><button class=\"splide__arrow splide__arrow--prev\">\n\t\t\t<i class=\"icon-chevron-left-slider\" aria-label=\"Zum vorherigen Slide\"><\/i>\n\t\t<\/button>\n\t\t<button class=\"splide__arrow splide__arrow--next\">\n\t\t\t<i class=\"icon-chevron-right-slider\" aria-label=\"Zum n\u00e4chsten Slide\"><\/i>\n\t\t<\/button><\/div>\n        <\/div><\/div>\n\n\n\n<div class=\"wp-block-column is-layout-flow wp-block-column-is-layout-flow\">\n<h4 class=\"wp-block-heading has-large-font-size\">Fruchts\u00e4urepeeling: <\/h4>\n\n\n\n<h2 class=\"wp-block-heading\" style=\"margin-top:var(--wp--preset--spacing--subtitle)\">Ihre Behandlung bei Dr. med. Meike Schr\u00f6der<\/h2>\n\n\n\n<p class=\"has-large-font-size\">Sanfte Hauterneuerung f\u00fcr ein frisches, ebenm\u00e4\u00dfiges Hautbild<\/p>\n\n\n\n<p>Das Fruchts\u00e4urepeeling ist eine bew\u00e4hrte medizinisch-\u00e4sthetische Behandlung zur gezielten Verbesserung des Hautbildes. In unserem Institut SCH\u00d6NE HAUT in Berlin setzen wir Fruchts\u00e4urepeelings ein, um die Haut sichtbar zu verfeinern, zu gl\u00e4tten und zum Strahlen zu bringen.<\/p>\n\n\n\n<p>Fruchts\u00e4uren werden aus nat\u00fcrlichen pflanzlichen Quellen wie Weintrauben, \u00c4pfeln, Zitronen, Orangen oder Zuckerrohr gewonnen. Sie sorgen f\u00fcr eine kontrollierte, oberfl\u00e4chliche Erneuerung der Haut. Abgestorbene Hautzellen werden gel\u00f6st, die Zellerneuerung angeregt \u2013 die Haut wirkt frischer, feiner und gleichm\u00e4\u00dfiger.<\/p>\n\n\n\n<details class=\"wp-block-huishu-agentur-huishu-faq-block\"><summary><span>F\u00fcr wen ist ein Fruchts\u00e4urepeeling geeignet?<\/span><\/summary><div class=\"faq-details is-layout-flow\">\n<p>Ein Fruchts\u00e4urepeeling ist eine medizinisch sinnvolle und effektive Behandlung bei:<\/p>\n\n\n\n<ul class=\"wp-block-list\">\n<li>Akne und unreiner Haut<\/li>\n\n\n\n<li>Rosazea<\/li>\n\n\n\n<li>gro\u00dfporiger Haut<\/li>\n\n\n\n<li><a href=\"https:\/\/www.schoenehaut.de\/hautbeduerfnis\/haut-gesicht\/pigmentflecken-melasma\/\" data-type=\"page\" data-id=\"687\">Pigmentflecken und Melasma<\/a><\/li>\n\n\n\n<li>fahler, m\u00fcder und glanzloser Haut<\/li>\n<\/ul>\n\n\n\n<p>Da Fruchts\u00e4urepeelings zu den mildesten medizinischen Peelings z\u00e4hlen, eignen sie sich auch sehr gut f\u00fcr empfindliche Haut.<\/p>\n<\/div><\/details>\n\n\n\n<details class=\"wp-block-huishu-agentur-huishu-faq-block\"><summary><span>Vorbereitung auf das Fruchts\u00e4urepeeling<\/span><\/summary><div class=\"faq-details is-layout-flow\">\n<p>F\u00fcr ein gleichm\u00e4\u00dfiges und optimales Ergebnis ist eine gute Vorbereitung der Haut entscheidend. Sie erhalten von uns eine speziell abgestimmte Vorbereitungspflege, die Sie ca. 10 Tage vor Beginn der Behandlung t\u00e4glich d\u00fcnn auf die gereinigte und gut getrocknete Haut des zu behandelnden Areals auftragen. So kann sich die Haut ideal auf das Peeling einstellen.<\/p>\n<\/div><\/details>\n\n\n\n<div class=\"wp-block-buttons is-layout-flex wp-block-buttons-is-layout-flex\">\n<div class=\"wp-block-button is-style-fill\"><a class=\"wp-block-button__link wp-element-button\" href=\"https:\/\/www.doctolib.de\/institut\/berlin\/institut-fuer-medizinische-kosmetik-und-aesthetische-dermatologie-schoene-haut\/booking\/new-patient?specialityId=1133&amp;source=profile\" target=\"_blank\" rel=\"noreferrer noopener\">Jetzt Termin buchen<\/a><\/div>\n<\/div>\n<\/div>\n<\/div>\n\n\n\n<div class=\"wp-block-group alignfull has-white-background-color has-background has-global-padding is-layout-constrained wp-block-group-is-layout-constrained\">\n<div class=\"wp-block-columns is-layout-flex wp-container-core-columns-is-layout-f0342b05 wp-block-columns-is-layout-flex\" style=\"margin-top:0;margin-bottom:0\">\n<div class=\"wp-block-column is-layout-flow wp-block-column-is-layout-flow\" style=\"flex-basis:60%\">\n<div style=\"height:61px\" aria-hidden=\"true\" class=\"wp-block-spacer\"><\/div>\n\n\n\n<h2 class=\"wp-block-heading is-style-h2\">So l\u00e4uft das Fruchts\u00e4urepeeling ab<\/h2>\n\n\n\n<p>Nach einer gr\u00fcndlichen Reinigung wird das Fruchts\u00e4uregel gleichm\u00e4\u00dfig aufgetragen und wirkt \u2013 je nach Hauttyp \u2013 3 bis 7 Minuten ein.<\/p>\n\n\n\n<p>W\u00e4hrend der Behandlung k\u00f6nnen Sie ein leichtes Kribbeln oder Brennen versp\u00fcren. Das ist v\u00f6llig normal. Unsere erfahrene Fachkosmetikerin begleitet Sie die gesamte Zeit und beh\u00e4lt Ihre Haut kontinuierlich im Blick.<\/p>\n\n\n\n<div style=\"height:61px\" aria-hidden=\"true\" class=\"wp-block-spacer\"><\/div>\n<\/div>\n\n\n\n<div class=\"wp-block-column is-layout-flow wp-block-column-is-layout-flow\" style=\"flex-basis:5%\"><\/div>\n\n\n\n<div class=\"hide-on-mobile wp-block-column is-layout-flow wp-block-column-is-layout-flow\" style=\"flex-basis:35.9%\">\n<figure class=\"wp-block-image size-full is-resized is-style-right-edge\"><img loading=\"lazy\" decoding=\"async\" width=\"2000\" height=\"1121\" src=\"https:\/\/www.schoenehaut.de\/wp-content\/uploads\/2026\/02\/AdobeStock_988887908_Preview.jpeg\" alt=\"\" class=\"wp-image-2441\" style=\"width:auto;height:550px\"\/><\/figure>\n<\/div>\n<\/div>\n<\/div>\n\n\n\n<div class=\"wp-block-columns is-style-medium-gap is-layout-flex wp-container-core-columns-is-layout-28f84493 wp-block-columns-is-layout-flex\">\n<div class=\"wp-block-column is-layout-flow wp-block-column-is-layout-flow\">\n<figure class=\"wp-block-image size-full is-style-rounded\"><img loading=\"lazy\" decoding=\"async\" width=\"2000\" height=\"1125\" src=\"https:\/\/www.schoenehaut.de\/wp-content\/uploads\/2026\/01\/Querformat-20.jpg\" alt=\"\" class=\"wp-image-891\"\/><\/figure>\n<\/div>\n\n\n\n<div class=\"wp-block-column is-layout-flow wp-block-column-is-layout-flow\">\n<h2 class=\"wp-block-heading\">Wie sieht meine Haut nach dem Fruchts\u00e4urepeeling aus?<\/h2>\n\n\n\n<p>Direkt nach dem Fruchts\u00e4urepeeling kann die Haut leicht ger\u00f6tet sein. Zur Beruhigung wird sie gek\u00fchlt und mit speziellen regenerierenden Pflegeprodukten versorgt.<\/p>\n\n\n\n<p>Auf Wunsch tragen wir ein leichtes Make-up auf, sodass Sie im Anschluss problemlos Ihrem Alltag nachgehen k\u00f6nnen.<\/p>\n<\/div>\n<\/div>\n\n\n\n<div class=\"wp-block-columns is-style-medium-gap is-layout-flex wp-container-core-columns-is-layout-28f84493 wp-block-columns-is-layout-flex\">\n<div class=\"wp-block-column is-layout-flow wp-block-column-is-layout-flow\">\n<h2 class=\"wp-block-heading\">Was sollte ich nach dem Fruchts\u00e4urepeeling beachten?<\/h2>\n\n\n\n<ul class=\"wp-block-list\">\n<li>Intensive Sonne und Sonnenb\u00e4der sollten bis zu 4 Wochen nach Abschluss der Peeling-Kur gemieden werden.<\/li>\n\n\n\n<li>Ein konsequenter Sonnenschutz ist in dieser Zeit besonders wichtig, um die Haut optimal zu sch\u00fctzen.<\/li>\n<\/ul>\n<\/div>\n\n\n\n<div class=\"wp-block-column is-layout-flow wp-block-column-is-layout-flow\">\n<figure class=\"wp-block-image size-full\"><img loading=\"lazy\" decoding=\"async\" width=\"827\" height=\"516\" src=\"https:\/\/www.schoenehaut.de\/wp-content\/uploads\/2026\/01\/Rectangle-3.png\" alt=\"\" class=\"wp-image-535\"\/><\/figure>\n<\/div>\n<\/div>\n\n\n\n<div class=\"hide-on-mobile wp-block-cover alignfull is-light\" style=\"min-height:800px;aspect-ratio:unset;\"><img loading=\"lazy\" decoding=\"async\" width=\"1920\" height=\"509\" class=\"wp-block-cover__image-background wp-image-297 size-full\" alt=\"\" src=\"https:\/\/www.schoenehaut.de\/wp-content\/uploads\/2026\/01\/Rectangle-2.png\" style=\"object-position:22% 45%\" data-object-fit=\"cover\" data-object-position=\"22% 45%\"\/><span aria-hidden=\"true\" class=\"wp-block-cover__background has-background-dim-0 has-background-dim\" style=\"background-color:#b0998c\"><\/span><div class=\"wp-block-cover__inner-container has-global-padding is-layout-constrained wp-block-cover-is-layout-constrained\">\n<div class=\"wp-block-columns is-layout-flex wp-container-core-columns-is-layout-28f84493 wp-block-columns-is-layout-flex\">\n<div class=\"hide-on-mobile wp-block-column is-layout-flow wp-block-column-is-layout-flow\"><\/div>\n\n\n\n<div class=\"wp-block-column is-layout-flow wp-block-column-is-layout-flow\">\n<h2 class=\"wp-block-heading has-white-color has-text-color has-link-color wp-elements-3dfd1c172fadc296a8a07f2bc5f80df5\">Wie viele Frucht-s\u00e4urepeelings sind empfehlenswert?<\/h2>\n\n\n\n<p class=\"has-white-color has-text-color has-link-color wp-elements-4262eebcf1a6ad16bdf6a48f790d1bbb\">F\u00fcr ein nachhaltiges und sichtbar verbessertes Hautbild empfehlen wir eine Kur aus 6\u20138 Fruchts\u00e4urepeelings im w\u00f6chentlichen Abstand.<br>Zur Erhaltung des Ergebnisses kann die Behandlung alle 4\u20138 Wochen wiederholt werden.<\/p>\n\n\n\n<p class=\"has-white-color has-text-color has-link-color wp-elements-b4fde6a26da81d25a46aafc7b287d803\">H\u00e4ufig verwenden wir auch ein Kombinationspeeling mit Salizyls\u00e4ure, um die Wirkung zu intensivieren und einen starken Talg reduzierenden Effekt zu bekommen. Besonders bei <a href=\"https:\/\/www.schoenehaut.de\/hautbeduerfnis\/haut-gesicht\/grobporigkeit\/\" data-type=\"page\" data-id=\"695\">grobporiger,<\/a> \u00f6liger Haut.<\/p>\n<\/div>\n<\/div>\n<\/div><\/div>\n\n\n\n<div class=\"hide-on-desktop wp-block-cover alignfull is-light\" style=\"min-height:800px;aspect-ratio:unset;\"><img loading=\"lazy\" decoding=\"async\" width=\"1920\" height=\"509\" class=\"wp-block-cover__image-background wp-image-297 size-full\" alt=\"\" src=\"https:\/\/www.schoenehaut.de\/wp-content\/uploads\/2026\/01\/Rectangle-2.png\" style=\"object-position:100% 45%\" data-object-fit=\"cover\" data-object-position=\"100% 45%\"\/><span aria-hidden=\"true\" class=\"wp-block-cover__background has-background-dim-0 has-background-dim\" style=\"background-color:#b0998c\"><\/span><div class=\"wp-block-cover__inner-container has-global-padding is-layout-constrained wp-block-cover-is-layout-constrained\">\n<div class=\"wp-block-columns is-layout-flex wp-container-core-columns-is-layout-28f84493 wp-block-columns-is-layout-flex\">\n<div class=\"hide-on-mobile wp-block-column is-layout-flow wp-block-column-is-layout-flow\"><\/div>\n\n\n\n<div class=\"wp-block-column is-layout-flow wp-block-column-is-layout-flow\">\n<h2 class=\"wp-block-heading has-white-color has-text-color has-link-color wp-elements-3dfd1c172fadc296a8a07f2bc5f80df5\">Wie viele Frucht-s\u00e4urepeelings sind empfehlenswert?<\/h2>\n\n\n\n<p class=\"has-white-color has-text-color has-link-color wp-elements-4262eebcf1a6ad16bdf6a48f790d1bbb\">F\u00fcr ein nachhaltiges und sichtbar verbessertes Hautbild empfehlen wir eine Kur aus 6\u20138 Fruchts\u00e4urepeelings im w\u00f6chentlichen Abstand.<br>Zur Erhaltung des Ergebnisses kann die Behandlung alle 4\u20138 Wochen wiederholt werden.<\/p>\n\n\n\n<p class=\"has-white-color has-text-color has-link-color wp-elements-b4fde6a26da81d25a46aafc7b287d803\">H\u00e4ufig verwenden wir auch ein Kombinationspeeling mit Salizyls\u00e4ure, um die Wirkung zu intensivieren und einen starken Talg reduzierenden Effekt zu bekommen. Besonders bei <a href=\"https:\/\/www.schoenehaut.de\/hautbeduerfnis\/haut-gesicht\/grobporigkeit\/\" data-type=\"page\" data-id=\"695\">grobporiger,<\/a> \u00f6liger Haut.<\/p>\n<\/div>\n<\/div>\n<\/div><\/div>\n\n\n\n<div class=\"wp-block-columns is-layout-flex wp-container-core-columns-is-layout-28f84493 wp-block-columns-is-layout-flex\">\n<div class=\"wp-block-column is-layout-flow wp-block-column-is-layout-flow\">\n<h2 class=\"wp-block-heading\">Weitere Behandlungen<\/h2>\n\n\n\n<div class=\"wp-block-group has-global-padding is-layout-constrained wp-block-group-is-layout-constrained\"><div class=\"schoenehaut-behandlungs-grid wp-block-schoenehaut-behandlungs-kacheln\"><a href=\"https:\/\/www.schoenehaut.de\/en\/dermatologie\/akne\/\" class=\"behandlungs-tile\" aria-label=\"Akne\">\n                <img decoding=\"async\" src=\"https:\/\/www.schoenehaut.de\/wp-content\/uploads\/2026\/03\/AdobeStock_1646025178_Preview.jpeg\" alt=\"\" class=\"tile-image\" aria-hidden=\"true\">\n                <span class=\"tile-title\">Akne<\/span>\n            <\/a><a href=\"https:\/\/www.schoenehaut.de\/en\/institut\/hydrafacial-syndeo\/\" class=\"behandlungs-tile\" aria-label=\"HydraFacial\u00ae\">\n                <img decoding=\"async\" src=\"https:\/\/www.schoenehaut.de\/wp-content\/uploads\/2026\/02\/AdobeStock_953124479_Preview.jpeg\" alt=\"\" class=\"tile-image\" aria-hidden=\"true\">\n                <span class=\"tile-title\">HydraFacial\u00ae<\/span>\n            <\/a><a href=\"https:\/\/www.schoenehaut.de\/en\/institut\/jetpeel\/\" class=\"behandlungs-tile\" aria-label=\"JetPeel\u2122\">\n                <img decoding=\"async\" src=\"https:\/\/www.schoenehaut.de\/wp-content\/uploads\/2026\/02\/istockphoto-2211764441-2048x2048-1.jpg\" alt=\"\" class=\"tile-image\" aria-hidden=\"true\">\n                <span class=\"tile-title\">JetPeel\u2122<\/span>\n            <\/a><\/div><\/div>\n<\/div>\n<\/div>\n","protected":false},"excerpt":{"rendered":"<p>Fruchts\u00e4urepeeling: Ihre Behandlung bei Dr. med. Meike Schr\u00f6der Sanfte Hauterneuerung f\u00fcr ein frisches, ebenm\u00e4\u00dfiges Hautbild Das Fruchts\u00e4urepeeling ist eine bew\u00e4hrte medizinisch-\u00e4sthetische Behandlung zur gezielten Verbesserung des Hautbildes. In unserem Institut SCH\u00d6NE HAUT in Berlin setzen wir Fruchts\u00e4urepeelings ein, um die Haut sichtbar zu verfeinern, zu gl\u00e4tten und zum Strahlen zu bringen. Fruchts\u00e4uren werden aus nat\u00fcrlichen [&hellip;]<\/p>\n","protected":false},"author":1,"featured_media":0,"parent":837,"menu_order":1,"comment_status":"closed","ping_status":"closed","template":"institut","meta":{"footnotes":""},"class_list":["post-851","page","type-page","status-publish","hentry"],"_links":{"self":[{"href":"https:\/\/www.schoenehaut.de\/en\/wp-json\/wp\/v2\/pages\/851","targetHints":{"allow":["GET"]}}],"collection":[{"href":"https:\/\/www.schoenehaut.de\/en\/wp-json\/wp\/v2\/pages"}],"about":[{"href":"https:\/\/www.schoenehaut.de\/en\/wp-json\/wp\/v2\/types\/page"}],"author":[{"embeddable":true,"href":"https:\/\/www.schoenehaut.de\/en\/wp-json\/wp\/v2\/users\/1"}],"replies":[{"embeddable":true,"href":"https:\/\/www.schoenehaut.de\/en\/wp-json\/wp\/v2\/comments?post=851"}],"version-history":[{"count":43,"href":"https:\/\/www.schoenehaut.de\/en\/wp-json\/wp\/v2\/pages\/851\/revisions"}],"predecessor-version":[{"id":5904,"href":"https:\/\/www.schoenehaut.de\/en\/wp-json\/wp\/v2\/pages\/851\/revisions\/5904"}],"up":[{"embeddable":true,"href":"https:\/\/www.schoenehaut.de\/en\/wp-json\/wp\/v2\/pages\/837"}],"wp:attachment":[{"href":"https:\/\/www.schoenehaut.de\/en\/wp-json\/wp\/v2\/media?parent=851"}],"curies":[{"name":"wp","href":"https:\/\/api.w.org\/{rel}","templated":true}]}}