{"id":853,"date":"2026-01-29T12:19:43","date_gmt":"2026-01-29T11:19:43","guid":{"rendered":"https:\/\/www.schoenehaut.de\/?page_id=853"},"modified":"2026-03-25T09:43:37","modified_gmt":"2026-03-25T08:43:37","slug":"retinol-peeling","status":"publish","type":"page","link":"https:\/\/www.schoenehaut.de\/en\/institut\/peelings\/retinol-peeling\/","title":{"rendered":"Retinol-Peeling"},"content":{"rendered":"\n<div style=\"height:100px\" aria-hidden=\"true\" class=\"hide-on-mobile wp-block-spacer\"><\/div>\n\n\n\n<div style=\"height:110px\" aria-hidden=\"true\" class=\"hide-on-desktop wp-block-spacer\"><\/div>\n\n\n\n<div class=\"wp-block-cover alignfull is-light\" style=\"min-height:150px;aspect-ratio:unset;\"><img loading=\"lazy\" decoding=\"async\" width=\"2000\" height=\"927\" class=\"wp-block-cover__image-background wp-image-5679 size-full\" alt=\"\" src=\"https:\/\/www.schoenehaut.de\/wp-content\/uploads\/2026\/03\/Header_AdobeStock_255775158-1.jpg\" data-object-fit=\"cover\"\/><span aria-hidden=\"true\" class=\"wp-block-cover__background has-background-dim-0 has-background-dim\" style=\"background-color:#959286\"><\/span><div class=\"wp-block-cover__inner-container has-global-padding is-layout-constrained wp-block-cover-is-layout-constrained\">\n<h1 class=\"wp-block-heading is-style-h2 has-white-color has-text-color has-link-color wp-elements-e52e6481bbd65fadc726e6ece8395bc3\">Institut <br>Sch\u00f6ne haut<\/h1>\n<\/div><\/div>\n\n\n\n<div style=\"height:100px\" aria-hidden=\"true\" class=\"hide-on-mobile wp-block-spacer\"><\/div>\n\n\n\n<div style=\"height:50px\" aria-hidden=\"true\" class=\"hide-on-desktop wp-block-spacer\"><\/div>\n\n\n\n<div class=\"wp-block-columns is-style-big-gap is-layout-flex wp-container-core-columns-is-layout-28f84493 wp-block-columns-is-layout-flex\">\n<div class=\"wp-block-column is-layout-flow wp-block-column-is-layout-flow\"><div class=\"splide has-pagination-center is-style-portrait-contained wp-block-huishu-block-hu-splide-slider\" aria-labelledby=\"\" data-splide=\"{&quot;type&quot;:&quot;fade&quot;,&quot;perPage&quot;:1,&quot;arrows&quot;:true,&quot;autoplay&quot;:true,&quot;speed&quot;:1400,&quot;interval&quot;:4000,&quot;pagination&quot;:true,&quot;rewind&quot;:&quot;true&quot;}\">\n    <div class=\"splide__track\">\n        <ul class=\"splide__list\">\n\n<li class=\"wp-block-huishu-block-splide-slide splide__slide\">\n<figure class=\"wp-block-image size-full is-resized is-style-rounded\"><img loading=\"lazy\" decoding=\"async\" width=\"2000\" height=\"1091\" src=\"https:\/\/www.schoenehaut.de\/wp-content\/uploads\/2026\/02\/AdobeStock_1801497247_Preview.jpeg\" alt=\"\" class=\"wp-image-2470\" style=\"aspect-ratio:2\/1;object-fit:cover;width:auto;height:896px\"\/><\/figure>\n<\/li>\n\n\n\n<li class=\"wp-block-huishu-block-splide-slide splide__slide\">\n<figure class=\"wp-block-image size-full is-resized is-style-rounded\"><img loading=\"lazy\" decoding=\"async\" width=\"2000\" height=\"1121\" src=\"https:\/\/www.schoenehaut.de\/wp-content\/uploads\/2026\/02\/AdobeStock_1549366690_Preview.jpeg\" alt=\"\" class=\"wp-image-2455\" style=\"aspect-ratio:2\/1;object-fit:cover;width:auto;height:896px\"\/><\/figure>\n<\/li>\n\n<\/ul>    <\/div>\n            <div class=\"splide__arrows \"><button class=\"splide__arrow splide__arrow--prev\">\n\t\t\t<i class=\"icon-chevron-left-slider\" aria-label=\"Zum vorherigen Slide\"><\/i>\n\t\t<\/button>\n\t\t<button class=\"splide__arrow splide__arrow--next\">\n\t\t\t<i class=\"icon-chevron-right-slider\" aria-label=\"Zum n\u00e4chsten Slide\"><\/i>\n\t\t<\/button><\/div>\n        <\/div><\/div>\n\n\n\n<div class=\"wp-block-column is-layout-flow wp-block-column-is-layout-flow\">\n<h4 class=\"wp-block-heading has-large-font-size\">Retinol-Peeling:<\/h4>\n\n\n\n<h2 class=\"wp-block-heading\" style=\"margin-top:var(--wp--preset--spacing--subtitle)\">Erneuerung f\u00fcr eine sichtbar glattere Haut<\/h2>\n\n\n\n<p>Das Retinol-Peeling ist eine besonders effektive Methode zur Hauterneuerung und z\u00e4hlt zu den bew\u00e4hrten Anti-Aging-Behandlungen der modernen \u00e4sthetischen Dermatologie. Durch den gezielten Einsatz von Retinol (Vitamin A) wird die Zellerneuerung aktiviert, die Hautstruktur verfeinert und das Hautbild sichtbar verbessert.<\/p>\n\n\n\n<div class=\"wp-block-buttons is-layout-flex wp-block-buttons-is-layout-flex\">\n<div class=\"wp-block-button is-style-fill\"><a class=\"wp-block-button__link wp-element-button\" href=\"https:\/\/www.doctolib.de\/institut\/berlin\/institut-fuer-medizinische-kosmetik-und-aesthetische-dermatologie-schoene-haut\/booking\/new-patient?specialityId=1133&amp;source=profile\" target=\"_blank\" rel=\"noreferrer noopener\">Jetzt Termin buchen<\/a><\/div>\n<\/div>\n\n\n\n<div style=\"height:20px\" aria-hidden=\"true\" class=\"wp-block-spacer\"><\/div>\n\n\n\n<h2 class=\"wp-block-heading is-style-h3\">Alles auf einen Blick<\/h2>\n\n\n\n<figure class=\"wp-block-flexible-table-block-table is-style-align-middle\"><table class=\"has-fixed-layout is-stacked-on-mobile\"><tbody><tr><th scope=\"row\"><img loading=\"lazy\" decoding=\"async\" width=\"35\" height=\"35\" class=\"wp-image-4407\" style=\"width: 35px;\" src=\"https:\/\/www.schoenehaut.de\/wp-content\/uploads\/2026\/03\/Behandlungsdauer-Sanduhr.svg\" alt=\"\"> Behandlungsdauer:<\/th><td>ca. 15-20 min<\/td><\/tr><tr><th scope=\"row\"><img loading=\"lazy\" decoding=\"async\" width=\"35\" height=\"35\" class=\"wp-image-2745\" style=\"width: 35px;\" src=\"https:\/\/www.schoenehaut.de\/wp-content\/uploads\/2026\/02\/Schmerzen.svg\" alt=\"\"> Schmerzen:<\/th><td>leicht-m\u00e4\u00dfig<\/td><\/tr><tr><th scope=\"row\"><img loading=\"lazy\" decoding=\"async\" width=\"35\" height=\"35\" class=\"wp-image-2741\" style=\"width: 35px;\" src=\"https:\/\/www.schoenehaut.de\/wp-content\/uploads\/2026\/02\/Betraeubung.svg\" alt=\"\"> Bet\u00e4ubung:<\/th><td>immer oberfl\u00e4chliche Bet\u00e4ubung<\/td><\/tr><tr><th scope=\"row\"><img loading=\"lazy\" decoding=\"async\" width=\"35\" height=\"35\" class=\"wp-image-2743\" style=\"width: 35px;\" src=\"https:\/\/www.schoenehaut.de\/wp-content\/uploads\/2026\/02\/Gesellschaftsfaehigkeit.svg\" alt=\"\"> Gesellschaftsf\u00e4higkeit:<\/th><td>Ausfallzeit etwa 1 Woche<\/td><\/tr><tr><th scope=\"row\"><img loading=\"lazy\" decoding=\"async\" width=\"35\" height=\"35\" class=\"wp-image-2742\" style=\"width: 35px;\" src=\"https:\/\/www.schoenehaut.de\/wp-content\/uploads\/2026\/02\/Einschraenkungen.svg\" alt=\"\"> Einschr\u00e4nkungen:<\/th><td>Kein Sport f\u00fcr ca. 1 Woche nach der Behandlung<\/td><\/tr><tr><th scope=\"row\"><img loading=\"lazy\" decoding=\"async\" width=\"35\" height=\"35\" class=\"wp-image-2747\" style=\"width: 35px;\" src=\"https:\/\/www.schoenehaut.de\/wp-content\/uploads\/2026\/02\/Wirkungseintritt.svg\" alt=\"\"> Wirkungseintritt:<\/th><td>1 &#8211; 2 Monate<\/td><\/tr><tr><th scope=\"row\"><img loading=\"lazy\" decoding=\"async\" width=\"35\" height=\"35\" class=\"wp-image-2744\" style=\"width: 35px;\" src=\"https:\/\/www.schoenehaut.de\/wp-content\/uploads\/2026\/02\/Kosten.svg\" alt=\"\"> Kosten:<\/th><td>349 \u20ac pro Behandlung<\/td><\/tr><tr><th scope=\"row\"><img loading=\"lazy\" decoding=\"async\" width=\"35\" height=\"35\" class=\"wp-image-2859\" style=\"width: 35px;\" src=\"https:\/\/www.schoenehaut.de\/wp-content\/uploads\/2026\/02\/Empfehlung.svg\" alt=\"\"> Empfehlung:<\/th><td>sollte 3x wiederholt werden<\/td><\/tr><\/tbody><\/table><\/figure>\n<\/div>\n<\/div>\n\n\n\n<div class=\"wp-block-group alignfull has-white-background-color has-background has-global-padding is-layout-constrained wp-block-group-is-layout-constrained\">\n<div class=\"wp-block-columns is-layout-flex wp-container-core-columns-is-layout-f0342b05 wp-block-columns-is-layout-flex\" style=\"margin-top:0;margin-bottom:0\">\n<div class=\"wp-block-column is-layout-flow wp-block-column-is-layout-flow\" style=\"flex-basis:60%\">\n<div style=\"height:61px\" aria-hidden=\"true\" class=\"wp-block-spacer\"><\/div>\n\n\n\n<h2 class=\"wp-block-heading is-style-h2\">Wie wirkt ein Retinol-Peeling?<\/h2>\n\n\n\n<p>Retinol regt die Neubildung von Hautzellen an und stimuliert die k\u00f6rpereigene Kollagenproduktion in tieferen Hautschichten. Gleichzeitig werden abgestorbene Hautzellen sanft abgetragen. Die Haut wirkt glatter, ebenm\u00e4\u00dfiger und gewinnt sichtbar an Frische und Ausstrahlung.<\/p>\n\n\n\n<p>Das Retinol-Peeling kann unter anderem wirksam eingesetzt werden bei:<\/p>\n\n\n\n<ul class=\"wp-block-list\">\n<li>feinen Linien und F\u00e4ltchen<\/li>\n\n\n\n<li>lichtgesch\u00e4digter Haut<\/li>\n\n\n\n<li>vergr\u00f6\u00dferten Poren<\/li>\n\n\n\n<li>unebenem Hautbild<\/li>\n\n\n\n<li>Pigmentst\u00f6rungen<\/li>\n\n\n\n<li>Akne und Aknenarben<\/li>\n<\/ul>\n\n\n\n<div style=\"height:61px\" aria-hidden=\"true\" class=\"wp-block-spacer\"><\/div>\n<\/div>\n\n\n\n<div class=\"hide-on-mobile wp-block-column is-layout-flow wp-block-column-is-layout-flow\" style=\"flex-basis:5%\"><\/div>\n\n\n\n<div class=\"hide-on-mobile wp-block-column is-layout-flow wp-block-column-is-layout-flow\" style=\"flex-basis:35.9%\">\n<figure class=\"wp-block-image size-full is-resized is-style-right-edge\"><img loading=\"lazy\" decoding=\"async\" width=\"2000\" height=\"1121\" src=\"https:\/\/www.schoenehaut.de\/wp-content\/uploads\/2026\/02\/AdobeStock_1074763933_Preview.jpeg\" alt=\"\" class=\"wp-image-2445\" style=\"width:auto;height:650px\"\/><\/figure>\n<\/div>\n<\/div>\n<\/div>\n\n\n\n<div class=\"wp-block-columns is-style-medium-gap is-layout-flex wp-container-core-columns-is-layout-28f84493 wp-block-columns-is-layout-flex\">\n<div class=\"wp-block-column is-layout-flow wp-block-column-is-layout-flow\">\n<figure class=\"wp-block-image size-full is-style-rounded\"><img loading=\"lazy\" decoding=\"async\" width=\"2000\" height=\"1125\" src=\"https:\/\/www.schoenehaut.de\/wp-content\/uploads\/2026\/01\/Querformat-19.jpg\" alt=\"\" class=\"wp-image-890\"\/><\/figure>\n<\/div>\n\n\n\n<div class=\"wp-block-column is-layout-flow wp-block-column-is-layout-flow\">\n<h2 class=\"wp-block-heading\">F\u00fcr wen ist das Retinol-Peeling geeignet?<\/h2>\n\n\n\n<p>Das Retinol-Peeling eignet sich f\u00fcr nahezu alle Hauttypen, insbesondere f\u00fcr anspruchsvolle, reife oder zu Unreinheiten neigende Haut. Vor jeder Behandlung analysieren wir die Haut sorgf\u00e4ltig, um Konzentration und Behandlungsintensit\u00e4t optimal auf Ihre Bed\u00fcrfnisse abzustimmen.<\/p>\n\n\n\n<details class=\"wp-block-huishu-agentur-huishu-faq-block\"><summary><span>Ablauf der Behandlung<\/span><\/summary><div class=\"faq-details is-layout-flow\">\n<p>Nach einer gr\u00fcndlichen Reinigung wird das Retinol-Peeling gleichm\u00e4\u00dfig aufgetragen und verbleibt f\u00fcr eine definierte Zeit auf der Haut. In den Tagen nach der Behandlung kann es zu einer leichten R\u00f6tung oder Schuppung kommen \u2013 ein normaler und gew\u00fcnschter Effekt, der den Erneuerungsprozess der Haut zeigt. Schon nach kurzer Zeit wirkt die Haut sichtbar glatter, feiner und regeneriert.<\/p>\n<\/div><\/details>\n<\/div>\n<\/div>\n\n\n\n<div class=\"wp-block-columns is-style-medium-gap is-layout-flex wp-container-core-columns-is-layout-28f84493 wp-block-columns-is-layout-flex\">\n<div class=\"wp-block-column is-layout-flow wp-block-column-is-layout-flow\">\n<h2 class=\"wp-block-heading\">Behandlung bei sch\u00f6nehaut<\/h2>\n\n\n\n<p>Bei SCH\u00d6NE HAUT erfolgt das Retinol-Peeling unter dermatologischer Expertise und mit hochwertigen medizinischen Produkten. Ihre Sicherheit, eine professionelle Durchf\u00fchrung und nat\u00fcrlich sch\u00f6ne Ergebnisse stehen f\u00fcr uns an erster Stelle.<br><br>Gerne beraten wir Sie pers\u00f6nlich und finden gemeinsam heraus, ob ein Retinol-Peeling f\u00fcr Ihre Haut geeignet ist. Auf dieser Basis erstellen wir ein individuell abgestimmtes Behandlungskonzept.<\/p>\n<\/div>\n\n\n\n<div class=\"wp-block-column is-layout-flow wp-block-column-is-layout-flow\">\n<figure class=\"wp-block-image size-full is-style-rounded\"><img loading=\"lazy\" decoding=\"async\" width=\"2000\" height=\"1333\" src=\"https:\/\/www.schoenehaut.de\/wp-content\/uploads\/2026\/02\/AdobeStock_759132004_Preview.jpeg\" alt=\"\" class=\"wp-image-2435\"\/><\/figure>\n<\/div>\n<\/div>\n\n\n\n<div class=\"wp-block-columns is-layout-flex wp-container-core-columns-is-layout-28f84493 wp-block-columns-is-layout-flex\">\n<div class=\"wp-block-column is-layout-flow wp-block-column-is-layout-flow\">\n<h2 class=\"wp-block-heading\">Weitere Behandlungen<\/h2>\n\n\n\n<div class=\"wp-block-group has-global-padding is-layout-constrained wp-block-group-is-layout-constrained\"><div class=\"schoenehaut-behandlungs-grid wp-block-schoenehaut-behandlungs-kacheln\"><a href=\"https:\/\/www.schoenehaut.de\/en\/laser\/tattoo-und-permanent-make-up-entfernung\/\" class=\"behandlungs-tile\" aria-label=\"PicoSure\u00ae\">\n                <img decoding=\"async\" src=\"https:\/\/www.schoenehaut.de\/wp-content\/uploads\/2026\/02\/istockphoto-1698772884-2048x2048-1.jpg\" alt=\"\" class=\"tile-image\" aria-hidden=\"true\">\n                <span class=\"tile-title\">PicoSure\u00ae<\/span>\n            <\/a><a href=\"https:\/\/www.schoenehaut.de\/en\/laser\/dauerhafte-haarentfernung\/\" class=\"behandlungs-tile\" aria-label=\"IPL\">\n                <img decoding=\"async\" src=\"https:\/\/www.schoenehaut.de\/wp-content\/uploads\/2026\/02\/AdobeStock_454083893_Preview.jpeg\" alt=\"\" class=\"tile-image\" aria-hidden=\"true\">\n                <span class=\"tile-title\">IPL<\/span>\n            <\/a><a href=\"https:\/\/www.schoenehaut.de\/en\/institut\/potenza-radiofrequenz-needling\/\" class=\"behandlungs-tile\" aria-label=\"Potenza\u2122\">\n                <img decoding=\"async\" src=\"https:\/\/www.schoenehaut.de\/wp-content\/uploads\/2026\/03\/istockphoto-1488371906-1024x1024-1.jpg\" alt=\"\" class=\"tile-image\" aria-hidden=\"true\">\n                <span class=\"tile-title\">Potenza\u2122<\/span>\n            <\/a><\/div><\/div>\n<\/div>\n<\/div>\n","protected":false},"excerpt":{"rendered":"<p>Retinol-Peeling: Erneuerung f\u00fcr eine sichtbar glattere Haut Das Retinol-Peeling ist eine besonders effektive Methode zur Hauterneuerung und z\u00e4hlt zu den bew\u00e4hrten Anti-Aging-Behandlungen der modernen \u00e4sthetischen Dermatologie. Durch den gezielten Einsatz von Retinol (Vitamin A) wird die Zellerneuerung aktiviert, die Hautstruktur verfeinert und das Hautbild sichtbar verbessert. Alles auf einen Blick Wie wirkt ein Retinol-Peeling? Retinol [&hellip;]<\/p>\n","protected":false},"author":1,"featured_media":0,"parent":837,"menu_order":2,"comment_status":"closed","ping_status":"closed","template":"institut","meta":{"footnotes":""},"class_list":["post-853","page","type-page","status-publish","hentry"],"_links":{"self":[{"href":"https:\/\/www.schoenehaut.de\/en\/wp-json\/wp\/v2\/pages\/853","targetHints":{"allow":["GET"]}}],"collection":[{"href":"https:\/\/www.schoenehaut.de\/en\/wp-json\/wp\/v2\/pages"}],"about":[{"href":"https:\/\/www.schoenehaut.de\/en\/wp-json\/wp\/v2\/types\/page"}],"author":[{"embeddable":true,"href":"https:\/\/www.schoenehaut.de\/en\/wp-json\/wp\/v2\/users\/1"}],"replies":[{"embeddable":true,"href":"https:\/\/www.schoenehaut.de\/en\/wp-json\/wp\/v2\/comments?post=853"}],"version-history":[{"count":22,"href":"https:\/\/www.schoenehaut.de\/en\/wp-json\/wp\/v2\/pages\/853\/revisions"}],"predecessor-version":[{"id":5611,"href":"https:\/\/www.schoenehaut.de\/en\/wp-json\/wp\/v2\/pages\/853\/revisions\/5611"}],"up":[{"embeddable":true,"href":"https:\/\/www.schoenehaut.de\/en\/wp-json\/wp\/v2\/pages\/837"}],"wp:attachment":[{"href":"https:\/\/www.schoenehaut.de\/en\/wp-json\/wp\/v2\/media?parent=853"}],"curies":[{"name":"wp","href":"https:\/\/api.w.org\/{rel}","templated":true}]}}