{"id":855,"date":"2026-01-29T12:19:56","date_gmt":"2026-01-29T11:19:56","guid":{"rendered":"https:\/\/www.schoenehaut.de\/?page_id=855"},"modified":"2026-03-25T09:44:58","modified_gmt":"2026-03-25T08:44:58","slug":"microdermabrasion","status":"publish","type":"page","link":"https:\/\/www.schoenehaut.de\/en\/institut\/peelings\/microdermabrasion\/","title":{"rendered":"Microdermabrasion"},"content":{"rendered":"\n<div style=\"height:100px\" aria-hidden=\"true\" class=\"hide-on-mobile wp-block-spacer\"><\/div>\n\n\n\n<div style=\"height:110px\" aria-hidden=\"true\" class=\"hide-on-desktop wp-block-spacer\"><\/div>\n\n\n\n<div class=\"wp-block-cover alignfull is-light\" style=\"min-height:150px;aspect-ratio:unset;\"><img loading=\"lazy\" decoding=\"async\" width=\"2000\" height=\"927\" class=\"wp-block-cover__image-background wp-image-5679 size-full\" alt=\"\" src=\"https:\/\/www.schoenehaut.de\/wp-content\/uploads\/2026\/03\/Header_AdobeStock_255775158-1.jpg\" data-object-fit=\"cover\"\/><span aria-hidden=\"true\" class=\"wp-block-cover__background has-background-dim-0 has-background-dim\" style=\"background-color:#959286\"><\/span><div class=\"wp-block-cover__inner-container has-global-padding is-layout-constrained wp-block-cover-is-layout-constrained\">\n<h1 class=\"wp-block-heading is-style-h2 has-white-color has-text-color has-link-color wp-elements-e52e6481bbd65fadc726e6ece8395bc3\">Institut <br>Sch\u00f6ne haut<\/h1>\n<\/div><\/div>\n\n\n\n<div style=\"height:100px\" aria-hidden=\"true\" class=\"hide-on-mobile wp-block-spacer\"><\/div>\n\n\n\n<div style=\"height:50px\" aria-hidden=\"true\" class=\"hide-on-desktop wp-block-spacer\"><\/div>\n\n\n\n<div class=\"wp-block-columns is-style-big-gap is-layout-flex wp-container-core-columns-is-layout-28f84493 wp-block-columns-is-layout-flex\">\n<div class=\"wp-block-column is-layout-flow wp-block-column-is-layout-flow\"><div class=\"splide is-style-portrait-contained wp-block-huishu-block-hu-splide-slider\" aria-labelledby=\"\" data-splide=\"{&quot;type&quot;:&quot;loop&quot;,&quot;perPage&quot;:1,&quot;arrows&quot;:false,&quot;autoplay&quot;:false,&quot;speed&quot;:1450,&quot;interval&quot;:4000,&quot;pagination&quot;:false,&quot;rewind&quot;:&quot;false&quot;}\">\n    <div class=\"splide__track\">\n        <ul class=\"splide__list\">\n\n<li class=\"wp-block-huishu-block-splide-slide splide__slide\">\n<figure class=\"wp-block-image size-full is-resized is-style-rounded\"><img loading=\"lazy\" decoding=\"async\" width=\"1125\" height=\"2000\" src=\"https:\/\/www.schoenehaut.de\/wp-content\/uploads\/2026\/02\/Bilder-Hochformat-14.jpg\" alt=\"\" class=\"wp-image-2292\" style=\"aspect-ratio:2\/1;object-fit:cover;width:auto;height:896px\"\/><\/figure>\n<\/li>\n\n<\/ul>    <\/div>\n    <\/div><\/div>\n\n\n\n<div class=\"wp-block-column is-layout-flow wp-block-column-is-layout-flow\">\n<h4 class=\"wp-block-heading has-large-font-size\">Micro&shy;derma&shy;brasion in Berlin: <\/h4>\n\n\n\n<h2 class=\"wp-block-heading\" style=\"margin-top:var(--wp--preset--spacing--subtitle)\"><strong>Dein Sand&shy;strahl&shy;peeling f\u00fcr reinere Haut<\/strong><\/h2>\n\n\n\n<p class=\"has-large-font-size\">Sanfte Hauterneuerung mit Wet Diamond\u2122 Technologie von HydraFacial\u00ae<\/p>\n\n\n\n<p>Das Sandstrahlpeeling (Microdermabrasion) ist eine effektive, medizinisch bew\u00e4hrte Methode zur sichtbaren Verbesserung des Hautbildes. In unserem Institut SCH\u00d6NE HAUT in Berlin arbeiten wir mit dem Wet Diamond\u2122 Kit von HydraFacial\u00ae \u2013 einer modernen Weiterentwicklung der klassischen Microdermabrasion.\u2028<\/p>\n\n\n\n<p>Diese Technologie erm\u00f6glicht eine besonders gleichm\u00e4\u00dfige, schonende und pr\u00e4zise Hautabtragung, w\u00e4hrend die Haut gleichzeitig hydratisiert wird.<\/p>\n\n\n\n<div class=\"wp-block-buttons is-layout-flex wp-block-buttons-is-layout-flex\">\n<div class=\"wp-block-button is-style-fill\"><a class=\"wp-block-button__link wp-element-button\" href=\"https:\/\/www.doctolib.de\/institut\/berlin\/institut-fuer-medizinische-kosmetik-und-aesthetische-dermatologie-schoene-haut\/booking\/new-patient?specialityId=1133&amp;source=profile\" target=\"_blank\" rel=\"noreferrer noopener\">Jetzt Termin buchen<\/a><\/div>\n<\/div>\n<\/div>\n<\/div>\n\n\n\n<div class=\"wp-block-group alignfull has-white-background-color has-background has-global-padding is-layout-constrained wp-block-group-is-layout-constrained\">\n<div class=\"wp-block-columns is-layout-flex wp-container-core-columns-is-layout-f0342b05 wp-block-columns-is-layout-flex\" style=\"margin-top:0;margin-bottom:0\">\n<div class=\"wp-block-column is-layout-flow wp-block-column-is-layout-flow\" style=\"flex-basis:60%\">\n<div style=\"height:61px\" aria-hidden=\"true\" class=\"wp-block-spacer\"><\/div>\n\n\n\n<h2 class=\"wp-block-heading is-style-h2\">Was sollte ich vor der Micro&shy;derma&shy;brasion bei euch in Berlin wissen?<\/h2>\n\n\n\n<p>Bei akuten Hautentz\u00fcndungen oder Infektionen (z. B. Herpes simplex) f\u00fchren wir kein Sandstrahlpeeling durch. Vor jeder Behandlung erfolgt eine individuelle Hautanalyse, um die Behandlung optimal auf die Haut abzustimmen.<\/p>\n\n\n\n<div style=\"height:61px\" aria-hidden=\"true\" class=\"wp-block-spacer\"><\/div>\n<\/div>\n\n\n\n<div class=\"hide-on-mobile wp-block-column is-layout-flow wp-block-column-is-layout-flow\" style=\"flex-basis:5%\"><\/div>\n\n\n\n<div class=\"hide-on-mobile wp-block-column is-layout-flow wp-block-column-is-layout-flow\" style=\"flex-basis:35.9%\">\n<figure class=\"wp-block-image size-full is-resized is-style-right-edge\"><img loading=\"lazy\" decoding=\"async\" width=\"2000\" height=\"1125\" src=\"https:\/\/www.schoenehaut.de\/wp-content\/uploads\/2026\/01\/Querformat-20.jpg\" alt=\"\" class=\"wp-image-891\" style=\"width:auto;height:550px\"\/><\/figure>\n<\/div>\n<\/div>\n<\/div>\n\n\n\n<div class=\"wp-block-columns is-style-medium-gap is-layout-flex wp-container-core-columns-is-layout-28f84493 wp-block-columns-is-layout-flex\">\n<div class=\"wp-block-column is-layout-flow wp-block-column-is-layout-flow\">\n<figure class=\"wp-block-image size-full is-style-rounded\"><img loading=\"lazy\" decoding=\"async\" width=\"2000\" height=\"1121\" src=\"https:\/\/www.schoenehaut.de\/wp-content\/uploads\/2026\/02\/AdobeStock_988887908_Preview.jpeg\" alt=\"\" class=\"wp-image-2441\"\/><\/figure>\n<\/div>\n\n\n\n<div class=\"wp-block-column is-layout-flow wp-block-column-is-layout-flow\">\n<h2 class=\"wp-block-heading\">Wie funktioniert die Micro&shy;derma&shy;brasion mit Wet Diamond\u2122?<\/h2>\n\n\n\n<p>Beim Sandstrahlpeeling mit dem Wet Diamond\u2122 Kit von HydraFacial werden die oberen Hautschichten kontrolliert und sanft abgetragen. Statt loser Kristalle kommen diamantbeschichtete Aufs\u00e4tze zum Einsatz, die in Kombination mit einem Vakuumsystem abgestorbene Hautzellen entfernen und gleichzeitig Fl\u00fcssigkeit zuf\u00fchren.<\/p>\n\n\n\n<p>Das Ergebnis:<\/p>\n\n\n\n<ul class=\"wp-block-list\">\n<li>glattere Haut<\/li>\n\n\n\n<li>verfeinerte Poren<\/li>\n\n\n\n<li>sofortige Frische ohne aggressive Reizung<\/li>\n<\/ul>\n<\/div>\n<\/div>\n\n\n\n<div class=\"hide-on-mobile wp-block-cover alignfull is-light\" style=\"min-height:800px;aspect-ratio:unset;\"><img loading=\"lazy\" decoding=\"async\" width=\"1920\" height=\"509\" class=\"wp-block-cover__image-background wp-image-297 size-full\" alt=\"\" src=\"https:\/\/www.schoenehaut.de\/wp-content\/uploads\/2026\/01\/Rectangle-2.png\" style=\"object-position:22% 50%\" data-object-fit=\"cover\" data-object-position=\"22% 50%\"\/><span aria-hidden=\"true\" class=\"wp-block-cover__background has-background-dim-0 has-background-dim\" style=\"background-color:#b0998c\"><\/span><div class=\"wp-block-cover__inner-container has-global-padding is-layout-constrained wp-block-cover-is-layout-constrained\">\n<div class=\"wp-block-columns is-layout-flex wp-container-core-columns-is-layout-28f84493 wp-block-columns-is-layout-flex\">\n<div class=\"hide-on-mobile wp-block-column is-layout-flow wp-block-column-is-layout-flow\"><\/div>\n\n\n\n<div class=\"wp-block-column is-layout-flow wp-block-column-is-layout-flow\">\n<h2 class=\"wp-block-heading has-white-color has-text-color has-link-color wp-elements-3a37b0438dc23216f423f3259bd278c1\"><br>Ablauf der Micro&shy;derma&shy;brasion in unserer Praxis in Berlin<\/h2>\n\n\n\n<p class=\"has-white-color has-text-color has-link-color wp-elements-6ae7d2a715b4eeabd48499a1ac8bb58b\">Ein spezielles Handst\u00fcck mit diamantbeschichtetem Aufsatz wird gleichm\u00e4\u00dfig \u00fcber die Haut gef\u00fchrt. Die <strong>Intensit\u00e4t passen wir individuell<\/strong> an Hauttyp und Behandlungsziel an:<\/p>\n\n\n\n<details class=\"wp-block-huishu-agentur-huishu-faq-block is-style-light\"><summary><span>Sanfte Intensit\u00e4t<\/span><\/summary><div class=\"faq-details is-layout-flow\">\n<p class=\"has-white-color has-text-color has-link-color wp-elements-46ad49504f3bd7f0094a7a274198670c\">F\u00fcr mehr Glow, ein ebenm\u00e4\u00dfiges Hautbild und ein frisches Hautgef\u00fchl.<\/p>\n<\/div><\/details>\n\n\n\n<details class=\"wp-block-huishu-agentur-huishu-faq-block is-style-light\"><summary><span>Intensivere Behandlung<\/span><\/summary><div class=\"faq-details is-layout-flow\">\n<p class=\"has-white-color has-text-color has-link-color wp-elements-6bbfef9ed364c9aff9866e12b54cee28\">Zur Aktivierung der Zellneubildung mit dem Ziel, Aknenarben, <a href=\"https:\/\/www.schoenehaut.de\/hautbeduerfnis\/haut-gesicht\/pigmentflecken-melasma\/\" data-type=\"page\" data-id=\"687\">Pigmentst\u00f6rungen<\/a> und Hautunregelm\u00e4\u00dfigkeiten zu reduzieren.<\/p>\n<\/div><\/details>\n\n\n\n<p class=\"has-white-color has-text-color has-link-color wp-elements-457f5eaa74882032059068d055a72a89\">Nach dem Peeling ist die Haut besonders aufnahmef\u00e4hig. Deshalb kombinieren wir das Sandstrahlpeeling in unserer Praxis in Berlin h\u00e4ufig mit einer Elektro-Mesotherapie, um feuchtigkeitsspendende und regenerierende Wirkstoffe tief in die Haut einzuschleusen.<\/p>\n<\/div>\n<\/div>\n<\/div><\/div>\n\n\n\n<div class=\"hide-on-desktop wp-block-cover alignfull is-light\" style=\"min-height:800px;aspect-ratio:unset;\"><img loading=\"lazy\" decoding=\"async\" width=\"1920\" height=\"509\" class=\"wp-block-cover__image-background wp-image-297 size-full\" alt=\"\" src=\"https:\/\/www.schoenehaut.de\/wp-content\/uploads\/2026\/01\/Rectangle-2.png\" style=\"object-position:100% 50%\" data-object-fit=\"cover\" data-object-position=\"100% 50%\"\/><span aria-hidden=\"true\" class=\"wp-block-cover__background has-background-dim-0 has-background-dim\" style=\"background-color:#b0998c\"><\/span><div class=\"wp-block-cover__inner-container has-global-padding is-layout-constrained wp-block-cover-is-layout-constrained\">\n<div class=\"wp-block-columns is-layout-flex wp-container-core-columns-is-layout-28f84493 wp-block-columns-is-layout-flex\">\n<div class=\"hide-on-mobile wp-block-column is-layout-flow wp-block-column-is-layout-flow\"><\/div>\n\n\n\n<div class=\"wp-block-column is-layout-flow wp-block-column-is-layout-flow\">\n<h2 class=\"wp-block-heading has-white-color has-text-color has-link-color wp-elements-3a37b0438dc23216f423f3259bd278c1\"><br>Ablauf der Micro&shy;derma&shy;brasion in unserer Praxis in Berlin<\/h2>\n\n\n\n<p class=\"has-white-color has-text-color has-link-color wp-elements-6ae7d2a715b4eeabd48499a1ac8bb58b\">Ein spezielles Handst\u00fcck mit diamantbeschichtetem Aufsatz wird gleichm\u00e4\u00dfig \u00fcber die Haut gef\u00fchrt. Die <strong>Intensit\u00e4t passen wir individuell<\/strong> an Hauttyp und Behandlungsziel an:<\/p>\n\n\n\n<details class=\"wp-block-huishu-agentur-huishu-faq-block is-style-light\"><summary><span>Sanfte Intensit\u00e4t<\/span><\/summary><div class=\"faq-details is-layout-flow\">\n<p class=\"has-white-color has-text-color has-link-color wp-elements-46ad49504f3bd7f0094a7a274198670c\">F\u00fcr mehr Glow, ein ebenm\u00e4\u00dfiges Hautbild und ein frisches Hautgef\u00fchl.<\/p>\n<\/div><\/details>\n\n\n\n<details class=\"wp-block-huishu-agentur-huishu-faq-block is-style-light\"><summary><span>Intensivere Behandlung<\/span><\/summary><div class=\"faq-details is-layout-flow\">\n<p class=\"has-white-color has-text-color has-link-color wp-elements-6bbfef9ed364c9aff9866e12b54cee28\">Zur Aktivierung der Zellneubildung mit dem Ziel, Aknenarben, <a href=\"https:\/\/www.schoenehaut.de\/hautbeduerfnis\/haut-gesicht\/pigmentflecken-melasma\/\" data-type=\"page\" data-id=\"687\">Pigmentst\u00f6rungen<\/a> und Hautunregelm\u00e4\u00dfigkeiten zu reduzieren.<\/p>\n<\/div><\/details>\n\n\n\n<p class=\"has-white-color has-text-color has-link-color wp-elements-457f5eaa74882032059068d055a72a89\">Nach dem Peeling ist die Haut besonders aufnahmef\u00e4hig. Deshalb kombinieren wir das Sandstrahlpeeling in unserer Praxis in Berlin h\u00e4ufig mit einer Elektro-Mesotherapie, um feuchtigkeitsspendende und regenerierende Wirkstoffe tief in die Haut einzuschleusen.<\/p>\n<\/div>\n<\/div>\n<\/div><\/div>\n\n\n\n<div class=\"wp-block-columns is-style-medium-gap is-layout-flex wp-container-core-columns-is-layout-28f84493 wp-block-columns-is-layout-flex\">\n<div class=\"wp-block-column is-layout-flow wp-block-column-is-layout-flow\">\n<h2 class=\"wp-block-heading\">Das Sand&shy;strahl&shy;peeling mit Wet Diamond\u2122 Technologie:<\/h2>\n\n\n\n<ul class=\"wp-block-list\">\n<li>regt die <strong>Zellerneuerung<\/strong> an<\/li>\n\n\n\n<li>verbessert die <strong>Durchblutung<\/strong><\/li>\n\n\n\n<li>stimuliert die <strong>Kollagen- und Elastinbildung<\/strong><\/li>\n<\/ul>\n\n\n\n<p>Nach mehreren Behandlungen wirkt die Haut ebenm\u00e4\u00dfiger, straffer und klarer. Lichtgesch\u00e4digte Hautzellen k\u00f6nnen sich regenerieren, Narben erscheinen heller und feiner, der Teint gewinnt sichtbar an Qualit\u00e4t.<\/p>\n\n\n\n<p>Geeignet bei:<\/p>\n\n\n\n<ul class=\"wp-block-list\">\n<li>Falten und feinen Linien<\/li>\n\n\n\n<li><a href=\"http:\/\/Pigmentflecken, Melasma\">Pigmentflecken<\/a><\/li>\n\n\n\n<li><a href=\"https:\/\/www.schoenehaut.de\/hautbeduerfnis\/haut-gesicht\/grobporigkeit\/\" data-type=\"page\" data-id=\"695\">Grobporiger Haut<\/a><\/li>\n\n\n\n<li><a href=\"https:\/\/www.schoenehaut.de\/laser\/narben-aknenarben\/\" data-type=\"page\" data-id=\"783\">Aknenarben<\/a><\/li>\n\n\n\n<li>\u00dcberverhornungen (Hyperkeratosen)<\/li>\n\n\n\n<li>Reibeisenhaut<\/li>\n\n\n\n<li>Reifer, m\u00fcder Haut<\/li>\n<\/ul>\n<\/div>\n\n\n\n<div class=\"wp-block-column is-layout-flow wp-block-column-is-layout-flow\">\n<figure class=\"wp-block-image size-full is-style-rounded\"><img loading=\"lazy\" decoding=\"async\" width=\"2000\" height=\"1437\" src=\"https:\/\/www.schoenehaut.de\/wp-content\/uploads\/2026\/02\/AdobeStock_399488316_Preview.jpeg\" alt=\"\" class=\"wp-image-2417\"\/><\/figure>\n<\/div>\n<\/div>\n\n\n\n<div class=\"wp-block-group alignfull has-white-background-color has-background has-global-padding is-layout-constrained wp-block-group-is-layout-constrained\">\n<div class=\"wp-block-columns is-layout-flex wp-container-core-columns-is-layout-f0342b05 wp-block-columns-is-layout-flex\" style=\"margin-top:0;margin-bottom:0\">\n<div class=\"hide-on-mobile wp-block-column is-layout-flow wp-block-column-is-layout-flow\" style=\"flex-basis:35.9%\">\n<figure class=\"wp-block-image size-full is-resized is-style-left-edge\"><img loading=\"lazy\" decoding=\"async\" width=\"2000\" height=\"1334\" src=\"https:\/\/www.schoenehaut.de\/wp-content\/uploads\/2026\/01\/RL01202_6881.jpg\" alt=\"\" class=\"wp-image-906\" style=\"width:auto;height:500px\"\/><\/figure>\n<\/div>\n\n\n\n<div class=\"hide-on-mobile wp-block-column is-layout-flow wp-block-column-is-layout-flow\" style=\"flex-basis:5%\"><\/div>\n\n\n\n<div class=\"wp-block-column is-layout-flow wp-block-column-is-layout-flow\" style=\"flex-basis:60%\">\n<div style=\"height:61px\" aria-hidden=\"true\" class=\"wp-block-spacer\"><\/div>\n\n\n\n<figure class=\"hide-on-desktop wp-block-image size-full is-resized is-style-default\" style=\"margin-bottom:0\"><img loading=\"lazy\" decoding=\"async\" width=\"2000\" height=\"2000\" src=\"https:\/\/www.schoenehaut.de\/wp-content\/uploads\/2026\/03\/Meike_Profilbils_Rund260316.png\" alt=\"\" class=\"wp-image-5625\" style=\"aspect-ratio:1;object-fit:contain;width:auto;height:400px\"\/><\/figure>\n\n\n\n<h2 class=\"wp-block-heading is-style-h2\">H\u00e4ufige Fragen<\/h2>\n\n\n\n<details class=\"wp-block-huishu-agentur-huishu-faq-block\"><summary><span>Wie viele Micodermabrasionen in eurer Praxis in Berlin sind sinnvoll?<\/span><\/summary><div class=\"faq-details is-layout-flow\">\n<p>F\u00fcr nachhaltige Ergebnisse empfehlen wir meist 6 Behandlungen. Die genaue Anzahl richtet sich nach Hauttyp und gew\u00fcnschtem Behandlungsergebnis.<\/p>\n<\/div><\/details>\n\n\n\n<details class=\"wp-block-huishu-agentur-huishu-faq-block\"><summary><span>Was sollte ich nach der Micodermabrasion beachten?<\/span><\/summary><div class=\"faq-details is-layout-flow\">\n<p>Nach dem Sandstrahlpeeling kann die Haut leicht ger\u00f6tet sein. Am Behandlungstag sollten Sport, Sonne und Sauna gemieden werden. Ein konsequenter Sonnenschutz ist wichtig, um die frische Haut zu sch\u00fctzen und das Ergebnis zu optimieren.<\/p>\n<\/div><\/details>\n\n\n\n<div style=\"height:61px\" aria-hidden=\"true\" class=\"wp-block-spacer\"><\/div>\n<\/div>\n<\/div>\n<\/div>\n\n\n\n<div class=\"wp-block-columns is-layout-flex wp-container-core-columns-is-layout-28f84493 wp-block-columns-is-layout-flex\">\n<div class=\"wp-block-column is-layout-flow wp-block-column-is-layout-flow\">\n<h2 class=\"wp-block-heading\">Weitere Behandlungen<\/h2>\n\n\n\n<div class=\"wp-block-group has-global-padding is-layout-constrained wp-block-group-is-layout-constrained\"><div class=\"schoenehaut-behandlungs-grid wp-block-schoenehaut-behandlungs-kacheln\"><a href=\"https:\/\/www.schoenehaut.de\/en\/hautbeduerfnis\/glow-gewuenscht\/\" class=\"behandlungs-tile\" aria-label=\"Glow\">\n                <img decoding=\"async\" src=\"https:\/\/www.schoenehaut.de\/wp-content\/uploads\/2026\/01\/Hochformat-10.jpg\" alt=\"\" class=\"tile-image\" aria-hidden=\"true\">\n                <span class=\"tile-title\">Glow<\/span>\n            <\/a><a href=\"https:\/\/www.schoenehaut.de\/en\/aesthetik\/biostimulation-mesotherapie\/polynukleotide-pdrn-salmon-sperm-lift\/\" class=\"behandlungs-tile\" aria-label=\"Biostimulatoren\">\n                <img decoding=\"async\" src=\"https:\/\/www.schoenehaut.de\/wp-content\/uploads\/2026\/02\/AdobeStock_1628764124_Preview.jpeg\" alt=\"\" class=\"tile-image\" aria-hidden=\"true\">\n                <span class=\"tile-title\">Biostimulatoren<\/span>\n            <\/a><a href=\"https:\/\/www.schoenehaut.de\/en\/institut\/hydrafacial-syndeo\/\" class=\"behandlungs-tile\" aria-label=\"HydraFacial\u00ae\">\n                <img decoding=\"async\" src=\"https:\/\/www.schoenehaut.de\/wp-content\/uploads\/2026\/02\/AdobeStock_953124479_Preview.jpeg\" alt=\"\" class=\"tile-image\" aria-hidden=\"true\">\n                <span class=\"tile-title\">HydraFacial\u00ae<\/span>\n            <\/a><\/div><\/div>\n<\/div>\n<\/div>\n","protected":false},"excerpt":{"rendered":"<p>Microdermabrasion in Berlin: Dein Sandstrahlpeeling f\u00fcr reinere Haut Sanfte Hauterneuerung mit Wet Diamond\u2122 Technologie von HydraFacial\u00ae Das Sandstrahlpeeling (Microdermabrasion) ist eine effektive, medizinisch bew\u00e4hrte Methode zur sichtbaren Verbesserung des Hautbildes. In unserem Institut SCH\u00d6NE HAUT in Berlin arbeiten wir mit dem Wet Diamond\u2122 Kit von HydraFacial\u00ae \u2013 einer modernen Weiterentwicklung der klassischen Microdermabrasion.\u2028 Diese Technologie [&hellip;]<\/p>\n","protected":false},"author":1,"featured_media":0,"parent":837,"menu_order":3,"comment_status":"closed","ping_status":"closed","template":"institut","meta":{"footnotes":""},"class_list":["post-855","page","type-page","status-publish","hentry"],"_links":{"self":[{"href":"https:\/\/www.schoenehaut.de\/en\/wp-json\/wp\/v2\/pages\/855","targetHints":{"allow":["GET"]}}],"collection":[{"href":"https:\/\/www.schoenehaut.de\/en\/wp-json\/wp\/v2\/pages"}],"about":[{"href":"https:\/\/www.schoenehaut.de\/en\/wp-json\/wp\/v2\/types\/page"}],"author":[{"embeddable":true,"href":"https:\/\/www.schoenehaut.de\/en\/wp-json\/wp\/v2\/users\/1"}],"replies":[{"embeddable":true,"href":"https:\/\/www.schoenehaut.de\/en\/wp-json\/wp\/v2\/comments?post=855"}],"version-history":[{"count":44,"href":"https:\/\/www.schoenehaut.de\/en\/wp-json\/wp\/v2\/pages\/855\/revisions"}],"predecessor-version":[{"id":5905,"href":"https:\/\/www.schoenehaut.de\/en\/wp-json\/wp\/v2\/pages\/855\/revisions\/5905"}],"up":[{"embeddable":true,"href":"https:\/\/www.schoenehaut.de\/en\/wp-json\/wp\/v2\/pages\/837"}],"wp:attachment":[{"href":"https:\/\/www.schoenehaut.de\/en\/wp-json\/wp\/v2\/media?parent=855"}],"curies":[{"name":"wp","href":"https:\/\/api.w.org\/{rel}","templated":true}]}}