{"id":921,"date":"2026-01-29T14:50:24","date_gmt":"2026-01-29T13:50:24","guid":{"rendered":"https:\/\/www.schoenehaut.de\/?page_id=921"},"modified":"2026-03-24T15:44:55","modified_gmt":"2026-03-24T14:44:55","slug":"lippen","status":"publish","type":"page","link":"https:\/\/www.schoenehaut.de\/en\/aesthetik\/hyaluron\/lippen\/","title":{"rendered":"Lippen"},"content":{"rendered":"\n<div style=\"height:213px\" aria-hidden=\"true\" class=\"hide-on-mobile wp-block-spacer\"><\/div>\n\n\n\n<div style=\"height:100px\" aria-hidden=\"true\" class=\"hide-on-desktop wp-block-spacer\"><\/div>\n\n\n\n<div class=\"wp-block-columns is-style-big-gap is-layout-flex wp-container-core-columns-is-layout-28f84493 wp-block-columns-is-layout-flex\">\n<div class=\"wp-block-column is-layout-flow wp-block-column-is-layout-flow\"><div class=\"splide has-pagination-center is-style-portrait-contained wp-block-huishu-block-hu-splide-slider\" aria-labelledby=\"\" data-splide=\"{&quot;type&quot;:&quot;fade&quot;,&quot;perPage&quot;:1,&quot;arrows&quot;:true,&quot;autoplay&quot;:true,&quot;speed&quot;:1500,&quot;interval&quot;:4000,&quot;pagination&quot;:true,&quot;rewind&quot;:&quot;true&quot;}\">\n    <div class=\"splide__track\">\n        <ul class=\"splide__list\">\n\n<li class=\"wp-block-huishu-block-splide-slide splide__slide\">\n<figure class=\"wp-block-image size-full is-resized is-style-rounded\"><img loading=\"lazy\" decoding=\"async\" width=\"2000\" height=\"1125\" src=\"https:\/\/www.schoenehaut.de\/wp-content\/uploads\/2026\/02\/AdobeStock_917942524_Preview.jpeg\" alt=\"\" class=\"wp-image-2437\" style=\"aspect-ratio:2\/1;object-fit:cover;width:auto;height:896px\"\/><\/figure>\n<\/li>\n\n\n\n<li class=\"wp-block-huishu-block-splide-slide splide__slide\">\n<figure class=\"wp-block-image size-full is-resized is-style-rounded\"><img loading=\"lazy\" decoding=\"async\" width=\"2000\" height=\"1143\" src=\"https:\/\/www.schoenehaut.de\/wp-content\/uploads\/2026\/02\/AdobeStock_1875573440_Preview.jpeg\" alt=\"\" class=\"wp-image-2475\" style=\"aspect-ratio:2\/1;object-fit:cover;width:auto;height:896px\"\/><\/figure>\n<\/li>\n\n<\/ul>    <\/div>\n            <div class=\"splide__arrows \"><button class=\"splide__arrow splide__arrow--prev\">\n\t\t\t<i class=\"icon-chevron-left-slider\" aria-label=\"Zum vorherigen Slide\"><\/i>\n\t\t<\/button>\n\t\t<button class=\"splide__arrow splide__arrow--next\">\n\t\t\t<i class=\"icon-chevron-right-slider\" aria-label=\"Zum n\u00e4chsten Slide\"><\/i>\n\t\t<\/button><\/div>\n        <\/div><\/div>\n\n\n\n<div class=\"wp-block-column is-layout-flow wp-block-column-is-layout-flow\">\n<h1 class=\"wp-block-heading is-style-h4 has-large-font-size\">Lippenunterspritzung in Berlin: <\/h1>\n\n\n\n<h2 class=\"wp-block-heading\" style=\"margin-top:var(--wp--preset--spacing--subtitle)\">Ihre Hyaluron-Behandlung<\/h2>\n\n\n\n<p>Unsere Lippen sind ein zentraler Ausdruck von Sinnlichkeit und Pers\u00f6nlichkeit und ziehen \u2013 gleich nach den Augen \u2013 besonders viel Aufmerksamkeit auf sich. Form, Volumen und Kontur der Lippen pr\u00e4gen den Gesamtausdruck des Gesichts entscheidend.<\/p>\n\n\n\n<div class=\"wp-block-buttons is-layout-flex wp-block-buttons-is-layout-flex\">\n<div class=\"wp-block-button is-style-fill\"><a class=\"wp-block-button__link wp-element-button\" href=\"https:\/\/www.schoenehaut.de\/kontakt#kontakt\">Jetzt Termin buchen<\/a><\/div>\n<\/div>\n\n\n\n<div style=\"height:20px\" aria-hidden=\"true\" class=\"wp-block-spacer\"><\/div>\n\n\n\n<h2 class=\"wp-block-heading is-style-h3\">Alles auf einen Blick<\/h2>\n\n\n\n<figure class=\"wp-block-flexible-table-block-table is-style-align-middle\"><table class=\"has-fixed-layout is-stacked-on-mobile\"><tbody><tr><th scope=\"row\"><img loading=\"lazy\" decoding=\"async\" width=\"35\" height=\"35\" class=\"wp-image-4407\" style=\"width: 35px;\" src=\"https:\/\/www.schoenehaut.de\/wp-content\/uploads\/2026\/03\/Behandlungsdauer-Sanduhr.svg\" alt=\"\"> Behandlungsdauer:<\/th><td>ca. 20\u201330 Minuten (zzgl. Bet\u00e4ubungszeit)<\/td><\/tr><tr><th scope=\"row\"><img loading=\"lazy\" decoding=\"async\" width=\"35\" height=\"35\" class=\"wp-image-2745\" style=\"width: 35px;\" src=\"https:\/\/www.schoenehaut.de\/wp-content\/uploads\/2026\/02\/Schmerzen.svg\" alt=\"\"> Schmerzen:<\/th><td>leicht-m\u00e4\u00dfig<\/td><\/tr><tr><th scope=\"row\"><img loading=\"lazy\" decoding=\"async\" width=\"35\" height=\"35\" class=\"wp-image-2741\" style=\"width: 35px;\" src=\"https:\/\/www.schoenehaut.de\/wp-content\/uploads\/2026\/02\/Betraeubung.svg\" alt=\"\"> Bet\u00e4ubung:<\/th><td>immer oberfl\u00e4chliche Bet\u00e4ubung, optional Leitungsan\u00e4sthesie<\/td><\/tr><tr><th scope=\"row\"><img loading=\"lazy\" decoding=\"async\" width=\"35\" height=\"35\" class=\"wp-image-2743\" style=\"width: 35px;\" src=\"https:\/\/www.schoenehaut.de\/wp-content\/uploads\/2026\/02\/Gesellschaftsfaehigkeit.svg\" alt=\"\"> Gesellschaftsf\u00e4higkeit:<\/th><td>bedingt; blaue Flecken sind m\u00f6glich<\/td><\/tr><tr><th scope=\"row\"><img loading=\"lazy\" decoding=\"async\" width=\"35\" height=\"35\" class=\"wp-image-2742\" style=\"width: 35px;\" src=\"https:\/\/www.schoenehaut.de\/wp-content\/uploads\/2026\/02\/Einschraenkungen.svg\" alt=\"\"> Einschr\u00e4nkungen:<\/th><td>f\u00fcr 4 Stunden: keine sehr hei\u00dfen oder sehr kalten Speisen und Getr\u00e4nke<br>f\u00fcr 24 Stunden: kein Lippenstift, kein K\u00fcssen, kein Sport, keine Sauna<br>ab 48 Stunden: vorsichtige, leichte Lippenmassage m\u00f6glich<br>ab einer Woche: Hydrafacial\u00ae Perk\u2122 m\u00f6glich<br>f\u00fcr 4 Wochen: keine umfangreichen Zahnbehandlungen<\/td><\/tr><tr><th scope=\"row\"><img loading=\"lazy\" decoding=\"async\" width=\"35\" height=\"35\" class=\"wp-image-2747\" style=\"width: 35px;\" src=\"https:\/\/www.schoenehaut.de\/wp-content\/uploads\/2026\/02\/Wirkungseintritt.svg\" alt=\"\"> Wirkungseintritt:<\/th><td>in der Regel sofort sichtbar<\/td><\/tr><tr><th scope=\"row\"><img loading=\"lazy\" decoding=\"async\" width=\"35\" height=\"35\" class=\"wp-image-2746\" style=\"width: 35px;\" src=\"https:\/\/www.schoenehaut.de\/wp-content\/uploads\/2026\/02\/Wirkungsdauer.svg\" alt=\"\"> Wirkungsdauer:<\/th><td>ca. 6\u201312 Monate<\/td><\/tr><tr><th scope=\"row\"><img loading=\"lazy\" decoding=\"async\" width=\"35\" height=\"35\" class=\"wp-image-2744\" style=\"width: 35px;\" src=\"https:\/\/www.schoenehaut.de\/wp-content\/uploads\/2026\/02\/Kosten.svg\" alt=\"\"> Kosten:<\/th><td>werden individuell nach Materialverbrauch berechnet<\/td><\/tr><\/tbody><\/table><\/figure>\n<\/div>\n<\/div>\n\n\n\n<div class=\"wp-block-group alignfull has-white-background-color has-background has-global-padding is-layout-constrained wp-block-group-is-layout-constrained\">\n<div class=\"wp-block-columns is-layout-flex wp-container-core-columns-is-layout-f0342b05 wp-block-columns-is-layout-flex\" style=\"margin-top:0;margin-bottom:0\">\n<div class=\"wp-block-column is-layout-flow wp-block-column-is-layout-flow\" style=\"flex-basis:60%\">\n<div style=\"height:61px\" aria-hidden=\"true\" class=\"wp-block-spacer\"><\/div>\n\n\n\n<h2 class=\"wp-block-heading is-style-h2\">Was ist das Be&shy;son&shy;dere an der Lippen&shy;unter&shy;spritzung bei Dr. med. Meike Schr\u00f6der in Berlin?<\/h2>\n\n\n\n<p>Die Lippenbehandlung bei Dr. med. Meike Schr\u00f6der verfolgt konsequent ein Ziel: Nat\u00fcrlichkeit. Es geht nicht um m\u00f6glichst gro\u00dfe Lippen, sondern um Harmonie, Proportion und eine Umsetzung der pers\u00f6nlichen Wunschvorstellung.<\/p>\n\n\n\n<p>Charakteristisch f\u00fcr die Behandlung sind:<\/p>\n\n\n\n<ul class=\"wp-block-list\">\n<li>ein nat\u00fcrlich wirkendes, harmonisches Ergebnis<\/li>\n\n\n\n<li>eine pr\u00e4zise Umsetzung der individuellen Lippenform und -w\u00fcnsche<\/li>\n\n\n\n<li>der Einsatz besonders weicher <a href=\"https:\/\/www.schoenehaut.de\/aesthetik\/hyaluron\/\" data-type=\"page\" data-id=\"737\">Hyalurons\u00e4uren<\/a><\/li>\n\n\n\n<li>sinnliches Volumen ohne \u201eaufgespritzten\u201c Eindruck<\/li>\n\n\n\n<li>eine klare, \u00e4sthetische Lippenkontur<\/li>\n<\/ul>\n\n\n\n<div style=\"height:61px\" aria-hidden=\"true\" class=\"wp-block-spacer\"><\/div>\n<\/div>\n\n\n\n<div class=\"hide-on-mobile wp-block-column is-layout-flow wp-block-column-is-layout-flow\" style=\"flex-basis:5%\"><\/div>\n\n\n\n<div class=\"hide-on-mobile wp-block-column is-layout-flow wp-block-column-is-layout-flow\" style=\"flex-basis:35.9%\">\n<figure class=\"wp-block-image size-full is-resized is-style-right-edge\"><img loading=\"lazy\" decoding=\"async\" width=\"2000\" height=\"1121\" src=\"https:\/\/www.schoenehaut.de\/wp-content\/uploads\/2026\/02\/AdobeStock_1864236762_Preview.jpeg\" alt=\"\" class=\"wp-image-2473\" style=\"width:auto;height:800px\"\/><\/figure>\n<\/div>\n<\/div>\n<\/div>\n\n\n\n<div class=\"wp-block-columns is-style-medium-gap is-layout-flex wp-container-core-columns-is-layout-28f84493 wp-block-columns-is-layout-flex\">\n<div class=\"wp-block-column is-layout-flow wp-block-column-is-layout-flow\">\n<figure class=\"hide-on-mobile wp-block-image size-full is-resized is-style-rounded\"><img loading=\"lazy\" decoding=\"async\" width=\"2000\" height=\"2000\" src=\"https:\/\/www.schoenehaut.de\/wp-content\/uploads\/2026\/03\/Meike_Profilbils_Rund260316.png\" alt=\"\" class=\"wp-image-5625\" style=\"aspect-ratio:1;object-fit:contain;width:auto;height:500px\"\/><\/figure>\n<\/div>\n\n\n\n<div class=\"wp-block-column is-layout-flow wp-block-column-is-layout-flow\">\n<figure class=\"hide-on-desktop wp-block-image size-full is-resized is-style-default\" style=\"margin-top:var(--wp--preset--spacing--m);margin-bottom:var(--wp--preset--spacing--default)\"><img loading=\"lazy\" decoding=\"async\" width=\"2000\" height=\"2000\" src=\"https:\/\/www.schoenehaut.de\/wp-content\/uploads\/2026\/03\/Meike_Profilbils_Rund260316.png\" alt=\"\" class=\"wp-image-5625\" style=\"aspect-ratio:1;object-fit:contain;width:auto;height:400px\"\/><\/figure>\n\n\n\n<h2 class=\"wp-block-heading\">H\u00e4ufige Fragen<\/h2>\n\n\n\n<details class=\"wp-block-huishu-agentur-huishu-faq-block\"><summary><span>Welche Effekte k\u00f6nnen mit einer Lippenunterspritzung erreicht werden?<\/span><\/summary><div class=\"faq-details is-layout-flow\">\n<p>Nach einer ausf\u00fchrlichen Beratung werden gemeinsam mit Ihnen individuelle Behandlungsziele definiert. Je nach Ausgangsbefund k\u00f6nnen folgende Effekte erzielt werden:<\/p>\n\n\n\n<ul class=\"wp-block-list\">\n<li>Nat\u00fcrliche, volle, frisch wirkende Lippen<\/li>\n\n\n\n<li>Pr\u00e4zisierung der Lippenkontur<\/li>\n\n\n\n<li>Ausgleich von Asymmetrien<\/li>\n\n\n\n<li>Gl\u00e4ttung der kleinen Falten an der Ober- und Unterlippe (Plisseef\u00e4ltchen)<\/li>\n\n\n\n<li>Anhebung der Mundwinkel, um aus \ud83d\ude41 wieder \ud83d\ude42 zu machen<\/li>\n\n\n\n<li>Auff\u00fcllen der Marionettenfalten<\/li>\n\n\n\n<li>Lip Flip mittels Botulinumtoxin<\/li>\n<\/ul>\n<\/div><\/details>\n\n\n\n<details class=\"wp-block-huishu-agentur-huishu-faq-block\"><summary><span>Wie lange h\u00e4lt die Wirkung einer Lippenunterspritzung an?<\/span><\/summary><div class=\"faq-details is-layout-flow\">\n<p>Die Wirkung einer Lippenbehandlung mit <a href=\"https:\/\/www.schoenehaut.de\/aesthetik\/hyaluron\/\" data-type=\"page\" data-id=\"737\">Hyalurons\u00e4ure<\/a> h\u00e4lt in der Regel 6\u201312 Monate an. Der Abbau erfolgt langsam und gleichm\u00e4\u00dfig. Die Behandlung kann bei Bedarf beliebig oft wiederholt werden.<\/p>\n<\/div><\/details>\n\n\n\n<details class=\"wp-block-huishu-agentur-huishu-faq-block\"><summary><span>Wie lange dauert die Lippenunterspritzung in eurer Praxis SCH\u00d6NE HAUT in Berlin und wie wird bet\u00e4ubt?<\/span><\/summary><div class=\"faq-details is-layout-flow\">\n<p>Die eigentliche Behandlung dauert ca. 20\u201330 Minuten, hinzu kommt eine Bet\u00e4ubungszeit von etwa 30 Minuten.<\/p>\n\n\n\n<p>Da die Lippen zu den empfindlichsten Arealen des Gesichts z\u00e4hlen, wird standardm\u00e4\u00dfig eine lokale Bet\u00e4ubungscreme aufgetragen. Zus\u00e4tzlich enthalten die verwendeten <a href=\"https:\/\/www.schoenehaut.de\/aesthetik\/hyaluron\/\" data-type=\"page\" data-id=\"737\">Hyalurons\u00e4uren<\/a> meist ein Lokalan\u00e4sthetikum, sodass die Injektion in der Regel gut toleriert wird.<\/p>\n\n\n\n<p>Ein vor\u00fcbergehendes Taubheitsgef\u00fchl oder leichtes Kribbeln kann noch mehrere Stunden nach der Behandlung anhalten.<\/p>\n\n\n\n<p>Auf Wunsch kann auch eine Leitungsan\u00e4sthesie, wie sie vom Zahnarzt bekannt ist, gesetzt werden. Dann ist die Behandlung vollst\u00e4ndig schmerzfrei.<\/p>\n<\/div><\/details>\n\n\n\n<details class=\"wp-block-huishu-agentur-huishu-faq-block\"><summary><span>Wie sehe ich direkt nach der Lippenunterspritzung aus?<\/span><\/summary><div class=\"faq-details is-layout-flow\">\n<p>Unmittelbar nach der Behandlung k\u00f6nnen leichte R\u00f6tungen, Schwellungen oder kleine Bluterg\u00fcsse auftreten. Diese Reaktionen sind vor\u00fcbergehend und klingen meist rasch ab.<\/p>\n\n\n\n<p>Eventuelle blaue Flecken werden direkt nach der Behandlung mit einer speziellen Creme versorgt. Diese erhalten Sie auch f\u00fcr die Nachsorge zu Hause.<\/p>\n<\/div><\/details>\n\n\n\n<details class=\"wp-block-huishu-agentur-huishu-faq-block\"><summary><span>Was sollte ich nach der Lippenunterspritzung bei euch in Berlin beachten?<\/span><\/summary><div class=\"faq-details is-layout-flow\">\n<ul class=\"wp-block-list\">\n<li>f\u00fcr 4 Stunden: keine sehr hei\u00dfen oder sehr kalten Speisen\/Getr\u00e4nke<\/li>\n\n\n\n<li>f\u00fcr 24 Stunden: kein Lippenstift, kein K\u00fcssen, kein Sport, keine Sauna<\/li>\n\n\n\n<li>ab 48 Stunden: vorsichtige Lippenmassage m\u00f6glich<\/li>\n\n\n\n<li>ab einer Woche: Hydrafacial\u00ae Perk\u2122 wieder m\u00f6glich<\/li>\n\n\n\n<li>f\u00fcr 4 Wochen: keine umfangreichen Zahnbehandlungen<\/li>\n<\/ul>\n<\/div><\/details>\n\n\n\n<details class=\"wp-block-huishu-agentur-huishu-faq-block\"><summary><span>Was kann ich vorbeugend tun, um Schwellungen oder H\u00e4matome zu minimieren?<\/span><\/summary><div class=\"faq-details is-layout-flow\">\n<ul class=\"wp-block-list\">\n<li>Einnahme von Arnika D12 vor und nach der Behandlung<\/li>\n\n\n\n<li>eine Woche vor der Behandlung m\u00f6glichst keine blutverd\u00fcnnenden Medikamente (z. B.<\/li>\n\n\n\n<li>ASS)<\/li>\n\n\n\n<li>mehrmals t\u00e4gliche Anwendung der mitgegebenen Spezialcreme gegen blaue Flecken<\/li>\n<\/ul>\n<\/div><\/details>\n\n\n\n<details class=\"wp-block-huishu-agentur-huishu-faq-block\"><summary><span>Wie kann ich die Haltbarkeit einer Lippenunterspritzung unterst\u00fctzen?<\/span><\/summary><div class=\"faq-details is-layout-flow\">\n<p>Eine Kombination mit Botulinumtoxin, insbesondere ein Lip Flip, kann dazu beitragen, die Lippenform l\u00e4nger zu stabilisieren.<\/p>\n\n\n\n<p>Auch regelm\u00e4\u00dfige Hydrafacial\u00ae Perk-Behandlungen der Lippen sowie erg\u00e4nzende Verfahren wie Fadenlifting oder Biostimulatoren (z. B. Polynukleotide, Exosomen) k\u00f6nnen das Ergebnis unterst\u00fctzen.<\/p>\n<\/div><\/details>\n<\/div>\n<\/div>\n\n\n\n<div class=\"wp-block-columns is-layout-flex wp-container-core-columns-is-layout-28f84493 wp-block-columns-is-layout-flex\">\n<div class=\"wp-block-column is-layout-flow wp-block-column-is-layout-flow\">\n<h2 class=\"wp-block-heading\">Weitere Behandlungen<\/h2>\n\n\n\n<div class=\"wp-block-group has-global-padding is-layout-constrained wp-block-group-is-layout-constrained\"><div class=\"schoenehaut-behandlungs-grid wp-block-schoenehaut-behandlungs-kacheln\"><a href=\"https:\/\/www.schoenehaut.de\/en\/institut\/hydrafacial-syndeo\/\" class=\"behandlungs-tile\" aria-label=\"Hydrafacial\u00ae Perk\u2122 Lips\">\n                <img decoding=\"async\" src=\"https:\/\/www.schoenehaut.de\/wp-content\/uploads\/2026\/02\/AdobeStock_953124479_Preview.jpeg\" alt=\"\" class=\"tile-image\" aria-hidden=\"true\">\n                <span class=\"tile-title\">Hydrafacial\u00ae Perk\u2122 Lips<\/span>\n            <\/a><a href=\"https:\/\/www.schoenehaut.de\/en\/aesthetik\/botulinumtoxin-botox\/lip-flip\/\" class=\"behandlungs-tile\" aria-label=\"Lip-Flip\">\n                <img decoding=\"async\" src=\"https:\/\/www.schoenehaut.de\/wp-content\/uploads\/2026\/02\/AdobeStock_1875573440_Preview.jpeg\" alt=\"\" class=\"tile-image\" aria-hidden=\"true\">\n                <span class=\"tile-title\">Lip-Flip<\/span>\n            <\/a><a href=\"https:\/\/www.schoenehaut.de\/en\/institut\/jetpeel\/\" class=\"behandlungs-tile\" aria-label=\"JetPeel\u2122\">\n                <img decoding=\"async\" src=\"https:\/\/www.schoenehaut.de\/wp-content\/uploads\/2026\/02\/istockphoto-2211764441-2048x2048-1.jpg\" alt=\"\" class=\"tile-image\" aria-hidden=\"true\">\n                <span class=\"tile-title\">JetPeel\u2122<\/span>\n            <\/a><\/div><\/div>\n<\/div>\n<\/div>\n","protected":false},"excerpt":{"rendered":"<p>Lippenunterspritzung in Berlin: Ihre Hyaluron-Behandlung Unsere Lippen sind ein zentraler Ausdruck von Sinnlichkeit und Pers\u00f6nlichkeit und ziehen \u2013 gleich nach den Augen \u2013 besonders viel Aufmerksamkeit auf sich. Form, Volumen und Kontur der Lippen pr\u00e4gen den Gesamtausdruck des Gesichts entscheidend. Alles auf einen Blick Was ist das Besondere an der Lippenunterspritzung bei Dr. med. Meike [&hellip;]<\/p>\n","protected":false},"author":1,"featured_media":0,"parent":737,"menu_order":1,"comment_status":"closed","ping_status":"closed","template":"","meta":{"footnotes":""},"class_list":["post-921","page","type-page","status-publish","hentry"],"_links":{"self":[{"href":"https:\/\/www.schoenehaut.de\/en\/wp-json\/wp\/v2\/pages\/921","targetHints":{"allow":["GET"]}}],"collection":[{"href":"https:\/\/www.schoenehaut.de\/en\/wp-json\/wp\/v2\/pages"}],"about":[{"href":"https:\/\/www.schoenehaut.de\/en\/wp-json\/wp\/v2\/types\/page"}],"author":[{"embeddable":true,"href":"https:\/\/www.schoenehaut.de\/en\/wp-json\/wp\/v2\/users\/1"}],"replies":[{"embeddable":true,"href":"https:\/\/www.schoenehaut.de\/en\/wp-json\/wp\/v2\/comments?post=921"}],"version-history":[{"count":36,"href":"https:\/\/www.schoenehaut.de\/en\/wp-json\/wp\/v2\/pages\/921\/revisions"}],"predecessor-version":[{"id":5649,"href":"https:\/\/www.schoenehaut.de\/en\/wp-json\/wp\/v2\/pages\/921\/revisions\/5649"}],"up":[{"embeddable":true,"href":"https:\/\/www.schoenehaut.de\/en\/wp-json\/wp\/v2\/pages\/737"}],"wp:attachment":[{"href":"https:\/\/www.schoenehaut.de\/en\/wp-json\/wp\/v2\/media?parent=921"}],"curies":[{"name":"wp","href":"https:\/\/api.w.org\/{rel}","templated":true}]}}