{"id":928,"date":"2026-01-29T14:51:34","date_gmt":"2026-01-29T13:51:34","guid":{"rendered":"https:\/\/www.schoenehaut.de\/?page_id=928"},"modified":"2026-03-24T15:50:34","modified_gmt":"2026-03-24T14:50:34","slug":"faltenbehandlung","status":"publish","type":"page","link":"https:\/\/www.schoenehaut.de\/en\/aesthetik\/hyaluron\/faltenbehandlung\/","title":{"rendered":"Faltenbehandlung"},"content":{"rendered":"\n<div style=\"height:213px\" aria-hidden=\"true\" class=\"hide-on-mobile wp-block-spacer\"><\/div>\n\n\n\n<div style=\"height:100px\" aria-hidden=\"true\" class=\"hide-on-desktop wp-block-spacer\"><\/div>\n\n\n\n<div class=\"wp-block-columns is-style-big-gap is-layout-flex wp-container-core-columns-is-layout-28f84493 wp-block-columns-is-layout-flex\">\n<div class=\"wp-block-column is-layout-flow wp-block-column-is-layout-flow\"><div class=\"splide has-pagination-center is-style-portrait-contained wp-block-huishu-block-hu-splide-slider\" aria-labelledby=\"\" data-splide=\"{&quot;type&quot;:&quot;fade&quot;,&quot;perPage&quot;:1,&quot;arrows&quot;:true,&quot;autoplay&quot;:true,&quot;speed&quot;:1300,&quot;interval&quot;:4000,&quot;pagination&quot;:true,&quot;rewind&quot;:&quot;true&quot;}\">\n    <div class=\"splide__track\">\n        <ul class=\"splide__list\">\n\n<li class=\"wp-block-huishu-block-splide-slide splide__slide\">\n<figure class=\"wp-block-image size-full is-resized is-style-rounded\"><img loading=\"lazy\" decoding=\"async\" width=\"2000\" height=\"1333\" src=\"https:\/\/www.schoenehaut.de\/wp-content\/uploads\/2026\/02\/istockphoto-1050196682-2048x2048-1.jpg\" alt=\"\" class=\"wp-image-3812\" style=\"aspect-ratio:2\/1;object-fit:cover;width:auto;height:896px\"\/><\/figure>\n<\/li>\n\n\n\n<li class=\"wp-block-huishu-block-splide-slide splide__slide\">\n<figure class=\"wp-block-image size-full is-resized is-style-rounded\"><img loading=\"lazy\" decoding=\"async\" width=\"1508\" height=\"1121\" src=\"https:\/\/www.schoenehaut.de\/wp-content\/uploads\/2026\/03\/AdobeStock_807796786_Preview.jpeg\" alt=\"\" class=\"wp-image-5103\" style=\"aspect-ratio:2\/1;object-fit:cover;width:auto;height:896px\"\/><\/figure>\n<\/li>\n\n<\/ul>    <\/div>\n            <div class=\"splide__arrows \"><button class=\"splide__arrow splide__arrow--prev\">\n\t\t\t<i class=\"icon-chevron-left-slider\" aria-label=\"Zum vorherigen Slide\"><\/i>\n\t\t<\/button>\n\t\t<button class=\"splide__arrow splide__arrow--next\">\n\t\t\t<i class=\"icon-chevron-right-slider\" aria-label=\"Zum n\u00e4chsten Slide\"><\/i>\n\t\t<\/button><\/div>\n        <\/div><\/div>\n\n\n\n<div class=\"wp-block-column is-layout-flow wp-block-column-is-layout-flow\">\n<h1 class=\"wp-block-heading is-style-h4 has-large-font-size\">Faltenunterspritzung in Berlin: <\/h1>\n\n\n\n<h2 class=\"wp-block-heading\" style=\"margin-top:var(--wp--preset--spacing--subtitle)\">Falten&shy;Behand&shy;lung mit Hyaluron&shy;s\u00e4ure<\/h2>\n\n\n\n<p>Mit zunehmendem Alter verliert die Haut an Volumen, Elastizit\u00e4t und Feuchtigkeit. Dadurch entstehen Falten unterschiedlicher Tiefe. Die Faltenbehandlung mit <a href=\"https:\/\/www.schoenehaut.de\/aesthetik\/hyaluron\/\" data-type=\"page\" data-id=\"737\">Hyalurons\u00e4ure<\/a> erm\u00f6glicht es, Volumenverluste gezielt auszugleichen, Falten zu mildern und die Hautstruktur zu unterst\u00fctzen \u2013 stets mit dem Ziel eines nat\u00fcrlichen Ergebnisses.<\/p>\n\n\n\n<div class=\"wp-block-buttons is-layout-flex wp-block-buttons-is-layout-flex\">\n<div class=\"wp-block-button is-style-fill\"><a class=\"wp-block-button__link wp-element-button\" href=\"https:\/\/www.schoenehaut.de\/kontakt#kontakt\">Jetzt Termin buchen<\/a><\/div>\n<\/div>\n\n\n\n<div style=\"height:20px\" aria-hidden=\"true\" class=\"wp-block-spacer\"><\/div>\n\n\n\n<h2 class=\"wp-block-heading is-style-h3\">Alles auf einen Blick<\/h2>\n\n\n\n<figure class=\"wp-block-flexible-table-block-table is-style-align-middle\"><table class=\"has-fixed-layout is-stacked-on-mobile\"><tbody><tr><th scope=\"row\"><img loading=\"lazy\" decoding=\"async\" width=\"35\" height=\"35\" class=\"wp-image-4407\" style=\"width: 35px;\" src=\"https:\/\/www.schoenehaut.de\/wp-content\/uploads\/2026\/03\/Behandlungsdauer-Sanduhr.svg\" alt=\"\"> Behandlungsdauer:<\/th><td>ca. 15-20 min<\/td><\/tr><tr><th scope=\"row\"><img loading=\"lazy\" decoding=\"async\" width=\"35\" height=\"35\" class=\"wp-image-2745\" style=\"width: 35px;\" src=\"https:\/\/www.schoenehaut.de\/wp-content\/uploads\/2026\/02\/Schmerzen.svg\" alt=\"\"> Schmerzen:<\/th><td>kaum bis gering<\/td><\/tr><tr><th scope=\"row\"><img loading=\"lazy\" decoding=\"async\" width=\"35\" height=\"35\" class=\"wp-image-2741\" style=\"width: 35px;\" src=\"https:\/\/www.schoenehaut.de\/wp-content\/uploads\/2026\/02\/Betraeubung.svg\" alt=\"\"> Bet\u00e4ubung:<\/th><td>oberfl\u00e4chliche Bet\u00e4ubung nach Wunsch<\/td><\/tr><tr><th scope=\"row\"><img loading=\"lazy\" decoding=\"async\" width=\"35\" height=\"35\" class=\"wp-image-2743\" style=\"width: 35px;\" src=\"https:\/\/www.schoenehaut.de\/wp-content\/uploads\/2026\/02\/Gesellschaftsfaehigkeit.svg\" alt=\"\"> Gesellschaftsf\u00e4higkeit:<\/th><td>bedingt; blaue Flecken sind m\u00f6glich<\/td><\/tr><tr><th scope=\"row\"><img loading=\"lazy\" decoding=\"async\" width=\"35\" height=\"35\" class=\"wp-image-2742\" style=\"width: 35px;\" src=\"https:\/\/www.schoenehaut.de\/wp-content\/uploads\/2026\/02\/Einschraenkungen.svg\" alt=\"\"> Einschr\u00e4nkungen:<\/th><td>1\u20132 Tage kein Sport und keine Sauna<\/td><\/tr><tr><th scope=\"row\"><img loading=\"lazy\" decoding=\"async\" width=\"35\" height=\"35\" class=\"wp-image-2747\" style=\"width: 35px;\" src=\"https:\/\/www.schoenehaut.de\/wp-content\/uploads\/2026\/02\/Wirkungseintritt.svg\" alt=\"\"> Wirkungseintritt:<\/th><td>in der Regel sofort sichtbar<\/td><\/tr><tr><th scope=\"row\"><img loading=\"lazy\" decoding=\"async\" width=\"35\" height=\"35\" class=\"wp-image-2746\" style=\"width: 35px;\" src=\"https:\/\/www.schoenehaut.de\/wp-content\/uploads\/2026\/02\/Wirkungsdauer.svg\" alt=\"\"> Wirkungsdauer:<\/th><td>ca. 6\u201318 Monate (abh\u00e4ngig von Region und Material)<\/td><\/tr><tr><th scope=\"row\"><img loading=\"lazy\" decoding=\"async\" width=\"35\" height=\"35\" class=\"wp-image-2744\" style=\"width: 35px;\" src=\"https:\/\/www.schoenehaut.de\/wp-content\/uploads\/2026\/02\/Kosten.svg\" alt=\"\"> Kosten:<\/th><td>werden individuell nach Materialverbrauch berechnet<\/td><\/tr><\/tbody><\/table><\/figure>\n<\/div>\n<\/div>\n\n\n\n<div class=\"wp-block-group alignfull has-white-background-color has-background has-global-padding is-layout-constrained wp-block-group-is-layout-constrained\">\n<div class=\"wp-block-columns is-layout-flex wp-container-core-columns-is-layout-f0342b05 wp-block-columns-is-layout-flex\" style=\"margin-top:0;margin-bottom:0\">\n<div class=\"wp-block-column is-layout-flow wp-block-column-is-layout-flow\" style=\"flex-basis:60%\">\n<div style=\"height:61px\" aria-hidden=\"true\" class=\"wp-block-spacer\"><\/div>\n\n\n\n<figure class=\"hide-on-desktop wp-block-image size-full is-resized is-style-default\" style=\"margin-bottom:0\"><img loading=\"lazy\" decoding=\"async\" width=\"2000\" height=\"2000\" src=\"https:\/\/www.schoenehaut.de\/wp-content\/uploads\/2026\/03\/Meike_Profilbils_Rund260316.png\" alt=\"\" class=\"wp-image-5625\" style=\"aspect-ratio:1;object-fit:contain;width:auto;height:400px\"\/><\/figure>\n\n\n\n<h2 class=\"wp-block-heading is-style-h2\">H\u00e4ufige Fragen<\/h2>\n\n\n\n<details class=\"wp-block-huishu-agentur-huishu-faq-block\"><summary><span>Welche Bereiche behandelt ihr mit einer Faltenunterspritzung?<\/span><\/summary><div class=\"faq-details is-layout-flow\">\n<p>Je nach Faltentiefe, Hautbeschaffenheit und Gesichtsstruktur kommen unterschiedliche <a href=\"https:\/\/www.schoenehaut.de\/aesthetik\/hyaluron\/\" data-type=\"page\" data-id=\"737\">Hyalurons\u00e4uren<\/a> zum Einsatz. Wir beraten Sie medizinisch fundiert, f\u00fcr welche Indikation welches Material eingesetzt werden kann. Behandelt werden k\u00f6nnen unter anderem:<\/p>\n\n\n\n<ul class=\"wp-block-list\">\n<li>Nasolabialfalten<\/li>\n\n\n\n<li>Marionettenfalten<\/li>\n\n\n\n<li>Lippenkontur und Lippenvolumen<\/li>\n\n\n\n<li>Wangenaufbau<\/li>\n\n\n\n<li>Harmonisierung der Gesichtskontur<\/li>\n\n\n\n<li>Falten der Ober- und Unterlippe<\/li>\n\n\n\n<li>Tr\u00e4nenrinne<\/li>\n\n\n\n<li>Zornesfalte<\/li>\n\n\n\n<li>Stirnfalten<\/li>\n\n\n\n<li>Brauenmodulation<\/li>\n\n\n\n<li>Handr\u00fccken<\/li>\n\n\n\n<li>Ohrl\u00e4ppchen- und Nasenwurzelfalte<\/li>\n\n\n\n<li>Nasenkontur<\/li>\n\n\n\n<li>Aknenarben<\/li>\n\n\n\n<li>Liquid Lifting<\/li>\n<\/ul>\n<\/div><\/details>\n\n\n\n<details class=\"wp-block-huishu-agentur-huishu-faq-block\"><summary><span>Wie lange h\u00e4lt die Wirkung einer Faltenunterspritzung an?<\/span><\/summary><div class=\"faq-details is-layout-flow\">\n<p>Die Haltbarkeit betr\u00e4gt \u2013 je nach Region und Material \u2013 etwa 6\u201318 Monate und kann beliebig oft wiederholt werden. Ein Touch-up nach ca. 6 Monaten kann die Haltbarkeit verl\u00e4ngern.<\/p>\n<\/div><\/details>\n\n\n\n<details class=\"wp-block-huishu-agentur-huishu-faq-block\"><summary><span>Welche Hyalurons\u00e4uren nutzt ihr f\u00fcr eine Faltenunterspritzung?<\/span><\/summary><div class=\"faq-details is-layout-flow\">\n<p>Je nach Indikation werden unterschiedlich stark vernetzte Hyalurons\u00e4uren eingesetzt:<\/p>\n\n\n\n<ul class=\"wp-block-list\">\n<li>st\u00e4rker vernetzte <a href=\"https:\/\/www.schoenehaut.de\/aesthetik\/hyaluron\/\" data-type=\"page\" data-id=\"737\">Hyalurons\u00e4uren:<\/a> geeignet f\u00fcr tiefe Falten, Wangenaufbau und Liquid Lifting, mit l\u00e4ngerer Haltbarkeit<\/li>\n\n\n\n<li>schwach vernetzte oder unvernetzte <a href=\"https:\/\/www.schoenehaut.de\/aesthetik\/hyaluron\/\" data-type=\"page\" data-id=\"737\">Hyalurons\u00e4uren:<\/a> geeignet zur Verbesserung der Hautqualit\u00e4t, f\u00fcr feine F\u00e4ltchen und als sogenannte Skinbooster<\/li>\n<\/ul>\n\n\n\n<p>Wir verwenden ausschlie\u00dflich ausgew\u00e4hlte, hochwertige Hyalurons\u00e4ureprodukte namhafter Firmen, die sich als besonders gut vertr\u00e4glich und sicher bew\u00e4hrt haben und deren Produkte die erforderlichen Qualit\u00e4tspr\u00fcfungen vorweisen k\u00f6nnen<\/p>\n<\/div><\/details>\n\n\n\n<details class=\"wp-block-huishu-agentur-huishu-faq-block\"><summary><span>Wie lange dauert eine Faltenunterspritzung bei euch in Berlin?<\/span><\/summary><div class=\"faq-details is-layout-flow\">\n<p>Die Behandlung dauert in der Regel 15\u201330 Minuten. Vorab kann eine hautbet\u00e4ubende Creme aufgetragen werden. Viele Hyalurons\u00e4uren enthalten zus\u00e4tzlich ein Lokalan\u00e4sthetikum, sodass die Injektion meist gut vertr\u00e4glich ist.<\/p>\n<\/div><\/details>\n\n\n\n<details class=\"wp-block-huishu-agentur-huishu-faq-block\"><summary><span>Wie sehe ich direkt nach der Faltenunterspritzung aus?<\/span><\/summary><div class=\"faq-details is-layout-flow\">\n<p>Nach der Behandlung k\u00f6nnen vor\u00fcbergehend leichte R\u00f6tungen, Schwellungen oder kleine Bluterg\u00fcsse auftreten. Diese klingen meist rasch ab und k\u00f6nnen bei Bedarf abgedeckt werden.<\/p>\n<\/div><\/details>\n\n\n\n<details class=\"wp-block-huishu-agentur-huishu-faq-block\"><summary><span>Bin ich nach der Faltenunterspritzung gesellschaftsf\u00e4hig?<\/span><\/summary><div class=\"faq-details is-layout-flow\">\n<p>Es kann in der Regel sofort wieder den Alltagsaktivit\u00e4ten nachgegangen werden. Am Behandlungstag sollten die behandelten Areale nicht massiert werden. Ein vor\u00fcbergehendes Taubheitsgef\u00fchl ist m\u00f6glich.<\/p>\n\n\n\n<p>F\u00fcr den Behandlungstag und die folgenden ein bis zwei Tage gilt:<\/p>\n\n\n\n<ul class=\"wp-block-list\">\n<li>kein intensiver Sport und schwere k\u00f6rperliche Arbeiten<\/li>\n\n\n\n<li>m\u00f6glichst keine Kopf\u00fcber-Bewegungen<\/li>\n\n\n\n<li>keine Sauna oder Dampfb\u00e4der &#8211; keine kosmetischen Behandlungen im Behandlungsareal<\/li>\n<\/ul>\n<\/div><\/details>\n\n\n\n<details class=\"wp-block-huishu-agentur-huishu-faq-block\"><summary><span>Was kann ich vorbeugend tun, um Schwellungen oder H\u00e4matome zu vermeiden?<\/span><\/summary><div class=\"faq-details is-layout-flow\">\n<p>Vor und nach der Behandlung kann Arnika D12 eingenommen werden. Eine Woche vor der Behandlung sollte auf die Einnahme blutverd\u00fcnnender Medikamente (z. B. ASS) verzichtet werden. Verwenden Sie die Spezial-Creme gegen blaue Flecken, die wir Ihnen mitgeben, mehrfach t\u00e4glich.<\/p>\n<\/div><\/details>\n\n\n\n<div style=\"height:61px\" aria-hidden=\"true\" class=\"wp-block-spacer\"><\/div>\n<\/div>\n\n\n\n<div class=\"hide-on-mobile wp-block-column is-layout-flow wp-block-column-is-layout-flow\" style=\"flex-basis:5%\"><\/div>\n\n\n\n<div class=\"hide-on-mobile wp-block-column is-layout-flow wp-block-column-is-layout-flow\" style=\"flex-basis:35.9%\">\n<figure class=\"wp-block-image size-full is-resized is-style-right-edge\"><img loading=\"lazy\" decoding=\"async\" width=\"2000\" height=\"1334\" src=\"https:\/\/www.schoenehaut.de\/wp-content\/uploads\/2026\/01\/RL01202_6881.jpg\" alt=\"\" class=\"wp-image-906\" style=\"width:auto;height:800px\"\/><\/figure>\n<\/div>\n<\/div>\n<\/div>\n\n\n\n<div class=\"wp-block-columns is-style-medium-gap is-layout-flex wp-container-core-columns-is-layout-28f84493 wp-block-columns-is-layout-flex\">\n<div class=\"wp-block-column is-layout-flow wp-block-column-is-layout-flow\">\n<figure class=\"wp-block-image size-full is-style-rounded\"><img loading=\"lazy\" decoding=\"async\" width=\"2560\" height=\"1708\" src=\"https:\/\/www.schoenehaut.de\/wp-content\/uploads\/2026\/03\/RL01202_6378-scaled.jpg\" alt=\"\" class=\"wp-image-5590\" style=\"aspect-ratio:2\/1;object-fit:cover\"\/><\/figure>\n<\/div>\n\n\n\n<div class=\"wp-block-column is-layout-flow wp-block-column-is-layout-flow\">\n<h2 class=\"wp-block-heading\">Gibt es Alternativen zur Hyalurons\u00e4ure f\u00fcr eine Faltenunterspritzung?<\/h2>\n\n\n\n<p>Ja. In der \u00e4sthetischen Medizin gibt es heute viele Alternativen und Erg\u00e4nzungen zur Faltenunterspritzung mit <a href=\"https:\/\/www.schoenehaut.de\/aesthetik\/hyaluron\/\" data-type=\"page\" data-id=\"737\">Hyalurons\u00e4ure.<\/a> Der Fokus der \u00e4sthetischen Medizin hat sich in den letzten Jahren von reiner Faltenkorrektur hin zur Verbesserung der Hautqualit\u00e4t und -Struktur mit Hilfe von Biostimulatoren wie Polynukleotiden oder Exosomen verschoben. <br><br>Auch Polymilchs\u00e4ure und Calciumhydroxylapatit haben einen stimulierenden Effekt auf die Haut und werden ebenso zur Hautstraffung eingesetzt. Alternativ zu Hyalurons\u00e4ure-Fillern nutzen wir bei SCH\u00d6NE HAUT neben den Biostimulatoren h\u00e4ufig Profhilo Structura, Calciumhydroxylapatit (Radiesse\u00ae) und Fadenliftings.<br><br> Auch ein Laserlifting kann zu einem sehr nat\u00fcrlichen, frischen Gesichtsausdruck verhelfen. Welche Methode oder Kombination sinnvoll ist, h\u00e4ngt vom individuellen Befund und dem gew\u00fcnschten Ergebnis ab.<\/p>\n<\/div>\n<\/div>\n\n\n\n<div class=\"wp-block-columns is-layout-flex wp-container-core-columns-is-layout-28f84493 wp-block-columns-is-layout-flex\">\n<div class=\"wp-block-column is-layout-flow wp-block-column-is-layout-flow\">\n<h2 class=\"wp-block-heading\">Weitere Behandlungen<\/h2>\n\n\n\n<div class=\"wp-block-group has-global-padding is-layout-constrained wp-block-group-is-layout-constrained\"><div class=\"schoenehaut-behandlungs-grid wp-block-schoenehaut-behandlungs-kacheln\"><a href=\"https:\/\/www.schoenehaut.de\/en\/laser\/laserlifting-augenlidstraffung\/\" class=\"behandlungs-tile\" aria-label=\"Laserlifting\">\n                <img decoding=\"async\" src=\"https:\/\/www.schoenehaut.de\/wp-content\/uploads\/2026\/02\/AdobeStock_1448106743_Preview.jpeg\" alt=\"\" class=\"tile-image\" aria-hidden=\"true\">\n                <span class=\"tile-title\">Laserlifting<\/span>\n            <\/a><a href=\"https:\/\/www.schoenehaut.de\/en\/aesthetik\/biostimulation-mesotherapie\/polynukleotide-pdrn-salmon-sperm-lift\/\" class=\"behandlungs-tile\" aria-label=\"Biostimulatoren\">\n                <img decoding=\"async\" src=\"https:\/\/www.schoenehaut.de\/wp-content\/uploads\/2026\/02\/AdobeStock_1628764124_Preview.jpeg\" alt=\"\" class=\"tile-image\" aria-hidden=\"true\">\n                <span class=\"tile-title\">Biostimulatoren<\/span>\n            <\/a><a href=\"https:\/\/www.schoenehaut.de\/en\/institut\/potenza-radiofrequenz-needling\/\" class=\"behandlungs-tile\" aria-label=\"Potenza\u2122\">\n                <img decoding=\"async\" src=\"https:\/\/www.schoenehaut.de\/wp-content\/uploads\/2026\/03\/istockphoto-1488371906-1024x1024-1.jpg\" alt=\"\" class=\"tile-image\" aria-hidden=\"true\">\n                <span class=\"tile-title\">Potenza\u2122<\/span>\n            <\/a><\/div><\/div>\n<\/div>\n<\/div>\n","protected":false},"excerpt":{"rendered":"<p>Faltenunterspritzung in Berlin: FaltenBehandlung mit Hyalurons\u00e4ure Mit zunehmendem Alter verliert die Haut an Volumen, Elastizit\u00e4t und Feuchtigkeit. Dadurch entstehen Falten unterschiedlicher Tiefe. Die Faltenbehandlung mit Hyalurons\u00e4ure erm\u00f6glicht es, Volumenverluste gezielt auszugleichen, Falten zu mildern und die Hautstruktur zu unterst\u00fctzen \u2013 stets mit dem Ziel eines nat\u00fcrlichen Ergebnisses. Alles auf einen Blick H\u00e4ufige Fragen Gibt es [&hellip;]<\/p>\n","protected":false},"author":1,"featured_media":0,"parent":737,"menu_order":4,"comment_status":"closed","ping_status":"closed","template":"","meta":{"footnotes":""},"class_list":["post-928","page","type-page","status-publish","hentry"],"_links":{"self":[{"href":"https:\/\/www.schoenehaut.de\/en\/wp-json\/wp\/v2\/pages\/928","targetHints":{"allow":["GET"]}}],"collection":[{"href":"https:\/\/www.schoenehaut.de\/en\/wp-json\/wp\/v2\/pages"}],"about":[{"href":"https:\/\/www.schoenehaut.de\/en\/wp-json\/wp\/v2\/types\/page"}],"author":[{"embeddable":true,"href":"https:\/\/www.schoenehaut.de\/en\/wp-json\/wp\/v2\/users\/1"}],"replies":[{"embeddable":true,"href":"https:\/\/www.schoenehaut.de\/en\/wp-json\/wp\/v2\/comments?post=928"}],"version-history":[{"count":30,"href":"https:\/\/www.schoenehaut.de\/en\/wp-json\/wp\/v2\/pages\/928\/revisions"}],"predecessor-version":[{"id":5885,"href":"https:\/\/www.schoenehaut.de\/en\/wp-json\/wp\/v2\/pages\/928\/revisions\/5885"}],"up":[{"embeddable":true,"href":"https:\/\/www.schoenehaut.de\/en\/wp-json\/wp\/v2\/pages\/737"}],"wp:attachment":[{"href":"https:\/\/www.schoenehaut.de\/en\/wp-json\/wp\/v2\/media?parent=928"}],"curies":[{"name":"wp","href":"https:\/\/api.w.org\/{rel}","templated":true}]}}