{"id":930,"date":"2026-01-29T14:51:53","date_gmt":"2026-01-29T13:51:53","guid":{"rendered":"https:\/\/www.schoenehaut.de\/?page_id=930"},"modified":"2026-03-24T15:51:38","modified_gmt":"2026-03-24T14:51:38","slug":"gesichtskontur-jawline","status":"publish","type":"page","link":"https:\/\/www.schoenehaut.de\/en\/aesthetik\/hyaluron\/gesichtskontur-jawline\/","title":{"rendered":"Gesichtskontur, Jawline"},"content":{"rendered":"\n<div style=\"height:213px\" aria-hidden=\"true\" class=\"hide-on-mobile wp-block-spacer\"><\/div>\n\n\n\n<div style=\"height:100px\" aria-hidden=\"true\" class=\"hide-on-desktop wp-block-spacer\"><\/div>\n\n\n\n<div class=\"wp-block-columns is-style-big-gap is-layout-flex wp-container-core-columns-is-layout-28f84493 wp-block-columns-is-layout-flex\">\n<div class=\"wp-block-column is-layout-flow wp-block-column-is-layout-flow\"><div class=\"splide has-pagination-center is-style-portrait-contained wp-block-huishu-block-hu-splide-slider\" aria-labelledby=\"\" data-splide=\"{&quot;type&quot;:&quot;fade&quot;,&quot;perPage&quot;:1,&quot;arrows&quot;:true,&quot;autoplay&quot;:true,&quot;speed&quot;:1350,&quot;interval&quot;:4000,&quot;pagination&quot;:true,&quot;rewind&quot;:&quot;true&quot;}\">\n    <div class=\"splide__track\">\n        <ul class=\"splide__list\">\n\n<li class=\"wp-block-huishu-block-splide-slide splide__slide\">\n<figure class=\"wp-block-image size-full is-resized is-style-rounded\"><img loading=\"lazy\" decoding=\"async\" width=\"2000\" height=\"1121\" src=\"https:\/\/www.schoenehaut.de\/wp-content\/uploads\/2026\/02\/AdobeStock_1549366690_Preview.jpeg\" alt=\"\" class=\"wp-image-2455\" style=\"aspect-ratio:2\/1;object-fit:cover;width:auto;height:896px\"\/><\/figure>\n<\/li>\n\n\n\n<li class=\"wp-block-huishu-block-splide-slide splide__slide\">\n<figure class=\"wp-block-image size-full is-resized is-style-rounded\"><img loading=\"lazy\" decoding=\"async\" width=\"1077\" height=\"1468\" src=\"https:\/\/www.schoenehaut.de\/wp-content\/uploads\/2026\/03\/AdobeStock_559112317_Preview.jpeg\" alt=\"\" class=\"wp-image-5220\" style=\"aspect-ratio:2\/1;object-fit:cover;width:auto;height:896px\"\/><\/figure>\n<\/li>\n\n\n\n<li class=\"wp-block-huishu-block-splide-slide splide__slide\">\n<figure class=\"wp-block-image size-full is-resized is-style-rounded\"><img loading=\"lazy\" decoding=\"async\" width=\"2000\" height=\"1021\" src=\"https:\/\/www.schoenehaut.de\/wp-content\/uploads\/2026\/02\/AdobeStock_660001527_Preview.jpeg\" alt=\"\" class=\"wp-image-2431\" style=\"aspect-ratio:2\/1;object-fit:cover;width:auto;height:896px\"\/><\/figure>\n<\/li>\n\n<\/ul>    <\/div>\n            <div class=\"splide__arrows \"><button class=\"splide__arrow splide__arrow--prev\">\n\t\t\t<i class=\"icon-chevron-left-slider\" aria-label=\"Zum vorherigen Slide\"><\/i>\n\t\t<\/button>\n\t\t<button class=\"splide__arrow splide__arrow--next\">\n\t\t\t<i class=\"icon-chevron-right-slider\" aria-label=\"Zum n\u00e4chsten Slide\"><\/i>\n\t\t<\/button><\/div>\n        <\/div><\/div>\n\n\n\n<div class=\"wp-block-column is-layout-flow wp-block-column-is-layout-flow\">\n<h2 class=\"wp-block-heading\">Gesichtskontur \/ Jawline<\/h2>\n\n\n\n<p>Eine definierte Kinnpartie spielt bei einer harmonischen Gesichtskontur sowohl bei Frauen als auch bei M\u00e4nnern eine wichtige Rolle. Manchmal sind es anatomische Gegebenheiten, die korrigiert werden sollen. M\u00e4nner w\u00fcnschen sich beispielsweise oft eine markantere, kr\u00e4ftige Jawline.<\/p>\n\n\n\n<p>Im Laufe der Alterung bilden sich aber auch durch das Absacken der Wangen sogenannte <a href=\"https:\/\/www.schoenehaut.de\/hautbeduerfnis\/haut-gesicht\/haengebaeckchen-absinkende-wangen\/\" data-type=\"page\" data-id=\"705\">H\u00e4ngeb\u00e4ckchen,<\/a> die die Kinnlinie verschwinden lassen. Meist sorgt eine Kombinationsbehandlung aus Hyaluronunterspritzung, Botoxbehandlung, Lipolyse und ggf. ein Fadenlifting f\u00fcr ein optimales, nachhaltiges Ergebnis ohne Operation und ohne Narben.<\/p>\n\n\n\n<div class=\"wp-block-buttons is-layout-flex wp-block-buttons-is-layout-flex\">\n<div class=\"wp-block-button is-style-fill\"><a class=\"wp-block-button__link wp-element-button\" href=\"https:\/\/www.schoenehaut.de\/kontakt#kontakt\">Jetzt Termin buchen<\/a><\/div>\n<\/div>\n<\/div>\n<\/div>\n\n\n\n<div class=\"wp-block-columns is-layout-flex wp-container-core-columns-is-layout-28f84493 wp-block-columns-is-layout-flex\">\n<div class=\"wp-block-column is-layout-flow wp-block-column-is-layout-flow\">\n<h2 class=\"wp-block-heading\">Weitere Behandlungen<\/h2>\n\n\n\n<div class=\"wp-block-group has-global-padding is-layout-constrained wp-block-group-is-layout-constrained\"><div class=\"schoenehaut-behandlungs-grid wp-block-schoenehaut-behandlungs-kacheln\"><a href=\"https:\/\/www.schoenehaut.de\/en\/aesthetik\/fadenlifting\/\" class=\"behandlungs-tile\" aria-label=\"Fadenlifting\">\n                <img decoding=\"async\" src=\"https:\/\/www.schoenehaut.de\/wp-content\/uploads\/2026\/02\/AdobeStock_807796786_Preview.jpeg\" alt=\"\" class=\"tile-image\" aria-hidden=\"true\">\n                <span class=\"tile-title\">Fadenlifting<\/span>\n            <\/a><a href=\"https:\/\/www.schoenehaut.de\/en\/aesthetik\/botulinumtoxin-botox\/nefertiti-lift\/\" class=\"behandlungs-tile\" aria-label=\"Nefertiti Lift\">\n                <img decoding=\"async\" src=\"https:\/\/www.schoenehaut.de\/wp-content\/uploads\/2026\/02\/Bilder-Quer-11.jpg\" alt=\"\" class=\"tile-image\" aria-hidden=\"true\">\n                <span class=\"tile-title\">Nefertiti Lift<\/span>\n            <\/a><a href=\"https:\/\/www.schoenehaut.de\/en\/aesthetik\/fett-weg-spritze\/\" class=\"behandlungs-tile\" aria-label=\"Lipolyse\">\n                <img decoding=\"async\" src=\"https:\/\/www.schoenehaut.de\/wp-content\/uploads\/2026\/02\/AdobeStock_545141186_Preview.jpeg\" alt=\"\" class=\"tile-image\" aria-hidden=\"true\">\n                <span class=\"tile-title\">Lipolyse<\/span>\n            <\/a><\/div><\/div>\n<\/div>\n<\/div>\n","protected":false},"excerpt":{"rendered":"<p>Gesichtskontur \/ Jawline Eine definierte Kinnpartie spielt bei einer harmonischen Gesichtskontur sowohl bei Frauen als auch bei M\u00e4nnern eine wichtige Rolle. Manchmal sind es anatomische Gegebenheiten, die korrigiert werden sollen. M\u00e4nner w\u00fcnschen sich beispielsweise oft eine markantere, kr\u00e4ftige Jawline. Im Laufe der Alterung bilden sich aber auch durch das Absacken der Wangen sogenannte H\u00e4ngeb\u00e4ckchen, die [&hellip;]<\/p>\n","protected":false},"author":1,"featured_media":0,"parent":737,"menu_order":5,"comment_status":"closed","ping_status":"closed","template":"","meta":{"footnotes":""},"class_list":["post-930","page","type-page","status-publish","hentry"],"_links":{"self":[{"href":"https:\/\/www.schoenehaut.de\/en\/wp-json\/wp\/v2\/pages\/930","targetHints":{"allow":["GET"]}}],"collection":[{"href":"https:\/\/www.schoenehaut.de\/en\/wp-json\/wp\/v2\/pages"}],"about":[{"href":"https:\/\/www.schoenehaut.de\/en\/wp-json\/wp\/v2\/types\/page"}],"author":[{"embeddable":true,"href":"https:\/\/www.schoenehaut.de\/en\/wp-json\/wp\/v2\/users\/1"}],"replies":[{"embeddable":true,"href":"https:\/\/www.schoenehaut.de\/en\/wp-json\/wp\/v2\/comments?post=930"}],"version-history":[{"count":17,"href":"https:\/\/www.schoenehaut.de\/en\/wp-json\/wp\/v2\/pages\/930\/revisions"}],"predecessor-version":[{"id":5297,"href":"https:\/\/www.schoenehaut.de\/en\/wp-json\/wp\/v2\/pages\/930\/revisions\/5297"}],"up":[{"embeddable":true,"href":"https:\/\/www.schoenehaut.de\/en\/wp-json\/wp\/v2\/pages\/737"}],"wp:attachment":[{"href":"https:\/\/www.schoenehaut.de\/en\/wp-json\/wp\/v2\/media?parent=930"}],"curies":[{"name":"wp","href":"https:\/\/api.w.org\/{rel}","templated":true}]}}