{"id":935,"date":"2026-01-29T14:52:41","date_gmt":"2026-01-29T13:52:41","guid":{"rendered":"https:\/\/www.schoenehaut.de\/?page_id=935"},"modified":"2026-03-24T16:41:16","modified_gmt":"2026-03-24T15:41:16","slug":"polynukleotide-pdrn-salmon-sperm-lift","status":"publish","type":"page","link":"https:\/\/www.schoenehaut.de\/en\/aesthetik\/biostimulation-mesotherapie\/polynukleotide-pdrn-salmon-sperm-lift\/","title":{"rendered":"Polynukleotide, PDRN, Salmon-Sperm Lift"},"content":{"rendered":"\n<div style=\"height:213px\" aria-hidden=\"true\" class=\"hide-on-mobile wp-block-spacer\"><\/div>\n\n\n\n<div style=\"height:100px\" aria-hidden=\"true\" class=\"hide-on-desktop wp-block-spacer\"><\/div>\n\n\n\n<div class=\"wp-block-columns is-style-big-gap is-layout-flex wp-container-core-columns-is-layout-28f84493 wp-block-columns-is-layout-flex\">\n<div class=\"wp-block-column is-layout-flow wp-block-column-is-layout-flow\"><div class=\"splide is-style-portrait-contained wp-block-huishu-block-hu-splide-slider\" aria-labelledby=\"\" data-splide=\"{&quot;type&quot;:&quot;fade&quot;,&quot;perPage&quot;:1,&quot;arrows&quot;:false,&quot;autoplay&quot;:false,&quot;speed&quot;:1500,&quot;interval&quot;:4000,&quot;pagination&quot;:false,&quot;rewind&quot;:&quot;true&quot;}\">\n    <div class=\"splide__track\">\n        <ul class=\"splide__list\">\n\n<li class=\"wp-block-huishu-block-splide-slide splide__slide\">\n<figure class=\"wp-block-image size-full is-resized is-style-rounded\"><img loading=\"lazy\" decoding=\"async\" width=\"2000\" height=\"1121\" src=\"https:\/\/www.schoenehaut.de\/wp-content\/uploads\/2026\/02\/AdobeStock_1628764124_Preview.jpeg\" alt=\"\" class=\"wp-image-2460\" style=\"aspect-ratio:2\/1;object-fit:cover;width:auto;height:896px\"\/><\/figure>\n<\/li>\n\n<\/ul>    <\/div>\n    <\/div><\/div>\n\n\n\n<div class=\"wp-block-column is-layout-flow wp-block-column-is-layout-flow\">\n<h1 class=\"wp-block-heading is-style-h4 has-large-font-size\">Biostimulatoren bei SCH\u00d6NE HAUT Berlin:<\/h1>\n\n\n\n<h2 class=\"wp-block-heading\" style=\"margin-top:var(--wp--preset--spacing--subtitle)\">f\u00fcr nachhaltig vitale Haut<\/h2>\n\n\n\n<p>Biostimulatoren wie Polynukleotide oder Exosomen stehen f\u00fcr eine moderne, regenerative Form der \u00e4sthetischen Medizin. Im Gegensatz zu klassischen Fillern ersetzen sie kein Volumen, sondern aktivieren die k\u00f6rpereigenen Reparatur- und Regenerationsprozesse der Haut. Ziel ist eine nachhaltige Verbesserung der Hautqualit\u00e4t von innen heraus.<\/p>\n\n\n\n<div class=\"wp-block-buttons is-layout-flex wp-block-buttons-is-layout-flex\">\n<div class=\"wp-block-button is-style-fill\"><a class=\"wp-block-button__link wp-element-button\" href=\"https:\/\/www.schoenehaut.de\/kontakt#kontakt\">Jetzt Termin buchen<\/a><\/div>\n<\/div>\n\n\n\n<div style=\"height:20px\" aria-hidden=\"true\" class=\"wp-block-spacer\"><\/div>\n\n\n\n<h2 class=\"wp-block-heading is-style-h3\">Alles auf einen Blick<\/h2>\n\n\n\n<figure class=\"wp-block-flexible-table-block-table is-style-align-middle\"><table class=\"has-fixed-layout is-stacked-on-mobile\"><tbody><tr><th scope=\"row\"><img loading=\"lazy\" decoding=\"async\" width=\"35\" height=\"35\" class=\"wp-image-2870\" style=\"width: 35px;\" src=\"https:\/\/www.schoenehaut.de\/wp-content\/uploads\/2026\/02\/Material.svg\" alt=\"\"> Material:<\/th><td>PN &#8211; HPT\u00ae (Polynukleotide)<\/td><\/tr><tr><th scope=\"row\"><img loading=\"lazy\" decoding=\"async\" width=\"35\" height=\"35\" class=\"wp-image-4407\" style=\"width: 35px;\" src=\"https:\/\/www.schoenehaut.de\/wp-content\/uploads\/2026\/03\/Behandlungsdauer-Sanduhr.svg\" alt=\"\"> Behandlungsdauer:<\/th><td>ca. 15-20 min<\/td><\/tr><tr><th scope=\"row\"><img loading=\"lazy\" decoding=\"async\" width=\"35\" height=\"35\" class=\"wp-image-2745\" style=\"width: 35px;\" src=\"https:\/\/www.schoenehaut.de\/wp-content\/uploads\/2026\/02\/Schmerzen.svg\" alt=\"\"> Schmerzen:<\/th><td>kaum-gering<\/td><\/tr><tr><th scope=\"row\"><img loading=\"lazy\" decoding=\"async\" width=\"35\" height=\"35\" class=\"wp-image-2741\" style=\"width: 35px;\" src=\"https:\/\/www.schoenehaut.de\/wp-content\/uploads\/2026\/02\/Betraeubung.svg\" alt=\"\"> Bet\u00e4ubung:<\/th><td>auf Wunsch<\/td><\/tr><tr><th scope=\"row\"><img loading=\"lazy\" decoding=\"async\" width=\"35\" height=\"35\" class=\"wp-image-2743\" style=\"width: 35px;\" src=\"https:\/\/www.schoenehaut.de\/wp-content\/uploads\/2026\/02\/Gesellschaftsfaehigkeit.svg\" alt=\"\"> Gesellschaftsf\u00e4higkeit:<\/th><td>kleine Quaddeln verschwinden innerhalb weniger Stunden<\/td><\/tr><tr><th scope=\"row\"><img loading=\"lazy\" decoding=\"async\" width=\"35\" height=\"35\" class=\"wp-image-2742\" style=\"width: 35px;\" src=\"https:\/\/www.schoenehaut.de\/wp-content\/uploads\/2026\/02\/Einschraenkungen.svg\" alt=\"\"> Einschr\u00e4nkungen:<\/th><td>keine Sauna und kein Sport f\u00fcr 2 Tage nach der Behandlung<\/td><\/tr><tr><th scope=\"row\"><img loading=\"lazy\" decoding=\"async\" width=\"35\" height=\"35\" class=\"wp-image-2747\" style=\"width: 35px;\" src=\"https:\/\/www.schoenehaut.de\/wp-content\/uploads\/2026\/02\/Wirkungseintritt.svg\" alt=\"\"> Wirkungseintritt:<\/th><td>sofort und verz\u00f6gert<\/td><\/tr><tr><th scope=\"row\"><img loading=\"lazy\" decoding=\"async\" width=\"35\" height=\"35\" class=\"wp-image-2746\" style=\"width: 35px;\" src=\"https:\/\/www.schoenehaut.de\/wp-content\/uploads\/2026\/02\/Wirkungsdauer.svg\" alt=\"\"> Wirkungsdauer:<\/th><td>mehrere Monate<\/td><\/tr><tr><th scope=\"row\"><img loading=\"lazy\" decoding=\"async\" width=\"35\" height=\"35\" class=\"wp-image-2744\" style=\"width: 35px;\" src=\"https:\/\/www.schoenehaut.de\/wp-content\/uploads\/2026\/02\/Kosten.svg\" alt=\"\"> Kosten:<\/th><td>ab ca. 300\u20ac<\/td><\/tr><\/tbody><\/table><\/figure>\n<\/div>\n<\/div>\n\n\n\n<div class=\"wp-block-group alignfull has-white-background-color has-background has-global-padding is-layout-constrained wp-block-group-is-layout-constrained\">\n<div class=\"wp-block-columns is-layout-flex wp-container-core-columns-is-layout-f0342b05 wp-block-columns-is-layout-flex\" style=\"margin-top:0;margin-bottom:0\">\n<div class=\"wp-block-column is-layout-flow wp-block-column-is-layout-flow\" style=\"flex-basis:60%\">\n<div style=\"height:61px\" aria-hidden=\"true\" class=\"wp-block-spacer\"><\/div>\n\n\n\n<h2 class=\"wp-block-heading is-style-h2\">Was sind injizierbare Polynukleotide?<\/h2>\n\n\n\n<p>PN &#8211; HPT\u00ae (Polynukleotide \u2013 High Purification Technology) sind nat\u00fcrlichen Ursprungs und stammen von S\u00fc\u00dfwasserfischen, die f\u00fcr den menschlichen Verzehr bestimmt sind.<br><br>Polynukleotide sind Makromolek\u00fcle unserer DNA. Unsere DNA ist t\u00e4glich vielen Angriffen toxischer Einfl\u00fcssen ausgesetzt und befindet sich in einem permanenten Reparaturzustand. Sei es Sonne, Alkohol, Nikotin oder Feinstaub, unsere Haut ist permanent gefordert, dagegen anzuarbeiten. Polynukleotide sind hier das optimale Futter, damit unsere Haut diese Reparaturarbeiten leisten kann.<br><br>Sie spenden fehlende Bestandteile und\u2028<\/p>\n\n\n\n<ul class=\"wp-block-list\">\n<li>steigern die Kollagenproduktion<\/li>\n\n\n\n<li>fangen freie Radikale ab<\/li>\n\n\n\n<li>steigern die Lebensf\u00e4higkeit und Anzahl der Fibroblasten<\/li>\n<\/ul>\n\n\n\n<p>wodurch letztlich die Regeneration von gesch\u00e4digtem, atrophem und alterndem Gewebe und eine Verbesserung der Hautqualit\u00e4t erzielt werden kann.<\/p>\n\n\n\n<div style=\"height:61px\" aria-hidden=\"true\" class=\"wp-block-spacer\"><\/div>\n<\/div>\n\n\n\n<div class=\"hide-on-mobile wp-block-column is-layout-flow wp-block-column-is-layout-flow\" style=\"flex-basis:5%\"><\/div>\n\n\n\n<div class=\"hide-on-mobile wp-block-column is-layout-flow wp-block-column-is-layout-flow\" style=\"flex-basis:35.9%\">\n<figure class=\"wp-block-image size-full is-resized is-style-right-edge\"><img loading=\"lazy\" decoding=\"async\" width=\"2000\" height=\"1464\" src=\"https:\/\/www.schoenehaut.de\/wp-content\/uploads\/2026\/02\/AdobeStock_443766604_Preview.jpeg\" alt=\"\" class=\"wp-image-2420\" style=\"width:auto;height:900px\"\/><\/figure>\n<\/div>\n<\/div>\n<\/div>\n\n\n\n<div class=\"wp-block-columns is-style-medium-gap is-layout-flex wp-container-core-columns-is-layout-28f84493 wp-block-columns-is-layout-flex\">\n<div class=\"wp-block-column is-layout-flow wp-block-column-is-layout-flow\">\n<figure class=\"wp-block-image size-full is-style-rounded\"><img loading=\"lazy\" decoding=\"async\" width=\"2000\" height=\"1335\" src=\"https:\/\/www.schoenehaut.de\/wp-content\/uploads\/2026\/02\/AdobeStock_255775158_Preview.jpeg\" alt=\"\" class=\"wp-image-2412\"\/><\/figure>\n<\/div>\n\n\n\n<div class=\"wp-block-column is-layout-flow wp-block-column-is-layout-flow\">\n<h2 class=\"wp-block-heading\">F\u00fcr wen sind injizierbare Polynukleotide geeignet?<\/h2>\n\n\n\n<p>Sie bieten vielf\u00e4ltige Behandlungsm\u00f6glichkeiten und sind geeignet f\u00fcr:<\/p>\n\n\n\n<ul class=\"wp-block-list\">\n<li>Frauen und M\u00e4nner aller Hauttypen<\/li>\n\n\n\n<li>junge und reife Haut<\/li>\n\n\n\n<li>Menschen, die die Struktur ihrer Haut verbessern m\u00f6chten, z. B. bei Aknenarben oder lichtgesch\u00e4digter Haut<\/li>\n<\/ul>\n<\/div>\n<\/div>\n\n\n\n<div class=\"wp-block-columns is-style-medium-gap is-layout-flex wp-container-core-columns-is-layout-28f84493 wp-block-columns-is-layout-flex\">\n<div class=\"wp-block-column is-layout-flow wp-block-column-is-layout-flow\">\n<figure class=\"hide-on-desktop wp-block-image size-full is-resized is-style-default\" style=\"margin-top:var(--wp--preset--spacing--m);margin-bottom:var(--wp--preset--spacing--default)\"><img loading=\"lazy\" decoding=\"async\" width=\"2000\" height=\"2000\" src=\"https:\/\/www.schoenehaut.de\/wp-content\/uploads\/2026\/03\/Meike_Profilbils_Rund260316.png\" alt=\"\" class=\"wp-image-5625\" style=\"aspect-ratio:1;object-fit:contain;width:auto;height:400px\"\/><\/figure>\n\n\n\n<h2 class=\"wp-block-heading\">H\u00e4ufige Fragen<\/h2>\n\n\n\n<details class=\"wp-block-huishu-agentur-huishu-faq-block\"><summary><span>F\u00fcr welche Bereiche k\u00f6nnen Polynukleotide verwendet werden?<\/span><\/summary><div class=\"faq-details is-layout-flow\">\n<ul class=\"wp-block-list\">\n<li>Gesicht, einschlie\u00dflich Augenbereich<\/li>\n\n\n\n<li>Aknenarben<\/li>\n\n\n\n<li>Hals<\/li>\n\n\n\n<li>Dekollet\u00e9<\/li>\n\n\n\n<li>H\u00e4nde<\/li>\n\n\n\n<li>Haare.<\/li>\n<\/ul>\n<\/div><\/details>\n\n\n\n<details class=\"wp-block-huishu-agentur-huishu-faq-block\"><summary><span>Wie wirkt die Behandlung mit Polynukleotiden?<\/span><\/summary><div class=\"faq-details is-layout-flow\">\n<p>Es kommt zu einer Verbesserung oberfl\u00e4chlicher feiner Linien und F\u00e4ltchen sowie des Hauttones. Hautstruktur- und Elastizit\u00e4t werden verbessert; durch Reaktivierung der Zellerneuerung der Haut kommt es zu einem erstaunlichen Soforteffekt und deutlicher Reduktion der Downtime, wenn wir die Haut fraktioniert mit dem CO2-Laser behandeln oder eine <a href=\"https:\/\/www.schoenehaut.de\/institut\/potenza-radiofrequenz-needling\/\" data-type=\"page\" data-id=\"1018\">Potenza\u2122<\/a>&#8211; oder Mikroneedling-Behandlung durchf\u00fchren.<\/p>\n\n\n\n<p>Sie sind dadurch wesentlich schneller wieder gesellschaftsf\u00e4hig. Die Kosten f\u00fcr die gleichzeitige Behandlung mit Polynukleotiden liegen bei 99 \u20ac.<\/p>\n<\/div><\/details>\n\n\n\n<details class=\"wp-block-huishu-agentur-huishu-faq-block\"><summary><span>Gibt es verschiedene Polynukleotid-Produkte?<\/span><\/summary><div class=\"faq-details is-layout-flow\">\n<p>Ja, abh\u00e4ngig vom Anwendungsbereich und Hauttyp gibt es ma\u00dfgeschneiderte Polynukleotid-Produkte. Vor der Behandlung erfolgt eine Beratung bez\u00fcglich des Hauttyps und der Behandlungsziele, um das beste Produkt und Behandlungsprogramm zu w\u00e4hlen.<\/p>\n<\/div><\/details>\n\n\n\n<details class=\"wp-block-huishu-agentur-huishu-faq-block\"><summary><span>Wie l\u00e4uft eine Behandlung mit Polynukleotiden ab?<\/span><\/summary><div class=\"faq-details is-layout-flow\">\n<p>Nach einem ersten Beratungsgespr\u00e4ch mit Ihrer Behandlerin, bei dem wir sehr genau auf Ihre Ziele und W\u00fcnsche eingehen, dauert eine Behandlung gew\u00f6hnlich zwischen 15 und 20 Minuten. Wir verwenden f\u00fcr die Injektion der Polynukleotide die Nanosoft (R) Nadel, die eine besonders schonende Injektion garantiert und vor allem keine (!) blauen Flecken verursacht.<\/p>\n<\/div><\/details>\n\n\n\n<details class=\"wp-block-huishu-agentur-huishu-faq-block\"><summary><span>Wie viele Behandlungen mit Polynukleotiden sind notwendig?<\/span><\/summary><div class=\"faq-details is-layout-flow\">\n<p>Je nach gew\u00fcnschtem Ergebnis empfehlen wir:<\/p>\n\n\n\n<ul class=\"wp-block-list\">\n<li>1 Aufbauphase, die gew\u00f6hnlich 3 Behandlungen im Abstand von 2-3 Woche<\/li>\n<\/ul>\n\n\n\n<p>umfasst:<\/p>\n\n\n\n<ul class=\"wp-block-list\">\n<li>Auffrischungen etwa zwei- bis dreimal pro Jahr<\/li>\n<\/ul>\n<\/div><\/details>\n\n\n\n<details class=\"wp-block-huishu-agentur-huishu-faq-block\"><summary><span>Sind die Ergebnisse nach einer Polynukleotid-Behandlung sofort sichtbar?<\/span><\/summary><div class=\"faq-details is-layout-flow\">\n<p>Die Wirkung entfaltet sich schrittweise. Bereits nach der ersten Behandlung ist die positive Wirkung sichtbar, die Haut ist deutlich frischer und hydratisiert. Langfristig wird die Hautbarriere gest\u00e4rkt und die Haut vor sch\u00e4dlichen Umwelteinfl\u00fcssen gesch\u00fctzt, die Hautstruktur verbessert sich sichtbar.<\/p>\n<\/div><\/details>\n\n\n\n<details class=\"wp-block-huishu-agentur-huishu-faq-block\"><summary><span>Wie lange halten die Ergebnisse nach einer Polynukleotid-Behandlung an?<\/span><\/summary><div class=\"faq-details is-layout-flow\">\n<p>Um die erzielte Hautqualit\u00e4t nach der Aufbauphase aufrechtzuerhalten, empfehlen wir regelm\u00e4\u00dfige Auffrischungsbehandlungen, etwa zwei- bis dreimal pro Jahr, je nach Behandlung und Hautbeschaffenheit.<\/p>\n<\/div><\/details>\n\n\n\n<details class=\"wp-block-huishu-agentur-huishu-faq-block\"><summary><span>Bin ich direkt nach einer Polynukleotid-Behandlung gesellschaftsf\u00e4hig?<\/span><\/summary><div class=\"faq-details is-layout-flow\">\n<p>Nach der Behandlung kann vor\u00fcbergehend eine leichte R\u00f6tung oder Schwellung sichtbar sein, die sich sehr schnell wieder zur\u00fcckbildet. Sie k\u00f6nnen sofort wieder Ihrer normalen Besch\u00e4ftigung nachgehen.<\/p>\n<\/div><\/details>\n\n\n\n<details class=\"wp-block-huishu-agentur-huishu-faq-block\"><summary><span>Auf was sollte ich nach der Polynukleotid-Behandlung achten?<\/span><\/summary><div class=\"faq-details is-layout-flow\">\n<p>Am Tag der Behandlung sollten die behandelten Areale m\u00f6glichst f\u00fcr etwa 4 Stunden in Ruhe gelassen werden. Es sollte vermieden werden, sie mit den Fingern zu ber\u00fchren und initial sollte auch m\u00f6glichst auf Makeup verzichtet werden.<\/p>\n\n\n\n<p>Sp\u00e4ter darf das Areal gerne lymphableitend leicht massiert werden.<\/p>\n<\/div><\/details>\n<\/div>\n\n\n\n<div class=\"wp-block-column is-layout-flow wp-block-column-is-layout-flow\">\n<figure class=\"hide-on-mobile wp-block-image size-full is-resized is-style-rounded\"><img loading=\"lazy\" decoding=\"async\" width=\"2000\" height=\"2000\" src=\"https:\/\/www.schoenehaut.de\/wp-content\/uploads\/2026\/03\/Meike_Profilbils_Rund260316.png\" alt=\"\" class=\"wp-image-5625\" style=\"aspect-ratio:1;object-fit:contain;width:auto;height:500px\"\/><\/figure>\n<\/div>\n<\/div>\n\n\n\n<div class=\"wp-block-group alignfull has-white-background-color has-background has-global-padding is-layout-constrained wp-block-group-is-layout-constrained\">\n<div class=\"wp-block-columns is-layout-flex wp-container-core-columns-is-layout-f0342b05 wp-block-columns-is-layout-flex\" style=\"margin-top:0;margin-bottom:0\">\n<div class=\"hide-on-mobile wp-block-column is-layout-flow wp-block-column-is-layout-flow\" style=\"flex-basis:35.9%\">\n<figure class=\"wp-block-image size-full is-resized is-style-left-edge\"><img loading=\"lazy\" decoding=\"async\" width=\"826\" height=\"808\" src=\"https:\/\/www.schoenehaut.de\/wp-content\/uploads\/2026\/01\/Rectangle-2-1.png\" alt=\"\" class=\"wp-image-542\" style=\"width:auto;height:650px\"\/><\/figure>\n<\/div>\n\n\n\n<div class=\"hide-on-mobile wp-block-column is-layout-flow wp-block-column-is-layout-flow\" style=\"flex-basis:5%\"><\/div>\n\n\n\n<div class=\"wp-block-column is-layout-flow wp-block-column-is-layout-flow\" style=\"flex-basis:60%\">\n<div style=\"height:61px\" aria-hidden=\"true\" class=\"wp-block-spacer\"><\/div>\n\n\n\n<h2 class=\"wp-block-heading is-style-h2\">Wann sollte keine Behandlung mit injizierbaren Polynukleotiden durchgef\u00fchrt werden?<\/h2>\n\n\n\n<p>Eine Anwendung sollte nicht erfolgen bei Personen, bei denen eine \u00dcberempfindlichkeit gegen das Arzneimittel oder einen der sonstigen Bestandteile bekannt ist.<\/p>\n\n\n\n<p>Auch bei Infektionen an der vorgesehenen Injektionsstelle, z. B. bei Herpes oder starker Akne. Schwangere Frauen und stillende M\u00fctter sollten aus Vorsicht nicht behandelt werden.<\/p>\n\n\n\n<div style=\"height:61px\" aria-hidden=\"true\" class=\"wp-block-spacer\"><\/div>\n<\/div>\n<\/div>\n<\/div>\n\n\n\n<div class=\"wp-block-columns is-layout-flex wp-container-core-columns-is-layout-28f84493 wp-block-columns-is-layout-flex\">\n<div class=\"wp-block-column is-layout-flow wp-block-column-is-layout-flow\">\n<h2 class=\"wp-block-heading\">Weitere Behandlungen<\/h2>\n\n\n\n<div class=\"wp-block-group has-global-padding is-layout-constrained wp-block-group-is-layout-constrained\"><div class=\"schoenehaut-behandlungs-grid wp-block-schoenehaut-behandlungs-kacheln\"><a href=\"https:\/\/www.schoenehaut.de\/en\/aesthetik\/botulinumtoxin-botox\/\" class=\"behandlungs-tile\" aria-label=\"Botox\">\n                <img decoding=\"async\" src=\"https:\/\/www.schoenehaut.de\/wp-content\/uploads\/2026\/02\/AdobeStock_255775158_Preview.jpeg\" alt=\"\" class=\"tile-image\" aria-hidden=\"true\">\n                <span class=\"tile-title\">Botox<\/span>\n            <\/a><a href=\"https:\/\/www.schoenehaut.de\/en\/laser\/laserlifting-augenlidstraffung\/\" class=\"behandlungs-tile\" aria-label=\"Laserlifting\">\n                <img decoding=\"async\" src=\"https:\/\/www.schoenehaut.de\/wp-content\/uploads\/2026\/02\/AdobeStock_1448106743_Preview.jpeg\" alt=\"\" class=\"tile-image\" aria-hidden=\"true\">\n                <span class=\"tile-title\">Laserlifting<\/span>\n            <\/a><a href=\"https:\/\/www.schoenehaut.de\/en\/aesthetik\/hyaluron\/\" class=\"behandlungs-tile\" aria-label=\"Hyalurons\u00e4ure\">\n                <img decoding=\"async\" src=\"https:\/\/www.schoenehaut.de\/wp-content\/uploads\/2026\/02\/AdobeStock_953124479_Preview.jpeg\" alt=\"\" class=\"tile-image\" aria-hidden=\"true\">\n                <span class=\"tile-title\">Hyalurons\u00e4ure<\/span>\n            <\/a><\/div><\/div>\n<\/div>\n<\/div>\n","protected":false},"excerpt":{"rendered":"<p>Biostimulatoren bei SCH\u00d6NE HAUT Berlin: f\u00fcr nachhaltig vitale Haut Biostimulatoren wie Polynukleotide oder Exosomen stehen f\u00fcr eine moderne, regenerative Form der \u00e4sthetischen Medizin. Im Gegensatz zu klassischen Fillern ersetzen sie kein Volumen, sondern aktivieren die k\u00f6rpereigenen Reparatur- und Regenerationsprozesse der Haut. Ziel ist eine nachhaltige Verbesserung der Hautqualit\u00e4t von innen heraus. Alles auf einen Blick [&hellip;]<\/p>\n","protected":false},"author":1,"featured_media":0,"parent":743,"menu_order":1,"comment_status":"closed","ping_status":"closed","template":"","meta":{"footnotes":""},"class_list":["post-935","page","type-page","status-publish","hentry"],"_links":{"self":[{"href":"https:\/\/www.schoenehaut.de\/en\/wp-json\/wp\/v2\/pages\/935","targetHints":{"allow":["GET"]}}],"collection":[{"href":"https:\/\/www.schoenehaut.de\/en\/wp-json\/wp\/v2\/pages"}],"about":[{"href":"https:\/\/www.schoenehaut.de\/en\/wp-json\/wp\/v2\/types\/page"}],"author":[{"embeddable":true,"href":"https:\/\/www.schoenehaut.de\/en\/wp-json\/wp\/v2\/users\/1"}],"replies":[{"embeddable":true,"href":"https:\/\/www.schoenehaut.de\/en\/wp-json\/wp\/v2\/comments?post=935"}],"version-history":[{"count":32,"href":"https:\/\/www.schoenehaut.de\/en\/wp-json\/wp\/v2\/pages\/935\/revisions"}],"predecessor-version":[{"id":5725,"href":"https:\/\/www.schoenehaut.de\/en\/wp-json\/wp\/v2\/pages\/935\/revisions\/5725"}],"up":[{"embeddable":true,"href":"https:\/\/www.schoenehaut.de\/en\/wp-json\/wp\/v2\/pages\/743"}],"wp:attachment":[{"href":"https:\/\/www.schoenehaut.de\/en\/wp-json\/wp\/v2\/media?parent=935"}],"curies":[{"name":"wp","href":"https:\/\/api.w.org\/{rel}","templated":true}]}}