{"id":939,"date":"2026-01-29T14:53:19","date_gmt":"2026-01-29T13:53:19","guid":{"rendered":"https:\/\/www.schoenehaut.de\/?page_id=939"},"modified":"2026-03-24T16:46:13","modified_gmt":"2026-03-24T15:46:13","slug":"exosomen","status":"publish","type":"page","link":"https:\/\/www.schoenehaut.de\/en\/aesthetik\/biostimulation-mesotherapie\/exosomen\/","title":{"rendered":"Exosomen"},"content":{"rendered":"\n<div style=\"height:213px\" aria-hidden=\"true\" class=\"hide-on-mobile wp-block-spacer\"><\/div>\n\n\n\n<div style=\"height:100px\" aria-hidden=\"true\" class=\"hide-on-desktop wp-block-spacer\"><\/div>\n\n\n\n<div class=\"wp-block-columns is-style-big-gap is-layout-flex wp-container-core-columns-is-layout-28f84493 wp-block-columns-is-layout-flex\">\n<div class=\"wp-block-column is-layout-flow wp-block-column-is-layout-flow\"><div class=\"splide has-pagination-center is-style-portrait-contained wp-block-huishu-block-hu-splide-slider\" aria-labelledby=\"\" data-splide=\"{&quot;type&quot;:&quot;fade&quot;,&quot;perPage&quot;:1,&quot;arrows&quot;:true,&quot;autoplay&quot;:true,&quot;speed&quot;:1500,&quot;interval&quot;:4000,&quot;pagination&quot;:true,&quot;rewind&quot;:&quot;true&quot;}\">\n    <div class=\"splide__track\">\n        <ul class=\"splide__list\">\n\n<li class=\"wp-block-huishu-block-splide-slide splide__slide\">\n<figure class=\"wp-block-image size-full is-resized is-style-rounded\"><img loading=\"lazy\" decoding=\"async\" width=\"2000\" height=\"1813\" src=\"https:\/\/www.schoenehaut.de\/wp-content\/uploads\/2026\/02\/AdobeStock_640743577_Preview.jpeg\" alt=\"\" class=\"wp-image-2430\" style=\"aspect-ratio:2\/1;object-fit:cover;width:auto;height:896px\"\/><\/figure>\n<\/li>\n\n\n\n<li class=\"wp-block-huishu-block-splide-slide splide__slide\">\n<figure class=\"wp-block-image size-full is-resized is-style-rounded\"><img loading=\"lazy\" decoding=\"async\" width=\"2000\" height=\"1121\" src=\"https:\/\/www.schoenehaut.de\/wp-content\/uploads\/2026\/02\/AdobeStock_1541430423_Preview.jpeg\" alt=\"\" class=\"wp-image-2454\" style=\"aspect-ratio:2\/1;object-fit:cover;width:auto;height:896px\"\/><\/figure>\n<\/li>\n\n<\/ul>    <\/div>\n            <div class=\"splide__arrows \"><button class=\"splide__arrow splide__arrow--prev\">\n\t\t\t<i class=\"icon-chevron-left-slider\" aria-label=\"Zum vorherigen Slide\"><\/i>\n\t\t<\/button>\n\t\t<button class=\"splide__arrow splide__arrow--next\">\n\t\t\t<i class=\"icon-chevron-right-slider\" aria-label=\"Zum n\u00e4chsten Slide\"><\/i>\n\t\t<\/button><\/div>\n        <\/div><\/div>\n\n\n\n<div class=\"wp-block-column is-layout-flow wp-block-column-is-layout-flow\">\n<h2 class=\"wp-block-heading\">Exosomen<\/h2>\n\n\n\n<p>Exosomen sind extrazellul\u00e4re Vesikel, die verschiedene Wirkstoffe in die Zellen bringen und damit die Zellregeneration anregen.<\/p>\n\n\n\n<div class=\"wp-block-buttons is-layout-flex wp-block-buttons-is-layout-flex\">\n<div class=\"wp-block-button is-style-fill\"><a class=\"wp-block-button__link wp-element-button\" href=\"https:\/\/www.schoenehaut.de\/kontakt#kontakt\">Jetzt Termin buchen<\/a><\/div>\n<\/div>\n\n\n\n<div style=\"height:20px\" aria-hidden=\"true\" class=\"wp-block-spacer\"><\/div>\n\n\n\n<h2 class=\"wp-block-heading is-style-h3\">Alles auf einen Blick<\/h2>\n\n\n\n<figure class=\"wp-block-table is-style-details\"><table class=\"has-fixed-layout\"><tbody><tr><td><img loading=\"lazy\" decoding=\"async\" width=\"35\" height=\"35\" class=\"wp-image-4407\" style=\"width: 35px;\" src=\"https:\/\/www.schoenehaut.de\/wp-content\/uploads\/2026\/03\/Behandlungsdauer-Sanduhr.svg\" alt=\"\"> Behandlungsdauer:<\/td><td>je nach Areal 10-20min<\/td><\/tr><tr><td><img loading=\"lazy\" decoding=\"async\" width=\"35\" height=\"35\" class=\"wp-image-2745\" style=\"width: 35px;\" src=\"https:\/\/www.schoenehaut.de\/wp-content\/uploads\/2026\/02\/Schmerzen.svg\" alt=\"\"> Schmerzen:<\/td><td>sehr gering<\/td><\/tr><tr><td><img loading=\"lazy\" decoding=\"async\" width=\"35\" height=\"35\" class=\"wp-image-2742\" style=\"width: 35px;\" src=\"https:\/\/www.schoenehaut.de\/wp-content\/uploads\/2026\/02\/Einschraenkungen.svg\" alt=\"\"> Einschr\u00e4nkungen:<\/td><td>keine<\/td><\/tr><tr><td><img loading=\"lazy\" decoding=\"async\" width=\"35\" height=\"35\" class=\"wp-image-2747\" style=\"width: 35px;\" src=\"https:\/\/www.schoenehaut.de\/wp-content\/uploads\/2026\/02\/Wirkungseintritt.svg\" alt=\"\"> Wirkungseintritt:<\/td><td>sofort und verz\u00f6gert<\/td><\/tr><tr><td><img loading=\"lazy\" decoding=\"async\" width=\"35\" height=\"35\" class=\"wp-image-2746\" style=\"width: 35px;\" src=\"https:\/\/www.schoenehaut.de\/wp-content\/uploads\/2026\/02\/Wirkungsdauer.svg\" alt=\"\"> Wirkungsdauer:<\/td><td>mehrere Monate<\/td><\/tr><\/tbody><\/table><\/figure>\n<\/div>\n<\/div>\n\n\n\n<div class=\"wp-block-group alignfull has-white-background-color has-background has-global-padding is-layout-constrained wp-block-group-is-layout-constrained\">\n<div class=\"wp-block-columns is-layout-flex wp-container-core-columns-is-layout-f0342b05 wp-block-columns-is-layout-flex\" style=\"margin-top:0;margin-bottom:0\">\n<div class=\"wp-block-column is-layout-flow wp-block-column-is-layout-flow\" style=\"flex-basis:60%\">\n<div style=\"height:61px\" aria-hidden=\"true\" class=\"wp-block-spacer\"><\/div>\n\n\n\n<h2 class=\"wp-block-heading is-style-h2\">Was sind \u201eExosomen\u201c?<\/h2>\n\n\n\n<p>Exosomen sind winzige Zellvesikel, die von Pflanzenzellen produziert werden und eine wichtige Rolle bei der Zellkommunikation spielen, indem sie Proteine, RNA und andere Molek\u00fcle zwischen den Zellen transportieren.<br><br>Diese Exosomen werden aufwendig aus pflanzlichen Organismen im Labor gewonnen und f\u00fcr die Anwendung auf der Haut oder der Kopfhaut aufbereitet.<\/p>\n\n\n\n<div style=\"height:61px\" aria-hidden=\"true\" class=\"wp-block-spacer\"><\/div>\n<\/div>\n\n\n\n<div class=\"hide-on-mobile wp-block-column is-layout-flow wp-block-column-is-layout-flow\" style=\"flex-basis:5%\"><\/div>\n\n\n\n<div class=\"hide-on-mobile wp-block-column is-layout-flow wp-block-column-is-layout-flow\" style=\"flex-basis:35.9%\">\n<figure class=\"wp-block-image size-full is-resized is-style-right-edge\"><img loading=\"lazy\" decoding=\"async\" width=\"2000\" height=\"1055\" src=\"https:\/\/www.schoenehaut.de\/wp-content\/uploads\/2026\/02\/istockphoto-2211764441-2048x2048-1.jpg\" alt=\"\" class=\"wp-image-2554\" style=\"width:auto;height:500px\"\/><\/figure>\n<\/div>\n<\/div>\n<\/div>\n\n\n\n<div class=\"wp-block-columns is-style-medium-gap is-layout-flex wp-container-core-columns-is-layout-28f84493 wp-block-columns-is-layout-flex\">\n<div class=\"wp-block-column is-layout-flow wp-block-column-is-layout-flow\">\n<figure class=\"wp-block-image size-full is-style-rounded\"><img loading=\"lazy\" decoding=\"async\" width=\"2000\" height=\"1334\" src=\"https:\/\/www.schoenehaut.de\/wp-content\/uploads\/2026\/01\/RL01202_6881.jpg\" alt=\"\" class=\"wp-image-906\"\/><\/figure>\n<\/div>\n\n\n\n<div class=\"wp-block-column is-layout-flow wp-block-column-is-layout-flow\">\n<h2 class=\"wp-block-heading\">Wie werden Exosomen in die Haut gebracht?<\/h2>\n\n\n\n<p>Mittels Laser (C02), Microneedling, <a href=\"https:\/\/www.schoenehaut.de\/institut\/potenza-radiofrequenz-needling\/\" data-type=\"page\" data-id=\"1018\">Potenza\u2122<\/a> (Radiofrequenz-Microneedling) oder einer Mesotherapie werden kleine Kan\u00e4le in der Haut erzeugt, sodass die Exosomen in die mittleren Hautschichten gelangen, in denen sie die optimale Wirkung erzielen k\u00f6nnen. Bei Haarausfall werden die Exosomen h\u00e4ndisch mit Spritzen in die Kopfhaut appliziert.<\/p>\n<\/div>\n<\/div>\n\n\n\n<div class=\"wp-block-columns is-style-medium-gap is-layout-flex wp-container-core-columns-is-layout-28f84493 wp-block-columns-is-layout-flex\">\n<div class=\"wp-block-column is-layout-flow wp-block-column-is-layout-flow\">\n<figure class=\"hide-on-desktop wp-block-image size-full is-resized is-style-default\" style=\"margin-top:var(--wp--preset--spacing--m);margin-bottom:var(--wp--preset--spacing--default)\"><img loading=\"lazy\" decoding=\"async\" width=\"2000\" height=\"2000\" src=\"https:\/\/www.schoenehaut.de\/wp-content\/uploads\/2026\/03\/Meike_Profilbils_Rund260316.png\" alt=\"\" class=\"wp-image-5625\" style=\"aspect-ratio:1;object-fit:contain;width:auto;height:400px\"\/><\/figure>\n\n\n\n<h2 class=\"wp-block-heading\">h\u00c4UFIGE fRAGEN<\/h2>\n\n\n\n<details class=\"wp-block-huishu-agentur-huishu-faq-block\"><summary><span>Welche Wirkung haben Exosomen?<\/span><\/summary><div class=\"faq-details is-layout-flow\">\n<ul class=\"wp-block-list\">\n<li>Reduzieren feine Linien und F\u00e4ltchen<\/li>\n\n\n\n<li>Hydratation und Verbesserung der Hautstruktur<\/li>\n\n\n\n<li>Unterst\u00fctzung der Wundheilung<\/li>\n\n\n\n<li>Verbesserung der Aknenarben<\/li>\n\n\n\n<li>Haarwachstumsf\u00f6rderung bei bestimmten Formen des Haarausfalls<\/li>\n<\/ul>\n<\/div><\/details>\n\n\n\n<details class=\"wp-block-huishu-agentur-huishu-faq-block\"><summary><span>F\u00fcr wen sind Exosomen geeignet?<\/span><\/summary><div class=\"faq-details is-layout-flow\">\n<p>Sie bieten vielf\u00e4ltige Behandlungsm\u00f6glichkeiten und sind geeignet f\u00fcr:<\/p>\n\n\n\n<ul class=\"wp-block-list\">\n<li>Frauen und M\u00e4nner aller Hauttypen<\/li>\n\n\n\n<li>junge und reife Haut<\/li>\n\n\n\n<li>Menschen, die die Struktur ihrer Haut verbessern m\u00f6chten, z. B. bei Aknenarben oder lichtgesch\u00e4digter Haut<\/li>\n<\/ul>\n<\/div><\/details>\n\n\n\n<details class=\"wp-block-huishu-agentur-huishu-faq-block\"><summary><span>Von wem sollten Sie die Behandlung durchf\u00fchren lassen?<\/span><\/summary><div class=\"faq-details is-layout-flow\">\n<p>Die Behandlung sollte ausschlie\u00dflich von qualifizierten Behandler*innen durchgef\u00fchrt werden. Es steht eine Reihe verschiedener Injektionstechniken und Applikationshilfen zur Verf\u00fcgung, mit denen auf Ihre individuellen Bed\u00fcrfnisse eingegangen werden kann.<\/p>\n<\/div><\/details>\n\n\n\n<details class=\"wp-block-huishu-agentur-huishu-faq-block\"><summary><span>Wie h\u00e4ufig wird die Behandlung durchgef\u00fchrt?<\/span><\/summary><div class=\"faq-details is-layout-flow\">\n<p>F\u00fcr eine optimale Wirksamkeit empfehlen wir, die Behandlung in regelm\u00e4\u00dfigen Abst\u00e4nden zu wiederholen. Wir empfehlen eine Kur \u00fcber 3-5 Behandlungen im Abstand von 4 Wochen. Anschlie\u00dfend kann zweimal im Jahr eine Auffrischungsbehandlung erfolgen, um den Behandlungserfolg langfristig zu erhalten.<\/p>\n<\/div><\/details>\n\n\n\n<details class=\"wp-block-huishu-agentur-huishu-faq-block\"><summary><span>Ist die Behandlung gut vertr\u00e4glich?<\/span><\/summary><div class=\"faq-details is-layout-flow\">\n<p>Die von uns verwendeten Produkte sind 100 % made in Europe und haben ein sehr geringes Risiko f\u00fcr unerw\u00fcnschte Ereignisse.<\/p>\n<\/div><\/details>\n\n\n\n<details class=\"wp-block-huishu-agentur-huishu-faq-block\"><summary><span>Gibt es verschiedene Produkte?<\/span><\/summary><div class=\"faq-details is-layout-flow\">\n<p>Je nach Hauttyp und Einsatzgebiet gibt es ma\u00dfgeschneiderte Produkte. Vor der Behandlung erfolgt eine Beratung bez\u00fcglich des Hauttyps und der Behandlungsziele, um das am besten geeignete Produkt und Behandlungsprogramm zu w\u00e4hlen.<\/p>\n<\/div><\/details>\n\n\n\n<details class=\"wp-block-huishu-agentur-huishu-faq-block\"><summary><span>Sind die Ergebnisse der Behandlung sofort sichtbar?<\/span><\/summary><div class=\"faq-details is-layout-flow\">\n<p>Die Wirkung entfaltet sich schrittweise. Obwohl bereits nach der ersten Behandlung die positive Wirkung sichtbar werden kann, sind meist mehrere Sitzungen erforderlich, bis das gew\u00fcnschte Ergebnis vollst\u00e4ndig erreicht ist. Des Weiteren ist das Ergebnis vom Anwendungsbereich und der Hautbeschaffenheit der\/des Patienten*in abh\u00e4ngig.<\/p>\n<\/div><\/details>\n\n\n\n<details class=\"wp-block-huishu-agentur-huishu-faq-block\"><summary><span>Wie lange halten die Ergebnisse an?<\/span><\/summary><div class=\"faq-details is-layout-flow\">\n<p>Die Wirkung von Exosomen-Behandlungen h\u00e4lt in der Regel etwa 6 bis 12 Monate an, kann aber je nach individuellen Faktoren und regelm\u00e4\u00dfiger Auffrischung auch l\u00e4nger sein. Die Ergebnisse verbessern sich mit jeder Anwendung und die Regeneration setzt sich \u00fcber die eigentliche Behandlungsdauer hinaus fort. Regelm\u00e4\u00dfige Wiederholungen werden empfohlen, um die Effekte zu stabilisieren und zu verst\u00e4rken.<\/p>\n<\/div><\/details>\n\n\n\n<details class=\"wp-block-huishu-agentur-huishu-faq-block\"><summary><span>Auf was sollte ich nach der Behandlung achten?<\/span><\/summary><div class=\"faq-details is-layout-flow\">\n<p>Auf intensive sportliche Aktivit\u00e4ten, schwere k\u00f6rperliche Arbeit und Saunabesuche sollte einige Tage verzichtet werden. Auch ausgepr\u00e4gte K\u00e4lteexposition und UV-Strahlung sollten anf\u00e4nglich nach der Behandlung gemieden werden.<\/p>\n<\/div><\/details>\n<\/div>\n\n\n\n<div class=\"wp-block-column is-layout-flow wp-block-column-is-layout-flow\">\n<figure class=\"hide-on-mobile wp-block-image size-full is-resized is-style-rounded\"><img loading=\"lazy\" decoding=\"async\" width=\"2000\" height=\"2000\" src=\"https:\/\/www.schoenehaut.de\/wp-content\/uploads\/2026\/03\/Meike_Profilbils_Rund260316.png\" alt=\"\" class=\"wp-image-5625\" style=\"aspect-ratio:1;object-fit:contain;width:auto;height:500px\"\/><\/figure>\n<\/div>\n<\/div>\n\n\n\n<div class=\"wp-block-columns is-layout-flex wp-container-core-columns-is-layout-28f84493 wp-block-columns-is-layout-flex\">\n<div class=\"wp-block-column is-layout-flow wp-block-column-is-layout-flow\">\n<h2 class=\"wp-block-heading\">Weitere Behandlungen<\/h2>\n\n\n\n<div class=\"wp-block-group has-global-padding is-layout-constrained wp-block-group-is-layout-constrained\"><div class=\"schoenehaut-behandlungs-grid wp-block-schoenehaut-behandlungs-kacheln\"><a href=\"https:\/\/www.schoenehaut.de\/en\/aesthetik\/botulinumtoxin-botox\/\" class=\"behandlungs-tile\" aria-label=\"Botox\">\n                <img decoding=\"async\" src=\"https:\/\/www.schoenehaut.de\/wp-content\/uploads\/2026\/02\/AdobeStock_255775158_Preview.jpeg\" alt=\"\" class=\"tile-image\" aria-hidden=\"true\">\n                <span class=\"tile-title\">Botox<\/span>\n            <\/a><a href=\"https:\/\/www.schoenehaut.de\/en\/laser\/laserlifting-augenlidstraffung\/\" class=\"behandlungs-tile\" aria-label=\"Laserlifting\">\n                <img decoding=\"async\" src=\"https:\/\/www.schoenehaut.de\/wp-content\/uploads\/2026\/02\/AdobeStock_1448106743_Preview.jpeg\" alt=\"\" class=\"tile-image\" aria-hidden=\"true\">\n                <span class=\"tile-title\">Laserlifting<\/span>\n            <\/a><a href=\"https:\/\/www.schoenehaut.de\/en\/aesthetik\/hyaluron\/\" class=\"behandlungs-tile\" aria-label=\"Hyalurons\u00e4ure\">\n                <img decoding=\"async\" src=\"https:\/\/www.schoenehaut.de\/wp-content\/uploads\/2026\/02\/AdobeStock_953124479_Preview.jpeg\" alt=\"\" class=\"tile-image\" aria-hidden=\"true\">\n                <span class=\"tile-title\">Hyalurons\u00e4ure<\/span>\n            <\/a><\/div><\/div>\n<\/div>\n<\/div>\n","protected":false},"excerpt":{"rendered":"<p>Exosomen Exosomen sind extrazellul\u00e4re Vesikel, die verschiedene Wirkstoffe in die Zellen bringen und damit die Zellregeneration anregen. Alles auf einen Blick Behandlungsdauer: je nach Areal 10-20min Schmerzen: sehr gering Einschr\u00e4nkungen: keine Wirkungseintritt: sofort und verz\u00f6gert Wirkungsdauer: mehrere Monate Was sind \u201eExosomen\u201c? Exosomen sind winzige Zellvesikel, die von Pflanzenzellen produziert werden und eine wichtige Rolle bei [&hellip;]<\/p>\n","protected":false},"author":1,"featured_media":0,"parent":743,"menu_order":3,"comment_status":"closed","ping_status":"closed","template":"","meta":{"footnotes":""},"class_list":["post-939","page","type-page","status-publish","hentry"],"_links":{"self":[{"href":"https:\/\/www.schoenehaut.de\/en\/wp-json\/wp\/v2\/pages\/939","targetHints":{"allow":["GET"]}}],"collection":[{"href":"https:\/\/www.schoenehaut.de\/en\/wp-json\/wp\/v2\/pages"}],"about":[{"href":"https:\/\/www.schoenehaut.de\/en\/wp-json\/wp\/v2\/types\/page"}],"author":[{"embeddable":true,"href":"https:\/\/www.schoenehaut.de\/en\/wp-json\/wp\/v2\/users\/1"}],"replies":[{"embeddable":true,"href":"https:\/\/www.schoenehaut.de\/en\/wp-json\/wp\/v2\/comments?post=939"}],"version-history":[{"count":18,"href":"https:\/\/www.schoenehaut.de\/en\/wp-json\/wp\/v2\/pages\/939\/revisions"}],"predecessor-version":[{"id":5652,"href":"https:\/\/www.schoenehaut.de\/en\/wp-json\/wp\/v2\/pages\/939\/revisions\/5652"}],"up":[{"embeddable":true,"href":"https:\/\/www.schoenehaut.de\/en\/wp-json\/wp\/v2\/pages\/743"}],"wp:attachment":[{"href":"https:\/\/www.schoenehaut.de\/en\/wp-json\/wp\/v2\/media?parent=939"}],"curies":[{"name":"wp","href":"https:\/\/api.w.org\/{rel}","templated":true}]}}