{"id":941,"date":"2026-01-29T14:54:20","date_gmt":"2026-01-29T13:54:20","guid":{"rendered":"https:\/\/www.schoenehaut.de\/?page_id=941"},"modified":"2026-03-24T16:48:34","modified_gmt":"2026-03-24T15:48:34","slug":"vampire-lift-prp","status":"publish","type":"page","link":"https:\/\/www.schoenehaut.de\/en\/aesthetik\/biostimulation-mesotherapie\/vampire-lift-prp\/","title":{"rendered":"Vampire Lift (PRP)"},"content":{"rendered":"\n<div style=\"height:213px\" aria-hidden=\"true\" class=\"hide-on-mobile wp-block-spacer\"><\/div>\n\n\n\n<div style=\"height:100px\" aria-hidden=\"true\" class=\"hide-on-desktop wp-block-spacer\"><\/div>\n\n\n\n<div class=\"wp-block-columns is-style-big-gap is-layout-flex wp-container-core-columns-is-layout-28f84493 wp-block-columns-is-layout-flex\">\n<div class=\"wp-block-column is-layout-flow wp-block-column-is-layout-flow\"><div class=\"splide has-pagination-center is-style-portrait-contained wp-block-huishu-block-hu-splide-slider\" aria-labelledby=\"\" data-splide=\"{&quot;type&quot;:&quot;loop&quot;,&quot;perPage&quot;:1,&quot;arrows&quot;:false,&quot;autoplay&quot;:false,&quot;speed&quot;:1400,&quot;interval&quot;:4000,&quot;pagination&quot;:true,&quot;rewind&quot;:&quot;false&quot;}\">\n    <div class=\"splide__track\">\n        <ul class=\"splide__list\">\n\n<li class=\"wp-block-huishu-block-splide-slide splide__slide\">\n<figure class=\"wp-block-image size-full is-resized is-style-rounded\"><img loading=\"lazy\" decoding=\"async\" width=\"2000\" height=\"1125\" src=\"https:\/\/www.schoenehaut.de\/wp-content\/uploads\/2026\/01\/Querformat-9.jpg\" alt=\"\" class=\"wp-image-880\" style=\"aspect-ratio:2\/1;object-fit:cover;width:auto;height:896px\"\/><\/figure>\n<\/li>\n\n<\/ul>    <\/div>\n    <\/div><\/div>\n\n\n\n<div class=\"wp-block-column is-layout-flow wp-block-column-is-layout-flow\">\n<h1 class=\"wp-block-heading is-style-h4 has-large-font-size\">Vampir Lifting: <\/h1>\n\n\n\n<h2 class=\"wp-block-heading\" style=\"margin-top:var(--wp--preset--spacing--subtitle)\">Ablauf und Wirkung der PRP-Therapie<\/h2>\n\n\n\n<p class=\"has-large-font-size\">Was ist ein \u201eVampir Lifting\u201c?<\/p>\n\n\n\n<p>Das \u201eVampir Lifting\u201c, die sog. PRP-Plasmatherapie (Platelet-Rich-Plasma = pl\u00e4ttchenreiches Plasma), ist eine Innovation im Bereich der \u00e4sthetischen Medizin zur Hautverj\u00fcngung und Biostimulation. Bei der Behandlung wird Eigenblut mittels Blutentnahme gewonnen, speziell aufbereitet und nach spezieller Vorbereitung der Haut (z. B. durch Needling oder Peeling) auf die Haut aufgetragen.<\/p>\n\n\n\n<div class=\"wp-block-buttons is-layout-flex wp-block-buttons-is-layout-flex\">\n<div class=\"wp-block-button is-style-fill\"><a class=\"wp-block-button__link wp-element-button\" href=\"https:\/\/www.schoenehaut.de\/kontakt#kontakt\">Jetzt Termin buchen<\/a><\/div>\n<\/div>\n\n\n\n<div style=\"height:20px\" aria-hidden=\"true\" class=\"wp-block-spacer\"><\/div>\n\n\n\n<h2 class=\"wp-block-heading is-style-h3\">Alles auf einen Blick<\/h2>\n\n\n\n<figure class=\"wp-block-flexible-table-block-table is-style-align-middle\"><table class=\"has-fixed-layout is-stacked-on-mobile\"><tbody><tr><th scope=\"row\"><img loading=\"lazy\" decoding=\"async\" width=\"35\" height=\"35\" class=\"wp-image-4407\" style=\"width: 35px;\" src=\"https:\/\/www.schoenehaut.de\/wp-content\/uploads\/2026\/03\/Behandlungsdauer-Sanduhr.svg\" alt=\"\"> Behandlungsdauer:<\/th><td>ca. 90 min<\/td><\/tr><tr><th scope=\"row\"><img loading=\"lazy\" decoding=\"async\" width=\"35\" height=\"35\" class=\"wp-image-2745\" style=\"width: 35px;\" src=\"https:\/\/www.schoenehaut.de\/wp-content\/uploads\/2026\/02\/Schmerzen.svg\" alt=\"\"> Schmerzen:<\/th><td>leicht<\/td><\/tr><tr><th scope=\"row\"><img loading=\"lazy\" decoding=\"async\" width=\"35\" height=\"35\" class=\"wp-image-2741\" style=\"width: 35px;\" src=\"https:\/\/www.schoenehaut.de\/wp-content\/uploads\/2026\/02\/Betraeubung.svg\" alt=\"\"> Bet\u00e4ubung:<\/th><td>An\u00e4sthesiecreme<\/td><\/tr><tr><th scope=\"row\"><img loading=\"lazy\" decoding=\"async\" width=\"35\" height=\"35\" class=\"wp-image-2743\" style=\"width: 35px;\" src=\"https:\/\/www.schoenehaut.de\/wp-content\/uploads\/2026\/02\/Gesellschaftsfaehigkeit.svg\" alt=\"\"> Gesellschaftsf\u00e4higkeit:<\/th><td>leichte Schwellungen, R\u00f6tungen, ggf. leichter Schorf oder leichte Einblutungen<\/td><\/tr><tr><th scope=\"row\"><img loading=\"lazy\" decoding=\"async\" width=\"35\" height=\"35\" class=\"wp-image-2742\" style=\"width: 35px;\" src=\"https:\/\/www.schoenehaut.de\/wp-content\/uploads\/2026\/02\/Einschraenkungen.svg\" alt=\"\"> Einschr\u00e4nkungen:<\/th><td>3 Tage kein Sport, 1 Woche keine hei\u00dfen Vollb\u00e4der, Sauna, s\u00e4urehaltige Kosmetika, 2 Wochen kein Solarium oder direkte Sonnenbestrahlung<\/td><\/tr><tr><th scope=\"row\"><img loading=\"lazy\" decoding=\"async\" width=\"35\" height=\"35\" class=\"wp-image-2747\" style=\"width: 35px;\" src=\"https:\/\/www.schoenehaut.de\/wp-content\/uploads\/2026\/02\/Wirkungseintritt.svg\" alt=\"\"> Wirkungseintritt:<\/th><td>nach ca. 4 Wochen<\/td><\/tr><tr><th scope=\"row\"><img loading=\"lazy\" decoding=\"async\" width=\"35\" height=\"35\" class=\"wp-image-2746\" style=\"width: 35px;\" src=\"https:\/\/www.schoenehaut.de\/wp-content\/uploads\/2026\/02\/Wirkungsdauer.svg\" alt=\"\"> Wirkungsdauer:<\/th><td>1-3 Jahre<\/td><\/tr><tr><th scope=\"row\"><img loading=\"lazy\" decoding=\"async\" width=\"35\" height=\"35\" class=\"wp-image-2744\" style=\"width: 35px;\" src=\"https:\/\/www.schoenehaut.de\/wp-content\/uploads\/2026\/02\/Kosten.svg\" alt=\"\"> Kosten:<\/th><td>individuell ab 350\u20ac<\/td><\/tr><\/tbody><\/table><\/figure>\n<\/div>\n<\/div>\n\n\n\n<div class=\"wp-block-group alignfull has-white-background-color has-background has-global-padding is-layout-constrained wp-block-group-is-layout-constrained\">\n<div class=\"wp-block-columns is-layout-flex wp-container-core-columns-is-layout-f0342b05 wp-block-columns-is-layout-flex\" style=\"margin-top:0;margin-bottom:0\">\n<div class=\"wp-block-column is-layout-flow wp-block-column-is-layout-flow\" style=\"flex-basis:60%\">\n<div style=\"height:61px\" aria-hidden=\"true\" class=\"wp-block-spacer\"><\/div>\n\n\n\n<h2 class=\"wp-block-heading is-style-h2\">Wie wirkt das Vampir Lifting?<\/h2>\n\n\n\n<p>Die Technik stammt aus der Regenerationsmedizin und der Stammzellforschung. Das aufbereitete Blutplasma regt die Zellerneuerung an, indem es das Wachstum von Kollagen sowie Haut- und Unterhautzellen stimuliert.<\/p>\n\n\n\n<p>Die Unterspritzung der Haut mit PRP f\u00fchrt zur Aktivierung von Bindegewebszellen (sog. Fibroblasten), die die Produktion von Elastin und Kollagen anregen. Zudem lockt das Unterspritzen von PRP-Stammzellen des Bindegewebes an, die den nat\u00fcrlichen Prozess der Geweberegeneration mit Kollagenneubildung aktivieren. Die Hyalurons\u00e4ure-Bildung steigt, womit vermehrt Wasser gebunden und Feuchtigkeit gespeichert wird. Das Ergebnis der PRP-Therapie ist ein verbessertes, gegl\u00e4ttetes Hautbild mit einer Erneuerung der Haut und des Bindegewebes von innen.<\/p>\n\n\n\n<div style=\"height:61px\" aria-hidden=\"true\" class=\"wp-block-spacer\"><\/div>\n<\/div>\n\n\n\n<div class=\"hide-on-mobile wp-block-column is-layout-flow wp-block-column-is-layout-flow\" style=\"flex-basis:5%\"><\/div>\n\n\n\n<div class=\"hide-on-mobile wp-block-column is-layout-flow wp-block-column-is-layout-flow\" style=\"flex-basis:35.9%\">\n<figure class=\"wp-block-image size-full is-resized is-style-right-edge\"><img loading=\"lazy\" decoding=\"async\" width=\"2000\" height=\"1107\" src=\"https:\/\/www.schoenehaut.de\/wp-content\/uploads\/2026\/02\/Bilder-Quer-11.jpg\" alt=\"\" class=\"wp-image-2529\" style=\"width:auto;height:600px\"\/><\/figure>\n<\/div>\n<\/div>\n<\/div>\n\n\n\n<div class=\"wp-block-columns is-style-medium-gap is-layout-flex wp-container-core-columns-is-layout-28f84493 wp-block-columns-is-layout-flex\">\n<div class=\"wp-block-column is-layout-flow wp-block-column-is-layout-flow\">\n<figure class=\"hide-on-mobile wp-block-image size-full is-resized is-style-rounded\"><img loading=\"lazy\" decoding=\"async\" width=\"2000\" height=\"2000\" src=\"https:\/\/www.schoenehaut.de\/wp-content\/uploads\/2026\/03\/Meike_Profilbils_Rund260316.png\" alt=\"\" class=\"wp-image-5625\" style=\"aspect-ratio:1;object-fit:contain;width:auto;height:500px\"\/><\/figure>\n<\/div>\n\n\n\n<div class=\"wp-block-column is-layout-flow wp-block-column-is-layout-flow\">\n<figure class=\"hide-on-desktop wp-block-image size-full is-resized is-style-default\" style=\"margin-top:var(--wp--preset--spacing--m);margin-bottom:var(--wp--preset--spacing--default)\"><img loading=\"lazy\" decoding=\"async\" width=\"2000\" height=\"2000\" src=\"https:\/\/www.schoenehaut.de\/wp-content\/uploads\/2026\/03\/Meike_Profilbils_Rund260316.png\" alt=\"\" class=\"wp-image-5625\" style=\"aspect-ratio:1;object-fit:contain;width:auto;height:400px\"\/><\/figure>\n\n\n\n<h2 class=\"wp-block-heading\">H\u00e4ufige Fragen<\/h2>\n\n\n\n<details class=\"wp-block-huishu-agentur-huishu-faq-block\"><summary><span>Welche Bereiche k\u00f6nnen mit einem Vampir Lifting behandelt werden?<\/span><\/summary><div class=\"faq-details is-layout-flow\">\n<ul class=\"wp-block-list\">\n<li>Gesicht<\/li>\n\n\n\n<li>Hals<\/li>\n\n\n\n<li>Dekollet\u00e9<\/li>\n\n\n\n<li>Kopfhaut<\/li>\n\n\n\n<li>Handr\u00fccken<\/li>\n\n\n\n<li>Schwangerschafts- und Dehnungsstreifen<\/li>\n\n\n\n<li>OP- und Verletzungsnarben<\/li>\n\n\n\n<li>Aknenarben<\/li>\n<\/ul>\n<\/div><\/details>\n\n\n\n<details class=\"wp-block-huishu-agentur-huishu-faq-block\"><summary><span>Welche Wirkung kann ich nach einem Vampir Lifting erwarten?<\/span><\/summary><div class=\"faq-details is-layout-flow\">\n<ul class=\"wp-block-list\">\n<li>Verbesserung des Hautbildes, Hautstraffung, Faltengl\u00e4ttung<\/li>\n\n\n\n<li>Verbesserung des Hautbildes im Bereich des Halses und des Dekollet\u00e9s<\/li>\n\n\n\n<li>Schnelle Hautabheilung nach Laser- oder Peeling-Behandlungen<\/li>\n\n\n\n<li>Minderung von <a href=\"https:\/\/www.schoenehaut.de\/aesthetik\/hyaluron\/augenringe\/\" data-type=\"page\" data-id=\"924\">Augenringen<\/a><\/li>\n\n\n\n<li>Stimulierung des Haarwachstums<\/li>\n<\/ul>\n<\/div><\/details>\n\n\n\n<details class=\"wp-block-huishu-agentur-huishu-faq-block\"><summary><span>Was bewirkt ein Vampir Lifting bei dunklen <a href=\"https:\/\/www.schoenehaut.de\/aesthetik\/hyaluron\/augenringe\/\" data-type=\"page\" data-id=\"924\">Augenringen?<\/a><\/span><\/summary><div class=\"faq-details is-layout-flow\">\n<p>Die Partie um die Augen ist besonders fragil und kann durch eine gest\u00f6rte Mikrozirkulation eine bl\u00e4uliche F\u00e4rbung erfahren. Wachstumsfaktoren im k\u00f6rpereigenen Blutkonzentrat (PRP) stimulieren die Mikroblutzirkulation um die Augenpartie, sodass die Helligkeit verbessert wird und die Haut um die Augen an St\u00e4rke wiedergewinnt.<\/p>\n<\/div><\/details>\n\n\n\n<details class=\"wp-block-huishu-agentur-huishu-faq-block\"><summary><span>Was bewirkt ein Vampir Lifting bei Haarausfall?<\/span><\/summary><div class=\"faq-details is-layout-flow\">\n<p>Injektionen von PRP in die Kopfhaut stimulieren die Stammzellen in den Haarwurzeln und die Mikrozirkulation durch Bildung neuer Blutgef\u00e4\u00dfe. Dadurch wird der Haarwuchs unterst\u00fctzt.<\/p>\n<\/div><\/details>\n\n\n\n<details class=\"wp-block-huishu-agentur-huishu-faq-block\"><summary><span>Was ist das \u201eCellular Matrix Gel\u201c?<\/span><\/summary><div class=\"faq-details is-layout-flow\">\n<p>Ein neues Verfahren des Vampir Liftings erlaubt es jetzt, noch bessere Ergebnisse zu erzielen. Hierbei enth\u00e4lt das Blutr\u00f6hrchen 2 ml unvernetzte <a href=\"https:\/\/www.schoenehaut.de\/aesthetik\/hyaluron\/\" data-type=\"page\" data-id=\"737\">Hyalurons\u00e4ure,<\/a> welches dem PRP beigemischt wird. Mit diesem Verfahren ist es m\u00f6glich, der Haut eine sehr hohe Menge an Feuchtigkeit und N\u00e4hrstoffen zuzuf\u00fchren.<\/p>\n\n\n\n<p>Ein weiterer Vorteil ist die hohe Viskosit\u00e4t des Plasma-Hyalurons\u00e4ure-Gels. Dabei werden die Thrombozyten und die Wachstumsfaktoren im Gel eingeschlossen und verbleiben \u00fcber l\u00e4ngere Zeit an der Injektionsstelle, wodurch sich die Wirkdauer des PRP erh\u00f6ht.<\/p>\n<\/div><\/details>\n\n\n\n<details class=\"wp-block-huishu-agentur-huishu-faq-block\"><summary><span>Wie l\u00e4uft ein Vampir Lifting ab?<\/span><\/summary><div class=\"faq-details is-layout-flow\">\n<p>Zun\u00e4chst wird Blut aus der Armvene entnommen und in einem speziellen R\u00f6hrchen zentrifugiert. Anschlie\u00dfend wird das aktivierte Plasma auf die vorbereitete Haut aufgetragen.<\/p>\n<\/div><\/details>\n\n\n\n<details class=\"wp-block-huishu-agentur-huishu-faq-block\"><summary><span>Wie viele Vampir Liftings sind notwendig?<\/span><\/summary><div class=\"faq-details is-layout-flow\">\n<p>F\u00fcr ein effektives und lang anhaltendes Ergebnis sollten 3 Behandlungen im Abstand von 4 Wochen erfolgen. Anschlie\u00dfend reichen j\u00e4hrliche Auffrischungen, um das Ergebnis zu erhalten.<\/p>\n<\/div><\/details>\n\n\n\n<details class=\"wp-block-huishu-agentur-huishu-faq-block\"><summary><span>Was sollte vor und nach einem Vampir Lifting beachtet werden?<\/span><\/summary><div class=\"faq-details is-layout-flow\">\n<p>Vor der PRP-Behandlung sollten mindestens 10 Tage kein Aspirin oder andere Blutverd\u00fcnner eingenommen werden, um Blutungen und Bluterg\u00fcsse zu vermeiden. Nach der Behandlung sollten f\u00fcr mindestens 6 Wochen starkes Sonnenlicht und Solarien gemieden werden.<\/p>\n<\/div><\/details>\n\n\n\n<details class=\"wp-block-huishu-agentur-huishu-faq-block\"><summary><span>Welche Komplikationen und Nebenwirkungen k\u00f6nnen beim Vampir Lifting auftreten?<\/span><\/summary><div class=\"faq-details is-layout-flow\">\n<p>M\u00f6gliche Nebenwirkungen sind einzig die Folgen der Injektionen, also R\u00f6tung, Bluterg\u00fcsse und Infektion. Da PRP ein k\u00f6rpereigenes Produkt ist, treten allergische Reaktionen \u00e4u\u00dferst selten auf.<\/p>\n<\/div><\/details>\n<\/div>\n<\/div>\n\n\n\n<div class=\"wp-block-group alignfull has-white-background-color has-background has-global-padding is-layout-constrained wp-block-group-is-layout-constrained\">\n<div class=\"wp-block-columns is-layout-flex wp-container-core-columns-is-layout-f0342b05 wp-block-columns-is-layout-flex\" style=\"margin-top:0;margin-bottom:0\">\n<div class=\"hide-on-mobile wp-block-column is-layout-flow wp-block-column-is-layout-flow\" style=\"flex-basis:35.9%\">\n<figure class=\"wp-block-image size-full is-resized is-style-left-edge\"><img loading=\"lazy\" decoding=\"async\" width=\"826\" height=\"808\" src=\"https:\/\/www.schoenehaut.de\/wp-content\/uploads\/2026\/01\/Rectangle-2-1.png\" alt=\"\" class=\"wp-image-542\" style=\"width:auto;height:700px\"\/><\/figure>\n<\/div>\n\n\n\n<div class=\"hide-on-mobile wp-block-column is-layout-flow wp-block-column-is-layout-flow\" style=\"flex-basis:5%\"><\/div>\n\n\n\n<div class=\"wp-block-column is-layout-flow wp-block-column-is-layout-flow\" style=\"flex-basis:60%\">\n<div style=\"height:61px\" aria-hidden=\"true\" class=\"wp-block-spacer\"><\/div>\n\n\n\n<h2 class=\"wp-block-heading is-style-h2\">Wann darf ein Vampir Lifting nicht durchgef\u00fchrt werden?<\/h2>\n\n\n\n<ul class=\"wp-block-list\">\n<li>Schwangerschaft und Stillzeit<\/li>\n\n\n\n<li>akute Hauterkrankungen im zu behandelnden Areal (Entz\u00fcndungen, Neurodermitis, Akne)<\/li>\n\n\n\n<li>aktive oder chronische Infektionskrankheiten (insbes. Hepatitis, HIV)<\/li>\n\n\n\n<li>Tumorerkrankungen<\/li>\n\n\n\n<li>akute Autoimmun oder rheumatologische Erkrankungen<\/li>\n\n\n\n<li>1 Woche vorher keine Einnahme von ASS oder anderen nichtsteroidalen Antiphlogistika au\u00dfer Paracetamol<\/li>\n\n\n\n<li>schwere Blutungsneigungen (H\u00e4mophilie)<\/li>\n<\/ul>\n\n\n\n<div style=\"height:61px\" aria-hidden=\"true\" class=\"wp-block-spacer\"><\/div>\n<\/div>\n<\/div>\n<\/div>\n\n\n\n<div class=\"wp-block-columns is-layout-flex wp-container-core-columns-is-layout-28f84493 wp-block-columns-is-layout-flex\">\n<div class=\"wp-block-column is-layout-flow wp-block-column-is-layout-flow\">\n<h2 class=\"wp-block-heading\">Weitere Behandlungen<\/h2>\n\n\n\n<div class=\"wp-block-group has-global-padding is-layout-constrained wp-block-group-is-layout-constrained\"><div class=\"schoenehaut-behandlungs-grid wp-block-schoenehaut-behandlungs-kacheln\"><a href=\"https:\/\/www.schoenehaut.de\/en\/aesthetik\/botulinumtoxin-botox\/\" class=\"behandlungs-tile\" aria-label=\"Botox\">\n                <img decoding=\"async\" src=\"https:\/\/www.schoenehaut.de\/wp-content\/uploads\/2026\/02\/AdobeStock_255775158_Preview.jpeg\" alt=\"\" class=\"tile-image\" aria-hidden=\"true\">\n                <span class=\"tile-title\">Botox<\/span>\n            <\/a><a href=\"https:\/\/www.schoenehaut.de\/en\/laser\/laserlifting-augenlidstraffung\/\" class=\"behandlungs-tile\" aria-label=\"Laserlifting\">\n                <img decoding=\"async\" src=\"https:\/\/www.schoenehaut.de\/wp-content\/uploads\/2026\/02\/AdobeStock_1448106743_Preview.jpeg\" alt=\"\" class=\"tile-image\" aria-hidden=\"true\">\n                <span class=\"tile-title\">Laserlifting<\/span>\n            <\/a><a href=\"https:\/\/www.schoenehaut.de\/en\/aesthetik\/hyaluron\/\" class=\"behandlungs-tile\" aria-label=\"Hyalurons\u00e4ure\">\n                <img decoding=\"async\" src=\"https:\/\/www.schoenehaut.de\/wp-content\/uploads\/2026\/02\/AdobeStock_953124479_Preview.jpeg\" alt=\"\" class=\"tile-image\" aria-hidden=\"true\">\n                <span class=\"tile-title\">Hyalurons\u00e4ure<\/span>\n            <\/a><\/div><\/div>\n<\/div>\n<\/div>\n","protected":false},"excerpt":{"rendered":"<p>Vampir Lifting: Ablauf und Wirkung der PRP-Therapie Was ist ein \u201eVampir Lifting\u201c? Das \u201eVampir Lifting\u201c, die sog. PRP-Plasmatherapie (Platelet-Rich-Plasma = pl\u00e4ttchenreiches Plasma), ist eine Innovation im Bereich der \u00e4sthetischen Medizin zur Hautverj\u00fcngung und Biostimulation. Bei der Behandlung wird Eigenblut mittels Blutentnahme gewonnen, speziell aufbereitet und nach spezieller Vorbereitung der Haut (z. B. durch Needling oder [&hellip;]<\/p>\n","protected":false},"author":1,"featured_media":0,"parent":743,"menu_order":4,"comment_status":"closed","ping_status":"closed","template":"","meta":{"footnotes":""},"class_list":["post-941","page","type-page","status-publish","hentry"],"_links":{"self":[{"href":"https:\/\/www.schoenehaut.de\/en\/wp-json\/wp\/v2\/pages\/941","targetHints":{"allow":["GET"]}}],"collection":[{"href":"https:\/\/www.schoenehaut.de\/en\/wp-json\/wp\/v2\/pages"}],"about":[{"href":"https:\/\/www.schoenehaut.de\/en\/wp-json\/wp\/v2\/types\/page"}],"author":[{"embeddable":true,"href":"https:\/\/www.schoenehaut.de\/en\/wp-json\/wp\/v2\/users\/1"}],"replies":[{"embeddable":true,"href":"https:\/\/www.schoenehaut.de\/en\/wp-json\/wp\/v2\/comments?post=941"}],"version-history":[{"count":28,"href":"https:\/\/www.schoenehaut.de\/en\/wp-json\/wp\/v2\/pages\/941\/revisions"}],"predecessor-version":[{"id":5753,"href":"https:\/\/www.schoenehaut.de\/en\/wp-json\/wp\/v2\/pages\/941\/revisions\/5753"}],"up":[{"embeddable":true,"href":"https:\/\/www.schoenehaut.de\/en\/wp-json\/wp\/v2\/pages\/743"}],"wp:attachment":[{"href":"https:\/\/www.schoenehaut.de\/en\/wp-json\/wp\/v2\/media?parent=941"}],"curies":[{"name":"wp","href":"https:\/\/api.w.org\/{rel}","templated":true}]}}