{"id":943,"date":"2026-01-29T14:55:30","date_gmt":"2026-01-29T13:55:30","guid":{"rendered":"https:\/\/www.schoenehaut.de\/?page_id=943"},"modified":"2026-03-24T16:39:56","modified_gmt":"2026-03-24T15:39:56","slug":"calciumhydroxilapatit-radiesse","status":"publish","type":"page","link":"https:\/\/www.schoenehaut.de\/en\/aesthetik\/biostimulation-mesotherapie\/calciumhydroxilapatit-radiesse\/","title":{"rendered":"Calciumhydroxilapatit (Radiesse\u00ae)"},"content":{"rendered":"\n<div style=\"height:213px\" aria-hidden=\"true\" class=\"hide-on-mobile wp-block-spacer\"><\/div>\n\n\n\n<div style=\"height:100px\" aria-hidden=\"true\" class=\"hide-on-desktop wp-block-spacer\"><\/div>\n\n\n\n<div class=\"wp-block-columns is-style-big-gap is-layout-flex wp-container-core-columns-is-layout-28f84493 wp-block-columns-is-layout-flex\">\n<div class=\"wp-block-column is-layout-flow wp-block-column-is-layout-flow\"><div class=\"splide has-pagination-center is-style-portrait-contained wp-block-huishu-block-hu-splide-slider\" aria-labelledby=\"\" data-splide=\"{&quot;type&quot;:&quot;fade&quot;,&quot;perPage&quot;:1,&quot;arrows&quot;:true,&quot;autoplay&quot;:true,&quot;speed&quot;:1450,&quot;interval&quot;:4000,&quot;pagination&quot;:true,&quot;rewind&quot;:&quot;true&quot;}\">\n    <div class=\"splide__track\">\n        <ul class=\"splide__list\">\n\n<li class=\"wp-block-huishu-block-splide-slide splide__slide\">\n<figure class=\"wp-block-image size-full is-resized is-style-rounded\"><img decoding=\"async\" src=\"https:\/\/www.schoenehaut.de\/wp-content\/uploads\/2026\/02\/istockphoto-1442495175-2048x2048-1.jpg\" alt=\"\" class=\"wp-image-2552\" style=\"aspect-ratio:2\/1;object-fit:cover;width:auto;height:896px\"\/><\/figure>\n<\/li>\n\n\n\n<li class=\"wp-block-huishu-block-splide-slide splide__slide\">\n<figure class=\"wp-block-image size-full is-resized is-style-rounded\"><img loading=\"lazy\" decoding=\"async\" width=\"2000\" height=\"1335\" src=\"https:\/\/www.schoenehaut.de\/wp-content\/uploads\/2026\/02\/AdobeStock_255775158_Preview.jpeg\" alt=\"\" class=\"wp-image-2412\" style=\"aspect-ratio:2\/1;object-fit:cover;width:auto;height:896px\"\/><\/figure>\n<\/li>\n\n<\/ul>    <\/div>\n            <div class=\"splide__arrows \"><button class=\"splide__arrow splide__arrow--prev\">\n\t\t\t<i class=\"icon-chevron-left-slider\" aria-label=\"Zum vorherigen Slide\"><\/i>\n\t\t<\/button>\n\t\t<button class=\"splide__arrow splide__arrow--next\">\n\t\t\t<i class=\"icon-chevron-right-slider\" aria-label=\"Zum n\u00e4chsten Slide\"><\/i>\n\t\t<\/button><\/div>\n        <\/div><\/div>\n\n\n\n<div class=\"wp-block-column is-layout-flow wp-block-column-is-layout-flow\">\n<h1 class=\"wp-block-heading is-style-h4 has-large-font-size\">Calciumhydroxylapatit:<\/h1>\n\n\n\n<h2 class=\"wp-block-heading\" style=\"margin-top:var(--wp--preset--spacing--subtitle)\">Eine effektive Alternative zur Hyaluron&shy;unter&shy;spritzung<\/h2>\n\n\n\n<p>Sie w\u00fcnschen sich eine nat\u00fcrliche Hautverj\u00fcngung mit Langzeiteffekt, m\u00f6chten aber eine Alternative zu klassischer <a href=\"https:\/\/www.schoenehaut.de\/aesthetik\/hyaluron\/\" data-type=\"page\" data-id=\"737\">Hyalurons\u00e4ure?<\/a> Calciumhydroxylapatit ist ein innovativer Biostimulator, der nicht nur Volumen aufbaut, sondern die k\u00f6rpereigene Kollagenproduktion gezielt anregt \u2013 f\u00fcr straffe, glatte und sichtbar revitalisierte Haut.<\/p>\n\n\n\n<div class=\"wp-block-buttons is-layout-flex wp-block-buttons-is-layout-flex\">\n<div class=\"wp-block-button is-style-fill\"><a class=\"wp-block-button__link wp-element-button\" href=\"https:\/\/www.schoenehaut.de\/kontakt\/\">Jetzt Termin buchen<\/a><\/div>\n<\/div>\n<\/div>\n<\/div>\n\n\n\n<div class=\"wp-block-group alignfull has-white-background-color has-background has-global-padding is-layout-constrained wp-block-group-is-layout-constrained\">\n<div class=\"wp-block-columns is-layout-flex wp-container-core-columns-is-layout-f0342b05 wp-block-columns-is-layout-flex\" style=\"margin-top:0;margin-bottom:0\">\n<div class=\"wp-block-column is-layout-flow wp-block-column-is-layout-flow\" style=\"flex-basis:60%\">\n<div style=\"height:61px\" aria-hidden=\"true\" class=\"wp-block-spacer\"><\/div>\n\n\n\n<h2 class=\"wp-block-heading is-style-h2\">Was ist Calcium&shy;hydro&shy;xylapatit?<\/h2>\n\n\n\n<p>Calcium-Hydroxylapatit (CaHA) wird in der \u00e4sthetischen Medizin bereits genauso lange eingesetzt wie <a href=\"https:\/\/www.schoenehaut.de\/aesthetik\/hyaluron\/\" data-type=\"page\" data-id=\"737\">Hyaluron<\/a> und hat sich durch seine besonders gute Vertr\u00e4glichkeit und seine geringen Nebenwirkungen seit Jahren bew\u00e4hrt.<br><br>Der gro\u00dfe Vorteil im Vergleich zu <a href=\"https:\/\/www.schoenehaut.de\/aesthetik\/hyaluron\/\" data-type=\"page\" data-id=\"737\">Hyaluron<\/a> ist, dass es nicht Wasser bindet und damit nicht zu sogenannten Puffy Faces f\u00fchrt, sondern sehr nat\u00fcrlich die Konturen regeneriert und das Kollagen stimuliert.<br><br>Das Ergebnis: nachhaltige Hautqualit\u00e4t statt kurzfristiger Auff\u00fcllung.<\/p>\n\n\n\n<div style=\"height:61px\" aria-hidden=\"true\" class=\"wp-block-spacer\"><\/div>\n<\/div>\n\n\n\n<div class=\"hide-on-mobile wp-block-column is-layout-flow wp-block-column-is-layout-flow\" style=\"flex-basis:5%\"><\/div>\n\n\n\n<div class=\"hide-on-mobile wp-block-column is-layout-flow wp-block-column-is-layout-flow\" style=\"flex-basis:35.9%\">\n<figure class=\"wp-block-image size-full is-resized is-style-right-edge\"><img loading=\"lazy\" decoding=\"async\" width=\"2000\" height=\"1333\" src=\"https:\/\/www.schoenehaut.de\/wp-content\/uploads\/2026\/02\/AdobeStock_759132004_Preview.jpeg\" alt=\"\" class=\"wp-image-2435\" style=\"width:auto;height:600px\"\/><\/figure>\n<\/div>\n<\/div>\n<\/div>\n\n\n\n<div class=\"wp-block-columns is-layout-flex wp-container-core-columns-is-layout-28f84493 wp-block-columns-is-layout-flex\"><\/div>\n\n\n\n<div class=\"wp-block-columns is-style-medium-gap is-layout-flex wp-container-core-columns-is-layout-28f84493 wp-block-columns-is-layout-flex\">\n<div class=\"wp-block-column is-layout-flow wp-block-column-is-layout-flow\">\n<h2 class=\"wp-block-heading\">F\u00fcr wen eignet sich Calciumhydroxylapatit?<\/h2>\n\n\n\n<p>Calciumhydroxylapatit ist ideal f\u00fcr Patientinnen und Patienten, die:<\/p>\n\n\n\n<ul class=\"wp-block-list\">\n<li>beginnende bis ausgepr\u00e4gte Hauterschlaffung behandeln m\u00f6chten<\/li>\n\n\n\n<li>Wert auf nat\u00fcrliche Ergebnisse ohne \u201eFiller-Look\u201c legen<\/li>\n\n\n\n<li>eine Alternative oder Erg\u00e4nzung zu <a href=\"https:\/\/www.schoenehaut.de\/aesthetik\/hyaluron\/\" data-type=\"page\" data-id=\"737\">Hyaluron<\/a> suchen<\/li>\n\n\n\n<li>gezielt die Hautqualit\u00e4t verbessern wollen<\/li>\n<\/ul>\n\n\n\n<p>Besonders bew\u00e4hrt hat sich Calciumhydroxylapatit bei:<\/p>\n\n\n\n<ul class=\"wp-block-list\">\n<li>Wangen- und Jawline-Definition<\/li>\n\n\n\n<li>Hautverj\u00fcngung von Hals und Dekollet\u00e9<\/li>\n\n\n\n<li>Handverj\u00fcngung<\/li>\n\n\n\n<li>gro\u00dffl\u00e4chiger Kollagenstimulation (Hyperdilution)<\/li>\n<\/ul>\n<\/div>\n\n\n\n<div class=\"wp-block-column is-layout-flow wp-block-column-is-layout-flow\">\n<figure class=\"wp-block-image size-full is-style-rounded\"><img loading=\"lazy\" decoding=\"async\" width=\"2000\" height=\"1334\" src=\"https:\/\/www.schoenehaut.de\/wp-content\/uploads\/2026\/01\/RL01202_6881.jpg\" alt=\"\" class=\"wp-image-906\"\/><\/figure>\n<\/div>\n<\/div>\n\n\n\n<div class=\"wp-block-group alignfull has-white-background-color has-background has-global-padding is-layout-constrained wp-block-group-is-layout-constrained\">\n<div class=\"wp-block-columns is-layout-flex wp-container-core-columns-is-layout-f0342b05 wp-block-columns-is-layout-flex\" style=\"margin-top:0;margin-bottom:0\">\n<div class=\"hide-on-mobile wp-block-column is-layout-flow wp-block-column-is-layout-flow\" style=\"flex-basis:35.9%\">\n<figure class=\"wp-block-image size-full is-resized is-style-left-edge\"><img loading=\"lazy\" decoding=\"async\" width=\"826\" height=\"808\" src=\"https:\/\/www.schoenehaut.de\/wp-content\/uploads\/2026\/01\/Rectangle-2-1.png\" alt=\"\" class=\"wp-image-542\" style=\"width:auto;height:650px\"\/><\/figure>\n<\/div>\n\n\n\n<div class=\"hide-on-mobile wp-block-column is-layout-flow wp-block-column-is-layout-flow\" style=\"flex-basis:5%\"><\/div>\n\n\n\n<div class=\"wp-block-column is-layout-flow wp-block-column-is-layout-flow\" style=\"flex-basis:60%\">\n<div style=\"height:61px\" aria-hidden=\"true\" class=\"wp-block-spacer\"><\/div>\n\n\n\n<h2 class=\"wp-block-heading is-style-h2\">Nat\u00fcrlich sch\u00f6n \u2013 mit medizinischer Expertise<\/h2>\n\n\n\n<p>In der Praxis SCH\u00d6NE HAUT in Berlin wird Calciumhydroxylapatit (Radiesse\u00ae ) ausschlie\u00dflich nach einer individuellen \u00e4rztlichen Beratung und mit h\u00f6chster Pr\u00e4zision angewendet. Ziel ist kein sichtbarer Eingriff, sondern ein frisches, erholtes Erscheinungsbild, das zu Ihnen passt.<br><br>Vereinbaren Sie gerne einen Beratungstermin und erfahren Sie, ob Calciumhydroxylapatit die richtige Behandlung f\u00fcr Ihre Haut ist.<\/p>\n\n\n\n<div style=\"height:61px\" aria-hidden=\"true\" class=\"wp-block-spacer\"><\/div>\n<\/div>\n<\/div>\n<\/div>\n\n\n\n<div class=\"wp-block-columns is-layout-flex wp-container-core-columns-is-layout-28f84493 wp-block-columns-is-layout-flex\">\n<div class=\"wp-block-column is-layout-flow wp-block-column-is-layout-flow\">\n<h2 class=\"wp-block-heading\">Weitere Behandlungen<\/h2>\n\n\n\n<div class=\"wp-block-group has-global-padding is-layout-constrained wp-block-group-is-layout-constrained\"><div class=\"schoenehaut-behandlungs-grid wp-block-schoenehaut-behandlungs-kacheln\"><a href=\"https:\/\/www.schoenehaut.de\/en\/aesthetik\/botulinumtoxin-botox\/\" class=\"behandlungs-tile\" aria-label=\"Botox\">\n                <img decoding=\"async\" src=\"https:\/\/www.schoenehaut.de\/wp-content\/uploads\/2026\/02\/AdobeStock_255775158_Preview.jpeg\" alt=\"\" class=\"tile-image\" aria-hidden=\"true\">\n                <span class=\"tile-title\">Botox<\/span>\n            <\/a><a href=\"https:\/\/www.schoenehaut.de\/en\/laser\/laserlifting-augenlidstraffung\/\" class=\"behandlungs-tile\" aria-label=\"Laserlifting\">\n                <img decoding=\"async\" src=\"https:\/\/www.schoenehaut.de\/wp-content\/uploads\/2026\/02\/AdobeStock_1448106743_Preview.jpeg\" alt=\"\" class=\"tile-image\" aria-hidden=\"true\">\n                <span class=\"tile-title\">Laserlifting<\/span>\n            <\/a><a href=\"https:\/\/www.schoenehaut.de\/en\/aesthetik\/hyaluron\/\" class=\"behandlungs-tile\" aria-label=\"Hyalurons\u00e4ure\">\n                <img decoding=\"async\" src=\"https:\/\/www.schoenehaut.de\/wp-content\/uploads\/2026\/02\/AdobeStock_953124479_Preview.jpeg\" alt=\"\" class=\"tile-image\" aria-hidden=\"true\">\n                <span class=\"tile-title\">Hyalurons\u00e4ure<\/span>\n            <\/a><\/div><\/div>\n<\/div>\n<\/div>\n","protected":false},"excerpt":{"rendered":"<p>Calciumhydroxylapatit: Eine effektive Alternative zur Hyaluronunterspritzung Sie w\u00fcnschen sich eine nat\u00fcrliche Hautverj\u00fcngung mit Langzeiteffekt, m\u00f6chten aber eine Alternative zu klassischer Hyalurons\u00e4ure? Calciumhydroxylapatit ist ein innovativer Biostimulator, der nicht nur Volumen aufbaut, sondern die k\u00f6rpereigene Kollagenproduktion gezielt anregt \u2013 f\u00fcr straffe, glatte und sichtbar revitalisierte Haut. Was ist Calciumhydroxylapatit? Calcium-Hydroxylapatit (CaHA) wird in der \u00e4sthetischen Medizin [&hellip;]<\/p>\n","protected":false},"author":1,"featured_media":0,"parent":743,"menu_order":1,"comment_status":"closed","ping_status":"closed","template":"","meta":{"footnotes":""},"class_list":["post-943","page","type-page","status-publish","hentry"],"_links":{"self":[{"href":"https:\/\/www.schoenehaut.de\/en\/wp-json\/wp\/v2\/pages\/943","targetHints":{"allow":["GET"]}}],"collection":[{"href":"https:\/\/www.schoenehaut.de\/en\/wp-json\/wp\/v2\/pages"}],"about":[{"href":"https:\/\/www.schoenehaut.de\/en\/wp-json\/wp\/v2\/types\/page"}],"author":[{"embeddable":true,"href":"https:\/\/www.schoenehaut.de\/en\/wp-json\/wp\/v2\/users\/1"}],"replies":[{"embeddable":true,"href":"https:\/\/www.schoenehaut.de\/en\/wp-json\/wp\/v2\/comments?post=943"}],"version-history":[{"count":24,"href":"https:\/\/www.schoenehaut.de\/en\/wp-json\/wp\/v2\/pages\/943\/revisions"}],"predecessor-version":[{"id":5867,"href":"https:\/\/www.schoenehaut.de\/en\/wp-json\/wp\/v2\/pages\/943\/revisions\/5867"}],"up":[{"embeddable":true,"href":"https:\/\/www.schoenehaut.de\/en\/wp-json\/wp\/v2\/pages\/743"}],"wp:attachment":[{"href":"https:\/\/www.schoenehaut.de\/en\/wp-json\/wp\/v2\/media?parent=943"}],"curies":[{"name":"wp","href":"https:\/\/api.w.org\/{rel}","templated":true}]}}