{"id":946,"date":"2026-01-29T14:55:43","date_gmt":"2026-01-29T13:55:43","guid":{"rendered":"https:\/\/www.schoenehaut.de\/?page_id=946"},"modified":"2026-03-24T16:44:23","modified_gmt":"2026-03-24T15:44:23","slug":"polymilchsaeure-sculptra","status":"publish","type":"page","link":"https:\/\/www.schoenehaut.de\/en\/aesthetik\/biostimulation-mesotherapie\/polymilchsaeure-sculptra\/","title":{"rendered":"Polymilchs\u00e4ure (Sculptra\u00ae)"},"content":{"rendered":"\n<div style=\"height:213px\" aria-hidden=\"true\" class=\"hide-on-mobile wp-block-spacer\"><\/div>\n\n\n\n<div style=\"height:100px\" aria-hidden=\"true\" class=\"hide-on-desktop wp-block-spacer\"><\/div>\n\n\n\n<div class=\"wp-block-columns is-style-big-gap is-layout-flex wp-container-core-columns-is-layout-28f84493 wp-block-columns-is-layout-flex\">\n<div class=\"wp-block-column is-layout-flow wp-block-column-is-layout-flow\"><div class=\"splide has-pagination-center is-style-portrait-contained wp-block-huishu-block-hu-splide-slider\" aria-labelledby=\"\" data-splide=\"{&quot;type&quot;:&quot;fade&quot;,&quot;perPage&quot;:1,&quot;arrows&quot;:true,&quot;autoplay&quot;:true,&quot;speed&quot;:1400,&quot;interval&quot;:4000,&quot;pagination&quot;:true,&quot;rewind&quot;:&quot;true&quot;}\">\n    <div class=\"splide__track\">\n        <ul class=\"splide__list\">\n\n<li class=\"wp-block-huishu-block-splide-slide splide__slide\">\n<figure class=\"wp-block-image size-full is-resized is-style-rounded\"><img loading=\"lazy\" decoding=\"async\" width=\"2000\" height=\"1121\" src=\"https:\/\/www.schoenehaut.de\/wp-content\/uploads\/2026\/02\/AdobeStock_1620291611_Preview.jpeg\" alt=\"\" class=\"wp-image-2459\" style=\"aspect-ratio:2\/1;object-fit:cover;width:auto;height:896px\"\/><\/figure>\n<\/li>\n\n\n\n<li class=\"wp-block-huishu-block-splide-slide splide__slide\">\n<figure class=\"wp-block-image size-full is-resized is-style-rounded\"><img loading=\"lazy\" decoding=\"async\" width=\"2000\" height=\"1335\" src=\"https:\/\/www.schoenehaut.de\/wp-content\/uploads\/2026\/02\/AdobeStock_255775158_Preview.jpeg\" alt=\"\" class=\"wp-image-2412\" style=\"aspect-ratio:2\/1;object-fit:cover;width:auto;height:896px\"\/><\/figure>\n<\/li>\n\n<\/ul>    <\/div>\n            <div class=\"splide__arrows \"><button class=\"splide__arrow splide__arrow--prev\">\n\t\t\t<i class=\"icon-chevron-left-slider\" aria-label=\"Zum vorherigen Slide\"><\/i>\n\t\t<\/button>\n\t\t<button class=\"splide__arrow splide__arrow--next\">\n\t\t\t<i class=\"icon-chevron-right-slider\" aria-label=\"Zum n\u00e4chsten Slide\"><\/i>\n\t\t<\/button><\/div>\n        <\/div><\/div>\n\n\n\n<div class=\"wp-block-column is-layout-flow wp-block-column-is-layout-flow\">\n<h2 class=\"wp-block-heading\">Polymilchs\u00e4ure (Sculptra \u00ae)<\/h2>\n\n\n\n<p>Die \u00e4sthetische Medizin entwickelt sich zunehmend in Richtung nat\u00fcrlicher, regenerativer Behandlungen. Polymilchs\u00e4ure gilt dabei als moderne und effektive Alternative zu klassischen Fillern, wenn es um nachhaltige Hautverj\u00fcngung, Kollagenaufbau und ein frisches, unver\u00e4ndertes Erscheinungsbild geht.<\/p>\n\n\n\n<div class=\"wp-block-buttons is-layout-flex wp-block-buttons-is-layout-flex\">\n<div class=\"wp-block-button is-style-fill\"><a class=\"wp-block-button__link wp-element-button\" href=\"https:\/\/www.schoenehaut.de\/kontakt\/\">Jetzt Termin buchen<\/a><\/div>\n<\/div>\n<\/div>\n<\/div>\n\n\n\n<div class=\"wp-block-group alignfull has-white-background-color has-background has-global-padding is-layout-constrained wp-block-group-is-layout-constrained\">\n<div class=\"wp-block-columns is-layout-flex wp-container-core-columns-is-layout-f0342b05 wp-block-columns-is-layout-flex\" style=\"margin-top:0;margin-bottom:0\">\n<div class=\"wp-block-column is-layout-flow wp-block-column-is-layout-flow\" style=\"flex-basis:60%\">\n<div style=\"height:61px\" aria-hidden=\"true\" class=\"wp-block-spacer\"><\/div>\n\n\n\n<h2 class=\"wp-block-heading is-style-h2\">Was ist Polymilchs\u00e4ure?<\/h2>\n\n\n\n<p>Polymilchs\u00e4ure ist ein biologisch abbaubarer Wirkstoff, der seit vielen Jahren sicher in der Medizin eingesetzt wird. In der \u00e4sthetischen Dermatologie z\u00e4hlt sie zu den sogenannten Biostimulatoren. Anders als Hyaluron-Filler f\u00fcllt Polymilchs\u00e4ure keine Falten auf, sondern aktiviert die k\u00f6rpereigene Kollagenproduktion.<br><br>Das Ergebnis: Die Hautstruktur verbessert sich von innen heraus \u2013 schrittweise, nat\u00fcrlich und langanhaltend.<\/p>\n\n\n\n<div style=\"height:61px\" aria-hidden=\"true\" class=\"wp-block-spacer\"><\/div>\n<\/div>\n\n\n\n<div class=\"hide-on-mobile wp-block-column is-layout-flow wp-block-column-is-layout-flow\" style=\"flex-basis:5%\"><\/div>\n\n\n\n<div class=\"hide-on-mobile wp-block-column is-layout-flow wp-block-column-is-layout-flow\" style=\"flex-basis:35.9%\">\n<figure class=\"wp-block-image size-full is-resized is-style-right-edge\"><img loading=\"lazy\" decoding=\"async\" width=\"2000\" height=\"1400\" src=\"https:\/\/www.schoenehaut.de\/wp-content\/uploads\/2026\/02\/AdobeStock_443766513_Preview.jpeg\" alt=\"\" class=\"wp-image-2418\" style=\"width:auto;height:500px\"\/><\/figure>\n<\/div>\n<\/div>\n<\/div>\n\n\n\n<div class=\"wp-block-columns is-style-medium-gap is-layout-flex wp-container-core-columns-is-layout-28f84493 wp-block-columns-is-layout-flex\">\n<div class=\"wp-block-column is-layout-flow wp-block-column-is-layout-flow\">\n<figure class=\"wp-block-image size-full is-style-rounded\"><img loading=\"lazy\" decoding=\"async\" width=\"2000\" height=\"1125\" src=\"https:\/\/www.schoenehaut.de\/wp-content\/uploads\/2026\/02\/Bilder-Quer-4.jpg\" alt=\"\" class=\"wp-image-2299\"\/><\/figure>\n<\/div>\n\n\n\n<div class=\"wp-block-column is-layout-flow wp-block-column-is-layout-flow\">\n<h2 class=\"wp-block-heading\">Polymilchs\u00e4ure vs. Filler \u2013 der entscheidende Unterschied<\/h2>\n\n\n\n<p>Hyaluron-Filler erzeugen ein sofort sichtbares Volumen. Polymilchs\u00e4ure verfolgt einen anderen Ansatz:<\/p>\n\n\n\n<ul class=\"wp-block-list\">\n<li>stimuliert den nat\u00fcrlichen Kollagenaufbau<\/li>\n\n\n\n<li>kein k\u00fcnstliches Volumen<\/li>\n\n\n\n<li>keine Ver\u00e4nderung der Gesichtsz\u00fcge<\/li>\n\n\n\n<li>sehr nat\u00fcrliche, unauff\u00e4llige Ergebnisse<\/li>\n\n\n\n<li>nachhaltige Hautstraffung \u00fcber Monate<\/li>\n<\/ul>\n\n\n\n<p>Damit eignet sich Polymilchs\u00e4ure besonders f\u00fcr Patient:innen, die sich Frische und Straffheit ohne \u201egemachten Look\u201c w\u00fcnschen.<\/p>\n<\/div>\n<\/div>\n\n\n\n<div class=\"wp-block-columns is-style-medium-gap is-layout-flex wp-container-core-columns-is-layout-28f84493 wp-block-columns-is-layout-flex\">\n<div class=\"wp-block-column is-layout-flow wp-block-column-is-layout-flow\">\n<h2 class=\"wp-block-heading\">F\u00fcr wen ist eine Polymilchs\u00e4ure-Behandlung geeignet?<\/h2>\n\n\n\n<p>Eine Behandlung mit Polymilchs\u00e4ure ist ideal bei:<\/p>\n\n\n\n<ul class=\"wp-block-list\">\n<li>beginnendem oder fortgeschrittenem Volumenverlust<\/li>\n\n\n\n<li>nachlassender Hautfestigkeit<\/li>\n\n\n\n<li>m\u00fcder, fahler Haut<\/li>\n\n\n\n<li>Wunsch nach nat\u00fcrlicher Anti-Aging-Behandlung<\/li>\n\n\n\n<li>Ablehnung oder Unvertr\u00e4glichkeit klassischer Filler<\/li>\n<\/ul>\n\n\n\n<p>H\u00e4ufig behandelte Areale sind Gesicht, Wangen, Schl\u00e4fen, Kieferlinie sowie \u2013 je nach Befund \u2013 auch Hals und Dekollet\u00e9.<\/p>\n<\/div>\n\n\n\n<div class=\"wp-block-column is-layout-flow wp-block-column-is-layout-flow\">\n<figure class=\"wp-block-image size-full is-style-rounded\"><img loading=\"lazy\" decoding=\"async\" width=\"2000\" height=\"1125\" src=\"https:\/\/www.schoenehaut.de\/wp-content\/uploads\/2026\/01\/Querformat-10.jpg\" alt=\"\" class=\"wp-image-881\"\/><\/figure>\n<\/div>\n<\/div>\n\n\n\n<div class=\"wp-block-group alignfull has-white-background-color has-background has-global-padding is-layout-constrained wp-block-group-is-layout-constrained\">\n<div class=\"wp-block-columns is-layout-flex wp-container-core-columns-is-layout-f0342b05 wp-block-columns-is-layout-flex\" style=\"margin-top:0;margin-bottom:0\">\n<div class=\"hide-on-mobile wp-block-column is-layout-flow wp-block-column-is-layout-flow\" style=\"flex-basis:35.9%\">\n<figure class=\"wp-block-image size-full is-resized is-style-left-edge\"><img loading=\"lazy\" decoding=\"async\" width=\"826\" height=\"808\" src=\"https:\/\/www.schoenehaut.de\/wp-content\/uploads\/2026\/01\/Rectangle-2-1.png\" alt=\"\" class=\"wp-image-542\" style=\"width:auto;height:770px\"\/><\/figure>\n<\/div>\n\n\n\n<div class=\"hide-on-mobile wp-block-column is-layout-flow wp-block-column-is-layout-flow\" style=\"flex-basis:5%\"><\/div>\n\n\n\n<div class=\"wp-block-column is-layout-flow wp-block-column-is-layout-flow\" style=\"flex-basis:60%\">\n<div style=\"height:61px\" aria-hidden=\"true\" class=\"wp-block-spacer\"><\/div>\n\n\n\n<h2 class=\"wp-block-heading is-style-h2\">Ablauf der Polymilchs\u00e4ure-Behandlung<\/h2>\n\n\n\n<p>Nach einer ausf\u00fchrlichen, individuellen Beratung wird die Polymilchs\u00e4ure gezielt in tiefere Hautschichten injiziert. Die Behandlung ist minimalinvasiv, gut vertr\u00e4glich und gesellschaftsf\u00e4hig.<br><br>Da der Kollagenaufbau Zeit ben\u00f6tigt, entwickelt sich das Ergebnis allm\u00e4hlich \u00fcber mehrere Wochen. F\u00fcr ein optimales Resultat werden meist mehrere Sitzungen empfohlen.<br><br>Nachhaltige Hautqualit\u00e4t statt kurzfristigem Effekt Polymilchs\u00e4ure steht f\u00fcr einen neuen Ansatz in der \u00e4sthetischen Dermatologie:\u2028Regeneration statt Auff\u00fcllen.\u2028<br><br>Die Haut wird fester, glatter und widerstandsf\u00e4higer \u2013 mit Ergebnissen, die lange anhalten und nat\u00fcrlich wirken.<br><br>Gerne beraten wir Sie pers\u00f6nlich, ob eine Polymilchs\u00e4ure-Behandlung f\u00fcr Ihre Haut und Ihre \u00e4sthetischen Ziele geeignet ist.<\/p>\n\n\n\n<div style=\"height:61px\" aria-hidden=\"true\" class=\"wp-block-spacer\"><\/div>\n<\/div>\n<\/div>\n<\/div>\n\n\n\n<div class=\"wp-block-columns is-layout-flex wp-container-core-columns-is-layout-28f84493 wp-block-columns-is-layout-flex\">\n<div class=\"wp-block-column is-layout-flow wp-block-column-is-layout-flow\">\n<h2 class=\"wp-block-heading\">Weitere Behandlungen<\/h2>\n\n\n\n<div class=\"wp-block-group has-global-padding is-layout-constrained wp-block-group-is-layout-constrained\"><div class=\"schoenehaut-behandlungs-grid wp-block-schoenehaut-behandlungs-kacheln\"><a href=\"https:\/\/www.schoenehaut.de\/en\/aesthetik\/biostimulation-mesotherapie\/polynukleotide-pdrn-salmon-sperm-lift\/\" class=\"behandlungs-tile\" aria-label=\"Biostimulatoren\">\n                <img decoding=\"async\" src=\"https:\/\/www.schoenehaut.de\/wp-content\/uploads\/2026\/02\/AdobeStock_1628764124_Preview.jpeg\" alt=\"\" class=\"tile-image\" aria-hidden=\"true\">\n                <span class=\"tile-title\">Biostimulatoren<\/span>\n            <\/a><a href=\"https:\/\/www.schoenehaut.de\/en\/institut\/potenza-radiofrequenz-needling\/\" class=\"behandlungs-tile\" aria-label=\"Potenza\u2122\">\n                <img decoding=\"async\" src=\"https:\/\/www.schoenehaut.de\/wp-content\/uploads\/2026\/03\/istockphoto-1488371906-1024x1024-1.jpg\" alt=\"\" class=\"tile-image\" aria-hidden=\"true\">\n                <span class=\"tile-title\">Potenza\u2122<\/span>\n            <\/a><a href=\"https:\/\/www.schoenehaut.de\/en\/aesthetik\/laser-lidstraffung-ohne-op\/\" class=\"behandlungs-tile\" aria-label=\"Laserifting\">\n                <img decoding=\"async\" src=\"https:\/\/www.schoenehaut.de\/wp-content\/uploads\/2026\/02\/AdobeStock_1448106743_Preview.jpeg\" alt=\"\" class=\"tile-image\" aria-hidden=\"true\">\n                <span class=\"tile-title\">Laserifting<\/span>\n            <\/a><\/div><\/div>\n<\/div>\n<\/div>\n","protected":false},"excerpt":{"rendered":"<p>Polymilchs\u00e4ure (Sculptra \u00ae) Die \u00e4sthetische Medizin entwickelt sich zunehmend in Richtung nat\u00fcrlicher, regenerativer Behandlungen. Polymilchs\u00e4ure gilt dabei als moderne und effektive Alternative zu klassischen Fillern, wenn es um nachhaltige Hautverj\u00fcngung, Kollagenaufbau und ein frisches, unver\u00e4ndertes Erscheinungsbild geht. Was ist Polymilchs\u00e4ure? Polymilchs\u00e4ure ist ein biologisch abbaubarer Wirkstoff, der seit vielen Jahren sicher in der Medizin eingesetzt [&hellip;]<\/p>\n","protected":false},"author":1,"featured_media":0,"parent":743,"menu_order":2,"comment_status":"closed","ping_status":"closed","template":"","meta":{"footnotes":""},"class_list":["post-946","page","type-page","status-publish","hentry"],"_links":{"self":[{"href":"https:\/\/www.schoenehaut.de\/en\/wp-json\/wp\/v2\/pages\/946","targetHints":{"allow":["GET"]}}],"collection":[{"href":"https:\/\/www.schoenehaut.de\/en\/wp-json\/wp\/v2\/pages"}],"about":[{"href":"https:\/\/www.schoenehaut.de\/en\/wp-json\/wp\/v2\/types\/page"}],"author":[{"embeddable":true,"href":"https:\/\/www.schoenehaut.de\/en\/wp-json\/wp\/v2\/users\/1"}],"replies":[{"embeddable":true,"href":"https:\/\/www.schoenehaut.de\/en\/wp-json\/wp\/v2\/comments?post=946"}],"version-history":[{"count":12,"href":"https:\/\/www.schoenehaut.de\/en\/wp-json\/wp\/v2\/pages\/946\/revisions"}],"predecessor-version":[{"id":5325,"href":"https:\/\/www.schoenehaut.de\/en\/wp-json\/wp\/v2\/pages\/946\/revisions\/5325"}],"up":[{"embeddable":true,"href":"https:\/\/www.schoenehaut.de\/en\/wp-json\/wp\/v2\/pages\/743"}],"wp:attachment":[{"href":"https:\/\/www.schoenehaut.de\/en\/wp-json\/wp\/v2\/media?parent=946"}],"curies":[{"name":"wp","href":"https:\/\/api.w.org\/{rel}","templated":true}]}}