{"id":958,"date":"2026-01-29T14:58:39","date_gmt":"2026-01-29T13:58:39","guid":{"rendered":"https:\/\/www.schoenehaut.de\/?page_id=958"},"modified":"2026-03-24T16:33:20","modified_gmt":"2026-03-24T15:33:20","slug":"zornesfalten","status":"publish","type":"page","link":"https:\/\/www.schoenehaut.de\/en\/aesthetik\/botulinumtoxin-botox\/zornesfalten\/","title":{"rendered":"Zornesfalten"},"content":{"rendered":"\n<div style=\"height:213px\" aria-hidden=\"true\" class=\"hide-on-mobile wp-block-spacer\"><\/div>\n\n\n\n<div style=\"height:100px\" aria-hidden=\"true\" class=\"hide-on-desktop wp-block-spacer\"><\/div>\n\n\n\n<div class=\"wp-block-columns is-style-big-gap is-layout-flex wp-container-core-columns-is-layout-28f84493 wp-block-columns-is-layout-flex\">\n<div class=\"wp-block-column is-layout-flow wp-block-column-is-layout-flow\"><div class=\"splide has-pagination-center is-style-portrait-contained wp-block-huishu-block-hu-splide-slider\" aria-labelledby=\"\" data-splide=\"{&quot;type&quot;:&quot;fade&quot;,&quot;perPage&quot;:1,&quot;arrows&quot;:true,&quot;autoplay&quot;:true,&quot;speed&quot;:1450,&quot;interval&quot;:4000,&quot;pagination&quot;:true,&quot;rewind&quot;:&quot;true&quot;}\">\n    <div class=\"splide__track\">\n        <ul class=\"splide__list\">\n\n<li class=\"wp-block-huishu-block-splide-slide splide__slide\">\n<figure class=\"wp-block-image size-full is-resized is-style-rounded\"><img loading=\"lazy\" decoding=\"async\" width=\"2000\" height=\"1333\" src=\"https:\/\/www.schoenehaut.de\/wp-content\/uploads\/2026\/03\/istockphoto-1125577758-1024x1024-1.jpg\" alt=\"\" class=\"wp-image-4285\" style=\"aspect-ratio:2\/1;object-fit:cover;width:auto;height:896px\"\/><\/figure>\n<\/li>\n\n\n\n<li class=\"wp-block-huishu-block-splide-slide splide__slide\">\n<figure class=\"wp-block-image size-full is-resized is-style-rounded\"><img loading=\"lazy\" decoding=\"async\" width=\"2000\" height=\"1333\" src=\"https:\/\/www.schoenehaut.de\/wp-content\/uploads\/2026\/03\/istockphoto-1260076693-1024x1024-1.jpg\" alt=\"\" class=\"wp-image-4286\" style=\"aspect-ratio:2\/1;object-fit:cover;width:auto;height:896px\"\/><\/figure>\n<\/li>\n\n<\/ul>    <\/div>\n            <div class=\"splide__arrows \"><button class=\"splide__arrow splide__arrow--prev\">\n\t\t\t<i class=\"icon-chevron-left-slider\" aria-label=\"Zum vorherigen Slide\"><\/i>\n\t\t<\/button>\n\t\t<button class=\"splide__arrow splide__arrow--next\">\n\t\t\t<i class=\"icon-chevron-right-slider\" aria-label=\"Zum n\u00e4chsten Slide\"><\/i>\n\t\t<\/button><\/div>\n        <\/div><\/div>\n\n\n\n<div class=\"wp-block-column is-layout-flow wp-block-column-is-layout-flow\">\n<h1 class=\"wp-block-heading is-style-h4 has-large-font-size\">Zornesfalte entfernen in Berlin: <\/h1>\n\n\n\n<h2 class=\"wp-block-heading\" style=\"margin-top:var(--wp--preset--spacing--subtitle)\">Ihre Botox&shy;behandlung<\/h2>\n\n\n\n<p>Die Zornesfalte zwischen den Augenbrauen l\u00e4sst uns m\u00fcrrisch und angestrengt wirken. Meist unbewusst ziehen wir diese Falte immer wieder zusammen, wenn wir nachdenklich oder eben zornig sind.<\/p>\n\n\n\n<p>Durch die Botoxbehandlung der Zornesfalte sehen wir sofort frischer und freundlicher aus, die obere Gesichtspartie wirkt entspannt, ohne dass es unnat\u00fcrlich wirkt.<\/p>\n\n\n\n<div class=\"wp-block-buttons is-layout-flex wp-block-buttons-is-layout-flex\">\n<div class=\"wp-block-button is-style-fill\"><a class=\"wp-block-button__link wp-element-button\" href=\"https:\/\/www.schoenehaut.de\/kontakt#kontakt\">Jetzt Termin buchen<\/a><\/div>\n<\/div>\n\n\n\n<div style=\"height:20px\" aria-hidden=\"true\" class=\"wp-block-spacer\"><\/div>\n\n\n\n<h2 class=\"wp-block-heading is-style-h3\">Alles auf einen Blick<\/h2>\n\n\n\n<figure class=\"wp-block-flexible-table-block-table is-style-align-middle\"><table class=\"has-fixed-layout is-stacked-on-mobile\"><tbody><tr><th scope=\"row\"><img loading=\"lazy\" decoding=\"async\" width=\"35\" height=\"35\" class=\"wp-image-4407\" style=\"width: 35px;\" src=\"https:\/\/www.schoenehaut.de\/wp-content\/uploads\/2026\/03\/Behandlungsdauer-Sanduhr.svg\" alt=\"\"> Behandlungsdauer:<\/th><td>ca. 10 &#8211; 15 min<\/td><\/tr><tr><th scope=\"row\"><img loading=\"lazy\" decoding=\"async\" width=\"35\" height=\"35\" class=\"wp-image-2745\" style=\"width: 35px;\" src=\"https:\/\/www.schoenehaut.de\/wp-content\/uploads\/2026\/02\/Schmerzen.svg\" alt=\"\"> Schmerzen:<\/th><td>gering<\/td><\/tr><tr><th scope=\"row\"><img loading=\"lazy\" decoding=\"async\" width=\"35\" height=\"35\" class=\"wp-image-2741\" style=\"width: 35px;\" src=\"https:\/\/www.schoenehaut.de\/wp-content\/uploads\/2026\/02\/Betraeubung.svg\" alt=\"\"> Bet\u00e4ubung:<\/th><td>auf Wunsch mit Bet\u00e4ubungscreme<\/td><\/tr><tr><th scope=\"row\"><img loading=\"lazy\" decoding=\"async\" width=\"35\" height=\"35\" class=\"wp-image-2743\" style=\"width: 35px;\" src=\"https:\/\/www.schoenehaut.de\/wp-content\/uploads\/2026\/02\/Gesellschaftsfaehigkeit.svg\" alt=\"\"> Gesellschaftsf\u00e4higkeit:<\/th><td>sofort<\/td><\/tr><tr><th scope=\"row\"><img loading=\"lazy\" decoding=\"async\" width=\"35\" height=\"35\" class=\"wp-image-2742\" style=\"width: 35px;\" src=\"https:\/\/www.schoenehaut.de\/wp-content\/uploads\/2026\/02\/Einschraenkungen.svg\" alt=\"\"> Einschr\u00e4nkungen:<\/th><td>ca. 2 Tage kein Sport, Sauna, Gesichtsmassagen, lange Kopf\u00fcber-Haltung<\/td><\/tr><tr><th scope=\"row\"><img loading=\"lazy\" decoding=\"async\" width=\"35\" height=\"35\" class=\"wp-image-2747\" style=\"width: 35px;\" src=\"https:\/\/www.schoenehaut.de\/wp-content\/uploads\/2026\/02\/Wirkungseintritt.svg\" alt=\"\"> Wirkungseintritt:<\/th><td>nach 3\u201314 Tagen<\/td><\/tr><tr><th scope=\"row\"><img loading=\"lazy\" decoding=\"async\" width=\"35\" height=\"35\" class=\"wp-image-2746\" style=\"width: 35px;\" src=\"https:\/\/www.schoenehaut.de\/wp-content\/uploads\/2026\/02\/Wirkungsdauer.svg\" alt=\"\"> Wirkungsdauer:<\/th><td>3\u20136 Monate<\/td><\/tr><tr><th scope=\"row\"><img loading=\"lazy\" decoding=\"async\" width=\"35\" height=\"35\" class=\"wp-image-2744\" style=\"width: 35px;\" src=\"https:\/\/www.schoenehaut.de\/wp-content\/uploads\/2026\/02\/Kosten.svg\" alt=\"\"> Kosten:<\/th><td>ab 99 \u20ac, werden individuell nach Materialverbrauch berechnet<\/td><\/tr><\/tbody><\/table><\/figure>\n<\/div>\n<\/div>\n\n\n\n<div class=\"wp-block-group alignfull has-white-background-color has-background has-global-padding is-layout-constrained wp-block-group-is-layout-constrained\">\n<div class=\"wp-block-columns is-layout-flex wp-container-core-columns-is-layout-f0342b05 wp-block-columns-is-layout-flex\" style=\"margin-top:0;margin-bottom:0\">\n<div class=\"wp-block-column is-layout-flow wp-block-column-is-layout-flow\" style=\"flex-basis:60%\">\n<div style=\"height:61px\" aria-hidden=\"true\" class=\"wp-block-spacer\"><\/div>\n\n\n\n<h2 class=\"wp-block-heading is-style-h2\">Effektiv Zornes&shy;falte entfernen bei uns in Berlin<\/h2>\n\n\n\n<p>Mit Botulinumtoxin ist es m\u00f6glich, die Zornesfalte sehr effektiv, unkompliziert und sicher zu reduzieren. Es sind nur 5 sehr feine, pr\u00e4zise Injektionen in die Muskulatur zwischen den Augenbrauen. Die Wirkung unseres Botulinumtoxins tritt sehr schnell ein und verf\u00fcgt \u00fcber die l\u00e4ngste nachgewiesene Wirksamkeit.<br>Bereits nach etwa 3 Tagen ist die Entspannung der Zornesfalte zu sp\u00fcren.<\/p>\n\n\n\n<p>Bei vielen Patient:innen f\u00fchrt diese Entspannung auch zu einer deutlichen Besserung von Spannungskopfschmerzen und ist auch bei Migr\u00e4ne als hochwirksames Medikament zugelassen.<\/p>\n\n\n\n<div style=\"height:61px\" aria-hidden=\"true\" class=\"wp-block-spacer\"><\/div>\n<\/div>\n\n\n\n<div class=\"hide-on-mobile wp-block-column is-layout-flow wp-block-column-is-layout-flow\" style=\"flex-basis:5%\"><\/div>\n\n\n\n<div class=\"hide-on-mobile wp-block-column is-layout-flow wp-block-column-is-layout-flow\" style=\"flex-basis:35.9%\">\n<figure class=\"wp-block-image size-full is-resized is-style-right-edge\"><img loading=\"lazy\" decoding=\"async\" width=\"2000\" height=\"1125\" src=\"https:\/\/www.schoenehaut.de\/wp-content\/uploads\/2026\/02\/Bilder-Quer-15.jpg\" alt=\"\" class=\"wp-image-2308\" style=\"width:auto;height:650px\"\/><\/figure>\n<\/div>\n<\/div>\n<\/div>\n\n\n\n<div class=\"wp-block-columns is-style-medium-gap is-layout-flex wp-container-core-columns-is-layout-28f84493 wp-block-columns-is-layout-flex\">\n<div class=\"wp-block-column is-layout-flow wp-block-column-is-layout-flow\">\n<figure class=\"hide-on-mobile wp-block-image size-full is-resized is-style-rounded\"><img loading=\"lazy\" decoding=\"async\" width=\"2000\" height=\"2000\" src=\"https:\/\/www.schoenehaut.de\/wp-content\/uploads\/2026\/03\/Meike_Profilbils_Rund260316.png\" alt=\"\" class=\"wp-image-5625\" style=\"aspect-ratio:1;object-fit:contain;width:auto;height:500px\"\/><\/figure>\n<\/div>\n\n\n\n<div class=\"wp-block-column is-layout-flow wp-block-column-is-layout-flow\">\n<figure class=\"hide-on-desktop wp-block-image size-full is-resized is-style-default\" style=\"margin-top:var(--wp--preset--spacing--m);margin-bottom:var(--wp--preset--spacing--default)\"><img loading=\"lazy\" decoding=\"async\" width=\"2000\" height=\"2000\" src=\"https:\/\/www.schoenehaut.de\/wp-content\/uploads\/2026\/03\/Meike_Profilbils_Rund260316.png\" alt=\"\" class=\"wp-image-5625\" style=\"aspect-ratio:1;object-fit:contain;width:auto;height:400px\"\/><\/figure>\n\n\n\n<h2 class=\"wp-block-heading\">H\u00e4ufig gestellte Fragen zu unserer Zornes&shy;falten-Entfernung in Berlin<\/h2>\n\n\n\n<details class=\"wp-block-huishu-agentur-huishu-faq-block\"><summary><span>Ich bin noch sehr jung, habe aber Zornesfalten, was tun?<\/span><\/summary><div class=\"faq-details is-layout-flow\">\n<p>Wenn man eine starke mimische Muskulatur hat und bei engen Familienmitgliedern eine sehr starke Zornesfalte sieht, macht es durchaus Sinn, diese bereits fr\u00fchzeitig in jungen Jahren zu behandeln, damit sie sich erst gar nicht so tief eingraben. Denn sonst wird die Behandlung der Zornesfalten schwieriger.<\/p>\n<\/div><\/details>\n\n\n\n<details class=\"wp-block-huishu-agentur-huishu-faq-block\"><summary><span>Ich hatte eine Botoxbehandlung bei euch in Berlin, aber die Zornesfalte wurde nicht ganz entfernt, was tun?<\/span><\/summary><div class=\"faq-details is-layout-flow\">\n<p>Ab einer gewissen Tiefe kann die Zornesfalte nicht mehr mit Botox alleine gegl\u00e4ttet werden. Wir empfehlen dann die kombinierte Behandlung mit einer Hyalurons\u00e4ureunterspritzung.<\/p>\n<\/div><\/details>\n\n\n\n<details class=\"wp-block-huishu-agentur-huishu-faq-block\"><summary><span>Wie lange h\u00e4lt Botox nach der Zornesfalten-Entfernung?<\/span><\/summary><div class=\"faq-details is-layout-flow\">\n<p>Die Wirkung h\u00e4lt in der Regel 3\u20136 Monate. Stoffwechsel, Muskelaktivit\u00e4t und Dosierung beeinflussen die Haltbarkeit.<\/p>\n<\/div><\/details>\n\n\n\n<details class=\"wp-block-huishu-agentur-huishu-faq-block\"><summary><span>Ist Botox f\u00fcr eine Zornesfalten-Entfernung sicher?<\/span><\/summary><div class=\"faq-details is-layout-flow\">\n<p>Ja \u2013 bei fach\u00e4rztlicher Anwendung und langer Expertise. Bei SCH\u00d6NE HAUT in Berlin wird Botox ausschlie\u00dflich von Fach\u00e4rztinnen injiziert, Dr. med. Meike Schr\u00f6der verf\u00fcgt \u00fcber eine mehr als 20-j\u00e4hrige Erfahrung und war eine der ersten Anwenderinnen in Deutschland.<\/p>\n<\/div><\/details>\n\n\n\n<details class=\"wp-block-huishu-agentur-huishu-faq-block\"><summary><span>Wie schnell wirkt Botox bei einer Zornesfalten-Entfernung?<\/span><\/summary><div class=\"faq-details is-layout-flow\">\n<p>Erste Effekte zeigen sich nach 3\u20135 Tagen, das vollst\u00e4ndige Ergebnis nach 10\u201314 Tagen.<\/p>\n<\/div><\/details>\n\n\n\n<details class=\"wp-block-huishu-agentur-huishu-faq-block\"><summary><span>Sieht man nach einer Zornesfalten-Entfernung mit Botox unnat\u00fcrlich aus?<\/span><\/summary><div class=\"faq-details is-layout-flow\">\n<p>Nein. Ein nat\u00fcrliches Ergebnis entsteht durch pr\u00e4zise Dosierung und anatomisches Know-how. Schlauchbootlippen und starre Stirne sind kein Botox-Problem, sondern ein Qualifikationsproblem.<\/p>\n<\/div><\/details>\n<\/div>\n<\/div>\n\n\n\n<div class=\"wp-block-columns is-layout-flex wp-container-core-columns-is-layout-28f84493 wp-block-columns-is-layout-flex\">\n<div class=\"wp-block-column is-layout-flow wp-block-column-is-layout-flow\">\n<h2 class=\"wp-block-heading\">Weitere Behandlungen<\/h2>\n\n\n\n<div class=\"wp-block-group has-global-padding is-layout-constrained wp-block-group-is-layout-constrained\"><div class=\"schoenehaut-behandlungs-grid wp-block-schoenehaut-behandlungs-kacheln\"><a href=\"https:\/\/www.schoenehaut.de\/en\/aesthetik\/hyaluron\/faltenbehandlung\/\" class=\"behandlungs-tile\" aria-label=\"Faltenunterspritzung\">\n                <img decoding=\"async\" src=\"https:\/\/www.schoenehaut.de\/wp-content\/uploads\/2026\/02\/istockphoto-1050196682-2048x2048-1.jpg\" alt=\"\" class=\"tile-image\" aria-hidden=\"true\">\n                <span class=\"tile-title\">Faltenunterspritzung<\/span>\n            <\/a><a href=\"https:\/\/www.schoenehaut.de\/en\/laser\/laserlifting-augenlidstraffung\/\" class=\"behandlungs-tile\" aria-label=\"Laserlifting\">\n                <img decoding=\"async\" src=\"https:\/\/www.schoenehaut.de\/wp-content\/uploads\/2026\/02\/AdobeStock_1448106743_Preview.jpeg\" alt=\"\" class=\"tile-image\" aria-hidden=\"true\">\n                <span class=\"tile-title\">Laserlifting<\/span>\n            <\/a><a href=\"https:\/\/www.schoenehaut.de\/en\/aesthetik\/biostimulation-mesotherapie\/polynukleotide-pdrn-salmon-sperm-lift\/\" class=\"behandlungs-tile\" aria-label=\"Biostimulatoren\">\n                <img decoding=\"async\" src=\"https:\/\/www.schoenehaut.de\/wp-content\/uploads\/2026\/02\/AdobeStock_1628764124_Preview.jpeg\" alt=\"\" class=\"tile-image\" aria-hidden=\"true\">\n                <span class=\"tile-title\">Biostimulatoren<\/span>\n            <\/a><\/div><\/div>\n<\/div>\n<\/div>\n","protected":false},"excerpt":{"rendered":"<p>Zornesfalte entfernen in Berlin: Ihre Botoxbehandlung Die Zornesfalte zwischen den Augenbrauen l\u00e4sst uns m\u00fcrrisch und angestrengt wirken. Meist unbewusst ziehen wir diese Falte immer wieder zusammen, wenn wir nachdenklich oder eben zornig sind. Durch die Botoxbehandlung der Zornesfalte sehen wir sofort frischer und freundlicher aus, die obere Gesichtspartie wirkt entspannt, ohne dass es unnat\u00fcrlich wirkt. [&hellip;]<\/p>\n","protected":false},"author":1,"featured_media":0,"parent":739,"menu_order":1,"comment_status":"closed","ping_status":"closed","template":"","meta":{"footnotes":""},"class_list":["post-958","page","type-page","status-publish","hentry"],"_links":{"self":[{"href":"https:\/\/www.schoenehaut.de\/en\/wp-json\/wp\/v2\/pages\/958","targetHints":{"allow":["GET"]}}],"collection":[{"href":"https:\/\/www.schoenehaut.de\/en\/wp-json\/wp\/v2\/pages"}],"about":[{"href":"https:\/\/www.schoenehaut.de\/en\/wp-json\/wp\/v2\/types\/page"}],"author":[{"embeddable":true,"href":"https:\/\/www.schoenehaut.de\/en\/wp-json\/wp\/v2\/users\/1"}],"replies":[{"embeddable":true,"href":"https:\/\/www.schoenehaut.de\/en\/wp-json\/wp\/v2\/comments?post=958"}],"version-history":[{"count":24,"href":"https:\/\/www.schoenehaut.de\/en\/wp-json\/wp\/v2\/pages\/958\/revisions"}],"predecessor-version":[{"id":5824,"href":"https:\/\/www.schoenehaut.de\/en\/wp-json\/wp\/v2\/pages\/958\/revisions\/5824"}],"up":[{"embeddable":true,"href":"https:\/\/www.schoenehaut.de\/en\/wp-json\/wp\/v2\/pages\/739"}],"wp:attachment":[{"href":"https:\/\/www.schoenehaut.de\/en\/wp-json\/wp\/v2\/media?parent=958"}],"curies":[{"name":"wp","href":"https:\/\/api.w.org\/{rel}","templated":true}]}}