{"id":960,"date":"2026-01-29T14:58:54","date_gmt":"2026-01-29T13:58:54","guid":{"rendered":"https:\/\/www.schoenehaut.de\/?page_id=960"},"modified":"2026-03-24T16:34:23","modified_gmt":"2026-03-24T15:34:23","slug":"stirnfalten","status":"publish","type":"page","link":"https:\/\/www.schoenehaut.de\/en\/aesthetik\/botulinumtoxin-botox\/stirnfalten\/","title":{"rendered":"Stirnfalten"},"content":{"rendered":"\n<div style=\"height:213px\" aria-hidden=\"true\" class=\"hide-on-mobile wp-block-spacer\"><\/div>\n\n\n\n<div style=\"height:100px\" aria-hidden=\"true\" class=\"hide-on-desktop wp-block-spacer\"><\/div>\n\n\n\n<div class=\"wp-block-columns is-style-medium-gap is-layout-flex wp-container-core-columns-is-layout-28f84493 wp-block-columns-is-layout-flex\">\n<div class=\"wp-block-column is-layout-flow wp-block-column-is-layout-flow\"><div class=\"splide has-pagination-center is-style-portrait-contained wp-block-huishu-block-hu-splide-slider\" aria-labelledby=\"\" data-splide=\"{&quot;type&quot;:&quot;fade&quot;,&quot;perPage&quot;:1,&quot;arrows&quot;:true,&quot;autoplay&quot;:true,&quot;speed&quot;:1400,&quot;interval&quot;:4000,&quot;pagination&quot;:true,&quot;rewind&quot;:&quot;true&quot;}\">\n    <div class=\"splide__track\">\n        <ul class=\"splide__list\">\n\n<li class=\"wp-block-huishu-block-splide-slide splide__slide\">\n<figure class=\"wp-block-image size-full is-resized is-style-rounded\"><img loading=\"lazy\" decoding=\"async\" width=\"2000\" height=\"1125\" src=\"https:\/\/www.schoenehaut.de\/wp-content\/uploads\/2026\/02\/Bilder-Quer-15.jpg\" alt=\"\" class=\"wp-image-2308\" style=\"aspect-ratio:2\/1;object-fit:cover;width:auto;height:896px\"\/><\/figure>\n<\/li>\n\n\n\n<li class=\"wp-block-huishu-block-splide-slide splide__slide\">\n<figure class=\"wp-block-image size-full is-resized is-style-rounded\"><img loading=\"lazy\" decoding=\"async\" width=\"2000\" height=\"1121\" src=\"https:\/\/www.schoenehaut.de\/wp-content\/uploads\/2026\/02\/AdobeStock_1628764124_Preview.jpeg\" alt=\"\" class=\"wp-image-2460\" style=\"aspect-ratio:2\/1;object-fit:cover;width:auto;height:896px\"\/><\/figure>\n<\/li>\n\n<\/ul>    <\/div>\n            <div class=\"splide__arrows \"><button class=\"splide__arrow splide__arrow--prev\">\n\t\t\t<i class=\"icon-chevron-left-slider\" aria-label=\"Zum vorherigen Slide\"><\/i>\n\t\t<\/button>\n\t\t<button class=\"splide__arrow splide__arrow--next\">\n\t\t\t<i class=\"icon-chevron-right-slider\" aria-label=\"Zum n\u00e4chsten Slide\"><\/i>\n\t\t<\/button><\/div>\n        <\/div><\/div>\n\n\n\n<div class=\"wp-block-column is-layout-flow wp-block-column-is-layout-flow\">\n<h2 class=\"wp-block-heading\">Stirnfalten<\/h2>\n\n\n\n<div class=\"wp-block-buttons is-layout-flex wp-block-buttons-is-layout-flex\">\n<div class=\"wp-block-button is-style-fill\"><a class=\"wp-block-button__link wp-element-button\" href=\"https:\/\/www.schoenehaut.de\/kontakt#kontakt\">Jetzt Termin buchen<\/a><\/div>\n<\/div>\n\n\n\n<div style=\"height:20px\" aria-hidden=\"true\" class=\"wp-block-spacer\"><\/div>\n\n\n\n<h2 class=\"wp-block-heading is-style-h3\">Alles auf einen Blick<\/h2>\n\n\n\n<figure class=\"wp-block-flexible-table-block-table is-style-align-middle\"><table class=\"has-fixed-layout is-stacked-on-mobile\"><tbody><tr><th scope=\"row\"><img loading=\"lazy\" decoding=\"async\" width=\"35\" height=\"35\" class=\"wp-image-4407\" style=\"width: 35px;\" src=\"https:\/\/www.schoenehaut.de\/wp-content\/uploads\/2026\/03\/Behandlungsdauer-Sanduhr.svg\" alt=\"\"> Behandlungsdauer:<\/th><td>ca. 10\u201315 min<\/td><\/tr><tr><th scope=\"row\"><img loading=\"lazy\" decoding=\"async\" width=\"35\" height=\"35\" class=\"wp-image-2745\" style=\"width: 35px;\" src=\"https:\/\/www.schoenehaut.de\/wp-content\/uploads\/2026\/02\/Schmerzen.svg\" alt=\"\"> Schmerzen:<\/th><td>gering<\/td><\/tr><tr><th scope=\"row\"><img loading=\"lazy\" decoding=\"async\" width=\"35\" height=\"35\" class=\"wp-image-2741\" style=\"width: 35px;\" src=\"https:\/\/www.schoenehaut.de\/wp-content\/uploads\/2026\/02\/Betraeubung.svg\" alt=\"\"> Bet\u00e4ubung:<\/th><td>auf Wunsch mit Bet\u00e4ubungscreme<\/td><\/tr><tr><th scope=\"row\"><img loading=\"lazy\" decoding=\"async\" width=\"35\" height=\"35\" class=\"wp-image-2743\" style=\"width: 35px;\" src=\"https:\/\/www.schoenehaut.de\/wp-content\/uploads\/2026\/02\/Gesellschaftsfaehigkeit.svg\" alt=\"\"> Gesellschaftsf\u00e4higkeit:<\/th><td>sofort<\/td><\/tr><tr><th scope=\"row\"><img loading=\"lazy\" decoding=\"async\" width=\"35\" height=\"35\" class=\"wp-image-2742\" style=\"width: 35px;\" src=\"https:\/\/www.schoenehaut.de\/wp-content\/uploads\/2026\/02\/Einschraenkungen.svg\" alt=\"\"> Einschr\u00e4nkungen:<\/th><td>ca. 2 Tage kein Sport, Sauna, Gesichtsmassagen, lange Kopf\u00fcber-Haltung<\/td><\/tr><tr><th scope=\"row\"><img loading=\"lazy\" decoding=\"async\" width=\"35\" height=\"35\" class=\"wp-image-2747\" style=\"width: 35px;\" src=\"https:\/\/www.schoenehaut.de\/wp-content\/uploads\/2026\/02\/Wirkungseintritt.svg\" alt=\"\"> Wirkungseintritt:<\/th><td>nach 3\u201314 Tagen<\/td><\/tr><tr><th scope=\"row\"><img loading=\"lazy\" decoding=\"async\" width=\"35\" height=\"35\" class=\"wp-image-2746\" style=\"width: 35px;\" src=\"https:\/\/www.schoenehaut.de\/wp-content\/uploads\/2026\/02\/Wirkungsdauer.svg\" alt=\"\"> Wirkungsdauer:<\/th><td>3\u20136 Monate<\/td><\/tr><tr><th scope=\"row\"><img loading=\"lazy\" decoding=\"async\" width=\"35\" height=\"35\" class=\"wp-image-2744\" style=\"width: 35px;\" src=\"https:\/\/www.schoenehaut.de\/wp-content\/uploads\/2026\/02\/Kosten.svg\" alt=\"\"> Kosten:<\/th><td>ab 99 \u20ac, werden individuell nach Materialverbrauch berechnet<\/td><\/tr><\/tbody><\/table><\/figure>\n<\/div>\n<\/div>\n\n\n\n<div class=\"wp-block-group alignfull has-white-background-color has-background has-global-padding is-layout-constrained wp-block-group-is-layout-constrained\">\n<div class=\"wp-block-columns is-layout-flex wp-container-core-columns-is-layout-f0342b05 wp-block-columns-is-layout-flex\" style=\"margin-top:0;margin-bottom:0\">\n<div class=\"wp-block-column is-layout-flow wp-block-column-is-layout-flow\" style=\"flex-basis:60%\">\n<div style=\"height:61px\" aria-hidden=\"true\" class=\"wp-block-spacer\"><\/div>\n\n\n\n<h2 class=\"wp-block-heading is-style-h2\">Entspannte Stirn, erhaltene Mimik, sp\u00fcren Sie den Unterschied<\/h2>\n\n\n\n<p>Sp\u00fcren Sie den Unterschied zwischen \u201ebotox to go\u201c und einer sorgf\u00e4ltig und individuell geplanten Behandlung Ihrer Stirnfalten bei Dr. med. Meike Schr\u00f6der in Berlin.<\/p>\n\n\n\n<p>Die horizontalen Stirnfalten sind mitunter die ersten, die in zunehmendem Alter in Erscheinung treten. Im Laufe der Zeit bleiben feine, statische Falten stehen, die am Anfang nur beim Bet\u00e4tigen von Mimik erkennbar waren.<\/p>\n\n\n\n<p>Durch die rechtzeitige Botoxbehandlung der Stirnfalten k\u00f6nnen wir Ihre bereits vorhandenen Stirnfalten gl\u00e4tten und somit auch der Entstehung von dauerhaften Falten vorbeugen.<\/p>\n\n\n\n<p>Wichtig bei der Stirnfaltenbehandlung sind exakte anatomische Kenntnisse und die jahrelange Expertise, \u00fcber die wir bei SCH\u00d6NE HAUT verf\u00fcgen.<\/p>\n\n\n\n<p>Gemeinsam analysieren wir Ihre Mimik und entscheiden \u00fcber das Behandlungsergebnis.<br>Durch eine pr\u00e4zise und geschickte Injektion achten wir beispielsweise sehr darauf, dass die Augenbrauen auf Wunsch leicht angehoben werden, statt wie bei einer unreflektierten Injektion abzusenken.<\/p>\n\n\n\n<p>Bei Wunsch einer ganz leichten Gl\u00e4ttung bei vollst\u00e4ndiger Mimik empfehlen wir eine Babybotox-Behandlung.<\/p>\n\n\n\n<p>Botox gl\u00e4ttet Falten, \u00e4ndert aber wenig an der Hautstruktur. Begleitende Behandlungen mit Hydrafacial\u00ae, Peelings oder <a href=\"https:\/\/www.schoenehaut.de\/institut\/jetpeel\/\" data-type=\"page\" data-id=\"833\">JetPeel\u2122<\/a> sorgen f\u00fcr eine feine, zarte Haut.<\/p>\n\n\n\n<div style=\"height:61px\" aria-hidden=\"true\" class=\"wp-block-spacer\"><\/div>\n<\/div>\n\n\n\n<div class=\"hide-on-mobile wp-block-column is-layout-flow wp-block-column-is-layout-flow\" style=\"flex-basis:5%\"><\/div>\n\n\n\n<div class=\"hide-on-mobile wp-block-column is-layout-flow wp-block-column-is-layout-flow\" style=\"flex-basis:35.9%\">\n<figure class=\"wp-block-image size-full is-resized is-style-right-edge\"><img loading=\"lazy\" decoding=\"async\" width=\"2000\" height=\"1333\" src=\"https:\/\/www.schoenehaut.de\/wp-content\/uploads\/2026\/02\/AdobeStock_759132004_Preview.jpeg\" alt=\"\" class=\"wp-image-2435\" style=\"width:auto;height:1100px\"\/><\/figure>\n<\/div>\n<\/div>\n<\/div>\n\n\n\n<div class=\"wp-block-columns is-style-medium-gap is-layout-flex wp-container-core-columns-is-layout-28f84493 wp-block-columns-is-layout-flex\">\n<div class=\"wp-block-column is-layout-flow wp-block-column-is-layout-flow\">\n<figure class=\"hide-on-mobile wp-block-image size-full is-resized is-style-rounded\"><img loading=\"lazy\" decoding=\"async\" width=\"2000\" height=\"2000\" src=\"https:\/\/www.schoenehaut.de\/wp-content\/uploads\/2026\/03\/Meike_Profilbils_Rund260316.png\" alt=\"\" class=\"wp-image-5625\" style=\"aspect-ratio:1;object-fit:contain;width:auto;height:500px\"\/><\/figure>\n<\/div>\n\n\n\n<div class=\"wp-block-column is-layout-flow wp-block-column-is-layout-flow\">\n<figure class=\"hide-on-desktop wp-block-image size-full is-resized is-style-default\" style=\"margin-top:var(--wp--preset--spacing--m);margin-bottom:var(--wp--preset--spacing--default)\"><img loading=\"lazy\" decoding=\"async\" width=\"2000\" height=\"2000\" src=\"https:\/\/www.schoenehaut.de\/wp-content\/uploads\/2026\/03\/Meike_Profilbils_Rund260316.png\" alt=\"\" class=\"wp-image-5625\" style=\"aspect-ratio:1;object-fit:contain;width:auto;height:400px\"\/><\/figure>\n\n\n\n<h2 class=\"wp-block-heading\">H\u00e4ufig gestellte Fragen zu unserer Stirnfaltenbehandlung<\/h2>\n\n\n\n<details class=\"wp-block-huishu-agentur-huishu-faq-block\"><summary><span>Kann ich mit Botox die Faltenbildung an meiner Stirn langfristig verhindern?<\/span><\/summary><div class=\"faq-details is-layout-flow\">\n<p>Ja, regelm\u00e4\u00dfige Anwendungen k\u00f6nnen nicht nur bestehende Falten reduzieren, sondern auch die Bildung neuer, tieferer Falten verhindern, indem die zugrundeliegende Muskulatur entspannt wird.<\/p>\n<\/div><\/details>\n\n\n\n<details class=\"wp-block-huishu-agentur-huishu-faq-block\"><summary><span>Kann ich nach der Botox-Behandlung arbeiten?<\/span><\/summary><div class=\"faq-details is-layout-flow\">\n<p>Ja. Sie sind sofort gesellschaftsf\u00e4hig. Sport, Sauna und Massagen bitte 1\u20132 Tage pausieren.<\/p>\n<\/div><\/details>\n\n\n\n<details class=\"wp-block-huishu-agentur-huishu-faq-block\"><summary><span>Was passiert, wenn ich Botox gegen meine Stirnfalten absetze?<\/span><\/summary><div class=\"faq-details is-layout-flow\">\n<p>Die Muskulatur kehrt in den Normalzustand zur\u00fcck. Es entstehen keine neuen Falten und keine Verschlechterung.<\/p>\n<\/div><\/details>\n\n\n\n<details class=\"wp-block-huishu-agentur-huishu-faq-block\"><summary><span>Wie l\u00e4uft die Botoxbehandlung gegen Stirnfalten in unserer Praxis ab?<\/span><\/summary><div class=\"faq-details is-layout-flow\">\n<p>Nach der Absprache des gemeinsamen Behandlungsplanes und Desinfektion der Stirn wird Botulinumtoxin (Botox) in einer geringen Menge mit einer sehr d\u00fcnnen Nadel exakt in die Stirn injiziert. Au\u00dfer einem zarten Pieksen ist kaum etwas zu sp\u00fcren. Die Faltenbehandlung\/Injektion selbst dauert nur wenige Minuten und wird von den Fach\u00e4rztinnen pers\u00f6nlich durchgef\u00fchrt.<\/p>\n<\/div><\/details>\n\n\n\n<details class=\"wp-block-huishu-agentur-huishu-faq-block\"><summary><span>Wann sind erste Therapieergebnisse sichtbar und wie lange h\u00e4lt das Ergebnis an?<\/span><\/summary><div class=\"faq-details is-layout-flow\">\n<p>Das endg\u00fcltige und zufriedenstellende Resultat einer Stirnfaltenbehandlung sieht man nach etwa 7\u201314 Tagen. Die Wirkung h\u00e4lt ca. 3\u20136 Monate an.<\/p>\n<\/div><\/details>\n\n\n\n<details class=\"wp-block-huishu-agentur-huishu-faq-block\"><summary><span>Muss ich vor der Botoxinjektion etwas beachten?<\/span><\/summary><div class=\"faq-details is-layout-flow\">\n<p>Besondere Ma\u00dfnahmen m\u00fcssen vor der Botoxinjektion nicht beachtet werden. Wir legen gro\u00dfen Wert auf eine individuelle Beratung, w\u00e4hrend der wir Ihre pers\u00f6nlichen W\u00fcnsche umsetzen und Sie sehr genau \u00fcber das zu erwartende Ergebnis informieren.<\/p>\n<\/div><\/details>\n<\/div>\n<\/div>\n\n\n\n<div class=\"wp-block-columns is-layout-flex wp-container-core-columns-is-layout-28f84493 wp-block-columns-is-layout-flex\">\n<div class=\"wp-block-column is-layout-flow wp-block-column-is-layout-flow\">\n<h2 class=\"wp-block-heading\">Weitere Behandlungen<\/h2>\n\n\n\n<div class=\"wp-block-group has-global-padding is-layout-constrained wp-block-group-is-layout-constrained\"><div class=\"schoenehaut-behandlungs-grid wp-block-schoenehaut-behandlungs-kacheln\"><a href=\"https:\/\/www.schoenehaut.de\/en\/aesthetik\/hyaluron\/faltenbehandlung\/\" class=\"behandlungs-tile\" aria-label=\"Faltenunterspritzung\">\n                <img decoding=\"async\" src=\"https:\/\/www.schoenehaut.de\/wp-content\/uploads\/2026\/02\/istockphoto-1050196682-2048x2048-1.jpg\" alt=\"\" class=\"tile-image\" aria-hidden=\"true\">\n                <span class=\"tile-title\">Faltenunterspritzung<\/span>\n            <\/a><a href=\"https:\/\/www.schoenehaut.de\/en\/laser\/laserlifting-augenlidstraffung\/\" class=\"behandlungs-tile\" aria-label=\"Laserlifting\">\n                <img decoding=\"async\" src=\"https:\/\/www.schoenehaut.de\/wp-content\/uploads\/2026\/02\/AdobeStock_1448106743_Preview.jpeg\" alt=\"\" class=\"tile-image\" aria-hidden=\"true\">\n                <span class=\"tile-title\">Laserlifting<\/span>\n            <\/a><a href=\"https:\/\/www.schoenehaut.de\/en\/aesthetik\/biostimulation-mesotherapie\/polynukleotide-pdrn-salmon-sperm-lift\/\" class=\"behandlungs-tile\" aria-label=\"Biostimulatoren\">\n                <img decoding=\"async\" src=\"https:\/\/www.schoenehaut.de\/wp-content\/uploads\/2026\/02\/AdobeStock_1628764124_Preview.jpeg\" alt=\"\" class=\"tile-image\" aria-hidden=\"true\">\n                <span class=\"tile-title\">Biostimulatoren<\/span>\n            <\/a><\/div><\/div>\n<\/div>\n<\/div>\n","protected":false},"excerpt":{"rendered":"<p>Stirnfalten Alles auf einen Blick Entspannte Stirn, erhaltene Mimik, sp\u00fcren Sie den Unterschied Sp\u00fcren Sie den Unterschied zwischen \u201ebotox to go\u201c und einer sorgf\u00e4ltig und individuell geplanten Behandlung Ihrer Stirnfalten bei Dr. med. Meike Schr\u00f6der in Berlin. Die horizontalen Stirnfalten sind mitunter die ersten, die in zunehmendem Alter in Erscheinung treten. Im Laufe der Zeit [&hellip;]<\/p>\n","protected":false},"author":1,"featured_media":0,"parent":739,"menu_order":2,"comment_status":"closed","ping_status":"closed","template":"","meta":{"footnotes":""},"class_list":["post-960","page","type-page","status-publish","hentry"],"_links":{"self":[{"href":"https:\/\/www.schoenehaut.de\/en\/wp-json\/wp\/v2\/pages\/960","targetHints":{"allow":["GET"]}}],"collection":[{"href":"https:\/\/www.schoenehaut.de\/en\/wp-json\/wp\/v2\/pages"}],"about":[{"href":"https:\/\/www.schoenehaut.de\/en\/wp-json\/wp\/v2\/types\/page"}],"author":[{"embeddable":true,"href":"https:\/\/www.schoenehaut.de\/en\/wp-json\/wp\/v2\/users\/1"}],"replies":[{"embeddable":true,"href":"https:\/\/www.schoenehaut.de\/en\/wp-json\/wp\/v2\/comments?post=960"}],"version-history":[{"count":24,"href":"https:\/\/www.schoenehaut.de\/en\/wp-json\/wp\/v2\/pages\/960\/revisions"}],"predecessor-version":[{"id":5825,"href":"https:\/\/www.schoenehaut.de\/en\/wp-json\/wp\/v2\/pages\/960\/revisions\/5825"}],"up":[{"embeddable":true,"href":"https:\/\/www.schoenehaut.de\/en\/wp-json\/wp\/v2\/pages\/739"}],"wp:attachment":[{"href":"https:\/\/www.schoenehaut.de\/en\/wp-json\/wp\/v2\/media?parent=960"}],"curies":[{"name":"wp","href":"https:\/\/api.w.org\/{rel}","templated":true}]}}