{"id":962,"date":"2026-01-29T14:59:12","date_gmt":"2026-01-29T13:59:12","guid":{"rendered":"https:\/\/www.schoenehaut.de\/?page_id=962"},"modified":"2026-03-24T16:20:53","modified_gmt":"2026-03-24T15:20:53","slug":"kraehenfuesse-unterlidfalten","status":"publish","type":"page","link":"https:\/\/www.schoenehaut.de\/en\/aesthetik\/botulinumtoxin-botox\/kraehenfuesse-unterlidfalten\/","title":{"rendered":"Kr\u00e4henf\u00fc\u00dfe, Unterlidfalten"},"content":{"rendered":"\n<div style=\"height:213px\" aria-hidden=\"true\" class=\"hide-on-mobile wp-block-spacer\"><\/div>\n\n\n\n<div style=\"height:100px\" aria-hidden=\"true\" class=\"hide-on-desktop wp-block-spacer\"><\/div>\n\n\n\n<div class=\"wp-block-columns is-style-big-gap is-layout-flex wp-container-core-columns-is-layout-28f84493 wp-block-columns-is-layout-flex\">\n<div class=\"wp-block-column is-layout-flow wp-block-column-is-layout-flow\"><div class=\"splide has-pagination-center is-style-portrait-contained wp-block-huishu-block-hu-splide-slider\" aria-labelledby=\"\" data-splide=\"{&quot;type&quot;:&quot;fade&quot;,&quot;perPage&quot;:1,&quot;arrows&quot;:true,&quot;autoplay&quot;:true,&quot;speed&quot;:1500,&quot;interval&quot;:4000,&quot;pagination&quot;:true,&quot;rewind&quot;:&quot;true&quot;}\">\n    <div class=\"splide__track\">\n        <ul class=\"splide__list\">\n\n<li class=\"wp-block-huishu-block-splide-slide splide__slide\">\n<figure class=\"wp-block-image size-full is-resized is-style-rounded\"><img loading=\"lazy\" decoding=\"async\" width=\"2000\" height=\"1121\" src=\"https:\/\/www.schoenehaut.de\/wp-content\/uploads\/2026\/02\/AdobeStock_1880192489_Preview.jpeg\" alt=\"\" class=\"wp-image-2478\" style=\"aspect-ratio:2\/1;object-fit:cover;width:auto;height:896px\"\/><\/figure>\n<\/li>\n\n\n\n<li class=\"wp-block-huishu-block-splide-slide splide__slide\">\n<figure class=\"wp-block-image size-full is-resized is-style-rounded\"><img loading=\"lazy\" decoding=\"async\" width=\"2000\" height=\"1333\" src=\"https:\/\/www.schoenehaut.de\/wp-content\/uploads\/2026\/02\/Lidstraffung02.jpg\" alt=\"\" class=\"wp-image-3830\" style=\"aspect-ratio:2\/1;object-fit:cover;width:auto;height:896px\"\/><\/figure>\n<\/li>\n\n<\/ul>    <\/div>\n            <div class=\"splide__arrows \"><button class=\"splide__arrow splide__arrow--prev\">\n\t\t\t<i class=\"icon-chevron-left-slider\" aria-label=\"Zum vorherigen Slide\"><\/i>\n\t\t<\/button>\n\t\t<button class=\"splide__arrow splide__arrow--next\">\n\t\t\t<i class=\"icon-chevron-right-slider\" aria-label=\"Zum n\u00e4chsten Slide\"><\/i>\n\t\t<\/button><\/div>\n        <\/div><\/div>\n\n\n\n<div class=\"wp-block-column is-layout-flow wp-block-column-is-layout-flow\">\n<h1 class=\"wp-block-heading is-style-h4 has-large-font-size\">Kr\u00e4henf\u00fc\u00dfe behandeln:<\/h1>\n\n\n\n<h2 class=\"wp-block-heading\" style=\"margin-top:var(--wp--preset--spacing--subtitle)\">Die Botoxbehandlung gegen Augenfalten<\/h2>\n\n\n\n<p>Lachf\u00e4ltchen sind sehr sympathisch und sollten unbedingt erhalten bleiben. Aber wenn die seitlichen Falten der \u00e4u\u00dferen Augenr\u00e4nder auch den Wangenbereich in Falten legt, wird es oft als st\u00f6rend empfunden.<\/p>\n\n\n\n<p>Durch feindosierte Injektionen mit Botulinum kann diese zu starke Faltenbildung unterbunden und gleichzeitig das sympathische L\u00e4cheln erhalten bleiben.<\/p>\n\n\n\n<div class=\"wp-block-buttons is-layout-flex wp-block-buttons-is-layout-flex\">\n<div class=\"wp-block-button is-style-fill\"><a class=\"wp-block-button__link wp-element-button\" href=\"https:\/\/www.schoenehaut.de\/kontakt#kontakt\">Jetzt Termin buchen<\/a><\/div>\n<\/div>\n<\/div>\n<\/div>\n\n\n\n<div class=\"wp-block-group alignfull has-white-background-color has-background has-global-padding is-layout-constrained wp-block-group-is-layout-constrained\">\n<div class=\"wp-block-columns is-layout-flex wp-container-core-columns-is-layout-f0342b05 wp-block-columns-is-layout-flex\" style=\"margin-top:0;margin-bottom:0\">\n<div class=\"wp-block-column is-layout-flow wp-block-column-is-layout-flow\" style=\"flex-basis:60%\">\n<div style=\"height:61px\" aria-hidden=\"true\" class=\"wp-block-spacer\"><\/div>\n\n\n\n<figure class=\"hide-on-desktop wp-block-image size-full is-resized is-style-default\" style=\"margin-top:var(--wp--preset--spacing--m);margin-bottom:var(--wp--preset--spacing--default)\"><img loading=\"lazy\" decoding=\"async\" width=\"2000\" height=\"2000\" src=\"https:\/\/www.schoenehaut.de\/wp-content\/uploads\/2026\/03\/Meike_Profilbils_Rund260316.png\" alt=\"\" class=\"wp-image-5625\" style=\"aspect-ratio:1;object-fit:contain;width:auto;height:400px\"\/><\/figure>\n\n\n\n<h2 class=\"wp-block-heading is-style-h2\">H\u00e4ufig gestellte Fragen zu unserer Kr\u00e4henf\u00fc\u00dfe-Behandlung<\/h2>\n\n\n\n<details class=\"wp-block-huishu-agentur-huishu-faq-block\"><summary><span>Kann ich nach der Kr\u00e4henf\u00fc\u00dfe-Behandlung meiner gewohnten T\u00e4tigkeit nachgehen?<\/span><\/summary><div class=\"faq-details is-layout-flow\">\n<p>Man sollte den Kopf nicht zu sehr nach unten richten, um das Entstehen von kleinen Bluterg\u00fcssen zu vermeiden. Bei Bedarf k\u00f6nnen die behandelten Areale zu Hause nochmals gek\u00fchlt werden. Bis zu 2 Tage nach der Behandlung sollten keine Saunag\u00e4nge oder sportliche Aktivit\u00e4ten geplant werden. Der Verzicht auf Alkohol und Nikotin ist ratsam.<\/p>\n\n\n\n<p>Gerne k\u00f6nnen die behandelten Areale nach der Behandlung aktiviert werden (Stirnrunzeln, b\u00f6se gucken). Das f\u00f6rdert die Verteilung von Botulinumtoxin im Gewebe und somit das Ansprechen der Therapie.<\/p>\n<\/div><\/details>\n\n\n\n<details class=\"wp-block-huishu-agentur-huishu-faq-block\"><summary><span>Wie oft kann ich Kr\u00e4henf\u00fc\u00dfe mit Botox behandeln?<\/span><\/summary><div class=\"faq-details is-layout-flow\">\n<p>Die Wirkung von Botulinumtoxin ist zeitlich begrenzt, der Wirkstoff wird abgebaut, sodass sich der zuvor ruhig gestellte Muskel dann erneut kontrahieren kann. Mit wiederholten Injektionen wird der Muskel schw\u00e4cher, sodass die Abst\u00e4nde der Botoxinjektionen meist l\u00e4nger werden. Botoxbehandlungen k\u00f6nnen beliebig oft wiederholt werden.<\/p>\n<\/div><\/details>\n\n\n\n<details class=\"wp-block-huishu-agentur-huishu-faq-block\"><summary><span>K\u00f6nnen Nebenwirkungen bei der Kr\u00e4henf\u00fc\u00dfe-Behandlung auftreten?<\/span><\/summary><div class=\"faq-details is-layout-flow\">\n<p>Nebenwirkungen treten sehr selten auf. An den Einstichstellen kann es vor\u00fcbergehend zu kleinen Bluterg\u00fcssen oder minimalen R\u00f6tungen kommen. In seltenen F\u00e4llen k\u00f6nnen 24 Stunden nach der Injektion Kopfschmerzen auftreten. Besonderen Wert legen wir beim Einsatz von Botulinumtoxin auf einen nat\u00fcrlichen Gesichtsausdruck. Eine mimische Starre halten wir nicht f\u00fcr w\u00fcnschenswert.<\/p>\n<\/div><\/details>\n\n\n\n<details class=\"wp-block-huishu-agentur-huishu-faq-block\"><summary><span>Wann d\u00fcrfen Kr\u00e4henf\u00fc\u00dfe nicht mit Botulinumtoxin behandelt werden?<\/span><\/summary><div class=\"faq-details is-layout-flow\">\n<p>Kontraindikationen:<br>Eine Behandlung mit Botulinumtoxin-A (Botox) darf nicht durchgef\u00fchrt werden, wenn:<\/p>\n\n\n\n<ul class=\"wp-block-list\">\n<li>eine bekannte \u00dcberempfindlichkeit gegen Botulinumtoxin oder einen der sonstigen Bestandteile besteht<\/li>\n\n\n\n<li>eine generalisierte St\u00f6rung der Muskelaktivit\u00e4t vorliegt (z. B. Myasthenia gravis)<\/li>\n\n\n\n<li>akute Infektionen oder Entz\u00fcndungen im Bereich der Injektionsstelle bestehen<\/li>\n\n\n\n<li>eine Schwangerschaft oder Stillzeit vorliegt<\/li>\n<\/ul>\n\n\n\n<p>Ob eine Behandlung sinnvoll und sicher ist, wird im pers\u00f6nlichen Beratungsgespr\u00e4ch individuell gekl\u00e4rt.<\/p>\n<\/div><\/details>\n\n\n\n<div style=\"height:61px\" aria-hidden=\"true\" class=\"wp-block-spacer\"><\/div>\n<\/div>\n\n\n\n<div class=\"hide-on-mobile wp-block-column is-layout-flow wp-block-column-is-layout-flow\" style=\"flex-basis:5%\"><\/div>\n\n\n\n<div class=\"hide-on-mobile wp-block-column is-layout-flow wp-block-column-is-layout-flow\" style=\"flex-basis:35.9%\">\n<figure class=\"wp-block-image size-full is-resized is-style-right-edge\"><img loading=\"lazy\" decoding=\"async\" width=\"2000\" height=\"1334\" src=\"https:\/\/www.schoenehaut.de\/wp-content\/uploads\/2026\/01\/RL01202_6881.jpg\" alt=\"\" class=\"wp-image-906\" style=\"width:auto;height:700px\"\/><\/figure>\n<\/div>\n<\/div>\n<\/div>\n\n\n\n<div class=\"wp-block-columns is-layout-flex wp-container-core-columns-is-layout-28f84493 wp-block-columns-is-layout-flex\">\n<div class=\"wp-block-column is-layout-flow wp-block-column-is-layout-flow\">\n<h2 class=\"wp-block-heading\">Weitere Behandlungen<\/h2>\n\n\n\n<div class=\"wp-block-group has-global-padding is-layout-constrained wp-block-group-is-layout-constrained\"><div class=\"schoenehaut-behandlungs-grid wp-block-schoenehaut-behandlungs-kacheln\"><a href=\"https:\/\/www.schoenehaut.de\/en\/institut\/potenza-radiofrequenz-needling\/\" class=\"behandlungs-tile\" aria-label=\"Potenza\u2122\">\n                <img decoding=\"async\" src=\"https:\/\/www.schoenehaut.de\/wp-content\/uploads\/2026\/03\/istockphoto-1488371906-1024x1024-1.jpg\" alt=\"\" class=\"tile-image\" aria-hidden=\"true\">\n                <span class=\"tile-title\">Potenza\u2122<\/span>\n            <\/a><a href=\"https:\/\/www.schoenehaut.de\/en\/laser\/laserlifting-augenlidstraffung\/\" class=\"behandlungs-tile\" aria-label=\"Laserlifting\">\n                <img decoding=\"async\" src=\"https:\/\/www.schoenehaut.de\/wp-content\/uploads\/2026\/02\/AdobeStock_1448106743_Preview.jpeg\" alt=\"\" class=\"tile-image\" aria-hidden=\"true\">\n                <span class=\"tile-title\">Laserlifting<\/span>\n            <\/a><a href=\"https:\/\/www.schoenehaut.de\/en\/aesthetik\/biostimulation-mesotherapie\/polynukleotide-pdrn-salmon-sperm-lift\/\" class=\"behandlungs-tile\" aria-label=\"Polynukleotide\">\n                <img decoding=\"async\" src=\"https:\/\/www.schoenehaut.de\/wp-content\/uploads\/2026\/02\/AdobeStock_1628764124_Preview.jpeg\" alt=\"\" class=\"tile-image\" aria-hidden=\"true\">\n                <span class=\"tile-title\">Polynukleotide<\/span>\n            <\/a><\/div><\/div>\n<\/div>\n<\/div>\n","protected":false},"excerpt":{"rendered":"<p>Kr\u00e4henf\u00fc\u00dfe behandeln: Die Botoxbehandlung gegen Augenfalten Lachf\u00e4ltchen sind sehr sympathisch und sollten unbedingt erhalten bleiben. Aber wenn die seitlichen Falten der \u00e4u\u00dferen Augenr\u00e4nder auch den Wangenbereich in Falten legt, wird es oft als st\u00f6rend empfunden. Durch feindosierte Injektionen mit Botulinum kann diese zu starke Faltenbildung unterbunden und gleichzeitig das sympathische L\u00e4cheln erhalten bleiben. H\u00e4ufig gestellte [&hellip;]<\/p>\n","protected":false},"author":1,"featured_media":0,"parent":739,"menu_order":0,"comment_status":"closed","ping_status":"closed","template":"","meta":{"footnotes":""},"class_list":["post-962","page","type-page","status-publish","hentry"],"_links":{"self":[{"href":"https:\/\/www.schoenehaut.de\/en\/wp-json\/wp\/v2\/pages\/962","targetHints":{"allow":["GET"]}}],"collection":[{"href":"https:\/\/www.schoenehaut.de\/en\/wp-json\/wp\/v2\/pages"}],"about":[{"href":"https:\/\/www.schoenehaut.de\/en\/wp-json\/wp\/v2\/types\/page"}],"author":[{"embeddable":true,"href":"https:\/\/www.schoenehaut.de\/en\/wp-json\/wp\/v2\/users\/1"}],"replies":[{"embeddable":true,"href":"https:\/\/www.schoenehaut.de\/en\/wp-json\/wp\/v2\/comments?post=962"}],"version-history":[{"count":19,"href":"https:\/\/www.schoenehaut.de\/en\/wp-json\/wp\/v2\/pages\/962\/revisions"}],"predecessor-version":[{"id":5781,"href":"https:\/\/www.schoenehaut.de\/en\/wp-json\/wp\/v2\/pages\/962\/revisions\/5781"}],"up":[{"embeddable":true,"href":"https:\/\/www.schoenehaut.de\/en\/wp-json\/wp\/v2\/pages\/739"}],"wp:attachment":[{"href":"https:\/\/www.schoenehaut.de\/en\/wp-json\/wp\/v2\/media?parent=962"}],"curies":[{"name":"wp","href":"https:\/\/api.w.org\/{rel}","templated":true}]}}