{"id":969,"date":"2026-01-29T14:59:51","date_gmt":"2026-01-29T13:59:51","guid":{"rendered":"https:\/\/www.schoenehaut.de\/?page_id=969"},"modified":"2026-03-24T16:25:06","modified_gmt":"2026-03-24T15:25:06","slug":"mundwinkel-anheben-dao","status":"publish","type":"page","link":"https:\/\/www.schoenehaut.de\/en\/aesthetik\/botulinumtoxin-botox\/mundwinkel-anheben-dao\/","title":{"rendered":"Mundwinkel anheben (DAO)"},"content":{"rendered":"\n<div style=\"height:213px\" aria-hidden=\"true\" class=\"hide-on-mobile wp-block-spacer\"><\/div>\n\n\n\n<div style=\"height:100px\" aria-hidden=\"true\" class=\"hide-on-desktop wp-block-spacer\"><\/div>\n\n\n\n<div class=\"wp-block-columns is-style-big-gap is-layout-flex wp-container-core-columns-is-layout-28f84493 wp-block-columns-is-layout-flex\">\n<div class=\"wp-block-column is-layout-flow wp-block-column-is-layout-flow\"><div class=\"splide has-pagination-center is-style-portrait-contained wp-block-huishu-block-hu-splide-slider\" aria-labelledby=\"\" data-splide=\"{&quot;type&quot;:&quot;fade&quot;,&quot;perPage&quot;:1,&quot;arrows&quot;:true,&quot;autoplay&quot;:true,&quot;speed&quot;:1500,&quot;interval&quot;:5000,&quot;pagination&quot;:true,&quot;rewind&quot;:&quot;true&quot;}\">\n    <div class=\"splide__track\">\n        <ul class=\"splide__list\">\n\n<li class=\"wp-block-huishu-block-splide-slide splide__slide\">\n<figure class=\"wp-block-image size-full is-resized is-style-rounded\"><img loading=\"lazy\" decoding=\"async\" width=\"2000\" height=\"1333\" src=\"https:\/\/www.schoenehaut.de\/wp-content\/uploads\/2026\/02\/AdobeStock_759132004_Preview.jpeg\" alt=\"\" class=\"wp-image-2435\" style=\"aspect-ratio:2\/1;object-fit:cover;width:auto;height:896px\"\/><\/figure>\n<\/li>\n\n\n\n<li class=\"wp-block-huishu-block-splide-slide splide__slide\">\n<figure class=\"wp-block-image size-full is-resized is-style-rounded\"><img loading=\"lazy\" decoding=\"async\" width=\"1125\" height=\"2000\" src=\"https:\/\/www.schoenehaut.de\/wp-content\/uploads\/2026\/02\/Bilder-Hochformat-14.jpg\" alt=\"\" class=\"wp-image-2292\" style=\"aspect-ratio:2\/1;object-fit:cover;width:auto;height:896px\"\/><\/figure>\n<\/li>\n\n<\/ul>    <\/div>\n            <div class=\"splide__arrows \"><button class=\"splide__arrow splide__arrow--prev\">\n\t\t\t<i class=\"icon-chevron-left-slider\" aria-label=\"Zum vorherigen Slide\"><\/i>\n\t\t<\/button>\n\t\t<button class=\"splide__arrow splide__arrow--next\">\n\t\t\t<i class=\"icon-chevron-right-slider\" aria-label=\"Zum n\u00e4chsten Slide\"><\/i>\n\t\t<\/button><\/div>\n        <\/div><\/div>\n\n\n\n<div class=\"wp-block-column is-layout-flow wp-block-column-is-layout-flow\">\n<h1 class=\"wp-block-heading is-style-h4 has-large-font-size\">Marionetten&shy;falten ent&shy;fernen: <\/h1>\n\n\n\n<h2 class=\"wp-block-heading\" style=\"margin-top:var(--wp--preset--spacing--subtitle)\">Ihre Botox&shy;behand&shy;lung in Berlin<\/h2>\n\n\n\n<p>Sehr h\u00e4ufig besteht eine \u00dcberaktivit\u00e4t des Muskels, der die Mundwinkel herunterzieht. Dieser Musculus Depressor Anguli Oris (DAO) l\u00e4sst einen sehr m\u00fcrrisch und unzufrieden aussehen und ist mitverantwortlich f\u00fcr die Ausbildung der sogenannten Marionettenfalten.<\/p>\n\n\n\n<p>Die Behandlung des DAO tr\u00e4gt ganz wesentlich zu einer harmonischen, ausgeglichenen Mundpartie bei. Meist kombinieren wir die Unterspritzung der Marionettenfalten mit einer Behandlung des DAO.<\/p>\n\n\n\n<div class=\"wp-block-buttons is-layout-flex wp-block-buttons-is-layout-flex\">\n<div class=\"wp-block-button is-style-fill\"><a class=\"wp-block-button__link wp-element-button\" href=\"https:\/\/www.schoenehaut.de\/kontakt\/#kontakt\">Jetzt Termin buchen<\/a><\/div>\n<\/div>\n<\/div>\n<\/div>\n\n\n\n<div class=\"wp-block-group alignfull has-white-background-color has-background has-global-padding is-layout-constrained wp-block-group-is-layout-constrained\">\n<div class=\"wp-block-columns is-layout-flex wp-container-core-columns-is-layout-f0342b05 wp-block-columns-is-layout-flex\" style=\"margin-top:0;margin-bottom:0\">\n<div class=\"wp-block-column is-layout-flow wp-block-column-is-layout-flow\" style=\"flex-basis:60%\">\n<div style=\"height:61px\" aria-hidden=\"true\" class=\"wp-block-spacer\"><\/div>\n\n\n\n<figure class=\"hide-on-desktop wp-block-image size-full is-resized is-style-default\" style=\"margin-top:var(--wp--preset--spacing--m);margin-bottom:var(--wp--preset--spacing--default)\"><img loading=\"lazy\" decoding=\"async\" width=\"2000\" height=\"2000\" src=\"https:\/\/www.schoenehaut.de\/wp-content\/uploads\/2026\/03\/Meike_Profilbils_Rund260316.png\" alt=\"\" class=\"wp-image-5625\" style=\"aspect-ratio:1;object-fit:contain;width:auto;height:400px\"\/><\/figure>\n\n\n\n<h2 class=\"wp-block-heading is-style-h2\">H\u00e4ufig gestellte Fragen zu unserer Mario&shy;netten&shy;falten-Entfernung<\/h2>\n\n\n\n<details class=\"wp-block-huishu-agentur-huishu-faq-block\"><summary><span>Kann ich nach der Marionettenfalten-Entfernung meiner gewohnten T\u00e4tigkeit nachgehen?<\/span><\/summary><div class=\"faq-details is-layout-flow\">\n<p>Nach der Botoxbehandlung k\u00f6nnen Sie den normalen Aktivit\u00e4ten sofort wieder nachgehen und sind gesellschaftsf\u00e4hig. Am Tag der Behandlung sollte darauf geachtet werden, den Kopf nicht nach unten zu richten, um das Entstehen von kleinen Bluterg\u00fcssen zu vermeiden. Bei Bedarf k\u00f6nnen die behandelten Areale zu Hause nochmals gek\u00fchlt werden. Bis zu 2 Tage nach der Behandlung sollten keine Saunag\u00e4nge oder sportliche Aktivit\u00e4ten geplant werden. Der Verzicht auf Alkohol und Nikotin ist ratsam.<br>Gerne k\u00f6nnen die behandelten Areale nach der Behandlung aktiviert werden (Stirnrunzeln, b\u00f6se gucken). Das f\u00f6rdert die Verteilung von Botulinumtoxin im Gewebe und somit das Ansprechen der Therapie.<\/p>\n<\/div><\/details>\n\n\n\n<details class=\"wp-block-huishu-agentur-huishu-faq-block\"><summary><span>Wie oft kann ich die Marionettenfalten-Entfernung mit Botox wiederholen?<\/span><\/summary><div class=\"faq-details is-layout-flow\">\n<p>Die Wirkung von Botulinumtoxin ist zeitlich begrenzt, der Wirkstoff wird abgebaut, sodass sich der zuvor ruhig gestellte Muskel dann erneut kontrahieren kann. Mit wiederholten Injektionen wird der Muskel schw\u00e4cher, sodass die Abst\u00e4nde der Botoxinjektionen meist l\u00e4nger werden. Botoxbehandlungen k\u00f6nnen beliebig oft wiederholt werden.<\/p>\n<\/div><\/details>\n\n\n\n<details class=\"wp-block-huishu-agentur-huishu-faq-block\"><summary><span>K\u00f6nnen Nebenwirkungen beim Entfernen der Marionettenfalten auftreten?<\/span><\/summary><div class=\"faq-details is-layout-flow\">\n<p>Nebenwirkungen treten sehr selten auf. An den Einstichstellen kann es vor\u00fcbergehend zu kleinen Bluterg\u00fcssen oder minimalen R\u00f6tungen kommen. In seltenen F\u00e4llen k\u00f6nnen 24 Stunden nach der Injektion Kopfschmerzen auftreten. Besonderen Wert legen wir beim Einsatz von Botulinumtoxin auf einen nat\u00fcrlichen Gesichtsausdruck. Eine mimische Starre halten wir nicht f\u00fcr w\u00fcnschenswert.<\/p>\n<\/div><\/details>\n\n\n\n<details class=\"wp-block-huishu-agentur-huishu-faq-block\"><summary><span>Wann darf die Entfernung von Marionettenfalten mit Botulinumtoxin nicht durchgef\u00fchrt werden?<\/span><\/summary><div class=\"faq-details is-layout-flow\">\n<p>Kontraindikationen:<br>Eine Behandlung mit Botulinumtoxin-A (Botox) darf nicht durchgef\u00fchrt werden, wenn:<\/p>\n\n\n\n<ul class=\"wp-block-list\">\n<li>eine bekannte \u00dcberempfindlichkeit gegen Botulinumtoxin oder einen der sonstigen Bestandteile besteht<\/li>\n\n\n\n<li>eine generalisierte St\u00f6rung der Muskelaktivit\u00e4t vorliegt (z. B. Myasthenia gravis)<\/li>\n\n\n\n<li>akute Infektionen oder Entz\u00fcndungen im Bereich der geplanten Injektionsstelle bestehen (z. B. Herpes)<\/li>\n\n\n\n<li>eine Schwangerschaft oder Stillzeit vorliegt<\/li>\n<\/ul>\n\n\n\n<p>Ob eine Behandlung sinnvoll und sicher ist, wird im pers\u00f6nlichen Beratungsgespr\u00e4ch individuell<br>gekl\u00e4rt.<\/p>\n<\/div><\/details>\n\n\n\n<div style=\"height:61px\" aria-hidden=\"true\" class=\"wp-block-spacer\"><\/div>\n<\/div>\n\n\n\n<div class=\"hide-on-mobile wp-block-column is-layout-flow wp-block-column-is-layout-flow\" style=\"flex-basis:5%\"><\/div>\n\n\n\n<div class=\"hide-on-mobile wp-block-column is-layout-flow wp-block-column-is-layout-flow\" style=\"flex-basis:35.9%\">\n<figure class=\"wp-block-image size-full is-resized is-style-right-edge\"><img loading=\"lazy\" decoding=\"async\" width=\"2000\" height=\"1334\" src=\"https:\/\/www.schoenehaut.de\/wp-content\/uploads\/2026\/01\/RL01202_6881.jpg\" alt=\"\" class=\"wp-image-906\" style=\"width:auto;height:800px\"\/><\/figure>\n<\/div>\n<\/div>\n<\/div>\n\n\n\n<div class=\"wp-block-columns is-layout-flex wp-container-core-columns-is-layout-28f84493 wp-block-columns-is-layout-flex\">\n<div class=\"wp-block-column is-layout-flow wp-block-column-is-layout-flow\">\n<h2 class=\"wp-block-heading\">Weitere Behandlungen<\/h2>\n\n\n\n<div class=\"wp-block-group has-global-padding is-layout-constrained wp-block-group-is-layout-constrained\"><div class=\"schoenehaut-behandlungs-grid wp-block-schoenehaut-behandlungs-kacheln\"><a href=\"https:\/\/www.schoenehaut.de\/en\/aesthetik\/fadenlifting\/\" class=\"behandlungs-tile\" aria-label=\"Fadenlifting\">\n                <img decoding=\"async\" src=\"https:\/\/www.schoenehaut.de\/wp-content\/uploads\/2026\/02\/AdobeStock_1448106743_Preview.jpeg\" alt=\"\" class=\"tile-image\" aria-hidden=\"true\">\n                <span class=\"tile-title\">Fadenlifting<\/span>\n            <\/a><a href=\"https:\/\/www.schoenehaut.de\/en\/aesthetik\/fett-weg-spritze\/\" class=\"behandlungs-tile\" aria-label=\"Lipolyse\">\n                <img decoding=\"async\" src=\"https:\/\/www.schoenehaut.de\/wp-content\/uploads\/2026\/02\/AdobeStock_545141186_Preview.jpeg\" alt=\"\" class=\"tile-image\" aria-hidden=\"true\">\n                <span class=\"tile-title\">Lipolyse<\/span>\n            <\/a><a href=\"https:\/\/www.schoenehaut.de\/en\/aesthetik\/hyaluron\/faltenbehandlung\/\" class=\"behandlungs-tile\" aria-label=\"Faltenunterspritzung\">\n                <img decoding=\"async\" src=\"https:\/\/www.schoenehaut.de\/wp-content\/uploads\/2026\/02\/istockphoto-1050196682-2048x2048-1.jpg\" alt=\"\" class=\"tile-image\" aria-hidden=\"true\">\n                <span class=\"tile-title\">Faltenunterspritzung<\/span>\n            <\/a><\/div><\/div>\n<\/div>\n<\/div>\n","protected":false},"excerpt":{"rendered":"<p>Marionettenfalten entfernen: Ihre Botoxbehandlung in Berlin Sehr h\u00e4ufig besteht eine \u00dcberaktivit\u00e4t des Muskels, der die Mundwinkel herunterzieht. Dieser Musculus Depressor Anguli Oris (DAO) l\u00e4sst einen sehr m\u00fcrrisch und unzufrieden aussehen und ist mitverantwortlich f\u00fcr die Ausbildung der sogenannten Marionettenfalten. Die Behandlung des DAO tr\u00e4gt ganz wesentlich zu einer harmonischen, ausgeglichenen Mundpartie bei. Meist kombinieren wir [&hellip;]<\/p>\n","protected":false},"author":1,"featured_media":0,"parent":739,"menu_order":0,"comment_status":"closed","ping_status":"closed","template":"","meta":{"footnotes":""},"class_list":["post-969","page","type-page","status-publish","hentry"],"_links":{"self":[{"href":"https:\/\/www.schoenehaut.de\/en\/wp-json\/wp\/v2\/pages\/969","targetHints":{"allow":["GET"]}}],"collection":[{"href":"https:\/\/www.schoenehaut.de\/en\/wp-json\/wp\/v2\/pages"}],"about":[{"href":"https:\/\/www.schoenehaut.de\/en\/wp-json\/wp\/v2\/types\/page"}],"author":[{"embeddable":true,"href":"https:\/\/www.schoenehaut.de\/en\/wp-json\/wp\/v2\/users\/1"}],"replies":[{"embeddable":true,"href":"https:\/\/www.schoenehaut.de\/en\/wp-json\/wp\/v2\/comments?post=969"}],"version-history":[{"count":17,"href":"https:\/\/www.schoenehaut.de\/en\/wp-json\/wp\/v2\/pages\/969\/revisions"}],"predecessor-version":[{"id":5826,"href":"https:\/\/www.schoenehaut.de\/en\/wp-json\/wp\/v2\/pages\/969\/revisions\/5826"}],"up":[{"embeddable":true,"href":"https:\/\/www.schoenehaut.de\/en\/wp-json\/wp\/v2\/pages\/739"}],"wp:attachment":[{"href":"https:\/\/www.schoenehaut.de\/en\/wp-json\/wp\/v2\/media?parent=969"}],"curies":[{"name":"wp","href":"https:\/\/api.w.org\/{rel}","templated":true}]}}