{"id":973,"date":"2026-01-29T15:00:14","date_gmt":"2026-01-29T14:00:14","guid":{"rendered":"https:\/\/www.schoenehaut.de\/?page_id=973"},"modified":"2026-03-24T16:17:58","modified_gmt":"2026-03-24T15:17:58","slug":"erdbeer-pflastersteinkinn","status":"publish","type":"page","link":"https:\/\/www.schoenehaut.de\/en\/aesthetik\/botulinumtoxin-botox\/erdbeer-pflastersteinkinn\/","title":{"rendered":"Erdbeer-; Pflastersteinkinn"},"content":{"rendered":"\n<div style=\"height:213px\" aria-hidden=\"true\" class=\"hide-on-mobile wp-block-spacer\"><\/div>\n\n\n\n<div style=\"height:100px\" aria-hidden=\"true\" class=\"hide-on-desktop wp-block-spacer\"><\/div>\n\n\n\n<div class=\"wp-block-columns is-style-big-gap is-layout-flex wp-container-core-columns-is-layout-28f84493 wp-block-columns-is-layout-flex\">\n<div class=\"wp-block-column is-layout-flow wp-block-column-is-layout-flow\"><div class=\"splide is-style-portrait-contained wp-block-huishu-block-hu-splide-slider\" aria-labelledby=\"\" data-splide=\"{&quot;type&quot;:&quot;fade&quot;,&quot;perPage&quot;:1,&quot;arrows&quot;:false,&quot;autoplay&quot;:false,&quot;speed&quot;:1400,&quot;interval&quot;:4000,&quot;pagination&quot;:false,&quot;rewind&quot;:&quot;true&quot;}\">\n    <div class=\"splide__track\">\n        <ul class=\"splide__list\">\n\n<li class=\"wp-block-huishu-block-splide-slide splide__slide\">\n<figure class=\"wp-block-image size-full is-resized is-style-rounded\"><img loading=\"lazy\" decoding=\"async\" width=\"2000\" height=\"1125\" src=\"https:\/\/www.schoenehaut.de\/wp-content\/uploads\/2026\/03\/istockphoto-1479797395-1024x1024-1.jpg\" alt=\"\" class=\"wp-image-4297\" style=\"aspect-ratio:2\/1;object-fit:cover;width:auto;height:896px\"\/><\/figure>\n<\/li>\n\n<\/ul>    <\/div>\n    <\/div><\/div>\n\n\n\n<div class=\"wp-block-column is-layout-flow wp-block-column-is-layout-flow\">\n<h2 class=\"wp-block-heading\">Erdbeer-\/Pflaster&shy;stein&shy;kinn<\/h2>\n\n\n\n<p>Durch eine starke Kinnmuskulatur bilden sich am Kinn tiefe Einsenkungen und Furchen, die an die Einziehungen einer Erdbeere oder bei noch st\u00e4rkerer Auspr\u00e4gung an ein Relief von Pflastersteinen denken lassen.<\/p>\n\n\n\n<p>Mit wenigen kleinen Botoxinjektionen k\u00f6nnen wir Ihr Kinn gl\u00e4tten und zu einer harmonischen, entspannten Mundpartie beitragen.<\/p>\n\n\n\n<div class=\"wp-block-buttons is-layout-flex wp-block-buttons-is-layout-flex\">\n<div class=\"wp-block-button is-style-fill\"><a class=\"wp-block-button__link wp-element-button\" href=\"https:\/\/www.schoenehaut.de\/kontakt#kontakt\">Jetzt Termin buchen<\/a><\/div>\n<\/div>\n<\/div>\n<\/div>\n\n\n\n<div class=\"wp-block-group alignfull has-white-background-color has-background has-global-padding is-layout-constrained wp-block-group-is-layout-constrained\">\n<div class=\"wp-block-columns is-layout-flex wp-container-core-columns-is-layout-f0342b05 wp-block-columns-is-layout-flex\" style=\"margin-top:0;margin-bottom:0\">\n<div class=\"wp-block-column is-layout-flow wp-block-column-is-layout-flow\" style=\"flex-basis:60%\">\n<div style=\"height:61px\" aria-hidden=\"true\" class=\"wp-block-spacer\"><\/div>\n\n\n\n<figure class=\"hide-on-desktop wp-block-image size-full is-resized is-style-default\" style=\"margin-top:var(--wp--preset--spacing--m);margin-bottom:var(--wp--preset--spacing--default)\"><img loading=\"lazy\" decoding=\"async\" width=\"2000\" height=\"2000\" src=\"https:\/\/www.schoenehaut.de\/wp-content\/uploads\/2026\/03\/Meike_Profilbils_Rund260316.png\" alt=\"\" class=\"wp-image-5625\" style=\"aspect-ratio:1;object-fit:contain;width:auto;height:400px\"\/><\/figure>\n\n\n\n<h2 class=\"wp-block-heading is-style-h2\">H\u00e4ufig gestellte Fragen zu unserer Erdbeer-\/ Pflaster&shy;stein&shy;kinn-Behandlung<\/h2>\n\n\n\n<details class=\"wp-block-huishu-agentur-huishu-faq-block\"><summary><span>Kann ich nach der Erdbeer-\/Pflastersteinkinn-Behandlung mit Botox arbeiten?<\/span><\/summary><div class=\"faq-details is-layout-flow\">\n<p>Ja. Sie sind sofort gesellschaftsf\u00e4hig. Sport, Sauna und Massagen bitte 1\u20132 Tage pausieren.<\/p>\n<\/div><\/details>\n\n\n\n<details class=\"wp-block-huishu-agentur-huishu-faq-block\"><summary><span>Was passiert, wenn ich die Erdbeer-\/Pflastersteinkinn-Behandlung mit Botox absetze?<\/span><\/summary><div class=\"faq-details is-layout-flow\">\n<p>Die Muskulatur kehrt in den Normalzustand zur\u00fcck. Es entstehen keine neuen Falten und keine Verschlechterung.<\/p>\n<\/div><\/details>\n\n\n\n<details class=\"wp-block-huishu-agentur-huishu-faq-block\"><summary><span>Wie l\u00e4uft die Erdbeer-\/Pflastersteinkinn-Behandlung in eurer Praxis ab?<\/span><\/summary><div class=\"faq-details is-layout-flow\">\n<p>Nach der Absprache des gemeinsamen Behandlungsplanes und Desinfektion des Kinns wird Botulinumtoxin (Botox) in einer geringen Menge mit einer sehr d\u00fcnnen Nadel exakt ins Kinn injiziert. Au\u00dfer einem zarten Pieksen ist kaum etwas zu sp\u00fcren. Die Faltenbehandlung\/Injektion selbst dauert nur wenige Minuten und wird von den Fach\u00e4rztinnen pers\u00f6nlich durchgef\u00fchrt.<\/p>\n<\/div><\/details>\n\n\n\n<details class=\"wp-block-huishu-agentur-huishu-faq-block\"><summary><span>Wann sind erste Therapieergebnisse sichtbar und wie lange h\u00e4lt das Ergebnis an?<\/span><\/summary><div class=\"faq-details is-layout-flow\">\n<p>Das endg\u00fcltige und zufriedenstellende Resultat einer Erdbeer-\/Pflastersteinkinn-Behandlung sieht man nach etwa 7\u201314 Tagen. Die Wirkung h\u00e4lt ca. 3\u20136 Monate an.<\/p>\n<\/div><\/details>\n\n\n\n<details class=\"wp-block-huishu-agentur-huishu-faq-block\"><summary><span>Muss ich vor der Botoxinjektion etwas beachten?<\/span><\/summary><div class=\"faq-details is-layout-flow\">\n<p>Besondere Ma\u00dfnahmen m\u00fcssen vor der Botoxinjektion nicht beachtet werden. Wir legen gro\u00dfen Wert auf eine individuelle Beratung, w\u00e4hrend der wir Ihre pers\u00f6nlichen W\u00fcnsche umsetzen und Sie sehr genau \u00fcber das zu erwartende Ergebnis informieren.<\/p>\n<\/div><\/details>\n\n\n\n<div style=\"height:61px\" aria-hidden=\"true\" class=\"wp-block-spacer\"><\/div>\n<\/div>\n\n\n\n<div class=\"hide-on-mobile wp-block-column is-layout-flow wp-block-column-is-layout-flow\" style=\"flex-basis:5%\"><\/div>\n\n\n\n<div class=\"hide-on-mobile wp-block-column is-layout-flow wp-block-column-is-layout-flow\" style=\"flex-basis:35.9%\">\n<figure class=\"wp-block-image size-full is-resized is-style-right-edge\"><img loading=\"lazy\" decoding=\"async\" width=\"2000\" height=\"1334\" src=\"https:\/\/www.schoenehaut.de\/wp-content\/uploads\/2026\/01\/RL01202_6881.jpg\" alt=\"\" class=\"wp-image-906\" style=\"width:auto;height:780px\"\/><\/figure>\n<\/div>\n<\/div>\n<\/div>\n\n\n\n<div class=\"wp-block-columns is-layout-flex wp-container-core-columns-is-layout-28f84493 wp-block-columns-is-layout-flex\">\n<div class=\"wp-block-column is-layout-flow wp-block-column-is-layout-flow\">\n<h2 class=\"wp-block-heading\">Weitere Behandlungen<\/h2>\n\n\n\n<div class=\"wp-block-group has-global-padding is-layout-constrained wp-block-group-is-layout-constrained\"><div class=\"schoenehaut-behandlungs-grid wp-block-schoenehaut-behandlungs-kacheln\"><a href=\"https:\/\/www.schoenehaut.de\/en\/institut\/potenza-radiofrequenz-needling\/\" class=\"behandlungs-tile\" aria-label=\"Potenza\u2122\">\n                <img decoding=\"async\" src=\"https:\/\/www.schoenehaut.de\/wp-content\/uploads\/2026\/03\/istockphoto-1488371906-1024x1024-1.jpg\" alt=\"\" class=\"tile-image\" aria-hidden=\"true\">\n                <span class=\"tile-title\">Potenza\u2122<\/span>\n            <\/a><a href=\"https:\/\/www.schoenehaut.de\/en\/institut\/hydrafacial-syndeo\/\" class=\"behandlungs-tile\" aria-label=\"Hydrafacial\u00ae Syndeo\u2122\">\n                <img decoding=\"async\" src=\"https:\/\/www.schoenehaut.de\/wp-content\/uploads\/2026\/02\/AdobeStock_953124479_Preview.jpeg\" alt=\"\" class=\"tile-image\" aria-hidden=\"true\">\n                <span class=\"tile-title\">Hydrafacial\u00ae Syndeo\u2122<\/span>\n            <\/a><a href=\"https:\/\/www.schoenehaut.de\/en\/institut\/peelings\/\" class=\"behandlungs-tile\" aria-label=\"Peelings\">\n                <img decoding=\"async\" src=\"https:\/\/www.schoenehaut.de\/wp-content\/uploads\/2026\/02\/AdobeStock_988887908_Preview.jpeg\" alt=\"\" class=\"tile-image\" aria-hidden=\"true\">\n                <span class=\"tile-title\">Peelings<\/span>\n            <\/a><\/div><\/div>\n<\/div>\n<\/div>\n","protected":false},"excerpt":{"rendered":"<p>Erdbeer-\/Pflastersteinkinn Durch eine starke Kinnmuskulatur bilden sich am Kinn tiefe Einsenkungen und Furchen, die an die Einziehungen einer Erdbeere oder bei noch st\u00e4rkerer Auspr\u00e4gung an ein Relief von Pflastersteinen denken lassen. Mit wenigen kleinen Botoxinjektionen k\u00f6nnen wir Ihr Kinn gl\u00e4tten und zu einer harmonischen, entspannten Mundpartie beitragen. H\u00e4ufig gestellte Fragen zu unserer Erdbeer-\/ Pflastersteinkinn-Behandlung Weitere [&hellip;]<\/p>\n","protected":false},"author":1,"featured_media":0,"parent":739,"menu_order":0,"comment_status":"closed","ping_status":"closed","template":"","meta":{"footnotes":""},"class_list":["post-973","page","type-page","status-publish","hentry"],"_links":{"self":[{"href":"https:\/\/www.schoenehaut.de\/en\/wp-json\/wp\/v2\/pages\/973","targetHints":{"allow":["GET"]}}],"collection":[{"href":"https:\/\/www.schoenehaut.de\/en\/wp-json\/wp\/v2\/pages"}],"about":[{"href":"https:\/\/www.schoenehaut.de\/en\/wp-json\/wp\/v2\/types\/page"}],"author":[{"embeddable":true,"href":"https:\/\/www.schoenehaut.de\/en\/wp-json\/wp\/v2\/users\/1"}],"replies":[{"embeddable":true,"href":"https:\/\/www.schoenehaut.de\/en\/wp-json\/wp\/v2\/comments?post=973"}],"version-history":[{"count":21,"href":"https:\/\/www.schoenehaut.de\/en\/wp-json\/wp\/v2\/pages\/973\/revisions"}],"predecessor-version":[{"id":5744,"href":"https:\/\/www.schoenehaut.de\/en\/wp-json\/wp\/v2\/pages\/973\/revisions\/5744"}],"up":[{"embeddable":true,"href":"https:\/\/www.schoenehaut.de\/en\/wp-json\/wp\/v2\/pages\/739"}],"wp:attachment":[{"href":"https:\/\/www.schoenehaut.de\/en\/wp-json\/wp\/v2\/media?parent=973"}],"curies":[{"name":"wp","href":"https:\/\/api.w.org\/{rel}","templated":true}]}}