{"id":975,"date":"2026-01-29T15:00:27","date_gmt":"2026-01-29T14:00:27","guid":{"rendered":"https:\/\/www.schoenehaut.de\/?page_id=975"},"modified":"2026-03-24T16:26:35","modified_gmt":"2026-03-24T15:26:35","slug":"nefertiti-lift","status":"publish","type":"page","link":"https:\/\/www.schoenehaut.de\/en\/aesthetik\/botulinumtoxin-botox\/nefertiti-lift\/","title":{"rendered":"Nefertiti Lift"},"content":{"rendered":"\n<div style=\"height:213px\" aria-hidden=\"true\" class=\"hide-on-mobile wp-block-spacer\"><\/div>\n\n\n\n<div style=\"height:100px\" aria-hidden=\"true\" class=\"hide-on-desktop wp-block-spacer\"><\/div>\n\n\n\n<div class=\"wp-block-columns is-style-big-gap is-layout-flex wp-container-core-columns-is-layout-28f84493 wp-block-columns-is-layout-flex\">\n<div class=\"wp-block-column is-layout-flow wp-block-column-is-layout-flow\"><div class=\"splide has-pagination-center is-style-portrait-contained wp-block-huishu-block-hu-splide-slider\" aria-labelledby=\"\" data-splide=\"{&quot;type&quot;:&quot;fade&quot;,&quot;perPage&quot;:1,&quot;arrows&quot;:true,&quot;autoplay&quot;:true,&quot;speed&quot;:1500,&quot;interval&quot;:4000,&quot;pagination&quot;:true,&quot;rewind&quot;:&quot;true&quot;}\">\n    <div class=\"splide__track\">\n        <ul class=\"splide__list\">\n\n<li class=\"wp-block-huishu-block-splide-slide splide__slide\">\n<figure class=\"wp-block-image size-full is-resized is-style-rounded\"><img loading=\"lazy\" decoding=\"async\" width=\"2000\" height=\"1107\" src=\"https:\/\/www.schoenehaut.de\/wp-content\/uploads\/2026\/02\/Bilder-Quer-11.jpg\" alt=\"\" class=\"wp-image-2529\" style=\"aspect-ratio:2\/1;object-fit:cover;width:auto;height:896px\"\/><\/figure>\n<\/li>\n\n\n\n<li class=\"wp-block-huishu-block-splide-slide splide__slide\">\n<figure class=\"wp-block-image size-full is-resized is-style-rounded\"><img loading=\"lazy\" decoding=\"async\" width=\"2000\" height=\"1121\" src=\"https:\/\/www.schoenehaut.de\/wp-content\/uploads\/2026\/02\/AdobeStock_1620291611_Preview.jpeg\" alt=\"\" class=\"wp-image-2459\" style=\"aspect-ratio:2\/1;object-fit:cover;width:auto;height:896px\"\/><\/figure>\n<\/li>\n\n<\/ul>    <\/div>\n            <div class=\"splide__arrows \"><button class=\"splide__arrow splide__arrow--prev\">\n\t\t\t<i class=\"icon-chevron-left-slider\" aria-label=\"Zum vorherigen Slide\"><\/i>\n\t\t<\/button>\n\t\t<button class=\"splide__arrow splide__arrow--next\">\n\t\t\t<i class=\"icon-chevron-right-slider\" aria-label=\"Zum n\u00e4chsten Slide\"><\/i>\n\t\t<\/button><\/div>\n        <\/div><\/div>\n\n\n\n<div class=\"wp-block-column is-layout-flow wp-block-column-is-layout-flow\">\n<h2 class=\"wp-block-heading\">Nefertiti-Lift<\/h2>\n\n\n\n<p>Der Name Nefertiti-Lift leitet sich von dem Aussehen der alt\u00e4gyptischen K\u00f6nigin Nofretete ab. Nofretete galt als Sinnbild einer klaren, eleganten Kieferlinie, eines langen, straffen Halses und insgesamt eines \u00e4sthetisch besonders ansprechenden unteren Gesichtsdrittels.<\/p>\n\n\n\n<p>Durch die minimalinvasive Behandlung mit Botulinum entspannen wir den Platysma-Muskel im Halsbereich, wodurch der Zug nach unten auf die Kieferlinie und die Mundwinkel verringert und die Jawline optisch angehoben wird.<\/p>\n\n\n\n<p>Das Resultat ist ein sanfter Lifting-Effekt ohne OP, der an die ikonische Hals-Kinn-Silhouette Nofretetes erinnern soll.<\/p>\n\n\n\n<div class=\"wp-block-buttons is-layout-flex wp-block-buttons-is-layout-flex\">\n<div class=\"wp-block-button is-style-fill\"><a class=\"wp-block-button__link wp-element-button\" href=\"https:\/\/www.schoenehaut.de\/kontakt#kontakt\">Jetzt Termin buchen<\/a><\/div>\n<\/div>\n<\/div>\n<\/div>\n\n\n\n<div class=\"wp-block-group alignfull has-white-background-color has-background has-global-padding is-layout-constrained wp-block-group-is-layout-constrained\">\n<div class=\"wp-block-columns is-layout-flex wp-container-core-columns-is-layout-f0342b05 wp-block-columns-is-layout-flex\" style=\"margin-top:0;margin-bottom:0\">\n<div class=\"wp-block-column is-layout-flow wp-block-column-is-layout-flow\" style=\"flex-basis:60%\">\n<div style=\"height:61px\" aria-hidden=\"true\" class=\"wp-block-spacer\"><\/div>\n\n\n\n<figure class=\"hide-on-desktop wp-block-image size-full is-resized is-style-default\" style=\"margin-top:var(--wp--preset--spacing--m);margin-bottom:var(--wp--preset--spacing--default)\"><img loading=\"lazy\" decoding=\"async\" width=\"2000\" height=\"2000\" src=\"https:\/\/www.schoenehaut.de\/wp-content\/uploads\/2026\/03\/Meike_Profilbils_Rund260316.png\" alt=\"\" class=\"wp-image-5625\" style=\"aspect-ratio:1;object-fit:contain;width:auto;height:400px\"\/><\/figure>\n\n\n\n<h2 class=\"wp-block-heading is-style-h2\">H\u00e4ufig gestellte Fragen zu unserem Nefertiti-Lift<\/h2>\n\n\n\n<details class=\"wp-block-huishu-agentur-huishu-faq-block\"><summary><span>Kann ich nach dem Nefertiti-Lift meiner gewohnten T\u00e4tigkeit nachgehen?<\/span><\/summary><div class=\"faq-details is-layout-flow\">\n<p>Nach der Botoxbehandlung k\u00f6nnen Sie den normalen Aktivit\u00e4ten sofort wieder nachgehen und sind gesellschaftsf\u00e4hig. Am Tag der Behandlung sollte darauf geachtet werden, den Kopf nicht nach unten zu richten, um das Entstehen von kleinen Bluterg\u00fcssen zu vermeiden. Bei Bedarf k\u00f6nnen die behandelten Areale zu Hause nochmals gek\u00fchlt werden. Bis zu 2 Tage nach der Behandlung sollten keine Saunag\u00e4nge oder sportliche Aktivit\u00e4ten geplant werden. Der Verzicht auf Alkohol und Nikotin ist ratsam.<br>Gerne k\u00f6nnen die behandelten Areale nach der Behandlung aktiviert werden (Stirnrunzeln, b\u00f6se gucken). Das f\u00f6rdert die Verteilung von Botulinumtoxin im Gewebe und somit das Ansprechen der Therapie.<\/p>\n<\/div><\/details>\n\n\n\n<details class=\"wp-block-huishu-agentur-huishu-faq-block\"><summary><span>Wie oft kann ich den Nefertiti-Lift wiederholen?<\/span><\/summary><div class=\"faq-details is-layout-flow\">\n<p>Die Wirkung von Botulinumtoxin ist zeitlich begrenzt, der Wirkstoff wird abgebaut, sodass sich der zuvor ruhig gestellte Muskel dann erneut kontrahieren kann. Mit wiederholten Injektionen wird der Muskel schw\u00e4cher, sodass die Abst\u00e4nde der Botoxinjektionen meist l\u00e4nger werden. Botoxbehandlungen k\u00f6nnen beliebig oft wiederholt werden.<\/p>\n<\/div><\/details>\n\n\n\n<details class=\"wp-block-huishu-agentur-huishu-faq-block\"><summary><span>K\u00f6nnen Nebenwirkungen beim Nefertiti-Lift auftreten?<\/span><\/summary><div class=\"faq-details is-layout-flow\">\n<p>Nebenwirkungen treten sehr selten auf. An den Einstichstellen kann es vor\u00fcbergehend zu kleinen Bluterg\u00fcssen oder minimalen R\u00f6tungen kommen. In seltenen F\u00e4llen k\u00f6nnen 24 Stunden nach der Injektion Kopfschmerzen auftreten. Besonderen Wert legen wir beim Einsatz von Botulinumtoxin auf einen nat\u00fcrlichen Gesichtsausdruck. Eine mimische Starre halten wir nicht f\u00fcr w\u00fcnschenswert.<\/p>\n<\/div><\/details>\n\n\n\n<details class=\"wp-block-huishu-agentur-huishu-faq-block\"><summary><span>Wann darf ein Nefertiti-Lift mit Botulinumtoxin nicht durchgef\u00fchrt werden?<\/span><\/summary><div class=\"faq-details is-layout-flow\">\n<p>Kontraindikationen:<br>Eine Behandlung mit Botulinumtoxin-A (Botox) darf nicht durchgef\u00fchrt werden, wenn:<\/p>\n\n\n\n<ul class=\"wp-block-list\">\n<li>eine bekannte \u00dcberempfindlichkeit gegen Botulinumtoxin oder einen der sonstigen Bestandteile besteht<\/li>\n\n\n\n<li>eine generalisierte St\u00f6rung der Muskelaktivit\u00e4t vorliegt (z. B. Myasthenia gravis)<\/li>\n\n\n\n<li>akute Infektionen oder Entz\u00fcndungen im Bereich der geplanten Injektionsstelle bestehen (z. B. Herpes)<\/li>\n\n\n\n<li>eine Schwangerschaft oder Stillzeit vorliegt<\/li>\n<\/ul>\n\n\n\n<p>Ob eine Behandlung sinnvoll und sicher ist, wird im pers\u00f6nlichen Beratungsgespr\u00e4ch individuell gekl\u00e4rt.<\/p>\n<\/div><\/details>\n\n\n\n<div style=\"height:61px\" aria-hidden=\"true\" class=\"wp-block-spacer\"><\/div>\n<\/div>\n\n\n\n<div class=\"hide-on-mobile wp-block-column is-layout-flow wp-block-column-is-layout-flow\" style=\"flex-basis:5%\"><\/div>\n\n\n\n<div class=\"hide-on-mobile wp-block-column is-layout-flow wp-block-column-is-layout-flow\" style=\"flex-basis:35.9%\">\n<figure class=\"wp-block-image size-full is-resized is-style-right-edge\"><img loading=\"lazy\" decoding=\"async\" width=\"2000\" height=\"1334\" src=\"https:\/\/www.schoenehaut.de\/wp-content\/uploads\/2026\/01\/RL01202_6881.jpg\" alt=\"\" class=\"wp-image-906\" style=\"width:auto;height:650px\"\/><\/figure>\n<\/div>\n<\/div>\n<\/div>\n\n\n\n<div class=\"wp-block-columns is-layout-flex wp-container-core-columns-is-layout-28f84493 wp-block-columns-is-layout-flex\">\n<div class=\"wp-block-column is-layout-flow wp-block-column-is-layout-flow\">\n<h2 class=\"wp-block-heading\">Weitere Behandlungen<\/h2>\n\n\n\n<div class=\"wp-block-group has-global-padding is-layout-constrained wp-block-group-is-layout-constrained\"><div class=\"schoenehaut-behandlungs-grid wp-block-schoenehaut-behandlungs-kacheln\"><a href=\"https:\/\/www.schoenehaut.de\/en\/aesthetik\/fadenlifting\/\" class=\"behandlungs-tile\" aria-label=\"Fadenlifting\">\n                <img decoding=\"async\" src=\"https:\/\/www.schoenehaut.de\/wp-content\/uploads\/2026\/02\/AdobeStock_807796786_Preview.jpeg\" alt=\"\" class=\"tile-image\" aria-hidden=\"true\">\n                <span class=\"tile-title\">Fadenlifting<\/span>\n            <\/a><a href=\"https:\/\/www.schoenehaut.de\/en\/aesthetik\/biostimulation-mesotherapie\/profhilo-structura\/\" class=\"behandlungs-tile\" aria-label=\"Profhilo\u00ae Structura\">\n                <img decoding=\"async\" src=\"https:\/\/www.schoenehaut.de\/wp-content\/uploads\/2026\/02\/istockphoto-1442498617-2048x2048-1.jpg\" alt=\"\" class=\"tile-image\" aria-hidden=\"true\">\n                <span class=\"tile-title\">Profhilo\u00ae Structura<\/span>\n            <\/a><a href=\"https:\/\/www.schoenehaut.de\/en\/aesthetik\/hyaluron\/wangen-liquid-lifting\/\" class=\"behandlungs-tile\" aria-label=\"Wangen, Liquid-Lifitng\">\n                <img decoding=\"async\" src=\"https:\/\/www.schoenehaut.de\/wp-content\/uploads\/2026\/02\/AdobeStock_1164752370_Preview.jpeg\" alt=\"\" class=\"tile-image\" aria-hidden=\"true\">\n                <span class=\"tile-title\">Wangen, Liquid-Lifitng<\/span>\n            <\/a><\/div><\/div>\n<\/div>\n<\/div>\n","protected":false},"excerpt":{"rendered":"<p>Nefertiti-Lift Der Name Nefertiti-Lift leitet sich von dem Aussehen der alt\u00e4gyptischen K\u00f6nigin Nofretete ab. Nofretete galt als Sinnbild einer klaren, eleganten Kieferlinie, eines langen, straffen Halses und insgesamt eines \u00e4sthetisch besonders ansprechenden unteren Gesichtsdrittels. Durch die minimalinvasive Behandlung mit Botulinum entspannen wir den Platysma-Muskel im Halsbereich, wodurch der Zug nach unten auf die Kieferlinie und [&hellip;]<\/p>\n","protected":false},"author":1,"featured_media":0,"parent":739,"menu_order":0,"comment_status":"closed","ping_status":"closed","template":"","meta":{"footnotes":""},"class_list":["post-975","page","type-page","status-publish","hentry"],"_links":{"self":[{"href":"https:\/\/www.schoenehaut.de\/en\/wp-json\/wp\/v2\/pages\/975","targetHints":{"allow":["GET"]}}],"collection":[{"href":"https:\/\/www.schoenehaut.de\/en\/wp-json\/wp\/v2\/pages"}],"about":[{"href":"https:\/\/www.schoenehaut.de\/en\/wp-json\/wp\/v2\/types\/page"}],"author":[{"embeddable":true,"href":"https:\/\/www.schoenehaut.de\/en\/wp-json\/wp\/v2\/users\/1"}],"replies":[{"embeddable":true,"href":"https:\/\/www.schoenehaut.de\/en\/wp-json\/wp\/v2\/comments?post=975"}],"version-history":[{"count":16,"href":"https:\/\/www.schoenehaut.de\/en\/wp-json\/wp\/v2\/pages\/975\/revisions"}],"predecessor-version":[{"id":5790,"href":"https:\/\/www.schoenehaut.de\/en\/wp-json\/wp\/v2\/pages\/975\/revisions\/5790"}],"up":[{"embeddable":true,"href":"https:\/\/www.schoenehaut.de\/en\/wp-json\/wp\/v2\/pages\/739"}],"wp:attachment":[{"href":"https:\/\/www.schoenehaut.de\/en\/wp-json\/wp\/v2\/media?parent=975"}],"curies":[{"name":"wp","href":"https:\/\/api.w.org\/{rel}","templated":true}]}}