{"id":981,"date":"2026-01-29T15:01:02","date_gmt":"2026-01-29T14:01:02","guid":{"rendered":"https:\/\/www.schoenehaut.de\/?page_id=981"},"modified":"2026-03-24T16:11:00","modified_gmt":"2026-03-24T15:11:00","slug":"babybotox","status":"publish","type":"page","link":"https:\/\/www.schoenehaut.de\/en\/aesthetik\/botulinumtoxin-botox\/babybotox\/","title":{"rendered":"Babybotox"},"content":{"rendered":"\n<div style=\"height:213px\" aria-hidden=\"true\" class=\"hide-on-mobile wp-block-spacer\"><\/div>\n\n\n\n<div style=\"height:100px\" aria-hidden=\"true\" class=\"hide-on-desktop wp-block-spacer\"><\/div>\n\n\n\n<div class=\"wp-block-columns is-style-big-gap is-layout-flex wp-container-core-columns-is-layout-28f84493 wp-block-columns-is-layout-flex\">\n<div class=\"wp-block-column is-layout-flow wp-block-column-is-layout-flow\"><div class=\"splide has-pagination-center is-style-portrait-contained wp-block-huishu-block-hu-splide-slider\" aria-labelledby=\"\" data-splide=\"{&quot;type&quot;:&quot;fade&quot;,&quot;perPage&quot;:1,&quot;arrows&quot;:true,&quot;autoplay&quot;:true,&quot;speed&quot;:1500,&quot;interval&quot;:4000,&quot;pagination&quot;:true,&quot;rewind&quot;:&quot;true&quot;}\">\n    <div class=\"splide__track\">\n        <ul class=\"splide__list\">\n\n<li class=\"wp-block-huishu-block-splide-slide splide__slide\">\n<figure class=\"wp-block-image size-full is-resized is-style-rounded\"><img loading=\"lazy\" decoding=\"async\" width=\"2000\" height=\"796\" src=\"https:\/\/www.schoenehaut.de\/wp-content\/uploads\/2026\/02\/AdobeStock_953124479_Preview.jpeg\" alt=\"\" class=\"wp-image-2438\" style=\"aspect-ratio:2\/1;object-fit:cover;width:auto;height:896px\"\/><\/figure>\n<\/li>\n\n\n\n<li class=\"wp-block-huishu-block-splide-slide splide__slide\">\n<figure class=\"wp-block-image size-full is-resized is-style-rounded\"><img loading=\"lazy\" decoding=\"async\" width=\"2000\" height=\"1107\" src=\"https:\/\/www.schoenehaut.de\/wp-content\/uploads\/2026\/02\/Bilder-Quer-11.jpg\" alt=\"\" class=\"wp-image-2529\" style=\"aspect-ratio:2\/1;object-fit:cover;width:auto;height:896px\"\/><\/figure>\n<\/li>\n\n<\/ul>    <\/div>\n            <div class=\"splide__arrows \"><button class=\"splide__arrow splide__arrow--prev\">\n\t\t\t<i class=\"icon-chevron-left-slider\" aria-label=\"Zum vorherigen Slide\"><\/i>\n\t\t<\/button>\n\t\t<button class=\"splide__arrow splide__arrow--next\">\n\t\t\t<i class=\"icon-chevron-right-slider\" aria-label=\"Zum n\u00e4chsten Slide\"><\/i>\n\t\t<\/button><\/div>\n        <\/div><\/div>\n\n\n\n<div class=\"wp-block-column is-layout-flow wp-block-column-is-layout-flow\">\n<h2 class=\"wp-block-heading\">Babybotox<\/h2>\n\n\n\n<p>Niedrig dosiertes Botulinum (sogenanntes Babybotox) entspannt die oberen Hautfasern, ohne die muskul\u00e4re Aktivit\u00e4t zu mindern. Hierdurch entstehen sehr nat\u00fcrliche Ergebnisse bei kompletter Mimik und gleichzeitig entspannte, glatte Haut.<\/p>\n\n\n\n<p>Die Behandlung eignet sich insbesondere f\u00fcr diejenigen, die noch keine Behandlung haben durchf\u00fchren lassen, oder in jungen Jahren bereits pr\u00e4ventiv bleibenden Gesichtsfalten vorbeugen wollen.<\/p>\n\n\n\n<div class=\"wp-block-buttons is-layout-flex wp-block-buttons-is-layout-flex\">\n<div class=\"wp-block-button is-style-fill\"><a class=\"wp-block-button__link wp-element-button\" href=\"https:\/\/www.schoenehaut.de\/kontakt#kontakt\">Jetzt Termin buchen<\/a><\/div>\n<\/div>\n<\/div>\n<\/div>\n\n\n\n<div class=\"wp-block-group alignfull has-white-background-color has-background has-global-padding is-layout-constrained wp-block-group-is-layout-constrained\">\n<div class=\"wp-block-columns is-layout-flex wp-container-core-columns-is-layout-f0342b05 wp-block-columns-is-layout-flex\" style=\"margin-top:0;margin-bottom:0\">\n<div class=\"wp-block-column is-layout-flow wp-block-column-is-layout-flow\" style=\"flex-basis:60%\">\n<div style=\"height:61px\" aria-hidden=\"true\" class=\"wp-block-spacer\"><\/div>\n\n\n\n<figure class=\"hide-on-desktop wp-block-image size-full is-resized is-style-default\" style=\"margin-top:var(--wp--preset--spacing--m);margin-bottom:var(--wp--preset--spacing--default)\"><img loading=\"lazy\" decoding=\"async\" width=\"2000\" height=\"2000\" src=\"https:\/\/www.schoenehaut.de\/wp-content\/uploads\/2026\/03\/Meike_Profilbils_Rund260316.png\" alt=\"\" class=\"wp-image-5625\" style=\"aspect-ratio:1;object-fit:contain;width:auto;height:400px\"\/><\/figure>\n\n\n\n<h2 class=\"wp-block-heading is-style-h2\">H\u00e4ufig gestellte Fragen zu unserer Babybotox-Behandlung<\/h2>\n\n\n\n<details class=\"wp-block-huishu-agentur-huishu-faq-block\"><summary><span>Kann ich nach der Babybotox-Behandlung arbeiten?<\/span><\/summary><div class=\"faq-details is-layout-flow\">\n<p>Ja. Sie sind sofort gesellschaftsf\u00e4hig. Sport, Sauna und Massagen bitte 1\u20132 Tage pausieren.<\/p>\n<\/div><\/details>\n\n\n\n<details class=\"wp-block-huishu-agentur-huishu-faq-block\"><summary><span>Was passiert, wenn ich Babybotox absetze?<\/span><\/summary><div class=\"faq-details is-layout-flow\">\n<p>Die Muskulatur kehrt in den Normalzustand zur\u00fcck. Es entstehen keine neuen Falten und keine Verschlechterung.<\/p>\n<\/div><\/details>\n\n\n\n<details class=\"wp-block-huishu-agentur-huishu-faq-block\"><summary><span>Wie l\u00e4uft die Babybotox-Behandlung in eurer Praxis ab?<\/span><\/summary><div class=\"faq-details is-layout-flow\">\n<p>Nach der Absprache des gemeinsamen Behandlungsplanes und Desinfektion des zu behandelnden Gebietes wird Botulinumtoxin (Botox) in einer geringen Menge mit einer sehr d\u00fcnnen Nadel exakt in die gew\u00fcnschten Stellen injiziert. Au\u00dfer einem zarten Pieksen ist kaum etwas zu sp\u00fcren. Die Faltenbehandlung\/Injektion selbst dauert nur wenige Minuten und wird von den Fach\u00e4rztinnen pers\u00f6nlich durchgef\u00fchrt.<\/p>\n<\/div><\/details>\n\n\n\n<details class=\"wp-block-huishu-agentur-huishu-faq-block\"><summary><span>Wann sind erste Therapieergebnisse sichtbar und wie lange h\u00e4lt das Ergebnis an?<\/span><\/summary><div class=\"faq-details is-layout-flow\">\n<p>Das endg\u00fcltige und zufriedenstellende Resultat einer Faltenbehandlung sieht man nach etwa 7\u201314 Tagen. Die Wirkung h\u00e4lt ca. 3\u20136 Monate an.<\/p>\n<\/div><\/details>\n\n\n\n<details class=\"wp-block-huishu-agentur-huishu-faq-block\"><summary><span>Muss ich vor der Babybotox-Injektion etwas beachten?<\/span><\/summary><div class=\"faq-details is-layout-flow\">\n<p>Besondere Ma\u00dfnahmen m\u00fcssen vor der Botoxinjektion nicht beachtet werden. Wir legen gro\u00dfen Wert auf eine individuelle Beratung, w\u00e4hrend der wir Ihre pers\u00f6nlichen W\u00fcnsche umsetzen und Sie sehr genau \u00fcber das zu erwartende Ergebnis informieren.<\/p>\n<\/div><\/details>\n\n\n\n<div style=\"height:61px\" aria-hidden=\"true\" class=\"wp-block-spacer\"><\/div>\n<\/div>\n\n\n\n<div class=\"hide-on-mobile wp-block-column is-layout-flow wp-block-column-is-layout-flow\" style=\"flex-basis:5%\"><\/div>\n\n\n\n<div class=\"hide-on-mobile wp-block-column is-layout-flow wp-block-column-is-layout-flow\" style=\"flex-basis:35.9%\">\n<figure class=\"wp-block-image size-full is-resized is-style-right-edge\"><img loading=\"lazy\" decoding=\"async\" width=\"2000\" height=\"1334\" src=\"https:\/\/www.schoenehaut.de\/wp-content\/uploads\/2026\/01\/RL01202_6881.jpg\" alt=\"\" class=\"wp-image-906\" style=\"width:auto;height:800px\"\/><\/figure>\n<\/div>\n<\/div>\n<\/div>\n\n\n\n<div class=\"wp-block-columns is-layout-flex wp-container-core-columns-is-layout-28f84493 wp-block-columns-is-layout-flex\">\n<div class=\"wp-block-column is-layout-flow wp-block-column-is-layout-flow\">\n<h2 class=\"wp-block-heading\">Weitere Behandlungen<\/h2>\n\n\n\n<div class=\"wp-block-group has-global-padding is-layout-constrained wp-block-group-is-layout-constrained\"><div class=\"schoenehaut-behandlungs-grid wp-block-schoenehaut-behandlungs-kacheln\"><a href=\"https:\/\/www.schoenehaut.de\/en\/aesthetik\/biostimulation-mesotherapie\/polynukleotide-pdrn-salmon-sperm-lift\/\" class=\"behandlungs-tile\" aria-label=\"Biostimulatoren\">\n                <img decoding=\"async\" src=\"https:\/\/www.schoenehaut.de\/wp-content\/uploads\/2026\/02\/AdobeStock_1628764124_Preview.jpeg\" alt=\"\" class=\"tile-image\" aria-hidden=\"true\">\n                <span class=\"tile-title\">Biostimulatoren<\/span>\n            <\/a><a href=\"https:\/\/www.schoenehaut.de\/en\/institut\/peelings\/\" class=\"behandlungs-tile\" aria-label=\"Peelings\">\n                <img decoding=\"async\" src=\"https:\/\/www.schoenehaut.de\/wp-content\/uploads\/2026\/02\/AdobeStock_953124479_Preview.jpeg\" alt=\"\" class=\"tile-image\" aria-hidden=\"true\">\n                <span class=\"tile-title\">Peelings<\/span>\n            <\/a><a href=\"https:\/\/www.schoenehaut.de\/en\/institut\/aquagold\/\" class=\"behandlungs-tile\" aria-label=\"Aquagold\u00ae\">\n                <img decoding=\"async\" src=\"https:\/\/www.schoenehaut.de\/wp-content\/uploads\/2026\/02\/AdobeStock_399488316_Preview.jpeg\" alt=\"\" class=\"tile-image\" aria-hidden=\"true\">\n                <span class=\"tile-title\">Aquagold\u00ae<\/span>\n            <\/a><\/div><\/div>\n<\/div>\n<\/div>\n","protected":false},"excerpt":{"rendered":"<p>Babybotox Niedrig dosiertes Botulinum (sogenanntes Babybotox) entspannt die oberen Hautfasern, ohne die muskul\u00e4re Aktivit\u00e4t zu mindern. Hierdurch entstehen sehr nat\u00fcrliche Ergebnisse bei kompletter Mimik und gleichzeitig entspannte, glatte Haut. Die Behandlung eignet sich insbesondere f\u00fcr diejenigen, die noch keine Behandlung haben durchf\u00fchren lassen, oder in jungen Jahren bereits pr\u00e4ventiv bleibenden Gesichtsfalten vorbeugen wollen. H\u00e4ufig gestellte [&hellip;]<\/p>\n","protected":false},"author":1,"featured_media":0,"parent":739,"menu_order":0,"comment_status":"closed","ping_status":"closed","template":"","meta":{"footnotes":""},"class_list":["post-981","page","type-page","status-publish","hentry"],"_links":{"self":[{"href":"https:\/\/www.schoenehaut.de\/en\/wp-json\/wp\/v2\/pages\/981","targetHints":{"allow":["GET"]}}],"collection":[{"href":"https:\/\/www.schoenehaut.de\/en\/wp-json\/wp\/v2\/pages"}],"about":[{"href":"https:\/\/www.schoenehaut.de\/en\/wp-json\/wp\/v2\/types\/page"}],"author":[{"embeddable":true,"href":"https:\/\/www.schoenehaut.de\/en\/wp-json\/wp\/v2\/users\/1"}],"replies":[{"embeddable":true,"href":"https:\/\/www.schoenehaut.de\/en\/wp-json\/wp\/v2\/comments?post=981"}],"version-history":[{"count":17,"href":"https:\/\/www.schoenehaut.de\/en\/wp-json\/wp\/v2\/pages\/981\/revisions"}],"predecessor-version":[{"id":5777,"href":"https:\/\/www.schoenehaut.de\/en\/wp-json\/wp\/v2\/pages\/981\/revisions\/5777"}],"up":[{"embeddable":true,"href":"https:\/\/www.schoenehaut.de\/en\/wp-json\/wp\/v2\/pages\/739"}],"wp:attachment":[{"href":"https:\/\/www.schoenehaut.de\/en\/wp-json\/wp\/v2\/media?parent=981"}],"curies":[{"name":"wp","href":"https:\/\/api.w.org\/{rel}","templated":true}]}}