{"id":989,"date":"2026-01-29T15:01:49","date_gmt":"2026-01-29T14:01:49","guid":{"rendered":"https:\/\/www.schoenehaut.de\/?page_id=989"},"modified":"2026-03-24T16:30:26","modified_gmt":"2026-03-24T15:30:26","slug":"zahnfleischlaecheln-gummy-smile","status":"publish","type":"page","link":"https:\/\/www.schoenehaut.de\/en\/aesthetik\/botulinumtoxin-botox\/zahnfleischlaecheln-gummy-smile\/","title":{"rendered":"Zahnfleischl\u00e4cheln, Gummy-Smile"},"content":{"rendered":"\n<div style=\"height:213px\" aria-hidden=\"true\" class=\"hide-on-mobile wp-block-spacer\"><\/div>\n\n\n\n<div style=\"height:100px\" aria-hidden=\"true\" class=\"hide-on-desktop wp-block-spacer\"><\/div>\n\n\n\n<div class=\"wp-block-columns is-style-big-gap is-layout-flex wp-container-core-columns-is-layout-28f84493 wp-block-columns-is-layout-flex\">\n<div class=\"wp-block-column is-layout-flow wp-block-column-is-layout-flow\"><div class=\"splide has-pagination-center is-style-portrait-contained wp-block-huishu-block-hu-splide-slider\" aria-labelledby=\"\" data-splide=\"{&quot;type&quot;:&quot;fade&quot;,&quot;perPage&quot;:1,&quot;arrows&quot;:true,&quot;autoplay&quot;:true,&quot;speed&quot;:1500,&quot;interval&quot;:4000,&quot;pagination&quot;:true,&quot;rewind&quot;:&quot;true&quot;}\">\n    <div class=\"splide__track\">\n        <ul class=\"splide__list\">\n\n<li class=\"wp-block-huishu-block-splide-slide splide__slide\">\n<figure class=\"wp-block-image size-full is-resized is-style-rounded\"><img loading=\"lazy\" decoding=\"async\" width=\"2000\" height=\"1333\" src=\"https:\/\/www.schoenehaut.de\/wp-content\/uploads\/2026\/02\/istockphoto-1187799860-2048x2048-1.jpg\" alt=\"\" class=\"wp-image-3821\" style=\"aspect-ratio:2\/1;object-fit:cover;width:auto;height:896px\"\/><\/figure>\n<\/li>\n\n\n\n<li class=\"wp-block-huishu-block-splide-slide splide__slide\">\n<figure class=\"wp-block-image size-full is-resized is-style-rounded\"><img loading=\"lazy\" decoding=\"async\" width=\"2000\" height=\"1333\" src=\"https:\/\/www.schoenehaut.de\/wp-content\/uploads\/2026\/02\/istockphoto-185312668-2048x2048-1.jpg\" alt=\"\" class=\"wp-image-3820\" style=\"aspect-ratio:2\/1;object-fit:cover;width:auto;height:896px\"\/><\/figure>\n<\/li>\n\n<\/ul>    <\/div>\n            <div class=\"splide__arrows \"><button class=\"splide__arrow splide__arrow--prev\">\n\t\t\t<i class=\"icon-chevron-left-slider\" aria-label=\"Zum vorherigen Slide\"><\/i>\n\t\t<\/button>\n\t\t<button class=\"splide__arrow splide__arrow--next\">\n\t\t\t<i class=\"icon-chevron-right-slider\" aria-label=\"Zum n\u00e4chsten Slide\"><\/i>\n\t\t<\/button><\/div>\n        <\/div><\/div>\n\n\n\n<div class=\"wp-block-column is-layout-flow wp-block-column-is-layout-flow\">\n<h2 class=\"wp-block-heading\">Zahn&shy;fleisch&shy;l\u00e4cheln (Gummy Smile)<\/h2>\n\n\n\n<p>Wenn beim Lachen deutlich das Zahnfleisch unter der Oberlippe herausschaut, spricht man von einem Zahnfleischl\u00e4cheln (engl. gummy smile).<\/p>\n\n\n\n<p>Statt einer aufwendigen operativen Korrektur kann es sehr leicht mit wenigen gezielten Botulinuminjektionen behandelt werden.<\/p>\n\n\n\n<p>Die Behandlung des Gummy Smiles ist eine effektive und sichere Methode, um ein harmonischeres und \u00e4sthetisch ansprechenderes L\u00e4cheln zu erzielen.<\/p>\n\n\n\n<div class=\"wp-block-buttons is-layout-flex wp-block-buttons-is-layout-flex\">\n<div class=\"wp-block-button is-style-fill\"><a class=\"wp-block-button__link wp-element-button\" href=\"https:\/\/www.schoenehaut.de\/kontakt#kontakt\">Jetzt Termin buchen<\/a><\/div>\n<\/div>\n<\/div>\n<\/div>\n\n\n\n<div class=\"wp-block-group alignfull has-white-background-color has-background has-global-padding is-layout-constrained wp-block-group-is-layout-constrained\">\n<div class=\"wp-block-columns is-layout-flex wp-container-core-columns-is-layout-f0342b05 wp-block-columns-is-layout-flex\" style=\"margin-top:0;margin-bottom:0\">\n<div class=\"wp-block-column is-layout-flow wp-block-column-is-layout-flow\" style=\"flex-basis:60%\">\n<div style=\"height:61px\" aria-hidden=\"true\" class=\"wp-block-spacer\"><\/div>\n\n\n\n<h2 class=\"wp-block-heading is-style-h2\">H\u00e4ufig gestellte Fragen<\/h2>\n\n\n\n<details class=\"wp-block-huishu-agentur-huishu-faq-block\"><summary><span>Wie lange h\u00e4lt Botox bei einer Zahnfleischl\u00e4cheln-Behandlung?<\/span><\/summary><div class=\"faq-details is-layout-flow\">\n<p>Die Wirkung h\u00e4lt in der Regel 3\u20136 Monate. Stoffwechsel, Muskelaktivit\u00e4t und Dosierung beeinflussen die Haltbarkeit.<\/p>\n<\/div><\/details>\n\n\n\n<details class=\"wp-block-huishu-agentur-huishu-faq-block\"><summary><span>Ist die Behandlung von Zahnfleischl\u00e4cheln mit Botox sicher?<\/span><\/summary><div class=\"faq-details is-layout-flow\">\n<p>Ja \u2013 bei fach\u00e4rztlicher Anwendung. Bei SCH\u00d6NE HAUT in Berlin wird Botox ausschlie\u00dflich von Fach\u00e4rztinnen injiziert, Dr. med. Meike Schr\u00f6der verf\u00fcgt \u00fcber eine mehr als 20-j\u00e4hrige Erfahrung und war eine der ersten Anwenderinnen in Deutschland.<\/p>\n<\/div><\/details>\n\n\n\n<details class=\"wp-block-huishu-agentur-huishu-faq-block\"><summary><span>Wie schnell wirkt Botox gegen ein Zahnfleischl\u00e4cheln?<\/span><\/summary><div class=\"faq-details is-layout-flow\">\n<p>Erste Effekte zeigen sich nach 3\u20135 Tagen, das vollst\u00e4ndige Ergebnis nach 10\u201314 Tagen.<\/p>\n<\/div><\/details>\n\n\n\n<details class=\"wp-block-huishu-agentur-huishu-faq-block\"><summary><span>Was kostet die Zahnfleischl\u00e4cheln-Behandlung mit Botox in eurer Praxis?<\/span><\/summary><div class=\"faq-details is-layout-flow\">\n<p>Die Preise starten ab 99 \u20ac und richten sich nach Materialverbrauch.<\/p>\n<\/div><\/details>\n\n\n\n<details class=\"wp-block-huishu-agentur-huishu-faq-block\"><summary><span>Sieht man nach einer Zahnfleischl\u00e4cheln-Behandlung mit Botox unnat\u00fcrlich aus?<\/span><\/summary><div class=\"faq-details is-layout-flow\">\n<p>Nein. Ein nat\u00fcrliches Ergebnis entsteht durch pr\u00e4zise Dosierung und anatomisches Know-how. Schlauchbootlippen und starre Stirne sind kein Botox-Problem, sondern ein Qualifikationsproblem.<\/p>\n<\/div><\/details>\n\n\n\n<div style=\"height:61px\" aria-hidden=\"true\" class=\"wp-block-spacer\"><\/div>\n<\/div>\n\n\n\n<div class=\"hide-on-mobile wp-block-column is-layout-flow wp-block-column-is-layout-flow\" style=\"flex-basis:5%\"><\/div>\n\n\n\n<div class=\"hide-on-mobile wp-block-column is-layout-flow wp-block-column-is-layout-flow\" style=\"flex-basis:35.9%\">\n<figure class=\"wp-block-image size-full is-resized is-style-right-edge\"><img loading=\"lazy\" decoding=\"async\" width=\"2000\" height=\"1333\" src=\"https:\/\/www.schoenehaut.de\/wp-content\/uploads\/2026\/02\/istockphoto-1217354323-2048x2048-1.jpg\" alt=\"\" class=\"wp-image-3822\" style=\"width:auto;height:800px\"\/><\/figure>\n<\/div>\n<\/div>\n<\/div>\n\n\n\n<div class=\"wp-block-columns is-layout-flex wp-container-core-columns-is-layout-28f84493 wp-block-columns-is-layout-flex\">\n<div class=\"wp-block-column is-layout-flow wp-block-column-is-layout-flow\">\n<h2 class=\"wp-block-heading\">Weitere Behandlungen<\/h2>\n\n\n\n<div class=\"wp-block-group has-global-padding is-layout-constrained wp-block-group-is-layout-constrained\"><div class=\"schoenehaut-behandlungs-grid wp-block-schoenehaut-behandlungs-kacheln\"><a href=\"https:\/\/www.schoenehaut.de\/en\/aesthetik\/botulinumtoxin-botox\/mundwinkel-anheben-dao\/\" class=\"behandlungs-tile\" aria-label=\"DAO (Mundwinkel anheben)\">\n                <img decoding=\"async\" src=\"https:\/\/www.schoenehaut.de\/wp-content\/uploads\/2026\/02\/AdobeStock_759132004_Preview.jpeg\" alt=\"\" class=\"tile-image\" aria-hidden=\"true\">\n                <span class=\"tile-title\">DAO (Mundwinkel anheben)<\/span>\n            <\/a><a href=\"https:\/\/www.schoenehaut.de\/en\/aesthetik\/fadenlifting\/\" class=\"behandlungs-tile\" aria-label=\"Fadenlifting\">\n                <img decoding=\"async\" src=\"https:\/\/www.schoenehaut.de\/wp-content\/uploads\/2026\/02\/AdobeStock_1448106743_Preview.jpeg\" alt=\"\" class=\"tile-image\" aria-hidden=\"true\">\n                <span class=\"tile-title\">Fadenlifting<\/span>\n            <\/a><a href=\"https:\/\/www.schoenehaut.de\/en\/institut\/hydrafacial-syndeo\/\" class=\"behandlungs-tile\" aria-label=\"Hydrafacial\u00ae Perk\u2122\">\n                <img decoding=\"async\" src=\"https:\/\/www.schoenehaut.de\/wp-content\/uploads\/2026\/02\/AdobeStock_953124479_Preview.jpeg\" alt=\"\" class=\"tile-image\" aria-hidden=\"true\">\n                <span class=\"tile-title\">Hydrafacial\u00ae Perk\u2122<\/span>\n            <\/a><\/div><\/div>\n<\/div>\n<\/div>\n","protected":false},"excerpt":{"rendered":"<p>Zahnfleischl\u00e4cheln (Gummy Smile) Wenn beim Lachen deutlich das Zahnfleisch unter der Oberlippe herausschaut, spricht man von einem Zahnfleischl\u00e4cheln (engl. gummy smile). Statt einer aufwendigen operativen Korrektur kann es sehr leicht mit wenigen gezielten Botulinuminjektionen behandelt werden. Die Behandlung des Gummy Smiles ist eine effektive und sichere Methode, um ein harmonischeres und \u00e4sthetisch ansprechenderes L\u00e4cheln zu [&hellip;]<\/p>\n","protected":false},"author":1,"featured_media":0,"parent":739,"menu_order":0,"comment_status":"closed","ping_status":"closed","template":"","meta":{"footnotes":""},"class_list":["post-989","page","type-page","status-publish","hentry"],"_links":{"self":[{"href":"https:\/\/www.schoenehaut.de\/en\/wp-json\/wp\/v2\/pages\/989","targetHints":{"allow":["GET"]}}],"collection":[{"href":"https:\/\/www.schoenehaut.de\/en\/wp-json\/wp\/v2\/pages"}],"about":[{"href":"https:\/\/www.schoenehaut.de\/en\/wp-json\/wp\/v2\/types\/page"}],"author":[{"embeddable":true,"href":"https:\/\/www.schoenehaut.de\/en\/wp-json\/wp\/v2\/users\/1"}],"replies":[{"embeddable":true,"href":"https:\/\/www.schoenehaut.de\/en\/wp-json\/wp\/v2\/comments?post=989"}],"version-history":[{"count":15,"href":"https:\/\/www.schoenehaut.de\/en\/wp-json\/wp\/v2\/pages\/989\/revisions"}],"predecessor-version":[{"id":5604,"href":"https:\/\/www.schoenehaut.de\/en\/wp-json\/wp\/v2\/pages\/989\/revisions\/5604"}],"up":[{"embeddable":true,"href":"https:\/\/www.schoenehaut.de\/en\/wp-json\/wp\/v2\/pages\/739"}],"wp:attachment":[{"href":"https:\/\/www.schoenehaut.de\/en\/wp-json\/wp\/v2\/media?parent=989"}],"curies":[{"name":"wp","href":"https:\/\/api.w.org\/{rel}","templated":true}]}}