{"id":999,"date":"2026-01-29T15:05:46","date_gmt":"2026-01-29T14:05:46","guid":{"rendered":"https:\/\/www.schoenehaut.de\/?page_id=999"},"modified":"2026-03-24T15:42:03","modified_gmt":"2026-03-24T14:42:03","slug":"plisseefalten","status":"publish","type":"page","link":"https:\/\/www.schoenehaut.de\/en\/aesthetik\/hyaluron\/plisseefalten\/","title":{"rendered":"Plisseefalten"},"content":{"rendered":"\n<div style=\"height:213px\" aria-hidden=\"true\" class=\"hide-on-mobile wp-block-spacer\"><\/div>\n\n\n\n<div style=\"height:100px\" aria-hidden=\"true\" class=\"hide-on-desktop wp-block-spacer\"><\/div>\n\n\n\n<div class=\"wp-block-columns is-style-big-gap is-layout-flex wp-container-core-columns-is-layout-28f84493 wp-block-columns-is-layout-flex\">\n<div class=\"wp-block-column is-layout-flow wp-block-column-is-layout-flow\"><div class=\"splide has-pagination-center is-style-portrait-contained wp-block-huishu-block-hu-splide-slider\" aria-labelledby=\"\" data-splide=\"{&quot;type&quot;:&quot;fade&quot;,&quot;perPage&quot;:1,&quot;arrows&quot;:true,&quot;autoplay&quot;:true,&quot;speed&quot;:1500,&quot;interval&quot;:4000,&quot;pagination&quot;:true,&quot;rewind&quot;:&quot;true&quot;}\">\n    <div class=\"splide__track\">\n        <ul class=\"splide__list\">\n\n<li class=\"wp-block-huishu-block-splide-slide splide__slide\">\n<figure class=\"wp-block-image size-full is-resized is-style-rounded\"><img loading=\"lazy\" decoding=\"async\" width=\"2000\" height=\"1449\" src=\"https:\/\/www.schoenehaut.de\/wp-content\/uploads\/2026\/03\/istockphoto-1291770890-1024x1024-1.jpg\" alt=\"\" class=\"wp-image-4291\" style=\"aspect-ratio:2\/1;object-fit:cover;width:auto;height:896px\"\/><\/figure>\n<\/li>\n\n\n\n<li class=\"wp-block-huishu-block-splide-slide splide__slide\">\n<figure class=\"wp-block-image size-full is-resized is-style-rounded\"><img loading=\"lazy\" decoding=\"async\" width=\"2000\" height=\"1430\" src=\"https:\/\/www.schoenehaut.de\/wp-content\/uploads\/2026\/03\/istockphoto-1291770891-1024x1024-1.jpg\" alt=\"\" class=\"wp-image-4292\" style=\"aspect-ratio:2\/1;object-fit:cover;width:auto;height:896px\"\/><\/figure>\n<\/li>\n\n<\/ul>    <\/div>\n            <div class=\"splide__arrows \"><button class=\"splide__arrow splide__arrow--prev\">\n\t\t\t<i class=\"icon-chevron-left-slider\" aria-label=\"Zum vorherigen Slide\"><\/i>\n\t\t<\/button>\n\t\t<button class=\"splide__arrow splide__arrow--next\">\n\t\t\t<i class=\"icon-chevron-right-slider\" aria-label=\"Zum n\u00e4chsten Slide\"><\/i>\n\t\t<\/button><\/div>\n        <\/div><\/div>\n\n\n\n<div class=\"wp-block-column is-layout-flow wp-block-column-is-layout-flow\">\n<h1 class=\"wp-block-heading is-style-h4 has-large-font-size\">Oberlippenfalten-Behandlung: <\/h1>\n\n\n\n<h2 class=\"wp-block-heading\" style=\"margin-top:var(--wp--preset--spacing--subtitle)\">Ihre Hyaluron-Unterspritzung<\/h2>\n\n\n\n<p>Feine F\u00e4ltchen um den Mund herum werden oft als sehr st\u00f6rend empfunden, weil neben der Augenpartie der Mund sehr viel Aufmerksamkeit auf sich zieht. Zu einer harmonischen Mundpartie geh\u00f6ren nicht nur sinnliche Lippen, sondern auch eine frisch wirkende Haut um den Mund herum.<\/p>\n\n\n\n<p>Wir behandeln diesen Bereich gerne mit einer weichen <a href=\"https:\/\/www.schoenehaut.de\/aesthetik\/hyaluron\/\" data-type=\"page\" data-id=\"737\">Hyalurons\u00e4ure.<\/a> Es gibt dar\u00fcber hinaus aber auch die M\u00f6glichkeit, Skinbooster, Biostimulatoren, F\u00e4den oder <a href=\"https:\/\/www.schoenehaut.de\/institut\/potenza-radiofrequenz-needling\/\" data-type=\"page\" data-id=\"1018\">Potenza\u2122<\/a> (Mikroneedling mit Radiofrequenz) einzusetzen. Auch mit dem fraktionierten CO2-Laser kann man die Lippenf\u00e4ltchen sehr sch\u00f6n gl\u00e4tten.<\/p>\n\n\n\n<div class=\"wp-block-buttons is-layout-flex wp-block-buttons-is-layout-flex\">\n<div class=\"wp-block-button is-style-fill\"><a class=\"wp-block-button__link wp-element-button\" href=\"https:\/\/www.schoenehaut.de\/kontakt#kontakt\">Jetzt Termin buchen<\/a><\/div>\n<\/div>\n\n\n\n<div style=\"height:20px\" aria-hidden=\"true\" class=\"wp-block-spacer\"><\/div>\n\n\n\n<h2 class=\"wp-block-heading is-style-h3\">Alles auf einen Blick<\/h2>\n\n\n\n<figure class=\"wp-block-flexible-table-block-table is-style-align-middle\"><table class=\"has-fixed-layout is-stacked-on-mobile\"><tbody><tr><th scope=\"row\"><img loading=\"lazy\" decoding=\"async\" width=\"35\" height=\"35\" class=\"wp-image-4407\" style=\"width: 35px;\" src=\"https:\/\/www.schoenehaut.de\/wp-content\/uploads\/2026\/03\/Behandlungsdauer-Sanduhr.svg\" alt=\"\"> Behandlungsdauer:<\/th><td>ca. 15\u201330 Minuten<\/td><\/tr><tr><th scope=\"row\"><img loading=\"lazy\" decoding=\"async\" width=\"35\" height=\"35\" class=\"wp-image-2745\" style=\"width: 35px;\" src=\"https:\/\/www.schoenehaut.de\/wp-content\/uploads\/2026\/02\/Schmerzen.svg\" alt=\"\"> Schmerzen:<\/th><td>leicht\u2013m\u00e4\u00dfig<\/td><\/tr><tr><th scope=\"row\"><img loading=\"lazy\" decoding=\"async\" width=\"35\" height=\"35\" class=\"wp-image-2741\" style=\"width: 35px;\" src=\"https:\/\/www.schoenehaut.de\/wp-content\/uploads\/2026\/02\/Betraeubung.svg\" alt=\"\"> Bet\u00e4ubung:<\/th><td>oberfl\u00e4chliche Bet\u00e4ubung nach Wunsch<\/td><\/tr><tr><th scope=\"row\"><img loading=\"lazy\" decoding=\"async\" width=\"35\" height=\"35\" class=\"wp-image-2743\" style=\"width: 35px;\" src=\"https:\/\/www.schoenehaut.de\/wp-content\/uploads\/2026\/02\/Gesellschaftsfaehigkeit.svg\" alt=\"\"> Gesellschaftsf\u00e4higkeit:<\/th><td>bedingt; blaue Flecken sind m\u00f6glich<\/td><\/tr><tr><th scope=\"row\"><img loading=\"lazy\" decoding=\"async\" width=\"35\" height=\"35\" class=\"wp-image-2742\" style=\"width: 35px;\" src=\"https:\/\/www.schoenehaut.de\/wp-content\/uploads\/2026\/02\/Einschraenkungen.svg\" alt=\"\"> Einschr\u00e4nkungen:<\/th><td>1\u20132 Tage kein Sport und keine Sauna<\/td><\/tr><tr><th scope=\"row\"><img loading=\"lazy\" decoding=\"async\" width=\"35\" height=\"35\" class=\"wp-image-2747\" style=\"width: 35px;\" src=\"https:\/\/www.schoenehaut.de\/wp-content\/uploads\/2026\/02\/Wirkungseintritt.svg\" alt=\"\"> Wirkungseintritt:<\/th><td>sofort<\/td><\/tr><tr><th scope=\"row\"><img loading=\"lazy\" decoding=\"async\" width=\"35\" height=\"35\" class=\"wp-image-2746\" style=\"width: 35px;\" src=\"https:\/\/www.schoenehaut.de\/wp-content\/uploads\/2026\/02\/Wirkungsdauer.svg\" alt=\"\"> Wirkungsdauer:<\/th><td>6\u201318 Monate<\/td><\/tr><tr><th scope=\"row\"><img loading=\"lazy\" decoding=\"async\" width=\"35\" height=\"35\" class=\"wp-image-2744\" style=\"width: 35px;\" src=\"https:\/\/www.schoenehaut.de\/wp-content\/uploads\/2026\/02\/Kosten.svg\" alt=\"\"> Kosten:<\/th><td>werden individuell nach Materialverbrauch berechnet<\/td><\/tr><\/tbody><\/table><\/figure>\n<\/div>\n<\/div>\n\n\n\n<div class=\"wp-block-group alignfull has-white-background-color has-background has-global-padding is-layout-constrained wp-block-group-is-layout-constrained\">\n<div class=\"wp-block-columns is-layout-flex wp-container-core-columns-is-layout-f0342b05 wp-block-columns-is-layout-flex\" style=\"margin-top:0;margin-bottom:0\">\n<div class=\"wp-block-column is-layout-flow wp-block-column-is-layout-flow\" style=\"flex-basis:60%\">\n<div style=\"height:61px\" aria-hidden=\"true\" class=\"hide-on-mobile wp-block-spacer\"><\/div>\n\n\n\n<figure class=\"hide-on-desktop wp-block-image size-full is-resized is-style-default\" style=\"margin-bottom:0\"><img loading=\"lazy\" decoding=\"async\" width=\"2000\" height=\"2000\" src=\"https:\/\/www.schoenehaut.de\/wp-content\/uploads\/2026\/03\/Meike_Profilbils_Rund260316.png\" alt=\"\" class=\"wp-image-5625\" style=\"aspect-ratio:1;object-fit:contain;width:auto;height:400px\"\/><\/figure>\n\n\n\n<h2 class=\"wp-block-heading is-style-h2\">h\u00c4UFige Fragen<\/h2>\n\n\n\n<details class=\"wp-block-huishu-agentur-huishu-faq-block\"><summary><span>Was kann ich vorbeugend vor der Oberlippenfalten-Behandlung tun (Pre-Care)?<\/span><\/summary><div class=\"faq-details is-layout-flow\">\n<p>Vor und nach der Behandlung kann Arnika D12 eingenommen werden. Eine Woche vor der Behandlung sollte m\u00f6glichst auf blutverd\u00fcnnende Medikamente (z. B. ASS) und 12 Stunden vor der Behandlung auf Alkohol verzichtet werden.<\/p>\n<\/div><\/details>\n\n\n\n<details class=\"wp-block-huishu-agentur-huishu-faq-block\"><summary><span>Was kann ich nach der Oberlippenfalten-Behandlung tun (Post-Care)?<\/span><\/summary><div class=\"faq-details is-layout-flow\">\n<p>Es sollte f\u00fcr eine Woche auf Sauna, extreme K\u00e4lte, UV-Strahlung sowie kosmetische Massagen verzichtet und die Injektionsstellen m\u00f6glichst wenig mit den Fingern ber\u00fchrt werden. Auch schwere k\u00f6rperliche Arbeiten, Kopf\u00fcber-Bewegungen und Sport sollten in den ersten beiden Tagen vermieden werden. Es sollte ausreichend Wasser getrunken werden.<\/p>\n<\/div><\/details>\n\n\n\n<div style=\"height:61px\" aria-hidden=\"true\" class=\"wp-block-spacer\"><\/div>\n<\/div>\n\n\n\n<div class=\"hide-on-mobile wp-block-column is-layout-flow wp-block-column-is-layout-flow\" style=\"flex-basis:5%\"><\/div>\n\n\n\n<div class=\"hide-on-mobile wp-block-column is-layout-flow wp-block-column-is-layout-flow\" style=\"flex-basis:35.9%\">\n<figure class=\"wp-block-image size-full is-resized is-style-right-edge\"><img loading=\"lazy\" decoding=\"async\" width=\"2000\" height=\"1334\" src=\"https:\/\/www.schoenehaut.de\/wp-content\/uploads\/2026\/01\/RL01202_6881.jpg\" alt=\"\" class=\"wp-image-906\" style=\"width:auto;height:500px\"\/><\/figure>\n<\/div>\n<\/div>\n<\/div>\n\n\n\n<div class=\"wp-block-columns is-layout-flex wp-container-core-columns-is-layout-28f84493 wp-block-columns-is-layout-flex\">\n<div class=\"wp-block-column is-layout-flow wp-block-column-is-layout-flow\">\n<h2 class=\"wp-block-heading\">Weitere Behandlungen<\/h2>\n\n\n\n<div class=\"wp-block-group has-global-padding is-layout-constrained wp-block-group-is-layout-constrained\"><div class=\"schoenehaut-behandlungs-grid wp-block-schoenehaut-behandlungs-kacheln\"><a href=\"https:\/\/www.schoenehaut.de\/en\/aesthetik\/botulinumtoxin-botox\/lip-flip\/\" class=\"behandlungs-tile\" aria-label=\"Lip-Flip\">\n                <img decoding=\"async\" src=\"https:\/\/www.schoenehaut.de\/wp-content\/uploads\/2026\/02\/AdobeStock_1875573440_Preview.jpeg\" alt=\"\" class=\"tile-image\" aria-hidden=\"true\">\n                <span class=\"tile-title\">Lip-Flip<\/span>\n            <\/a><a href=\"https:\/\/www.schoenehaut.de\/en\/institut\/potenza-radiofrequenz-needling\/\" class=\"behandlungs-tile\" aria-label=\"Potenza\u2122\">\n                <img decoding=\"async\" src=\"https:\/\/www.schoenehaut.de\/wp-content\/uploads\/2026\/03\/istockphoto-1488371906-1024x1024-1.jpg\" alt=\"\" class=\"tile-image\" aria-hidden=\"true\">\n                <span class=\"tile-title\">Potenza\u2122<\/span>\n            <\/a><a href=\"https:\/\/www.schoenehaut.de\/en\/institut\/hydrafacial-syndeo\/\" class=\"behandlungs-tile\" aria-label=\"Hydrafacial\u00ae Perk\u2122\">\n                <img decoding=\"async\" src=\"https:\/\/www.schoenehaut.de\/wp-content\/uploads\/2026\/02\/AdobeStock_953124479_Preview.jpeg\" alt=\"\" class=\"tile-image\" aria-hidden=\"true\">\n                <span class=\"tile-title\">Hydrafacial\u00ae Perk\u2122<\/span>\n            <\/a><\/div><\/div>\n<\/div>\n<\/div>\n","protected":false},"excerpt":{"rendered":"<p>Oberlippenfalten-Behandlung: Ihre Hyaluron-Unterspritzung Feine F\u00e4ltchen um den Mund herum werden oft als sehr st\u00f6rend empfunden, weil neben der Augenpartie der Mund sehr viel Aufmerksamkeit auf sich zieht. Zu einer harmonischen Mundpartie geh\u00f6ren nicht nur sinnliche Lippen, sondern auch eine frisch wirkende Haut um den Mund herum. Wir behandeln diesen Bereich gerne mit einer weichen Hyalurons\u00e4ure. [&hellip;]<\/p>\n","protected":false},"author":1,"featured_media":0,"parent":737,"menu_order":0,"comment_status":"closed","ping_status":"closed","template":"","meta":{"footnotes":""},"class_list":["post-999","page","type-page","status-publish","hentry"],"_links":{"self":[{"href":"https:\/\/www.schoenehaut.de\/en\/wp-json\/wp\/v2\/pages\/999","targetHints":{"allow":["GET"]}}],"collection":[{"href":"https:\/\/www.schoenehaut.de\/en\/wp-json\/wp\/v2\/pages"}],"about":[{"href":"https:\/\/www.schoenehaut.de\/en\/wp-json\/wp\/v2\/types\/page"}],"author":[{"embeddable":true,"href":"https:\/\/www.schoenehaut.de\/en\/wp-json\/wp\/v2\/users\/1"}],"replies":[{"embeddable":true,"href":"https:\/\/www.schoenehaut.de\/en\/wp-json\/wp\/v2\/comments?post=999"}],"version-history":[{"count":26,"href":"https:\/\/www.schoenehaut.de\/en\/wp-json\/wp\/v2\/pages\/999\/revisions"}],"predecessor-version":[{"id":5638,"href":"https:\/\/www.schoenehaut.de\/en\/wp-json\/wp\/v2\/pages\/999\/revisions\/5638"}],"up":[{"embeddable":true,"href":"https:\/\/www.schoenehaut.de\/en\/wp-json\/wp\/v2\/pages\/737"}],"wp:attachment":[{"href":"https:\/\/www.schoenehaut.de\/en\/wp-json\/wp\/v2\/media?parent=999"}],"curies":[{"name":"wp","href":"https:\/\/api.w.org\/{rel}","templated":true}]}}